{"id":29807,"date":"2019-11-06T15:44:35","date_gmt":"2019-11-06T14:44:35","guid":{"rendered":"https:\/\/dev.invicta.wp19.axome.cc\/product-registration\/"},"modified":"2024-12-05T08:56:42","modified_gmt":"2024-12-05T07:56:42","slug":"product-registration","status":"publish","type":"page","link":"https:\/\/dev.invicta.wp19.axome.cc\/en\/product-registration\/","title":{"rendered":"Product registration"},"content":{"rendered":"<p><strong>Congratulations on the purchase of your new Invicta product!<\/strong><br \/>\nRegister your product online to benefit from the guarantee and a better follow-up of the life of your product.<br \/>\nRemember to keep your purchase invoice or your receipt as well as the technical documentation of the device.\t\t<\/p>\n<form method='post' enctype='multipart\/form-data' target='gform_ajax_frame_17' id='gform_17'  action='\/wp-admin\/admin-ajax.php#gf_17'>\n<ul id='gform_fields_17' class='gform_fields top_label form_sublabel_below description_below'>\n<li id='field_17_1'  class='gfield field_sublabel_below field_description_below gfield_visibility_visible' ><label class='gfield_label' for='input_17_1' >Your device<\/label><input name='input_1' id='input_17_1' type='text' value='' class='medium'    placeholder='Ex : Arenga LP9'  aria-invalid=\"false\" \/><\/li>\n<li id='field_17_2'  class='gfield gfield_contains_required field_sublabel_below field_description_below gfield_visibility_visible' ><label class='gfield_label' for='input_17_2' >Serial number*<\/label><input name='input_2' id='input_17_2' type='text' value='' class='medium'     aria-required=\"true\" aria-invalid=\"false\" \/><\/li>\n<li id='field_17_23'  class='gfield gfield_contains_required field_sublabel_below field_description_below gfield_visibility_visible' ><label class='gfield_label' for='input_17_23' >Date of purchase*<\/label><input name='input_23' id='input_17_23' type='text' value='' class='medium'    placeholder='Ex : 06\/01\/2020' aria-required=\"true\" aria-invalid=\"false\" \/><\/li>\n<li id='field_17_3'  class='gfield field_sublabel_below field_description_below gfield_visibility_visible' ><label class='gfield_label' for='input_17_3' >Date of installation<\/label><input name='input_3' id='input_17_3' type='text' value='' class='medium'    placeholder='Ex : 06\/01\/2020'  aria-invalid=\"false\" \/><\/li>\n<li id='field_17_5'  class='gfield gfield_contains_required field_sublabel_below field_description_below gfield_visibility_visible' ><label class='gfield_label' for='input_17_5' >Your product was or will be installed by:*<\/label><select name='input_5' id='input_17_5' class='medium gfield_select'   aria-required=\"true\" aria-invalid=\"false\"><option value='prestataire_magasin' >one of the store&#039;s service providers<\/option><option value='prestataire_choisi_par_le_demandeur' >a service provider selected by yourself<\/option><option value='le_demandeur' >yourself<\/option><\/select><\/li>\n<li id='field_17_6'  class='gfield gfield_contains_required field_sublabel_below field_description_below gfield_visibility_visible' ><label class='gfield_label' for='input_17_6' >Your product was or will be configured &amp; activated by:*<\/label><select name='input_6' id='input_17_6' class='medium gfield_select'   aria-required=\"true\" aria-invalid=\"false\"><option value='prestataire_du_magasin' >one of the store&#039;s service providers<\/option><option value='prestataire_du_demandeur' >a service provider selected by yourself<\/option><option value='demandeur' >yourself<\/option><\/select><\/li>\n<li id='field_17_7'  class='gfield gfield_contains_required field_sublabel_below field_description_below gfield_visibility_visible' ><label class='gfield_label' for='input_17_7' >Did a professional explain to you how the unit works? :*<\/label><select name='input_7' id='input_17_7' class='medium gfield_select'   aria-required=\"true\" aria-invalid=\"false\"><option value='oui' >Yes<\/option><option value='non' >No<\/option><\/select><\/li>\n<li id='field_17_9'  class='gfield gsection field_sublabel_below field_description_below gfield_visibility_visible' >\n<h2 class='gsection_title'>Your personal information<\/h2>\n<\/li>\n<li id='field_17_10'  class='gfield gfield_contains_required field_sublabel_below field_description_below gfield_visibility_visible' ><label class='gfield_label' for='input_17_10' >Last name*<\/label><input name='input_10' id='input_17_10' type='text' value='' class='medium'     aria-required=\"true\" aria-invalid=\"false\" \/><\/li>\n<li id='field_17_11'  class='gfield gfield_contains_required field_sublabel_below field_description_below gfield_visibility_visible' ><label class='gfield_label' for='input_17_11' >First name*<\/label><input name='input_11' id='input_17_11' type='text' value='' class='medium'     aria-required=\"true\" aria-invalid=\"false\" \/><\/li>\n<li id='field_17_22'  class='gfield gfield_contains_required field_sublabel_below field_description_below gfield_visibility_visible' ><label class='gfield_label' for='input_17_22' >E-mail*<\/label><br \/>\n                            <input name='input_22' id='input_17_22' type='text' value='' class='medium'    aria-required=\"true\" aria-invalid=\"false\" \/>\n                        <\/li>\n<li id='field_17_12'  class='gfield gfield_contains_required field_sublabel_below field_description_below gfield_visibility_visible' ><label class='gfield_label' for='input_17_12' >Mailing address*<\/label><input name='input_12' id='input_17_12' type='text' value='' class='medium'     aria-required=\"true\" aria-invalid=\"false\" \/><\/li>\n<li id='field_17_13'  class='gfield gfield_contains_required field_sublabel_below field_description_below gfield_visibility_visible' ><label class='gfield_label' for='input_17_13' >Zip code*<\/label><input name='input_13' id='input_17_13' type='text' value='' class='medium'     aria-required=\"true\" aria-invalid=\"false\" \/><\/li>\n<li id='field_17_15'  class='gfield gfield_contains_required field_sublabel_below field_description_below gfield_visibility_visible' ><label class='gfield_label' for='input_17_15' >City*<\/label><input name='input_15' id='input_17_15' type='text' value='' class='medium'     aria-required=\"true\" aria-invalid=\"false\" \/><\/li>\n<li id='field_17_16'  class='gfield gfield_contains_required field_sublabel_below field_description_below gfield_visibility_visible' ><label class='gfield_label' for='input_17_16' >Telephone number*<\/label><input name='input_16' id='input_17_16' type='text' value='' class='medium'     aria-required=\"true\" aria-invalid=\"false\" \/><\/li>\n<li id='field_17_18'  class='gfield gsection field_sublabel_below field_description_below gfield_visibility_visible' >\n<h2 class='gsection_title'>Your reseller<\/h2>\n<\/li>\n<li id='field_17_17'  class='gfield gfield_contains_required field_sublabel_below field_description_below gfield_visibility_visible' ><label class='gfield_label' for='input_17_17' >Name of your reseller*<\/label><input name='input_17' id='input_17_17' type='text' value='' class='medium'     aria-required=\"true\" aria-invalid=\"false\" \/><\/li>\n<li id='field_17_19'  class='gfield gfield_contains_required field_sublabel_below field_description_below gfield_visibility_visible' ><label class='gfield_label' for='input_17_19' >Zip code*<\/label><input name='input_19' id='input_17_19' type='text' value='' class='medium'     aria-required=\"true\" aria-invalid=\"false\" \/><\/li>\n<li id='field_17_20'  class='gfield gfield_contains_required field_sublabel_below field_description_below gfield_visibility_visible' ><label class='gfield_label' for='input_17_20' >Reseller telephone number*<\/label><input name='input_20' id='input_17_20' type='text' value='' class='medium'     aria-required=\"true\" aria-invalid=\"false\" \/><\/li>\n<\/ul>\n<p>         <input type='submit' id='gform_submit_button_17' class='gform_button button' value='Send'  onclick='if(window[\"gf_submitting_17\"]){return false;}  window[\"gf_submitting_17\"]=true;  ' onkeypress='if( event.keyCode == 13 ){ if(window[\"gf_submitting_17\"]){return false;} window[\"gf_submitting_17\"]=true;  jQuery(\"#gform_17\").trigger(\"submit\",[true]); }' \/> <input type='hidden' name='gform_ajax' value='form_id=17&amp;title=&amp;description=yes&amp;tabindex=0' \/><br \/>\n            <input type='hidden' class='gform_hidden' name='is_submit_17' value='1' \/><br \/>\n            <input type='hidden' class='gform_hidden' name='gform_submit' value='17' \/><br \/>\n            <input type='hidden' class='gform_hidden' name='gform_unique_id' value='' \/><br \/>\n            <input type='hidden' class='gform_hidden' name='state_17' value='WyJbXSIsImIyMDIxMTc2ZjJiZGNkMmJmN2M5MTQ5OGFiMTg0OWNlIl0=' \/><br \/>\n            <input type='hidden' class='gform_hidden' name='gform_target_page_number_17' id='gform_target_page_number_17' value='0' \/><br \/>\n            <input type='hidden' class='gform_hidden' name='gform_source_page_number_17' id='gform_source_page_number_17' value='1' \/><br \/>\n            <input type='hidden' name='gform_field_values' value='' \/><br \/>\n                        <\/form>\n<p>                <iframe style='display:none;width:0px;height:0px;' src='about:blank' name='gform_ajax_frame_17' id='gform_ajax_frame_17'>Cette iframe contient la logique n\u00e9cessaire pour manipuler Gravity Forms avec Ajax.<\/iframe><\/p>\n","protected":false},"excerpt":{"rendered":"<p>Congratulations on the purchase of your new Invicta product! Register your product online to benefit from the guarantee and a better follow-up of the life of your product. Remember to keep your purchase invoice or your receipt as well as the technical documentation of the device. Your device Serial number* Date of purchase* Date of [&hellip;]<\/p>\n","protected":false},"author":130,"featured_media":0,"parent":0,"menu_order":0,"comment_status":"closed","ping_status":"closed","template":"template-services.php","meta":{"_acf_changed":false,"footnotes":""},"class_list":{"1":"page"},"acf":[],"yoast_head":"<!-- This site is optimized with the Yoast SEO plugin v24.7 - https:\/\/yoast.com\/wordpress\/plugins\/seo\/ -->\n<title>Product registration - Invicta<\/title>\n<meta name=\"description\" content=\"Congratulations on the purchase of your new Invicta product! Register your product online to benefit from the guarantee and a better follow-up of the life\" \/>\n<meta name=\"robots\" content=\"index, follow, max-snippet:-1, max-image-preview:large, max-video-preview:-1\" \/>\n<link rel=\"canonical\" href=\"https:\/\/dev.invicta.wp19.axome.cc\/en\/product-registration\/\" \/>\n<meta property=\"og:locale\" content=\"en_US\" \/>\n<meta property=\"og:type\" content=\"article\" \/>\n<meta property=\"og:title\" content=\"Product registration - Invicta\" \/>\n<meta property=\"og:description\" content=\"Congratulations on the purchase of your new Invicta product! Register your product online to benefit from the guarantee and a better follow-up of the life\" \/>\n<meta property=\"og:url\" content=\"https:\/\/dev.invicta.wp19.axome.cc\/en\/product-registration\/\" \/>\n<meta property=\"og:site_name\" content=\"Invicta\" \/>\n<meta property=\"article:modified_time\" content=\"2024-12-05T07:56:42+00:00\" \/>\n<meta name=\"twitter:card\" content=\"summary_large_image\" \/>\n<meta name=\"twitter:label1\" content=\"Est. reading time\" \/>\n\t<meta name=\"twitter:data1\" content=\"1 minute\" \/>\n<script type=\"application\/ld+json\" class=\"yoast-schema-graph\">{\"@context\":\"https:\/\/schema.org\",\"@graph\":[{\"@type\":\"WebPage\",\"@id\":\"https:\/\/dev.invicta.wp19.axome.cc\/en\/product-registration\/\",\"url\":\"https:\/\/dev.invicta.wp19.axome.cc\/en\/product-registration\/\",\"name\":\"Product registration - Invicta\",\"isPartOf\":{\"@id\":\"https:\/\/dev.invicta.wp19.axome.cc\/en\/#website\"},\"datePublished\":\"2019-11-06T14:44:35+00:00\",\"dateModified\":\"2024-12-05T07:56:42+00:00\",\"description\":\"Congratulations on the purchase of your new Invicta product! Register your product online to benefit from the guarantee and a better follow-up of the life\",\"breadcrumb\":{\"@id\":\"https:\/\/dev.invicta.wp19.axome.cc\/en\/product-registration\/#breadcrumb\"},\"inLanguage\":\"en-US\",\"potentialAction\":[{\"@type\":\"ReadAction\",\"target\":[\"https:\/\/dev.invicta.wp19.axome.cc\/en\/product-registration\/\"]}]},{\"@type\":\"BreadcrumbList\",\"@id\":\"https:\/\/dev.invicta.wp19.axome.cc\/en\/product-registration\/#breadcrumb\",\"itemListElement\":[{\"@type\":\"ListItem\",\"position\":1,\"name\":\"Home\",\"item\":\"https:\/\/dev.invicta.wp19.axome.cc\/en\/\"},{\"@type\":\"ListItem\",\"position\":2,\"name\":\"Product registration\"}]},{\"@type\":\"WebSite\",\"@id\":\"https:\/\/dev.invicta.wp19.axome.cc\/en\/#website\",\"url\":\"https:\/\/dev.invicta.wp19.axome.cc\/en\/\",\"name\":\"Invicta\",\"description\":\"Fabricant fran\u00e7ais, sp\u00e9cialiste europ\u00e9en du chauffage au bois : po\u00eales \u00e0 bois et \u00e0 granul\u00e9s, chemin\u00e9es, foyers et inserts\",\"publisher\":{\"@id\":\"https:\/\/dev.invicta.wp19.axome.cc\/en\/#organization\"},\"potentialAction\":[{\"@type\":\"SearchAction\",\"target\":{\"@type\":\"EntryPoint\",\"urlTemplate\":\"https:\/\/dev.invicta.wp19.axome.cc\/en\/?s={search_term_string}\"},\"query-input\":{\"@type\":\"PropertyValueSpecification\",\"valueRequired\":true,\"valueName\":\"search_term_string\"}}],\"inLanguage\":\"en-US\"},{\"@type\":\"Organization\",\"@id\":\"https:\/\/dev.invicta.wp19.axome.cc\/en\/#organization\",\"name\":\"Invicta\",\"url\":\"https:\/\/dev.invicta.wp19.axome.cc\/en\/\",\"logo\":{\"@type\":\"ImageObject\",\"inLanguage\":\"en-US\",\"@id\":\"https:\/\/dev.invicta.wp19.axome.cc\/en\/#\/schema\/logo\/image\/\",\"url\":\"https:\/\/www.invicta.fr\/wp-content\/uploads\/2019\/06\/INVICTALOGO_RVB.png\",\"contentUrl\":\"https:\/\/www.invicta.fr\/wp-content\/uploads\/2019\/06\/INVICTALOGO_RVB.png\",\"width\":1810,\"height\":1280,\"caption\":\"Invicta\"},\"image\":{\"@id\":\"https:\/\/dev.invicta.wp19.axome.cc\/en\/#\/schema\/logo\/image\/\"}}]}<\/script>\n<!-- \/ Yoast SEO plugin. -->","yoast_head_json":{"title":"Product registration - Invicta","description":"Congratulations on the purchase of your new Invicta product! Register your product online to benefit from the guarantee and a better follow-up of the life","robots":{"index":"index","follow":"follow","max-snippet":"max-snippet:-1","max-image-preview":"max-image-preview:large","max-video-preview":"max-video-preview:-1"},"canonical":"https:\/\/dev.invicta.wp19.axome.cc\/en\/product-registration\/","og_locale":"en_US","og_type":"article","og_title":"Product registration - Invicta","og_description":"Congratulations on the purchase of your new Invicta product! Register your product online to benefit from the guarantee and a better follow-up of the life","og_url":"https:\/\/dev.invicta.wp19.axome.cc\/en\/product-registration\/","og_site_name":"Invicta","article_modified_time":"2024-12-05T07:56:42+00:00","twitter_card":"summary_large_image","twitter_misc":{"Est. reading time":"1 minute"},"schema":{"@context":"https:\/\/schema.org","@graph":[{"@type":"WebPage","@id":"https:\/\/dev.invicta.wp19.axome.cc\/en\/product-registration\/","url":"https:\/\/dev.invicta.wp19.axome.cc\/en\/product-registration\/","name":"Product registration - Invicta","isPartOf":{"@id":"https:\/\/dev.invicta.wp19.axome.cc\/en\/#website"},"datePublished":"2019-11-06T14:44:35+00:00","dateModified":"2024-12-05T07:56:42+00:00","description":"Congratulations on the purchase of your new Invicta product! Register your product online to benefit from the guarantee and a better follow-up of the life","breadcrumb":{"@id":"https:\/\/dev.invicta.wp19.axome.cc\/en\/product-registration\/#breadcrumb"},"inLanguage":"en-US","potentialAction":[{"@type":"ReadAction","target":["https:\/\/dev.invicta.wp19.axome.cc\/en\/product-registration\/"]}]},{"@type":"BreadcrumbList","@id":"https:\/\/dev.invicta.wp19.axome.cc\/en\/product-registration\/#breadcrumb","itemListElement":[{"@type":"ListItem","position":1,"name":"Home","item":"https:\/\/dev.invicta.wp19.axome.cc\/en\/"},{"@type":"ListItem","position":2,"name":"Product registration"}]},{"@type":"WebSite","@id":"https:\/\/dev.invicta.wp19.axome.cc\/en\/#website","url":"https:\/\/dev.invicta.wp19.axome.cc\/en\/","name":"Invicta","description":"Fabricant fran\u00e7ais, sp\u00e9cialiste europ\u00e9en du chauffage au bois : po\u00eales \u00e0 bois et \u00e0 granul\u00e9s, chemin\u00e9es, foyers et inserts","publisher":{"@id":"https:\/\/dev.invicta.wp19.axome.cc\/en\/#organization"},"potentialAction":[{"@type":"SearchAction","target":{"@type":"EntryPoint","urlTemplate":"https:\/\/dev.invicta.wp19.axome.cc\/en\/?s={search_term_string}"},"query-input":{"@type":"PropertyValueSpecification","valueRequired":true,"valueName":"search_term_string"}}],"inLanguage":"en-US"},{"@type":"Organization","@id":"https:\/\/dev.invicta.wp19.axome.cc\/en\/#organization","name":"Invicta","url":"https:\/\/dev.invicta.wp19.axome.cc\/en\/","logo":{"@type":"ImageObject","inLanguage":"en-US","@id":"https:\/\/dev.invicta.wp19.axome.cc\/en\/#\/schema\/logo\/image\/","url":"https:\/\/www.invicta.fr\/wp-content\/uploads\/2019\/06\/INVICTALOGO_RVB.png","contentUrl":"https:\/\/www.invicta.fr\/wp-content\/uploads\/2019\/06\/INVICTALOGO_RVB.png","width":1810,"height":1280,"caption":"Invicta"},"image":{"@id":"https:\/\/dev.invicta.wp19.axome.cc\/en\/#\/schema\/logo\/image\/"}}]}},"_links":{"self":[{"href":"https:\/\/dev.invicta.wp19.axome.cc\/en\/wp-json\/wp\/v2\/pages\/29807","targetHints":{"allow":["GET"]}}],"collection":[{"href":"https:\/\/dev.invicta.wp19.axome.cc\/en\/wp-json\/wp\/v2\/pages"}],"about":[{"href":"https:\/\/dev.invicta.wp19.axome.cc\/en\/wp-json\/wp\/v2\/types\/page"}],"author":[{"embeddable":true,"href":"https:\/\/dev.invicta.wp19.axome.cc\/en\/wp-json\/wp\/v2\/users\/130"}],"replies":[{"embeddable":true,"href":"https:\/\/dev.invicta.wp19.axome.cc\/en\/wp-json\/wp\/v2\/comments?post=29807"}],"version-history":[{"count":1,"href":"https:\/\/dev.invicta.wp19.axome.cc\/en\/wp-json\/wp\/v2\/pages\/29807\/revisions"}],"predecessor-version":[{"id":65169,"href":"https:\/\/dev.invicta.wp19.axome.cc\/en\/wp-json\/wp\/v2\/pages\/29807\/revisions\/65169"}],"wp:attachment":[{"href":"https:\/\/dev.invicta.wp19.axome.cc\/en\/wp-json\/wp\/v2\/media?parent=29807"}],"curies":[{"name":"wp","href":"https:\/\/api.w.org\/{rel}","templated":true}]}}