{"id":32474,"date":"2019-11-20T16:15:32","date_gmt":"2019-11-20T15:15:32","guid":{"rendered":"https:\/\/dev.invicta.wp19.axome.cc\/thank-you\/"},"modified":"2019-12-04T17:35:48","modified_gmt":"2019-12-04T16:35:48","slug":"thank-you","status":"publish","type":"page","link":"https:\/\/dev.invicta.wp19.axome.cc\/en\/thank-you\/","title":{"rendered":"Thank you!"},"content":{"rendered":"\t\t<div data-elementor-type=\"wp-page\" data-elementor-id=\"32474\" class=\"elementor elementor-32474 elementor-26993\" data-elementor-post-type=\"page\">\n\t\t\t\t\t\t<section class=\"elementor-section elementor-top-section elementor-element elementor-element-1bb6afd elementor-section-boxed elementor-section-height-default elementor-section-height-default\" data-id=\"1bb6afd\" data-element_type=\"section\">\n\t\t\t\t\t\t<div class=\"elementor-container elementor-column-gap-default\">\n\t\t\t\t\t<div class=\"elementor-column elementor-col-100 elementor-top-column elementor-element elementor-element-beeb452\" data-id=\"beeb452\" data-element_type=\"column\">\n\t\t\t<div class=\"elementor-widget-wrap elementor-element-populated\">\n\t\t\t\t\t\t<div class=\"elementor-element elementor-element-1f33f68c elementor-widget elementor-widget-text-editor\" data-id=\"1f33f68c\" data-element_type=\"widget\" data-widget_type=\"text-editor.default\">\n\t\t\t\t<div class=\"elementor-widget-container\">\n\t\t\t\t\t\t\t\t\t<p>Thank you for contacting us! We&#8217;ll get back to you as soon as possible.<\/p>\n\t\t\t\t\t\t\t\t<\/div>\n\t\t\t\t<\/div>\n\t\t\t\t\t<\/div>\n\t\t<\/div>\n\t\t\t\t\t<\/div>\n\t\t<\/section>\n\t\t\t\t<\/div>\n\t\t","protected":false},"excerpt":{"rendered":"<p>Thank you for contacting us! We&#8217;ll get back to you as soon as possible.<\/p>\n","protected":false},"author":225,"featured_media":0,"parent":0,"menu_order":0,"comment_status":"closed","ping_status":"closed","template":"elementor_header_footer","meta":{"_acf_changed":false,"footnotes":""},"class_list":{"1":"page"},"acf":[],"yoast_head":"<!-- This site is optimized with the Yoast SEO plugin v24.7 - https:\/\/yoast.com\/wordpress\/plugins\/seo\/ -->\n<title>Thank you! - Invicta<\/title>\n<meta name=\"description\" content=\"Thank you for contacting us! We&#039;ll get back to you as soon as possible.\" \/>\n<meta name=\"robots\" content=\"noindex, follow\" \/>\n<meta property=\"og:locale\" content=\"en_US\" \/>\n<meta property=\"og:type\" content=\"article\" \/>\n<meta property=\"og:title\" content=\"Thank you! - Invicta\" \/>\n<meta property=\"og:description\" content=\"Thank you for contacting us! We&#039;ll get back to you as soon as possible.\" \/>\n<meta property=\"og:url\" content=\"https:\/\/dev.invicta.wp19.axome.cc\/en\/thank-you\/\" \/>\n<meta property=\"og:site_name\" content=\"Invicta\" \/>\n<meta property=\"article:modified_time\" content=\"2019-12-04T16:35:48+00:00\" \/>\n<meta name=\"twitter:card\" content=\"summary_large_image\" \/>\n<script type=\"application\/ld+json\" class=\"yoast-schema-graph\">{\"@context\":\"https:\/\/schema.org\",\"@graph\":[{\"@type\":\"WebPage\",\"@id\":\"https:\/\/dev.invicta.wp19.axome.cc\/en\/thank-you\/\",\"url\":\"https:\/\/dev.invicta.wp19.axome.cc\/en\/thank-you\/\",\"name\":\"Thank you! - Invicta\",\"isPartOf\":{\"@id\":\"https:\/\/dev.invicta.wp19.axome.cc\/en\/#website\"},\"datePublished\":\"2019-11-20T15:15:32+00:00\",\"dateModified\":\"2019-12-04T16:35:48+00:00\",\"description\":\"Thank you for contacting us! We'll get back to you as soon as possible.\",\"breadcrumb\":{\"@id\":\"https:\/\/dev.invicta.wp19.axome.cc\/en\/thank-you\/#breadcrumb\"},\"inLanguage\":\"en-US\",\"potentialAction\":[{\"@type\":\"ReadAction\",\"target\":[\"https:\/\/dev.invicta.wp19.axome.cc\/en\/thank-you\/\"]}]},{\"@type\":\"BreadcrumbList\",\"@id\":\"https:\/\/dev.invicta.wp19.axome.cc\/en\/thank-you\/#breadcrumb\",\"itemListElement\":[{\"@type\":\"ListItem\",\"position\":1,\"name\":\"Home\",\"item\":\"https:\/\/dev.invicta.wp19.axome.cc\/en\/\"},{\"@type\":\"ListItem\",\"position\":2,\"name\":\"Thank you!\"}]},{\"@type\":\"WebSite\",\"@id\":\"https:\/\/dev.invicta.wp19.axome.cc\/en\/#website\",\"url\":\"https:\/\/dev.invicta.wp19.axome.cc\/en\/\",\"name\":\"Invicta\",\"description\":\"Fabricant fran\u00e7ais, sp\u00e9cialiste europ\u00e9en du chauffage au bois : po\u00eales \u00e0 bois et \u00e0 granul\u00e9s, chemin\u00e9es, foyers et inserts\",\"publisher\":{\"@id\":\"https:\/\/dev.invicta.wp19.axome.cc\/en\/#organization\"},\"potentialAction\":[{\"@type\":\"SearchAction\",\"target\":{\"@type\":\"EntryPoint\",\"urlTemplate\":\"https:\/\/dev.invicta.wp19.axome.cc\/en\/?s={search_term_string}\"},\"query-input\":{\"@type\":\"PropertyValueSpecification\",\"valueRequired\":true,\"valueName\":\"search_term_string\"}}],\"inLanguage\":\"en-US\"},{\"@type\":\"Organization\",\"@id\":\"https:\/\/dev.invicta.wp19.axome.cc\/en\/#organization\",\"name\":\"Invicta\",\"url\":\"https:\/\/dev.invicta.wp19.axome.cc\/en\/\",\"logo\":{\"@type\":\"ImageObject\",\"inLanguage\":\"en-US\",\"@id\":\"https:\/\/dev.invicta.wp19.axome.cc\/en\/#\/schema\/logo\/image\/\",\"url\":\"https:\/\/www.invicta.fr\/wp-content\/uploads\/2019\/06\/INVICTALOGO_RVB.png\",\"contentUrl\":\"https:\/\/www.invicta.fr\/wp-content\/uploads\/2019\/06\/INVICTALOGO_RVB.png\",\"width\":1810,\"height\":1280,\"caption\":\"Invicta\"},\"image\":{\"@id\":\"https:\/\/dev.invicta.wp19.axome.cc\/en\/#\/schema\/logo\/image\/\"}}]}<\/script>\n<!-- \/ Yoast SEO plugin. -->","yoast_head_json":{"title":"Thank you! - Invicta","description":"Thank you for contacting us! We'll get back to you as soon as possible.","robots":{"index":"noindex","follow":"follow"},"og_locale":"en_US","og_type":"article","og_title":"Thank you! - Invicta","og_description":"Thank you for contacting us! We'll get back to you as soon as possible.","og_url":"https:\/\/dev.invicta.wp19.axome.cc\/en\/thank-you\/","og_site_name":"Invicta","article_modified_time":"2019-12-04T16:35:48+00:00","twitter_card":"summary_large_image","schema":{"@context":"https:\/\/schema.org","@graph":[{"@type":"WebPage","@id":"https:\/\/dev.invicta.wp19.axome.cc\/en\/thank-you\/","url":"https:\/\/dev.invicta.wp19.axome.cc\/en\/thank-you\/","name":"Thank you! - Invicta","isPartOf":{"@id":"https:\/\/dev.invicta.wp19.axome.cc\/en\/#website"},"datePublished":"2019-11-20T15:15:32+00:00","dateModified":"2019-12-04T16:35:48+00:00","description":"Thank you for contacting us! We'll get back to you as soon as possible.","breadcrumb":{"@id":"https:\/\/dev.invicta.wp19.axome.cc\/en\/thank-you\/#breadcrumb"},"inLanguage":"en-US","potentialAction":[{"@type":"ReadAction","target":["https:\/\/dev.invicta.wp19.axome.cc\/en\/thank-you\/"]}]},{"@type":"BreadcrumbList","@id":"https:\/\/dev.invicta.wp19.axome.cc\/en\/thank-you\/#breadcrumb","itemListElement":[{"@type":"ListItem","position":1,"name":"Home","item":"https:\/\/dev.invicta.wp19.axome.cc\/en\/"},{"@type":"ListItem","position":2,"name":"Thank you!"}]},{"@type":"WebSite","@id":"https:\/\/dev.invicta.wp19.axome.cc\/en\/#website","url":"https:\/\/dev.invicta.wp19.axome.cc\/en\/","name":"Invicta","description":"Fabricant fran\u00e7ais, sp\u00e9cialiste europ\u00e9en du chauffage au bois : po\u00eales \u00e0 bois et \u00e0 granul\u00e9s, chemin\u00e9es, foyers et inserts","publisher":{"@id":"https:\/\/dev.invicta.wp19.axome.cc\/en\/#organization"},"potentialAction":[{"@type":"SearchAction","target":{"@type":"EntryPoint","urlTemplate":"https:\/\/dev.invicta.wp19.axome.cc\/en\/?s={search_term_string}"},"query-input":{"@type":"PropertyValueSpecification","valueRequired":true,"valueName":"search_term_string"}}],"inLanguage":"en-US"},{"@type":"Organization","@id":"https:\/\/dev.invicta.wp19.axome.cc\/en\/#organization","name":"Invicta","url":"https:\/\/dev.invicta.wp19.axome.cc\/en\/","logo":{"@type":"ImageObject","inLanguage":"en-US","@id":"https:\/\/dev.invicta.wp19.axome.cc\/en\/#\/schema\/logo\/image\/","url":"https:\/\/www.invicta.fr\/wp-content\/uploads\/2019\/06\/INVICTALOGO_RVB.png","contentUrl":"https:\/\/www.invicta.fr\/wp-content\/uploads\/2019\/06\/INVICTALOGO_RVB.png","width":1810,"height":1280,"caption":"Invicta"},"image":{"@id":"https:\/\/dev.invicta.wp19.axome.cc\/en\/#\/schema\/logo\/image\/"}}]}},"_links":{"self":[{"href":"https:\/\/dev.invicta.wp19.axome.cc\/en\/wp-json\/wp\/v2\/pages\/32474","targetHints":{"allow":["GET"]}}],"collection":[{"href":"https:\/\/dev.invicta.wp19.axome.cc\/en\/wp-json\/wp\/v2\/pages"}],"about":[{"href":"https:\/\/dev.invicta.wp19.axome.cc\/en\/wp-json\/wp\/v2\/types\/page"}],"author":[{"embeddable":true,"href":"https:\/\/dev.invicta.wp19.axome.cc\/en\/wp-json\/wp\/v2\/users\/225"}],"replies":[{"embeddable":true,"href":"https:\/\/dev.invicta.wp19.axome.cc\/en\/wp-json\/wp\/v2\/comments?post=32474"}],"version-history":[{"count":0,"href":"https:\/\/dev.invicta.wp19.axome.cc\/en\/wp-json\/wp\/v2\/pages\/32474\/revisions"}],"wp:attachment":[{"href":"https:\/\/dev.invicta.wp19.axome.cc\/en\/wp-json\/wp\/v2\/media?parent=32474"}],"curies":[{"name":"wp","href":"https:\/\/api.w.org\/{rel}","templated":true}]}}