{"id":68939,"date":"2025-11-26T08:20:19","date_gmt":"2025-11-26T12:11:11","guid":{"rendered":"https:\/\/dev.invicta.wp19.axome.cc\/produit\/elo-m-white-enamel-airtight-cast-iron-stove\/"},"modified":"2025-11-26T14:11:13","modified_gmt":"2025-11-26T13:11:13","slug":"air-tight-wood-stove-elo-m-white","status":"publish","type":"product","link":"https:\/\/dev.invicta.wp19.axome.cc\/en\/produit\/air-tight-wood-stove-elo-m-white\/","title":{"rendered":"Elo M white enamel Airtight Cast Iron Stove"},"content":{"rendered":"","protected":false},"excerpt":{"rendered":"<p>With Elo M, join the luminous side of the energy force and transform your living space into a warm, welcoming cocoon.<\/p>\n","protected":false},"featured_media":67806,"template":"","meta":{"_acf_changed":false},"product_brand":[],"product_cat":[2118,3631,3365,6275,6850,6097,6093],"product_tag":[1302,1297,1300,1299,3382,1305,2090,6830],"plus_produit":[7977,3010,3011,3375,2082,1842,6836,3012,3009],"class_list":{"1":"product","4":"has-post-thumbnail","6":"product_cat-aide-au-choix-en","7":"product_cat-wood-burning-stoves","8":"product_cat-airtight-wood-burning-stoves-wood-burning-stoves","9":"product_cat-corner-wood-stoves","10":"product_cat-poeles-a-bois-blancs-en","11":"product_cat-contemporary-wood-stoves","12":"product_cat-designer-wood-stoves","13":"product_tag-flamme-verte-en","14":"product_tag-100-fonte-en","15":"product_tag-eco-design-2022-en","16":"product_tag-a-ecolabel-en","17":"product_tag-air-control-en","18":"product_tag-post-combustion-en","19":"product_tag-garantie-2-ans-en","20":"product_tag-y-extension-garantie-3ans-en","21":"pa_combustible-recommande-10190","22":"pa_consommation-0-53-to-2-22-kg-hour","23":"pa_depart-des-fumees-dessus-en","24":"pa_indice-de-performance-99-en","25":"pa_surface-de-chauffe-25-to-60-m-en","26":"pa_volume-de-chauffe-65-to-150-m-en","27":"plus_produit-100-fonte-2","28":"plus_produit-8-hour-extended-burning","29":"plus_produit-adjustable-secondary-air","30":"plus_produit-air-control-en","31":"plus_produit-appareil-etanche-compatible-rt2012-en","32":"plus_produit-clean-glass-en","33":"plus_produit-3-year-extended-warranty","34":"plus_produit-origine-france-garantie-made-in-france-guarantee","35":"plus_produit-post-combustion-system","37":"first","38":"instock","39":"purchasable","40":"product-type-simple"},"acf":[],"yoast_head":"<!-- This site is optimized with the Yoast SEO plugin v24.7 - https:\/\/yoast.com\/wordpress\/plugins\/seo\/ -->\n<title>Elo M white enamel Airtight Cast Iron Stove - Invicta<\/title>\n<meta name=\"description\" content=\"With Elo M, join the luminous side of the energy force and transform your living space into a warm, welcoming cocoon.\" \/>\n<meta name=\"robots\" content=\"index, follow, max-snippet:-1, max-image-preview:large, max-video-preview:-1\" \/>\n<link rel=\"canonical\" href=\"https:\/\/dev.invicta.wp19.axome.cc\/en\/produit\/air-tight-wood-stove-elo-m-white\/\" \/>\n<meta property=\"og:locale\" content=\"en_US\" \/>\n<meta property=\"og:type\" content=\"article\" \/>\n<meta property=\"og:title\" content=\"Elo M white enamel Airtight Cast Iron Stove - Invicta\" \/>\n<meta property=\"og:description\" content=\"With Elo M, join the luminous side of the energy force and transform your living space into a warm, welcoming cocoon.\" \/>\n<meta property=\"og:url\" content=\"https:\/\/dev.invicta.wp19.axome.cc\/en\/produit\/air-tight-wood-stove-elo-m-white\/\" \/>\n<meta property=\"og:site_name\" content=\"Invicta\" \/>\n<meta property=\"article:modified_time\" content=\"2025-11-26T13:11:13+00:00\" \/>\n<meta property=\"og:image\" content=\"https:\/\/dev.invicta.wp19.axome.cc\/wp-content\/uploads\/2025\/06\/elo-m-eclairage_ambiance.jpg\" \/>\n\t<meta property=\"og:image:width\" content=\"891\" \/>\n\t<meta property=\"og:image:height\" content=\"1080\" \/>\n\t<meta property=\"og:image:type\" content=\"image\/jpeg\" \/>\n<meta name=\"twitter:card\" content=\"summary_large_image\" \/>\n<script type=\"application\/ld+json\" class=\"yoast-schema-graph\">{\"@context\":\"https:\/\/schema.org\",\"@graph\":[{\"@type\":\"WebPage\",\"@id\":\"https:\/\/dev.invicta.wp19.axome.cc\/en\/produit\/air-tight-wood-stove-elo-m-white\/\",\"url\":\"https:\/\/dev.invicta.wp19.axome.cc\/en\/produit\/air-tight-wood-stove-elo-m-white\/\",\"name\":\"Elo M white enamel Airtight Cast Iron Stove - Invicta\",\"isPartOf\":{\"@id\":\"https:\/\/dev.invicta.wp19.axome.cc\/en\/#website\"},\"primaryImageOfPage\":{\"@id\":\"https:\/\/dev.invicta.wp19.axome.cc\/en\/produit\/air-tight-wood-stove-elo-m-white\/#primaryimage\"},\"image\":{\"@id\":\"https:\/\/dev.invicta.wp19.axome.cc\/en\/produit\/air-tight-wood-stove-elo-m-white\/#primaryimage\"},\"thumbnailUrl\":\"https:\/\/dev.invicta.wp19.axome.cc\/wp-content\/uploads\/2025\/06\/elo-m-eclairage_ambiance.jpg\",\"datePublished\":\"2025-11-26T12:11:11+00:00\",\"dateModified\":\"2025-11-26T13:11:13+00:00\",\"description\":\"With Elo M, join the luminous side of the energy force and transform your living space into a warm, welcoming cocoon.\",\"breadcrumb\":{\"@id\":\"https:\/\/dev.invicta.wp19.axome.cc\/en\/produit\/air-tight-wood-stove-elo-m-white\/#breadcrumb\"},\"inLanguage\":\"en-US\",\"potentialAction\":[{\"@type\":\"ReadAction\",\"target\":[\"https:\/\/dev.invicta.wp19.axome.cc\/en\/produit\/air-tight-wood-stove-elo-m-white\/\"]}]},{\"@type\":\"ImageObject\",\"inLanguage\":\"en-US\",\"@id\":\"https:\/\/dev.invicta.wp19.axome.cc\/en\/produit\/air-tight-wood-stove-elo-m-white\/#primaryimage\",\"url\":\"https:\/\/dev.invicta.wp19.axome.cc\/wp-content\/uploads\/2025\/06\/elo-m-eclairage_ambiance.jpg\",\"contentUrl\":\"https:\/\/dev.invicta.wp19.axome.cc\/wp-content\/uploads\/2025\/06\/elo-m-eclairage_ambiance.jpg\",\"width\":891,\"height\":1080,\"caption\":\"Po\u00eale Fonte \u00e9tanche Elo M \u00e9maill\u00e9 blanc\"},{\"@type\":\"BreadcrumbList\",\"@id\":\"https:\/\/dev.invicta.wp19.axome.cc\/en\/produit\/air-tight-wood-stove-elo-m-white\/#breadcrumb\",\"itemListElement\":[{\"@type\":\"ListItem\",\"position\":1,\"name\":\"Home\",\"item\":\"https:\/\/dev.invicta.wp19.axome.cc\/en\/\"},{\"@type\":\"ListItem\",\"position\":2,\"name\":\"Products\",\"item\":\"https:\/\/dev.invicta.wp19.axome.cc\/en\/shop\/\"},{\"@type\":\"ListItem\",\"position\":3,\"name\":\"Wood burning stoves\",\"item\":\"https:\/\/dev.invicta.wp19.axome.cc\/en\/categorie-produit\/wood-burning-stoves\/\"},{\"@type\":\"ListItem\",\"position\":4,\"name\":\"Airtight Wood Burning Stoves\",\"item\":\"https:\/\/dev.invicta.wp19.axome.cc\/en\/categorie-produit\/wood-burning-stoves\/airtight-wood-burning-stoves-wood-burning-stoves\/\"},{\"@type\":\"ListItem\",\"position\":5,\"name\":\"Elo M white enamel Airtight Cast Iron Stove\"}]},{\"@type\":\"WebSite\",\"@id\":\"https:\/\/dev.invicta.wp19.axome.cc\/en\/#website\",\"url\":\"https:\/\/dev.invicta.wp19.axome.cc\/en\/\",\"name\":\"Invicta\",\"description\":\"Fabricant fran\u00e7ais, sp\u00e9cialiste europ\u00e9en du chauffage au bois : po\u00eales \u00e0 bois et \u00e0 granul\u00e9s, chemin\u00e9es, foyers et inserts\",\"publisher\":{\"@id\":\"https:\/\/dev.invicta.wp19.axome.cc\/en\/#organization\"},\"potentialAction\":[{\"@type\":\"SearchAction\",\"target\":{\"@type\":\"EntryPoint\",\"urlTemplate\":\"https:\/\/dev.invicta.wp19.axome.cc\/en\/?s={search_term_string}\"},\"query-input\":{\"@type\":\"PropertyValueSpecification\",\"valueRequired\":true,\"valueName\":\"search_term_string\"}}],\"inLanguage\":\"en-US\"},{\"@type\":\"Organization\",\"@id\":\"https:\/\/dev.invicta.wp19.axome.cc\/en\/#organization\",\"name\":\"Invicta\",\"url\":\"https:\/\/dev.invicta.wp19.axome.cc\/en\/\",\"logo\":{\"@type\":\"ImageObject\",\"inLanguage\":\"en-US\",\"@id\":\"https:\/\/dev.invicta.wp19.axome.cc\/en\/#\/schema\/logo\/image\/\",\"url\":\"https:\/\/www.invicta.fr\/wp-content\/uploads\/2019\/06\/INVICTALOGO_RVB.png\",\"contentUrl\":\"https:\/\/www.invicta.fr\/wp-content\/uploads\/2019\/06\/INVICTALOGO_RVB.png\",\"width\":1810,\"height\":1280,\"caption\":\"Invicta\"},\"image\":{\"@id\":\"https:\/\/dev.invicta.wp19.axome.cc\/en\/#\/schema\/logo\/image\/\"}}]}<\/script>\n<!-- \/ Yoast SEO plugin. -->","yoast_head_json":{"title":"Elo M white enamel Airtight Cast Iron Stove - Invicta","description":"With Elo M, join the luminous side of the energy force and transform your living space into a warm, welcoming cocoon.","robots":{"index":"index","follow":"follow","max-snippet":"max-snippet:-1","max-image-preview":"max-image-preview:large","max-video-preview":"max-video-preview:-1"},"canonical":"https:\/\/dev.invicta.wp19.axome.cc\/en\/produit\/air-tight-wood-stove-elo-m-white\/","og_locale":"en_US","og_type":"article","og_title":"Elo M white enamel Airtight Cast Iron Stove - Invicta","og_description":"With Elo M, join the luminous side of the energy force and transform your living space into a warm, welcoming cocoon.","og_url":"https:\/\/dev.invicta.wp19.axome.cc\/en\/produit\/air-tight-wood-stove-elo-m-white\/","og_site_name":"Invicta","article_modified_time":"2025-11-26T13:11:13+00:00","og_image":[{"width":891,"height":1080,"url":"https:\/\/dev.invicta.wp19.axome.cc\/wp-content\/uploads\/2025\/06\/elo-m-eclairage_ambiance.jpg","type":"image\/jpeg"}],"twitter_card":"summary_large_image","schema":{"@context":"https:\/\/schema.org","@graph":[{"@type":"WebPage","@id":"https:\/\/dev.invicta.wp19.axome.cc\/en\/produit\/air-tight-wood-stove-elo-m-white\/","url":"https:\/\/dev.invicta.wp19.axome.cc\/en\/produit\/air-tight-wood-stove-elo-m-white\/","name":"Elo M white enamel Airtight Cast Iron Stove - Invicta","isPartOf":{"@id":"https:\/\/dev.invicta.wp19.axome.cc\/en\/#website"},"primaryImageOfPage":{"@id":"https:\/\/dev.invicta.wp19.axome.cc\/en\/produit\/air-tight-wood-stove-elo-m-white\/#primaryimage"},"image":{"@id":"https:\/\/dev.invicta.wp19.axome.cc\/en\/produit\/air-tight-wood-stove-elo-m-white\/#primaryimage"},"thumbnailUrl":"https:\/\/dev.invicta.wp19.axome.cc\/wp-content\/uploads\/2025\/06\/elo-m-eclairage_ambiance.jpg","datePublished":"2025-11-26T12:11:11+00:00","dateModified":"2025-11-26T13:11:13+00:00","description":"With Elo M, join the luminous side of the energy force and transform your living space into a warm, welcoming cocoon.","breadcrumb":{"@id":"https:\/\/dev.invicta.wp19.axome.cc\/en\/produit\/air-tight-wood-stove-elo-m-white\/#breadcrumb"},"inLanguage":"en-US","potentialAction":[{"@type":"ReadAction","target":["https:\/\/dev.invicta.wp19.axome.cc\/en\/produit\/air-tight-wood-stove-elo-m-white\/"]}]},{"@type":"ImageObject","inLanguage":"en-US","@id":"https:\/\/dev.invicta.wp19.axome.cc\/en\/produit\/air-tight-wood-stove-elo-m-white\/#primaryimage","url":"https:\/\/dev.invicta.wp19.axome.cc\/wp-content\/uploads\/2025\/06\/elo-m-eclairage_ambiance.jpg","contentUrl":"https:\/\/dev.invicta.wp19.axome.cc\/wp-content\/uploads\/2025\/06\/elo-m-eclairage_ambiance.jpg","width":891,"height":1080,"caption":"Po\u00eale Fonte \u00e9tanche Elo M \u00e9maill\u00e9 blanc"},{"@type":"BreadcrumbList","@id":"https:\/\/dev.invicta.wp19.axome.cc\/en\/produit\/air-tight-wood-stove-elo-m-white\/#breadcrumb","itemListElement":[{"@type":"ListItem","position":1,"name":"Home","item":"https:\/\/dev.invicta.wp19.axome.cc\/en\/"},{"@type":"ListItem","position":2,"name":"Products","item":"https:\/\/dev.invicta.wp19.axome.cc\/en\/shop\/"},{"@type":"ListItem","position":3,"name":"Wood burning stoves","item":"https:\/\/dev.invicta.wp19.axome.cc\/en\/categorie-produit\/wood-burning-stoves\/"},{"@type":"ListItem","position":4,"name":"Airtight Wood Burning Stoves","item":"https:\/\/dev.invicta.wp19.axome.cc\/en\/categorie-produit\/wood-burning-stoves\/airtight-wood-burning-stoves-wood-burning-stoves\/"},{"@type":"ListItem","position":5,"name":"Elo M white enamel Airtight Cast Iron Stove"}]},{"@type":"WebSite","@id":"https:\/\/dev.invicta.wp19.axome.cc\/en\/#website","url":"https:\/\/dev.invicta.wp19.axome.cc\/en\/","name":"Invicta","description":"Fabricant fran\u00e7ais, sp\u00e9cialiste europ\u00e9en du chauffage au bois : po\u00eales \u00e0 bois et \u00e0 granul\u00e9s, chemin\u00e9es, foyers et inserts","publisher":{"@id":"https:\/\/dev.invicta.wp19.axome.cc\/en\/#organization"},"potentialAction":[{"@type":"SearchAction","target":{"@type":"EntryPoint","urlTemplate":"https:\/\/dev.invicta.wp19.axome.cc\/en\/?s={search_term_string}"},"query-input":{"@type":"PropertyValueSpecification","valueRequired":true,"valueName":"search_term_string"}}],"inLanguage":"en-US"},{"@type":"Organization","@id":"https:\/\/dev.invicta.wp19.axome.cc\/en\/#organization","name":"Invicta","url":"https:\/\/dev.invicta.wp19.axome.cc\/en\/","logo":{"@type":"ImageObject","inLanguage":"en-US","@id":"https:\/\/dev.invicta.wp19.axome.cc\/en\/#\/schema\/logo\/image\/","url":"https:\/\/www.invicta.fr\/wp-content\/uploads\/2019\/06\/INVICTALOGO_RVB.png","contentUrl":"https:\/\/www.invicta.fr\/wp-content\/uploads\/2019\/06\/INVICTALOGO_RVB.png","width":1810,"height":1280,"caption":"Invicta"},"image":{"@id":"https:\/\/dev.invicta.wp19.axome.cc\/en\/#\/schema\/logo\/image\/"}}]}},"_links":{"self":[{"href":"https:\/\/dev.invicta.wp19.axome.cc\/en\/wp-json\/wp\/v2\/product\/68939","targetHints":{"allow":["GET"]}}],"collection":[{"href":"https:\/\/dev.invicta.wp19.axome.cc\/en\/wp-json\/wp\/v2\/product"}],"about":[{"href":"https:\/\/dev.invicta.wp19.axome.cc\/en\/wp-json\/wp\/v2\/types\/product"}],"wp:featuredmedia":[{"embeddable":true,"href":"https:\/\/dev.invicta.wp19.axome.cc\/en\/wp-json\/wp\/v2\/media\/67806"}],"wp:attachment":[{"href":"https:\/\/dev.invicta.wp19.axome.cc\/en\/wp-json\/wp\/v2\/media?parent=68939"}],"wp:term":[{"taxonomy":"product_brand","embeddable":true,"href":"https:\/\/dev.invicta.wp19.axome.cc\/en\/wp-json\/wp\/v2\/product_brand?post=68939"},{"taxonomy":"product_cat","embeddable":true,"href":"https:\/\/dev.invicta.wp19.axome.cc\/en\/wp-json\/wp\/v2\/product_cat?post=68939"},{"taxonomy":"product_tag","embeddable":true,"href":"https:\/\/dev.invicta.wp19.axome.cc\/en\/wp-json\/wp\/v2\/product_tag?post=68939"},{"taxonomy":"plus_produit","embeddable":true,"href":"https:\/\/dev.invicta.wp19.axome.cc\/en\/wp-json\/wp\/v2\/plus_produit?post=68939"}],"curies":[{"name":"wp","href":"https:\/\/api.w.org\/{rel}","templated":true}]}}