{"id":68947,"date":"2025-11-26T08:06:10","date_gmt":"2025-06-09T15:59:39","guid":{"rendered":"https:\/\/dev.invicta.wp19.axome.cc\/produit\/alcor-airtight-cast-iron-stove\/"},"modified":"2025-06-09T17:59:46","modified_gmt":"2025-06-09T15:59:46","slug":"alcor-airtight-cast-iron-stove","status":"publish","type":"product","link":"https:\/\/dev.invicta.wp19.axome.cc\/en\/produit\/alcor-airtight-cast-iron-stove\/","title":{"rendered":"Alcor Airtight Cast Iron Stove"},"content":{"rendered":"<p>The Alcor promises you a bright future. Its wide angle panoramic window and elegant finish add an undeniable glow to the fire.<\/p>\n","protected":false},"excerpt":{"rendered":"<p>The Alcor promises you a bright future. Its wide angle panoramic window and elegant finish add an undeniable glow to the fire.<\/p>\n","protected":false},"featured_media":67839,"template":"","meta":{"_acf_changed":false},"product_brand":[],"product_cat":[2118,3631,3365,6251,6275,6097,6093,6094,6095],"product_tag":[1302,1300,1299,3382,1305,2090,6830],"plus_produit":[3010,3011,3375,2082,1842,6836,3012,3009,3489],"class_list":{"1":"product","4":"has-post-thumbnail","6":"product_cat-aide-au-choix-en","7":"product_cat-wood-burning-stoves","8":"product_cat-airtight-wood-burning-stoves-wood-burning-stoves","9":"product_cat-6kw-wood-stoves","10":"product_cat-corner-wood-stoves","11":"product_cat-contemporary-wood-stoves","12":"product_cat-designer-wood-stoves","13":"product_cat-modern-wood-burning-stoves","14":"product_cat-round-wood-stoves","15":"product_tag-flamme-verte-en","16":"product_tag-eco-design-2022-en","17":"product_tag-a-ecolabel-en","18":"product_tag-air-control-en","19":"product_tag-post-combustion-en","20":"product_tag-garantie-2-ans-en","21":"product_tag-y-extension-garantie-3ans-en","22":"pa_combustible-recommande-10190","23":"pa_consommation-0-53-to-2-22-kg-hour","24":"pa_depart-des-fumees-dessus-en","25":"pa_indice-de-performance-100-en","26":"pa_surface-de-chauffe-30-to-70-m-en","27":"pa_volume-de-chauffe-80-to-180-m","28":"plus_produit-8-hour-extended-burning","29":"plus_produit-adjustable-secondary-air","30":"plus_produit-air-control-en","31":"plus_produit-appareil-etanche-compatible-rt2012-en","32":"plus_produit-clean-glass-en","33":"plus_produit-3-year-extended-warranty","34":"plus_produit-origine-france-garantie-made-in-france-guarantee","35":"plus_produit-post-combustion-system","36":"plus_produit-vermiculite-clad","38":"first","39":"instock","40":"purchasable","41":"product-type-simple"},"acf":[],"yoast_head":"<!-- This site is optimized with the Yoast SEO plugin v24.7 - https:\/\/yoast.com\/wordpress\/plugins\/seo\/ -->\n<title>Alcor Airtight Cast Iron Stove - Invicta<\/title>\n<meta name=\"description\" content=\"The Alcor promises you a bright future. Its wide angle panoramic window and elegant finish add an undeniable glow to the fire.\" \/>\n<meta name=\"robots\" content=\"index, follow, max-snippet:-1, max-image-preview:large, max-video-preview:-1\" \/>\n<link rel=\"canonical\" href=\"https:\/\/dev.invicta.wp19.axome.cc\/en\/produit\/alcor-airtight-cast-iron-stove\/\" \/>\n<meta property=\"og:locale\" content=\"en_US\" \/>\n<meta property=\"og:type\" content=\"article\" \/>\n<meta property=\"og:title\" content=\"Alcor Airtight Cast Iron Stove - Invicta\" \/>\n<meta property=\"og:description\" content=\"The Alcor promises you a bright future. Its wide angle panoramic window and elegant finish add an undeniable glow to the fire.\" \/>\n<meta property=\"og:url\" content=\"https:\/\/dev.invicta.wp19.axome.cc\/en\/produit\/alcor-airtight-cast-iron-stove\/\" \/>\n<meta property=\"og:site_name\" content=\"Invicta\" \/>\n<meta property=\"article:modified_time\" content=\"2025-06-09T15:59:46+00:00\" \/>\n<meta property=\"og:image\" content=\"https:\/\/dev.invicta.wp19.axome.cc\/wp-content\/uploads\/2025\/06\/NEW-alcor-ambiance_1431623522.jpg\" \/>\n\t<meta property=\"og:image:width\" content=\"709\" \/>\n\t<meta property=\"og:image:height\" content=\"837\" \/>\n\t<meta property=\"og:image:type\" content=\"image\/jpeg\" \/>\n<meta name=\"twitter:card\" content=\"summary_large_image\" \/>\n<script type=\"application\/ld+json\" class=\"yoast-schema-graph\">{\"@context\":\"https:\/\/schema.org\",\"@graph\":[{\"@type\":\"WebPage\",\"@id\":\"https:\/\/dev.invicta.wp19.axome.cc\/en\/produit\/alcor-airtight-cast-iron-stove\/\",\"url\":\"https:\/\/dev.invicta.wp19.axome.cc\/en\/produit\/alcor-airtight-cast-iron-stove\/\",\"name\":\"Alcor Airtight Cast Iron Stove - Invicta\",\"isPartOf\":{\"@id\":\"https:\/\/dev.invicta.wp19.axome.cc\/en\/#website\"},\"primaryImageOfPage\":{\"@id\":\"https:\/\/dev.invicta.wp19.axome.cc\/en\/produit\/alcor-airtight-cast-iron-stove\/#primaryimage\"},\"image\":{\"@id\":\"https:\/\/dev.invicta.wp19.axome.cc\/en\/produit\/alcor-airtight-cast-iron-stove\/#primaryimage\"},\"thumbnailUrl\":\"https:\/\/dev.invicta.wp19.axome.cc\/wp-content\/uploads\/2025\/06\/NEW-alcor-ambiance_1431623522.jpg\",\"datePublished\":\"2025-06-09T15:59:39+00:00\",\"dateModified\":\"2025-06-09T15:59:46+00:00\",\"description\":\"The Alcor promises you a bright future. Its wide angle panoramic window and elegant finish add an undeniable glow to the fire.\",\"breadcrumb\":{\"@id\":\"https:\/\/dev.invicta.wp19.axome.cc\/en\/produit\/alcor-airtight-cast-iron-stove\/#breadcrumb\"},\"inLanguage\":\"en-US\",\"potentialAction\":[{\"@type\":\"ReadAction\",\"target\":[\"https:\/\/dev.invicta.wp19.axome.cc\/en\/produit\/alcor-airtight-cast-iron-stove\/\"]}]},{\"@type\":\"ImageObject\",\"inLanguage\":\"en-US\",\"@id\":\"https:\/\/dev.invicta.wp19.axome.cc\/en\/produit\/alcor-airtight-cast-iron-stove\/#primaryimage\",\"url\":\"https:\/\/dev.invicta.wp19.axome.cc\/wp-content\/uploads\/2025\/06\/NEW-alcor-ambiance_1431623522.jpg\",\"contentUrl\":\"https:\/\/dev.invicta.wp19.axome.cc\/wp-content\/uploads\/2025\/06\/NEW-alcor-ambiance_1431623522.jpg\",\"width\":709,\"height\":837},{\"@type\":\"BreadcrumbList\",\"@id\":\"https:\/\/dev.invicta.wp19.axome.cc\/en\/produit\/alcor-airtight-cast-iron-stove\/#breadcrumb\",\"itemListElement\":[{\"@type\":\"ListItem\",\"position\":1,\"name\":\"Home\",\"item\":\"https:\/\/dev.invicta.wp19.axome.cc\/en\/\"},{\"@type\":\"ListItem\",\"position\":2,\"name\":\"Products\",\"item\":\"https:\/\/dev.invicta.wp19.axome.cc\/en\/shop\/\"},{\"@type\":\"ListItem\",\"position\":3,\"name\":\"Wood burning stoves\",\"item\":\"https:\/\/dev.invicta.wp19.axome.cc\/en\/categorie-produit\/wood-burning-stoves\/\"},{\"@type\":\"ListItem\",\"position\":4,\"name\":\"Airtight Wood Burning Stoves\",\"item\":\"https:\/\/dev.invicta.wp19.axome.cc\/en\/categorie-produit\/wood-burning-stoves\/airtight-wood-burning-stoves-wood-burning-stoves\/\"},{\"@type\":\"ListItem\",\"position\":5,\"name\":\"Alcor Airtight Cast Iron Stove\"}]},{\"@type\":\"WebSite\",\"@id\":\"https:\/\/dev.invicta.wp19.axome.cc\/en\/#website\",\"url\":\"https:\/\/dev.invicta.wp19.axome.cc\/en\/\",\"name\":\"Invicta\",\"description\":\"Fabricant fran\u00e7ais, sp\u00e9cialiste europ\u00e9en du chauffage au bois : po\u00eales \u00e0 bois et \u00e0 granul\u00e9s, chemin\u00e9es, foyers et inserts\",\"publisher\":{\"@id\":\"https:\/\/dev.invicta.wp19.axome.cc\/en\/#organization\"},\"potentialAction\":[{\"@type\":\"SearchAction\",\"target\":{\"@type\":\"EntryPoint\",\"urlTemplate\":\"https:\/\/dev.invicta.wp19.axome.cc\/en\/?s={search_term_string}\"},\"query-input\":{\"@type\":\"PropertyValueSpecification\",\"valueRequired\":true,\"valueName\":\"search_term_string\"}}],\"inLanguage\":\"en-US\"},{\"@type\":\"Organization\",\"@id\":\"https:\/\/dev.invicta.wp19.axome.cc\/en\/#organization\",\"name\":\"Invicta\",\"url\":\"https:\/\/dev.invicta.wp19.axome.cc\/en\/\",\"logo\":{\"@type\":\"ImageObject\",\"inLanguage\":\"en-US\",\"@id\":\"https:\/\/dev.invicta.wp19.axome.cc\/en\/#\/schema\/logo\/image\/\",\"url\":\"https:\/\/www.invicta.fr\/wp-content\/uploads\/2019\/06\/INVICTALOGO_RVB.png\",\"contentUrl\":\"https:\/\/www.invicta.fr\/wp-content\/uploads\/2019\/06\/INVICTALOGO_RVB.png\",\"width\":1810,\"height\":1280,\"caption\":\"Invicta\"},\"image\":{\"@id\":\"https:\/\/dev.invicta.wp19.axome.cc\/en\/#\/schema\/logo\/image\/\"}}]}<\/script>\n<!-- \/ Yoast SEO plugin. -->","yoast_head_json":{"title":"Alcor Airtight Cast Iron Stove - Invicta","description":"The Alcor promises you a bright future. Its wide angle panoramic window and elegant finish add an undeniable glow to the fire.","robots":{"index":"index","follow":"follow","max-snippet":"max-snippet:-1","max-image-preview":"max-image-preview:large","max-video-preview":"max-video-preview:-1"},"canonical":"https:\/\/dev.invicta.wp19.axome.cc\/en\/produit\/alcor-airtight-cast-iron-stove\/","og_locale":"en_US","og_type":"article","og_title":"Alcor Airtight Cast Iron Stove - Invicta","og_description":"The Alcor promises you a bright future. Its wide angle panoramic window and elegant finish add an undeniable glow to the fire.","og_url":"https:\/\/dev.invicta.wp19.axome.cc\/en\/produit\/alcor-airtight-cast-iron-stove\/","og_site_name":"Invicta","article_modified_time":"2025-06-09T15:59:46+00:00","og_image":[{"width":709,"height":837,"url":"https:\/\/dev.invicta.wp19.axome.cc\/wp-content\/uploads\/2025\/06\/NEW-alcor-ambiance_1431623522.jpg","type":"image\/jpeg"}],"twitter_card":"summary_large_image","schema":{"@context":"https:\/\/schema.org","@graph":[{"@type":"WebPage","@id":"https:\/\/dev.invicta.wp19.axome.cc\/en\/produit\/alcor-airtight-cast-iron-stove\/","url":"https:\/\/dev.invicta.wp19.axome.cc\/en\/produit\/alcor-airtight-cast-iron-stove\/","name":"Alcor Airtight Cast Iron Stove - Invicta","isPartOf":{"@id":"https:\/\/dev.invicta.wp19.axome.cc\/en\/#website"},"primaryImageOfPage":{"@id":"https:\/\/dev.invicta.wp19.axome.cc\/en\/produit\/alcor-airtight-cast-iron-stove\/#primaryimage"},"image":{"@id":"https:\/\/dev.invicta.wp19.axome.cc\/en\/produit\/alcor-airtight-cast-iron-stove\/#primaryimage"},"thumbnailUrl":"https:\/\/dev.invicta.wp19.axome.cc\/wp-content\/uploads\/2025\/06\/NEW-alcor-ambiance_1431623522.jpg","datePublished":"2025-06-09T15:59:39+00:00","dateModified":"2025-06-09T15:59:46+00:00","description":"The Alcor promises you a bright future. Its wide angle panoramic window and elegant finish add an undeniable glow to the fire.","breadcrumb":{"@id":"https:\/\/dev.invicta.wp19.axome.cc\/en\/produit\/alcor-airtight-cast-iron-stove\/#breadcrumb"},"inLanguage":"en-US","potentialAction":[{"@type":"ReadAction","target":["https:\/\/dev.invicta.wp19.axome.cc\/en\/produit\/alcor-airtight-cast-iron-stove\/"]}]},{"@type":"ImageObject","inLanguage":"en-US","@id":"https:\/\/dev.invicta.wp19.axome.cc\/en\/produit\/alcor-airtight-cast-iron-stove\/#primaryimage","url":"https:\/\/dev.invicta.wp19.axome.cc\/wp-content\/uploads\/2025\/06\/NEW-alcor-ambiance_1431623522.jpg","contentUrl":"https:\/\/dev.invicta.wp19.axome.cc\/wp-content\/uploads\/2025\/06\/NEW-alcor-ambiance_1431623522.jpg","width":709,"height":837},{"@type":"BreadcrumbList","@id":"https:\/\/dev.invicta.wp19.axome.cc\/en\/produit\/alcor-airtight-cast-iron-stove\/#breadcrumb","itemListElement":[{"@type":"ListItem","position":1,"name":"Home","item":"https:\/\/dev.invicta.wp19.axome.cc\/en\/"},{"@type":"ListItem","position":2,"name":"Products","item":"https:\/\/dev.invicta.wp19.axome.cc\/en\/shop\/"},{"@type":"ListItem","position":3,"name":"Wood burning stoves","item":"https:\/\/dev.invicta.wp19.axome.cc\/en\/categorie-produit\/wood-burning-stoves\/"},{"@type":"ListItem","position":4,"name":"Airtight Wood Burning Stoves","item":"https:\/\/dev.invicta.wp19.axome.cc\/en\/categorie-produit\/wood-burning-stoves\/airtight-wood-burning-stoves-wood-burning-stoves\/"},{"@type":"ListItem","position":5,"name":"Alcor Airtight Cast Iron Stove"}]},{"@type":"WebSite","@id":"https:\/\/dev.invicta.wp19.axome.cc\/en\/#website","url":"https:\/\/dev.invicta.wp19.axome.cc\/en\/","name":"Invicta","description":"Fabricant fran\u00e7ais, sp\u00e9cialiste europ\u00e9en du chauffage au bois : po\u00eales \u00e0 bois et \u00e0 granul\u00e9s, chemin\u00e9es, foyers et inserts","publisher":{"@id":"https:\/\/dev.invicta.wp19.axome.cc\/en\/#organization"},"potentialAction":[{"@type":"SearchAction","target":{"@type":"EntryPoint","urlTemplate":"https:\/\/dev.invicta.wp19.axome.cc\/en\/?s={search_term_string}"},"query-input":{"@type":"PropertyValueSpecification","valueRequired":true,"valueName":"search_term_string"}}],"inLanguage":"en-US"},{"@type":"Organization","@id":"https:\/\/dev.invicta.wp19.axome.cc\/en\/#organization","name":"Invicta","url":"https:\/\/dev.invicta.wp19.axome.cc\/en\/","logo":{"@type":"ImageObject","inLanguage":"en-US","@id":"https:\/\/dev.invicta.wp19.axome.cc\/en\/#\/schema\/logo\/image\/","url":"https:\/\/www.invicta.fr\/wp-content\/uploads\/2019\/06\/INVICTALOGO_RVB.png","contentUrl":"https:\/\/www.invicta.fr\/wp-content\/uploads\/2019\/06\/INVICTALOGO_RVB.png","width":1810,"height":1280,"caption":"Invicta"},"image":{"@id":"https:\/\/dev.invicta.wp19.axome.cc\/en\/#\/schema\/logo\/image\/"}}]}},"_links":{"self":[{"href":"https:\/\/dev.invicta.wp19.axome.cc\/en\/wp-json\/wp\/v2\/product\/68947","targetHints":{"allow":["GET"]}}],"collection":[{"href":"https:\/\/dev.invicta.wp19.axome.cc\/en\/wp-json\/wp\/v2\/product"}],"about":[{"href":"https:\/\/dev.invicta.wp19.axome.cc\/en\/wp-json\/wp\/v2\/types\/product"}],"wp:featuredmedia":[{"embeddable":true,"href":"https:\/\/dev.invicta.wp19.axome.cc\/en\/wp-json\/wp\/v2\/media\/67839"}],"wp:attachment":[{"href":"https:\/\/dev.invicta.wp19.axome.cc\/en\/wp-json\/wp\/v2\/media?parent=68947"}],"wp:term":[{"taxonomy":"product_brand","embeddable":true,"href":"https:\/\/dev.invicta.wp19.axome.cc\/en\/wp-json\/wp\/v2\/product_brand?post=68947"},{"taxonomy":"product_cat","embeddable":true,"href":"https:\/\/dev.invicta.wp19.axome.cc\/en\/wp-json\/wp\/v2\/product_cat?post=68947"},{"taxonomy":"product_tag","embeddable":true,"href":"https:\/\/dev.invicta.wp19.axome.cc\/en\/wp-json\/wp\/v2\/product_tag?post=68947"},{"taxonomy":"plus_produit","embeddable":true,"href":"https:\/\/dev.invicta.wp19.axome.cc\/en\/wp-json\/wp\/v2\/plus_produit?post=68947"}],"curies":[{"name":"wp","href":"https:\/\/api.w.org\/{rel}","templated":true}]}}