{"id":68965,"date":"2025-11-26T08:26:22","date_gmt":"2025-11-26T12:29:59","guid":{"rendered":"https:\/\/dev.invicta.wp19.axome.cc\/produit\/tipi-cast-iron-stove\/"},"modified":"2025-11-26T14:30:00","modified_gmt":"2025-11-26T13:30:00","slug":"tipi-cast-iron-stove","status":"publish","type":"product","link":"https:\/\/dev.invicta.wp19.axome.cc\/en\/produit\/tipi-cast-iron-stove\/","title":{"rendered":"Tipi Cast Iron Stove"},"content":{"rendered":"","protected":false},"excerpt":{"rendered":"<p>The great sacred spirit of fire hangs over this stove. Its shape draws its inspiration from the traditional dwelling of the North American Plains Indians. Simple and slender, the Tipi works perfectly with its doors open to celebrate the worshiping of fire. In extreme cold, with its doors closed, it&#8217;s a great source of renewable heat.<\/p>\n","protected":false},"featured_media":67911,"template":"","meta":{"_acf_changed":false},"product_brand":[],"product_cat":[2118,3631,3013,6097,6093,6099,6094,6851,6852],"product_tag":[1302,1297,1300,1299,1305,2090,6830],"plus_produit":[7977,3010,3011,1842,6836,7980,3012,3009,3489],"class_list":{"1":"product","4":"has-post-thumbnail","6":"product_cat-aide-au-choix-en","7":"product_cat-wood-burning-stoves","8":"product_cat-cast-iron-and-steel-wood-burning-stoves-wood-burning-stoves","9":"product_cat-contemporary-wood-stoves","10":"product_cat-designer-wood-stoves","11":"product_cat-industrial-wood-stoves","12":"product_cat-modern-wood-burning-stoves","13":"product_cat-poeles-a-bois-10-kw-en","14":"product_cat-poeles-a-bois-11-kw-en","15":"product_tag-flamme-verte-en","16":"product_tag-100-fonte-en","17":"product_tag-eco-design-2022-en","18":"product_tag-a-ecolabel-en","19":"product_tag-post-combustion-en","20":"product_tag-garantie-2-ans-en","21":"product_tag-y-extension-garantie-3ans-en","22":"pa_combustible-recommande-10190","23":"pa_consommation-0-53-to-2-22-kg-hour","24":"pa_depart-des-fumees-dessus-en","25":"pa_indice-de-performance-100-en","26":"pa_surface-de-chauffe-55-to-120-m","27":"pa_volume-de-chauffe-135-to-300-m","28":"plus_produit-100-fonte-2","29":"plus_produit-8-hour-extended-burning","30":"plus_produit-adjustable-secondary-air","31":"plus_produit-clean-glass-en","32":"plus_produit-3-year-extended-warranty","33":"plus_produit-fonctionne-egalement-portes-ouvertes-2","34":"plus_produit-origine-france-garantie-made-in-france-guarantee","35":"plus_produit-post-combustion-system","36":"plus_produit-vermiculite-clad","38":"first","39":"instock","40":"purchasable","41":"product-type-simple"},"acf":[],"yoast_head":"<!-- This site is optimized with the Yoast SEO plugin v24.7 - https:\/\/yoast.com\/wordpress\/plugins\/seo\/ -->\n<title>Tipi Cast Iron Stove - Invicta<\/title>\n<meta name=\"description\" content=\"The great sacred spirit of fire hangs over this stove. Its shape draws its inspiration from the traditional dwelling of the North American Plains Indians. Simple and slender, the Tipi works perfectly with its doors open to celebrate the worshiping of fire. In extreme cold, with its doors closed, it&#039;s a great source of renewable heat.\" \/>\n<meta name=\"robots\" content=\"index, follow, max-snippet:-1, max-image-preview:large, max-video-preview:-1\" \/>\n<link rel=\"canonical\" href=\"https:\/\/dev.invicta.wp19.axome.cc\/en\/produit\/tipi-cast-iron-stove\/\" \/>\n<meta property=\"og:locale\" content=\"en_US\" \/>\n<meta property=\"og:type\" content=\"article\" \/>\n<meta property=\"og:title\" content=\"Tipi Cast Iron Stove - Invicta\" \/>\n<meta property=\"og:description\" content=\"The great sacred spirit of fire hangs over this stove. Its shape draws its inspiration from the traditional dwelling of the North American Plains Indians. Simple and slender, the Tipi works perfectly with its doors open to celebrate the worshiping of fire. In extreme cold, with its doors closed, it&#039;s a great source of renewable heat.\" \/>\n<meta property=\"og:url\" content=\"https:\/\/dev.invicta.wp19.axome.cc\/en\/produit\/tipi-cast-iron-stove\/\" \/>\n<meta property=\"og:site_name\" content=\"Invicta\" \/>\n<meta property=\"article:modified_time\" content=\"2025-11-26T13:30:00+00:00\" \/>\n<meta property=\"og:image\" content=\"https:\/\/dev.invicta.wp19.axome.cc\/wp-content\/uploads\/2025\/06\/tipi-poele_a_bois-ambiance_700_1431530034-e1567776853635.jpg\" \/>\n\t<meta property=\"og:image:width\" content=\"525\" \/>\n\t<meta property=\"og:image:height\" content=\"668\" \/>\n\t<meta property=\"og:image:type\" content=\"image\/jpeg\" \/>\n<meta name=\"twitter:card\" content=\"summary_large_image\" \/>\n<script type=\"application\/ld+json\" class=\"yoast-schema-graph\">{\"@context\":\"https:\/\/schema.org\",\"@graph\":[{\"@type\":\"WebPage\",\"@id\":\"https:\/\/dev.invicta.wp19.axome.cc\/en\/produit\/tipi-cast-iron-stove\/\",\"url\":\"https:\/\/dev.invicta.wp19.axome.cc\/en\/produit\/tipi-cast-iron-stove\/\",\"name\":\"Tipi Cast Iron Stove - Invicta\",\"isPartOf\":{\"@id\":\"https:\/\/dev.invicta.wp19.axome.cc\/en\/#website\"},\"primaryImageOfPage\":{\"@id\":\"https:\/\/dev.invicta.wp19.axome.cc\/en\/produit\/tipi-cast-iron-stove\/#primaryimage\"},\"image\":{\"@id\":\"https:\/\/dev.invicta.wp19.axome.cc\/en\/produit\/tipi-cast-iron-stove\/#primaryimage\"},\"thumbnailUrl\":\"https:\/\/dev.invicta.wp19.axome.cc\/wp-content\/uploads\/2025\/06\/tipi-poele_a_bois-ambiance_700_1431530034-e1567776853635.jpg\",\"datePublished\":\"2025-11-26T12:29:59+00:00\",\"dateModified\":\"2025-11-26T13:30:00+00:00\",\"description\":\"The great sacred spirit of fire hangs over this stove. Its shape draws its inspiration from the traditional dwelling of the North American Plains Indians. Simple and slender, the Tipi works perfectly with its doors open to celebrate the worshiping of fire. In extreme cold, with its doors closed, it's a great source of renewable heat.\",\"breadcrumb\":{\"@id\":\"https:\/\/dev.invicta.wp19.axome.cc\/en\/produit\/tipi-cast-iron-stove\/#breadcrumb\"},\"inLanguage\":\"en-US\",\"potentialAction\":[{\"@type\":\"ReadAction\",\"target\":[\"https:\/\/dev.invicta.wp19.axome.cc\/en\/produit\/tipi-cast-iron-stove\/\"]}]},{\"@type\":\"ImageObject\",\"inLanguage\":\"en-US\",\"@id\":\"https:\/\/dev.invicta.wp19.axome.cc\/en\/produit\/tipi-cast-iron-stove\/#primaryimage\",\"url\":\"https:\/\/dev.invicta.wp19.axome.cc\/wp-content\/uploads\/2025\/06\/tipi-poele_a_bois-ambiance_700_1431530034-e1567776853635.jpg\",\"contentUrl\":\"https:\/\/dev.invicta.wp19.axome.cc\/wp-content\/uploads\/2025\/06\/tipi-poele_a_bois-ambiance_700_1431530034-e1567776853635.jpg\",\"width\":525,\"height\":668},{\"@type\":\"BreadcrumbList\",\"@id\":\"https:\/\/dev.invicta.wp19.axome.cc\/en\/produit\/tipi-cast-iron-stove\/#breadcrumb\",\"itemListElement\":[{\"@type\":\"ListItem\",\"position\":1,\"name\":\"Home\",\"item\":\"https:\/\/dev.invicta.wp19.axome.cc\/en\/\"},{\"@type\":\"ListItem\",\"position\":2,\"name\":\"Products\",\"item\":\"https:\/\/dev.invicta.wp19.axome.cc\/en\/shop\/\"},{\"@type\":\"ListItem\",\"position\":3,\"name\":\"Wood burning stoves\",\"item\":\"https:\/\/dev.invicta.wp19.axome.cc\/en\/categorie-produit\/wood-burning-stoves\/\"},{\"@type\":\"ListItem\",\"position\":4,\"name\":\"Cast iron and steel wood burning stoves\",\"item\":\"https:\/\/dev.invicta.wp19.axome.cc\/en\/categorie-produit\/wood-burning-stoves\/cast-iron-and-steel-wood-burning-stoves-wood-burning-stoves\/\"},{\"@type\":\"ListItem\",\"position\":5,\"name\":\"Tipi Cast Iron Stove\"}]},{\"@type\":\"WebSite\",\"@id\":\"https:\/\/dev.invicta.wp19.axome.cc\/en\/#website\",\"url\":\"https:\/\/dev.invicta.wp19.axome.cc\/en\/\",\"name\":\"Invicta\",\"description\":\"Fabricant fran\u00e7ais, sp\u00e9cialiste europ\u00e9en du chauffage au bois : po\u00eales \u00e0 bois et \u00e0 granul\u00e9s, chemin\u00e9es, foyers et inserts\",\"publisher\":{\"@id\":\"https:\/\/dev.invicta.wp19.axome.cc\/en\/#organization\"},\"potentialAction\":[{\"@type\":\"SearchAction\",\"target\":{\"@type\":\"EntryPoint\",\"urlTemplate\":\"https:\/\/dev.invicta.wp19.axome.cc\/en\/?s={search_term_string}\"},\"query-input\":{\"@type\":\"PropertyValueSpecification\",\"valueRequired\":true,\"valueName\":\"search_term_string\"}}],\"inLanguage\":\"en-US\"},{\"@type\":\"Organization\",\"@id\":\"https:\/\/dev.invicta.wp19.axome.cc\/en\/#organization\",\"name\":\"Invicta\",\"url\":\"https:\/\/dev.invicta.wp19.axome.cc\/en\/\",\"logo\":{\"@type\":\"ImageObject\",\"inLanguage\":\"en-US\",\"@id\":\"https:\/\/dev.invicta.wp19.axome.cc\/en\/#\/schema\/logo\/image\/\",\"url\":\"https:\/\/www.invicta.fr\/wp-content\/uploads\/2019\/06\/INVICTALOGO_RVB.png\",\"contentUrl\":\"https:\/\/www.invicta.fr\/wp-content\/uploads\/2019\/06\/INVICTALOGO_RVB.png\",\"width\":1810,\"height\":1280,\"caption\":\"Invicta\"},\"image\":{\"@id\":\"https:\/\/dev.invicta.wp19.axome.cc\/en\/#\/schema\/logo\/image\/\"}}]}<\/script>\n<!-- \/ Yoast SEO plugin. -->","yoast_head_json":{"title":"Tipi Cast Iron Stove - Invicta","description":"The great sacred spirit of fire hangs over this stove. Its shape draws its inspiration from the traditional dwelling of the North American Plains Indians. Simple and slender, the Tipi works perfectly with its doors open to celebrate the worshiping of fire. In extreme cold, with its doors closed, it's a great source of renewable heat.","robots":{"index":"index","follow":"follow","max-snippet":"max-snippet:-1","max-image-preview":"max-image-preview:large","max-video-preview":"max-video-preview:-1"},"canonical":"https:\/\/dev.invicta.wp19.axome.cc\/en\/produit\/tipi-cast-iron-stove\/","og_locale":"en_US","og_type":"article","og_title":"Tipi Cast Iron Stove - Invicta","og_description":"The great sacred spirit of fire hangs over this stove. Its shape draws its inspiration from the traditional dwelling of the North American Plains Indians. Simple and slender, the Tipi works perfectly with its doors open to celebrate the worshiping of fire. In extreme cold, with its doors closed, it's a great source of renewable heat.","og_url":"https:\/\/dev.invicta.wp19.axome.cc\/en\/produit\/tipi-cast-iron-stove\/","og_site_name":"Invicta","article_modified_time":"2025-11-26T13:30:00+00:00","og_image":[{"width":525,"height":668,"url":"https:\/\/dev.invicta.wp19.axome.cc\/wp-content\/uploads\/2025\/06\/tipi-poele_a_bois-ambiance_700_1431530034-e1567776853635.jpg","type":"image\/jpeg"}],"twitter_card":"summary_large_image","schema":{"@context":"https:\/\/schema.org","@graph":[{"@type":"WebPage","@id":"https:\/\/dev.invicta.wp19.axome.cc\/en\/produit\/tipi-cast-iron-stove\/","url":"https:\/\/dev.invicta.wp19.axome.cc\/en\/produit\/tipi-cast-iron-stove\/","name":"Tipi Cast Iron Stove - Invicta","isPartOf":{"@id":"https:\/\/dev.invicta.wp19.axome.cc\/en\/#website"},"primaryImageOfPage":{"@id":"https:\/\/dev.invicta.wp19.axome.cc\/en\/produit\/tipi-cast-iron-stove\/#primaryimage"},"image":{"@id":"https:\/\/dev.invicta.wp19.axome.cc\/en\/produit\/tipi-cast-iron-stove\/#primaryimage"},"thumbnailUrl":"https:\/\/dev.invicta.wp19.axome.cc\/wp-content\/uploads\/2025\/06\/tipi-poele_a_bois-ambiance_700_1431530034-e1567776853635.jpg","datePublished":"2025-11-26T12:29:59+00:00","dateModified":"2025-11-26T13:30:00+00:00","description":"The great sacred spirit of fire hangs over this stove. Its shape draws its inspiration from the traditional dwelling of the North American Plains Indians. Simple and slender, the Tipi works perfectly with its doors open to celebrate the worshiping of fire. In extreme cold, with its doors closed, it's a great source of renewable heat.","breadcrumb":{"@id":"https:\/\/dev.invicta.wp19.axome.cc\/en\/produit\/tipi-cast-iron-stove\/#breadcrumb"},"inLanguage":"en-US","potentialAction":[{"@type":"ReadAction","target":["https:\/\/dev.invicta.wp19.axome.cc\/en\/produit\/tipi-cast-iron-stove\/"]}]},{"@type":"ImageObject","inLanguage":"en-US","@id":"https:\/\/dev.invicta.wp19.axome.cc\/en\/produit\/tipi-cast-iron-stove\/#primaryimage","url":"https:\/\/dev.invicta.wp19.axome.cc\/wp-content\/uploads\/2025\/06\/tipi-poele_a_bois-ambiance_700_1431530034-e1567776853635.jpg","contentUrl":"https:\/\/dev.invicta.wp19.axome.cc\/wp-content\/uploads\/2025\/06\/tipi-poele_a_bois-ambiance_700_1431530034-e1567776853635.jpg","width":525,"height":668},{"@type":"BreadcrumbList","@id":"https:\/\/dev.invicta.wp19.axome.cc\/en\/produit\/tipi-cast-iron-stove\/#breadcrumb","itemListElement":[{"@type":"ListItem","position":1,"name":"Home","item":"https:\/\/dev.invicta.wp19.axome.cc\/en\/"},{"@type":"ListItem","position":2,"name":"Products","item":"https:\/\/dev.invicta.wp19.axome.cc\/en\/shop\/"},{"@type":"ListItem","position":3,"name":"Wood burning stoves","item":"https:\/\/dev.invicta.wp19.axome.cc\/en\/categorie-produit\/wood-burning-stoves\/"},{"@type":"ListItem","position":4,"name":"Cast iron and steel wood burning stoves","item":"https:\/\/dev.invicta.wp19.axome.cc\/en\/categorie-produit\/wood-burning-stoves\/cast-iron-and-steel-wood-burning-stoves-wood-burning-stoves\/"},{"@type":"ListItem","position":5,"name":"Tipi Cast Iron Stove"}]},{"@type":"WebSite","@id":"https:\/\/dev.invicta.wp19.axome.cc\/en\/#website","url":"https:\/\/dev.invicta.wp19.axome.cc\/en\/","name":"Invicta","description":"Fabricant fran\u00e7ais, sp\u00e9cialiste europ\u00e9en du chauffage au bois : po\u00eales \u00e0 bois et \u00e0 granul\u00e9s, chemin\u00e9es, foyers et inserts","publisher":{"@id":"https:\/\/dev.invicta.wp19.axome.cc\/en\/#organization"},"potentialAction":[{"@type":"SearchAction","target":{"@type":"EntryPoint","urlTemplate":"https:\/\/dev.invicta.wp19.axome.cc\/en\/?s={search_term_string}"},"query-input":{"@type":"PropertyValueSpecification","valueRequired":true,"valueName":"search_term_string"}}],"inLanguage":"en-US"},{"@type":"Organization","@id":"https:\/\/dev.invicta.wp19.axome.cc\/en\/#organization","name":"Invicta","url":"https:\/\/dev.invicta.wp19.axome.cc\/en\/","logo":{"@type":"ImageObject","inLanguage":"en-US","@id":"https:\/\/dev.invicta.wp19.axome.cc\/en\/#\/schema\/logo\/image\/","url":"https:\/\/www.invicta.fr\/wp-content\/uploads\/2019\/06\/INVICTALOGO_RVB.png","contentUrl":"https:\/\/www.invicta.fr\/wp-content\/uploads\/2019\/06\/INVICTALOGO_RVB.png","width":1810,"height":1280,"caption":"Invicta"},"image":{"@id":"https:\/\/dev.invicta.wp19.axome.cc\/en\/#\/schema\/logo\/image\/"}}]}},"_links":{"self":[{"href":"https:\/\/dev.invicta.wp19.axome.cc\/en\/wp-json\/wp\/v2\/product\/68965","targetHints":{"allow":["GET"]}}],"collection":[{"href":"https:\/\/dev.invicta.wp19.axome.cc\/en\/wp-json\/wp\/v2\/product"}],"about":[{"href":"https:\/\/dev.invicta.wp19.axome.cc\/en\/wp-json\/wp\/v2\/types\/product"}],"wp:featuredmedia":[{"embeddable":true,"href":"https:\/\/dev.invicta.wp19.axome.cc\/en\/wp-json\/wp\/v2\/media\/67911"}],"wp:attachment":[{"href":"https:\/\/dev.invicta.wp19.axome.cc\/en\/wp-json\/wp\/v2\/media?parent=68965"}],"wp:term":[{"taxonomy":"product_brand","embeddable":true,"href":"https:\/\/dev.invicta.wp19.axome.cc\/en\/wp-json\/wp\/v2\/product_brand?post=68965"},{"taxonomy":"product_cat","embeddable":true,"href":"https:\/\/dev.invicta.wp19.axome.cc\/en\/wp-json\/wp\/v2\/product_cat?post=68965"},{"taxonomy":"product_tag","embeddable":true,"href":"https:\/\/dev.invicta.wp19.axome.cc\/en\/wp-json\/wp\/v2\/product_tag?post=68965"},{"taxonomy":"plus_produit","embeddable":true,"href":"https:\/\/dev.invicta.wp19.axome.cc\/en\/wp-json\/wp\/v2\/plus_produit?post=68965"}],"curies":[{"name":"wp","href":"https:\/\/api.w.org\/{rel}","templated":true}]}}