{"id":68967,"date":"2025-06-09T17:59:55","date_gmt":"2025-06-09T15:59:55","guid":{"rendered":"https:\/\/dev.invicta.wp19.axome.cc\/produit\/chamane-14-cast-iron-stove\/"},"modified":"2025-06-09T17:59:59","modified_gmt":"2025-06-09T15:59:59","slug":"chamane-14-cast-iron-stove","status":"publish","type":"product","link":"https:\/\/dev.invicta.wp19.axome.cc\/en\/produit\/chamane-14-cast-iron-stove\/","title":{"rendered":"Chamane 14 Cast Iron Stove"},"content":{"rendered":"<p>This wood-burning stove offers outstanding environmental performance and outstanding heat output. Featuring an understated anthracite finish, Chamane takes up minimal space yet produces impressive heat! Sleek lines and balanced proportions enhance its innovative design.<\/p>\n","protected":false},"excerpt":{"rendered":"<p>This wood-burning stove offers outstanding environmental performance and outstanding heat output. Featuring an understated anthracite finish, Chamane takes up minimal space yet produces impressive heat! Sleek lines and balanced proportions enhance its innovative design.<\/p>\n","protected":false},"featured_media":67916,"template":"","meta":{"_acf_changed":false},"product_brand":[],"product_cat":[],"product_tag":[1299,1305],"plus_produit":[3010,3011,1842,3012,3009],"class_list":{"1":"product","4":"has-post-thumbnail","6":"product_tag-a-ecolabel-en","7":"product_tag-post-combustion-en","8":"pa_designer-deq-2-3","9":"pa_indice-de-performance-104-00","10":"pa_surface-de-chauffe-25-to-60-m-en","11":"pa_taux-de-co-0-0500","12":"pa_volume-de-chauffe-min-max-2","13":"plus_produit-8-hour-extended-burning","14":"plus_produit-adjustable-secondary-air","15":"plus_produit-clean-glass-en","16":"plus_produit-origine-france-garantie-made-in-france-guarantee","17":"plus_produit-post-combustion-system","19":"first","20":"instock","21":"product-type-simple"},"acf":[],"yoast_head":"<!-- This site is optimized with the Yoast SEO plugin v24.7 - https:\/\/yoast.com\/wordpress\/plugins\/seo\/ -->\n<title>Chamane 14 Cast Iron Stove - Invicta<\/title>\n<meta name=\"description\" content=\"This wood-burning stove offers outstanding environmental performance and outstanding heat output. Featuring an understated anthracite finish, Chamane\" \/>\n<meta name=\"robots\" content=\"index, follow, max-snippet:-1, max-image-preview:large, max-video-preview:-1\" \/>\n<link rel=\"canonical\" href=\"https:\/\/dev.invicta.wp19.axome.cc\/en\/produit\/chamane-14-cast-iron-stove\/\" \/>\n<meta property=\"og:locale\" content=\"en_US\" \/>\n<meta property=\"og:type\" content=\"article\" \/>\n<meta property=\"og:title\" content=\"Chamane 14 Cast Iron Stove - Invicta\" \/>\n<meta property=\"og:description\" content=\"This wood-burning stove offers outstanding environmental performance and outstanding heat output. Featuring an understated anthracite finish, Chamane\" \/>\n<meta property=\"og:url\" content=\"https:\/\/dev.invicta.wp19.axome.cc\/en\/produit\/chamane-14-cast-iron-stove\/\" \/>\n<meta property=\"og:site_name\" content=\"Invicta\" \/>\n<meta property=\"article:modified_time\" content=\"2025-06-09T15:59:59+00:00\" \/>\n<meta property=\"og:image\" content=\"https:\/\/dev.invicta.wp19.axome.cc\/wp-content\/uploads\/2025\/06\/chamane_poele_a_bois-2_700_1431452370-e1567772894292.jpg\" \/>\n\t<meta property=\"og:image:width\" content=\"662\" \/>\n\t<meta property=\"og:image:height\" content=\"699\" \/>\n\t<meta property=\"og:image:type\" content=\"image\/jpeg\" \/>\n<meta name=\"twitter:card\" content=\"summary_large_image\" \/>\n<script type=\"application\/ld+json\" class=\"yoast-schema-graph\">{\"@context\":\"https:\/\/schema.org\",\"@graph\":[{\"@type\":\"WebPage\",\"@id\":\"https:\/\/dev.invicta.wp19.axome.cc\/en\/produit\/chamane-14-cast-iron-stove\/\",\"url\":\"https:\/\/dev.invicta.wp19.axome.cc\/en\/produit\/chamane-14-cast-iron-stove\/\",\"name\":\"Chamane 14 Cast Iron Stove - Invicta\",\"isPartOf\":{\"@id\":\"https:\/\/dev.invicta.wp19.axome.cc\/en\/#website\"},\"primaryImageOfPage\":{\"@id\":\"https:\/\/dev.invicta.wp19.axome.cc\/en\/produit\/chamane-14-cast-iron-stove\/#primaryimage\"},\"image\":{\"@id\":\"https:\/\/dev.invicta.wp19.axome.cc\/en\/produit\/chamane-14-cast-iron-stove\/#primaryimage\"},\"thumbnailUrl\":\"https:\/\/dev.invicta.wp19.axome.cc\/wp-content\/uploads\/2025\/06\/chamane_poele_a_bois-2_700_1431452370-e1567772894292.jpg\",\"datePublished\":\"2025-06-09T15:59:55+00:00\",\"dateModified\":\"2025-06-09T15:59:59+00:00\",\"description\":\"This wood-burning stove offers outstanding environmental performance and outstanding heat output. Featuring an understated anthracite finish, Chamane\",\"breadcrumb\":{\"@id\":\"https:\/\/dev.invicta.wp19.axome.cc\/en\/produit\/chamane-14-cast-iron-stove\/#breadcrumb\"},\"inLanguage\":\"en-US\",\"potentialAction\":[{\"@type\":\"ReadAction\",\"target\":[\"https:\/\/dev.invicta.wp19.axome.cc\/en\/produit\/chamane-14-cast-iron-stove\/\"]}]},{\"@type\":\"ImageObject\",\"inLanguage\":\"en-US\",\"@id\":\"https:\/\/dev.invicta.wp19.axome.cc\/en\/produit\/chamane-14-cast-iron-stove\/#primaryimage\",\"url\":\"https:\/\/dev.invicta.wp19.axome.cc\/wp-content\/uploads\/2025\/06\/chamane_poele_a_bois-2_700_1431452370-e1567772894292.jpg\",\"contentUrl\":\"https:\/\/dev.invicta.wp19.axome.cc\/wp-content\/uploads\/2025\/06\/chamane_poele_a_bois-2_700_1431452370-e1567772894292.jpg\",\"width\":662,\"height\":699,\"caption\":\"Po\u00eale \u00e0 bois en fonte Chamane 10\"},{\"@type\":\"BreadcrumbList\",\"@id\":\"https:\/\/dev.invicta.wp19.axome.cc\/en\/produit\/chamane-14-cast-iron-stove\/#breadcrumb\",\"itemListElement\":[{\"@type\":\"ListItem\",\"position\":1,\"name\":\"Home\",\"item\":\"https:\/\/dev.invicta.wp19.axome.cc\/en\/\"},{\"@type\":\"ListItem\",\"position\":2,\"name\":\"Products\",\"item\":\"https:\/\/dev.invicta.wp19.axome.cc\/en\/shop\/\"},{\"@type\":\"ListItem\",\"position\":3,\"name\":\"Chamane 14 Cast Iron Stove\"}]},{\"@type\":\"WebSite\",\"@id\":\"https:\/\/dev.invicta.wp19.axome.cc\/en\/#website\",\"url\":\"https:\/\/dev.invicta.wp19.axome.cc\/en\/\",\"name\":\"Invicta\",\"description\":\"Fabricant fran\u00e7ais, sp\u00e9cialiste europ\u00e9en du chauffage au bois : po\u00eales \u00e0 bois et \u00e0 granul\u00e9s, chemin\u00e9es, foyers et inserts\",\"publisher\":{\"@id\":\"https:\/\/dev.invicta.wp19.axome.cc\/en\/#organization\"},\"potentialAction\":[{\"@type\":\"SearchAction\",\"target\":{\"@type\":\"EntryPoint\",\"urlTemplate\":\"https:\/\/dev.invicta.wp19.axome.cc\/en\/?s={search_term_string}\"},\"query-input\":{\"@type\":\"PropertyValueSpecification\",\"valueRequired\":true,\"valueName\":\"search_term_string\"}}],\"inLanguage\":\"en-US\"},{\"@type\":\"Organization\",\"@id\":\"https:\/\/dev.invicta.wp19.axome.cc\/en\/#organization\",\"name\":\"Invicta\",\"url\":\"https:\/\/dev.invicta.wp19.axome.cc\/en\/\",\"logo\":{\"@type\":\"ImageObject\",\"inLanguage\":\"en-US\",\"@id\":\"https:\/\/dev.invicta.wp19.axome.cc\/en\/#\/schema\/logo\/image\/\",\"url\":\"https:\/\/www.invicta.fr\/wp-content\/uploads\/2019\/06\/INVICTALOGO_RVB.png\",\"contentUrl\":\"https:\/\/www.invicta.fr\/wp-content\/uploads\/2019\/06\/INVICTALOGO_RVB.png\",\"width\":1810,\"height\":1280,\"caption\":\"Invicta\"},\"image\":{\"@id\":\"https:\/\/dev.invicta.wp19.axome.cc\/en\/#\/schema\/logo\/image\/\"}}]}<\/script>\n<!-- \/ Yoast SEO plugin. -->","yoast_head_json":{"title":"Chamane 14 Cast Iron Stove - Invicta","description":"This wood-burning stove offers outstanding environmental performance and outstanding heat output. Featuring an understated anthracite finish, Chamane","robots":{"index":"index","follow":"follow","max-snippet":"max-snippet:-1","max-image-preview":"max-image-preview:large","max-video-preview":"max-video-preview:-1"},"canonical":"https:\/\/dev.invicta.wp19.axome.cc\/en\/produit\/chamane-14-cast-iron-stove\/","og_locale":"en_US","og_type":"article","og_title":"Chamane 14 Cast Iron Stove - Invicta","og_description":"This wood-burning stove offers outstanding environmental performance and outstanding heat output. Featuring an understated anthracite finish, Chamane","og_url":"https:\/\/dev.invicta.wp19.axome.cc\/en\/produit\/chamane-14-cast-iron-stove\/","og_site_name":"Invicta","article_modified_time":"2025-06-09T15:59:59+00:00","og_image":[{"width":662,"height":699,"url":"https:\/\/dev.invicta.wp19.axome.cc\/wp-content\/uploads\/2025\/06\/chamane_poele_a_bois-2_700_1431452370-e1567772894292.jpg","type":"image\/jpeg"}],"twitter_card":"summary_large_image","schema":{"@context":"https:\/\/schema.org","@graph":[{"@type":"WebPage","@id":"https:\/\/dev.invicta.wp19.axome.cc\/en\/produit\/chamane-14-cast-iron-stove\/","url":"https:\/\/dev.invicta.wp19.axome.cc\/en\/produit\/chamane-14-cast-iron-stove\/","name":"Chamane 14 Cast Iron Stove - Invicta","isPartOf":{"@id":"https:\/\/dev.invicta.wp19.axome.cc\/en\/#website"},"primaryImageOfPage":{"@id":"https:\/\/dev.invicta.wp19.axome.cc\/en\/produit\/chamane-14-cast-iron-stove\/#primaryimage"},"image":{"@id":"https:\/\/dev.invicta.wp19.axome.cc\/en\/produit\/chamane-14-cast-iron-stove\/#primaryimage"},"thumbnailUrl":"https:\/\/dev.invicta.wp19.axome.cc\/wp-content\/uploads\/2025\/06\/chamane_poele_a_bois-2_700_1431452370-e1567772894292.jpg","datePublished":"2025-06-09T15:59:55+00:00","dateModified":"2025-06-09T15:59:59+00:00","description":"This wood-burning stove offers outstanding environmental performance and outstanding heat output. Featuring an understated anthracite finish, Chamane","breadcrumb":{"@id":"https:\/\/dev.invicta.wp19.axome.cc\/en\/produit\/chamane-14-cast-iron-stove\/#breadcrumb"},"inLanguage":"en-US","potentialAction":[{"@type":"ReadAction","target":["https:\/\/dev.invicta.wp19.axome.cc\/en\/produit\/chamane-14-cast-iron-stove\/"]}]},{"@type":"ImageObject","inLanguage":"en-US","@id":"https:\/\/dev.invicta.wp19.axome.cc\/en\/produit\/chamane-14-cast-iron-stove\/#primaryimage","url":"https:\/\/dev.invicta.wp19.axome.cc\/wp-content\/uploads\/2025\/06\/chamane_poele_a_bois-2_700_1431452370-e1567772894292.jpg","contentUrl":"https:\/\/dev.invicta.wp19.axome.cc\/wp-content\/uploads\/2025\/06\/chamane_poele_a_bois-2_700_1431452370-e1567772894292.jpg","width":662,"height":699,"caption":"Po\u00eale \u00e0 bois en fonte Chamane 10"},{"@type":"BreadcrumbList","@id":"https:\/\/dev.invicta.wp19.axome.cc\/en\/produit\/chamane-14-cast-iron-stove\/#breadcrumb","itemListElement":[{"@type":"ListItem","position":1,"name":"Home","item":"https:\/\/dev.invicta.wp19.axome.cc\/en\/"},{"@type":"ListItem","position":2,"name":"Products","item":"https:\/\/dev.invicta.wp19.axome.cc\/en\/shop\/"},{"@type":"ListItem","position":3,"name":"Chamane 14 Cast Iron Stove"}]},{"@type":"WebSite","@id":"https:\/\/dev.invicta.wp19.axome.cc\/en\/#website","url":"https:\/\/dev.invicta.wp19.axome.cc\/en\/","name":"Invicta","description":"Fabricant fran\u00e7ais, sp\u00e9cialiste europ\u00e9en du chauffage au bois : po\u00eales \u00e0 bois et \u00e0 granul\u00e9s, chemin\u00e9es, foyers et inserts","publisher":{"@id":"https:\/\/dev.invicta.wp19.axome.cc\/en\/#organization"},"potentialAction":[{"@type":"SearchAction","target":{"@type":"EntryPoint","urlTemplate":"https:\/\/dev.invicta.wp19.axome.cc\/en\/?s={search_term_string}"},"query-input":{"@type":"PropertyValueSpecification","valueRequired":true,"valueName":"search_term_string"}}],"inLanguage":"en-US"},{"@type":"Organization","@id":"https:\/\/dev.invicta.wp19.axome.cc\/en\/#organization","name":"Invicta","url":"https:\/\/dev.invicta.wp19.axome.cc\/en\/","logo":{"@type":"ImageObject","inLanguage":"en-US","@id":"https:\/\/dev.invicta.wp19.axome.cc\/en\/#\/schema\/logo\/image\/","url":"https:\/\/www.invicta.fr\/wp-content\/uploads\/2019\/06\/INVICTALOGO_RVB.png","contentUrl":"https:\/\/www.invicta.fr\/wp-content\/uploads\/2019\/06\/INVICTALOGO_RVB.png","width":1810,"height":1280,"caption":"Invicta"},"image":{"@id":"https:\/\/dev.invicta.wp19.axome.cc\/en\/#\/schema\/logo\/image\/"}}]}},"_links":{"self":[{"href":"https:\/\/dev.invicta.wp19.axome.cc\/en\/wp-json\/wp\/v2\/product\/68967","targetHints":{"allow":["GET"]}}],"collection":[{"href":"https:\/\/dev.invicta.wp19.axome.cc\/en\/wp-json\/wp\/v2\/product"}],"about":[{"href":"https:\/\/dev.invicta.wp19.axome.cc\/en\/wp-json\/wp\/v2\/types\/product"}],"wp:featuredmedia":[{"embeddable":true,"href":"https:\/\/dev.invicta.wp19.axome.cc\/en\/wp-json\/wp\/v2\/media\/67916"}],"wp:attachment":[{"href":"https:\/\/dev.invicta.wp19.axome.cc\/en\/wp-json\/wp\/v2\/media?parent=68967"}],"wp:term":[{"taxonomy":"product_brand","embeddable":true,"href":"https:\/\/dev.invicta.wp19.axome.cc\/en\/wp-json\/wp\/v2\/product_brand?post=68967"},{"taxonomy":"product_cat","embeddable":true,"href":"https:\/\/dev.invicta.wp19.axome.cc\/en\/wp-json\/wp\/v2\/product_cat?post=68967"},{"taxonomy":"product_tag","embeddable":true,"href":"https:\/\/dev.invicta.wp19.axome.cc\/en\/wp-json\/wp\/v2\/product_tag?post=68967"},{"taxonomy":"plus_produit","embeddable":true,"href":"https:\/\/dev.invicta.wp19.axome.cc\/en\/wp-json\/wp\/v2\/plus_produit?post=68967"}],"curies":[{"name":"wp","href":"https:\/\/api.w.org\/{rel}","templated":true}]}}