{"id":68978,"date":"2025-11-26T08:31:11","date_gmt":"2025-11-26T12:34:54","guid":{"rendered":"https:\/\/dev.invicta.wp19.axome.cc\/produit\/akimix-cast-iron-stove\/"},"modified":"2025-11-26T14:34:56","modified_gmt":"2025-11-26T13:34:56","slug":"akimix-cast-iron-stove","status":"publish","type":"product","link":"https:\/\/dev.invicta.wp19.axome.cc\/en\/produit\/akimix-cast-iron-stove\/","title":{"rendered":"Akimix Cast Iron Stove"},"content":{"rendered":"","protected":false},"excerpt":{"rendered":"<p>As the conductor of your heating system, you can choose your musical score: the economic advantage of logs or the practicality of pellets. This simple stove is very quiet and plays a soft melody of comfort.<\/p>\n","protected":false},"featured_media":67935,"template":"","meta":{"_acf_changed":false},"product_brand":[],"product_cat":[2118,3631,2119,6096,6097,6099,6216],"product_tag":[1302,1297,1300,1299,1304,1305,1307,2090,6827],"plus_produit":[7977,3010,3011,1842,6842,3417,3012,3009,3411],"class_list":{"1":"product","4":"has-post-thumbnail","6":"product_cat-aide-au-choix-en","7":"product_cat-wood-burning-stoves","8":"product_cat-poeles-hybrides-buches-et-granules-en-2-wood-burning-stoves","9":"product_cat-7-kw-wood-stoves","10":"product_cat-contemporary-wood-stoves","11":"product_cat-industrial-wood-stoves","12":"product_cat-rear-exit-wood-stoves","13":"product_tag-flamme-verte-en","14":"product_tag-100-fonte-en","15":"product_tag-eco-design-2022-en","16":"product_tag-a-ecolabel-en","17":"product_tag-mixte-buches-et-granules-en","18":"product_tag-post-combustion-en","19":"product_tag-silencieux-convection-naturelle-en","20":"product_tag-garantie-2-ans-en","21":"product_tag-y-garantie-extension-1-an-en","22":"pa_autonomie-maximum-17-hours","23":"pa_depart-des-fumees-arriere-en","24":"pa_depart-des-fumees-dessus-en","25":"pa_surface-de-chauffe-40-to-85-m","26":"pa_volume-de-chauffe-100-210-m-en","27":"plus_produit-100-fonte-2","28":"plus_produit-8-hour-extended-burning","29":"plus_produit-adjustable-secondary-air","30":"plus_produit-clean-glass-en","31":"plus_produit-extension-de-garantie-1-an-en-2","32":"plus_produit-hybrid-logs-and-pellets","33":"plus_produit-origine-france-garantie-made-in-france-guarantee","34":"plus_produit-post-combustion-system","35":"plus_produit-quiet-natural-convection-unit","37":"first","38":"instock","39":"purchasable","40":"product-type-simple"},"acf":[],"yoast_head":"<!-- This site is optimized with the Yoast SEO plugin v24.7 - https:\/\/yoast.com\/wordpress\/plugins\/seo\/ -->\n<title>Akimix Cast Iron Stove - Invicta<\/title>\n<meta name=\"description\" content=\"As the conductor of your heating system, you can choose your musical score: the economic advantage of logs or the practicality of pellets. This simple stove is very quiet and plays a soft melody of comfort.\" \/>\n<meta name=\"robots\" content=\"index, follow, max-snippet:-1, max-image-preview:large, max-video-preview:-1\" \/>\n<link rel=\"canonical\" href=\"https:\/\/dev.invicta.wp19.axome.cc\/en\/produit\/akimix-cast-iron-stove\/\" \/>\n<meta property=\"og:locale\" content=\"en_US\" \/>\n<meta property=\"og:type\" content=\"article\" \/>\n<meta property=\"og:title\" content=\"Akimix Cast Iron Stove - Invicta\" \/>\n<meta property=\"og:description\" content=\"As the conductor of your heating system, you can choose your musical score: the economic advantage of logs or the practicality of pellets. This simple stove is very quiet and plays a soft melody of comfort.\" \/>\n<meta property=\"og:url\" content=\"https:\/\/dev.invicta.wp19.axome.cc\/en\/produit\/akimix-cast-iron-stove\/\" \/>\n<meta property=\"og:site_name\" content=\"Invicta\" \/>\n<meta property=\"article:modified_time\" content=\"2025-11-26T13:34:56+00:00\" \/>\n<meta property=\"og:image\" content=\"https:\/\/dev.invicta.wp19.axome.cc\/wp-content\/uploads\/2025\/06\/akimix-poele-ambiance.jpg\" \/>\n\t<meta property=\"og:image:width\" content=\"737\" \/>\n\t<meta property=\"og:image:height\" content=\"901\" \/>\n\t<meta property=\"og:image:type\" content=\"image\/jpeg\" \/>\n<meta name=\"twitter:card\" content=\"summary_large_image\" \/>\n<script type=\"application\/ld+json\" class=\"yoast-schema-graph\">{\"@context\":\"https:\/\/schema.org\",\"@graph\":[{\"@type\":\"WebPage\",\"@id\":\"https:\/\/dev.invicta.wp19.axome.cc\/en\/produit\/akimix-cast-iron-stove\/\",\"url\":\"https:\/\/dev.invicta.wp19.axome.cc\/en\/produit\/akimix-cast-iron-stove\/\",\"name\":\"Akimix Cast Iron Stove - Invicta\",\"isPartOf\":{\"@id\":\"https:\/\/dev.invicta.wp19.axome.cc\/en\/#website\"},\"primaryImageOfPage\":{\"@id\":\"https:\/\/dev.invicta.wp19.axome.cc\/en\/produit\/akimix-cast-iron-stove\/#primaryimage\"},\"image\":{\"@id\":\"https:\/\/dev.invicta.wp19.axome.cc\/en\/produit\/akimix-cast-iron-stove\/#primaryimage\"},\"thumbnailUrl\":\"https:\/\/dev.invicta.wp19.axome.cc\/wp-content\/uploads\/2025\/06\/akimix-poele-ambiance.jpg\",\"datePublished\":\"2025-11-26T12:34:54+00:00\",\"dateModified\":\"2025-11-26T13:34:56+00:00\",\"description\":\"As the conductor of your heating system, you can choose your musical score: the economic advantage of logs or the practicality of pellets. This simple stove is very quiet and plays a soft melody of comfort.\",\"breadcrumb\":{\"@id\":\"https:\/\/dev.invicta.wp19.axome.cc\/en\/produit\/akimix-cast-iron-stove\/#breadcrumb\"},\"inLanguage\":\"en-US\",\"potentialAction\":[{\"@type\":\"ReadAction\",\"target\":[\"https:\/\/dev.invicta.wp19.axome.cc\/en\/produit\/akimix-cast-iron-stove\/\"]}]},{\"@type\":\"ImageObject\",\"inLanguage\":\"en-US\",\"@id\":\"https:\/\/dev.invicta.wp19.axome.cc\/en\/produit\/akimix-cast-iron-stove\/#primaryimage\",\"url\":\"https:\/\/dev.invicta.wp19.axome.cc\/wp-content\/uploads\/2025\/06\/akimix-poele-ambiance.jpg\",\"contentUrl\":\"https:\/\/dev.invicta.wp19.axome.cc\/wp-content\/uploads\/2025\/06\/akimix-poele-ambiance.jpg\",\"width\":737,\"height\":901,\"caption\":\"Po\u00eale hybride en fonte Akimix\"},{\"@type\":\"BreadcrumbList\",\"@id\":\"https:\/\/dev.invicta.wp19.axome.cc\/en\/produit\/akimix-cast-iron-stove\/#breadcrumb\",\"itemListElement\":[{\"@type\":\"ListItem\",\"position\":1,\"name\":\"Home\",\"item\":\"https:\/\/dev.invicta.wp19.axome.cc\/en\/\"},{\"@type\":\"ListItem\",\"position\":2,\"name\":\"Products\",\"item\":\"https:\/\/dev.invicta.wp19.axome.cc\/en\/shop\/\"},{\"@type\":\"ListItem\",\"position\":3,\"name\":\"Wood burning stoves\",\"item\":\"https:\/\/dev.invicta.wp19.axome.cc\/en\/categorie-produit\/wood-burning-stoves\/\"},{\"@type\":\"ListItem\",\"position\":4,\"name\":\"Hybrid stoves, logs and pellets\",\"item\":\"https:\/\/dev.invicta.wp19.axome.cc\/en\/categorie-produit\/wood-burning-stoves\/poeles-hybrides-buches-et-granules-en-2-wood-burning-stoves\/\"},{\"@type\":\"ListItem\",\"position\":5,\"name\":\"Akimix Cast Iron Stove\"}]},{\"@type\":\"WebSite\",\"@id\":\"https:\/\/dev.invicta.wp19.axome.cc\/en\/#website\",\"url\":\"https:\/\/dev.invicta.wp19.axome.cc\/en\/\",\"name\":\"Invicta\",\"description\":\"Fabricant fran\u00e7ais, sp\u00e9cialiste europ\u00e9en du chauffage au bois : po\u00eales \u00e0 bois et \u00e0 granul\u00e9s, chemin\u00e9es, foyers et inserts\",\"publisher\":{\"@id\":\"https:\/\/dev.invicta.wp19.axome.cc\/en\/#organization\"},\"potentialAction\":[{\"@type\":\"SearchAction\",\"target\":{\"@type\":\"EntryPoint\",\"urlTemplate\":\"https:\/\/dev.invicta.wp19.axome.cc\/en\/?s={search_term_string}\"},\"query-input\":{\"@type\":\"PropertyValueSpecification\",\"valueRequired\":true,\"valueName\":\"search_term_string\"}}],\"inLanguage\":\"en-US\"},{\"@type\":\"Organization\",\"@id\":\"https:\/\/dev.invicta.wp19.axome.cc\/en\/#organization\",\"name\":\"Invicta\",\"url\":\"https:\/\/dev.invicta.wp19.axome.cc\/en\/\",\"logo\":{\"@type\":\"ImageObject\",\"inLanguage\":\"en-US\",\"@id\":\"https:\/\/dev.invicta.wp19.axome.cc\/en\/#\/schema\/logo\/image\/\",\"url\":\"https:\/\/www.invicta.fr\/wp-content\/uploads\/2019\/06\/INVICTALOGO_RVB.png\",\"contentUrl\":\"https:\/\/www.invicta.fr\/wp-content\/uploads\/2019\/06\/INVICTALOGO_RVB.png\",\"width\":1810,\"height\":1280,\"caption\":\"Invicta\"},\"image\":{\"@id\":\"https:\/\/dev.invicta.wp19.axome.cc\/en\/#\/schema\/logo\/image\/\"}}]}<\/script>\n<!-- \/ Yoast SEO plugin. -->","yoast_head_json":{"title":"Akimix Cast Iron Stove - Invicta","description":"As the conductor of your heating system, you can choose your musical score: the economic advantage of logs or the practicality of pellets. This simple stove is very quiet and plays a soft melody of comfort.","robots":{"index":"index","follow":"follow","max-snippet":"max-snippet:-1","max-image-preview":"max-image-preview:large","max-video-preview":"max-video-preview:-1"},"canonical":"https:\/\/dev.invicta.wp19.axome.cc\/en\/produit\/akimix-cast-iron-stove\/","og_locale":"en_US","og_type":"article","og_title":"Akimix Cast Iron Stove - Invicta","og_description":"As the conductor of your heating system, you can choose your musical score: the economic advantage of logs or the practicality of pellets. This simple stove is very quiet and plays a soft melody of comfort.","og_url":"https:\/\/dev.invicta.wp19.axome.cc\/en\/produit\/akimix-cast-iron-stove\/","og_site_name":"Invicta","article_modified_time":"2025-11-26T13:34:56+00:00","og_image":[{"width":737,"height":901,"url":"https:\/\/dev.invicta.wp19.axome.cc\/wp-content\/uploads\/2025\/06\/akimix-poele-ambiance.jpg","type":"image\/jpeg"}],"twitter_card":"summary_large_image","schema":{"@context":"https:\/\/schema.org","@graph":[{"@type":"WebPage","@id":"https:\/\/dev.invicta.wp19.axome.cc\/en\/produit\/akimix-cast-iron-stove\/","url":"https:\/\/dev.invicta.wp19.axome.cc\/en\/produit\/akimix-cast-iron-stove\/","name":"Akimix Cast Iron Stove - Invicta","isPartOf":{"@id":"https:\/\/dev.invicta.wp19.axome.cc\/en\/#website"},"primaryImageOfPage":{"@id":"https:\/\/dev.invicta.wp19.axome.cc\/en\/produit\/akimix-cast-iron-stove\/#primaryimage"},"image":{"@id":"https:\/\/dev.invicta.wp19.axome.cc\/en\/produit\/akimix-cast-iron-stove\/#primaryimage"},"thumbnailUrl":"https:\/\/dev.invicta.wp19.axome.cc\/wp-content\/uploads\/2025\/06\/akimix-poele-ambiance.jpg","datePublished":"2025-11-26T12:34:54+00:00","dateModified":"2025-11-26T13:34:56+00:00","description":"As the conductor of your heating system, you can choose your musical score: the economic advantage of logs or the practicality of pellets. This simple stove is very quiet and plays a soft melody of comfort.","breadcrumb":{"@id":"https:\/\/dev.invicta.wp19.axome.cc\/en\/produit\/akimix-cast-iron-stove\/#breadcrumb"},"inLanguage":"en-US","potentialAction":[{"@type":"ReadAction","target":["https:\/\/dev.invicta.wp19.axome.cc\/en\/produit\/akimix-cast-iron-stove\/"]}]},{"@type":"ImageObject","inLanguage":"en-US","@id":"https:\/\/dev.invicta.wp19.axome.cc\/en\/produit\/akimix-cast-iron-stove\/#primaryimage","url":"https:\/\/dev.invicta.wp19.axome.cc\/wp-content\/uploads\/2025\/06\/akimix-poele-ambiance.jpg","contentUrl":"https:\/\/dev.invicta.wp19.axome.cc\/wp-content\/uploads\/2025\/06\/akimix-poele-ambiance.jpg","width":737,"height":901,"caption":"Po\u00eale hybride en fonte Akimix"},{"@type":"BreadcrumbList","@id":"https:\/\/dev.invicta.wp19.axome.cc\/en\/produit\/akimix-cast-iron-stove\/#breadcrumb","itemListElement":[{"@type":"ListItem","position":1,"name":"Home","item":"https:\/\/dev.invicta.wp19.axome.cc\/en\/"},{"@type":"ListItem","position":2,"name":"Products","item":"https:\/\/dev.invicta.wp19.axome.cc\/en\/shop\/"},{"@type":"ListItem","position":3,"name":"Wood burning stoves","item":"https:\/\/dev.invicta.wp19.axome.cc\/en\/categorie-produit\/wood-burning-stoves\/"},{"@type":"ListItem","position":4,"name":"Hybrid stoves, logs and pellets","item":"https:\/\/dev.invicta.wp19.axome.cc\/en\/categorie-produit\/wood-burning-stoves\/poeles-hybrides-buches-et-granules-en-2-wood-burning-stoves\/"},{"@type":"ListItem","position":5,"name":"Akimix Cast Iron Stove"}]},{"@type":"WebSite","@id":"https:\/\/dev.invicta.wp19.axome.cc\/en\/#website","url":"https:\/\/dev.invicta.wp19.axome.cc\/en\/","name":"Invicta","description":"Fabricant fran\u00e7ais, sp\u00e9cialiste europ\u00e9en du chauffage au bois : po\u00eales \u00e0 bois et \u00e0 granul\u00e9s, chemin\u00e9es, foyers et inserts","publisher":{"@id":"https:\/\/dev.invicta.wp19.axome.cc\/en\/#organization"},"potentialAction":[{"@type":"SearchAction","target":{"@type":"EntryPoint","urlTemplate":"https:\/\/dev.invicta.wp19.axome.cc\/en\/?s={search_term_string}"},"query-input":{"@type":"PropertyValueSpecification","valueRequired":true,"valueName":"search_term_string"}}],"inLanguage":"en-US"},{"@type":"Organization","@id":"https:\/\/dev.invicta.wp19.axome.cc\/en\/#organization","name":"Invicta","url":"https:\/\/dev.invicta.wp19.axome.cc\/en\/","logo":{"@type":"ImageObject","inLanguage":"en-US","@id":"https:\/\/dev.invicta.wp19.axome.cc\/en\/#\/schema\/logo\/image\/","url":"https:\/\/www.invicta.fr\/wp-content\/uploads\/2019\/06\/INVICTALOGO_RVB.png","contentUrl":"https:\/\/www.invicta.fr\/wp-content\/uploads\/2019\/06\/INVICTALOGO_RVB.png","width":1810,"height":1280,"caption":"Invicta"},"image":{"@id":"https:\/\/dev.invicta.wp19.axome.cc\/en\/#\/schema\/logo\/image\/"}}]}},"_links":{"self":[{"href":"https:\/\/dev.invicta.wp19.axome.cc\/en\/wp-json\/wp\/v2\/product\/68978","targetHints":{"allow":["GET"]}}],"collection":[{"href":"https:\/\/dev.invicta.wp19.axome.cc\/en\/wp-json\/wp\/v2\/product"}],"about":[{"href":"https:\/\/dev.invicta.wp19.axome.cc\/en\/wp-json\/wp\/v2\/types\/product"}],"wp:featuredmedia":[{"embeddable":true,"href":"https:\/\/dev.invicta.wp19.axome.cc\/en\/wp-json\/wp\/v2\/media\/67935"}],"wp:attachment":[{"href":"https:\/\/dev.invicta.wp19.axome.cc\/en\/wp-json\/wp\/v2\/media?parent=68978"}],"wp:term":[{"taxonomy":"product_brand","embeddable":true,"href":"https:\/\/dev.invicta.wp19.axome.cc\/en\/wp-json\/wp\/v2\/product_brand?post=68978"},{"taxonomy":"product_cat","embeddable":true,"href":"https:\/\/dev.invicta.wp19.axome.cc\/en\/wp-json\/wp\/v2\/product_cat?post=68978"},{"taxonomy":"product_tag","embeddable":true,"href":"https:\/\/dev.invicta.wp19.axome.cc\/en\/wp-json\/wp\/v2\/product_tag?post=68978"},{"taxonomy":"plus_produit","embeddable":true,"href":"https:\/\/dev.invicta.wp19.axome.cc\/en\/wp-json\/wp\/v2\/plus_produit?post=68978"}],"curies":[{"name":"wp","href":"https:\/\/api.w.org\/{rel}","templated":true}]}}