{"id":69017,"date":"2025-11-26T08:21:28","date_gmt":"2025-11-26T12:12:24","guid":{"rendered":"https:\/\/dev.invicta.wp19.axome.cc\/produit\/brio-on-bench-cast-iron-stove-direct-air-supply\/"},"modified":"2025-11-26T14:12:25","modified_gmt":"2025-11-26T13:12:25","slug":"brio-on-bench-cast-iron-stove-direct-air-supply","status":"publish","type":"product","link":"https:\/\/dev.invicta.wp19.axome.cc\/en\/produit\/brio-on-bench-cast-iron-stove-direct-air-supply\/","title":{"rendered":"Brio on Bench Cast Iron Stove &#8211; Direct Air Supply"},"content":{"rendered":"<h3>Discover in video<\/h3>\n<p><iframe title=\"Invicta Brio banc EN\" width=\"500\" height=\"281\" src=\"https:\/\/www.youtube.com\/embed\/oaGu5m-LZJ4?feature=oembed\" frameborder=\"0\" allow=\"accelerometer; autoplay; clipboard-write; encrypted-media; gyroscope; picture-in-picture; web-share\" referrerpolicy=\"strict-origin-when-cross-origin\" allowfullscreen><\/iframe><\/p>\n","protected":false},"excerpt":{"rendered":"<p>Here is an original interpretation of the fire show, perfectly expressed by this new duo. The sleek design of the steel bench follows the lines of the flamboyant Brio to put on a show in your living room.<\/p>\n","protected":false},"featured_media":68091,"template":"","meta":{"_acf_changed":false},"product_brand":[],"product_cat":[2118,3631,3013,6098,6096,6097,6093,6099,6094,6095],"product_tag":[1302,1297,1300,1299,2088,1305,3838,2090,6830],"plus_produit":[7977,3010,6091,1842,3837,6836,3012,3009],"class_list":{"1":"product","4":"has-post-thumbnail","6":"product_cat-aide-au-choix-en","7":"product_cat-wood-burning-stoves","8":"product_cat-cast-iron-and-steel-wood-burning-stoves-wood-burning-stoves","9":"product_cat-wood-stoves-logs-50-cm","10":"product_cat-7-kw-wood-stoves","11":"product_cat-contemporary-wood-stoves","12":"product_cat-designer-wood-stoves","13":"product_cat-industrial-wood-stoves","14":"product_cat-modern-wood-burning-stoves","15":"product_cat-round-wood-stoves","16":"product_tag-flamme-verte-en","17":"product_tag-100-fonte-en","18":"product_tag-eco-design-2022-en","19":"product_tag-a-ecolabel-en","20":"product_tag-air-tight-connectable","21":"product_tag-post-combustion-en","22":"product_tag-raccordable-en","23":"product_tag-garantie-2-ans-en","24":"product_tag-y-extension-garantie-3ans-en","25":"pa_consommation-0-53-to-2-22-kg-hour","26":"pa_depart-des-fumees-dessus-en","27":"pa_indice-de-performance-100-en","28":"pa_surface-de-chauffe-40-to-85-m","29":"pa_volume-de-chauffe-100-210-m-en","30":"plus_produit-100-fonte-2","31":"plus_produit-8-hour-extended-burning","32":"plus_produit-careful-design","33":"plus_produit-clean-glass-en","34":"plus_produit-connectable","35":"plus_produit-3-year-extended-warranty","36":"plus_produit-origine-france-garantie-made-in-france-guarantee","37":"plus_produit-post-combustion-system","39":"first","40":"instock","41":"purchasable","42":"product-type-simple"},"acf":[],"yoast_head":"<!-- This site is optimized with the Yoast SEO plugin v24.7 - https:\/\/yoast.com\/wordpress\/plugins\/seo\/ -->\n<title>Brio on Bench Cast Iron Stove - Direct Air Supply - Invicta<\/title>\n<meta name=\"description\" content=\"Here is an original interpretation of the fire show, perfectly expressed by this new duo. The sleek design of the steel bench follows the lines of the flamboyant Brio to put on a show in your living room.\" \/>\n<meta name=\"robots\" content=\"index, follow, max-snippet:-1, max-image-preview:large, max-video-preview:-1\" \/>\n<link rel=\"canonical\" href=\"https:\/\/dev.invicta.wp19.axome.cc\/en\/produit\/brio-on-bench-cast-iron-stove-direct-air-supply\/\" \/>\n<meta property=\"og:locale\" content=\"en_US\" \/>\n<meta property=\"og:type\" content=\"article\" \/>\n<meta property=\"og:title\" content=\"Brio on Bench Cast Iron Stove - Direct Air Supply - Invicta\" \/>\n<meta property=\"og:description\" content=\"Here is an original interpretation of the fire show, perfectly expressed by this new duo. The sleek design of the steel bench follows the lines of the flamboyant Brio to put on a show in your living room.\" \/>\n<meta property=\"og:url\" content=\"https:\/\/dev.invicta.wp19.axome.cc\/en\/produit\/brio-on-bench-cast-iron-stove-direct-air-supply\/\" \/>\n<meta property=\"og:site_name\" content=\"Invicta\" \/>\n<meta property=\"article:modified_time\" content=\"2025-11-26T13:12:25+00:00\" \/>\n<meta property=\"og:image\" content=\"https:\/\/dev.invicta.wp19.axome.cc\/wp-content\/uploads\/2025\/06\/A1-BRIO-SUR-BANC.jpg\" \/>\n\t<meta property=\"og:image:width\" content=\"1440\" \/>\n\t<meta property=\"og:image:height\" content=\"1018\" \/>\n\t<meta property=\"og:image:type\" content=\"image\/jpeg\" \/>\n<meta name=\"twitter:card\" content=\"summary_large_image\" \/>\n<script type=\"application\/ld+json\" class=\"yoast-schema-graph\">{\"@context\":\"https:\/\/schema.org\",\"@graph\":[{\"@type\":\"WebPage\",\"@id\":\"https:\/\/dev.invicta.wp19.axome.cc\/en\/produit\/brio-on-bench-cast-iron-stove-direct-air-supply\/\",\"url\":\"https:\/\/dev.invicta.wp19.axome.cc\/en\/produit\/brio-on-bench-cast-iron-stove-direct-air-supply\/\",\"name\":\"Brio on Bench Cast Iron Stove - Direct Air Supply - Invicta\",\"isPartOf\":{\"@id\":\"https:\/\/dev.invicta.wp19.axome.cc\/en\/#website\"},\"primaryImageOfPage\":{\"@id\":\"https:\/\/dev.invicta.wp19.axome.cc\/en\/produit\/brio-on-bench-cast-iron-stove-direct-air-supply\/#primaryimage\"},\"image\":{\"@id\":\"https:\/\/dev.invicta.wp19.axome.cc\/en\/produit\/brio-on-bench-cast-iron-stove-direct-air-supply\/#primaryimage\"},\"thumbnailUrl\":\"https:\/\/dev.invicta.wp19.axome.cc\/wp-content\/uploads\/2025\/06\/A1-BRIO-SUR-BANC.jpg\",\"datePublished\":\"2025-11-26T12:12:24+00:00\",\"dateModified\":\"2025-11-26T13:12:25+00:00\",\"description\":\"Here is an original interpretation of the fire show, perfectly expressed by this new duo. The sleek design of the steel bench follows the lines of the flamboyant Brio to put on a show in your living room.\",\"breadcrumb\":{\"@id\":\"https:\/\/dev.invicta.wp19.axome.cc\/en\/produit\/brio-on-bench-cast-iron-stove-direct-air-supply\/#breadcrumb\"},\"inLanguage\":\"en-US\",\"potentialAction\":[{\"@type\":\"ReadAction\",\"target\":[\"https:\/\/dev.invicta.wp19.axome.cc\/en\/produit\/brio-on-bench-cast-iron-stove-direct-air-supply\/\"]}]},{\"@type\":\"ImageObject\",\"inLanguage\":\"en-US\",\"@id\":\"https:\/\/dev.invicta.wp19.axome.cc\/en\/produit\/brio-on-bench-cast-iron-stove-direct-air-supply\/#primaryimage\",\"url\":\"https:\/\/dev.invicta.wp19.axome.cc\/wp-content\/uploads\/2025\/06\/A1-BRIO-SUR-BANC.jpg\",\"contentUrl\":\"https:\/\/dev.invicta.wp19.axome.cc\/wp-content\/uploads\/2025\/06\/A1-BRIO-SUR-BANC.jpg\",\"width\":1440,\"height\":1018},{\"@type\":\"BreadcrumbList\",\"@id\":\"https:\/\/dev.invicta.wp19.axome.cc\/en\/produit\/brio-on-bench-cast-iron-stove-direct-air-supply\/#breadcrumb\",\"itemListElement\":[{\"@type\":\"ListItem\",\"position\":1,\"name\":\"Home\",\"item\":\"https:\/\/dev.invicta.wp19.axome.cc\/en\/\"},{\"@type\":\"ListItem\",\"position\":2,\"name\":\"Products\",\"item\":\"https:\/\/dev.invicta.wp19.axome.cc\/en\/shop\/\"},{\"@type\":\"ListItem\",\"position\":3,\"name\":\"Wood burning stoves\",\"item\":\"https:\/\/dev.invicta.wp19.axome.cc\/en\/categorie-produit\/wood-burning-stoves\/\"},{\"@type\":\"ListItem\",\"position\":4,\"name\":\"Cast iron and steel wood burning stoves\",\"item\":\"https:\/\/dev.invicta.wp19.axome.cc\/en\/categorie-produit\/wood-burning-stoves\/cast-iron-and-steel-wood-burning-stoves-wood-burning-stoves\/\"},{\"@type\":\"ListItem\",\"position\":5,\"name\":\"Brio on Bench Cast Iron Stove &#8211; Direct Air Supply\"}]},{\"@type\":\"WebSite\",\"@id\":\"https:\/\/dev.invicta.wp19.axome.cc\/en\/#website\",\"url\":\"https:\/\/dev.invicta.wp19.axome.cc\/en\/\",\"name\":\"Invicta\",\"description\":\"Fabricant fran\u00e7ais, sp\u00e9cialiste europ\u00e9en du chauffage au bois : po\u00eales \u00e0 bois et \u00e0 granul\u00e9s, chemin\u00e9es, foyers et inserts\",\"publisher\":{\"@id\":\"https:\/\/dev.invicta.wp19.axome.cc\/en\/#organization\"},\"potentialAction\":[{\"@type\":\"SearchAction\",\"target\":{\"@type\":\"EntryPoint\",\"urlTemplate\":\"https:\/\/dev.invicta.wp19.axome.cc\/en\/?s={search_term_string}\"},\"query-input\":{\"@type\":\"PropertyValueSpecification\",\"valueRequired\":true,\"valueName\":\"search_term_string\"}}],\"inLanguage\":\"en-US\"},{\"@type\":\"Organization\",\"@id\":\"https:\/\/dev.invicta.wp19.axome.cc\/en\/#organization\",\"name\":\"Invicta\",\"url\":\"https:\/\/dev.invicta.wp19.axome.cc\/en\/\",\"logo\":{\"@type\":\"ImageObject\",\"inLanguage\":\"en-US\",\"@id\":\"https:\/\/dev.invicta.wp19.axome.cc\/en\/#\/schema\/logo\/image\/\",\"url\":\"https:\/\/www.invicta.fr\/wp-content\/uploads\/2019\/06\/INVICTALOGO_RVB.png\",\"contentUrl\":\"https:\/\/www.invicta.fr\/wp-content\/uploads\/2019\/06\/INVICTALOGO_RVB.png\",\"width\":1810,\"height\":1280,\"caption\":\"Invicta\"},\"image\":{\"@id\":\"https:\/\/dev.invicta.wp19.axome.cc\/en\/#\/schema\/logo\/image\/\"}}]}<\/script>\n<!-- \/ Yoast SEO plugin. -->","yoast_head_json":{"title":"Brio on Bench Cast Iron Stove - Direct Air Supply - Invicta","description":"Here is an original interpretation of the fire show, perfectly expressed by this new duo. The sleek design of the steel bench follows the lines of the flamboyant Brio to put on a show in your living room.","robots":{"index":"index","follow":"follow","max-snippet":"max-snippet:-1","max-image-preview":"max-image-preview:large","max-video-preview":"max-video-preview:-1"},"canonical":"https:\/\/dev.invicta.wp19.axome.cc\/en\/produit\/brio-on-bench-cast-iron-stove-direct-air-supply\/","og_locale":"en_US","og_type":"article","og_title":"Brio on Bench Cast Iron Stove - Direct Air Supply - Invicta","og_description":"Here is an original interpretation of the fire show, perfectly expressed by this new duo. The sleek design of the steel bench follows the lines of the flamboyant Brio to put on a show in your living room.","og_url":"https:\/\/dev.invicta.wp19.axome.cc\/en\/produit\/brio-on-bench-cast-iron-stove-direct-air-supply\/","og_site_name":"Invicta","article_modified_time":"2025-11-26T13:12:25+00:00","og_image":[{"width":1440,"height":1018,"url":"https:\/\/dev.invicta.wp19.axome.cc\/wp-content\/uploads\/2025\/06\/A1-BRIO-SUR-BANC.jpg","type":"image\/jpeg"}],"twitter_card":"summary_large_image","schema":{"@context":"https:\/\/schema.org","@graph":[{"@type":"WebPage","@id":"https:\/\/dev.invicta.wp19.axome.cc\/en\/produit\/brio-on-bench-cast-iron-stove-direct-air-supply\/","url":"https:\/\/dev.invicta.wp19.axome.cc\/en\/produit\/brio-on-bench-cast-iron-stove-direct-air-supply\/","name":"Brio on Bench Cast Iron Stove - Direct Air Supply - Invicta","isPartOf":{"@id":"https:\/\/dev.invicta.wp19.axome.cc\/en\/#website"},"primaryImageOfPage":{"@id":"https:\/\/dev.invicta.wp19.axome.cc\/en\/produit\/brio-on-bench-cast-iron-stove-direct-air-supply\/#primaryimage"},"image":{"@id":"https:\/\/dev.invicta.wp19.axome.cc\/en\/produit\/brio-on-bench-cast-iron-stove-direct-air-supply\/#primaryimage"},"thumbnailUrl":"https:\/\/dev.invicta.wp19.axome.cc\/wp-content\/uploads\/2025\/06\/A1-BRIO-SUR-BANC.jpg","datePublished":"2025-11-26T12:12:24+00:00","dateModified":"2025-11-26T13:12:25+00:00","description":"Here is an original interpretation of the fire show, perfectly expressed by this new duo. The sleek design of the steel bench follows the lines of the flamboyant Brio to put on a show in your living room.","breadcrumb":{"@id":"https:\/\/dev.invicta.wp19.axome.cc\/en\/produit\/brio-on-bench-cast-iron-stove-direct-air-supply\/#breadcrumb"},"inLanguage":"en-US","potentialAction":[{"@type":"ReadAction","target":["https:\/\/dev.invicta.wp19.axome.cc\/en\/produit\/brio-on-bench-cast-iron-stove-direct-air-supply\/"]}]},{"@type":"ImageObject","inLanguage":"en-US","@id":"https:\/\/dev.invicta.wp19.axome.cc\/en\/produit\/brio-on-bench-cast-iron-stove-direct-air-supply\/#primaryimage","url":"https:\/\/dev.invicta.wp19.axome.cc\/wp-content\/uploads\/2025\/06\/A1-BRIO-SUR-BANC.jpg","contentUrl":"https:\/\/dev.invicta.wp19.axome.cc\/wp-content\/uploads\/2025\/06\/A1-BRIO-SUR-BANC.jpg","width":1440,"height":1018},{"@type":"BreadcrumbList","@id":"https:\/\/dev.invicta.wp19.axome.cc\/en\/produit\/brio-on-bench-cast-iron-stove-direct-air-supply\/#breadcrumb","itemListElement":[{"@type":"ListItem","position":1,"name":"Home","item":"https:\/\/dev.invicta.wp19.axome.cc\/en\/"},{"@type":"ListItem","position":2,"name":"Products","item":"https:\/\/dev.invicta.wp19.axome.cc\/en\/shop\/"},{"@type":"ListItem","position":3,"name":"Wood burning stoves","item":"https:\/\/dev.invicta.wp19.axome.cc\/en\/categorie-produit\/wood-burning-stoves\/"},{"@type":"ListItem","position":4,"name":"Cast iron and steel wood burning stoves","item":"https:\/\/dev.invicta.wp19.axome.cc\/en\/categorie-produit\/wood-burning-stoves\/cast-iron-and-steel-wood-burning-stoves-wood-burning-stoves\/"},{"@type":"ListItem","position":5,"name":"Brio on Bench Cast Iron Stove &#8211; Direct Air Supply"}]},{"@type":"WebSite","@id":"https:\/\/dev.invicta.wp19.axome.cc\/en\/#website","url":"https:\/\/dev.invicta.wp19.axome.cc\/en\/","name":"Invicta","description":"Fabricant fran\u00e7ais, sp\u00e9cialiste europ\u00e9en du chauffage au bois : po\u00eales \u00e0 bois et \u00e0 granul\u00e9s, chemin\u00e9es, foyers et inserts","publisher":{"@id":"https:\/\/dev.invicta.wp19.axome.cc\/en\/#organization"},"potentialAction":[{"@type":"SearchAction","target":{"@type":"EntryPoint","urlTemplate":"https:\/\/dev.invicta.wp19.axome.cc\/en\/?s={search_term_string}"},"query-input":{"@type":"PropertyValueSpecification","valueRequired":true,"valueName":"search_term_string"}}],"inLanguage":"en-US"},{"@type":"Organization","@id":"https:\/\/dev.invicta.wp19.axome.cc\/en\/#organization","name":"Invicta","url":"https:\/\/dev.invicta.wp19.axome.cc\/en\/","logo":{"@type":"ImageObject","inLanguage":"en-US","@id":"https:\/\/dev.invicta.wp19.axome.cc\/en\/#\/schema\/logo\/image\/","url":"https:\/\/www.invicta.fr\/wp-content\/uploads\/2019\/06\/INVICTALOGO_RVB.png","contentUrl":"https:\/\/www.invicta.fr\/wp-content\/uploads\/2019\/06\/INVICTALOGO_RVB.png","width":1810,"height":1280,"caption":"Invicta"},"image":{"@id":"https:\/\/dev.invicta.wp19.axome.cc\/en\/#\/schema\/logo\/image\/"}}]}},"_links":{"self":[{"href":"https:\/\/dev.invicta.wp19.axome.cc\/en\/wp-json\/wp\/v2\/product\/69017","targetHints":{"allow":["GET"]}}],"collection":[{"href":"https:\/\/dev.invicta.wp19.axome.cc\/en\/wp-json\/wp\/v2\/product"}],"about":[{"href":"https:\/\/dev.invicta.wp19.axome.cc\/en\/wp-json\/wp\/v2\/types\/product"}],"wp:featuredmedia":[{"embeddable":true,"href":"https:\/\/dev.invicta.wp19.axome.cc\/en\/wp-json\/wp\/v2\/media\/68091"}],"wp:attachment":[{"href":"https:\/\/dev.invicta.wp19.axome.cc\/en\/wp-json\/wp\/v2\/media?parent=69017"}],"wp:term":[{"taxonomy":"product_brand","embeddable":true,"href":"https:\/\/dev.invicta.wp19.axome.cc\/en\/wp-json\/wp\/v2\/product_brand?post=69017"},{"taxonomy":"product_cat","embeddable":true,"href":"https:\/\/dev.invicta.wp19.axome.cc\/en\/wp-json\/wp\/v2\/product_cat?post=69017"},{"taxonomy":"product_tag","embeddable":true,"href":"https:\/\/dev.invicta.wp19.axome.cc\/en\/wp-json\/wp\/v2\/product_tag?post=69017"},{"taxonomy":"plus_produit","embeddable":true,"href":"https:\/\/dev.invicta.wp19.axome.cc\/en\/wp-json\/wp\/v2\/plus_produit?post=69017"}],"curies":[{"name":"wp","href":"https:\/\/api.w.org\/{rel}","templated":true}]}}