{"id":69019,"date":"2025-11-26T08:21:19","date_gmt":"2025-11-26T12:12:15","guid":{"rendered":"https:\/\/dev.invicta.wp19.axome.cc\/produit\/brio-cast-iron-stove-direct-air-supply\/"},"modified":"2025-11-26T14:12:17","modified_gmt":"2025-11-26T13:12:17","slug":"brio-cast-iron-stove-direct-air-supply","status":"publish","type":"product","link":"https:\/\/dev.invicta.wp19.axome.cc\/en\/produit\/brio-cast-iron-stove-direct-air-supply\/","title":{"rendered":"Brio Cast Iron Stove &#8211; Direct Air Supply"},"content":{"rendered":"<h3>Discover in video<\/h3>\n<p><iframe title=\"Invicta - Po\u00eale \u00e0 bois design BRIO - 4K\" width=\"500\" height=\"281\" src=\"https:\/\/www.youtube.com\/embed\/V9lNk_Bgd0w?feature=oembed\" frameborder=\"0\" allow=\"accelerometer; autoplay; clipboard-write; encrypted-media; gyroscope; picture-in-picture; web-share\" referrerpolicy=\"strict-origin-when-cross-origin\" allowfullscreen><\/iframe><\/p>\n<p>&nbsp;<\/p>\n","protected":false},"excerpt":{"rendered":"<p>This wood-burning stove passes all the tests with flying colours. Its unmistakable style is an eye-catcher. The atmosphere heats up instantly thanks to its exceptional performance. You will be treated to a warm and wonderful show live from your living room. Let&#8217;s applaud!<\/p>\n","protected":false},"featured_media":68099,"template":"","meta":{"_acf_changed":false},"product_brand":[],"product_cat":[2118,3631,3013,6098,6096,6097,6093,6099,6094,6095],"product_tag":[1302,1297,1300,1299,2088,1305,3838,2090,6830],"plus_produit":[7977,3010,6091,1842,3837,6836,3012,3009,6129],"class_list":{"1":"product","4":"has-post-thumbnail","6":"product_cat-aide-au-choix-en","7":"product_cat-wood-burning-stoves","8":"product_cat-cast-iron-and-steel-wood-burning-stoves-wood-burning-stoves","9":"product_cat-wood-stoves-logs-50-cm","10":"product_cat-7-kw-wood-stoves","11":"product_cat-contemporary-wood-stoves","12":"product_cat-designer-wood-stoves","13":"product_cat-industrial-wood-stoves","14":"product_cat-modern-wood-burning-stoves","15":"product_cat-round-wood-stoves","16":"product_tag-flamme-verte-en","17":"product_tag-100-fonte-en","18":"product_tag-eco-design-2022-en","19":"product_tag-a-ecolabel-en","20":"product_tag-air-tight-connectable","21":"product_tag-post-combustion-en","22":"product_tag-raccordable-en","23":"product_tag-garantie-2-ans-en","24":"product_tag-y-extension-garantie-3ans-en","25":"pa_combustible-recommande-10190","26":"pa_consommation-0-53-to-2-22-kg-hour","27":"pa_depart-des-fumees-dessus-en","28":"pa_indice-de-performance-100-en","29":"pa_surface-de-chauffe-40-to-85-m","30":"pa_volume-de-chauffe-100-210-m-en","31":"plus_produit-100-fonte-2","32":"plus_produit-8-hour-extended-burning","33":"plus_produit-careful-design","34":"plus_produit-clean-glass-en","35":"plus_produit-connectable","36":"plus_produit-3-year-extended-warranty","37":"plus_produit-origine-france-garantie-made-in-france-guarantee","38":"plus_produit-post-combustion-system","39":"plus_produit-unique-design","41":"first","42":"instock","43":"purchasable","44":"product-type-simple"},"acf":[],"yoast_head":"<!-- This site is optimized with the Yoast SEO plugin v24.7 - https:\/\/yoast.com\/wordpress\/plugins\/seo\/ -->\n<title>Brio Cast Iron Stove - Direct Air Supply - Invicta<\/title>\n<meta name=\"description\" content=\"This wood-burning stove passes all the tests with flying colours. Its unmistakable style is an eye-catcher. The atmosphere heats up instantly thanks to its exceptional performance. You will be treated to a warm and wonderful show live from your living room. Let&#039;s applaud!\" \/>\n<meta name=\"robots\" content=\"index, follow, max-snippet:-1, max-image-preview:large, max-video-preview:-1\" \/>\n<link rel=\"canonical\" href=\"https:\/\/dev.invicta.wp19.axome.cc\/en\/produit\/brio-cast-iron-stove-direct-air-supply\/\" \/>\n<meta property=\"og:locale\" content=\"en_US\" \/>\n<meta property=\"og:type\" content=\"article\" \/>\n<meta property=\"og:title\" content=\"Brio Cast Iron Stove - Direct Air Supply - Invicta\" \/>\n<meta property=\"og:description\" content=\"This wood-burning stove passes all the tests with flying colours. Its unmistakable style is an eye-catcher. The atmosphere heats up instantly thanks to its exceptional performance. You will be treated to a warm and wonderful show live from your living room. Let&#039;s applaud!\" \/>\n<meta property=\"og:url\" content=\"https:\/\/dev.invicta.wp19.axome.cc\/en\/produit\/brio-cast-iron-stove-direct-air-supply\/\" \/>\n<meta property=\"og:site_name\" content=\"Invicta\" \/>\n<meta property=\"article:modified_time\" content=\"2025-11-26T13:12:17+00:00\" \/>\n<meta property=\"og:image\" content=\"https:\/\/dev.invicta.wp19.axome.cc\/wp-content\/uploads\/2025\/06\/A_BRIO-web.jpg\" \/>\n\t<meta property=\"og:image:width\" content=\"800\" \/>\n\t<meta property=\"og:image:height\" content=\"800\" \/>\n\t<meta property=\"og:image:type\" content=\"image\/jpeg\" \/>\n<meta name=\"twitter:card\" content=\"summary_large_image\" \/>\n<script type=\"application\/ld+json\" class=\"yoast-schema-graph\">{\"@context\":\"https:\/\/schema.org\",\"@graph\":[{\"@type\":\"WebPage\",\"@id\":\"https:\/\/dev.invicta.wp19.axome.cc\/en\/produit\/brio-cast-iron-stove-direct-air-supply\/\",\"url\":\"https:\/\/dev.invicta.wp19.axome.cc\/en\/produit\/brio-cast-iron-stove-direct-air-supply\/\",\"name\":\"Brio Cast Iron Stove - Direct Air Supply - Invicta\",\"isPartOf\":{\"@id\":\"https:\/\/dev.invicta.wp19.axome.cc\/en\/#website\"},\"primaryImageOfPage\":{\"@id\":\"https:\/\/dev.invicta.wp19.axome.cc\/en\/produit\/brio-cast-iron-stove-direct-air-supply\/#primaryimage\"},\"image\":{\"@id\":\"https:\/\/dev.invicta.wp19.axome.cc\/en\/produit\/brio-cast-iron-stove-direct-air-supply\/#primaryimage\"},\"thumbnailUrl\":\"https:\/\/dev.invicta.wp19.axome.cc\/wp-content\/uploads\/2025\/06\/A_BRIO-web.jpg\",\"datePublished\":\"2025-11-26T12:12:15+00:00\",\"dateModified\":\"2025-11-26T13:12:17+00:00\",\"description\":\"This wood-burning stove passes all the tests with flying colours. Its unmistakable style is an eye-catcher. The atmosphere heats up instantly thanks to its exceptional performance. You will be treated to a warm and wonderful show live from your living room. Let's applaud!\",\"breadcrumb\":{\"@id\":\"https:\/\/dev.invicta.wp19.axome.cc\/en\/produit\/brio-cast-iron-stove-direct-air-supply\/#breadcrumb\"},\"inLanguage\":\"en-US\",\"potentialAction\":[{\"@type\":\"ReadAction\",\"target\":[\"https:\/\/dev.invicta.wp19.axome.cc\/en\/produit\/brio-cast-iron-stove-direct-air-supply\/\"]}]},{\"@type\":\"ImageObject\",\"inLanguage\":\"en-US\",\"@id\":\"https:\/\/dev.invicta.wp19.axome.cc\/en\/produit\/brio-cast-iron-stove-direct-air-supply\/#primaryimage\",\"url\":\"https:\/\/dev.invicta.wp19.axome.cc\/wp-content\/uploads\/2025\/06\/A_BRIO-web.jpg\",\"contentUrl\":\"https:\/\/dev.invicta.wp19.axome.cc\/wp-content\/uploads\/2025\/06\/A_BRIO-web.jpg\",\"width\":800,\"height\":800,\"caption\":\"Po\u00eale \u00e0 bois en fonte Brio \u2013 Raccordable\"},{\"@type\":\"BreadcrumbList\",\"@id\":\"https:\/\/dev.invicta.wp19.axome.cc\/en\/produit\/brio-cast-iron-stove-direct-air-supply\/#breadcrumb\",\"itemListElement\":[{\"@type\":\"ListItem\",\"position\":1,\"name\":\"Home\",\"item\":\"https:\/\/dev.invicta.wp19.axome.cc\/en\/\"},{\"@type\":\"ListItem\",\"position\":2,\"name\":\"Products\",\"item\":\"https:\/\/dev.invicta.wp19.axome.cc\/en\/shop\/\"},{\"@type\":\"ListItem\",\"position\":3,\"name\":\"Wood burning stoves\",\"item\":\"https:\/\/dev.invicta.wp19.axome.cc\/en\/categorie-produit\/wood-burning-stoves\/\"},{\"@type\":\"ListItem\",\"position\":4,\"name\":\"Cast iron and steel wood burning stoves\",\"item\":\"https:\/\/dev.invicta.wp19.axome.cc\/en\/categorie-produit\/wood-burning-stoves\/cast-iron-and-steel-wood-burning-stoves-wood-burning-stoves\/\"},{\"@type\":\"ListItem\",\"position\":5,\"name\":\"Brio Cast Iron Stove &#8211; Direct Air Supply\"}]},{\"@type\":\"WebSite\",\"@id\":\"https:\/\/dev.invicta.wp19.axome.cc\/en\/#website\",\"url\":\"https:\/\/dev.invicta.wp19.axome.cc\/en\/\",\"name\":\"Invicta\",\"description\":\"Fabricant fran\u00e7ais, sp\u00e9cialiste europ\u00e9en du chauffage au bois : po\u00eales \u00e0 bois et \u00e0 granul\u00e9s, chemin\u00e9es, foyers et inserts\",\"publisher\":{\"@id\":\"https:\/\/dev.invicta.wp19.axome.cc\/en\/#organization\"},\"potentialAction\":[{\"@type\":\"SearchAction\",\"target\":{\"@type\":\"EntryPoint\",\"urlTemplate\":\"https:\/\/dev.invicta.wp19.axome.cc\/en\/?s={search_term_string}\"},\"query-input\":{\"@type\":\"PropertyValueSpecification\",\"valueRequired\":true,\"valueName\":\"search_term_string\"}}],\"inLanguage\":\"en-US\"},{\"@type\":\"Organization\",\"@id\":\"https:\/\/dev.invicta.wp19.axome.cc\/en\/#organization\",\"name\":\"Invicta\",\"url\":\"https:\/\/dev.invicta.wp19.axome.cc\/en\/\",\"logo\":{\"@type\":\"ImageObject\",\"inLanguage\":\"en-US\",\"@id\":\"https:\/\/dev.invicta.wp19.axome.cc\/en\/#\/schema\/logo\/image\/\",\"url\":\"https:\/\/www.invicta.fr\/wp-content\/uploads\/2019\/06\/INVICTALOGO_RVB.png\",\"contentUrl\":\"https:\/\/www.invicta.fr\/wp-content\/uploads\/2019\/06\/INVICTALOGO_RVB.png\",\"width\":1810,\"height\":1280,\"caption\":\"Invicta\"},\"image\":{\"@id\":\"https:\/\/dev.invicta.wp19.axome.cc\/en\/#\/schema\/logo\/image\/\"}}]}<\/script>\n<!-- \/ Yoast SEO plugin. -->","yoast_head_json":{"title":"Brio Cast Iron Stove - Direct Air Supply - Invicta","description":"This wood-burning stove passes all the tests with flying colours. Its unmistakable style is an eye-catcher. The atmosphere heats up instantly thanks to its exceptional performance. You will be treated to a warm and wonderful show live from your living room. Let's applaud!","robots":{"index":"index","follow":"follow","max-snippet":"max-snippet:-1","max-image-preview":"max-image-preview:large","max-video-preview":"max-video-preview:-1"},"canonical":"https:\/\/dev.invicta.wp19.axome.cc\/en\/produit\/brio-cast-iron-stove-direct-air-supply\/","og_locale":"en_US","og_type":"article","og_title":"Brio Cast Iron Stove - Direct Air Supply - Invicta","og_description":"This wood-burning stove passes all the tests with flying colours. Its unmistakable style is an eye-catcher. The atmosphere heats up instantly thanks to its exceptional performance. You will be treated to a warm and wonderful show live from your living room. Let's applaud!","og_url":"https:\/\/dev.invicta.wp19.axome.cc\/en\/produit\/brio-cast-iron-stove-direct-air-supply\/","og_site_name":"Invicta","article_modified_time":"2025-11-26T13:12:17+00:00","og_image":[{"width":800,"height":800,"url":"https:\/\/dev.invicta.wp19.axome.cc\/wp-content\/uploads\/2025\/06\/A_BRIO-web.jpg","type":"image\/jpeg"}],"twitter_card":"summary_large_image","schema":{"@context":"https:\/\/schema.org","@graph":[{"@type":"WebPage","@id":"https:\/\/dev.invicta.wp19.axome.cc\/en\/produit\/brio-cast-iron-stove-direct-air-supply\/","url":"https:\/\/dev.invicta.wp19.axome.cc\/en\/produit\/brio-cast-iron-stove-direct-air-supply\/","name":"Brio Cast Iron Stove - Direct Air Supply - Invicta","isPartOf":{"@id":"https:\/\/dev.invicta.wp19.axome.cc\/en\/#website"},"primaryImageOfPage":{"@id":"https:\/\/dev.invicta.wp19.axome.cc\/en\/produit\/brio-cast-iron-stove-direct-air-supply\/#primaryimage"},"image":{"@id":"https:\/\/dev.invicta.wp19.axome.cc\/en\/produit\/brio-cast-iron-stove-direct-air-supply\/#primaryimage"},"thumbnailUrl":"https:\/\/dev.invicta.wp19.axome.cc\/wp-content\/uploads\/2025\/06\/A_BRIO-web.jpg","datePublished":"2025-11-26T12:12:15+00:00","dateModified":"2025-11-26T13:12:17+00:00","description":"This wood-burning stove passes all the tests with flying colours. Its unmistakable style is an eye-catcher. The atmosphere heats up instantly thanks to its exceptional performance. You will be treated to a warm and wonderful show live from your living room. Let's applaud!","breadcrumb":{"@id":"https:\/\/dev.invicta.wp19.axome.cc\/en\/produit\/brio-cast-iron-stove-direct-air-supply\/#breadcrumb"},"inLanguage":"en-US","potentialAction":[{"@type":"ReadAction","target":["https:\/\/dev.invicta.wp19.axome.cc\/en\/produit\/brio-cast-iron-stove-direct-air-supply\/"]}]},{"@type":"ImageObject","inLanguage":"en-US","@id":"https:\/\/dev.invicta.wp19.axome.cc\/en\/produit\/brio-cast-iron-stove-direct-air-supply\/#primaryimage","url":"https:\/\/dev.invicta.wp19.axome.cc\/wp-content\/uploads\/2025\/06\/A_BRIO-web.jpg","contentUrl":"https:\/\/dev.invicta.wp19.axome.cc\/wp-content\/uploads\/2025\/06\/A_BRIO-web.jpg","width":800,"height":800,"caption":"Po\u00eale \u00e0 bois en fonte Brio \u2013 Raccordable"},{"@type":"BreadcrumbList","@id":"https:\/\/dev.invicta.wp19.axome.cc\/en\/produit\/brio-cast-iron-stove-direct-air-supply\/#breadcrumb","itemListElement":[{"@type":"ListItem","position":1,"name":"Home","item":"https:\/\/dev.invicta.wp19.axome.cc\/en\/"},{"@type":"ListItem","position":2,"name":"Products","item":"https:\/\/dev.invicta.wp19.axome.cc\/en\/shop\/"},{"@type":"ListItem","position":3,"name":"Wood burning stoves","item":"https:\/\/dev.invicta.wp19.axome.cc\/en\/categorie-produit\/wood-burning-stoves\/"},{"@type":"ListItem","position":4,"name":"Cast iron and steel wood burning stoves","item":"https:\/\/dev.invicta.wp19.axome.cc\/en\/categorie-produit\/wood-burning-stoves\/cast-iron-and-steel-wood-burning-stoves-wood-burning-stoves\/"},{"@type":"ListItem","position":5,"name":"Brio Cast Iron Stove &#8211; Direct Air Supply"}]},{"@type":"WebSite","@id":"https:\/\/dev.invicta.wp19.axome.cc\/en\/#website","url":"https:\/\/dev.invicta.wp19.axome.cc\/en\/","name":"Invicta","description":"Fabricant fran\u00e7ais, sp\u00e9cialiste europ\u00e9en du chauffage au bois : po\u00eales \u00e0 bois et \u00e0 granul\u00e9s, chemin\u00e9es, foyers et inserts","publisher":{"@id":"https:\/\/dev.invicta.wp19.axome.cc\/en\/#organization"},"potentialAction":[{"@type":"SearchAction","target":{"@type":"EntryPoint","urlTemplate":"https:\/\/dev.invicta.wp19.axome.cc\/en\/?s={search_term_string}"},"query-input":{"@type":"PropertyValueSpecification","valueRequired":true,"valueName":"search_term_string"}}],"inLanguage":"en-US"},{"@type":"Organization","@id":"https:\/\/dev.invicta.wp19.axome.cc\/en\/#organization","name":"Invicta","url":"https:\/\/dev.invicta.wp19.axome.cc\/en\/","logo":{"@type":"ImageObject","inLanguage":"en-US","@id":"https:\/\/dev.invicta.wp19.axome.cc\/en\/#\/schema\/logo\/image\/","url":"https:\/\/www.invicta.fr\/wp-content\/uploads\/2019\/06\/INVICTALOGO_RVB.png","contentUrl":"https:\/\/www.invicta.fr\/wp-content\/uploads\/2019\/06\/INVICTALOGO_RVB.png","width":1810,"height":1280,"caption":"Invicta"},"image":{"@id":"https:\/\/dev.invicta.wp19.axome.cc\/en\/#\/schema\/logo\/image\/"}}]}},"_links":{"self":[{"href":"https:\/\/dev.invicta.wp19.axome.cc\/en\/wp-json\/wp\/v2\/product\/69019","targetHints":{"allow":["GET"]}}],"collection":[{"href":"https:\/\/dev.invicta.wp19.axome.cc\/en\/wp-json\/wp\/v2\/product"}],"about":[{"href":"https:\/\/dev.invicta.wp19.axome.cc\/en\/wp-json\/wp\/v2\/types\/product"}],"wp:featuredmedia":[{"embeddable":true,"href":"https:\/\/dev.invicta.wp19.axome.cc\/en\/wp-json\/wp\/v2\/media\/68099"}],"wp:attachment":[{"href":"https:\/\/dev.invicta.wp19.axome.cc\/en\/wp-json\/wp\/v2\/media?parent=69019"}],"wp:term":[{"taxonomy":"product_brand","embeddable":true,"href":"https:\/\/dev.invicta.wp19.axome.cc\/en\/wp-json\/wp\/v2\/product_brand?post=69019"},{"taxonomy":"product_cat","embeddable":true,"href":"https:\/\/dev.invicta.wp19.axome.cc\/en\/wp-json\/wp\/v2\/product_cat?post=69019"},{"taxonomy":"product_tag","embeddable":true,"href":"https:\/\/dev.invicta.wp19.axome.cc\/en\/wp-json\/wp\/v2\/product_tag?post=69019"},{"taxonomy":"plus_produit","embeddable":true,"href":"https:\/\/dev.invicta.wp19.axome.cc\/en\/wp-json\/wp\/v2\/plus_produit?post=69019"}],"curies":[{"name":"wp","href":"https:\/\/api.w.org\/{rel}","templated":true}]}}