{"id":69024,"date":"2025-11-26T08:31:03","date_gmt":"2025-11-26T12:34:45","guid":{"rendered":"https:\/\/dev.invicta.wp19.axome.cc\/produit\/boree-steel-stove\/"},"modified":"2025-11-26T14:34:47","modified_gmt":"2025-11-26T13:34:47","slug":"stove-steel-boree","status":"publish","type":"product","link":"https:\/\/dev.invicta.wp19.axome.cc\/en\/produit\/stove-steel-boree\/","title":{"rendered":"Bor\u00e9e Steel Stove"},"content":{"rendered":"","protected":false},"excerpt":{"rendered":"<p>The airy and clean style of the Bor\u00e9e stove enhances the spectacle of the flames and frees up space for storing logs. Bor\u00e9e: design at an affordable price!<\/p>\n","protected":false},"featured_media":68111,"template":"","meta":{"_acf_changed":false},"product_brand":[],"product_cat":[2118,3631,6096,6167,6097,6093,6094],"product_tag":[1302,1300,1299,1305,2090,6830],"plus_produit":[3011,1842,6836,6292,3447,3009],"class_list":{"1":"product","4":"has-post-thumbnail","6":"product_cat-aide-au-choix-en","7":"product_cat-wood-burning-stoves","8":"product_cat-7-kw-wood-stoves","9":"product_cat-8-kw-wood-stoves","10":"product_cat-contemporary-wood-stoves","11":"product_cat-designer-wood-stoves","12":"product_cat-modern-wood-burning-stoves","13":"product_tag-flamme-verte-en","14":"product_tag-eco-design-2022-en","15":"product_tag-a-ecolabel-en","16":"product_tag-post-combustion-en","17":"product_tag-garantie-2-ans-en","18":"product_tag-y-extension-garantie-3ans-en","19":"pa_combustible-recommande-33-2-2","20":"pa_consommation-0-53-to-2-22-kg-hour","21":"pa_depart-des-fumees-dessus-en","22":"pa_diametre-de-buse-153-2-2","23":"pa_indice-de-performance-105-en","24":"plus_produit-adjustable-secondary-air","25":"plus_produit-clean-glass-en","26":"plus_produit-3-year-extended-warranty","27":"plus_produit-high-density-vermiculite","28":"plus_produit-intermittent-en","29":"plus_produit-post-combustion-system","31":"first","32":"instock","33":"purchasable","34":"product-type-simple"},"acf":[],"yoast_head":"<!-- This site is optimized with the Yoast SEO plugin v24.7 - https:\/\/yoast.com\/wordpress\/plugins\/seo\/ -->\n<title>Bor\u00e9e Steel Stove - Invicta<\/title>\n<meta name=\"description\" content=\"The airy and clean style of the Bor\u00e9e stove enhances the spectacle of the flames and frees up space for storing logs. Bor\u00e9e: design at an affordable price!\" \/>\n<meta name=\"robots\" content=\"index, follow, max-snippet:-1, max-image-preview:large, max-video-preview:-1\" \/>\n<link rel=\"canonical\" href=\"https:\/\/dev.invicta.wp19.axome.cc\/en\/produit\/stove-steel-boree\/\" \/>\n<meta property=\"og:locale\" content=\"en_US\" \/>\n<meta property=\"og:type\" content=\"article\" \/>\n<meta property=\"og:title\" content=\"Bor\u00e9e Steel Stove - Invicta\" \/>\n<meta property=\"og:description\" content=\"The airy and clean style of the Bor\u00e9e stove enhances the spectacle of the flames and frees up space for storing logs. Bor\u00e9e: design at an affordable price!\" \/>\n<meta property=\"og:url\" content=\"https:\/\/dev.invicta.wp19.axome.cc\/en\/produit\/stove-steel-boree\/\" \/>\n<meta property=\"og:site_name\" content=\"Invicta\" \/>\n<meta property=\"article:modified_time\" content=\"2025-11-26T13:34:47+00:00\" \/>\n<meta property=\"og:image\" content=\"https:\/\/dev.invicta.wp19.axome.cc\/wp-content\/uploads\/2025\/06\/C-BOREE-flammes-web.jpg\" \/>\n\t<meta property=\"og:image:width\" content=\"764\" \/>\n\t<meta property=\"og:image:height\" content=\"1080\" \/>\n\t<meta property=\"og:image:type\" content=\"image\/jpeg\" \/>\n<meta name=\"twitter:card\" content=\"summary_large_image\" \/>\n<script type=\"application\/ld+json\" class=\"yoast-schema-graph\">{\"@context\":\"https:\/\/schema.org\",\"@graph\":[{\"@type\":\"WebPage\",\"@id\":\"https:\/\/dev.invicta.wp19.axome.cc\/en\/produit\/stove-steel-boree\/\",\"url\":\"https:\/\/dev.invicta.wp19.axome.cc\/en\/produit\/stove-steel-boree\/\",\"name\":\"Bor\u00e9e Steel Stove - Invicta\",\"isPartOf\":{\"@id\":\"https:\/\/dev.invicta.wp19.axome.cc\/en\/#website\"},\"primaryImageOfPage\":{\"@id\":\"https:\/\/dev.invicta.wp19.axome.cc\/en\/produit\/stove-steel-boree\/#primaryimage\"},\"image\":{\"@id\":\"https:\/\/dev.invicta.wp19.axome.cc\/en\/produit\/stove-steel-boree\/#primaryimage\"},\"thumbnailUrl\":\"https:\/\/dev.invicta.wp19.axome.cc\/wp-content\/uploads\/2025\/06\/C-BOREE-flammes-web.jpg\",\"datePublished\":\"2025-11-26T12:34:45+00:00\",\"dateModified\":\"2025-11-26T13:34:47+00:00\",\"description\":\"The airy and clean style of the Bor\u00e9e stove enhances the spectacle of the flames and frees up space for storing logs. Bor\u00e9e: design at an affordable price!\",\"breadcrumb\":{\"@id\":\"https:\/\/dev.invicta.wp19.axome.cc\/en\/produit\/stove-steel-boree\/#breadcrumb\"},\"inLanguage\":\"en-US\",\"potentialAction\":[{\"@type\":\"ReadAction\",\"target\":[\"https:\/\/dev.invicta.wp19.axome.cc\/en\/produit\/stove-steel-boree\/\"]}]},{\"@type\":\"ImageObject\",\"inLanguage\":\"en-US\",\"@id\":\"https:\/\/dev.invicta.wp19.axome.cc\/en\/produit\/stove-steel-boree\/#primaryimage\",\"url\":\"https:\/\/dev.invicta.wp19.axome.cc\/wp-content\/uploads\/2025\/06\/C-BOREE-flammes-web.jpg\",\"contentUrl\":\"https:\/\/dev.invicta.wp19.axome.cc\/wp-content\/uploads\/2025\/06\/C-BOREE-flammes-web.jpg\",\"width\":764,\"height\":1080,\"caption\":\"Po\u00eale \u00e0 bois en acier Bor\u00e9e\"},{\"@type\":\"BreadcrumbList\",\"@id\":\"https:\/\/dev.invicta.wp19.axome.cc\/en\/produit\/stove-steel-boree\/#breadcrumb\",\"itemListElement\":[{\"@type\":\"ListItem\",\"position\":1,\"name\":\"Home\",\"item\":\"https:\/\/dev.invicta.wp19.axome.cc\/en\/\"},{\"@type\":\"ListItem\",\"position\":2,\"name\":\"Products\",\"item\":\"https:\/\/dev.invicta.wp19.axome.cc\/en\/shop\/\"},{\"@type\":\"ListItem\",\"position\":3,\"name\":\"Aide au choix\",\"item\":\"https:\/\/dev.invicta.wp19.axome.cc\/en\/categorie-produit\/aide-au-choix-en\/\"},{\"@type\":\"ListItem\",\"position\":4,\"name\":\"Bor\u00e9e Steel Stove\"}]},{\"@type\":\"WebSite\",\"@id\":\"https:\/\/dev.invicta.wp19.axome.cc\/en\/#website\",\"url\":\"https:\/\/dev.invicta.wp19.axome.cc\/en\/\",\"name\":\"Invicta\",\"description\":\"Fabricant fran\u00e7ais, sp\u00e9cialiste europ\u00e9en du chauffage au bois : po\u00eales \u00e0 bois et \u00e0 granul\u00e9s, chemin\u00e9es, foyers et inserts\",\"publisher\":{\"@id\":\"https:\/\/dev.invicta.wp19.axome.cc\/en\/#organization\"},\"potentialAction\":[{\"@type\":\"SearchAction\",\"target\":{\"@type\":\"EntryPoint\",\"urlTemplate\":\"https:\/\/dev.invicta.wp19.axome.cc\/en\/?s={search_term_string}\"},\"query-input\":{\"@type\":\"PropertyValueSpecification\",\"valueRequired\":true,\"valueName\":\"search_term_string\"}}],\"inLanguage\":\"en-US\"},{\"@type\":\"Organization\",\"@id\":\"https:\/\/dev.invicta.wp19.axome.cc\/en\/#organization\",\"name\":\"Invicta\",\"url\":\"https:\/\/dev.invicta.wp19.axome.cc\/en\/\",\"logo\":{\"@type\":\"ImageObject\",\"inLanguage\":\"en-US\",\"@id\":\"https:\/\/dev.invicta.wp19.axome.cc\/en\/#\/schema\/logo\/image\/\",\"url\":\"https:\/\/www.invicta.fr\/wp-content\/uploads\/2019\/06\/INVICTALOGO_RVB.png\",\"contentUrl\":\"https:\/\/www.invicta.fr\/wp-content\/uploads\/2019\/06\/INVICTALOGO_RVB.png\",\"width\":1810,\"height\":1280,\"caption\":\"Invicta\"},\"image\":{\"@id\":\"https:\/\/dev.invicta.wp19.axome.cc\/en\/#\/schema\/logo\/image\/\"}}]}<\/script>\n<!-- \/ Yoast SEO plugin. -->","yoast_head_json":{"title":"Bor\u00e9e Steel Stove - Invicta","description":"The airy and clean style of the Bor\u00e9e stove enhances the spectacle of the flames and frees up space for storing logs. Bor\u00e9e: design at an affordable price!","robots":{"index":"index","follow":"follow","max-snippet":"max-snippet:-1","max-image-preview":"max-image-preview:large","max-video-preview":"max-video-preview:-1"},"canonical":"https:\/\/dev.invicta.wp19.axome.cc\/en\/produit\/stove-steel-boree\/","og_locale":"en_US","og_type":"article","og_title":"Bor\u00e9e Steel Stove - Invicta","og_description":"The airy and clean style of the Bor\u00e9e stove enhances the spectacle of the flames and frees up space for storing logs. Bor\u00e9e: design at an affordable price!","og_url":"https:\/\/dev.invicta.wp19.axome.cc\/en\/produit\/stove-steel-boree\/","og_site_name":"Invicta","article_modified_time":"2025-11-26T13:34:47+00:00","og_image":[{"width":764,"height":1080,"url":"https:\/\/dev.invicta.wp19.axome.cc\/wp-content\/uploads\/2025\/06\/C-BOREE-flammes-web.jpg","type":"image\/jpeg"}],"twitter_card":"summary_large_image","schema":{"@context":"https:\/\/schema.org","@graph":[{"@type":"WebPage","@id":"https:\/\/dev.invicta.wp19.axome.cc\/en\/produit\/stove-steel-boree\/","url":"https:\/\/dev.invicta.wp19.axome.cc\/en\/produit\/stove-steel-boree\/","name":"Bor\u00e9e Steel Stove - Invicta","isPartOf":{"@id":"https:\/\/dev.invicta.wp19.axome.cc\/en\/#website"},"primaryImageOfPage":{"@id":"https:\/\/dev.invicta.wp19.axome.cc\/en\/produit\/stove-steel-boree\/#primaryimage"},"image":{"@id":"https:\/\/dev.invicta.wp19.axome.cc\/en\/produit\/stove-steel-boree\/#primaryimage"},"thumbnailUrl":"https:\/\/dev.invicta.wp19.axome.cc\/wp-content\/uploads\/2025\/06\/C-BOREE-flammes-web.jpg","datePublished":"2025-11-26T12:34:45+00:00","dateModified":"2025-11-26T13:34:47+00:00","description":"The airy and clean style of the Bor\u00e9e stove enhances the spectacle of the flames and frees up space for storing logs. Bor\u00e9e: design at an affordable price!","breadcrumb":{"@id":"https:\/\/dev.invicta.wp19.axome.cc\/en\/produit\/stove-steel-boree\/#breadcrumb"},"inLanguage":"en-US","potentialAction":[{"@type":"ReadAction","target":["https:\/\/dev.invicta.wp19.axome.cc\/en\/produit\/stove-steel-boree\/"]}]},{"@type":"ImageObject","inLanguage":"en-US","@id":"https:\/\/dev.invicta.wp19.axome.cc\/en\/produit\/stove-steel-boree\/#primaryimage","url":"https:\/\/dev.invicta.wp19.axome.cc\/wp-content\/uploads\/2025\/06\/C-BOREE-flammes-web.jpg","contentUrl":"https:\/\/dev.invicta.wp19.axome.cc\/wp-content\/uploads\/2025\/06\/C-BOREE-flammes-web.jpg","width":764,"height":1080,"caption":"Po\u00eale \u00e0 bois en acier Bor\u00e9e"},{"@type":"BreadcrumbList","@id":"https:\/\/dev.invicta.wp19.axome.cc\/en\/produit\/stove-steel-boree\/#breadcrumb","itemListElement":[{"@type":"ListItem","position":1,"name":"Home","item":"https:\/\/dev.invicta.wp19.axome.cc\/en\/"},{"@type":"ListItem","position":2,"name":"Products","item":"https:\/\/dev.invicta.wp19.axome.cc\/en\/shop\/"},{"@type":"ListItem","position":3,"name":"Aide au choix","item":"https:\/\/dev.invicta.wp19.axome.cc\/en\/categorie-produit\/aide-au-choix-en\/"},{"@type":"ListItem","position":4,"name":"Bor\u00e9e Steel Stove"}]},{"@type":"WebSite","@id":"https:\/\/dev.invicta.wp19.axome.cc\/en\/#website","url":"https:\/\/dev.invicta.wp19.axome.cc\/en\/","name":"Invicta","description":"Fabricant fran\u00e7ais, sp\u00e9cialiste europ\u00e9en du chauffage au bois : po\u00eales \u00e0 bois et \u00e0 granul\u00e9s, chemin\u00e9es, foyers et inserts","publisher":{"@id":"https:\/\/dev.invicta.wp19.axome.cc\/en\/#organization"},"potentialAction":[{"@type":"SearchAction","target":{"@type":"EntryPoint","urlTemplate":"https:\/\/dev.invicta.wp19.axome.cc\/en\/?s={search_term_string}"},"query-input":{"@type":"PropertyValueSpecification","valueRequired":true,"valueName":"search_term_string"}}],"inLanguage":"en-US"},{"@type":"Organization","@id":"https:\/\/dev.invicta.wp19.axome.cc\/en\/#organization","name":"Invicta","url":"https:\/\/dev.invicta.wp19.axome.cc\/en\/","logo":{"@type":"ImageObject","inLanguage":"en-US","@id":"https:\/\/dev.invicta.wp19.axome.cc\/en\/#\/schema\/logo\/image\/","url":"https:\/\/www.invicta.fr\/wp-content\/uploads\/2019\/06\/INVICTALOGO_RVB.png","contentUrl":"https:\/\/www.invicta.fr\/wp-content\/uploads\/2019\/06\/INVICTALOGO_RVB.png","width":1810,"height":1280,"caption":"Invicta"},"image":{"@id":"https:\/\/dev.invicta.wp19.axome.cc\/en\/#\/schema\/logo\/image\/"}}]}},"_links":{"self":[{"href":"https:\/\/dev.invicta.wp19.axome.cc\/en\/wp-json\/wp\/v2\/product\/69024","targetHints":{"allow":["GET"]}}],"collection":[{"href":"https:\/\/dev.invicta.wp19.axome.cc\/en\/wp-json\/wp\/v2\/product"}],"about":[{"href":"https:\/\/dev.invicta.wp19.axome.cc\/en\/wp-json\/wp\/v2\/types\/product"}],"wp:featuredmedia":[{"embeddable":true,"href":"https:\/\/dev.invicta.wp19.axome.cc\/en\/wp-json\/wp\/v2\/media\/68111"}],"wp:attachment":[{"href":"https:\/\/dev.invicta.wp19.axome.cc\/en\/wp-json\/wp\/v2\/media?parent=69024"}],"wp:term":[{"taxonomy":"product_brand","embeddable":true,"href":"https:\/\/dev.invicta.wp19.axome.cc\/en\/wp-json\/wp\/v2\/product_brand?post=69024"},{"taxonomy":"product_cat","embeddable":true,"href":"https:\/\/dev.invicta.wp19.axome.cc\/en\/wp-json\/wp\/v2\/product_cat?post=69024"},{"taxonomy":"product_tag","embeddable":true,"href":"https:\/\/dev.invicta.wp19.axome.cc\/en\/wp-json\/wp\/v2\/product_tag?post=69024"},{"taxonomy":"plus_produit","embeddable":true,"href":"https:\/\/dev.invicta.wp19.axome.cc\/en\/wp-json\/wp\/v2\/plus_produit?post=69024"}],"curies":[{"name":"wp","href":"https:\/\/api.w.org\/{rel}","templated":true}]}}