{"id":69223,"date":"2025-11-26T08:15:29","date_gmt":"2025-11-26T12:06:13","guid":{"rendered":"https:\/\/dev.invicta.wp19.axome.cc\/produit\/lodi-6-gray-wi-fi-air-tight-pellet-stove-concentric-flue-exit\/"},"modified":"2025-11-26T14:06:15","modified_gmt":"2025-11-26T13:06:15","slug":"pellet-stove-lodi-6-wi-fi-airtight-pellet-stove-grey","status":"publish","type":"product","link":"https:\/\/dev.invicta.wp19.axome.cc\/en\/produit\/pellet-stove-lodi-6-wi-fi-airtight-pellet-stove-grey\/","title":{"rendered":"Lodi 6 gray Wi-Fi Air-tight Pellet Stove &#8211; concentric flue exit"},"content":{"rendered":"","protected":false},"excerpt":{"rendered":"<p>Air-tight, concentric flue exit, integrated Wi-Fi: the Lodi 6 pellet stove has everything you need to guarantee your comfort in a new home.<\/p>\n","protected":false},"featured_media":68638,"template":"","meta":{"_acf_changed":false},"product_brand":[],"product_cat":[2118,4931,2087,6635,6636,5948,5945,5950,5947,5961,5960,6427,6425],"product_tag":[1302,1300,2089,6430,6431,2090,6827],"plus_produit":[2082,6424,2084,2984,2085,6842,3074,2982,2980,8036,3491,2081],"class_list":{"1":"product","4":"has-post-thumbnail","6":"product_cat-aide-au-choix-en","7":"product_cat-pellet-stoves-en","8":"product_cat-airtight-pellet-stoves","9":"product_cat-pellet-stoves-6-kw","10":"product_cat-waterproof-pellet-stoves-6-kw","11":"product_cat-autonomous-pellet-stoves","12":"product_cat-programmable-pellet-stoves","13":"product_cat-contemporary-pellet-stoves","14":"product_cat-modern-pellet-stoves","15":"product_cat-round-pellet-stoves","16":"product_cat-pellet-stoves-top-outlet","17":"product_cat-pellet-stoves-wall-outlet","18":"product_cat-pellet-stoves-with-suction-outlet","19":"product_tag-flamme-verte-en","20":"product_tag-eco-design-2022-en","21":"product_tag-a-ecolabel-en-2","22":"product_tag-standard-wifi","23":"product_tag-zone-3-suction-cup","24":"product_tag-garantie-2-ans-en","25":"product_tag-y-garantie-extension-1-an-en","26":"pa_consommation-0-75-1-44-2-3","27":"pa_depart-des-fumees-concentrique-3","28":"pa_indice-de-performance-121-en","29":"pa_surface-de-chauffe-25-to-70-m","30":"pa_volume-de-chauffe-65-to-180-m","31":"plus_produit-appareil-etanche-compatible-rt2012-en","32":"plus_produit-built-in-wi-fi","33":"plus_produit-can-be-installed-facing-front-zone-3-suction","34":"plus_produit-combustion-control-kit-cck","35":"plus_produit-cstb-technical-assessment-no-14-2-15-2130v5","36":"plus_produit-extension-de-garantie-1-an-en-2","37":"plus_produit-hourly-schedule","38":"plus_produit-optional-external-thermostat-control-not-included","39":"plus_produit-regulate-the-flame-or-room-temperature","40":"plus_produit-sortie-dessus-concentrique-coaxiale-integree-80-130-2","41":"plus_produit-standby","42":"plus_produit-ventilator-for-hot-air-output","44":"first","45":"instock","46":"purchasable","47":"product-type-simple"},"acf":[],"yoast_head":"<!-- This site is optimized with the Yoast SEO plugin v24.7 - https:\/\/yoast.com\/wordpress\/plugins\/seo\/ -->\n<title>Lodi 6 gray Wi-Fi Air-tight Pellet Stove - concentric flue exit - Invicta<\/title>\n<meta name=\"description\" content=\"Air-tight, concentric flue exit, integrated Wi-Fi: the Lodi 6 pellet stove has everything you need to guarantee your comfort in a new home.\" \/>\n<meta name=\"robots\" content=\"index, follow, max-snippet:-1, max-image-preview:large, max-video-preview:-1\" \/>\n<link rel=\"canonical\" href=\"https:\/\/dev.invicta.wp19.axome.cc\/en\/produit\/pellet-stove-lodi-6-wi-fi-airtight-pellet-stove-grey\/\" \/>\n<meta property=\"og:locale\" content=\"en_US\" \/>\n<meta property=\"og:type\" content=\"article\" \/>\n<meta property=\"og:title\" content=\"Lodi 6 gray Wi-Fi Air-tight Pellet Stove - concentric flue exit - Invicta\" \/>\n<meta property=\"og:description\" content=\"Air-tight, concentric flue exit, integrated Wi-Fi: the Lodi 6 pellet stove has everything you need to guarantee your comfort in a new home.\" \/>\n<meta property=\"og:url\" content=\"https:\/\/dev.invicta.wp19.axome.cc\/en\/produit\/pellet-stove-lodi-6-wi-fi-airtight-pellet-stove-grey\/\" \/>\n<meta property=\"og:site_name\" content=\"Invicta\" \/>\n<meta property=\"article:modified_time\" content=\"2025-11-26T13:06:15+00:00\" \/>\n<meta property=\"og:image\" content=\"https:\/\/dev.invicta.wp19.axome.cc\/wp-content\/uploads\/2025\/06\/A_LODI6_gris_web.jpg\" \/>\n\t<meta property=\"og:image:width\" content=\"800\" \/>\n\t<meta property=\"og:image:height\" content=\"800\" \/>\n\t<meta property=\"og:image:type\" content=\"image\/jpeg\" \/>\n<meta name=\"twitter:card\" content=\"summary_large_image\" \/>\n<script type=\"application\/ld+json\" class=\"yoast-schema-graph\">{\"@context\":\"https:\/\/schema.org\",\"@graph\":[{\"@type\":\"WebPage\",\"@id\":\"https:\/\/dev.invicta.wp19.axome.cc\/en\/produit\/pellet-stove-lodi-6-wi-fi-airtight-pellet-stove-grey\/\",\"url\":\"https:\/\/dev.invicta.wp19.axome.cc\/en\/produit\/pellet-stove-lodi-6-wi-fi-airtight-pellet-stove-grey\/\",\"name\":\"Lodi 6 gray Wi-Fi Air-tight Pellet Stove - concentric flue exit - Invicta\",\"isPartOf\":{\"@id\":\"https:\/\/dev.invicta.wp19.axome.cc\/en\/#website\"},\"primaryImageOfPage\":{\"@id\":\"https:\/\/dev.invicta.wp19.axome.cc\/en\/produit\/pellet-stove-lodi-6-wi-fi-airtight-pellet-stove-grey\/#primaryimage\"},\"image\":{\"@id\":\"https:\/\/dev.invicta.wp19.axome.cc\/en\/produit\/pellet-stove-lodi-6-wi-fi-airtight-pellet-stove-grey\/#primaryimage\"},\"thumbnailUrl\":\"https:\/\/dev.invicta.wp19.axome.cc\/wp-content\/uploads\/2025\/06\/A_LODI6_gris_web.jpg\",\"datePublished\":\"2025-11-26T12:06:13+00:00\",\"dateModified\":\"2025-11-26T13:06:15+00:00\",\"description\":\"Air-tight, concentric flue exit, integrated Wi-Fi: the Lodi 6 pellet stove has everything you need to guarantee your comfort in a new home.\",\"breadcrumb\":{\"@id\":\"https:\/\/dev.invicta.wp19.axome.cc\/en\/produit\/pellet-stove-lodi-6-wi-fi-airtight-pellet-stove-grey\/#breadcrumb\"},\"inLanguage\":\"en-US\",\"potentialAction\":[{\"@type\":\"ReadAction\",\"target\":[\"https:\/\/dev.invicta.wp19.axome.cc\/en\/produit\/pellet-stove-lodi-6-wi-fi-airtight-pellet-stove-grey\/\"]}]},{\"@type\":\"ImageObject\",\"inLanguage\":\"en-US\",\"@id\":\"https:\/\/dev.invicta.wp19.axome.cc\/en\/produit\/pellet-stove-lodi-6-wi-fi-airtight-pellet-stove-grey\/#primaryimage\",\"url\":\"https:\/\/dev.invicta.wp19.axome.cc\/wp-content\/uploads\/2025\/06\/A_LODI6_gris_web.jpg\",\"contentUrl\":\"https:\/\/dev.invicta.wp19.axome.cc\/wp-content\/uploads\/2025\/06\/A_LODI6_gris_web.jpg\",\"width\":800,\"height\":800,\"caption\":\"Po\u00eale \u00e0 Granul\u00e9s \u00e9tanche Lodi 6 - concentrique WiFi\"},{\"@type\":\"BreadcrumbList\",\"@id\":\"https:\/\/dev.invicta.wp19.axome.cc\/en\/produit\/pellet-stove-lodi-6-wi-fi-airtight-pellet-stove-grey\/#breadcrumb\",\"itemListElement\":[{\"@type\":\"ListItem\",\"position\":1,\"name\":\"Home\",\"item\":\"https:\/\/dev.invicta.wp19.axome.cc\/en\/\"},{\"@type\":\"ListItem\",\"position\":2,\"name\":\"Products\",\"item\":\"https:\/\/dev.invicta.wp19.axome.cc\/en\/shop\/\"},{\"@type\":\"ListItem\",\"position\":3,\"name\":\"Pellet Stoves\",\"item\":\"https:\/\/dev.invicta.wp19.axome.cc\/en\/categorie-produit\/pellet-stoves-en\/\"},{\"@type\":\"ListItem\",\"position\":4,\"name\":\"Airtight Pellet Stoves\",\"item\":\"https:\/\/dev.invicta.wp19.axome.cc\/en\/categorie-produit\/pellet-stoves-en\/airtight-pellet-stoves\/\"},{\"@type\":\"ListItem\",\"position\":5,\"name\":\"Lodi 6 gray Wi-Fi Air-tight Pellet Stove &#8211; concentric flue exit\"}]},{\"@type\":\"WebSite\",\"@id\":\"https:\/\/dev.invicta.wp19.axome.cc\/en\/#website\",\"url\":\"https:\/\/dev.invicta.wp19.axome.cc\/en\/\",\"name\":\"Invicta\",\"description\":\"Fabricant fran\u00e7ais, sp\u00e9cialiste europ\u00e9en du chauffage au bois : po\u00eales \u00e0 bois et \u00e0 granul\u00e9s, chemin\u00e9es, foyers et inserts\",\"publisher\":{\"@id\":\"https:\/\/dev.invicta.wp19.axome.cc\/en\/#organization\"},\"potentialAction\":[{\"@type\":\"SearchAction\",\"target\":{\"@type\":\"EntryPoint\",\"urlTemplate\":\"https:\/\/dev.invicta.wp19.axome.cc\/en\/?s={search_term_string}\"},\"query-input\":{\"@type\":\"PropertyValueSpecification\",\"valueRequired\":true,\"valueName\":\"search_term_string\"}}],\"inLanguage\":\"en-US\"},{\"@type\":\"Organization\",\"@id\":\"https:\/\/dev.invicta.wp19.axome.cc\/en\/#organization\",\"name\":\"Invicta\",\"url\":\"https:\/\/dev.invicta.wp19.axome.cc\/en\/\",\"logo\":{\"@type\":\"ImageObject\",\"inLanguage\":\"en-US\",\"@id\":\"https:\/\/dev.invicta.wp19.axome.cc\/en\/#\/schema\/logo\/image\/\",\"url\":\"https:\/\/www.invicta.fr\/wp-content\/uploads\/2019\/06\/INVICTALOGO_RVB.png\",\"contentUrl\":\"https:\/\/www.invicta.fr\/wp-content\/uploads\/2019\/06\/INVICTALOGO_RVB.png\",\"width\":1810,\"height\":1280,\"caption\":\"Invicta\"},\"image\":{\"@id\":\"https:\/\/dev.invicta.wp19.axome.cc\/en\/#\/schema\/logo\/image\/\"}}]}<\/script>\n<!-- \/ Yoast SEO plugin. -->","yoast_head_json":{"title":"Lodi 6 gray Wi-Fi Air-tight Pellet Stove - concentric flue exit - Invicta","description":"Air-tight, concentric flue exit, integrated Wi-Fi: the Lodi 6 pellet stove has everything you need to guarantee your comfort in a new home.","robots":{"index":"index","follow":"follow","max-snippet":"max-snippet:-1","max-image-preview":"max-image-preview:large","max-video-preview":"max-video-preview:-1"},"canonical":"https:\/\/dev.invicta.wp19.axome.cc\/en\/produit\/pellet-stove-lodi-6-wi-fi-airtight-pellet-stove-grey\/","og_locale":"en_US","og_type":"article","og_title":"Lodi 6 gray Wi-Fi Air-tight Pellet Stove - concentric flue exit - Invicta","og_description":"Air-tight, concentric flue exit, integrated Wi-Fi: the Lodi 6 pellet stove has everything you need to guarantee your comfort in a new home.","og_url":"https:\/\/dev.invicta.wp19.axome.cc\/en\/produit\/pellet-stove-lodi-6-wi-fi-airtight-pellet-stove-grey\/","og_site_name":"Invicta","article_modified_time":"2025-11-26T13:06:15+00:00","og_image":[{"width":800,"height":800,"url":"https:\/\/dev.invicta.wp19.axome.cc\/wp-content\/uploads\/2025\/06\/A_LODI6_gris_web.jpg","type":"image\/jpeg"}],"twitter_card":"summary_large_image","schema":{"@context":"https:\/\/schema.org","@graph":[{"@type":"WebPage","@id":"https:\/\/dev.invicta.wp19.axome.cc\/en\/produit\/pellet-stove-lodi-6-wi-fi-airtight-pellet-stove-grey\/","url":"https:\/\/dev.invicta.wp19.axome.cc\/en\/produit\/pellet-stove-lodi-6-wi-fi-airtight-pellet-stove-grey\/","name":"Lodi 6 gray Wi-Fi Air-tight Pellet Stove - concentric flue exit - Invicta","isPartOf":{"@id":"https:\/\/dev.invicta.wp19.axome.cc\/en\/#website"},"primaryImageOfPage":{"@id":"https:\/\/dev.invicta.wp19.axome.cc\/en\/produit\/pellet-stove-lodi-6-wi-fi-airtight-pellet-stove-grey\/#primaryimage"},"image":{"@id":"https:\/\/dev.invicta.wp19.axome.cc\/en\/produit\/pellet-stove-lodi-6-wi-fi-airtight-pellet-stove-grey\/#primaryimage"},"thumbnailUrl":"https:\/\/dev.invicta.wp19.axome.cc\/wp-content\/uploads\/2025\/06\/A_LODI6_gris_web.jpg","datePublished":"2025-11-26T12:06:13+00:00","dateModified":"2025-11-26T13:06:15+00:00","description":"Air-tight, concentric flue exit, integrated Wi-Fi: the Lodi 6 pellet stove has everything you need to guarantee your comfort in a new home.","breadcrumb":{"@id":"https:\/\/dev.invicta.wp19.axome.cc\/en\/produit\/pellet-stove-lodi-6-wi-fi-airtight-pellet-stove-grey\/#breadcrumb"},"inLanguage":"en-US","potentialAction":[{"@type":"ReadAction","target":["https:\/\/dev.invicta.wp19.axome.cc\/en\/produit\/pellet-stove-lodi-6-wi-fi-airtight-pellet-stove-grey\/"]}]},{"@type":"ImageObject","inLanguage":"en-US","@id":"https:\/\/dev.invicta.wp19.axome.cc\/en\/produit\/pellet-stove-lodi-6-wi-fi-airtight-pellet-stove-grey\/#primaryimage","url":"https:\/\/dev.invicta.wp19.axome.cc\/wp-content\/uploads\/2025\/06\/A_LODI6_gris_web.jpg","contentUrl":"https:\/\/dev.invicta.wp19.axome.cc\/wp-content\/uploads\/2025\/06\/A_LODI6_gris_web.jpg","width":800,"height":800,"caption":"Po\u00eale \u00e0 Granul\u00e9s \u00e9tanche Lodi 6 - concentrique WiFi"},{"@type":"BreadcrumbList","@id":"https:\/\/dev.invicta.wp19.axome.cc\/en\/produit\/pellet-stove-lodi-6-wi-fi-airtight-pellet-stove-grey\/#breadcrumb","itemListElement":[{"@type":"ListItem","position":1,"name":"Home","item":"https:\/\/dev.invicta.wp19.axome.cc\/en\/"},{"@type":"ListItem","position":2,"name":"Products","item":"https:\/\/dev.invicta.wp19.axome.cc\/en\/shop\/"},{"@type":"ListItem","position":3,"name":"Pellet Stoves","item":"https:\/\/dev.invicta.wp19.axome.cc\/en\/categorie-produit\/pellet-stoves-en\/"},{"@type":"ListItem","position":4,"name":"Airtight Pellet Stoves","item":"https:\/\/dev.invicta.wp19.axome.cc\/en\/categorie-produit\/pellet-stoves-en\/airtight-pellet-stoves\/"},{"@type":"ListItem","position":5,"name":"Lodi 6 gray Wi-Fi Air-tight Pellet Stove &#8211; concentric flue exit"}]},{"@type":"WebSite","@id":"https:\/\/dev.invicta.wp19.axome.cc\/en\/#website","url":"https:\/\/dev.invicta.wp19.axome.cc\/en\/","name":"Invicta","description":"Fabricant fran\u00e7ais, sp\u00e9cialiste europ\u00e9en du chauffage au bois : po\u00eales \u00e0 bois et \u00e0 granul\u00e9s, chemin\u00e9es, foyers et inserts","publisher":{"@id":"https:\/\/dev.invicta.wp19.axome.cc\/en\/#organization"},"potentialAction":[{"@type":"SearchAction","target":{"@type":"EntryPoint","urlTemplate":"https:\/\/dev.invicta.wp19.axome.cc\/en\/?s={search_term_string}"},"query-input":{"@type":"PropertyValueSpecification","valueRequired":true,"valueName":"search_term_string"}}],"inLanguage":"en-US"},{"@type":"Organization","@id":"https:\/\/dev.invicta.wp19.axome.cc\/en\/#organization","name":"Invicta","url":"https:\/\/dev.invicta.wp19.axome.cc\/en\/","logo":{"@type":"ImageObject","inLanguage":"en-US","@id":"https:\/\/dev.invicta.wp19.axome.cc\/en\/#\/schema\/logo\/image\/","url":"https:\/\/www.invicta.fr\/wp-content\/uploads\/2019\/06\/INVICTALOGO_RVB.png","contentUrl":"https:\/\/www.invicta.fr\/wp-content\/uploads\/2019\/06\/INVICTALOGO_RVB.png","width":1810,"height":1280,"caption":"Invicta"},"image":{"@id":"https:\/\/dev.invicta.wp19.axome.cc\/en\/#\/schema\/logo\/image\/"}}]}},"_links":{"self":[{"href":"https:\/\/dev.invicta.wp19.axome.cc\/en\/wp-json\/wp\/v2\/product\/69223","targetHints":{"allow":["GET"]}}],"collection":[{"href":"https:\/\/dev.invicta.wp19.axome.cc\/en\/wp-json\/wp\/v2\/product"}],"about":[{"href":"https:\/\/dev.invicta.wp19.axome.cc\/en\/wp-json\/wp\/v2\/types\/product"}],"wp:featuredmedia":[{"embeddable":true,"href":"https:\/\/dev.invicta.wp19.axome.cc\/en\/wp-json\/wp\/v2\/media\/68638"}],"wp:attachment":[{"href":"https:\/\/dev.invicta.wp19.axome.cc\/en\/wp-json\/wp\/v2\/media?parent=69223"}],"wp:term":[{"taxonomy":"product_brand","embeddable":true,"href":"https:\/\/dev.invicta.wp19.axome.cc\/en\/wp-json\/wp\/v2\/product_brand?post=69223"},{"taxonomy":"product_cat","embeddable":true,"href":"https:\/\/dev.invicta.wp19.axome.cc\/en\/wp-json\/wp\/v2\/product_cat?post=69223"},{"taxonomy":"product_tag","embeddable":true,"href":"https:\/\/dev.invicta.wp19.axome.cc\/en\/wp-json\/wp\/v2\/product_tag?post=69223"},{"taxonomy":"plus_produit","embeddable":true,"href":"https:\/\/dev.invicta.wp19.axome.cc\/en\/wp-json\/wp\/v2\/plus_produit?post=69223"}],"curies":[{"name":"wp","href":"https:\/\/api.w.org\/{rel}","templated":true}]}}