{"id":69227,"date":"2025-11-26T08:11:56","date_gmt":"2025-06-09T16:02:08","guid":{"rendered":"https:\/\/dev.invicta.wp19.axome.cc\/produit\/lodi-8-white-wi-fi-airtight-pellet-stove\/"},"modified":"2025-06-09T18:02:09","modified_gmt":"2025-06-09T16:02:09","slug":"lodi-8-white-wi-fi-airtight-pellet-stove","status":"publish","type":"product","link":"https:\/\/dev.invicta.wp19.axome.cc\/en\/produit\/lodi-8-white-wi-fi-airtight-pellet-stove\/","title":{"rendered":"Lodi 8 white Wi-Fi Airtight Pellet Stove"},"content":{"rendered":"<p>With its round lines and softened style, Lodi 8 airtight brings warmth and well-being into your home. It has built-in Wi-Fi and can be controlled from a smartphone.<\/p>\n","protected":false},"excerpt":{"rendered":"<p>With its round lines and softened style, Lodi 8 airtight brings warmth and well-being into your home. It has built-in Wi-Fi and can be controlled from a smartphone.<\/p>\n","protected":false},"featured_media":68661,"template":"","meta":{"_acf_changed":false},"product_brand":[],"product_cat":[],"product_tag":[1302,1300,2089,6430,6431,2090,6827],"plus_produit":[2082,6424,2084,2984,2085,6842,3074,2982,2980,3491,2081],"class_list":{"1":"product","4":"has-post-thumbnail","6":"product_tag-flamme-verte-en","7":"product_tag-eco-design-2022-en","8":"product_tag-a-ecolabel-en-2","9":"product_tag-standard-wifi","10":"product_tag-zone-3-suction-cup","11":"product_tag-garantie-2-ans-en","12":"product_tag-y-garantie-extension-1-an-en","13":"pa_autonomie-minimum-9-hours-en","14":"pa_capacite-de-la-tremie-16-5-kg-en","15":"pa_consommation-0-69-1-77-3","16":"pa_depart-des-fumees-arriere-en","17":"pa_indice-de-performance-126-en","18":"pa_modulation-de-puissance-31-8","19":"pa_surface-de-chauffe-30-to-100-m","20":"pa_taux-de-co-0-0078-3-2","21":"pa_volume-de-chauffe-75-to-240-m","22":"plus_produit-appareil-etanche-compatible-rt2012-en","23":"plus_produit-built-in-wi-fi","24":"plus_produit-can-be-installed-facing-front-zone-3-suction","25":"plus_produit-combustion-control-kit-cck","26":"plus_produit-cstb-technical-assessment-no-14-2-15-2130v5","27":"plus_produit-extension-de-garantie-1-an-en-2","28":"plus_produit-hourly-schedule","29":"plus_produit-optional-external-thermostat-control-not-included","30":"plus_produit-regulate-the-flame-or-room-temperature","31":"plus_produit-standby","32":"plus_produit-ventilator-for-hot-air-output","34":"first","35":"instock","36":"purchasable","37":"product-type-simple"},"acf":[],"yoast_head":"<!-- This site is optimized with the Yoast SEO plugin v24.7 - https:\/\/yoast.com\/wordpress\/plugins\/seo\/ -->\n<title>Lodi 8 white Wi-Fi Airtight Pellet Stove - Invicta<\/title>\n<meta name=\"description\" content=\"With its round lines and softened style, Lodi 8 airtight brings warmth and well-being into your home. It has built-in Wi-Fi and can be controlled from a\" \/>\n<meta name=\"robots\" content=\"index, follow, max-snippet:-1, max-image-preview:large, max-video-preview:-1\" \/>\n<link rel=\"canonical\" href=\"https:\/\/dev.invicta.wp19.axome.cc\/en\/produit\/lodi-8-white-wi-fi-airtight-pellet-stove\/\" \/>\n<meta property=\"og:locale\" content=\"en_US\" \/>\n<meta property=\"og:type\" content=\"article\" \/>\n<meta property=\"og:title\" content=\"Lodi 8 white Wi-Fi Airtight Pellet Stove - Invicta\" \/>\n<meta property=\"og:description\" content=\"With its round lines and softened style, Lodi 8 airtight brings warmth and well-being into your home. It has built-in Wi-Fi and can be controlled from a\" \/>\n<meta property=\"og:url\" content=\"https:\/\/dev.invicta.wp19.axome.cc\/en\/produit\/lodi-8-white-wi-fi-airtight-pellet-stove\/\" \/>\n<meta property=\"og:site_name\" content=\"Invicta\" \/>\n<meta property=\"article:modified_time\" content=\"2025-06-09T16:02:09+00:00\" \/>\n<meta property=\"og:image\" content=\"https:\/\/dev.invicta.wp19.axome.cc\/wp-content\/uploads\/2025\/06\/LODI-etanche-8-WIFI_blanc-WEB-1.jpg\" \/>\n\t<meta property=\"og:image:width\" content=\"851\" \/>\n\t<meta property=\"og:image:height\" content=\"848\" \/>\n\t<meta property=\"og:image:type\" content=\"image\/jpeg\" \/>\n<meta name=\"twitter:card\" content=\"summary_large_image\" \/>\n<script type=\"application\/ld+json\" class=\"yoast-schema-graph\">{\"@context\":\"https:\/\/schema.org\",\"@graph\":[{\"@type\":\"WebPage\",\"@id\":\"https:\/\/dev.invicta.wp19.axome.cc\/en\/produit\/lodi-8-white-wi-fi-airtight-pellet-stove\/\",\"url\":\"https:\/\/dev.invicta.wp19.axome.cc\/en\/produit\/lodi-8-white-wi-fi-airtight-pellet-stove\/\",\"name\":\"Lodi 8 white Wi-Fi Airtight Pellet Stove - Invicta\",\"isPartOf\":{\"@id\":\"https:\/\/dev.invicta.wp19.axome.cc\/en\/#website\"},\"primaryImageOfPage\":{\"@id\":\"https:\/\/dev.invicta.wp19.axome.cc\/en\/produit\/lodi-8-white-wi-fi-airtight-pellet-stove\/#primaryimage\"},\"image\":{\"@id\":\"https:\/\/dev.invicta.wp19.axome.cc\/en\/produit\/lodi-8-white-wi-fi-airtight-pellet-stove\/#primaryimage\"},\"thumbnailUrl\":\"https:\/\/dev.invicta.wp19.axome.cc\/wp-content\/uploads\/2025\/06\/LODI-etanche-8-WIFI_blanc-WEB-1.jpg\",\"datePublished\":\"2025-06-09T16:02:08+00:00\",\"dateModified\":\"2025-06-09T16:02:09+00:00\",\"description\":\"With its round lines and softened style, Lodi 8 airtight brings warmth and well-being into your home. It has built-in Wi-Fi and can be controlled from a\",\"breadcrumb\":{\"@id\":\"https:\/\/dev.invicta.wp19.axome.cc\/en\/produit\/lodi-8-white-wi-fi-airtight-pellet-stove\/#breadcrumb\"},\"inLanguage\":\"en-US\",\"potentialAction\":[{\"@type\":\"ReadAction\",\"target\":[\"https:\/\/dev.invicta.wp19.axome.cc\/en\/produit\/lodi-8-white-wi-fi-airtight-pellet-stove\/\"]}]},{\"@type\":\"ImageObject\",\"inLanguage\":\"en-US\",\"@id\":\"https:\/\/dev.invicta.wp19.axome.cc\/en\/produit\/lodi-8-white-wi-fi-airtight-pellet-stove\/#primaryimage\",\"url\":\"https:\/\/dev.invicta.wp19.axome.cc\/wp-content\/uploads\/2025\/06\/LODI-etanche-8-WIFI_blanc-WEB-1.jpg\",\"contentUrl\":\"https:\/\/dev.invicta.wp19.axome.cc\/wp-content\/uploads\/2025\/06\/LODI-etanche-8-WIFI_blanc-WEB-1.jpg\",\"width\":851,\"height\":848,\"caption\":\"Po\u00eale \u00e0 Granul\u00e9s \u00e9tanche Lodi 8 blanc Wi-Fi - Po\u00eale \u00e0 pellets\"},{\"@type\":\"BreadcrumbList\",\"@id\":\"https:\/\/dev.invicta.wp19.axome.cc\/en\/produit\/lodi-8-white-wi-fi-airtight-pellet-stove\/#breadcrumb\",\"itemListElement\":[{\"@type\":\"ListItem\",\"position\":1,\"name\":\"Home\",\"item\":\"https:\/\/dev.invicta.wp19.axome.cc\/en\/\"},{\"@type\":\"ListItem\",\"position\":2,\"name\":\"Products\",\"item\":\"https:\/\/dev.invicta.wp19.axome.cc\/en\/shop\/\"},{\"@type\":\"ListItem\",\"position\":3,\"name\":\"Lodi 8 white Wi-Fi Airtight Pellet Stove\"}]},{\"@type\":\"WebSite\",\"@id\":\"https:\/\/dev.invicta.wp19.axome.cc\/en\/#website\",\"url\":\"https:\/\/dev.invicta.wp19.axome.cc\/en\/\",\"name\":\"Invicta\",\"description\":\"Fabricant fran\u00e7ais, sp\u00e9cialiste europ\u00e9en du chauffage au bois : po\u00eales \u00e0 bois et \u00e0 granul\u00e9s, chemin\u00e9es, foyers et inserts\",\"publisher\":{\"@id\":\"https:\/\/dev.invicta.wp19.axome.cc\/en\/#organization\"},\"potentialAction\":[{\"@type\":\"SearchAction\",\"target\":{\"@type\":\"EntryPoint\",\"urlTemplate\":\"https:\/\/dev.invicta.wp19.axome.cc\/en\/?s={search_term_string}\"},\"query-input\":{\"@type\":\"PropertyValueSpecification\",\"valueRequired\":true,\"valueName\":\"search_term_string\"}}],\"inLanguage\":\"en-US\"},{\"@type\":\"Organization\",\"@id\":\"https:\/\/dev.invicta.wp19.axome.cc\/en\/#organization\",\"name\":\"Invicta\",\"url\":\"https:\/\/dev.invicta.wp19.axome.cc\/en\/\",\"logo\":{\"@type\":\"ImageObject\",\"inLanguage\":\"en-US\",\"@id\":\"https:\/\/dev.invicta.wp19.axome.cc\/en\/#\/schema\/logo\/image\/\",\"url\":\"https:\/\/www.invicta.fr\/wp-content\/uploads\/2019\/06\/INVICTALOGO_RVB.png\",\"contentUrl\":\"https:\/\/www.invicta.fr\/wp-content\/uploads\/2019\/06\/INVICTALOGO_RVB.png\",\"width\":1810,\"height\":1280,\"caption\":\"Invicta\"},\"image\":{\"@id\":\"https:\/\/dev.invicta.wp19.axome.cc\/en\/#\/schema\/logo\/image\/\"}}]}<\/script>\n<!-- \/ Yoast SEO plugin. -->","yoast_head_json":{"title":"Lodi 8 white Wi-Fi Airtight Pellet Stove - Invicta","description":"With its round lines and softened style, Lodi 8 airtight brings warmth and well-being into your home. It has built-in Wi-Fi and can be controlled from a","robots":{"index":"index","follow":"follow","max-snippet":"max-snippet:-1","max-image-preview":"max-image-preview:large","max-video-preview":"max-video-preview:-1"},"canonical":"https:\/\/dev.invicta.wp19.axome.cc\/en\/produit\/lodi-8-white-wi-fi-airtight-pellet-stove\/","og_locale":"en_US","og_type":"article","og_title":"Lodi 8 white Wi-Fi Airtight Pellet Stove - Invicta","og_description":"With its round lines and softened style, Lodi 8 airtight brings warmth and well-being into your home. It has built-in Wi-Fi and can be controlled from a","og_url":"https:\/\/dev.invicta.wp19.axome.cc\/en\/produit\/lodi-8-white-wi-fi-airtight-pellet-stove\/","og_site_name":"Invicta","article_modified_time":"2025-06-09T16:02:09+00:00","og_image":[{"width":851,"height":848,"url":"https:\/\/dev.invicta.wp19.axome.cc\/wp-content\/uploads\/2025\/06\/LODI-etanche-8-WIFI_blanc-WEB-1.jpg","type":"image\/jpeg"}],"twitter_card":"summary_large_image","schema":{"@context":"https:\/\/schema.org","@graph":[{"@type":"WebPage","@id":"https:\/\/dev.invicta.wp19.axome.cc\/en\/produit\/lodi-8-white-wi-fi-airtight-pellet-stove\/","url":"https:\/\/dev.invicta.wp19.axome.cc\/en\/produit\/lodi-8-white-wi-fi-airtight-pellet-stove\/","name":"Lodi 8 white Wi-Fi Airtight Pellet Stove - Invicta","isPartOf":{"@id":"https:\/\/dev.invicta.wp19.axome.cc\/en\/#website"},"primaryImageOfPage":{"@id":"https:\/\/dev.invicta.wp19.axome.cc\/en\/produit\/lodi-8-white-wi-fi-airtight-pellet-stove\/#primaryimage"},"image":{"@id":"https:\/\/dev.invicta.wp19.axome.cc\/en\/produit\/lodi-8-white-wi-fi-airtight-pellet-stove\/#primaryimage"},"thumbnailUrl":"https:\/\/dev.invicta.wp19.axome.cc\/wp-content\/uploads\/2025\/06\/LODI-etanche-8-WIFI_blanc-WEB-1.jpg","datePublished":"2025-06-09T16:02:08+00:00","dateModified":"2025-06-09T16:02:09+00:00","description":"With its round lines and softened style, Lodi 8 airtight brings warmth and well-being into your home. It has built-in Wi-Fi and can be controlled from a","breadcrumb":{"@id":"https:\/\/dev.invicta.wp19.axome.cc\/en\/produit\/lodi-8-white-wi-fi-airtight-pellet-stove\/#breadcrumb"},"inLanguage":"en-US","potentialAction":[{"@type":"ReadAction","target":["https:\/\/dev.invicta.wp19.axome.cc\/en\/produit\/lodi-8-white-wi-fi-airtight-pellet-stove\/"]}]},{"@type":"ImageObject","inLanguage":"en-US","@id":"https:\/\/dev.invicta.wp19.axome.cc\/en\/produit\/lodi-8-white-wi-fi-airtight-pellet-stove\/#primaryimage","url":"https:\/\/dev.invicta.wp19.axome.cc\/wp-content\/uploads\/2025\/06\/LODI-etanche-8-WIFI_blanc-WEB-1.jpg","contentUrl":"https:\/\/dev.invicta.wp19.axome.cc\/wp-content\/uploads\/2025\/06\/LODI-etanche-8-WIFI_blanc-WEB-1.jpg","width":851,"height":848,"caption":"Po\u00eale \u00e0 Granul\u00e9s \u00e9tanche Lodi 8 blanc Wi-Fi - Po\u00eale \u00e0 pellets"},{"@type":"BreadcrumbList","@id":"https:\/\/dev.invicta.wp19.axome.cc\/en\/produit\/lodi-8-white-wi-fi-airtight-pellet-stove\/#breadcrumb","itemListElement":[{"@type":"ListItem","position":1,"name":"Home","item":"https:\/\/dev.invicta.wp19.axome.cc\/en\/"},{"@type":"ListItem","position":2,"name":"Products","item":"https:\/\/dev.invicta.wp19.axome.cc\/en\/shop\/"},{"@type":"ListItem","position":3,"name":"Lodi 8 white Wi-Fi Airtight Pellet Stove"}]},{"@type":"WebSite","@id":"https:\/\/dev.invicta.wp19.axome.cc\/en\/#website","url":"https:\/\/dev.invicta.wp19.axome.cc\/en\/","name":"Invicta","description":"Fabricant fran\u00e7ais, sp\u00e9cialiste europ\u00e9en du chauffage au bois : po\u00eales \u00e0 bois et \u00e0 granul\u00e9s, chemin\u00e9es, foyers et inserts","publisher":{"@id":"https:\/\/dev.invicta.wp19.axome.cc\/en\/#organization"},"potentialAction":[{"@type":"SearchAction","target":{"@type":"EntryPoint","urlTemplate":"https:\/\/dev.invicta.wp19.axome.cc\/en\/?s={search_term_string}"},"query-input":{"@type":"PropertyValueSpecification","valueRequired":true,"valueName":"search_term_string"}}],"inLanguage":"en-US"},{"@type":"Organization","@id":"https:\/\/dev.invicta.wp19.axome.cc\/en\/#organization","name":"Invicta","url":"https:\/\/dev.invicta.wp19.axome.cc\/en\/","logo":{"@type":"ImageObject","inLanguage":"en-US","@id":"https:\/\/dev.invicta.wp19.axome.cc\/en\/#\/schema\/logo\/image\/","url":"https:\/\/www.invicta.fr\/wp-content\/uploads\/2019\/06\/INVICTALOGO_RVB.png","contentUrl":"https:\/\/www.invicta.fr\/wp-content\/uploads\/2019\/06\/INVICTALOGO_RVB.png","width":1810,"height":1280,"caption":"Invicta"},"image":{"@id":"https:\/\/dev.invicta.wp19.axome.cc\/en\/#\/schema\/logo\/image\/"}}]}},"_links":{"self":[{"href":"https:\/\/dev.invicta.wp19.axome.cc\/en\/wp-json\/wp\/v2\/product\/69227","targetHints":{"allow":["GET"]}}],"collection":[{"href":"https:\/\/dev.invicta.wp19.axome.cc\/en\/wp-json\/wp\/v2\/product"}],"about":[{"href":"https:\/\/dev.invicta.wp19.axome.cc\/en\/wp-json\/wp\/v2\/types\/product"}],"wp:featuredmedia":[{"embeddable":true,"href":"https:\/\/dev.invicta.wp19.axome.cc\/en\/wp-json\/wp\/v2\/media\/68661"}],"wp:attachment":[{"href":"https:\/\/dev.invicta.wp19.axome.cc\/en\/wp-json\/wp\/v2\/media?parent=69227"}],"wp:term":[{"taxonomy":"product_brand","embeddable":true,"href":"https:\/\/dev.invicta.wp19.axome.cc\/en\/wp-json\/wp\/v2\/product_brand?post=69227"},{"taxonomy":"product_cat","embeddable":true,"href":"https:\/\/dev.invicta.wp19.axome.cc\/en\/wp-json\/wp\/v2\/product_cat?post=69227"},{"taxonomy":"product_tag","embeddable":true,"href":"https:\/\/dev.invicta.wp19.axome.cc\/en\/wp-json\/wp\/v2\/product_tag?post=69227"},{"taxonomy":"plus_produit","embeddable":true,"href":"https:\/\/dev.invicta.wp19.axome.cc\/en\/wp-json\/wp\/v2\/plus_produit?post=69227"}],"curies":[{"name":"wp","href":"https:\/\/api.w.org\/{rel}","templated":true}]}}