{"id":69235,"date":"2025-11-26T08:23:35","date_gmt":"2025-11-26T12:26:59","guid":{"rendered":"https:\/\/dev.invicta.wp19.axome.cc\/produit\/neosen-plus-airtight-steel-stove\/"},"modified":"2025-11-26T14:27:00","modified_gmt":"2025-11-26T13:27:00","slug":"neosen-plus-airtight-steel-stove","status":"publish","type":"product","link":"https:\/\/dev.invicta.wp19.axome.cc\/en\/produit\/neosen-plus-airtight-steel-stove\/","title":{"rendered":"Neosen Plus Airtight Steel Stove"},"content":{"rendered":"","protected":false},"excerpt":{"rendered":"<p>An airtight and connectable version of the Neosen stove, this model allows the combustion air to be directly connected to the outside. The Neosen airtight connectable stove is ideal for low energy consumption homes.<\/p>\n","protected":false},"featured_media":68729,"template":"","meta":{"_acf_changed":false},"product_brand":[],"product_cat":[2118,3631,3365,6167,6097,6093,6094,6095],"product_tag":[1302,1300,2089,1305,2090,6830],"plus_produit":[2082,6248,3359,1842,6836,3447,6250,3009,6249],"class_list":{"1":"product","4":"has-post-thumbnail","6":"product_cat-aide-au-choix-en","7":"product_cat-wood-burning-stoves","8":"product_cat-airtight-wood-burning-stoves-wood-burning-stoves","9":"product_cat-8-kw-wood-stoves","10":"product_cat-contemporary-wood-stoves","11":"product_cat-designer-wood-stoves","12":"product_cat-modern-wood-burning-stoves","13":"product_cat-round-wood-stoves","14":"product_tag-flamme-verte-en","15":"product_tag-eco-design-2022-en","16":"product_tag-a-ecolabel-en-2","17":"product_tag-post-combustion-en","18":"product_tag-garantie-2-ans-en","19":"product_tag-y-extension-garantie-3ans-en","20":"pa_combustible-recommande-33-2-2","21":"pa_consommation-0-53-to-2-22-kg-hour","22":"pa_depart-des-fumees-dessus-en","23":"pa_surface-de-chauffe-40-to-100-m","24":"pa_volume-de-chauffe-105-to-240-m","25":"plus_produit-appareil-etanche-compatible-rt2012-en","26":"plus_produit-cast-iron-door-and-top","27":"plus_produit-cast-iron-clad-combustion-chamber","28":"plus_produit-clean-glass-en","29":"plus_produit-3-year-extended-warranty","30":"plus_produit-intermittent-en","31":"plus_produit-optional-heat-accumulator","32":"plus_produit-post-combustion-system","33":"plus_produit-removable-handle","35":"first","36":"instock","37":"purchasable","38":"product-type-simple"},"acf":[],"yoast_head":"<!-- This site is optimized with the Yoast SEO plugin v24.7 - https:\/\/yoast.com\/wordpress\/plugins\/seo\/ -->\n<title>Neosen Plus Airtight Steel Stove - Invicta<\/title>\n<meta name=\"description\" content=\"An airtight and connectable version of the Neosen stove, this model allows the combustion air to be directly connected to the outside. The Neosen airtight connectable stove is ideal for low energy consumption homes.\" \/>\n<meta name=\"robots\" content=\"index, follow, max-snippet:-1, max-image-preview:large, max-video-preview:-1\" \/>\n<link rel=\"canonical\" href=\"https:\/\/dev.invicta.wp19.axome.cc\/en\/produit\/neosen-plus-airtight-steel-stove\/\" \/>\n<meta property=\"og:locale\" content=\"en_US\" \/>\n<meta property=\"og:type\" content=\"article\" \/>\n<meta property=\"og:title\" content=\"Neosen Plus Airtight Steel Stove - Invicta\" \/>\n<meta property=\"og:description\" content=\"An airtight and connectable version of the Neosen stove, this model allows the combustion air to be directly connected to the outside. The Neosen airtight connectable stove is ideal for low energy consumption homes.\" \/>\n<meta property=\"og:url\" content=\"https:\/\/dev.invicta.wp19.axome.cc\/en\/produit\/neosen-plus-airtight-steel-stove\/\" \/>\n<meta property=\"og:site_name\" content=\"Invicta\" \/>\n<meta property=\"article:modified_time\" content=\"2025-11-26T13:27:00+00:00\" \/>\n<meta property=\"og:image\" content=\"https:\/\/dev.invicta.wp19.axome.cc\/wp-content\/uploads\/2025\/06\/C-NEOSEN-ETANCHE-PLUS-web.jpg\" \/>\n\t<meta property=\"og:image:width\" content=\"533\" \/>\n\t<meta property=\"og:image:height\" content=\"800\" \/>\n\t<meta property=\"og:image:type\" content=\"image\/jpeg\" \/>\n<meta name=\"twitter:card\" content=\"summary_large_image\" \/>\n<script type=\"application\/ld+json\" class=\"yoast-schema-graph\">{\"@context\":\"https:\/\/schema.org\",\"@graph\":[{\"@type\":\"WebPage\",\"@id\":\"https:\/\/dev.invicta.wp19.axome.cc\/en\/produit\/neosen-plus-airtight-steel-stove\/\",\"url\":\"https:\/\/dev.invicta.wp19.axome.cc\/en\/produit\/neosen-plus-airtight-steel-stove\/\",\"name\":\"Neosen Plus Airtight Steel Stove - Invicta\",\"isPartOf\":{\"@id\":\"https:\/\/dev.invicta.wp19.axome.cc\/en\/#website\"},\"primaryImageOfPage\":{\"@id\":\"https:\/\/dev.invicta.wp19.axome.cc\/en\/produit\/neosen-plus-airtight-steel-stove\/#primaryimage\"},\"image\":{\"@id\":\"https:\/\/dev.invicta.wp19.axome.cc\/en\/produit\/neosen-plus-airtight-steel-stove\/#primaryimage\"},\"thumbnailUrl\":\"https:\/\/dev.invicta.wp19.axome.cc\/wp-content\/uploads\/2025\/06\/C-NEOSEN-ETANCHE-PLUS-web.jpg\",\"datePublished\":\"2025-11-26T12:26:59+00:00\",\"dateModified\":\"2025-11-26T13:27:00+00:00\",\"description\":\"An airtight and connectable version of the Neosen stove, this model allows the combustion air to be directly connected to the outside. The Neosen airtight connectable stove is ideal for low energy consumption homes.\",\"breadcrumb\":{\"@id\":\"https:\/\/dev.invicta.wp19.axome.cc\/en\/produit\/neosen-plus-airtight-steel-stove\/#breadcrumb\"},\"inLanguage\":\"en-US\",\"potentialAction\":[{\"@type\":\"ReadAction\",\"target\":[\"https:\/\/dev.invicta.wp19.axome.cc\/en\/produit\/neosen-plus-airtight-steel-stove\/\"]}]},{\"@type\":\"ImageObject\",\"inLanguage\":\"en-US\",\"@id\":\"https:\/\/dev.invicta.wp19.axome.cc\/en\/produit\/neosen-plus-airtight-steel-stove\/#primaryimage\",\"url\":\"https:\/\/dev.invicta.wp19.axome.cc\/wp-content\/uploads\/2025\/06\/C-NEOSEN-ETANCHE-PLUS-web.jpg\",\"contentUrl\":\"https:\/\/dev.invicta.wp19.axome.cc\/wp-content\/uploads\/2025\/06\/C-NEOSEN-ETANCHE-PLUS-web.jpg\",\"width\":533,\"height\":800},{\"@type\":\"BreadcrumbList\",\"@id\":\"https:\/\/dev.invicta.wp19.axome.cc\/en\/produit\/neosen-plus-airtight-steel-stove\/#breadcrumb\",\"itemListElement\":[{\"@type\":\"ListItem\",\"position\":1,\"name\":\"Home\",\"item\":\"https:\/\/dev.invicta.wp19.axome.cc\/en\/\"},{\"@type\":\"ListItem\",\"position\":2,\"name\":\"Products\",\"item\":\"https:\/\/dev.invicta.wp19.axome.cc\/en\/shop\/\"},{\"@type\":\"ListItem\",\"position\":3,\"name\":\"Wood burning stoves\",\"item\":\"https:\/\/dev.invicta.wp19.axome.cc\/en\/categorie-produit\/wood-burning-stoves\/\"},{\"@type\":\"ListItem\",\"position\":4,\"name\":\"Airtight Wood Burning Stoves\",\"item\":\"https:\/\/dev.invicta.wp19.axome.cc\/en\/categorie-produit\/wood-burning-stoves\/airtight-wood-burning-stoves-wood-burning-stoves\/\"},{\"@type\":\"ListItem\",\"position\":5,\"name\":\"Neosen Plus Airtight Steel Stove\"}]},{\"@type\":\"WebSite\",\"@id\":\"https:\/\/dev.invicta.wp19.axome.cc\/en\/#website\",\"url\":\"https:\/\/dev.invicta.wp19.axome.cc\/en\/\",\"name\":\"Invicta\",\"description\":\"Fabricant fran\u00e7ais, sp\u00e9cialiste europ\u00e9en du chauffage au bois : po\u00eales \u00e0 bois et \u00e0 granul\u00e9s, chemin\u00e9es, foyers et inserts\",\"publisher\":{\"@id\":\"https:\/\/dev.invicta.wp19.axome.cc\/en\/#organization\"},\"potentialAction\":[{\"@type\":\"SearchAction\",\"target\":{\"@type\":\"EntryPoint\",\"urlTemplate\":\"https:\/\/dev.invicta.wp19.axome.cc\/en\/?s={search_term_string}\"},\"query-input\":{\"@type\":\"PropertyValueSpecification\",\"valueRequired\":true,\"valueName\":\"search_term_string\"}}],\"inLanguage\":\"en-US\"},{\"@type\":\"Organization\",\"@id\":\"https:\/\/dev.invicta.wp19.axome.cc\/en\/#organization\",\"name\":\"Invicta\",\"url\":\"https:\/\/dev.invicta.wp19.axome.cc\/en\/\",\"logo\":{\"@type\":\"ImageObject\",\"inLanguage\":\"en-US\",\"@id\":\"https:\/\/dev.invicta.wp19.axome.cc\/en\/#\/schema\/logo\/image\/\",\"url\":\"https:\/\/www.invicta.fr\/wp-content\/uploads\/2019\/06\/INVICTALOGO_RVB.png\",\"contentUrl\":\"https:\/\/www.invicta.fr\/wp-content\/uploads\/2019\/06\/INVICTALOGO_RVB.png\",\"width\":1810,\"height\":1280,\"caption\":\"Invicta\"},\"image\":{\"@id\":\"https:\/\/dev.invicta.wp19.axome.cc\/en\/#\/schema\/logo\/image\/\"}}]}<\/script>\n<!-- \/ Yoast SEO plugin. -->","yoast_head_json":{"title":"Neosen Plus Airtight Steel Stove - Invicta","description":"An airtight and connectable version of the Neosen stove, this model allows the combustion air to be directly connected to the outside. The Neosen airtight connectable stove is ideal for low energy consumption homes.","robots":{"index":"index","follow":"follow","max-snippet":"max-snippet:-1","max-image-preview":"max-image-preview:large","max-video-preview":"max-video-preview:-1"},"canonical":"https:\/\/dev.invicta.wp19.axome.cc\/en\/produit\/neosen-plus-airtight-steel-stove\/","og_locale":"en_US","og_type":"article","og_title":"Neosen Plus Airtight Steel Stove - Invicta","og_description":"An airtight and connectable version of the Neosen stove, this model allows the combustion air to be directly connected to the outside. The Neosen airtight connectable stove is ideal for low energy consumption homes.","og_url":"https:\/\/dev.invicta.wp19.axome.cc\/en\/produit\/neosen-plus-airtight-steel-stove\/","og_site_name":"Invicta","article_modified_time":"2025-11-26T13:27:00+00:00","og_image":[{"width":533,"height":800,"url":"https:\/\/dev.invicta.wp19.axome.cc\/wp-content\/uploads\/2025\/06\/C-NEOSEN-ETANCHE-PLUS-web.jpg","type":"image\/jpeg"}],"twitter_card":"summary_large_image","schema":{"@context":"https:\/\/schema.org","@graph":[{"@type":"WebPage","@id":"https:\/\/dev.invicta.wp19.axome.cc\/en\/produit\/neosen-plus-airtight-steel-stove\/","url":"https:\/\/dev.invicta.wp19.axome.cc\/en\/produit\/neosen-plus-airtight-steel-stove\/","name":"Neosen Plus Airtight Steel Stove - Invicta","isPartOf":{"@id":"https:\/\/dev.invicta.wp19.axome.cc\/en\/#website"},"primaryImageOfPage":{"@id":"https:\/\/dev.invicta.wp19.axome.cc\/en\/produit\/neosen-plus-airtight-steel-stove\/#primaryimage"},"image":{"@id":"https:\/\/dev.invicta.wp19.axome.cc\/en\/produit\/neosen-plus-airtight-steel-stove\/#primaryimage"},"thumbnailUrl":"https:\/\/dev.invicta.wp19.axome.cc\/wp-content\/uploads\/2025\/06\/C-NEOSEN-ETANCHE-PLUS-web.jpg","datePublished":"2025-11-26T12:26:59+00:00","dateModified":"2025-11-26T13:27:00+00:00","description":"An airtight and connectable version of the Neosen stove, this model allows the combustion air to be directly connected to the outside. The Neosen airtight connectable stove is ideal for low energy consumption homes.","breadcrumb":{"@id":"https:\/\/dev.invicta.wp19.axome.cc\/en\/produit\/neosen-plus-airtight-steel-stove\/#breadcrumb"},"inLanguage":"en-US","potentialAction":[{"@type":"ReadAction","target":["https:\/\/dev.invicta.wp19.axome.cc\/en\/produit\/neosen-plus-airtight-steel-stove\/"]}]},{"@type":"ImageObject","inLanguage":"en-US","@id":"https:\/\/dev.invicta.wp19.axome.cc\/en\/produit\/neosen-plus-airtight-steel-stove\/#primaryimage","url":"https:\/\/dev.invicta.wp19.axome.cc\/wp-content\/uploads\/2025\/06\/C-NEOSEN-ETANCHE-PLUS-web.jpg","contentUrl":"https:\/\/dev.invicta.wp19.axome.cc\/wp-content\/uploads\/2025\/06\/C-NEOSEN-ETANCHE-PLUS-web.jpg","width":533,"height":800},{"@type":"BreadcrumbList","@id":"https:\/\/dev.invicta.wp19.axome.cc\/en\/produit\/neosen-plus-airtight-steel-stove\/#breadcrumb","itemListElement":[{"@type":"ListItem","position":1,"name":"Home","item":"https:\/\/dev.invicta.wp19.axome.cc\/en\/"},{"@type":"ListItem","position":2,"name":"Products","item":"https:\/\/dev.invicta.wp19.axome.cc\/en\/shop\/"},{"@type":"ListItem","position":3,"name":"Wood burning stoves","item":"https:\/\/dev.invicta.wp19.axome.cc\/en\/categorie-produit\/wood-burning-stoves\/"},{"@type":"ListItem","position":4,"name":"Airtight Wood Burning Stoves","item":"https:\/\/dev.invicta.wp19.axome.cc\/en\/categorie-produit\/wood-burning-stoves\/airtight-wood-burning-stoves-wood-burning-stoves\/"},{"@type":"ListItem","position":5,"name":"Neosen Plus Airtight Steel Stove"}]},{"@type":"WebSite","@id":"https:\/\/dev.invicta.wp19.axome.cc\/en\/#website","url":"https:\/\/dev.invicta.wp19.axome.cc\/en\/","name":"Invicta","description":"Fabricant fran\u00e7ais, sp\u00e9cialiste europ\u00e9en du chauffage au bois : po\u00eales \u00e0 bois et \u00e0 granul\u00e9s, chemin\u00e9es, foyers et inserts","publisher":{"@id":"https:\/\/dev.invicta.wp19.axome.cc\/en\/#organization"},"potentialAction":[{"@type":"SearchAction","target":{"@type":"EntryPoint","urlTemplate":"https:\/\/dev.invicta.wp19.axome.cc\/en\/?s={search_term_string}"},"query-input":{"@type":"PropertyValueSpecification","valueRequired":true,"valueName":"search_term_string"}}],"inLanguage":"en-US"},{"@type":"Organization","@id":"https:\/\/dev.invicta.wp19.axome.cc\/en\/#organization","name":"Invicta","url":"https:\/\/dev.invicta.wp19.axome.cc\/en\/","logo":{"@type":"ImageObject","inLanguage":"en-US","@id":"https:\/\/dev.invicta.wp19.axome.cc\/en\/#\/schema\/logo\/image\/","url":"https:\/\/www.invicta.fr\/wp-content\/uploads\/2019\/06\/INVICTALOGO_RVB.png","contentUrl":"https:\/\/www.invicta.fr\/wp-content\/uploads\/2019\/06\/INVICTALOGO_RVB.png","width":1810,"height":1280,"caption":"Invicta"},"image":{"@id":"https:\/\/dev.invicta.wp19.axome.cc\/en\/#\/schema\/logo\/image\/"}}]}},"_links":{"self":[{"href":"https:\/\/dev.invicta.wp19.axome.cc\/en\/wp-json\/wp\/v2\/product\/69235","targetHints":{"allow":["GET"]}}],"collection":[{"href":"https:\/\/dev.invicta.wp19.axome.cc\/en\/wp-json\/wp\/v2\/product"}],"about":[{"href":"https:\/\/dev.invicta.wp19.axome.cc\/en\/wp-json\/wp\/v2\/types\/product"}],"wp:featuredmedia":[{"embeddable":true,"href":"https:\/\/dev.invicta.wp19.axome.cc\/en\/wp-json\/wp\/v2\/media\/68729"}],"wp:attachment":[{"href":"https:\/\/dev.invicta.wp19.axome.cc\/en\/wp-json\/wp\/v2\/media?parent=69235"}],"wp:term":[{"taxonomy":"product_brand","embeddable":true,"href":"https:\/\/dev.invicta.wp19.axome.cc\/en\/wp-json\/wp\/v2\/product_brand?post=69235"},{"taxonomy":"product_cat","embeddable":true,"href":"https:\/\/dev.invicta.wp19.axome.cc\/en\/wp-json\/wp\/v2\/product_cat?post=69235"},{"taxonomy":"product_tag","embeddable":true,"href":"https:\/\/dev.invicta.wp19.axome.cc\/en\/wp-json\/wp\/v2\/product_tag?post=69235"},{"taxonomy":"plus_produit","embeddable":true,"href":"https:\/\/dev.invicta.wp19.axome.cc\/en\/wp-json\/wp\/v2\/plus_produit?post=69235"}],"curies":[{"name":"wp","href":"https:\/\/api.w.org\/{rel}","templated":true}]}}