{"id":69239,"date":"2025-11-26T08:12:04","date_gmt":"2025-06-09T16:02:08","guid":{"rendered":"https:\/\/dev.invicta.wp19.axome.cc\/produit\/cassette-stove-700-ethera-natural-convection\/"},"modified":"2025-06-09T18:02:18","modified_gmt":"2025-06-09T16:02:18","slug":"cassette-stove-700-ethera-natural-convection","status":"publish","type":"product","link":"https:\/\/dev.invicta.wp19.axome.cc\/en\/produit\/cassette-stove-700-ethera-natural-convection\/","title":{"rendered":"Cassette stove 700 \u00c9th\u00e9ra Natural convection"},"content":{"rendered":"<p>Very quiet, this insert works by natural convection without a fan. Ideal for fitting into existing fireplaces and heating things quietly. New extra quiet, super powerful turbines.<\/p>\n","protected":false},"excerpt":{"rendered":"<p>Very quiet, this insert works by natural convection without a fan. Ideal for fitting into existing fireplaces and heating things quietly. New extra quiet, super powerful turbines.<\/p>\n","protected":false},"featured_media":0,"template":"","meta":{"_acf_changed":false},"product_brand":[],"product_cat":[],"product_tag":[1302,1300,1299,2088,1305,3838,2090,6830],"plus_produit":[6877,1840,1842,6836,8011,3708,3748,3012,3009,7979],"class_list":{"1":"product","5":"product_tag-flamme-verte-en","6":"product_tag-eco-design-2022-en","7":"product_tag-a-ecolabel-en","8":"product_tag-air-tight-connectable","9":"product_tag-post-combustion-en","10":"product_tag-raccordable-en","11":"product_tag-garantie-2-ans-en","12":"product_tag-y-extension-garantie-3ans-en","13":"pa_consommation-0-53-to-2-22-kg-hour","14":"pa_depart-des-fumees-dessus-en","15":"pa_indice-de-performance-102-en","16":"pa_surface-de-chauffe-40-to-100-m","17":"pa_volume-de-chauffe-105-to-240-m","18":"plus_produit-adjustable-direct-air-supply","19":"plus_produit-canalisable-en","20":"plus_produit-clean-glass-en","21":"plus_produit-3-year-extended-warranty","22":"plus_produit-fonte-carenage-acier-2","23":"plus_produit-intermittent-and-3-hour-extended-burning","24":"plus_produit-optional-sleeves","25":"plus_produit-origine-france-garantie-made-in-france-guarantee","26":"plus_produit-post-combustion-system","27":"plus_produit-reserve-aux-pros-2","29":"first","30":"instock","31":"purchasable","32":"product-type-simple"},"acf":[],"yoast_head":"<!-- This site is optimized with the Yoast SEO plugin v24.7 - https:\/\/yoast.com\/wordpress\/plugins\/seo\/ -->\n<title>Cassette stove 700 \u00c9th\u00e9ra Natural convection - Invicta<\/title>\n<meta name=\"description\" content=\"Very quiet, this insert works by natural convection without a fan. Ideal for fitting into existing fireplaces and heating things quietly. New extra quiet,\" \/>\n<meta name=\"robots\" content=\"index, follow, max-snippet:-1, max-image-preview:large, max-video-preview:-1\" \/>\n<link rel=\"canonical\" href=\"https:\/\/dev.invicta.wp19.axome.cc\/en\/produit\/cassette-stove-700-ethera-natural-convection\/\" \/>\n<meta property=\"og:locale\" content=\"en_US\" \/>\n<meta property=\"og:type\" content=\"article\" \/>\n<meta property=\"og:title\" content=\"Cassette stove 700 \u00c9th\u00e9ra Natural convection - Invicta\" \/>\n<meta property=\"og:description\" content=\"Very quiet, this insert works by natural convection without a fan. Ideal for fitting into existing fireplaces and heating things quietly. New extra quiet,\" \/>\n<meta property=\"og:url\" content=\"https:\/\/dev.invicta.wp19.axome.cc\/en\/produit\/cassette-stove-700-ethera-natural-convection\/\" \/>\n<meta property=\"og:site_name\" content=\"Invicta\" \/>\n<meta property=\"article:modified_time\" content=\"2025-06-09T16:02:18+00:00\" \/>\n<meta name=\"twitter:card\" content=\"summary_large_image\" \/>\n<script type=\"application\/ld+json\" class=\"yoast-schema-graph\">{\"@context\":\"https:\/\/schema.org\",\"@graph\":[{\"@type\":\"WebPage\",\"@id\":\"https:\/\/dev.invicta.wp19.axome.cc\/en\/produit\/cassette-stove-700-ethera-natural-convection\/\",\"url\":\"https:\/\/dev.invicta.wp19.axome.cc\/en\/produit\/cassette-stove-700-ethera-natural-convection\/\",\"name\":\"Cassette stove 700 \u00c9th\u00e9ra Natural convection - Invicta\",\"isPartOf\":{\"@id\":\"https:\/\/dev.invicta.wp19.axome.cc\/en\/#website\"},\"datePublished\":\"2025-06-09T16:02:08+00:00\",\"dateModified\":\"2025-06-09T16:02:18+00:00\",\"description\":\"Very quiet, this insert works by natural convection without a fan. Ideal for fitting into existing fireplaces and heating things quietly. New extra quiet,\",\"breadcrumb\":{\"@id\":\"https:\/\/dev.invicta.wp19.axome.cc\/en\/produit\/cassette-stove-700-ethera-natural-convection\/#breadcrumb\"},\"inLanguage\":\"en-US\",\"potentialAction\":[{\"@type\":\"ReadAction\",\"target\":[\"https:\/\/dev.invicta.wp19.axome.cc\/en\/produit\/cassette-stove-700-ethera-natural-convection\/\"]}]},{\"@type\":\"BreadcrumbList\",\"@id\":\"https:\/\/dev.invicta.wp19.axome.cc\/en\/produit\/cassette-stove-700-ethera-natural-convection\/#breadcrumb\",\"itemListElement\":[{\"@type\":\"ListItem\",\"position\":1,\"name\":\"Home\",\"item\":\"https:\/\/dev.invicta.wp19.axome.cc\/en\/\"},{\"@type\":\"ListItem\",\"position\":2,\"name\":\"Products\",\"item\":\"https:\/\/dev.invicta.wp19.axome.cc\/en\/shop\/\"},{\"@type\":\"ListItem\",\"position\":3,\"name\":\"Cassette stove 700 \u00c9th\u00e9ra Natural convection\"}]},{\"@type\":\"WebSite\",\"@id\":\"https:\/\/dev.invicta.wp19.axome.cc\/en\/#website\",\"url\":\"https:\/\/dev.invicta.wp19.axome.cc\/en\/\",\"name\":\"Invicta\",\"description\":\"Fabricant fran\u00e7ais, sp\u00e9cialiste europ\u00e9en du chauffage au bois : po\u00eales \u00e0 bois et \u00e0 granul\u00e9s, chemin\u00e9es, foyers et inserts\",\"publisher\":{\"@id\":\"https:\/\/dev.invicta.wp19.axome.cc\/en\/#organization\"},\"potentialAction\":[{\"@type\":\"SearchAction\",\"target\":{\"@type\":\"EntryPoint\",\"urlTemplate\":\"https:\/\/dev.invicta.wp19.axome.cc\/en\/?s={search_term_string}\"},\"query-input\":{\"@type\":\"PropertyValueSpecification\",\"valueRequired\":true,\"valueName\":\"search_term_string\"}}],\"inLanguage\":\"en-US\"},{\"@type\":\"Organization\",\"@id\":\"https:\/\/dev.invicta.wp19.axome.cc\/en\/#organization\",\"name\":\"Invicta\",\"url\":\"https:\/\/dev.invicta.wp19.axome.cc\/en\/\",\"logo\":{\"@type\":\"ImageObject\",\"inLanguage\":\"en-US\",\"@id\":\"https:\/\/dev.invicta.wp19.axome.cc\/en\/#\/schema\/logo\/image\/\",\"url\":\"https:\/\/www.invicta.fr\/wp-content\/uploads\/2019\/06\/INVICTALOGO_RVB.png\",\"contentUrl\":\"https:\/\/www.invicta.fr\/wp-content\/uploads\/2019\/06\/INVICTALOGO_RVB.png\",\"width\":1810,\"height\":1280,\"caption\":\"Invicta\"},\"image\":{\"@id\":\"https:\/\/dev.invicta.wp19.axome.cc\/en\/#\/schema\/logo\/image\/\"}}]}<\/script>\n<!-- \/ Yoast SEO plugin. -->","yoast_head_json":{"title":"Cassette stove 700 \u00c9th\u00e9ra Natural convection - Invicta","description":"Very quiet, this insert works by natural convection without a fan. Ideal for fitting into existing fireplaces and heating things quietly. New extra quiet,","robots":{"index":"index","follow":"follow","max-snippet":"max-snippet:-1","max-image-preview":"max-image-preview:large","max-video-preview":"max-video-preview:-1"},"canonical":"https:\/\/dev.invicta.wp19.axome.cc\/en\/produit\/cassette-stove-700-ethera-natural-convection\/","og_locale":"en_US","og_type":"article","og_title":"Cassette stove 700 \u00c9th\u00e9ra Natural convection - Invicta","og_description":"Very quiet, this insert works by natural convection without a fan. Ideal for fitting into existing fireplaces and heating things quietly. New extra quiet,","og_url":"https:\/\/dev.invicta.wp19.axome.cc\/en\/produit\/cassette-stove-700-ethera-natural-convection\/","og_site_name":"Invicta","article_modified_time":"2025-06-09T16:02:18+00:00","twitter_card":"summary_large_image","schema":{"@context":"https:\/\/schema.org","@graph":[{"@type":"WebPage","@id":"https:\/\/dev.invicta.wp19.axome.cc\/en\/produit\/cassette-stove-700-ethera-natural-convection\/","url":"https:\/\/dev.invicta.wp19.axome.cc\/en\/produit\/cassette-stove-700-ethera-natural-convection\/","name":"Cassette stove 700 \u00c9th\u00e9ra Natural convection - Invicta","isPartOf":{"@id":"https:\/\/dev.invicta.wp19.axome.cc\/en\/#website"},"datePublished":"2025-06-09T16:02:08+00:00","dateModified":"2025-06-09T16:02:18+00:00","description":"Very quiet, this insert works by natural convection without a fan. Ideal for fitting into existing fireplaces and heating things quietly. New extra quiet,","breadcrumb":{"@id":"https:\/\/dev.invicta.wp19.axome.cc\/en\/produit\/cassette-stove-700-ethera-natural-convection\/#breadcrumb"},"inLanguage":"en-US","potentialAction":[{"@type":"ReadAction","target":["https:\/\/dev.invicta.wp19.axome.cc\/en\/produit\/cassette-stove-700-ethera-natural-convection\/"]}]},{"@type":"BreadcrumbList","@id":"https:\/\/dev.invicta.wp19.axome.cc\/en\/produit\/cassette-stove-700-ethera-natural-convection\/#breadcrumb","itemListElement":[{"@type":"ListItem","position":1,"name":"Home","item":"https:\/\/dev.invicta.wp19.axome.cc\/en\/"},{"@type":"ListItem","position":2,"name":"Products","item":"https:\/\/dev.invicta.wp19.axome.cc\/en\/shop\/"},{"@type":"ListItem","position":3,"name":"Cassette stove 700 \u00c9th\u00e9ra Natural convection"}]},{"@type":"WebSite","@id":"https:\/\/dev.invicta.wp19.axome.cc\/en\/#website","url":"https:\/\/dev.invicta.wp19.axome.cc\/en\/","name":"Invicta","description":"Fabricant fran\u00e7ais, sp\u00e9cialiste europ\u00e9en du chauffage au bois : po\u00eales \u00e0 bois et \u00e0 granul\u00e9s, chemin\u00e9es, foyers et inserts","publisher":{"@id":"https:\/\/dev.invicta.wp19.axome.cc\/en\/#organization"},"potentialAction":[{"@type":"SearchAction","target":{"@type":"EntryPoint","urlTemplate":"https:\/\/dev.invicta.wp19.axome.cc\/en\/?s={search_term_string}"},"query-input":{"@type":"PropertyValueSpecification","valueRequired":true,"valueName":"search_term_string"}}],"inLanguage":"en-US"},{"@type":"Organization","@id":"https:\/\/dev.invicta.wp19.axome.cc\/en\/#organization","name":"Invicta","url":"https:\/\/dev.invicta.wp19.axome.cc\/en\/","logo":{"@type":"ImageObject","inLanguage":"en-US","@id":"https:\/\/dev.invicta.wp19.axome.cc\/en\/#\/schema\/logo\/image\/","url":"https:\/\/www.invicta.fr\/wp-content\/uploads\/2019\/06\/INVICTALOGO_RVB.png","contentUrl":"https:\/\/www.invicta.fr\/wp-content\/uploads\/2019\/06\/INVICTALOGO_RVB.png","width":1810,"height":1280,"caption":"Invicta"},"image":{"@id":"https:\/\/dev.invicta.wp19.axome.cc\/en\/#\/schema\/logo\/image\/"}}]}},"_links":{"self":[{"href":"https:\/\/dev.invicta.wp19.axome.cc\/en\/wp-json\/wp\/v2\/product\/69239","targetHints":{"allow":["GET"]}}],"collection":[{"href":"https:\/\/dev.invicta.wp19.axome.cc\/en\/wp-json\/wp\/v2\/product"}],"about":[{"href":"https:\/\/dev.invicta.wp19.axome.cc\/en\/wp-json\/wp\/v2\/types\/product"}],"wp:attachment":[{"href":"https:\/\/dev.invicta.wp19.axome.cc\/en\/wp-json\/wp\/v2\/media?parent=69239"}],"wp:term":[{"taxonomy":"product_brand","embeddable":true,"href":"https:\/\/dev.invicta.wp19.axome.cc\/en\/wp-json\/wp\/v2\/product_brand?post=69239"},{"taxonomy":"product_cat","embeddable":true,"href":"https:\/\/dev.invicta.wp19.axome.cc\/en\/wp-json\/wp\/v2\/product_cat?post=69239"},{"taxonomy":"product_tag","embeddable":true,"href":"https:\/\/dev.invicta.wp19.axome.cc\/en\/wp-json\/wp\/v2\/product_tag?post=69239"},{"taxonomy":"plus_produit","embeddable":true,"href":"https:\/\/dev.invicta.wp19.axome.cc\/en\/wp-json\/wp\/v2\/plus_produit?post=69239"}],"curies":[{"name":"wp","href":"https:\/\/api.w.org\/{rel}","templated":true}]}}