{"id":69242,"date":"2025-11-26T08:32:16","date_gmt":"2025-11-26T12:36:05","guid":{"rendered":"https:\/\/dev.invicta.wp19.axome.cc\/produit\/cassette-stove-700-absolu\/"},"modified":"2025-11-26T14:36:06","modified_gmt":"2025-11-26T13:36:06","slug":"cassette-stove-700-absolu","status":"publish","type":"product","link":"https:\/\/dev.invicta.wp19.axome.cc\/en\/produit\/cassette-stove-700-absolu\/","title":{"rendered":"Cassette stove 700 Absolu"},"content":{"rendered":"","protected":false},"excerpt":{"rendered":"<p>This new addition makes elegance rhyme with performance. The Smart Glass is dark when the fire is not lit, but lights up when the logs catch fire, adding character to your living space. New extra quiet, super powerful turbines.<\/p>\n","protected":false},"featured_media":68749,"template":"","meta":{"_acf_changed":false},"product_brand":[],"product_cat":[2118,4929,3751,6883],"product_tag":[1302,1300,1299,2088,1305,3838,2090,6830],"plus_produit":[1842,3837,6872,6836,8011,3708,3748,3012,3009,6901],"class_list":{"1":"product","4":"has-post-thumbnail","6":"product_cat-aide-au-choix-en","7":"product_cat-fireplaces-and-inserts","8":"product_cat-wood-burning-fireplace-inserts-fireplaces-and-inserts","9":"product_cat-inset-stoves","10":"product_tag-flamme-verte-en","11":"product_tag-eco-design-2022-en","12":"product_tag-a-ecolabel-en","13":"product_tag-air-tight-connectable","14":"product_tag-post-combustion-en","15":"product_tag-raccordable-en","16":"product_tag-garantie-2-ans-en","17":"product_tag-y-extension-garantie-3ans-en","18":"pa_consommation-0-53-to-2-22-kg-hour","19":"pa_depart-des-fumees-dessus-en","20":"pa_surface-de-chauffe-40-to-100-m","21":"pa_volume-de-chauffe-105-to-240-m","22":"plus_produit-clean-glass-en","23":"plus_produit-connectable","24":"plus_produit-diffusion-of-warm-air-by-forced-ventilation-new-turbines","25":"plus_produit-3-year-extended-warranty","26":"plus_produit-fonte-carenage-acier-2","27":"plus_produit-intermittent-and-3-hour-extended-burning","28":"plus_produit-optional-sleeves","29":"plus_produit-origine-france-garantie-made-in-france-guarantee","30":"plus_produit-post-combustion-system","31":"plus_produit-smart-glass","33":"first","34":"instock","35":"purchasable","36":"product-type-simple"},"acf":[],"yoast_head":"<!-- This site is optimized with the Yoast SEO plugin v24.7 - https:\/\/yoast.com\/wordpress\/plugins\/seo\/ -->\n<title>Cassette stove 700 Absolu - Invicta<\/title>\n<meta name=\"description\" content=\"This new addition makes elegance rhyme with performance. The Smart Glass is dark when the fire is not lit, but lights up when the logs catch fire, adding character to your living space. New extra quiet, super powerful turbines.\" \/>\n<meta name=\"robots\" content=\"index, follow, max-snippet:-1, max-image-preview:large, max-video-preview:-1\" \/>\n<link rel=\"canonical\" href=\"https:\/\/dev.invicta.wp19.axome.cc\/en\/produit\/cassette-stove-700-absolu\/\" \/>\n<meta property=\"og:locale\" content=\"en_US\" \/>\n<meta property=\"og:type\" content=\"article\" \/>\n<meta property=\"og:title\" content=\"Cassette stove 700 Absolu - Invicta\" \/>\n<meta property=\"og:description\" content=\"This new addition makes elegance rhyme with performance. The Smart Glass is dark when the fire is not lit, but lights up when the logs catch fire, adding character to your living space. New extra quiet, super powerful turbines.\" \/>\n<meta property=\"og:url\" content=\"https:\/\/dev.invicta.wp19.axome.cc\/en\/produit\/cassette-stove-700-absolu\/\" \/>\n<meta property=\"og:site_name\" content=\"Invicta\" \/>\n<meta property=\"article:modified_time\" content=\"2025-11-26T13:36:06+00:00\" \/>\n<meta property=\"og:image\" content=\"https:\/\/dev.invicta.wp19.axome.cc\/wp-content\/uploads\/2025\/06\/A_P967008_ABSOLU2_web.jpg\" \/>\n\t<meta property=\"og:image:width\" content=\"1000\" \/>\n\t<meta property=\"og:image:height\" content=\"750\" \/>\n\t<meta property=\"og:image:type\" content=\"image\/jpeg\" \/>\n<meta name=\"twitter:card\" content=\"summary_large_image\" \/>\n<script type=\"application\/ld+json\" class=\"yoast-schema-graph\">{\"@context\":\"https:\/\/schema.org\",\"@graph\":[{\"@type\":\"WebPage\",\"@id\":\"https:\/\/dev.invicta.wp19.axome.cc\/en\/produit\/cassette-stove-700-absolu\/\",\"url\":\"https:\/\/dev.invicta.wp19.axome.cc\/en\/produit\/cassette-stove-700-absolu\/\",\"name\":\"Cassette stove 700 Absolu - Invicta\",\"isPartOf\":{\"@id\":\"https:\/\/dev.invicta.wp19.axome.cc\/en\/#website\"},\"primaryImageOfPage\":{\"@id\":\"https:\/\/dev.invicta.wp19.axome.cc\/en\/produit\/cassette-stove-700-absolu\/#primaryimage\"},\"image\":{\"@id\":\"https:\/\/dev.invicta.wp19.axome.cc\/en\/produit\/cassette-stove-700-absolu\/#primaryimage\"},\"thumbnailUrl\":\"https:\/\/dev.invicta.wp19.axome.cc\/wp-content\/uploads\/2025\/06\/A_P967008_ABSOLU2_web.jpg\",\"datePublished\":\"2025-11-26T12:36:05+00:00\",\"dateModified\":\"2025-11-26T13:36:06+00:00\",\"description\":\"This new addition makes elegance rhyme with performance. The Smart Glass is dark when the fire is not lit, but lights up when the logs catch fire, adding character to your living space. New extra quiet, super powerful turbines.\",\"breadcrumb\":{\"@id\":\"https:\/\/dev.invicta.wp19.axome.cc\/en\/produit\/cassette-stove-700-absolu\/#breadcrumb\"},\"inLanguage\":\"en-US\",\"potentialAction\":[{\"@type\":\"ReadAction\",\"target\":[\"https:\/\/dev.invicta.wp19.axome.cc\/en\/produit\/cassette-stove-700-absolu\/\"]}]},{\"@type\":\"ImageObject\",\"inLanguage\":\"en-US\",\"@id\":\"https:\/\/dev.invicta.wp19.axome.cc\/en\/produit\/cassette-stove-700-absolu\/#primaryimage\",\"url\":\"https:\/\/dev.invicta.wp19.axome.cc\/wp-content\/uploads\/2025\/06\/A_P967008_ABSOLU2_web.jpg\",\"contentUrl\":\"https:\/\/dev.invicta.wp19.axome.cc\/wp-content\/uploads\/2025\/06\/A_P967008_ABSOLU2_web.jpg\",\"width\":1000,\"height\":750},{\"@type\":\"BreadcrumbList\",\"@id\":\"https:\/\/dev.invicta.wp19.axome.cc\/en\/produit\/cassette-stove-700-absolu\/#breadcrumb\",\"itemListElement\":[{\"@type\":\"ListItem\",\"position\":1,\"name\":\"Home\",\"item\":\"https:\/\/dev.invicta.wp19.axome.cc\/en\/\"},{\"@type\":\"ListItem\",\"position\":2,\"name\":\"Products\",\"item\":\"https:\/\/dev.invicta.wp19.axome.cc\/en\/shop\/\"},{\"@type\":\"ListItem\",\"position\":3,\"name\":\"Fireplaces and inserts\",\"item\":\"https:\/\/dev.invicta.wp19.axome.cc\/en\/categorie-produit\/fireplaces-and-inserts\/\"},{\"@type\":\"ListItem\",\"position\":4,\"name\":\"Wood Burning Fireplace Inserts\",\"item\":\"https:\/\/dev.invicta.wp19.axome.cc\/en\/categorie-produit\/fireplaces-and-inserts\/wood-burning-fireplace-inserts-fireplaces-and-inserts\/\"},{\"@type\":\"ListItem\",\"position\":5,\"name\":\"Cassette stove 700 Absolu\"}]},{\"@type\":\"WebSite\",\"@id\":\"https:\/\/dev.invicta.wp19.axome.cc\/en\/#website\",\"url\":\"https:\/\/dev.invicta.wp19.axome.cc\/en\/\",\"name\":\"Invicta\",\"description\":\"Fabricant fran\u00e7ais, sp\u00e9cialiste europ\u00e9en du chauffage au bois : po\u00eales \u00e0 bois et \u00e0 granul\u00e9s, chemin\u00e9es, foyers et inserts\",\"publisher\":{\"@id\":\"https:\/\/dev.invicta.wp19.axome.cc\/en\/#organization\"},\"potentialAction\":[{\"@type\":\"SearchAction\",\"target\":{\"@type\":\"EntryPoint\",\"urlTemplate\":\"https:\/\/dev.invicta.wp19.axome.cc\/en\/?s={search_term_string}\"},\"query-input\":{\"@type\":\"PropertyValueSpecification\",\"valueRequired\":true,\"valueName\":\"search_term_string\"}}],\"inLanguage\":\"en-US\"},{\"@type\":\"Organization\",\"@id\":\"https:\/\/dev.invicta.wp19.axome.cc\/en\/#organization\",\"name\":\"Invicta\",\"url\":\"https:\/\/dev.invicta.wp19.axome.cc\/en\/\",\"logo\":{\"@type\":\"ImageObject\",\"inLanguage\":\"en-US\",\"@id\":\"https:\/\/dev.invicta.wp19.axome.cc\/en\/#\/schema\/logo\/image\/\",\"url\":\"https:\/\/www.invicta.fr\/wp-content\/uploads\/2019\/06\/INVICTALOGO_RVB.png\",\"contentUrl\":\"https:\/\/www.invicta.fr\/wp-content\/uploads\/2019\/06\/INVICTALOGO_RVB.png\",\"width\":1810,\"height\":1280,\"caption\":\"Invicta\"},\"image\":{\"@id\":\"https:\/\/dev.invicta.wp19.axome.cc\/en\/#\/schema\/logo\/image\/\"}}]}<\/script>\n<!-- \/ Yoast SEO plugin. -->","yoast_head_json":{"title":"Cassette stove 700 Absolu - Invicta","description":"This new addition makes elegance rhyme with performance. The Smart Glass is dark when the fire is not lit, but lights up when the logs catch fire, adding character to your living space. New extra quiet, super powerful turbines.","robots":{"index":"index","follow":"follow","max-snippet":"max-snippet:-1","max-image-preview":"max-image-preview:large","max-video-preview":"max-video-preview:-1"},"canonical":"https:\/\/dev.invicta.wp19.axome.cc\/en\/produit\/cassette-stove-700-absolu\/","og_locale":"en_US","og_type":"article","og_title":"Cassette stove 700 Absolu - Invicta","og_description":"This new addition makes elegance rhyme with performance. The Smart Glass is dark when the fire is not lit, but lights up when the logs catch fire, adding character to your living space. New extra quiet, super powerful turbines.","og_url":"https:\/\/dev.invicta.wp19.axome.cc\/en\/produit\/cassette-stove-700-absolu\/","og_site_name":"Invicta","article_modified_time":"2025-11-26T13:36:06+00:00","og_image":[{"width":1000,"height":750,"url":"https:\/\/dev.invicta.wp19.axome.cc\/wp-content\/uploads\/2025\/06\/A_P967008_ABSOLU2_web.jpg","type":"image\/jpeg"}],"twitter_card":"summary_large_image","schema":{"@context":"https:\/\/schema.org","@graph":[{"@type":"WebPage","@id":"https:\/\/dev.invicta.wp19.axome.cc\/en\/produit\/cassette-stove-700-absolu\/","url":"https:\/\/dev.invicta.wp19.axome.cc\/en\/produit\/cassette-stove-700-absolu\/","name":"Cassette stove 700 Absolu - Invicta","isPartOf":{"@id":"https:\/\/dev.invicta.wp19.axome.cc\/en\/#website"},"primaryImageOfPage":{"@id":"https:\/\/dev.invicta.wp19.axome.cc\/en\/produit\/cassette-stove-700-absolu\/#primaryimage"},"image":{"@id":"https:\/\/dev.invicta.wp19.axome.cc\/en\/produit\/cassette-stove-700-absolu\/#primaryimage"},"thumbnailUrl":"https:\/\/dev.invicta.wp19.axome.cc\/wp-content\/uploads\/2025\/06\/A_P967008_ABSOLU2_web.jpg","datePublished":"2025-11-26T12:36:05+00:00","dateModified":"2025-11-26T13:36:06+00:00","description":"This new addition makes elegance rhyme with performance. The Smart Glass is dark when the fire is not lit, but lights up when the logs catch fire, adding character to your living space. New extra quiet, super powerful turbines.","breadcrumb":{"@id":"https:\/\/dev.invicta.wp19.axome.cc\/en\/produit\/cassette-stove-700-absolu\/#breadcrumb"},"inLanguage":"en-US","potentialAction":[{"@type":"ReadAction","target":["https:\/\/dev.invicta.wp19.axome.cc\/en\/produit\/cassette-stove-700-absolu\/"]}]},{"@type":"ImageObject","inLanguage":"en-US","@id":"https:\/\/dev.invicta.wp19.axome.cc\/en\/produit\/cassette-stove-700-absolu\/#primaryimage","url":"https:\/\/dev.invicta.wp19.axome.cc\/wp-content\/uploads\/2025\/06\/A_P967008_ABSOLU2_web.jpg","contentUrl":"https:\/\/dev.invicta.wp19.axome.cc\/wp-content\/uploads\/2025\/06\/A_P967008_ABSOLU2_web.jpg","width":1000,"height":750},{"@type":"BreadcrumbList","@id":"https:\/\/dev.invicta.wp19.axome.cc\/en\/produit\/cassette-stove-700-absolu\/#breadcrumb","itemListElement":[{"@type":"ListItem","position":1,"name":"Home","item":"https:\/\/dev.invicta.wp19.axome.cc\/en\/"},{"@type":"ListItem","position":2,"name":"Products","item":"https:\/\/dev.invicta.wp19.axome.cc\/en\/shop\/"},{"@type":"ListItem","position":3,"name":"Fireplaces and inserts","item":"https:\/\/dev.invicta.wp19.axome.cc\/en\/categorie-produit\/fireplaces-and-inserts\/"},{"@type":"ListItem","position":4,"name":"Wood Burning Fireplace Inserts","item":"https:\/\/dev.invicta.wp19.axome.cc\/en\/categorie-produit\/fireplaces-and-inserts\/wood-burning-fireplace-inserts-fireplaces-and-inserts\/"},{"@type":"ListItem","position":5,"name":"Cassette stove 700 Absolu"}]},{"@type":"WebSite","@id":"https:\/\/dev.invicta.wp19.axome.cc\/en\/#website","url":"https:\/\/dev.invicta.wp19.axome.cc\/en\/","name":"Invicta","description":"Fabricant fran\u00e7ais, sp\u00e9cialiste europ\u00e9en du chauffage au bois : po\u00eales \u00e0 bois et \u00e0 granul\u00e9s, chemin\u00e9es, foyers et inserts","publisher":{"@id":"https:\/\/dev.invicta.wp19.axome.cc\/en\/#organization"},"potentialAction":[{"@type":"SearchAction","target":{"@type":"EntryPoint","urlTemplate":"https:\/\/dev.invicta.wp19.axome.cc\/en\/?s={search_term_string}"},"query-input":{"@type":"PropertyValueSpecification","valueRequired":true,"valueName":"search_term_string"}}],"inLanguage":"en-US"},{"@type":"Organization","@id":"https:\/\/dev.invicta.wp19.axome.cc\/en\/#organization","name":"Invicta","url":"https:\/\/dev.invicta.wp19.axome.cc\/en\/","logo":{"@type":"ImageObject","inLanguage":"en-US","@id":"https:\/\/dev.invicta.wp19.axome.cc\/en\/#\/schema\/logo\/image\/","url":"https:\/\/www.invicta.fr\/wp-content\/uploads\/2019\/06\/INVICTALOGO_RVB.png","contentUrl":"https:\/\/www.invicta.fr\/wp-content\/uploads\/2019\/06\/INVICTALOGO_RVB.png","width":1810,"height":1280,"caption":"Invicta"},"image":{"@id":"https:\/\/dev.invicta.wp19.axome.cc\/en\/#\/schema\/logo\/image\/"}}]}},"_links":{"self":[{"href":"https:\/\/dev.invicta.wp19.axome.cc\/en\/wp-json\/wp\/v2\/product\/69242","targetHints":{"allow":["GET"]}}],"collection":[{"href":"https:\/\/dev.invicta.wp19.axome.cc\/en\/wp-json\/wp\/v2\/product"}],"about":[{"href":"https:\/\/dev.invicta.wp19.axome.cc\/en\/wp-json\/wp\/v2\/types\/product"}],"wp:featuredmedia":[{"embeddable":true,"href":"https:\/\/dev.invicta.wp19.axome.cc\/en\/wp-json\/wp\/v2\/media\/68749"}],"wp:attachment":[{"href":"https:\/\/dev.invicta.wp19.axome.cc\/en\/wp-json\/wp\/v2\/media?parent=69242"}],"wp:term":[{"taxonomy":"product_brand","embeddable":true,"href":"https:\/\/dev.invicta.wp19.axome.cc\/en\/wp-json\/wp\/v2\/product_brand?post=69242"},{"taxonomy":"product_cat","embeddable":true,"href":"https:\/\/dev.invicta.wp19.axome.cc\/en\/wp-json\/wp\/v2\/product_cat?post=69242"},{"taxonomy":"product_tag","embeddable":true,"href":"https:\/\/dev.invicta.wp19.axome.cc\/en\/wp-json\/wp\/v2\/product_tag?post=69242"},{"taxonomy":"plus_produit","embeddable":true,"href":"https:\/\/dev.invicta.wp19.axome.cc\/en\/wp-json\/wp\/v2\/plus_produit?post=69242"}],"curies":[{"name":"wp","href":"https:\/\/api.w.org\/{rel}","templated":true}]}}