{"id":69296,"date":"2025-11-26T08:14:28","date_gmt":"2025-06-09T16:02:50","guid":{"rendered":"https:\/\/dev.invicta.wp19.axome.cc\/produit\/nola-8-black-airtight-pellet-stove\/"},"modified":"2025-06-09T18:02:53","modified_gmt":"2025-06-09T16:02:53","slug":"nola-8-black-airtight-pellet-stove","status":"publish","type":"product","link":"https:\/\/dev.invicta.wp19.axome.cc\/en\/produit\/nola-8-black-airtight-pellet-stove\/","title":{"rendered":"Nola 8 black airtight pellet stove"},"content":{"rendered":"<p>Ideal for new or well-insulated homes, the air-tignt Nola 8 pellet stove provides gentle, regulated heat. With its white finish, it combines design, modernity and high performance.<\/p>\n","protected":false},"excerpt":{"rendered":"<p>Ideal for new or well-insulated homes, the air-tignt Nola 8 pellet stove provides gentle, regulated heat. With its white finish, it combines design, modernity and high performance.<\/p>\n","protected":false},"featured_media":68822,"template":"","meta":{"_acf_changed":false},"product_brand":[],"product_cat":[2118,4931,2087,6011,6428,5948,5945,5950,5947,6426,6427,6425],"product_tag":[2089,5951,6431,2090,6827],"plus_produit":[2082,2084,2984,2085,6842,3074,2982,5942,2980,3491,2081],"class_list":{"1":"product","4":"has-post-thumbnail","6":"product_cat-aide-au-choix-en","7":"product_cat-pellet-stoves-en","8":"product_cat-airtight-pellet-stoves","9":"product_cat-8-kw-pellet-stoves","10":"product_cat-8-kw-airtight-pellet-stoves","11":"product_cat-autonomous-pellet-stoves","12":"product_cat-programmable-pellet-stoves","13":"product_cat-contemporary-pellet-stoves","14":"product_cat-modern-pellet-stoves","15":"product_cat-white-pellet-stoves","16":"product_cat-pellet-stoves-wall-outlet","17":"product_cat-pellet-stoves-with-suction-outlet","18":"product_tag-a-ecolabel-en-2","19":"product_tag-wifi-option-c02270-en","20":"product_tag-zone-3-suction-cup","21":"product_tag-garantie-2-ans-en","22":"product_tag-y-garantie-extension-1-an-en","23":"pa_autonomie-maximum-6409","24":"pa_autonomie-minimum-8-5-hours-en","25":"pa_capacite-de-la-tremie-16-5-kg-en","26":"pa_depart-des-fumees-arriere-en","27":"pa_indice-de-performance-122-en","28":"pa_volume-de-chauffe-75-to-240-m","29":"plus_produit-appareil-etanche-compatible-rt2012-en","30":"plus_produit-can-be-installed-facing-front-zone-3-suction","31":"plus_produit-combustion-control-kit-cck","32":"plus_produit-cstb-technical-assessment-no-14-2-15-2130v5","33":"plus_produit-extension-de-garantie-1-an-en-2","34":"plus_produit-hourly-schedule","35":"plus_produit-optional-external-thermostat-control-not-included","36":"plus_produit-optional-wifi-kit","37":"plus_produit-regulate-the-flame-or-room-temperature","38":"plus_produit-standby","39":"plus_produit-ventilator-for-hot-air-output","41":"first","42":"instock","43":"purchasable","44":"product-type-simple"},"acf":[],"yoast_head":"<!-- This site is optimized with the Yoast SEO plugin v24.7 - https:\/\/yoast.com\/wordpress\/plugins\/seo\/ -->\n<title>Nola 8 black airtight pellet stove - Invicta<\/title>\n<meta name=\"description\" content=\"Ideal for new or well-insulated homes, the air-tignt Nola 8 pellet stove provides gentle, regulated heat. With its white finish, it combines design,\" \/>\n<meta name=\"robots\" content=\"index, follow, max-snippet:-1, max-image-preview:large, max-video-preview:-1\" \/>\n<link rel=\"canonical\" href=\"https:\/\/dev.invicta.wp19.axome.cc\/en\/produit\/nola-8-black-airtight-pellet-stove\/\" \/>\n<meta property=\"og:locale\" content=\"en_US\" \/>\n<meta property=\"og:type\" content=\"article\" \/>\n<meta property=\"og:title\" content=\"Nola 8 black airtight pellet stove - Invicta\" \/>\n<meta property=\"og:description\" content=\"Ideal for new or well-insulated homes, the air-tignt Nola 8 pellet stove provides gentle, regulated heat. With its white finish, it combines design,\" \/>\n<meta property=\"og:url\" content=\"https:\/\/dev.invicta.wp19.axome.cc\/en\/produit\/nola-8-black-airtight-pellet-stove\/\" \/>\n<meta property=\"og:site_name\" content=\"Invicta\" \/>\n<meta property=\"article:modified_time\" content=\"2025-06-09T16:02:53+00:00\" \/>\n<meta property=\"og:image\" content=\"https:\/\/dev.invicta.wp19.axome.cc\/wp-content\/uploads\/2025\/06\/Nola_8_noir.jpg\" \/>\n\t<meta property=\"og:image:width\" content=\"473\" \/>\n\t<meta property=\"og:image:height\" content=\"1000\" \/>\n\t<meta property=\"og:image:type\" content=\"image\/jpeg\" \/>\n<meta name=\"twitter:card\" content=\"summary_large_image\" \/>\n<script type=\"application\/ld+json\" class=\"yoast-schema-graph\">{\"@context\":\"https:\/\/schema.org\",\"@graph\":[{\"@type\":\"WebPage\",\"@id\":\"https:\/\/dev.invicta.wp19.axome.cc\/en\/produit\/nola-8-black-airtight-pellet-stove\/\",\"url\":\"https:\/\/dev.invicta.wp19.axome.cc\/en\/produit\/nola-8-black-airtight-pellet-stove\/\",\"name\":\"Nola 8 black airtight pellet stove - Invicta\",\"isPartOf\":{\"@id\":\"https:\/\/dev.invicta.wp19.axome.cc\/en\/#website\"},\"primaryImageOfPage\":{\"@id\":\"https:\/\/dev.invicta.wp19.axome.cc\/en\/produit\/nola-8-black-airtight-pellet-stove\/#primaryimage\"},\"image\":{\"@id\":\"https:\/\/dev.invicta.wp19.axome.cc\/en\/produit\/nola-8-black-airtight-pellet-stove\/#primaryimage\"},\"thumbnailUrl\":\"https:\/\/dev.invicta.wp19.axome.cc\/wp-content\/uploads\/2025\/06\/Nola_8_noir.jpg\",\"datePublished\":\"2025-06-09T16:02:50+00:00\",\"dateModified\":\"2025-06-09T16:02:53+00:00\",\"description\":\"Ideal for new or well-insulated homes, the air-tignt Nola 8 pellet stove provides gentle, regulated heat. With its white finish, it combines design,\",\"breadcrumb\":{\"@id\":\"https:\/\/dev.invicta.wp19.axome.cc\/en\/produit\/nola-8-black-airtight-pellet-stove\/#breadcrumb\"},\"inLanguage\":\"en-US\",\"potentialAction\":[{\"@type\":\"ReadAction\",\"target\":[\"https:\/\/dev.invicta.wp19.axome.cc\/en\/produit\/nola-8-black-airtight-pellet-stove\/\"]}]},{\"@type\":\"ImageObject\",\"inLanguage\":\"en-US\",\"@id\":\"https:\/\/dev.invicta.wp19.axome.cc\/en\/produit\/nola-8-black-airtight-pellet-stove\/#primaryimage\",\"url\":\"https:\/\/dev.invicta.wp19.axome.cc\/wp-content\/uploads\/2025\/06\/Nola_8_noir.jpg\",\"contentUrl\":\"https:\/\/dev.invicta.wp19.axome.cc\/wp-content\/uploads\/2025\/06\/Nola_8_noir.jpg\",\"width\":473,\"height\":1000,\"caption\":\"Po\u00eale \u00e0 Granul\u00e9s Etanche Nola 8 noir - Po\u00eale \u00e0 Pellets\"},{\"@type\":\"BreadcrumbList\",\"@id\":\"https:\/\/dev.invicta.wp19.axome.cc\/en\/produit\/nola-8-black-airtight-pellet-stove\/#breadcrumb\",\"itemListElement\":[{\"@type\":\"ListItem\",\"position\":1,\"name\":\"Home\",\"item\":\"https:\/\/dev.invicta.wp19.axome.cc\/en\/\"},{\"@type\":\"ListItem\",\"position\":2,\"name\":\"Products\",\"item\":\"https:\/\/dev.invicta.wp19.axome.cc\/en\/shop\/\"},{\"@type\":\"ListItem\",\"position\":3,\"name\":\"Nola 8 black airtight pellet stove\"}]},{\"@type\":\"WebSite\",\"@id\":\"https:\/\/dev.invicta.wp19.axome.cc\/en\/#website\",\"url\":\"https:\/\/dev.invicta.wp19.axome.cc\/en\/\",\"name\":\"Invicta\",\"description\":\"Fabricant fran\u00e7ais, sp\u00e9cialiste europ\u00e9en du chauffage au bois : po\u00eales \u00e0 bois et \u00e0 granul\u00e9s, chemin\u00e9es, foyers et inserts\",\"publisher\":{\"@id\":\"https:\/\/dev.invicta.wp19.axome.cc\/en\/#organization\"},\"potentialAction\":[{\"@type\":\"SearchAction\",\"target\":{\"@type\":\"EntryPoint\",\"urlTemplate\":\"https:\/\/dev.invicta.wp19.axome.cc\/en\/?s={search_term_string}\"},\"query-input\":{\"@type\":\"PropertyValueSpecification\",\"valueRequired\":true,\"valueName\":\"search_term_string\"}}],\"inLanguage\":\"en-US\"},{\"@type\":\"Organization\",\"@id\":\"https:\/\/dev.invicta.wp19.axome.cc\/en\/#organization\",\"name\":\"Invicta\",\"url\":\"https:\/\/dev.invicta.wp19.axome.cc\/en\/\",\"logo\":{\"@type\":\"ImageObject\",\"inLanguage\":\"en-US\",\"@id\":\"https:\/\/dev.invicta.wp19.axome.cc\/en\/#\/schema\/logo\/image\/\",\"url\":\"https:\/\/www.invicta.fr\/wp-content\/uploads\/2019\/06\/INVICTALOGO_RVB.png\",\"contentUrl\":\"https:\/\/www.invicta.fr\/wp-content\/uploads\/2019\/06\/INVICTALOGO_RVB.png\",\"width\":1810,\"height\":1280,\"caption\":\"Invicta\"},\"image\":{\"@id\":\"https:\/\/dev.invicta.wp19.axome.cc\/en\/#\/schema\/logo\/image\/\"}}]}<\/script>\n<!-- \/ Yoast SEO plugin. -->","yoast_head_json":{"title":"Nola 8 black airtight pellet stove - Invicta","description":"Ideal for new or well-insulated homes, the air-tignt Nola 8 pellet stove provides gentle, regulated heat. With its white finish, it combines design,","robots":{"index":"index","follow":"follow","max-snippet":"max-snippet:-1","max-image-preview":"max-image-preview:large","max-video-preview":"max-video-preview:-1"},"canonical":"https:\/\/dev.invicta.wp19.axome.cc\/en\/produit\/nola-8-black-airtight-pellet-stove\/","og_locale":"en_US","og_type":"article","og_title":"Nola 8 black airtight pellet stove - Invicta","og_description":"Ideal for new or well-insulated homes, the air-tignt Nola 8 pellet stove provides gentle, regulated heat. With its white finish, it combines design,","og_url":"https:\/\/dev.invicta.wp19.axome.cc\/en\/produit\/nola-8-black-airtight-pellet-stove\/","og_site_name":"Invicta","article_modified_time":"2025-06-09T16:02:53+00:00","og_image":[{"width":473,"height":1000,"url":"https:\/\/dev.invicta.wp19.axome.cc\/wp-content\/uploads\/2025\/06\/Nola_8_noir.jpg","type":"image\/jpeg"}],"twitter_card":"summary_large_image","schema":{"@context":"https:\/\/schema.org","@graph":[{"@type":"WebPage","@id":"https:\/\/dev.invicta.wp19.axome.cc\/en\/produit\/nola-8-black-airtight-pellet-stove\/","url":"https:\/\/dev.invicta.wp19.axome.cc\/en\/produit\/nola-8-black-airtight-pellet-stove\/","name":"Nola 8 black airtight pellet stove - Invicta","isPartOf":{"@id":"https:\/\/dev.invicta.wp19.axome.cc\/en\/#website"},"primaryImageOfPage":{"@id":"https:\/\/dev.invicta.wp19.axome.cc\/en\/produit\/nola-8-black-airtight-pellet-stove\/#primaryimage"},"image":{"@id":"https:\/\/dev.invicta.wp19.axome.cc\/en\/produit\/nola-8-black-airtight-pellet-stove\/#primaryimage"},"thumbnailUrl":"https:\/\/dev.invicta.wp19.axome.cc\/wp-content\/uploads\/2025\/06\/Nola_8_noir.jpg","datePublished":"2025-06-09T16:02:50+00:00","dateModified":"2025-06-09T16:02:53+00:00","description":"Ideal for new or well-insulated homes, the air-tignt Nola 8 pellet stove provides gentle, regulated heat. With its white finish, it combines design,","breadcrumb":{"@id":"https:\/\/dev.invicta.wp19.axome.cc\/en\/produit\/nola-8-black-airtight-pellet-stove\/#breadcrumb"},"inLanguage":"en-US","potentialAction":[{"@type":"ReadAction","target":["https:\/\/dev.invicta.wp19.axome.cc\/en\/produit\/nola-8-black-airtight-pellet-stove\/"]}]},{"@type":"ImageObject","inLanguage":"en-US","@id":"https:\/\/dev.invicta.wp19.axome.cc\/en\/produit\/nola-8-black-airtight-pellet-stove\/#primaryimage","url":"https:\/\/dev.invicta.wp19.axome.cc\/wp-content\/uploads\/2025\/06\/Nola_8_noir.jpg","contentUrl":"https:\/\/dev.invicta.wp19.axome.cc\/wp-content\/uploads\/2025\/06\/Nola_8_noir.jpg","width":473,"height":1000,"caption":"Po\u00eale \u00e0 Granul\u00e9s Etanche Nola 8 noir - Po\u00eale \u00e0 Pellets"},{"@type":"BreadcrumbList","@id":"https:\/\/dev.invicta.wp19.axome.cc\/en\/produit\/nola-8-black-airtight-pellet-stove\/#breadcrumb","itemListElement":[{"@type":"ListItem","position":1,"name":"Home","item":"https:\/\/dev.invicta.wp19.axome.cc\/en\/"},{"@type":"ListItem","position":2,"name":"Products","item":"https:\/\/dev.invicta.wp19.axome.cc\/en\/shop\/"},{"@type":"ListItem","position":3,"name":"Nola 8 black airtight pellet stove"}]},{"@type":"WebSite","@id":"https:\/\/dev.invicta.wp19.axome.cc\/en\/#website","url":"https:\/\/dev.invicta.wp19.axome.cc\/en\/","name":"Invicta","description":"Fabricant fran\u00e7ais, sp\u00e9cialiste europ\u00e9en du chauffage au bois : po\u00eales \u00e0 bois et \u00e0 granul\u00e9s, chemin\u00e9es, foyers et inserts","publisher":{"@id":"https:\/\/dev.invicta.wp19.axome.cc\/en\/#organization"},"potentialAction":[{"@type":"SearchAction","target":{"@type":"EntryPoint","urlTemplate":"https:\/\/dev.invicta.wp19.axome.cc\/en\/?s={search_term_string}"},"query-input":{"@type":"PropertyValueSpecification","valueRequired":true,"valueName":"search_term_string"}}],"inLanguage":"en-US"},{"@type":"Organization","@id":"https:\/\/dev.invicta.wp19.axome.cc\/en\/#organization","name":"Invicta","url":"https:\/\/dev.invicta.wp19.axome.cc\/en\/","logo":{"@type":"ImageObject","inLanguage":"en-US","@id":"https:\/\/dev.invicta.wp19.axome.cc\/en\/#\/schema\/logo\/image\/","url":"https:\/\/www.invicta.fr\/wp-content\/uploads\/2019\/06\/INVICTALOGO_RVB.png","contentUrl":"https:\/\/www.invicta.fr\/wp-content\/uploads\/2019\/06\/INVICTALOGO_RVB.png","width":1810,"height":1280,"caption":"Invicta"},"image":{"@id":"https:\/\/dev.invicta.wp19.axome.cc\/en\/#\/schema\/logo\/image\/"}}]}},"_links":{"self":[{"href":"https:\/\/dev.invicta.wp19.axome.cc\/en\/wp-json\/wp\/v2\/product\/69296","targetHints":{"allow":["GET"]}}],"collection":[{"href":"https:\/\/dev.invicta.wp19.axome.cc\/en\/wp-json\/wp\/v2\/product"}],"about":[{"href":"https:\/\/dev.invicta.wp19.axome.cc\/en\/wp-json\/wp\/v2\/types\/product"}],"wp:featuredmedia":[{"embeddable":true,"href":"https:\/\/dev.invicta.wp19.axome.cc\/en\/wp-json\/wp\/v2\/media\/68822"}],"wp:attachment":[{"href":"https:\/\/dev.invicta.wp19.axome.cc\/en\/wp-json\/wp\/v2\/media?parent=69296"}],"wp:term":[{"taxonomy":"product_brand","embeddable":true,"href":"https:\/\/dev.invicta.wp19.axome.cc\/en\/wp-json\/wp\/v2\/product_brand?post=69296"},{"taxonomy":"product_cat","embeddable":true,"href":"https:\/\/dev.invicta.wp19.axome.cc\/en\/wp-json\/wp\/v2\/product_cat?post=69296"},{"taxonomy":"product_tag","embeddable":true,"href":"https:\/\/dev.invicta.wp19.axome.cc\/en\/wp-json\/wp\/v2\/product_tag?post=69296"},{"taxonomy":"plus_produit","embeddable":true,"href":"https:\/\/dev.invicta.wp19.axome.cc\/en\/wp-json\/wp\/v2\/plus_produit?post=69296"}],"curies":[{"name":"wp","href":"https:\/\/api.w.org\/{rel}","templated":true}]}}