{"id":69313,"date":"2025-11-26T08:32:38","date_gmt":"2025-11-26T12:36:29","guid":{"rendered":"https:\/\/dev.invicta.wp19.axome.cc\/produit\/800-primo-inset-stove-with-flue-valve-2\/"},"modified":"2025-11-26T14:36:31","modified_gmt":"2025-11-26T13:36:31","slug":"800-primo-inset-stove-with-flue-valve-2","status":"publish","type":"product","link":"https:\/\/dev.invicta.wp19.axome.cc\/en\/produit\/800-primo-inset-stove-with-flue-valve-2\/","title":{"rendered":"800 Primo Inset Stove with Flue-valve"},"content":{"rendered":"","protected":false},"excerpt":{"rendered":"<p>This fireplace was designed for optimizing your comfort with its improved performance, sleek design and affordable price.<\/p>\n","protected":false},"featured_media":68780,"template":"","meta":{"_acf_changed":false},"product_brand":[],"product_cat":[2118,4929,3689],"product_tag":[1297,1300,1299,1305,2090,6830],"plus_produit":[7977,1842,6836,3735,3708,3012,3009],"class_list":{"1":"product","4":"has-post-thumbnail","6":"product_cat-aide-au-choix-en","7":"product_cat-fireplaces-and-inserts","8":"product_cat-wood-burning-fireplaces-fireplaces-and-inserts","9":"product_tag-100-fonte-en","10":"product_tag-eco-design-2022-en","11":"product_tag-a-ecolabel-en","12":"product_tag-post-combustion-en","13":"product_tag-garantie-2-ans-en","14":"product_tag-y-extension-garantie-3ans-en","15":"pa_consommation-0-53-to-2-22-kg-hour","16":"pa_depart-des-fumees-dessus-en","17":"pa_indice-de-performance-100-en","18":"pa_surface-de-chauffe-55-to-120-m","19":"pa_volume-de-chauffe-135-to-300-m","20":"plus_produit-100-fonte-2","21":"plus_produit-clean-glass-en","22":"plus_produit-3-year-extended-warranty","23":"plus_produit-flue-valve","24":"plus_produit-intermittent-and-3-hour-extended-burning","25":"plus_produit-origine-france-garantie-made-in-france-guarantee","26":"plus_produit-post-combustion-system","28":"first","29":"instock","30":"purchasable","31":"product-type-simple"},"acf":[],"yoast_head":"<!-- This site is optimized with the Yoast SEO plugin v24.7 - https:\/\/yoast.com\/wordpress\/plugins\/seo\/ -->\n<title>800 Primo Inset Stove with Flue-valve - Invicta<\/title>\n<meta name=\"description\" content=\"This fireplace was designed for optimizing your comfort with its improved performance, sleek design and affordable price.\" \/>\n<meta name=\"robots\" content=\"index, follow, max-snippet:-1, max-image-preview:large, max-video-preview:-1\" \/>\n<link rel=\"canonical\" href=\"https:\/\/dev.invicta.wp19.axome.cc\/en\/produit\/800-primo-inset-stove-with-flue-valve-2\/\" \/>\n<meta property=\"og:locale\" content=\"en_US\" \/>\n<meta property=\"og:type\" content=\"article\" \/>\n<meta property=\"og:title\" content=\"800 Primo Inset Stove with Flue-valve - Invicta\" \/>\n<meta property=\"og:description\" content=\"This fireplace was designed for optimizing your comfort with its improved performance, sleek design and affordable price.\" \/>\n<meta property=\"og:url\" content=\"https:\/\/dev.invicta.wp19.axome.cc\/en\/produit\/800-primo-inset-stove-with-flue-valve-2\/\" \/>\n<meta property=\"og:site_name\" content=\"Invicta\" \/>\n<meta property=\"article:modified_time\" content=\"2025-11-26T13:36:31+00:00\" \/>\n<meta property=\"og:image\" content=\"https:\/\/dev.invicta.wp19.axome.cc\/wp-content\/uploads\/2025\/06\/C-P978775-FOYER_800_PRIMO.jpg\" \/>\n\t<meta property=\"og:image:width\" content=\"1080\" \/>\n\t<meta property=\"og:image:height\" content=\"1080\" \/>\n\t<meta property=\"og:image:type\" content=\"image\/jpeg\" \/>\n<meta name=\"twitter:card\" content=\"summary_large_image\" \/>\n<script type=\"application\/ld+json\" class=\"yoast-schema-graph\">{\"@context\":\"https:\/\/schema.org\",\"@graph\":[{\"@type\":\"WebPage\",\"@id\":\"https:\/\/dev.invicta.wp19.axome.cc\/en\/produit\/800-primo-inset-stove-with-flue-valve-2\/\",\"url\":\"https:\/\/dev.invicta.wp19.axome.cc\/en\/produit\/800-primo-inset-stove-with-flue-valve-2\/\",\"name\":\"800 Primo Inset Stove with Flue-valve - Invicta\",\"isPartOf\":{\"@id\":\"https:\/\/dev.invicta.wp19.axome.cc\/en\/#website\"},\"primaryImageOfPage\":{\"@id\":\"https:\/\/dev.invicta.wp19.axome.cc\/en\/produit\/800-primo-inset-stove-with-flue-valve-2\/#primaryimage\"},\"image\":{\"@id\":\"https:\/\/dev.invicta.wp19.axome.cc\/en\/produit\/800-primo-inset-stove-with-flue-valve-2\/#primaryimage\"},\"thumbnailUrl\":\"https:\/\/dev.invicta.wp19.axome.cc\/wp-content\/uploads\/2025\/06\/C-P978775-FOYER_800_PRIMO.jpg\",\"datePublished\":\"2025-11-26T12:36:29+00:00\",\"dateModified\":\"2025-11-26T13:36:31+00:00\",\"description\":\"This fireplace was designed for optimizing your comfort with its improved performance, sleek design and affordable price.\",\"breadcrumb\":{\"@id\":\"https:\/\/dev.invicta.wp19.axome.cc\/en\/produit\/800-primo-inset-stove-with-flue-valve-2\/#breadcrumb\"},\"inLanguage\":\"en-US\",\"potentialAction\":[{\"@type\":\"ReadAction\",\"target\":[\"https:\/\/dev.invicta.wp19.axome.cc\/en\/produit\/800-primo-inset-stove-with-flue-valve-2\/\"]}]},{\"@type\":\"ImageObject\",\"inLanguage\":\"en-US\",\"@id\":\"https:\/\/dev.invicta.wp19.axome.cc\/en\/produit\/800-primo-inset-stove-with-flue-valve-2\/#primaryimage\",\"url\":\"https:\/\/dev.invicta.wp19.axome.cc\/wp-content\/uploads\/2025\/06\/C-P978775-FOYER_800_PRIMO.jpg\",\"contentUrl\":\"https:\/\/dev.invicta.wp19.axome.cc\/wp-content\/uploads\/2025\/06\/C-P978775-FOYER_800_PRIMO.jpg\",\"width\":1080,\"height\":1080,\"caption\":\"Foyer 800 Primo 10 kW\"},{\"@type\":\"BreadcrumbList\",\"@id\":\"https:\/\/dev.invicta.wp19.axome.cc\/en\/produit\/800-primo-inset-stove-with-flue-valve-2\/#breadcrumb\",\"itemListElement\":[{\"@type\":\"ListItem\",\"position\":1,\"name\":\"Home\",\"item\":\"https:\/\/dev.invicta.wp19.axome.cc\/en\/\"},{\"@type\":\"ListItem\",\"position\":2,\"name\":\"Products\",\"item\":\"https:\/\/dev.invicta.wp19.axome.cc\/en\/shop\/\"},{\"@type\":\"ListItem\",\"position\":3,\"name\":\"Fireplaces and inserts\",\"item\":\"https:\/\/dev.invicta.wp19.axome.cc\/en\/categorie-produit\/fireplaces-and-inserts\/\"},{\"@type\":\"ListItem\",\"position\":4,\"name\":\"Wood Burning Fireplaces\",\"item\":\"https:\/\/dev.invicta.wp19.axome.cc\/en\/categorie-produit\/fireplaces-and-inserts\/wood-burning-fireplaces-fireplaces-and-inserts\/\"},{\"@type\":\"ListItem\",\"position\":5,\"name\":\"800 Primo Inset Stove with Flue-valve\"}]},{\"@type\":\"WebSite\",\"@id\":\"https:\/\/dev.invicta.wp19.axome.cc\/en\/#website\",\"url\":\"https:\/\/dev.invicta.wp19.axome.cc\/en\/\",\"name\":\"Invicta\",\"description\":\"Fabricant fran\u00e7ais, sp\u00e9cialiste europ\u00e9en du chauffage au bois : po\u00eales \u00e0 bois et \u00e0 granul\u00e9s, chemin\u00e9es, foyers et inserts\",\"publisher\":{\"@id\":\"https:\/\/dev.invicta.wp19.axome.cc\/en\/#organization\"},\"potentialAction\":[{\"@type\":\"SearchAction\",\"target\":{\"@type\":\"EntryPoint\",\"urlTemplate\":\"https:\/\/dev.invicta.wp19.axome.cc\/en\/?s={search_term_string}\"},\"query-input\":{\"@type\":\"PropertyValueSpecification\",\"valueRequired\":true,\"valueName\":\"search_term_string\"}}],\"inLanguage\":\"en-US\"},{\"@type\":\"Organization\",\"@id\":\"https:\/\/dev.invicta.wp19.axome.cc\/en\/#organization\",\"name\":\"Invicta\",\"url\":\"https:\/\/dev.invicta.wp19.axome.cc\/en\/\",\"logo\":{\"@type\":\"ImageObject\",\"inLanguage\":\"en-US\",\"@id\":\"https:\/\/dev.invicta.wp19.axome.cc\/en\/#\/schema\/logo\/image\/\",\"url\":\"https:\/\/www.invicta.fr\/wp-content\/uploads\/2019\/06\/INVICTALOGO_RVB.png\",\"contentUrl\":\"https:\/\/www.invicta.fr\/wp-content\/uploads\/2019\/06\/INVICTALOGO_RVB.png\",\"width\":1810,\"height\":1280,\"caption\":\"Invicta\"},\"image\":{\"@id\":\"https:\/\/dev.invicta.wp19.axome.cc\/en\/#\/schema\/logo\/image\/\"}}]}<\/script>\n<!-- \/ Yoast SEO plugin. -->","yoast_head_json":{"title":"800 Primo Inset Stove with Flue-valve - Invicta","description":"This fireplace was designed for optimizing your comfort with its improved performance, sleek design and affordable price.","robots":{"index":"index","follow":"follow","max-snippet":"max-snippet:-1","max-image-preview":"max-image-preview:large","max-video-preview":"max-video-preview:-1"},"canonical":"https:\/\/dev.invicta.wp19.axome.cc\/en\/produit\/800-primo-inset-stove-with-flue-valve-2\/","og_locale":"en_US","og_type":"article","og_title":"800 Primo Inset Stove with Flue-valve - Invicta","og_description":"This fireplace was designed for optimizing your comfort with its improved performance, sleek design and affordable price.","og_url":"https:\/\/dev.invicta.wp19.axome.cc\/en\/produit\/800-primo-inset-stove-with-flue-valve-2\/","og_site_name":"Invicta","article_modified_time":"2025-11-26T13:36:31+00:00","og_image":[{"width":1080,"height":1080,"url":"https:\/\/dev.invicta.wp19.axome.cc\/wp-content\/uploads\/2025\/06\/C-P978775-FOYER_800_PRIMO.jpg","type":"image\/jpeg"}],"twitter_card":"summary_large_image","schema":{"@context":"https:\/\/schema.org","@graph":[{"@type":"WebPage","@id":"https:\/\/dev.invicta.wp19.axome.cc\/en\/produit\/800-primo-inset-stove-with-flue-valve-2\/","url":"https:\/\/dev.invicta.wp19.axome.cc\/en\/produit\/800-primo-inset-stove-with-flue-valve-2\/","name":"800 Primo Inset Stove with Flue-valve - Invicta","isPartOf":{"@id":"https:\/\/dev.invicta.wp19.axome.cc\/en\/#website"},"primaryImageOfPage":{"@id":"https:\/\/dev.invicta.wp19.axome.cc\/en\/produit\/800-primo-inset-stove-with-flue-valve-2\/#primaryimage"},"image":{"@id":"https:\/\/dev.invicta.wp19.axome.cc\/en\/produit\/800-primo-inset-stove-with-flue-valve-2\/#primaryimage"},"thumbnailUrl":"https:\/\/dev.invicta.wp19.axome.cc\/wp-content\/uploads\/2025\/06\/C-P978775-FOYER_800_PRIMO.jpg","datePublished":"2025-11-26T12:36:29+00:00","dateModified":"2025-11-26T13:36:31+00:00","description":"This fireplace was designed for optimizing your comfort with its improved performance, sleek design and affordable price.","breadcrumb":{"@id":"https:\/\/dev.invicta.wp19.axome.cc\/en\/produit\/800-primo-inset-stove-with-flue-valve-2\/#breadcrumb"},"inLanguage":"en-US","potentialAction":[{"@type":"ReadAction","target":["https:\/\/dev.invicta.wp19.axome.cc\/en\/produit\/800-primo-inset-stove-with-flue-valve-2\/"]}]},{"@type":"ImageObject","inLanguage":"en-US","@id":"https:\/\/dev.invicta.wp19.axome.cc\/en\/produit\/800-primo-inset-stove-with-flue-valve-2\/#primaryimage","url":"https:\/\/dev.invicta.wp19.axome.cc\/wp-content\/uploads\/2025\/06\/C-P978775-FOYER_800_PRIMO.jpg","contentUrl":"https:\/\/dev.invicta.wp19.axome.cc\/wp-content\/uploads\/2025\/06\/C-P978775-FOYER_800_PRIMO.jpg","width":1080,"height":1080,"caption":"Foyer 800 Primo 10 kW"},{"@type":"BreadcrumbList","@id":"https:\/\/dev.invicta.wp19.axome.cc\/en\/produit\/800-primo-inset-stove-with-flue-valve-2\/#breadcrumb","itemListElement":[{"@type":"ListItem","position":1,"name":"Home","item":"https:\/\/dev.invicta.wp19.axome.cc\/en\/"},{"@type":"ListItem","position":2,"name":"Products","item":"https:\/\/dev.invicta.wp19.axome.cc\/en\/shop\/"},{"@type":"ListItem","position":3,"name":"Fireplaces and inserts","item":"https:\/\/dev.invicta.wp19.axome.cc\/en\/categorie-produit\/fireplaces-and-inserts\/"},{"@type":"ListItem","position":4,"name":"Wood Burning Fireplaces","item":"https:\/\/dev.invicta.wp19.axome.cc\/en\/categorie-produit\/fireplaces-and-inserts\/wood-burning-fireplaces-fireplaces-and-inserts\/"},{"@type":"ListItem","position":5,"name":"800 Primo Inset Stove with Flue-valve"}]},{"@type":"WebSite","@id":"https:\/\/dev.invicta.wp19.axome.cc\/en\/#website","url":"https:\/\/dev.invicta.wp19.axome.cc\/en\/","name":"Invicta","description":"Fabricant fran\u00e7ais, sp\u00e9cialiste europ\u00e9en du chauffage au bois : po\u00eales \u00e0 bois et \u00e0 granul\u00e9s, chemin\u00e9es, foyers et inserts","publisher":{"@id":"https:\/\/dev.invicta.wp19.axome.cc\/en\/#organization"},"potentialAction":[{"@type":"SearchAction","target":{"@type":"EntryPoint","urlTemplate":"https:\/\/dev.invicta.wp19.axome.cc\/en\/?s={search_term_string}"},"query-input":{"@type":"PropertyValueSpecification","valueRequired":true,"valueName":"search_term_string"}}],"inLanguage":"en-US"},{"@type":"Organization","@id":"https:\/\/dev.invicta.wp19.axome.cc\/en\/#organization","name":"Invicta","url":"https:\/\/dev.invicta.wp19.axome.cc\/en\/","logo":{"@type":"ImageObject","inLanguage":"en-US","@id":"https:\/\/dev.invicta.wp19.axome.cc\/en\/#\/schema\/logo\/image\/","url":"https:\/\/www.invicta.fr\/wp-content\/uploads\/2019\/06\/INVICTALOGO_RVB.png","contentUrl":"https:\/\/www.invicta.fr\/wp-content\/uploads\/2019\/06\/INVICTALOGO_RVB.png","width":1810,"height":1280,"caption":"Invicta"},"image":{"@id":"https:\/\/dev.invicta.wp19.axome.cc\/en\/#\/schema\/logo\/image\/"}}]}},"_links":{"self":[{"href":"https:\/\/dev.invicta.wp19.axome.cc\/en\/wp-json\/wp\/v2\/product\/69313","targetHints":{"allow":["GET"]}}],"collection":[{"href":"https:\/\/dev.invicta.wp19.axome.cc\/en\/wp-json\/wp\/v2\/product"}],"about":[{"href":"https:\/\/dev.invicta.wp19.axome.cc\/en\/wp-json\/wp\/v2\/types\/product"}],"wp:featuredmedia":[{"embeddable":true,"href":"https:\/\/dev.invicta.wp19.axome.cc\/en\/wp-json\/wp\/v2\/media\/68780"}],"wp:attachment":[{"href":"https:\/\/dev.invicta.wp19.axome.cc\/en\/wp-json\/wp\/v2\/media?parent=69313"}],"wp:term":[{"taxonomy":"product_brand","embeddable":true,"href":"https:\/\/dev.invicta.wp19.axome.cc\/en\/wp-json\/wp\/v2\/product_brand?post=69313"},{"taxonomy":"product_cat","embeddable":true,"href":"https:\/\/dev.invicta.wp19.axome.cc\/en\/wp-json\/wp\/v2\/product_cat?post=69313"},{"taxonomy":"product_tag","embeddable":true,"href":"https:\/\/dev.invicta.wp19.axome.cc\/en\/wp-json\/wp\/v2\/product_tag?post=69313"},{"taxonomy":"plus_produit","embeddable":true,"href":"https:\/\/dev.invicta.wp19.axome.cc\/en\/wp-json\/wp\/v2\/plus_produit?post=69313"}],"curies":[{"name":"wp","href":"https:\/\/api.w.org\/{rel}","templated":true}]}}