{"id":69322,"date":"2025-11-26T08:19:31","date_gmt":"2025-11-26T12:10:24","guid":{"rendered":"https:\/\/dev.invicta.wp19.axome.cc\/produit\/teramo-plus-red-hydro-airtight-pellet-stove\/"},"modified":"2025-11-26T14:10:26","modified_gmt":"2025-11-26T13:10:26","slug":"teramo-plus-hydro-airtight-pellet-stove-red","status":"publish","type":"product","link":"https:\/\/dev.invicta.wp19.axome.cc\/en\/produit\/teramo-plus-hydro-airtight-pellet-stove-red\/","title":{"rendered":"Teramo Plus red Hydro Airtight pellet stove"},"content":{"rendered":"","protected":false},"excerpt":{"rendered":"<p>With its bright red finish, the Teramo Plus brings a touch of modernity to your home. The Teramo hydro pellet stove is ideal for distributing heat to several rooms. It can be connected to a hydraulic radiator heating system. Product reserved for export markets.<\/p>\n","protected":false},"featured_media":0,"template":"","meta":{"_acf_changed":false},"product_brand":[],"product_cat":[2118,4931,3076,5946,5949,5948,5944,5945,5950,5947],"product_tag":[1302,1300,2089,2090,6827],"plus_produit":[6842,3074,2982,3650,3491,2081],"class_list":{"1":"product","5":"product_cat-aide-au-choix-en","6":"product_cat-pellet-stoves-en","7":"product_cat-pellet-stoves-pellet-stoves-en","8":"product_cat-10-kw-pellet-stoves","9":"product_cat-11-kw-pellet-stoves","10":"product_cat-autonomous-pellet-stoves","11":"product_cat-ductable-pellet-stoves","12":"product_cat-programmable-pellet-stoves","13":"product_cat-contemporary-pellet-stoves","14":"product_cat-modern-pellet-stoves","15":"product_tag-flamme-verte-en","16":"product_tag-eco-design-2022-en","17":"product_tag-a-ecolabel-en-2","18":"product_tag-garantie-2-ans-en","19":"product_tag-y-garantie-extension-1-an-en","20":"pa_consommation-0-53-to-2-22-kg-hour","21":"pa_depart-des-fumees-arriere-en","22":"pa_taux-de-co-0-0038-2-2","23":"plus_produit-extension-de-garantie-1-an-en-2","24":"plus_produit-hourly-schedule","25":"plus_produit-optional-external-thermostat-control-not-included","26":"plus_produit-regulate-power-or-room-temperature-2","27":"plus_produit-standby","28":"plus_produit-ventilator-for-hot-air-output","30":"first","31":"instock","32":"product-type-simple"},"acf":[],"yoast_head":"<!-- This site is optimized with the Yoast SEO plugin v24.7 - https:\/\/yoast.com\/wordpress\/plugins\/seo\/ -->\n<title>Teramo Plus red Hydro Airtight pellet stove - Invicta<\/title>\n<meta name=\"description\" content=\"With its bright red finish, the Teramo Plus brings a touch of modernity to your home. The Teramo hydro pellet stove is ideal for distributing heat to several rooms. It can be connected to a hydraulic radiator heating system. Product reserved for export markets.\" \/>\n<meta name=\"robots\" content=\"index, follow, max-snippet:-1, max-image-preview:large, max-video-preview:-1\" \/>\n<link rel=\"canonical\" href=\"https:\/\/dev.invicta.wp19.axome.cc\/en\/produit\/teramo-plus-hydro-airtight-pellet-stove-red\/\" \/>\n<meta property=\"og:locale\" content=\"en_US\" \/>\n<meta property=\"og:type\" content=\"article\" \/>\n<meta property=\"og:title\" content=\"Teramo Plus red Hydro Airtight pellet stove - Invicta\" \/>\n<meta property=\"og:description\" content=\"With its bright red finish, the Teramo Plus brings a touch of modernity to your home. The Teramo hydro pellet stove is ideal for distributing heat to several rooms. It can be connected to a hydraulic radiator heating system. Product reserved for export markets.\" \/>\n<meta property=\"og:url\" content=\"https:\/\/dev.invicta.wp19.axome.cc\/en\/produit\/teramo-plus-hydro-airtight-pellet-stove-red\/\" \/>\n<meta property=\"og:site_name\" content=\"Invicta\" \/>\n<meta property=\"article:modified_time\" content=\"2025-11-26T13:10:26+00:00\" \/>\n<meta name=\"twitter:card\" content=\"summary_large_image\" \/>\n<script type=\"application\/ld+json\" class=\"yoast-schema-graph\">{\"@context\":\"https:\/\/schema.org\",\"@graph\":[{\"@type\":\"WebPage\",\"@id\":\"https:\/\/dev.invicta.wp19.axome.cc\/en\/produit\/teramo-plus-hydro-airtight-pellet-stove-red\/\",\"url\":\"https:\/\/dev.invicta.wp19.axome.cc\/en\/produit\/teramo-plus-hydro-airtight-pellet-stove-red\/\",\"name\":\"Teramo Plus red Hydro Airtight pellet stove - Invicta\",\"isPartOf\":{\"@id\":\"https:\/\/dev.invicta.wp19.axome.cc\/en\/#website\"},\"datePublished\":\"2025-11-26T12:10:24+00:00\",\"dateModified\":\"2025-11-26T13:10:26+00:00\",\"description\":\"With its bright red finish, the Teramo Plus brings a touch of modernity to your home. The Teramo hydro pellet stove is ideal for distributing heat to several rooms. It can be connected to a hydraulic radiator heating system. Product reserved for export markets.\",\"breadcrumb\":{\"@id\":\"https:\/\/dev.invicta.wp19.axome.cc\/en\/produit\/teramo-plus-hydro-airtight-pellet-stove-red\/#breadcrumb\"},\"inLanguage\":\"en-US\",\"potentialAction\":[{\"@type\":\"ReadAction\",\"target\":[\"https:\/\/dev.invicta.wp19.axome.cc\/en\/produit\/teramo-plus-hydro-airtight-pellet-stove-red\/\"]}]},{\"@type\":\"BreadcrumbList\",\"@id\":\"https:\/\/dev.invicta.wp19.axome.cc\/en\/produit\/teramo-plus-hydro-airtight-pellet-stove-red\/#breadcrumb\",\"itemListElement\":[{\"@type\":\"ListItem\",\"position\":1,\"name\":\"Home\",\"item\":\"https:\/\/dev.invicta.wp19.axome.cc\/en\/\"},{\"@type\":\"ListItem\",\"position\":2,\"name\":\"Products\",\"item\":\"https:\/\/dev.invicta.wp19.axome.cc\/en\/shop\/\"},{\"@type\":\"ListItem\",\"position\":3,\"name\":\"Pellet Stoves\",\"item\":\"https:\/\/dev.invicta.wp19.axome.cc\/en\/categorie-produit\/pellet-stoves-en\/\"},{\"@type\":\"ListItem\",\"position\":4,\"name\":\"Pellet Stoves\",\"item\":\"https:\/\/dev.invicta.wp19.axome.cc\/en\/categorie-produit\/pellet-stoves-en\/pellet-stoves-pellet-stoves-en\/\"},{\"@type\":\"ListItem\",\"position\":5,\"name\":\"Teramo Plus red Hydro Airtight pellet stove\"}]},{\"@type\":\"WebSite\",\"@id\":\"https:\/\/dev.invicta.wp19.axome.cc\/en\/#website\",\"url\":\"https:\/\/dev.invicta.wp19.axome.cc\/en\/\",\"name\":\"Invicta\",\"description\":\"Fabricant fran\u00e7ais, sp\u00e9cialiste europ\u00e9en du chauffage au bois : po\u00eales \u00e0 bois et \u00e0 granul\u00e9s, chemin\u00e9es, foyers et inserts\",\"publisher\":{\"@id\":\"https:\/\/dev.invicta.wp19.axome.cc\/en\/#organization\"},\"potentialAction\":[{\"@type\":\"SearchAction\",\"target\":{\"@type\":\"EntryPoint\",\"urlTemplate\":\"https:\/\/dev.invicta.wp19.axome.cc\/en\/?s={search_term_string}\"},\"query-input\":{\"@type\":\"PropertyValueSpecification\",\"valueRequired\":true,\"valueName\":\"search_term_string\"}}],\"inLanguage\":\"en-US\"},{\"@type\":\"Organization\",\"@id\":\"https:\/\/dev.invicta.wp19.axome.cc\/en\/#organization\",\"name\":\"Invicta\",\"url\":\"https:\/\/dev.invicta.wp19.axome.cc\/en\/\",\"logo\":{\"@type\":\"ImageObject\",\"inLanguage\":\"en-US\",\"@id\":\"https:\/\/dev.invicta.wp19.axome.cc\/en\/#\/schema\/logo\/image\/\",\"url\":\"https:\/\/www.invicta.fr\/wp-content\/uploads\/2019\/06\/INVICTALOGO_RVB.png\",\"contentUrl\":\"https:\/\/www.invicta.fr\/wp-content\/uploads\/2019\/06\/INVICTALOGO_RVB.png\",\"width\":1810,\"height\":1280,\"caption\":\"Invicta\"},\"image\":{\"@id\":\"https:\/\/dev.invicta.wp19.axome.cc\/en\/#\/schema\/logo\/image\/\"}}]}<\/script>\n<!-- \/ Yoast SEO plugin. -->","yoast_head_json":{"title":"Teramo Plus red Hydro Airtight pellet stove - Invicta","description":"With its bright red finish, the Teramo Plus brings a touch of modernity to your home. The Teramo hydro pellet stove is ideal for distributing heat to several rooms. It can be connected to a hydraulic radiator heating system. Product reserved for export markets.","robots":{"index":"index","follow":"follow","max-snippet":"max-snippet:-1","max-image-preview":"max-image-preview:large","max-video-preview":"max-video-preview:-1"},"canonical":"https:\/\/dev.invicta.wp19.axome.cc\/en\/produit\/teramo-plus-hydro-airtight-pellet-stove-red\/","og_locale":"en_US","og_type":"article","og_title":"Teramo Plus red Hydro Airtight pellet stove - Invicta","og_description":"With its bright red finish, the Teramo Plus brings a touch of modernity to your home. The Teramo hydro pellet stove is ideal for distributing heat to several rooms. It can be connected to a hydraulic radiator heating system. Product reserved for export markets.","og_url":"https:\/\/dev.invicta.wp19.axome.cc\/en\/produit\/teramo-plus-hydro-airtight-pellet-stove-red\/","og_site_name":"Invicta","article_modified_time":"2025-11-26T13:10:26+00:00","twitter_card":"summary_large_image","schema":{"@context":"https:\/\/schema.org","@graph":[{"@type":"WebPage","@id":"https:\/\/dev.invicta.wp19.axome.cc\/en\/produit\/teramo-plus-hydro-airtight-pellet-stove-red\/","url":"https:\/\/dev.invicta.wp19.axome.cc\/en\/produit\/teramo-plus-hydro-airtight-pellet-stove-red\/","name":"Teramo Plus red Hydro Airtight pellet stove - Invicta","isPartOf":{"@id":"https:\/\/dev.invicta.wp19.axome.cc\/en\/#website"},"datePublished":"2025-11-26T12:10:24+00:00","dateModified":"2025-11-26T13:10:26+00:00","description":"With its bright red finish, the Teramo Plus brings a touch of modernity to your home. The Teramo hydro pellet stove is ideal for distributing heat to several rooms. It can be connected to a hydraulic radiator heating system. Product reserved for export markets.","breadcrumb":{"@id":"https:\/\/dev.invicta.wp19.axome.cc\/en\/produit\/teramo-plus-hydro-airtight-pellet-stove-red\/#breadcrumb"},"inLanguage":"en-US","potentialAction":[{"@type":"ReadAction","target":["https:\/\/dev.invicta.wp19.axome.cc\/en\/produit\/teramo-plus-hydro-airtight-pellet-stove-red\/"]}]},{"@type":"BreadcrumbList","@id":"https:\/\/dev.invicta.wp19.axome.cc\/en\/produit\/teramo-plus-hydro-airtight-pellet-stove-red\/#breadcrumb","itemListElement":[{"@type":"ListItem","position":1,"name":"Home","item":"https:\/\/dev.invicta.wp19.axome.cc\/en\/"},{"@type":"ListItem","position":2,"name":"Products","item":"https:\/\/dev.invicta.wp19.axome.cc\/en\/shop\/"},{"@type":"ListItem","position":3,"name":"Pellet Stoves","item":"https:\/\/dev.invicta.wp19.axome.cc\/en\/categorie-produit\/pellet-stoves-en\/"},{"@type":"ListItem","position":4,"name":"Pellet Stoves","item":"https:\/\/dev.invicta.wp19.axome.cc\/en\/categorie-produit\/pellet-stoves-en\/pellet-stoves-pellet-stoves-en\/"},{"@type":"ListItem","position":5,"name":"Teramo Plus red Hydro Airtight pellet stove"}]},{"@type":"WebSite","@id":"https:\/\/dev.invicta.wp19.axome.cc\/en\/#website","url":"https:\/\/dev.invicta.wp19.axome.cc\/en\/","name":"Invicta","description":"Fabricant fran\u00e7ais, sp\u00e9cialiste europ\u00e9en du chauffage au bois : po\u00eales \u00e0 bois et \u00e0 granul\u00e9s, chemin\u00e9es, foyers et inserts","publisher":{"@id":"https:\/\/dev.invicta.wp19.axome.cc\/en\/#organization"},"potentialAction":[{"@type":"SearchAction","target":{"@type":"EntryPoint","urlTemplate":"https:\/\/dev.invicta.wp19.axome.cc\/en\/?s={search_term_string}"},"query-input":{"@type":"PropertyValueSpecification","valueRequired":true,"valueName":"search_term_string"}}],"inLanguage":"en-US"},{"@type":"Organization","@id":"https:\/\/dev.invicta.wp19.axome.cc\/en\/#organization","name":"Invicta","url":"https:\/\/dev.invicta.wp19.axome.cc\/en\/","logo":{"@type":"ImageObject","inLanguage":"en-US","@id":"https:\/\/dev.invicta.wp19.axome.cc\/en\/#\/schema\/logo\/image\/","url":"https:\/\/www.invicta.fr\/wp-content\/uploads\/2019\/06\/INVICTALOGO_RVB.png","contentUrl":"https:\/\/www.invicta.fr\/wp-content\/uploads\/2019\/06\/INVICTALOGO_RVB.png","width":1810,"height":1280,"caption":"Invicta"},"image":{"@id":"https:\/\/dev.invicta.wp19.axome.cc\/en\/#\/schema\/logo\/image\/"}}]}},"_links":{"self":[{"href":"https:\/\/dev.invicta.wp19.axome.cc\/en\/wp-json\/wp\/v2\/product\/69322","targetHints":{"allow":["GET"]}}],"collection":[{"href":"https:\/\/dev.invicta.wp19.axome.cc\/en\/wp-json\/wp\/v2\/product"}],"about":[{"href":"https:\/\/dev.invicta.wp19.axome.cc\/en\/wp-json\/wp\/v2\/types\/product"}],"wp:attachment":[{"href":"https:\/\/dev.invicta.wp19.axome.cc\/en\/wp-json\/wp\/v2\/media?parent=69322"}],"wp:term":[{"taxonomy":"product_brand","embeddable":true,"href":"https:\/\/dev.invicta.wp19.axome.cc\/en\/wp-json\/wp\/v2\/product_brand?post=69322"},{"taxonomy":"product_cat","embeddable":true,"href":"https:\/\/dev.invicta.wp19.axome.cc\/en\/wp-json\/wp\/v2\/product_cat?post=69322"},{"taxonomy":"product_tag","embeddable":true,"href":"https:\/\/dev.invicta.wp19.axome.cc\/en\/wp-json\/wp\/v2\/product_tag?post=69322"},{"taxonomy":"plus_produit","embeddable":true,"href":"https:\/\/dev.invicta.wp19.axome.cc\/en\/wp-json\/wp\/v2\/plus_produit?post=69322"}],"curies":[{"name":"wp","href":"https:\/\/api.w.org\/{rel}","templated":true}]}}