{"id":69348,"date":"2025-11-26T08:06:10","date_gmt":"2025-06-09T16:06:25","guid":{"rendered":"https:\/\/dev.invicta.wp19.axome.cc\/produit\/estufa-estanca-de-hierro-fundido-alcor\/"},"modified":"2025-06-09T18:06:32","modified_gmt":"2025-06-09T16:06:32","slug":"estufa-estanca-de-hierro-fundido-alcor","status":"publish","type":"product","link":"https:\/\/dev.invicta.wp19.axome.cc\/es\/produit\/estufa-estanca-de-hierro-fundido-alcor\/","title":{"rendered":"Estufa estanca de hierro fundido Alcor"},"content":{"rendered":"<p>Alcor le promete un futuro brillante. Su ventana panor\u00e1mica de gran angular y su elegante acabado le dan un resplandor innegable al espect\u00e1culo de las llamas.<\/p>\n","protected":false},"excerpt":{"rendered":"<p>Alcor le promete un futuro brillante. Su ventana panor\u00e1mica de gran angular y su elegante acabado le dan un resplandor innegable al espect\u00e1culo de las llamas.<\/p>\n","protected":false},"featured_media":67841,"template":"","meta":{"_acf_changed":false},"product_brand":[],"product_cat":[2293,2733,2604,6274,6279,6149,6145,6146,6147],"product_tag":[2301,2303,2305,2605,2295,7048,7049],"plus_produit":[2287,2377,2601,2265,2597,2284,6838,2819,2263],"class_list":{"1":"product","4":"has-post-thumbnail","6":"product_cat-ayuda-en-la-eleccion","7":"product_cat-estufas-de-lena","8":"product_cat-estufas-de-lena-estancas","9":"product_cat-estufas-de-lena-de-6kw","10":"product_cat-estufas-de-lena-de-esquina","11":"product_cat-estufas-de-lena-contemporaneas","12":"product_cat-estufas-de-lena-de-diseno","13":"product_cat-estufas-de-lena-modernas","14":"product_cat-estufas-de-lena-redondas","15":"product_tag-flamme-verte-7","16":"product_tag-eco-design-2022-es","17":"product_tag-certificacion-ecolabel-a","18":"product_tag-control-de-aire","19":"product_tag-post-combustion-es","20":"product_tag-y-garantia-de-3-anos","21":"product_tag-y-garantie-extension-2ans-por","22":"pa_consommation-de-053-a-222-kg-hora","23":"pa_depart-des-fumees-parte-superior","24":"pa_indice-de-performance-100-es","25":"pa_surface-de-chauffe-de-30-a-70-m","26":"pa_volume-de-chauffe-de-80-a-180-m","27":"plus_produit-aire-secundario-regulable","28":"plus_produit-combustion-prolongada","29":"plus_produit-control-de-aire","30":"plus_produit-vidrio-limpio","31":"plus_produit-dispositivo-resistente-al-agua-compatible-con-rt2012","32":"plus_produit-garantia-de-origen-frances","33":"plus_produit-garantia-extendida-3-anos","34":"plus_produit-revestimiento-de-vermiculita","35":"plus_produit-sistema-de-post-combustion","37":"first","38":"instock","39":"purchasable","40":"product-type-simple"},"acf":[],"yoast_head":"<!-- This site is optimized with the Yoast SEO plugin v24.7 - https:\/\/yoast.com\/wordpress\/plugins\/seo\/ -->\n<title>Estufa estanca de hierro fundido Alcor - Invicta<\/title>\n<meta name=\"description\" content=\"Alcor le promete un futuro brillante. Su ventana panor\u00e1mica de gran angular y su elegante acabado le dan un resplandor innegable al espect\u00e1culo de las\" \/>\n<meta name=\"robots\" content=\"index, follow, max-snippet:-1, max-image-preview:large, max-video-preview:-1\" \/>\n<link rel=\"canonical\" href=\"https:\/\/dev.invicta.wp19.axome.cc\/es\/produit\/estufa-estanca-de-hierro-fundido-alcor\/\" \/>\n<meta property=\"og:locale\" content=\"es_ES\" \/>\n<meta property=\"og:type\" content=\"article\" \/>\n<meta property=\"og:title\" content=\"Estufa estanca de hierro fundido Alcor - Invicta\" \/>\n<meta property=\"og:description\" content=\"Alcor le promete un futuro brillante. Su ventana panor\u00e1mica de gran angular y su elegante acabado le dan un resplandor innegable al espect\u00e1culo de las\" \/>\n<meta property=\"og:url\" content=\"https:\/\/dev.invicta.wp19.axome.cc\/es\/produit\/estufa-estanca-de-hierro-fundido-alcor\/\" \/>\n<meta property=\"og:site_name\" content=\"Invicta\" \/>\n<meta property=\"article:modified_time\" content=\"2025-06-09T16:06:32+00:00\" \/>\n<meta property=\"og:image\" content=\"https:\/\/dev.invicta.wp19.axome.cc\/wp-content\/uploads\/2025\/06\/NEW-alcor-ambiance_1431623522.jpg\" \/>\n\t<meta property=\"og:image:width\" content=\"709\" \/>\n\t<meta property=\"og:image:height\" content=\"837\" \/>\n\t<meta property=\"og:image:type\" content=\"image\/jpeg\" \/>\n<meta name=\"twitter:card\" content=\"summary_large_image\" \/>\n<script type=\"application\/ld+json\" class=\"yoast-schema-graph\">{\"@context\":\"https:\/\/schema.org\",\"@graph\":[{\"@type\":\"WebPage\",\"@id\":\"https:\/\/dev.invicta.wp19.axome.cc\/es\/produit\/estufa-estanca-de-hierro-fundido-alcor\/\",\"url\":\"https:\/\/dev.invicta.wp19.axome.cc\/es\/produit\/estufa-estanca-de-hierro-fundido-alcor\/\",\"name\":\"Estufa estanca de hierro fundido Alcor - Invicta\",\"isPartOf\":{\"@id\":\"https:\/\/dev.invicta.wp19.axome.cc\/es\/#website\"},\"primaryImageOfPage\":{\"@id\":\"https:\/\/dev.invicta.wp19.axome.cc\/es\/produit\/estufa-estanca-de-hierro-fundido-alcor\/#primaryimage\"},\"image\":{\"@id\":\"https:\/\/dev.invicta.wp19.axome.cc\/es\/produit\/estufa-estanca-de-hierro-fundido-alcor\/#primaryimage\"},\"thumbnailUrl\":\"https:\/\/dev.invicta.wp19.axome.cc\/wp-content\/uploads\/2025\/06\/NEW-alcor-ambiance_1431623522.jpg\",\"datePublished\":\"2025-06-09T16:06:25+00:00\",\"dateModified\":\"2025-06-09T16:06:32+00:00\",\"description\":\"Alcor le promete un futuro brillante. Su ventana panor\u00e1mica de gran angular y su elegante acabado le dan un resplandor innegable al espect\u00e1culo de las\",\"breadcrumb\":{\"@id\":\"https:\/\/dev.invicta.wp19.axome.cc\/es\/produit\/estufa-estanca-de-hierro-fundido-alcor\/#breadcrumb\"},\"inLanguage\":\"es\",\"potentialAction\":[{\"@type\":\"ReadAction\",\"target\":[\"https:\/\/dev.invicta.wp19.axome.cc\/es\/produit\/estufa-estanca-de-hierro-fundido-alcor\/\"]}]},{\"@type\":\"ImageObject\",\"inLanguage\":\"es\",\"@id\":\"https:\/\/dev.invicta.wp19.axome.cc\/es\/produit\/estufa-estanca-de-hierro-fundido-alcor\/#primaryimage\",\"url\":\"https:\/\/dev.invicta.wp19.axome.cc\/wp-content\/uploads\/2025\/06\/NEW-alcor-ambiance_1431623522.jpg\",\"contentUrl\":\"https:\/\/dev.invicta.wp19.axome.cc\/wp-content\/uploads\/2025\/06\/NEW-alcor-ambiance_1431623522.jpg\",\"width\":709,\"height\":837},{\"@type\":\"BreadcrumbList\",\"@id\":\"https:\/\/dev.invicta.wp19.axome.cc\/es\/produit\/estufa-estanca-de-hierro-fundido-alcor\/#breadcrumb\",\"itemListElement\":[{\"@type\":\"ListItem\",\"position\":1,\"name\":\"Inicio\",\"item\":\"https:\/\/dev.invicta.wp19.axome.cc\/es\/\"},{\"@type\":\"ListItem\",\"position\":2,\"name\":\"Productos\",\"item\":\"https:\/\/dev.invicta.wp19.axome.cc\/es\/shop\/\"},{\"@type\":\"ListItem\",\"position\":3,\"name\":\"Estufas de le\u00f1a\",\"item\":\"https:\/\/dev.invicta.wp19.axome.cc\/es\/categorie-produit\/estufas-de-lena\/\"},{\"@type\":\"ListItem\",\"position\":4,\"name\":\"Estufas de le\u00f1a estancas\",\"item\":\"https:\/\/dev.invicta.wp19.axome.cc\/es\/categorie-produit\/estufas-de-lena\/estufas-de-lena-estancas\/\"},{\"@type\":\"ListItem\",\"position\":5,\"name\":\"Estufa estanca de hierro fundido Alcor\"}]},{\"@type\":\"WebSite\",\"@id\":\"https:\/\/dev.invicta.wp19.axome.cc\/es\/#website\",\"url\":\"https:\/\/dev.invicta.wp19.axome.cc\/es\/\",\"name\":\"Invicta\",\"description\":\"Fabricant fran\u00e7ais, sp\u00e9cialiste europ\u00e9en du chauffage au bois : po\u00eales \u00e0 bois et \u00e0 granul\u00e9s, chemin\u00e9es, foyers et inserts\",\"publisher\":{\"@id\":\"https:\/\/dev.invicta.wp19.axome.cc\/es\/#organization\"},\"potentialAction\":[{\"@type\":\"SearchAction\",\"target\":{\"@type\":\"EntryPoint\",\"urlTemplate\":\"https:\/\/dev.invicta.wp19.axome.cc\/es\/?s={search_term_string}\"},\"query-input\":{\"@type\":\"PropertyValueSpecification\",\"valueRequired\":true,\"valueName\":\"search_term_string\"}}],\"inLanguage\":\"es\"},{\"@type\":\"Organization\",\"@id\":\"https:\/\/dev.invicta.wp19.axome.cc\/es\/#organization\",\"name\":\"Invicta\",\"url\":\"https:\/\/dev.invicta.wp19.axome.cc\/es\/\",\"logo\":{\"@type\":\"ImageObject\",\"inLanguage\":\"es\",\"@id\":\"https:\/\/dev.invicta.wp19.axome.cc\/es\/#\/schema\/logo\/image\/\",\"url\":\"https:\/\/www.invicta.fr\/wp-content\/uploads\/2019\/06\/INVICTALOGO_RVB.png\",\"contentUrl\":\"https:\/\/www.invicta.fr\/wp-content\/uploads\/2019\/06\/INVICTALOGO_RVB.png\",\"width\":1810,\"height\":1280,\"caption\":\"Invicta\"},\"image\":{\"@id\":\"https:\/\/dev.invicta.wp19.axome.cc\/es\/#\/schema\/logo\/image\/\"}}]}<\/script>\n<!-- \/ Yoast SEO plugin. -->","yoast_head_json":{"title":"Estufa estanca de hierro fundido Alcor - Invicta","description":"Alcor le promete un futuro brillante. Su ventana panor\u00e1mica de gran angular y su elegante acabado le dan un resplandor innegable al espect\u00e1culo de las","robots":{"index":"index","follow":"follow","max-snippet":"max-snippet:-1","max-image-preview":"max-image-preview:large","max-video-preview":"max-video-preview:-1"},"canonical":"https:\/\/dev.invicta.wp19.axome.cc\/es\/produit\/estufa-estanca-de-hierro-fundido-alcor\/","og_locale":"es_ES","og_type":"article","og_title":"Estufa estanca de hierro fundido Alcor - Invicta","og_description":"Alcor le promete un futuro brillante. Su ventana panor\u00e1mica de gran angular y su elegante acabado le dan un resplandor innegable al espect\u00e1culo de las","og_url":"https:\/\/dev.invicta.wp19.axome.cc\/es\/produit\/estufa-estanca-de-hierro-fundido-alcor\/","og_site_name":"Invicta","article_modified_time":"2025-06-09T16:06:32+00:00","og_image":[{"width":709,"height":837,"url":"https:\/\/dev.invicta.wp19.axome.cc\/wp-content\/uploads\/2025\/06\/NEW-alcor-ambiance_1431623522.jpg","type":"image\/jpeg"}],"twitter_card":"summary_large_image","schema":{"@context":"https:\/\/schema.org","@graph":[{"@type":"WebPage","@id":"https:\/\/dev.invicta.wp19.axome.cc\/es\/produit\/estufa-estanca-de-hierro-fundido-alcor\/","url":"https:\/\/dev.invicta.wp19.axome.cc\/es\/produit\/estufa-estanca-de-hierro-fundido-alcor\/","name":"Estufa estanca de hierro fundido Alcor - Invicta","isPartOf":{"@id":"https:\/\/dev.invicta.wp19.axome.cc\/es\/#website"},"primaryImageOfPage":{"@id":"https:\/\/dev.invicta.wp19.axome.cc\/es\/produit\/estufa-estanca-de-hierro-fundido-alcor\/#primaryimage"},"image":{"@id":"https:\/\/dev.invicta.wp19.axome.cc\/es\/produit\/estufa-estanca-de-hierro-fundido-alcor\/#primaryimage"},"thumbnailUrl":"https:\/\/dev.invicta.wp19.axome.cc\/wp-content\/uploads\/2025\/06\/NEW-alcor-ambiance_1431623522.jpg","datePublished":"2025-06-09T16:06:25+00:00","dateModified":"2025-06-09T16:06:32+00:00","description":"Alcor le promete un futuro brillante. Su ventana panor\u00e1mica de gran angular y su elegante acabado le dan un resplandor innegable al espect\u00e1culo de las","breadcrumb":{"@id":"https:\/\/dev.invicta.wp19.axome.cc\/es\/produit\/estufa-estanca-de-hierro-fundido-alcor\/#breadcrumb"},"inLanguage":"es","potentialAction":[{"@type":"ReadAction","target":["https:\/\/dev.invicta.wp19.axome.cc\/es\/produit\/estufa-estanca-de-hierro-fundido-alcor\/"]}]},{"@type":"ImageObject","inLanguage":"es","@id":"https:\/\/dev.invicta.wp19.axome.cc\/es\/produit\/estufa-estanca-de-hierro-fundido-alcor\/#primaryimage","url":"https:\/\/dev.invicta.wp19.axome.cc\/wp-content\/uploads\/2025\/06\/NEW-alcor-ambiance_1431623522.jpg","contentUrl":"https:\/\/dev.invicta.wp19.axome.cc\/wp-content\/uploads\/2025\/06\/NEW-alcor-ambiance_1431623522.jpg","width":709,"height":837},{"@type":"BreadcrumbList","@id":"https:\/\/dev.invicta.wp19.axome.cc\/es\/produit\/estufa-estanca-de-hierro-fundido-alcor\/#breadcrumb","itemListElement":[{"@type":"ListItem","position":1,"name":"Inicio","item":"https:\/\/dev.invicta.wp19.axome.cc\/es\/"},{"@type":"ListItem","position":2,"name":"Productos","item":"https:\/\/dev.invicta.wp19.axome.cc\/es\/shop\/"},{"@type":"ListItem","position":3,"name":"Estufas de le\u00f1a","item":"https:\/\/dev.invicta.wp19.axome.cc\/es\/categorie-produit\/estufas-de-lena\/"},{"@type":"ListItem","position":4,"name":"Estufas de le\u00f1a estancas","item":"https:\/\/dev.invicta.wp19.axome.cc\/es\/categorie-produit\/estufas-de-lena\/estufas-de-lena-estancas\/"},{"@type":"ListItem","position":5,"name":"Estufa estanca de hierro fundido Alcor"}]},{"@type":"WebSite","@id":"https:\/\/dev.invicta.wp19.axome.cc\/es\/#website","url":"https:\/\/dev.invicta.wp19.axome.cc\/es\/","name":"Invicta","description":"Fabricant fran\u00e7ais, sp\u00e9cialiste europ\u00e9en du chauffage au bois : po\u00eales \u00e0 bois et \u00e0 granul\u00e9s, chemin\u00e9es, foyers et inserts","publisher":{"@id":"https:\/\/dev.invicta.wp19.axome.cc\/es\/#organization"},"potentialAction":[{"@type":"SearchAction","target":{"@type":"EntryPoint","urlTemplate":"https:\/\/dev.invicta.wp19.axome.cc\/es\/?s={search_term_string}"},"query-input":{"@type":"PropertyValueSpecification","valueRequired":true,"valueName":"search_term_string"}}],"inLanguage":"es"},{"@type":"Organization","@id":"https:\/\/dev.invicta.wp19.axome.cc\/es\/#organization","name":"Invicta","url":"https:\/\/dev.invicta.wp19.axome.cc\/es\/","logo":{"@type":"ImageObject","inLanguage":"es","@id":"https:\/\/dev.invicta.wp19.axome.cc\/es\/#\/schema\/logo\/image\/","url":"https:\/\/www.invicta.fr\/wp-content\/uploads\/2019\/06\/INVICTALOGO_RVB.png","contentUrl":"https:\/\/www.invicta.fr\/wp-content\/uploads\/2019\/06\/INVICTALOGO_RVB.png","width":1810,"height":1280,"caption":"Invicta"},"image":{"@id":"https:\/\/dev.invicta.wp19.axome.cc\/es\/#\/schema\/logo\/image\/"}}]}},"_links":{"self":[{"href":"https:\/\/dev.invicta.wp19.axome.cc\/es\/wp-json\/wp\/v2\/product\/69348","targetHints":{"allow":["GET"]}}],"collection":[{"href":"https:\/\/dev.invicta.wp19.axome.cc\/es\/wp-json\/wp\/v2\/product"}],"about":[{"href":"https:\/\/dev.invicta.wp19.axome.cc\/es\/wp-json\/wp\/v2\/types\/product"}],"wp:featuredmedia":[{"embeddable":true,"href":"https:\/\/dev.invicta.wp19.axome.cc\/es\/wp-json\/wp\/v2\/media\/67841"}],"wp:attachment":[{"href":"https:\/\/dev.invicta.wp19.axome.cc\/es\/wp-json\/wp\/v2\/media?parent=69348"}],"wp:term":[{"taxonomy":"product_brand","embeddable":true,"href":"https:\/\/dev.invicta.wp19.axome.cc\/es\/wp-json\/wp\/v2\/product_brand?post=69348"},{"taxonomy":"product_cat","embeddable":true,"href":"https:\/\/dev.invicta.wp19.axome.cc\/es\/wp-json\/wp\/v2\/product_cat?post=69348"},{"taxonomy":"product_tag","embeddable":true,"href":"https:\/\/dev.invicta.wp19.axome.cc\/es\/wp-json\/wp\/v2\/product_tag?post=69348"},{"taxonomy":"plus_produit","embeddable":true,"href":"https:\/\/dev.invicta.wp19.axome.cc\/es\/wp-json\/wp\/v2\/plus_produit?post=69348"}],"curies":[{"name":"wp","href":"https:\/\/api.w.org\/{rel}","templated":true}]}}