{"id":69356,"date":"2025-11-26T08:29:13","date_gmt":"2025-11-26T10:25:36","guid":{"rendered":"https:\/\/dev.invicta.wp19.axome.cc\/produit\/estufa-de-hierro-fundido-estanca-moai\/"},"modified":"2025-11-26T12:25:39","modified_gmt":"2025-11-26T11:25:39","slug":"estufa-de-lena-estanca-moai","status":"publish","type":"product","link":"https:\/\/dev.invicta.wp19.axome.cc\/es\/produit\/estufa-de-lena-estanca-moai\/","title":{"rendered":"Estufa de hierro fundido estanca Moa\u00ef"},"content":{"rendered":"","protected":false},"excerpt":{"rendered":"<p>Inspirada en las siluetas de las estatuas de la Isla de Pascua, la estufa de le\u00f1a Moa\u00ef y su cristal angular ofrecen una vista panor\u00e1mica magn\u00edfica de las llamas. Cada MOA\u00cf es responsable de la parte del mundo que observa y, por tanto, protege tu hogar contra el fr\u00edo.<\/p>\n","protected":false},"featured_media":67884,"template":"","meta":{"_acf_changed":false},"product_brand":[],"product_cat":[2293,2733,2604,6187,6279,6149,6145,6151,6146,6232],"product_tag":[2301,2303,2305,2605,2299,2295,7048,7049],"plus_produit":[8041,2599,2287,2377,2601,2265,2597,2284,6838,2819,2263],"class_list":{"1":"product","4":"has-post-thumbnail","6":"product_cat-ayuda-en-la-eleccion","7":"product_cat-estufas-de-lena","8":"product_cat-estufas-de-lena-estancas","9":"product_cat-estufas-de-lena-de-8-kw","10":"product_cat-estufas-de-lena-de-esquina","11":"product_cat-estufas-de-lena-contemporaneas","12":"product_cat-estufas-de-lena-de-diseno","13":"product_cat-estufas-de-lena-industriales","14":"product_cat-estufas-de-lena-modernas","15":"product_cat-estufas-de-lena-salida-trasera","16":"product_tag-flamme-verte-7","17":"product_tag-eco-design-2022-es","18":"product_tag-certificacion-ecolabel-a","19":"product_tag-control-de-aire","20":"product_tag-100-hierro-fundido","21":"product_tag-post-combustion-es","22":"product_tag-y-garantia-de-3-anos","23":"product_tag-y-garantie-extension-2ans-por","24":"pa_consommation-de-053-a-222-kg-hora","25":"pa_depart-des-fumees-parte-superior","26":"pa_depart-des-fumees-detras","27":"pa_indice-de-performance-102-es","28":"pa_surface-de-chauffe-de-40-a-100-m","29":"pa_volume-de-chauffe-de-105-a-240-m","30":"plus_produit-100-fonte-3","31":"plus_produit-4-pies-regulables","32":"plus_produit-aire-secundario-regulable","33":"plus_produit-combustion-prolongada","34":"plus_produit-control-de-aire","35":"plus_produit-vidrio-limpio","36":"plus_produit-dispositivo-resistente-al-agua-compatible-con-rt2012","37":"plus_produit-garantia-de-origen-frances","38":"plus_produit-garantia-extendida-3-anos","39":"plus_produit-revestimiento-de-vermiculita","40":"plus_produit-sistema-de-post-combustion","42":"first","43":"instock","44":"purchasable","45":"product-type-simple"},"acf":[],"yoast_head":"<!-- This site is optimized with the Yoast SEO plugin v24.7 - https:\/\/yoast.com\/wordpress\/plugins\/seo\/ -->\n<title>Estufa de hierro fundido estanca Moa\u00ef - Invicta<\/title>\n<meta name=\"description\" content=\"Inspirada en las siluetas de las estatuas de la Isla de Pascua, la estufa de le\u00f1a Moa\u00ef y su cristal angular ofrecen una vista panor\u00e1mica magn\u00edfica de las llamas. Cada MOA\u00cf es responsable de la parte del mundo que observa y, por tanto, protege tu hogar contra el fr\u00edo.\" \/>\n<meta name=\"robots\" content=\"index, follow, max-snippet:-1, max-image-preview:large, max-video-preview:-1\" \/>\n<link rel=\"canonical\" href=\"https:\/\/dev.invicta.wp19.axome.cc\/es\/produit\/estufa-de-lena-estanca-moai\/\" \/>\n<meta property=\"og:locale\" content=\"es_ES\" \/>\n<meta property=\"og:type\" content=\"article\" \/>\n<meta property=\"og:title\" content=\"Estufa de hierro fundido estanca Moa\u00ef - Invicta\" \/>\n<meta property=\"og:description\" content=\"Inspirada en las siluetas de las estatuas de la Isla de Pascua, la estufa de le\u00f1a Moa\u00ef y su cristal angular ofrecen una vista panor\u00e1mica magn\u00edfica de las llamas. Cada MOA\u00cf es responsable de la parte del mundo que observa y, por tanto, protege tu hogar contra el fr\u00edo.\" \/>\n<meta property=\"og:url\" content=\"https:\/\/dev.invicta.wp19.axome.cc\/es\/produit\/estufa-de-lena-estanca-moai\/\" \/>\n<meta property=\"og:site_name\" content=\"Invicta\" \/>\n<meta property=\"article:modified_time\" content=\"2025-11-26T11:25:39+00:00\" \/>\n<meta property=\"og:image\" content=\"https:\/\/dev.invicta.wp19.axome.cc\/wp-content\/uploads\/2025\/06\/moai-poele_a_bois_ambiance_1431678811-e1567778011219.jpg\" \/>\n\t<meta property=\"og:image:width\" content=\"564\" \/>\n\t<meta property=\"og:image:height\" content=\"731\" \/>\n\t<meta property=\"og:image:type\" content=\"image\/jpeg\" \/>\n<meta name=\"twitter:card\" content=\"summary_large_image\" \/>\n<script type=\"application\/ld+json\" class=\"yoast-schema-graph\">{\"@context\":\"https:\/\/schema.org\",\"@graph\":[{\"@type\":\"WebPage\",\"@id\":\"https:\/\/dev.invicta.wp19.axome.cc\/es\/produit\/estufa-de-lena-estanca-moai\/\",\"url\":\"https:\/\/dev.invicta.wp19.axome.cc\/es\/produit\/estufa-de-lena-estanca-moai\/\",\"name\":\"Estufa de hierro fundido estanca Moa\u00ef - Invicta\",\"isPartOf\":{\"@id\":\"https:\/\/dev.invicta.wp19.axome.cc\/es\/#website\"},\"primaryImageOfPage\":{\"@id\":\"https:\/\/dev.invicta.wp19.axome.cc\/es\/produit\/estufa-de-lena-estanca-moai\/#primaryimage\"},\"image\":{\"@id\":\"https:\/\/dev.invicta.wp19.axome.cc\/es\/produit\/estufa-de-lena-estanca-moai\/#primaryimage\"},\"thumbnailUrl\":\"https:\/\/dev.invicta.wp19.axome.cc\/wp-content\/uploads\/2025\/06\/moai-poele_a_bois_ambiance_1431678811-e1567778011219.jpg\",\"datePublished\":\"2025-11-26T10:25:36+00:00\",\"dateModified\":\"2025-11-26T11:25:39+00:00\",\"description\":\"Inspirada en las siluetas de las estatuas de la Isla de Pascua, la estufa de le\u00f1a Moa\u00ef y su cristal angular ofrecen una vista panor\u00e1mica magn\u00edfica de las llamas. Cada MOA\u00cf es responsable de la parte del mundo que observa y, por tanto, protege tu hogar contra el fr\u00edo.\",\"breadcrumb\":{\"@id\":\"https:\/\/dev.invicta.wp19.axome.cc\/es\/produit\/estufa-de-lena-estanca-moai\/#breadcrumb\"},\"inLanguage\":\"es\",\"potentialAction\":[{\"@type\":\"ReadAction\",\"target\":[\"https:\/\/dev.invicta.wp19.axome.cc\/es\/produit\/estufa-de-lena-estanca-moai\/\"]}]},{\"@type\":\"ImageObject\",\"inLanguage\":\"es\",\"@id\":\"https:\/\/dev.invicta.wp19.axome.cc\/es\/produit\/estufa-de-lena-estanca-moai\/#primaryimage\",\"url\":\"https:\/\/dev.invicta.wp19.axome.cc\/wp-content\/uploads\/2025\/06\/moai-poele_a_bois_ambiance_1431678811-e1567778011219.jpg\",\"contentUrl\":\"https:\/\/dev.invicta.wp19.axome.cc\/wp-content\/uploads\/2025\/06\/moai-poele_a_bois_ambiance_1431678811-e1567778011219.jpg\",\"width\":564,\"height\":731,\"caption\":\"Po\u00eale \u00e0 bois en fonte Etanche Moa\u00ef\"},{\"@type\":\"BreadcrumbList\",\"@id\":\"https:\/\/dev.invicta.wp19.axome.cc\/es\/produit\/estufa-de-lena-estanca-moai\/#breadcrumb\",\"itemListElement\":[{\"@type\":\"ListItem\",\"position\":1,\"name\":\"Inicio\",\"item\":\"https:\/\/dev.invicta.wp19.axome.cc\/es\/\"},{\"@type\":\"ListItem\",\"position\":2,\"name\":\"Productos\",\"item\":\"https:\/\/dev.invicta.wp19.axome.cc\/es\/shop\/\"},{\"@type\":\"ListItem\",\"position\":3,\"name\":\"Estufas de le\u00f1a\",\"item\":\"https:\/\/dev.invicta.wp19.axome.cc\/es\/categorie-produit\/estufas-de-lena\/\"},{\"@type\":\"ListItem\",\"position\":4,\"name\":\"Estufas de le\u00f1a estancas\",\"item\":\"https:\/\/dev.invicta.wp19.axome.cc\/es\/categorie-produit\/estufas-de-lena\/estufas-de-lena-estancas\/\"},{\"@type\":\"ListItem\",\"position\":5,\"name\":\"Estufa de hierro fundido estanca Moa\u00ef\"}]},{\"@type\":\"WebSite\",\"@id\":\"https:\/\/dev.invicta.wp19.axome.cc\/es\/#website\",\"url\":\"https:\/\/dev.invicta.wp19.axome.cc\/es\/\",\"name\":\"Invicta\",\"description\":\"Fabricant fran\u00e7ais, sp\u00e9cialiste europ\u00e9en du chauffage au bois : po\u00eales \u00e0 bois et \u00e0 granul\u00e9s, chemin\u00e9es, foyers et inserts\",\"publisher\":{\"@id\":\"https:\/\/dev.invicta.wp19.axome.cc\/es\/#organization\"},\"potentialAction\":[{\"@type\":\"SearchAction\",\"target\":{\"@type\":\"EntryPoint\",\"urlTemplate\":\"https:\/\/dev.invicta.wp19.axome.cc\/es\/?s={search_term_string}\"},\"query-input\":{\"@type\":\"PropertyValueSpecification\",\"valueRequired\":true,\"valueName\":\"search_term_string\"}}],\"inLanguage\":\"es\"},{\"@type\":\"Organization\",\"@id\":\"https:\/\/dev.invicta.wp19.axome.cc\/es\/#organization\",\"name\":\"Invicta\",\"url\":\"https:\/\/dev.invicta.wp19.axome.cc\/es\/\",\"logo\":{\"@type\":\"ImageObject\",\"inLanguage\":\"es\",\"@id\":\"https:\/\/dev.invicta.wp19.axome.cc\/es\/#\/schema\/logo\/image\/\",\"url\":\"https:\/\/www.invicta.fr\/wp-content\/uploads\/2019\/06\/INVICTALOGO_RVB.png\",\"contentUrl\":\"https:\/\/www.invicta.fr\/wp-content\/uploads\/2019\/06\/INVICTALOGO_RVB.png\",\"width\":1810,\"height\":1280,\"caption\":\"Invicta\"},\"image\":{\"@id\":\"https:\/\/dev.invicta.wp19.axome.cc\/es\/#\/schema\/logo\/image\/\"}}]}<\/script>\n<!-- \/ Yoast SEO plugin. -->","yoast_head_json":{"title":"Estufa de hierro fundido estanca Moa\u00ef - Invicta","description":"Inspirada en las siluetas de las estatuas de la Isla de Pascua, la estufa de le\u00f1a Moa\u00ef y su cristal angular ofrecen una vista panor\u00e1mica magn\u00edfica de las llamas. Cada MOA\u00cf es responsable de la parte del mundo que observa y, por tanto, protege tu hogar contra el fr\u00edo.","robots":{"index":"index","follow":"follow","max-snippet":"max-snippet:-1","max-image-preview":"max-image-preview:large","max-video-preview":"max-video-preview:-1"},"canonical":"https:\/\/dev.invicta.wp19.axome.cc\/es\/produit\/estufa-de-lena-estanca-moai\/","og_locale":"es_ES","og_type":"article","og_title":"Estufa de hierro fundido estanca Moa\u00ef - Invicta","og_description":"Inspirada en las siluetas de las estatuas de la Isla de Pascua, la estufa de le\u00f1a Moa\u00ef y su cristal angular ofrecen una vista panor\u00e1mica magn\u00edfica de las llamas. Cada MOA\u00cf es responsable de la parte del mundo que observa y, por tanto, protege tu hogar contra el fr\u00edo.","og_url":"https:\/\/dev.invicta.wp19.axome.cc\/es\/produit\/estufa-de-lena-estanca-moai\/","og_site_name":"Invicta","article_modified_time":"2025-11-26T11:25:39+00:00","og_image":[{"width":564,"height":731,"url":"https:\/\/dev.invicta.wp19.axome.cc\/wp-content\/uploads\/2025\/06\/moai-poele_a_bois_ambiance_1431678811-e1567778011219.jpg","type":"image\/jpeg"}],"twitter_card":"summary_large_image","schema":{"@context":"https:\/\/schema.org","@graph":[{"@type":"WebPage","@id":"https:\/\/dev.invicta.wp19.axome.cc\/es\/produit\/estufa-de-lena-estanca-moai\/","url":"https:\/\/dev.invicta.wp19.axome.cc\/es\/produit\/estufa-de-lena-estanca-moai\/","name":"Estufa de hierro fundido estanca Moa\u00ef - Invicta","isPartOf":{"@id":"https:\/\/dev.invicta.wp19.axome.cc\/es\/#website"},"primaryImageOfPage":{"@id":"https:\/\/dev.invicta.wp19.axome.cc\/es\/produit\/estufa-de-lena-estanca-moai\/#primaryimage"},"image":{"@id":"https:\/\/dev.invicta.wp19.axome.cc\/es\/produit\/estufa-de-lena-estanca-moai\/#primaryimage"},"thumbnailUrl":"https:\/\/dev.invicta.wp19.axome.cc\/wp-content\/uploads\/2025\/06\/moai-poele_a_bois_ambiance_1431678811-e1567778011219.jpg","datePublished":"2025-11-26T10:25:36+00:00","dateModified":"2025-11-26T11:25:39+00:00","description":"Inspirada en las siluetas de las estatuas de la Isla de Pascua, la estufa de le\u00f1a Moa\u00ef y su cristal angular ofrecen una vista panor\u00e1mica magn\u00edfica de las llamas. Cada MOA\u00cf es responsable de la parte del mundo que observa y, por tanto, protege tu hogar contra el fr\u00edo.","breadcrumb":{"@id":"https:\/\/dev.invicta.wp19.axome.cc\/es\/produit\/estufa-de-lena-estanca-moai\/#breadcrumb"},"inLanguage":"es","potentialAction":[{"@type":"ReadAction","target":["https:\/\/dev.invicta.wp19.axome.cc\/es\/produit\/estufa-de-lena-estanca-moai\/"]}]},{"@type":"ImageObject","inLanguage":"es","@id":"https:\/\/dev.invicta.wp19.axome.cc\/es\/produit\/estufa-de-lena-estanca-moai\/#primaryimage","url":"https:\/\/dev.invicta.wp19.axome.cc\/wp-content\/uploads\/2025\/06\/moai-poele_a_bois_ambiance_1431678811-e1567778011219.jpg","contentUrl":"https:\/\/dev.invicta.wp19.axome.cc\/wp-content\/uploads\/2025\/06\/moai-poele_a_bois_ambiance_1431678811-e1567778011219.jpg","width":564,"height":731,"caption":"Po\u00eale \u00e0 bois en fonte Etanche Moa\u00ef"},{"@type":"BreadcrumbList","@id":"https:\/\/dev.invicta.wp19.axome.cc\/es\/produit\/estufa-de-lena-estanca-moai\/#breadcrumb","itemListElement":[{"@type":"ListItem","position":1,"name":"Inicio","item":"https:\/\/dev.invicta.wp19.axome.cc\/es\/"},{"@type":"ListItem","position":2,"name":"Productos","item":"https:\/\/dev.invicta.wp19.axome.cc\/es\/shop\/"},{"@type":"ListItem","position":3,"name":"Estufas de le\u00f1a","item":"https:\/\/dev.invicta.wp19.axome.cc\/es\/categorie-produit\/estufas-de-lena\/"},{"@type":"ListItem","position":4,"name":"Estufas de le\u00f1a estancas","item":"https:\/\/dev.invicta.wp19.axome.cc\/es\/categorie-produit\/estufas-de-lena\/estufas-de-lena-estancas\/"},{"@type":"ListItem","position":5,"name":"Estufa de hierro fundido estanca Moa\u00ef"}]},{"@type":"WebSite","@id":"https:\/\/dev.invicta.wp19.axome.cc\/es\/#website","url":"https:\/\/dev.invicta.wp19.axome.cc\/es\/","name":"Invicta","description":"Fabricant fran\u00e7ais, sp\u00e9cialiste europ\u00e9en du chauffage au bois : po\u00eales \u00e0 bois et \u00e0 granul\u00e9s, chemin\u00e9es, foyers et inserts","publisher":{"@id":"https:\/\/dev.invicta.wp19.axome.cc\/es\/#organization"},"potentialAction":[{"@type":"SearchAction","target":{"@type":"EntryPoint","urlTemplate":"https:\/\/dev.invicta.wp19.axome.cc\/es\/?s={search_term_string}"},"query-input":{"@type":"PropertyValueSpecification","valueRequired":true,"valueName":"search_term_string"}}],"inLanguage":"es"},{"@type":"Organization","@id":"https:\/\/dev.invicta.wp19.axome.cc\/es\/#organization","name":"Invicta","url":"https:\/\/dev.invicta.wp19.axome.cc\/es\/","logo":{"@type":"ImageObject","inLanguage":"es","@id":"https:\/\/dev.invicta.wp19.axome.cc\/es\/#\/schema\/logo\/image\/","url":"https:\/\/www.invicta.fr\/wp-content\/uploads\/2019\/06\/INVICTALOGO_RVB.png","contentUrl":"https:\/\/www.invicta.fr\/wp-content\/uploads\/2019\/06\/INVICTALOGO_RVB.png","width":1810,"height":1280,"caption":"Invicta"},"image":{"@id":"https:\/\/dev.invicta.wp19.axome.cc\/es\/#\/schema\/logo\/image\/"}}]}},"_links":{"self":[{"href":"https:\/\/dev.invicta.wp19.axome.cc\/es\/wp-json\/wp\/v2\/product\/69356","targetHints":{"allow":["GET"]}}],"collection":[{"href":"https:\/\/dev.invicta.wp19.axome.cc\/es\/wp-json\/wp\/v2\/product"}],"about":[{"href":"https:\/\/dev.invicta.wp19.axome.cc\/es\/wp-json\/wp\/v2\/types\/product"}],"wp:featuredmedia":[{"embeddable":true,"href":"https:\/\/dev.invicta.wp19.axome.cc\/es\/wp-json\/wp\/v2\/media\/67884"}],"wp:attachment":[{"href":"https:\/\/dev.invicta.wp19.axome.cc\/es\/wp-json\/wp\/v2\/media?parent=69356"}],"wp:term":[{"taxonomy":"product_brand","embeddable":true,"href":"https:\/\/dev.invicta.wp19.axome.cc\/es\/wp-json\/wp\/v2\/product_brand?post=69356"},{"taxonomy":"product_cat","embeddable":true,"href":"https:\/\/dev.invicta.wp19.axome.cc\/es\/wp-json\/wp\/v2\/product_cat?post=69356"},{"taxonomy":"product_tag","embeddable":true,"href":"https:\/\/dev.invicta.wp19.axome.cc\/es\/wp-json\/wp\/v2\/product_tag?post=69356"},{"taxonomy":"plus_produit","embeddable":true,"href":"https:\/\/dev.invicta.wp19.axome.cc\/es\/wp-json\/wp\/v2\/plus_produit?post=69356"}],"curies":[{"name":"wp","href":"https:\/\/api.w.org\/{rel}","templated":true}]}}