{"id":69360,"date":"2025-06-09T18:06:42","date_gmt":"2025-06-09T16:06:42","guid":{"rendered":"https:\/\/dev.invicta.wp19.axome.cc\/produit\/estufa-de-hierro-ove\/"},"modified":"2025-06-09T18:06:43","modified_gmt":"2025-06-09T16:06:43","slug":"estufa-de-hierro-ove","status":"publish","type":"product","link":"https:\/\/dev.invicta.wp19.axome.cc\/es\/produit\/estufa-de-hierro-ove\/","title":{"rendered":"Estufa de hierro Ove"},"content":{"rendered":"<p>\u00bfSue\u00f1as con descansar junto al fuego acurruc\u00e1ndote en el sof\u00e1? Ove es ideal para hacer de tu casa un c\u00f3modo nido. Ove no se basa solo en su f\u00edsico, ya que, adem\u00e1s de un look irresistible y poder de seducci\u00f3n, promete un gran rendimiento y se preocupa por el medioambiente.<\/p>\n","protected":false},"excerpt":{"rendered":"<p>\u00bfSue\u00f1as con descansar junto al fuego acurruc\u00e1ndote en el sof\u00e1? Ove es ideal para hacer de tu casa un c\u00f3modo nido. Ove no se basa solo en su f\u00edsico, ya que, adem\u00e1s de un look irresistible y poder de seducci\u00f3n, promete un gran rendimiento y se preocupa por el medioambiente.<\/p>\n","protected":false},"featured_media":68961,"template":"","meta":{"_acf_changed":false},"product_brand":[],"product_cat":[],"product_tag":[2305,2295],"plus_produit":[2287,2377,2265,2284,6838,2263],"class_list":{"1":"product","4":"has-post-thumbnail","6":"product_tag-certificacion-ecolabel-a","7":"product_tag-post-combustion-es","8":"pa_designer-deq-2-2","9":"pa_indice-de-performance-100-00-4-2","10":"pa_surface-de-chauffe-25-a-70-m-es","11":"pa_taux-de-co-0-0900-2-3","12":"pa_volume-de-chauffe-min-max-3-2","13":"plus_produit-aire-secundario-regulable","14":"plus_produit-combustion-prolongada","15":"plus_produit-vidrio-limpio","16":"plus_produit-garantia-de-origen-frances","17":"plus_produit-garantia-extendida-3-anos","18":"plus_produit-sistema-de-post-combustion","20":"first","21":"instock","22":"purchasable","23":"product-type-simple"},"acf":[],"yoast_head":"<!-- This site is optimized with the Yoast SEO plugin v24.7 - https:\/\/yoast.com\/wordpress\/plugins\/seo\/ -->\n<title>Estufa de hierro Ove - Invicta<\/title>\n<meta name=\"description\" content=\"\u00bfSue\u00f1as con descansar junto al fuego acurruc\u00e1ndote en el sof\u00e1? Ove es ideal para hacer de tu casa un c\u00f3modo nido. Ove no se basa solo en su f\u00edsico, ya\" \/>\n<meta name=\"robots\" content=\"index, follow, max-snippet:-1, max-image-preview:large, max-video-preview:-1\" \/>\n<link rel=\"canonical\" href=\"https:\/\/dev.invicta.wp19.axome.cc\/es\/produit\/estufa-de-hierro-ove\/\" \/>\n<meta property=\"og:locale\" content=\"es_ES\" \/>\n<meta property=\"og:type\" content=\"article\" \/>\n<meta property=\"og:title\" content=\"Estufa de hierro Ove - Invicta\" \/>\n<meta property=\"og:description\" content=\"\u00bfSue\u00f1as con descansar junto al fuego acurruc\u00e1ndote en el sof\u00e1? Ove es ideal para hacer de tu casa un c\u00f3modo nido. Ove no se basa solo en su f\u00edsico, ya\" \/>\n<meta property=\"og:url\" content=\"https:\/\/dev.invicta.wp19.axome.cc\/es\/produit\/estufa-de-hierro-ove\/\" \/>\n<meta property=\"og:site_name\" content=\"Invicta\" \/>\n<meta property=\"article:modified_time\" content=\"2025-06-09T16:06:43+00:00\" \/>\n<meta property=\"og:image\" content=\"https:\/\/dev.invicta.wp19.axome.cc\/wp-content\/uploads\/2025\/06\/ove_poele_a_bois_1443795620.jpg\" \/>\n\t<meta property=\"og:image:width\" content=\"517\" \/>\n\t<meta property=\"og:image:height\" content=\"700\" \/>\n\t<meta property=\"og:image:type\" content=\"image\/jpeg\" \/>\n<meta name=\"twitter:card\" content=\"summary_large_image\" \/>\n<script type=\"application\/ld+json\" class=\"yoast-schema-graph\">{\"@context\":\"https:\/\/schema.org\",\"@graph\":[{\"@type\":\"WebPage\",\"@id\":\"https:\/\/dev.invicta.wp19.axome.cc\/es\/produit\/estufa-de-hierro-ove\/\",\"url\":\"https:\/\/dev.invicta.wp19.axome.cc\/es\/produit\/estufa-de-hierro-ove\/\",\"name\":\"Estufa de hierro Ove - Invicta\",\"isPartOf\":{\"@id\":\"https:\/\/dev.invicta.wp19.axome.cc\/es\/#website\"},\"primaryImageOfPage\":{\"@id\":\"https:\/\/dev.invicta.wp19.axome.cc\/es\/produit\/estufa-de-hierro-ove\/#primaryimage\"},\"image\":{\"@id\":\"https:\/\/dev.invicta.wp19.axome.cc\/es\/produit\/estufa-de-hierro-ove\/#primaryimage\"},\"thumbnailUrl\":\"https:\/\/dev.invicta.wp19.axome.cc\/wp-content\/uploads\/2025\/06\/ove_poele_a_bois_1443795620.jpg\",\"datePublished\":\"2025-06-09T16:06:42+00:00\",\"dateModified\":\"2025-06-09T16:06:43+00:00\",\"description\":\"\u00bfSue\u00f1as con descansar junto al fuego acurruc\u00e1ndote en el sof\u00e1? Ove es ideal para hacer de tu casa un c\u00f3modo nido. Ove no se basa solo en su f\u00edsico, ya\",\"breadcrumb\":{\"@id\":\"https:\/\/dev.invicta.wp19.axome.cc\/es\/produit\/estufa-de-hierro-ove\/#breadcrumb\"},\"inLanguage\":\"es\",\"potentialAction\":[{\"@type\":\"ReadAction\",\"target\":[\"https:\/\/dev.invicta.wp19.axome.cc\/es\/produit\/estufa-de-hierro-ove\/\"]}]},{\"@type\":\"ImageObject\",\"inLanguage\":\"es\",\"@id\":\"https:\/\/dev.invicta.wp19.axome.cc\/es\/produit\/estufa-de-hierro-ove\/#primaryimage\",\"url\":\"https:\/\/dev.invicta.wp19.axome.cc\/wp-content\/uploads\/2025\/06\/ove_poele_a_bois_1443795620.jpg\",\"contentUrl\":\"https:\/\/dev.invicta.wp19.axome.cc\/wp-content\/uploads\/2025\/06\/ove_poele_a_bois_1443795620.jpg\",\"width\":517,\"height\":700,\"caption\":\"Salamandra Ferro Fundido Ove\"},{\"@type\":\"BreadcrumbList\",\"@id\":\"https:\/\/dev.invicta.wp19.axome.cc\/es\/produit\/estufa-de-hierro-ove\/#breadcrumb\",\"itemListElement\":[{\"@type\":\"ListItem\",\"position\":1,\"name\":\"Inicio\",\"item\":\"https:\/\/dev.invicta.wp19.axome.cc\/es\/\"},{\"@type\":\"ListItem\",\"position\":2,\"name\":\"Productos\",\"item\":\"https:\/\/dev.invicta.wp19.axome.cc\/es\/shop\/\"},{\"@type\":\"ListItem\",\"position\":3,\"name\":\"Estufa de hierro Ove\"}]},{\"@type\":\"WebSite\",\"@id\":\"https:\/\/dev.invicta.wp19.axome.cc\/es\/#website\",\"url\":\"https:\/\/dev.invicta.wp19.axome.cc\/es\/\",\"name\":\"Invicta\",\"description\":\"Fabricant fran\u00e7ais, sp\u00e9cialiste europ\u00e9en du chauffage au bois : po\u00eales \u00e0 bois et \u00e0 granul\u00e9s, chemin\u00e9es, foyers et inserts\",\"publisher\":{\"@id\":\"https:\/\/dev.invicta.wp19.axome.cc\/es\/#organization\"},\"potentialAction\":[{\"@type\":\"SearchAction\",\"target\":{\"@type\":\"EntryPoint\",\"urlTemplate\":\"https:\/\/dev.invicta.wp19.axome.cc\/es\/?s={search_term_string}\"},\"query-input\":{\"@type\":\"PropertyValueSpecification\",\"valueRequired\":true,\"valueName\":\"search_term_string\"}}],\"inLanguage\":\"es\"},{\"@type\":\"Organization\",\"@id\":\"https:\/\/dev.invicta.wp19.axome.cc\/es\/#organization\",\"name\":\"Invicta\",\"url\":\"https:\/\/dev.invicta.wp19.axome.cc\/es\/\",\"logo\":{\"@type\":\"ImageObject\",\"inLanguage\":\"es\",\"@id\":\"https:\/\/dev.invicta.wp19.axome.cc\/es\/#\/schema\/logo\/image\/\",\"url\":\"https:\/\/www.invicta.fr\/wp-content\/uploads\/2019\/06\/INVICTALOGO_RVB.png\",\"contentUrl\":\"https:\/\/www.invicta.fr\/wp-content\/uploads\/2019\/06\/INVICTALOGO_RVB.png\",\"width\":1810,\"height\":1280,\"caption\":\"Invicta\"},\"image\":{\"@id\":\"https:\/\/dev.invicta.wp19.axome.cc\/es\/#\/schema\/logo\/image\/\"}}]}<\/script>\n<!-- \/ Yoast SEO plugin. -->","yoast_head_json":{"title":"Estufa de hierro Ove - Invicta","description":"\u00bfSue\u00f1as con descansar junto al fuego acurruc\u00e1ndote en el sof\u00e1? Ove es ideal para hacer de tu casa un c\u00f3modo nido. Ove no se basa solo en su f\u00edsico, ya","robots":{"index":"index","follow":"follow","max-snippet":"max-snippet:-1","max-image-preview":"max-image-preview:large","max-video-preview":"max-video-preview:-1"},"canonical":"https:\/\/dev.invicta.wp19.axome.cc\/es\/produit\/estufa-de-hierro-ove\/","og_locale":"es_ES","og_type":"article","og_title":"Estufa de hierro Ove - Invicta","og_description":"\u00bfSue\u00f1as con descansar junto al fuego acurruc\u00e1ndote en el sof\u00e1? Ove es ideal para hacer de tu casa un c\u00f3modo nido. Ove no se basa solo en su f\u00edsico, ya","og_url":"https:\/\/dev.invicta.wp19.axome.cc\/es\/produit\/estufa-de-hierro-ove\/","og_site_name":"Invicta","article_modified_time":"2025-06-09T16:06:43+00:00","og_image":[{"width":517,"height":700,"url":"https:\/\/dev.invicta.wp19.axome.cc\/wp-content\/uploads\/2025\/06\/ove_poele_a_bois_1443795620.jpg","type":"image\/jpeg"}],"twitter_card":"summary_large_image","schema":{"@context":"https:\/\/schema.org","@graph":[{"@type":"WebPage","@id":"https:\/\/dev.invicta.wp19.axome.cc\/es\/produit\/estufa-de-hierro-ove\/","url":"https:\/\/dev.invicta.wp19.axome.cc\/es\/produit\/estufa-de-hierro-ove\/","name":"Estufa de hierro Ove - Invicta","isPartOf":{"@id":"https:\/\/dev.invicta.wp19.axome.cc\/es\/#website"},"primaryImageOfPage":{"@id":"https:\/\/dev.invicta.wp19.axome.cc\/es\/produit\/estufa-de-hierro-ove\/#primaryimage"},"image":{"@id":"https:\/\/dev.invicta.wp19.axome.cc\/es\/produit\/estufa-de-hierro-ove\/#primaryimage"},"thumbnailUrl":"https:\/\/dev.invicta.wp19.axome.cc\/wp-content\/uploads\/2025\/06\/ove_poele_a_bois_1443795620.jpg","datePublished":"2025-06-09T16:06:42+00:00","dateModified":"2025-06-09T16:06:43+00:00","description":"\u00bfSue\u00f1as con descansar junto al fuego acurruc\u00e1ndote en el sof\u00e1? Ove es ideal para hacer de tu casa un c\u00f3modo nido. Ove no se basa solo en su f\u00edsico, ya","breadcrumb":{"@id":"https:\/\/dev.invicta.wp19.axome.cc\/es\/produit\/estufa-de-hierro-ove\/#breadcrumb"},"inLanguage":"es","potentialAction":[{"@type":"ReadAction","target":["https:\/\/dev.invicta.wp19.axome.cc\/es\/produit\/estufa-de-hierro-ove\/"]}]},{"@type":"ImageObject","inLanguage":"es","@id":"https:\/\/dev.invicta.wp19.axome.cc\/es\/produit\/estufa-de-hierro-ove\/#primaryimage","url":"https:\/\/dev.invicta.wp19.axome.cc\/wp-content\/uploads\/2025\/06\/ove_poele_a_bois_1443795620.jpg","contentUrl":"https:\/\/dev.invicta.wp19.axome.cc\/wp-content\/uploads\/2025\/06\/ove_poele_a_bois_1443795620.jpg","width":517,"height":700,"caption":"Salamandra Ferro Fundido Ove"},{"@type":"BreadcrumbList","@id":"https:\/\/dev.invicta.wp19.axome.cc\/es\/produit\/estufa-de-hierro-ove\/#breadcrumb","itemListElement":[{"@type":"ListItem","position":1,"name":"Inicio","item":"https:\/\/dev.invicta.wp19.axome.cc\/es\/"},{"@type":"ListItem","position":2,"name":"Productos","item":"https:\/\/dev.invicta.wp19.axome.cc\/es\/shop\/"},{"@type":"ListItem","position":3,"name":"Estufa de hierro Ove"}]},{"@type":"WebSite","@id":"https:\/\/dev.invicta.wp19.axome.cc\/es\/#website","url":"https:\/\/dev.invicta.wp19.axome.cc\/es\/","name":"Invicta","description":"Fabricant fran\u00e7ais, sp\u00e9cialiste europ\u00e9en du chauffage au bois : po\u00eales \u00e0 bois et \u00e0 granul\u00e9s, chemin\u00e9es, foyers et inserts","publisher":{"@id":"https:\/\/dev.invicta.wp19.axome.cc\/es\/#organization"},"potentialAction":[{"@type":"SearchAction","target":{"@type":"EntryPoint","urlTemplate":"https:\/\/dev.invicta.wp19.axome.cc\/es\/?s={search_term_string}"},"query-input":{"@type":"PropertyValueSpecification","valueRequired":true,"valueName":"search_term_string"}}],"inLanguage":"es"},{"@type":"Organization","@id":"https:\/\/dev.invicta.wp19.axome.cc\/es\/#organization","name":"Invicta","url":"https:\/\/dev.invicta.wp19.axome.cc\/es\/","logo":{"@type":"ImageObject","inLanguage":"es","@id":"https:\/\/dev.invicta.wp19.axome.cc\/es\/#\/schema\/logo\/image\/","url":"https:\/\/www.invicta.fr\/wp-content\/uploads\/2019\/06\/INVICTALOGO_RVB.png","contentUrl":"https:\/\/www.invicta.fr\/wp-content\/uploads\/2019\/06\/INVICTALOGO_RVB.png","width":1810,"height":1280,"caption":"Invicta"},"image":{"@id":"https:\/\/dev.invicta.wp19.axome.cc\/es\/#\/schema\/logo\/image\/"}}]}},"_links":{"self":[{"href":"https:\/\/dev.invicta.wp19.axome.cc\/es\/wp-json\/wp\/v2\/product\/69360","targetHints":{"allow":["GET"]}}],"collection":[{"href":"https:\/\/dev.invicta.wp19.axome.cc\/es\/wp-json\/wp\/v2\/product"}],"about":[{"href":"https:\/\/dev.invicta.wp19.axome.cc\/es\/wp-json\/wp\/v2\/types\/product"}],"wp:featuredmedia":[{"embeddable":true,"href":"https:\/\/dev.invicta.wp19.axome.cc\/es\/wp-json\/wp\/v2\/media\/68961"}],"wp:attachment":[{"href":"https:\/\/dev.invicta.wp19.axome.cc\/es\/wp-json\/wp\/v2\/media?parent=69360"}],"wp:term":[{"taxonomy":"product_brand","embeddable":true,"href":"https:\/\/dev.invicta.wp19.axome.cc\/es\/wp-json\/wp\/v2\/product_brand?post=69360"},{"taxonomy":"product_cat","embeddable":true,"href":"https:\/\/dev.invicta.wp19.axome.cc\/es\/wp-json\/wp\/v2\/product_cat?post=69360"},{"taxonomy":"product_tag","embeddable":true,"href":"https:\/\/dev.invicta.wp19.axome.cc\/es\/wp-json\/wp\/v2\/product_tag?post=69360"},{"taxonomy":"plus_produit","embeddable":true,"href":"https:\/\/dev.invicta.wp19.axome.cc\/es\/wp-json\/wp\/v2\/plus_produit?post=69360"}],"curies":[{"name":"wp","href":"https:\/\/api.w.org\/{rel}","templated":true}]}}