{"id":69361,"date":"2025-11-26T08:26:22","date_gmt":"2025-11-26T10:22:43","guid":{"rendered":"https:\/\/dev.invicta.wp19.axome.cc\/produit\/estufa-de-hierro-tipi\/"},"modified":"2025-11-26T12:22:52","modified_gmt":"2025-11-26T11:22:52","slug":"estufa-de-hierro-tipi","status":"publish","type":"product","link":"https:\/\/dev.invicta.wp19.axome.cc\/es\/produit\/estufa-de-hierro-tipi\/","title":{"rendered":"Estufa de hierro Tipi"},"content":{"rendered":"","protected":false},"excerpt":{"rendered":"<p>El esp\u00edritu sagrado del fuego flota sobre esta estufa. Su forma est\u00e1 inspirada en gran parte en la habitaci\u00f3n tradicional de los Indios de las llanuras de Am\u00e9rica del Norte. Tipi, simple y elegante, funciona perfectamente con puertas abiertas para celebrar el culto al fuego. En climas fr\u00edos, con las puertas cerradas, es una gran fuente de calor renovable.<\/p>\n","protected":false},"featured_media":67913,"template":"","meta":{"_acf_changed":false},"product_brand":[],"product_cat":[2293,2733,2470,6149,6145,6151,6146],"product_tag":[2301,2303,2305,2299,2295,7048,7049],"plus_produit":[8041,2287,2377,2265,8044,2284,6838,2819,2263],"class_list":{"1":"product","4":"has-post-thumbnail","6":"product_cat-ayuda-en-la-eleccion","7":"product_cat-estufas-de-lena","8":"product_cat-estufa-de-lena-de-hierro-fundido-y-acero","9":"product_cat-estufas-de-lena-contemporaneas","10":"product_cat-estufas-de-lena-de-diseno","11":"product_cat-estufas-de-lena-industriales","12":"product_cat-estufas-de-lena-modernas","13":"product_tag-flamme-verte-7","14":"product_tag-eco-design-2022-es","15":"product_tag-certificacion-ecolabel-a","16":"product_tag-100-hierro-fundido","17":"product_tag-post-combustion-es","18":"product_tag-y-garantia-de-3-anos","19":"product_tag-y-garantie-extension-2ans-por","20":"pa_consommation-de-053-a-222-kg-hora","21":"pa_depart-des-fumees-parte-superior","22":"pa_indice-de-performance-100-es","23":"pa_surface-de-chauffe-de-55-a-120-m","24":"pa_volume-de-chauffe-de-135-a-300-m","25":"plus_produit-100-fonte-3","26":"plus_produit-aire-secundario-regulable","27":"plus_produit-combustion-prolongada","28":"plus_produit-vidrio-limpio","29":"plus_produit-fonctionne-egalement-portes-ouvertes-3","30":"plus_produit-garantia-de-origen-frances","31":"plus_produit-garantia-extendida-3-anos","32":"plus_produit-revestimiento-de-vermiculita","33":"plus_produit-sistema-de-post-combustion","35":"first","36":"instock","37":"purchasable","38":"product-type-simple"},"acf":[],"yoast_head":"<!-- This site is optimized with the Yoast SEO plugin v24.7 - https:\/\/yoast.com\/wordpress\/plugins\/seo\/ -->\n<title>Estufa de hierro Tipi - Invicta<\/title>\n<meta name=\"description\" content=\"El esp\u00edritu sagrado del fuego flota sobre esta estufa. Su forma est\u00e1 inspirada en gran parte en la habitaci\u00f3n tradicional de los Indios de las llanuras de Am\u00e9rica del Norte. Tipi, simple y elegante, funciona perfectamente con puertas abiertas para celebrar el culto al fuego. En climas fr\u00edos, con las puertas cerradas, es una gran fuente de calor renovable.\" \/>\n<meta name=\"robots\" content=\"index, follow, max-snippet:-1, max-image-preview:large, max-video-preview:-1\" \/>\n<link rel=\"canonical\" href=\"https:\/\/dev.invicta.wp19.axome.cc\/es\/produit\/estufa-de-hierro-tipi\/\" \/>\n<meta property=\"og:locale\" content=\"es_ES\" \/>\n<meta property=\"og:type\" content=\"article\" \/>\n<meta property=\"og:title\" content=\"Estufa de hierro Tipi - Invicta\" \/>\n<meta property=\"og:description\" content=\"El esp\u00edritu sagrado del fuego flota sobre esta estufa. Su forma est\u00e1 inspirada en gran parte en la habitaci\u00f3n tradicional de los Indios de las llanuras de Am\u00e9rica del Norte. Tipi, simple y elegante, funciona perfectamente con puertas abiertas para celebrar el culto al fuego. En climas fr\u00edos, con las puertas cerradas, es una gran fuente de calor renovable.\" \/>\n<meta property=\"og:url\" content=\"https:\/\/dev.invicta.wp19.axome.cc\/es\/produit\/estufa-de-hierro-tipi\/\" \/>\n<meta property=\"og:site_name\" content=\"Invicta\" \/>\n<meta property=\"article:modified_time\" content=\"2025-11-26T11:22:52+00:00\" \/>\n<meta property=\"og:image\" content=\"https:\/\/dev.invicta.wp19.axome.cc\/wp-content\/uploads\/2025\/06\/tipi-poele_a_bois-ambiance_700_1431530034-e1567776853635.jpg\" \/>\n\t<meta property=\"og:image:width\" content=\"525\" \/>\n\t<meta property=\"og:image:height\" content=\"668\" \/>\n\t<meta property=\"og:image:type\" content=\"image\/jpeg\" \/>\n<meta name=\"twitter:card\" content=\"summary_large_image\" \/>\n<script type=\"application\/ld+json\" class=\"yoast-schema-graph\">{\"@context\":\"https:\/\/schema.org\",\"@graph\":[{\"@type\":\"WebPage\",\"@id\":\"https:\/\/dev.invicta.wp19.axome.cc\/es\/produit\/estufa-de-hierro-tipi\/\",\"url\":\"https:\/\/dev.invicta.wp19.axome.cc\/es\/produit\/estufa-de-hierro-tipi\/\",\"name\":\"Estufa de hierro Tipi - Invicta\",\"isPartOf\":{\"@id\":\"https:\/\/dev.invicta.wp19.axome.cc\/es\/#website\"},\"primaryImageOfPage\":{\"@id\":\"https:\/\/dev.invicta.wp19.axome.cc\/es\/produit\/estufa-de-hierro-tipi\/#primaryimage\"},\"image\":{\"@id\":\"https:\/\/dev.invicta.wp19.axome.cc\/es\/produit\/estufa-de-hierro-tipi\/#primaryimage\"},\"thumbnailUrl\":\"https:\/\/dev.invicta.wp19.axome.cc\/wp-content\/uploads\/2025\/06\/tipi-poele_a_bois-ambiance_700_1431530034-e1567776853635.jpg\",\"datePublished\":\"2025-11-26T10:22:43+00:00\",\"dateModified\":\"2025-11-26T11:22:52+00:00\",\"description\":\"El esp\u00edritu sagrado del fuego flota sobre esta estufa. Su forma est\u00e1 inspirada en gran parte en la habitaci\u00f3n tradicional de los Indios de las llanuras de Am\u00e9rica del Norte. Tipi, simple y elegante, funciona perfectamente con puertas abiertas para celebrar el culto al fuego. En climas fr\u00edos, con las puertas cerradas, es una gran fuente de calor renovable.\",\"breadcrumb\":{\"@id\":\"https:\/\/dev.invicta.wp19.axome.cc\/es\/produit\/estufa-de-hierro-tipi\/#breadcrumb\"},\"inLanguage\":\"es\",\"potentialAction\":[{\"@type\":\"ReadAction\",\"target\":[\"https:\/\/dev.invicta.wp19.axome.cc\/es\/produit\/estufa-de-hierro-tipi\/\"]}]},{\"@type\":\"ImageObject\",\"inLanguage\":\"es\",\"@id\":\"https:\/\/dev.invicta.wp19.axome.cc\/es\/produit\/estufa-de-hierro-tipi\/#primaryimage\",\"url\":\"https:\/\/dev.invicta.wp19.axome.cc\/wp-content\/uploads\/2025\/06\/tipi-poele_a_bois-ambiance_700_1431530034-e1567776853635.jpg\",\"contentUrl\":\"https:\/\/dev.invicta.wp19.axome.cc\/wp-content\/uploads\/2025\/06\/tipi-poele_a_bois-ambiance_700_1431530034-e1567776853635.jpg\",\"width\":525,\"height\":668},{\"@type\":\"BreadcrumbList\",\"@id\":\"https:\/\/dev.invicta.wp19.axome.cc\/es\/produit\/estufa-de-hierro-tipi\/#breadcrumb\",\"itemListElement\":[{\"@type\":\"ListItem\",\"position\":1,\"name\":\"Inicio\",\"item\":\"https:\/\/dev.invicta.wp19.axome.cc\/es\/\"},{\"@type\":\"ListItem\",\"position\":2,\"name\":\"Productos\",\"item\":\"https:\/\/dev.invicta.wp19.axome.cc\/es\/shop\/\"},{\"@type\":\"ListItem\",\"position\":3,\"name\":\"Estufas de le\u00f1a\",\"item\":\"https:\/\/dev.invicta.wp19.axome.cc\/es\/categorie-produit\/estufas-de-lena\/\"},{\"@type\":\"ListItem\",\"position\":4,\"name\":\"Estufas de le\u00f1a de hierro fundido y acero\",\"item\":\"https:\/\/dev.invicta.wp19.axome.cc\/es\/categorie-produit\/estufas-de-lena\/estufa-de-lena-de-hierro-fundido-y-acero\/\"},{\"@type\":\"ListItem\",\"position\":5,\"name\":\"Estufa de hierro Tipi\"}]},{\"@type\":\"WebSite\",\"@id\":\"https:\/\/dev.invicta.wp19.axome.cc\/es\/#website\",\"url\":\"https:\/\/dev.invicta.wp19.axome.cc\/es\/\",\"name\":\"Invicta\",\"description\":\"Fabricant fran\u00e7ais, sp\u00e9cialiste europ\u00e9en du chauffage au bois : po\u00eales \u00e0 bois et \u00e0 granul\u00e9s, chemin\u00e9es, foyers et inserts\",\"publisher\":{\"@id\":\"https:\/\/dev.invicta.wp19.axome.cc\/es\/#organization\"},\"potentialAction\":[{\"@type\":\"SearchAction\",\"target\":{\"@type\":\"EntryPoint\",\"urlTemplate\":\"https:\/\/dev.invicta.wp19.axome.cc\/es\/?s={search_term_string}\"},\"query-input\":{\"@type\":\"PropertyValueSpecification\",\"valueRequired\":true,\"valueName\":\"search_term_string\"}}],\"inLanguage\":\"es\"},{\"@type\":\"Organization\",\"@id\":\"https:\/\/dev.invicta.wp19.axome.cc\/es\/#organization\",\"name\":\"Invicta\",\"url\":\"https:\/\/dev.invicta.wp19.axome.cc\/es\/\",\"logo\":{\"@type\":\"ImageObject\",\"inLanguage\":\"es\",\"@id\":\"https:\/\/dev.invicta.wp19.axome.cc\/es\/#\/schema\/logo\/image\/\",\"url\":\"https:\/\/www.invicta.fr\/wp-content\/uploads\/2019\/06\/INVICTALOGO_RVB.png\",\"contentUrl\":\"https:\/\/www.invicta.fr\/wp-content\/uploads\/2019\/06\/INVICTALOGO_RVB.png\",\"width\":1810,\"height\":1280,\"caption\":\"Invicta\"},\"image\":{\"@id\":\"https:\/\/dev.invicta.wp19.axome.cc\/es\/#\/schema\/logo\/image\/\"}}]}<\/script>\n<!-- \/ Yoast SEO plugin. -->","yoast_head_json":{"title":"Estufa de hierro Tipi - Invicta","description":"El esp\u00edritu sagrado del fuego flota sobre esta estufa. Su forma est\u00e1 inspirada en gran parte en la habitaci\u00f3n tradicional de los Indios de las llanuras de Am\u00e9rica del Norte. Tipi, simple y elegante, funciona perfectamente con puertas abiertas para celebrar el culto al fuego. En climas fr\u00edos, con las puertas cerradas, es una gran fuente de calor renovable.","robots":{"index":"index","follow":"follow","max-snippet":"max-snippet:-1","max-image-preview":"max-image-preview:large","max-video-preview":"max-video-preview:-1"},"canonical":"https:\/\/dev.invicta.wp19.axome.cc\/es\/produit\/estufa-de-hierro-tipi\/","og_locale":"es_ES","og_type":"article","og_title":"Estufa de hierro Tipi - Invicta","og_description":"El esp\u00edritu sagrado del fuego flota sobre esta estufa. Su forma est\u00e1 inspirada en gran parte en la habitaci\u00f3n tradicional de los Indios de las llanuras de Am\u00e9rica del Norte. Tipi, simple y elegante, funciona perfectamente con puertas abiertas para celebrar el culto al fuego. En climas fr\u00edos, con las puertas cerradas, es una gran fuente de calor renovable.","og_url":"https:\/\/dev.invicta.wp19.axome.cc\/es\/produit\/estufa-de-hierro-tipi\/","og_site_name":"Invicta","article_modified_time":"2025-11-26T11:22:52+00:00","og_image":[{"width":525,"height":668,"url":"https:\/\/dev.invicta.wp19.axome.cc\/wp-content\/uploads\/2025\/06\/tipi-poele_a_bois-ambiance_700_1431530034-e1567776853635.jpg","type":"image\/jpeg"}],"twitter_card":"summary_large_image","schema":{"@context":"https:\/\/schema.org","@graph":[{"@type":"WebPage","@id":"https:\/\/dev.invicta.wp19.axome.cc\/es\/produit\/estufa-de-hierro-tipi\/","url":"https:\/\/dev.invicta.wp19.axome.cc\/es\/produit\/estufa-de-hierro-tipi\/","name":"Estufa de hierro Tipi - Invicta","isPartOf":{"@id":"https:\/\/dev.invicta.wp19.axome.cc\/es\/#website"},"primaryImageOfPage":{"@id":"https:\/\/dev.invicta.wp19.axome.cc\/es\/produit\/estufa-de-hierro-tipi\/#primaryimage"},"image":{"@id":"https:\/\/dev.invicta.wp19.axome.cc\/es\/produit\/estufa-de-hierro-tipi\/#primaryimage"},"thumbnailUrl":"https:\/\/dev.invicta.wp19.axome.cc\/wp-content\/uploads\/2025\/06\/tipi-poele_a_bois-ambiance_700_1431530034-e1567776853635.jpg","datePublished":"2025-11-26T10:22:43+00:00","dateModified":"2025-11-26T11:22:52+00:00","description":"El esp\u00edritu sagrado del fuego flota sobre esta estufa. Su forma est\u00e1 inspirada en gran parte en la habitaci\u00f3n tradicional de los Indios de las llanuras de Am\u00e9rica del Norte. Tipi, simple y elegante, funciona perfectamente con puertas abiertas para celebrar el culto al fuego. En climas fr\u00edos, con las puertas cerradas, es una gran fuente de calor renovable.","breadcrumb":{"@id":"https:\/\/dev.invicta.wp19.axome.cc\/es\/produit\/estufa-de-hierro-tipi\/#breadcrumb"},"inLanguage":"es","potentialAction":[{"@type":"ReadAction","target":["https:\/\/dev.invicta.wp19.axome.cc\/es\/produit\/estufa-de-hierro-tipi\/"]}]},{"@type":"ImageObject","inLanguage":"es","@id":"https:\/\/dev.invicta.wp19.axome.cc\/es\/produit\/estufa-de-hierro-tipi\/#primaryimage","url":"https:\/\/dev.invicta.wp19.axome.cc\/wp-content\/uploads\/2025\/06\/tipi-poele_a_bois-ambiance_700_1431530034-e1567776853635.jpg","contentUrl":"https:\/\/dev.invicta.wp19.axome.cc\/wp-content\/uploads\/2025\/06\/tipi-poele_a_bois-ambiance_700_1431530034-e1567776853635.jpg","width":525,"height":668},{"@type":"BreadcrumbList","@id":"https:\/\/dev.invicta.wp19.axome.cc\/es\/produit\/estufa-de-hierro-tipi\/#breadcrumb","itemListElement":[{"@type":"ListItem","position":1,"name":"Inicio","item":"https:\/\/dev.invicta.wp19.axome.cc\/es\/"},{"@type":"ListItem","position":2,"name":"Productos","item":"https:\/\/dev.invicta.wp19.axome.cc\/es\/shop\/"},{"@type":"ListItem","position":3,"name":"Estufas de le\u00f1a","item":"https:\/\/dev.invicta.wp19.axome.cc\/es\/categorie-produit\/estufas-de-lena\/"},{"@type":"ListItem","position":4,"name":"Estufas de le\u00f1a de hierro fundido y acero","item":"https:\/\/dev.invicta.wp19.axome.cc\/es\/categorie-produit\/estufas-de-lena\/estufa-de-lena-de-hierro-fundido-y-acero\/"},{"@type":"ListItem","position":5,"name":"Estufa de hierro Tipi"}]},{"@type":"WebSite","@id":"https:\/\/dev.invicta.wp19.axome.cc\/es\/#website","url":"https:\/\/dev.invicta.wp19.axome.cc\/es\/","name":"Invicta","description":"Fabricant fran\u00e7ais, sp\u00e9cialiste europ\u00e9en du chauffage au bois : po\u00eales \u00e0 bois et \u00e0 granul\u00e9s, chemin\u00e9es, foyers et inserts","publisher":{"@id":"https:\/\/dev.invicta.wp19.axome.cc\/es\/#organization"},"potentialAction":[{"@type":"SearchAction","target":{"@type":"EntryPoint","urlTemplate":"https:\/\/dev.invicta.wp19.axome.cc\/es\/?s={search_term_string}"},"query-input":{"@type":"PropertyValueSpecification","valueRequired":true,"valueName":"search_term_string"}}],"inLanguage":"es"},{"@type":"Organization","@id":"https:\/\/dev.invicta.wp19.axome.cc\/es\/#organization","name":"Invicta","url":"https:\/\/dev.invicta.wp19.axome.cc\/es\/","logo":{"@type":"ImageObject","inLanguage":"es","@id":"https:\/\/dev.invicta.wp19.axome.cc\/es\/#\/schema\/logo\/image\/","url":"https:\/\/www.invicta.fr\/wp-content\/uploads\/2019\/06\/INVICTALOGO_RVB.png","contentUrl":"https:\/\/www.invicta.fr\/wp-content\/uploads\/2019\/06\/INVICTALOGO_RVB.png","width":1810,"height":1280,"caption":"Invicta"},"image":{"@id":"https:\/\/dev.invicta.wp19.axome.cc\/es\/#\/schema\/logo\/image\/"}}]}},"_links":{"self":[{"href":"https:\/\/dev.invicta.wp19.axome.cc\/es\/wp-json\/wp\/v2\/product\/69361","targetHints":{"allow":["GET"]}}],"collection":[{"href":"https:\/\/dev.invicta.wp19.axome.cc\/es\/wp-json\/wp\/v2\/product"}],"about":[{"href":"https:\/\/dev.invicta.wp19.axome.cc\/es\/wp-json\/wp\/v2\/types\/product"}],"wp:featuredmedia":[{"embeddable":true,"href":"https:\/\/dev.invicta.wp19.axome.cc\/es\/wp-json\/wp\/v2\/media\/67913"}],"wp:attachment":[{"href":"https:\/\/dev.invicta.wp19.axome.cc\/es\/wp-json\/wp\/v2\/media?parent=69361"}],"wp:term":[{"taxonomy":"product_brand","embeddable":true,"href":"https:\/\/dev.invicta.wp19.axome.cc\/es\/wp-json\/wp\/v2\/product_brand?post=69361"},{"taxonomy":"product_cat","embeddable":true,"href":"https:\/\/dev.invicta.wp19.axome.cc\/es\/wp-json\/wp\/v2\/product_cat?post=69361"},{"taxonomy":"product_tag","embeddable":true,"href":"https:\/\/dev.invicta.wp19.axome.cc\/es\/wp-json\/wp\/v2\/product_tag?post=69361"},{"taxonomy":"plus_produit","embeddable":true,"href":"https:\/\/dev.invicta.wp19.axome.cc\/es\/wp-json\/wp\/v2\/plus_produit?post=69361"}],"curies":[{"name":"wp","href":"https:\/\/api.w.org\/{rel}","templated":true}]}}