{"id":69377,"date":"2025-11-26T08:06:27","date_gmt":"2025-06-09T16:06:42","guid":{"rendered":"https:\/\/dev.invicta.wp19.axome.cc\/produit\/estufa-pellets-nola-10\/"},"modified":"2025-06-09T18:06:56","modified_gmt":"2025-06-09T16:06:56","slug":"estufa-pellets-nola-10","status":"publish","type":"product","link":"https:\/\/dev.invicta.wp19.axome.cc\/es\/produit\/estufa-pellets-nola-10\/","title":{"rendered":"Estufa pellets Nola 10"},"content":{"rendered":"<p>Con su estilo depurado, esta estufa de pellets encuentra f\u00e1cilmente su lugar en su universo. Instala una sensaci\u00f3n \u00fanica y agradable de bienestar.<\/p>\n","protected":false},"excerpt":{"rendered":"<p>Con su estilo depurado, esta estufa de pellets encuentra f\u00e1cilmente su lugar en su universo. Instala una sensaci\u00f3n \u00fanica y agradable de bienestar.<\/p>\n","protected":false},"featured_media":67962,"template":"","meta":{"_acf_changed":false},"product_brand":[],"product_cat":[],"product_tag":[2301,2303,2317,6391,7048,6833],"plus_produit":[3155,6841,6553,2309,2312,2294,2296,2633],"class_list":{"1":"product","4":"has-post-thumbnail","6":"product_tag-flamme-verte-7","7":"product_tag-eco-design-2022-es","8":"product_tag-ecoetiqueta-a","9":"product_tag-wi-fi-option","10":"product_tag-y-garantia-de-3-anos","11":"product_tag-y-garantie-extension-1an-esp","12":"pa_autonomie-minimum-7-horas","13":"pa_capacite-de-la-tremie-165-kg","14":"pa_consommation-0-67-2-31-2","15":"pa_depart-des-fumees-detras","16":"pa_indice-de-performance-123-es","17":"pa_surface-de-chauffe-35-a-120-m-es","18":"pa_volume-de-chauffe-85-a-300-m-es","19":"plus_produit-control-remoto-suministrado-con-la-estufa","20":"plus_produit-extension-de-garantie-1-an-esp","21":"plus_produit-kit-wifi-opcional","22":"plus_produit-posibilidad-de-control-por-termostato-externo-no-incluido","23":"plus_produit-programacion-horaria","24":"plus_produit-regulacion-de-la-potencia-o-la-temperatura-ambiente","25":"plus_produit-salida-de-aire-caliente-por-ventilador","26":"plus_produit-stand-by-espera","28":"first","29":"instock","30":"purchasable","31":"product-type-simple"},"acf":[],"yoast_head":"<!-- This site is optimized with the Yoast SEO plugin v24.7 - https:\/\/yoast.com\/wordpress\/plugins\/seo\/ -->\n<title>Estufa pellets Nola 10 - Invicta<\/title>\n<meta name=\"description\" content=\"Con su estilo depurado, esta estufa de pellets encuentra f\u00e1cilmente su lugar en su universo. Instala una sensaci\u00f3n \u00fanica y agradable de bienestar.\" \/>\n<meta name=\"robots\" content=\"index, follow, max-snippet:-1, max-image-preview:large, max-video-preview:-1\" \/>\n<link rel=\"canonical\" href=\"https:\/\/dev.invicta.wp19.axome.cc\/es\/produit\/estufa-pellets-nola-10\/\" \/>\n<meta property=\"og:locale\" content=\"es_ES\" \/>\n<meta property=\"og:type\" content=\"article\" \/>\n<meta property=\"og:title\" content=\"Estufa pellets Nola 10 - Invicta\" \/>\n<meta property=\"og:description\" content=\"Con su estilo depurado, esta estufa de pellets encuentra f\u00e1cilmente su lugar en su universo. Instala una sensaci\u00f3n \u00fanica y agradable de bienestar.\" \/>\n<meta property=\"og:url\" content=\"https:\/\/dev.invicta.wp19.axome.cc\/es\/produit\/estufa-pellets-nola-10\/\" \/>\n<meta property=\"og:site_name\" content=\"Invicta\" \/>\n<meta property=\"article:modified_time\" content=\"2025-06-09T16:06:56+00:00\" \/>\n<meta property=\"og:image\" content=\"https:\/\/dev.invicta.wp19.axome.cc\/wp-content\/uploads\/2025\/06\/Nola-rouge-641877-feu-e1567696847786.jpg\" \/>\n\t<meta property=\"og:image:width\" content=\"546\" \/>\n\t<meta property=\"og:image:height\" content=\"857\" \/>\n\t<meta property=\"og:image:type\" content=\"image\/jpeg\" \/>\n<meta name=\"twitter:card\" content=\"summary_large_image\" \/>\n<script type=\"application\/ld+json\" class=\"yoast-schema-graph\">{\"@context\":\"https:\/\/schema.org\",\"@graph\":[{\"@type\":\"WebPage\",\"@id\":\"https:\/\/dev.invicta.wp19.axome.cc\/es\/produit\/estufa-pellets-nola-10\/\",\"url\":\"https:\/\/dev.invicta.wp19.axome.cc\/es\/produit\/estufa-pellets-nola-10\/\",\"name\":\"Estufa pellets Nola 10 - Invicta\",\"isPartOf\":{\"@id\":\"https:\/\/dev.invicta.wp19.axome.cc\/es\/#website\"},\"primaryImageOfPage\":{\"@id\":\"https:\/\/dev.invicta.wp19.axome.cc\/es\/produit\/estufa-pellets-nola-10\/#primaryimage\"},\"image\":{\"@id\":\"https:\/\/dev.invicta.wp19.axome.cc\/es\/produit\/estufa-pellets-nola-10\/#primaryimage\"},\"thumbnailUrl\":\"https:\/\/dev.invicta.wp19.axome.cc\/wp-content\/uploads\/2025\/06\/Nola-rouge-641877-feu-e1567696847786.jpg\",\"datePublished\":\"2025-06-09T16:06:42+00:00\",\"dateModified\":\"2025-06-09T16:06:56+00:00\",\"description\":\"Con su estilo depurado, esta estufa de pellets encuentra f\u00e1cilmente su lugar en su universo. Instala una sensaci\u00f3n \u00fanica y agradable de bienestar.\",\"breadcrumb\":{\"@id\":\"https:\/\/dev.invicta.wp19.axome.cc\/es\/produit\/estufa-pellets-nola-10\/#breadcrumb\"},\"inLanguage\":\"es\",\"potentialAction\":[{\"@type\":\"ReadAction\",\"target\":[\"https:\/\/dev.invicta.wp19.axome.cc\/es\/produit\/estufa-pellets-nola-10\/\"]}]},{\"@type\":\"ImageObject\",\"inLanguage\":\"es\",\"@id\":\"https:\/\/dev.invicta.wp19.axome.cc\/es\/produit\/estufa-pellets-nola-10\/#primaryimage\",\"url\":\"https:\/\/dev.invicta.wp19.axome.cc\/wp-content\/uploads\/2025\/06\/Nola-rouge-641877-feu-e1567696847786.jpg\",\"contentUrl\":\"https:\/\/dev.invicta.wp19.axome.cc\/wp-content\/uploads\/2025\/06\/Nola-rouge-641877-feu-e1567696847786.jpg\",\"width\":546,\"height\":857,\"caption\":\"Po\u00eale \u00e0 Granul\u00e9s Nola 7 rouge - Po\u00eale \u00e0 Pellets\"},{\"@type\":\"BreadcrumbList\",\"@id\":\"https:\/\/dev.invicta.wp19.axome.cc\/es\/produit\/estufa-pellets-nola-10\/#breadcrumb\",\"itemListElement\":[{\"@type\":\"ListItem\",\"position\":1,\"name\":\"Inicio\",\"item\":\"https:\/\/dev.invicta.wp19.axome.cc\/es\/\"},{\"@type\":\"ListItem\",\"position\":2,\"name\":\"Productos\",\"item\":\"https:\/\/dev.invicta.wp19.axome.cc\/es\/shop\/\"},{\"@type\":\"ListItem\",\"position\":3,\"name\":\"Estufa pellets Nola 10\"}]},{\"@type\":\"WebSite\",\"@id\":\"https:\/\/dev.invicta.wp19.axome.cc\/es\/#website\",\"url\":\"https:\/\/dev.invicta.wp19.axome.cc\/es\/\",\"name\":\"Invicta\",\"description\":\"Fabricant fran\u00e7ais, sp\u00e9cialiste europ\u00e9en du chauffage au bois : po\u00eales \u00e0 bois et \u00e0 granul\u00e9s, chemin\u00e9es, foyers et inserts\",\"publisher\":{\"@id\":\"https:\/\/dev.invicta.wp19.axome.cc\/es\/#organization\"},\"potentialAction\":[{\"@type\":\"SearchAction\",\"target\":{\"@type\":\"EntryPoint\",\"urlTemplate\":\"https:\/\/dev.invicta.wp19.axome.cc\/es\/?s={search_term_string}\"},\"query-input\":{\"@type\":\"PropertyValueSpecification\",\"valueRequired\":true,\"valueName\":\"search_term_string\"}}],\"inLanguage\":\"es\"},{\"@type\":\"Organization\",\"@id\":\"https:\/\/dev.invicta.wp19.axome.cc\/es\/#organization\",\"name\":\"Invicta\",\"url\":\"https:\/\/dev.invicta.wp19.axome.cc\/es\/\",\"logo\":{\"@type\":\"ImageObject\",\"inLanguage\":\"es\",\"@id\":\"https:\/\/dev.invicta.wp19.axome.cc\/es\/#\/schema\/logo\/image\/\",\"url\":\"https:\/\/www.invicta.fr\/wp-content\/uploads\/2019\/06\/INVICTALOGO_RVB.png\",\"contentUrl\":\"https:\/\/www.invicta.fr\/wp-content\/uploads\/2019\/06\/INVICTALOGO_RVB.png\",\"width\":1810,\"height\":1280,\"caption\":\"Invicta\"},\"image\":{\"@id\":\"https:\/\/dev.invicta.wp19.axome.cc\/es\/#\/schema\/logo\/image\/\"}}]}<\/script>\n<!-- \/ Yoast SEO plugin. -->","yoast_head_json":{"title":"Estufa pellets Nola 10 - Invicta","description":"Con su estilo depurado, esta estufa de pellets encuentra f\u00e1cilmente su lugar en su universo. Instala una sensaci\u00f3n \u00fanica y agradable de bienestar.","robots":{"index":"index","follow":"follow","max-snippet":"max-snippet:-1","max-image-preview":"max-image-preview:large","max-video-preview":"max-video-preview:-1"},"canonical":"https:\/\/dev.invicta.wp19.axome.cc\/es\/produit\/estufa-pellets-nola-10\/","og_locale":"es_ES","og_type":"article","og_title":"Estufa pellets Nola 10 - Invicta","og_description":"Con su estilo depurado, esta estufa de pellets encuentra f\u00e1cilmente su lugar en su universo. Instala una sensaci\u00f3n \u00fanica y agradable de bienestar.","og_url":"https:\/\/dev.invicta.wp19.axome.cc\/es\/produit\/estufa-pellets-nola-10\/","og_site_name":"Invicta","article_modified_time":"2025-06-09T16:06:56+00:00","og_image":[{"width":546,"height":857,"url":"https:\/\/dev.invicta.wp19.axome.cc\/wp-content\/uploads\/2025\/06\/Nola-rouge-641877-feu-e1567696847786.jpg","type":"image\/jpeg"}],"twitter_card":"summary_large_image","schema":{"@context":"https:\/\/schema.org","@graph":[{"@type":"WebPage","@id":"https:\/\/dev.invicta.wp19.axome.cc\/es\/produit\/estufa-pellets-nola-10\/","url":"https:\/\/dev.invicta.wp19.axome.cc\/es\/produit\/estufa-pellets-nola-10\/","name":"Estufa pellets Nola 10 - Invicta","isPartOf":{"@id":"https:\/\/dev.invicta.wp19.axome.cc\/es\/#website"},"primaryImageOfPage":{"@id":"https:\/\/dev.invicta.wp19.axome.cc\/es\/produit\/estufa-pellets-nola-10\/#primaryimage"},"image":{"@id":"https:\/\/dev.invicta.wp19.axome.cc\/es\/produit\/estufa-pellets-nola-10\/#primaryimage"},"thumbnailUrl":"https:\/\/dev.invicta.wp19.axome.cc\/wp-content\/uploads\/2025\/06\/Nola-rouge-641877-feu-e1567696847786.jpg","datePublished":"2025-06-09T16:06:42+00:00","dateModified":"2025-06-09T16:06:56+00:00","description":"Con su estilo depurado, esta estufa de pellets encuentra f\u00e1cilmente su lugar en su universo. Instala una sensaci\u00f3n \u00fanica y agradable de bienestar.","breadcrumb":{"@id":"https:\/\/dev.invicta.wp19.axome.cc\/es\/produit\/estufa-pellets-nola-10\/#breadcrumb"},"inLanguage":"es","potentialAction":[{"@type":"ReadAction","target":["https:\/\/dev.invicta.wp19.axome.cc\/es\/produit\/estufa-pellets-nola-10\/"]}]},{"@type":"ImageObject","inLanguage":"es","@id":"https:\/\/dev.invicta.wp19.axome.cc\/es\/produit\/estufa-pellets-nola-10\/#primaryimage","url":"https:\/\/dev.invicta.wp19.axome.cc\/wp-content\/uploads\/2025\/06\/Nola-rouge-641877-feu-e1567696847786.jpg","contentUrl":"https:\/\/dev.invicta.wp19.axome.cc\/wp-content\/uploads\/2025\/06\/Nola-rouge-641877-feu-e1567696847786.jpg","width":546,"height":857,"caption":"Po\u00eale \u00e0 Granul\u00e9s Nola 7 rouge - Po\u00eale \u00e0 Pellets"},{"@type":"BreadcrumbList","@id":"https:\/\/dev.invicta.wp19.axome.cc\/es\/produit\/estufa-pellets-nola-10\/#breadcrumb","itemListElement":[{"@type":"ListItem","position":1,"name":"Inicio","item":"https:\/\/dev.invicta.wp19.axome.cc\/es\/"},{"@type":"ListItem","position":2,"name":"Productos","item":"https:\/\/dev.invicta.wp19.axome.cc\/es\/shop\/"},{"@type":"ListItem","position":3,"name":"Estufa pellets Nola 10"}]},{"@type":"WebSite","@id":"https:\/\/dev.invicta.wp19.axome.cc\/es\/#website","url":"https:\/\/dev.invicta.wp19.axome.cc\/es\/","name":"Invicta","description":"Fabricant fran\u00e7ais, sp\u00e9cialiste europ\u00e9en du chauffage au bois : po\u00eales \u00e0 bois et \u00e0 granul\u00e9s, chemin\u00e9es, foyers et inserts","publisher":{"@id":"https:\/\/dev.invicta.wp19.axome.cc\/es\/#organization"},"potentialAction":[{"@type":"SearchAction","target":{"@type":"EntryPoint","urlTemplate":"https:\/\/dev.invicta.wp19.axome.cc\/es\/?s={search_term_string}"},"query-input":{"@type":"PropertyValueSpecification","valueRequired":true,"valueName":"search_term_string"}}],"inLanguage":"es"},{"@type":"Organization","@id":"https:\/\/dev.invicta.wp19.axome.cc\/es\/#organization","name":"Invicta","url":"https:\/\/dev.invicta.wp19.axome.cc\/es\/","logo":{"@type":"ImageObject","inLanguage":"es","@id":"https:\/\/dev.invicta.wp19.axome.cc\/es\/#\/schema\/logo\/image\/","url":"https:\/\/www.invicta.fr\/wp-content\/uploads\/2019\/06\/INVICTALOGO_RVB.png","contentUrl":"https:\/\/www.invicta.fr\/wp-content\/uploads\/2019\/06\/INVICTALOGO_RVB.png","width":1810,"height":1280,"caption":"Invicta"},"image":{"@id":"https:\/\/dev.invicta.wp19.axome.cc\/es\/#\/schema\/logo\/image\/"}}]}},"_links":{"self":[{"href":"https:\/\/dev.invicta.wp19.axome.cc\/es\/wp-json\/wp\/v2\/product\/69377","targetHints":{"allow":["GET"]}}],"collection":[{"href":"https:\/\/dev.invicta.wp19.axome.cc\/es\/wp-json\/wp\/v2\/product"}],"about":[{"href":"https:\/\/dev.invicta.wp19.axome.cc\/es\/wp-json\/wp\/v2\/types\/product"}],"wp:featuredmedia":[{"embeddable":true,"href":"https:\/\/dev.invicta.wp19.axome.cc\/es\/wp-json\/wp\/v2\/media\/67962"}],"wp:attachment":[{"href":"https:\/\/dev.invicta.wp19.axome.cc\/es\/wp-json\/wp\/v2\/media?parent=69377"}],"wp:term":[{"taxonomy":"product_brand","embeddable":true,"href":"https:\/\/dev.invicta.wp19.axome.cc\/es\/wp-json\/wp\/v2\/product_brand?post=69377"},{"taxonomy":"product_cat","embeddable":true,"href":"https:\/\/dev.invicta.wp19.axome.cc\/es\/wp-json\/wp\/v2\/product_cat?post=69377"},{"taxonomy":"product_tag","embeddable":true,"href":"https:\/\/dev.invicta.wp19.axome.cc\/es\/wp-json\/wp\/v2\/product_tag?post=69377"},{"taxonomy":"plus_produit","embeddable":true,"href":"https:\/\/dev.invicta.wp19.axome.cc\/es\/wp-json\/wp\/v2\/plus_produit?post=69377"}],"curies":[{"name":"wp","href":"https:\/\/api.w.org\/{rel}","templated":true}]}}