{"id":69383,"date":"2025-11-26T08:06:34","date_gmt":"2025-06-09T16:06:59","guid":{"rendered":"https:\/\/dev.invicta.wp19.axome.cc\/produit\/estufa-de-pellets-estanca-fontica-8\/"},"modified":"2025-06-09T18:07:02","modified_gmt":"2025-06-09T16:07:02","slug":"estufa-de-pellets-estanca-fontica-8","status":"publish","type":"product","link":"https:\/\/dev.invicta.wp19.axome.cc\/es\/produit\/estufa-de-pellets-estanca-fontica-8\/","title":{"rendered":"Estufa de pellets estanca Fontica 8"},"content":{"rendered":"<p>El hierro fundido rara vez se utiliza en la fabricaci\u00f3n de estufas de pellets. Invicta innova colocando un cuerpo calefactor completamente de hierro fundido en el coraz\u00f3n de una elegante estufa de pellets. Fontica difunde una calidez agradable y envolvente en tu hogar.<\/p>\n","protected":false},"excerpt":{"rendered":"<p>El hierro fundido rara vez se utiliza en la fabricaci\u00f3n de estufas de pellets. Invicta innova colocando un cuerpo calefactor completamente de hierro fundido en el coraz\u00f3n de una elegante estufa de pellets. Fontica difunde una calidez agradable y envolvente en tu hogar.<\/p>\n","protected":false},"featured_media":67976,"template":"","meta":{"_acf_changed":false},"product_brand":[],"product_cat":[2293,3057,3058,6452,6457,6451,6448,6614,6456,6450,6449,6455,6453],"product_tag":[2301,2303,2317,6459,6460,7048,6833],"plus_produit":[8048,3188,2597,6841,2318,6673,2309,3187,2312,2294,2296,2633,6447],"class_list":{"1":"product","4":"has-post-thumbnail","6":"product_cat-ayuda-en-la-eleccion","7":"product_cat-estufas-de-pellets-es","8":"product_cat-estufas-de-pellets-estancas","9":"product_cat-estufas-de-pellets-de-8-kw","10":"product_cat-estufas-de-pellets-estancas-de-8-kw","11":"product_cat-estufas-de-pellet-autonomas","12":"product_cat-estufas-de-pellets-programables","13":"product_cat-diseno-de-estufas-de-pellets","14":"product_cat-estufas-de-pellets-contemporaneas","15":"product_cat-estufas-de-pellets-modernas","16":"product_cat-estufas-de-pellet-redondas","17":"product_cat-toma-de-pared-para-estufas-de-pellets","18":"product_cat-estufas-de-pellets-con-salida-de-aspiracion","19":"product_tag-flamme-verte-7","20":"product_tag-eco-design-2022-es","21":"product_tag-ecoetiqueta-a","22":"product_tag-wifi-estandar","23":"product_tag-zona-3-ventosa","24":"product_tag-y-garantia-de-3-anos","25":"product_tag-y-garantie-extension-1an-esp","26":"pa_autonomie-minimum-9-horas","27":"pa_capacite-de-la-tremie-17-kg-es","28":"pa_depart-des-fumees-detras","29":"pa_taux-de-co-0-0104-3-2","30":"plus_produit-corps-de-chauffe-en-fonte-3","31":"plus_produit-dictamen-tecnico-cstb-n-14-2-15-2130v5","32":"plus_produit-dispositivo-resistente-al-agua-compatible-con-rt2012","33":"plus_produit-extension-de-garantie-1-an-esp","34":"plus_produit-kit-de-control-de-la-combustion-kcc","35":"plus_produit-la-ventilacion-se-puede-desconectar","36":"plus_produit-posibilidad-de-control-por-termostato-externo-no-incluido","37":"plus_produit-posible-instalacion-de-fachada-zona-3-ventosa","38":"plus_produit-programacion-horaria","39":"plus_produit-regulacion-de-la-potencia-o-la-temperatura-ambiente","40":"plus_produit-salida-de-aire-caliente-por-ventilador","41":"plus_produit-stand-by-espera","42":"plus_produit-wi-fi-incorporado","44":"first","45":"instock","46":"purchasable","47":"product-type-simple"},"acf":[],"yoast_head":"<!-- This site is optimized with the Yoast SEO plugin v24.7 - https:\/\/yoast.com\/wordpress\/plugins\/seo\/ -->\n<title>Estufa de pellets estanca Fontica 8 - Invicta<\/title>\n<meta name=\"description\" content=\"El hierro fundido rara vez se utiliza en la fabricaci\u00f3n de estufas de pellets. Invicta innova colocando un cuerpo calefactor completamente de hierro\" \/>\n<meta name=\"robots\" content=\"index, follow, max-snippet:-1, max-image-preview:large, max-video-preview:-1\" \/>\n<link rel=\"canonical\" href=\"https:\/\/dev.invicta.wp19.axome.cc\/es\/produit\/estufa-de-pellets-estanca-fontica-8\/\" \/>\n<meta property=\"og:locale\" content=\"es_ES\" \/>\n<meta property=\"og:type\" content=\"article\" \/>\n<meta property=\"og:title\" content=\"Estufa de pellets estanca Fontica 8 - Invicta\" \/>\n<meta property=\"og:description\" content=\"El hierro fundido rara vez se utiliza en la fabricaci\u00f3n de estufas de pellets. Invicta innova colocando un cuerpo calefactor completamente de hierro\" \/>\n<meta property=\"og:url\" content=\"https:\/\/dev.invicta.wp19.axome.cc\/es\/produit\/estufa-de-pellets-estanca-fontica-8\/\" \/>\n<meta property=\"og:site_name\" content=\"Invicta\" \/>\n<meta property=\"article:modified_time\" content=\"2025-06-09T16:07:02+00:00\" \/>\n<meta property=\"og:image\" content=\"https:\/\/dev.invicta.wp19.axome.cc\/wp-content\/uploads\/2025\/06\/C-FONTICA-rouge-web.jpg\" \/>\n\t<meta property=\"og:image:width\" content=\"631\" \/>\n\t<meta property=\"og:image:height\" content=\"1080\" \/>\n\t<meta property=\"og:image:type\" content=\"image\/jpeg\" \/>\n<meta name=\"twitter:card\" content=\"summary_large_image\" \/>\n<script type=\"application\/ld+json\" class=\"yoast-schema-graph\">{\"@context\":\"https:\/\/schema.org\",\"@graph\":[{\"@type\":\"WebPage\",\"@id\":\"https:\/\/dev.invicta.wp19.axome.cc\/es\/produit\/estufa-de-pellets-estanca-fontica-8\/\",\"url\":\"https:\/\/dev.invicta.wp19.axome.cc\/es\/produit\/estufa-de-pellets-estanca-fontica-8\/\",\"name\":\"Estufa de pellets estanca Fontica 8 - Invicta\",\"isPartOf\":{\"@id\":\"https:\/\/dev.invicta.wp19.axome.cc\/es\/#website\"},\"primaryImageOfPage\":{\"@id\":\"https:\/\/dev.invicta.wp19.axome.cc\/es\/produit\/estufa-de-pellets-estanca-fontica-8\/#primaryimage\"},\"image\":{\"@id\":\"https:\/\/dev.invicta.wp19.axome.cc\/es\/produit\/estufa-de-pellets-estanca-fontica-8\/#primaryimage\"},\"thumbnailUrl\":\"https:\/\/dev.invicta.wp19.axome.cc\/wp-content\/uploads\/2025\/06\/A-FONTICA-rouge-web.jpg\",\"datePublished\":\"2025-06-09T16:06:59+00:00\",\"dateModified\":\"2025-06-09T16:07:02+00:00\",\"description\":\"El hierro fundido rara vez se utiliza en la fabricaci\u00f3n de estufas de pellets. Invicta innova colocando un cuerpo calefactor completamente de hierro\",\"breadcrumb\":{\"@id\":\"https:\/\/dev.invicta.wp19.axome.cc\/es\/produit\/estufa-de-pellets-estanca-fontica-8\/#breadcrumb\"},\"inLanguage\":\"es\",\"potentialAction\":[{\"@type\":\"ReadAction\",\"target\":[\"https:\/\/dev.invicta.wp19.axome.cc\/es\/produit\/estufa-de-pellets-estanca-fontica-8\/\"]}]},{\"@type\":\"ImageObject\",\"inLanguage\":\"es\",\"@id\":\"https:\/\/dev.invicta.wp19.axome.cc\/es\/produit\/estufa-de-pellets-estanca-fontica-8\/#primaryimage\",\"url\":\"https:\/\/dev.invicta.wp19.axome.cc\/wp-content\/uploads\/2025\/06\/A-FONTICA-rouge-web.jpg\",\"contentUrl\":\"https:\/\/dev.invicta.wp19.axome.cc\/wp-content\/uploads\/2025\/06\/A-FONTICA-rouge-web.jpg\",\"width\":1440,\"height\":879,\"caption\":\"Po\u00eale \u00e0 granul\u00e9s \u00e9tanche Fontica 8 rouge WiFi - Ventilation d\u00e9sactivable\"},{\"@type\":\"BreadcrumbList\",\"@id\":\"https:\/\/dev.invicta.wp19.axome.cc\/es\/produit\/estufa-de-pellets-estanca-fontica-8\/#breadcrumb\",\"itemListElement\":[{\"@type\":\"ListItem\",\"position\":1,\"name\":\"Inicio\",\"item\":\"https:\/\/dev.invicta.wp19.axome.cc\/es\/\"},{\"@type\":\"ListItem\",\"position\":2,\"name\":\"Productos\",\"item\":\"https:\/\/dev.invicta.wp19.axome.cc\/es\/shop\/\"},{\"@type\":\"ListItem\",\"position\":3,\"name\":\"Estufa de pellets estanca Fontica 8\"}]},{\"@type\":\"WebSite\",\"@id\":\"https:\/\/dev.invicta.wp19.axome.cc\/es\/#website\",\"url\":\"https:\/\/dev.invicta.wp19.axome.cc\/es\/\",\"name\":\"Invicta\",\"description\":\"Fabricant fran\u00e7ais, sp\u00e9cialiste europ\u00e9en du chauffage au bois : po\u00eales \u00e0 bois et \u00e0 granul\u00e9s, chemin\u00e9es, foyers et inserts\",\"publisher\":{\"@id\":\"https:\/\/dev.invicta.wp19.axome.cc\/es\/#organization\"},\"potentialAction\":[{\"@type\":\"SearchAction\",\"target\":{\"@type\":\"EntryPoint\",\"urlTemplate\":\"https:\/\/dev.invicta.wp19.axome.cc\/es\/?s={search_term_string}\"},\"query-input\":{\"@type\":\"PropertyValueSpecification\",\"valueRequired\":true,\"valueName\":\"search_term_string\"}}],\"inLanguage\":\"es\"},{\"@type\":\"Organization\",\"@id\":\"https:\/\/dev.invicta.wp19.axome.cc\/es\/#organization\",\"name\":\"Invicta\",\"url\":\"https:\/\/dev.invicta.wp19.axome.cc\/es\/\",\"logo\":{\"@type\":\"ImageObject\",\"inLanguage\":\"es\",\"@id\":\"https:\/\/dev.invicta.wp19.axome.cc\/es\/#\/schema\/logo\/image\/\",\"url\":\"https:\/\/www.invicta.fr\/wp-content\/uploads\/2019\/06\/INVICTALOGO_RVB.png\",\"contentUrl\":\"https:\/\/www.invicta.fr\/wp-content\/uploads\/2019\/06\/INVICTALOGO_RVB.png\",\"width\":1810,\"height\":1280,\"caption\":\"Invicta\"},\"image\":{\"@id\":\"https:\/\/dev.invicta.wp19.axome.cc\/es\/#\/schema\/logo\/image\/\"}}]}<\/script>\n<!-- \/ Yoast SEO plugin. -->","yoast_head_json":{"title":"Estufa de pellets estanca Fontica 8 - Invicta","description":"El hierro fundido rara vez se utiliza en la fabricaci\u00f3n de estufas de pellets. Invicta innova colocando un cuerpo calefactor completamente de hierro","robots":{"index":"index","follow":"follow","max-snippet":"max-snippet:-1","max-image-preview":"max-image-preview:large","max-video-preview":"max-video-preview:-1"},"canonical":"https:\/\/dev.invicta.wp19.axome.cc\/es\/produit\/estufa-de-pellets-estanca-fontica-8\/","og_locale":"es_ES","og_type":"article","og_title":"Estufa de pellets estanca Fontica 8 - Invicta","og_description":"El hierro fundido rara vez se utiliza en la fabricaci\u00f3n de estufas de pellets. Invicta innova colocando un cuerpo calefactor completamente de hierro","og_url":"https:\/\/dev.invicta.wp19.axome.cc\/es\/produit\/estufa-de-pellets-estanca-fontica-8\/","og_site_name":"Invicta","article_modified_time":"2025-06-09T16:07:02+00:00","og_image":[{"width":631,"height":1080,"url":"https:\/\/dev.invicta.wp19.axome.cc\/wp-content\/uploads\/2025\/06\/C-FONTICA-rouge-web.jpg","type":"image\/jpeg"}],"twitter_card":"summary_large_image","schema":{"@context":"https:\/\/schema.org","@graph":[{"@type":"WebPage","@id":"https:\/\/dev.invicta.wp19.axome.cc\/es\/produit\/estufa-de-pellets-estanca-fontica-8\/","url":"https:\/\/dev.invicta.wp19.axome.cc\/es\/produit\/estufa-de-pellets-estanca-fontica-8\/","name":"Estufa de pellets estanca Fontica 8 - Invicta","isPartOf":{"@id":"https:\/\/dev.invicta.wp19.axome.cc\/es\/#website"},"primaryImageOfPage":{"@id":"https:\/\/dev.invicta.wp19.axome.cc\/es\/produit\/estufa-de-pellets-estanca-fontica-8\/#primaryimage"},"image":{"@id":"https:\/\/dev.invicta.wp19.axome.cc\/es\/produit\/estufa-de-pellets-estanca-fontica-8\/#primaryimage"},"thumbnailUrl":"https:\/\/dev.invicta.wp19.axome.cc\/wp-content\/uploads\/2025\/06\/A-FONTICA-rouge-web.jpg","datePublished":"2025-06-09T16:06:59+00:00","dateModified":"2025-06-09T16:07:02+00:00","description":"El hierro fundido rara vez se utiliza en la fabricaci\u00f3n de estufas de pellets. Invicta innova colocando un cuerpo calefactor completamente de hierro","breadcrumb":{"@id":"https:\/\/dev.invicta.wp19.axome.cc\/es\/produit\/estufa-de-pellets-estanca-fontica-8\/#breadcrumb"},"inLanguage":"es","potentialAction":[{"@type":"ReadAction","target":["https:\/\/dev.invicta.wp19.axome.cc\/es\/produit\/estufa-de-pellets-estanca-fontica-8\/"]}]},{"@type":"ImageObject","inLanguage":"es","@id":"https:\/\/dev.invicta.wp19.axome.cc\/es\/produit\/estufa-de-pellets-estanca-fontica-8\/#primaryimage","url":"https:\/\/dev.invicta.wp19.axome.cc\/wp-content\/uploads\/2025\/06\/A-FONTICA-rouge-web.jpg","contentUrl":"https:\/\/dev.invicta.wp19.axome.cc\/wp-content\/uploads\/2025\/06\/A-FONTICA-rouge-web.jpg","width":1440,"height":879,"caption":"Po\u00eale \u00e0 granul\u00e9s \u00e9tanche Fontica 8 rouge WiFi - Ventilation d\u00e9sactivable"},{"@type":"BreadcrumbList","@id":"https:\/\/dev.invicta.wp19.axome.cc\/es\/produit\/estufa-de-pellets-estanca-fontica-8\/#breadcrumb","itemListElement":[{"@type":"ListItem","position":1,"name":"Inicio","item":"https:\/\/dev.invicta.wp19.axome.cc\/es\/"},{"@type":"ListItem","position":2,"name":"Productos","item":"https:\/\/dev.invicta.wp19.axome.cc\/es\/shop\/"},{"@type":"ListItem","position":3,"name":"Estufa de pellets estanca Fontica 8"}]},{"@type":"WebSite","@id":"https:\/\/dev.invicta.wp19.axome.cc\/es\/#website","url":"https:\/\/dev.invicta.wp19.axome.cc\/es\/","name":"Invicta","description":"Fabricant fran\u00e7ais, sp\u00e9cialiste europ\u00e9en du chauffage au bois : po\u00eales \u00e0 bois et \u00e0 granul\u00e9s, chemin\u00e9es, foyers et inserts","publisher":{"@id":"https:\/\/dev.invicta.wp19.axome.cc\/es\/#organization"},"potentialAction":[{"@type":"SearchAction","target":{"@type":"EntryPoint","urlTemplate":"https:\/\/dev.invicta.wp19.axome.cc\/es\/?s={search_term_string}"},"query-input":{"@type":"PropertyValueSpecification","valueRequired":true,"valueName":"search_term_string"}}],"inLanguage":"es"},{"@type":"Organization","@id":"https:\/\/dev.invicta.wp19.axome.cc\/es\/#organization","name":"Invicta","url":"https:\/\/dev.invicta.wp19.axome.cc\/es\/","logo":{"@type":"ImageObject","inLanguage":"es","@id":"https:\/\/dev.invicta.wp19.axome.cc\/es\/#\/schema\/logo\/image\/","url":"https:\/\/www.invicta.fr\/wp-content\/uploads\/2019\/06\/INVICTALOGO_RVB.png","contentUrl":"https:\/\/www.invicta.fr\/wp-content\/uploads\/2019\/06\/INVICTALOGO_RVB.png","width":1810,"height":1280,"caption":"Invicta"},"image":{"@id":"https:\/\/dev.invicta.wp19.axome.cc\/es\/#\/schema\/logo\/image\/"}}]}},"_links":{"self":[{"href":"https:\/\/dev.invicta.wp19.axome.cc\/es\/wp-json\/wp\/v2\/product\/69383","targetHints":{"allow":["GET"]}}],"collection":[{"href":"https:\/\/dev.invicta.wp19.axome.cc\/es\/wp-json\/wp\/v2\/product"}],"about":[{"href":"https:\/\/dev.invicta.wp19.axome.cc\/es\/wp-json\/wp\/v2\/types\/product"}],"wp:featuredmedia":[{"embeddable":true,"href":"https:\/\/dev.invicta.wp19.axome.cc\/es\/wp-json\/wp\/v2\/media\/67976"}],"wp:attachment":[{"href":"https:\/\/dev.invicta.wp19.axome.cc\/es\/wp-json\/wp\/v2\/media?parent=69383"}],"wp:term":[{"taxonomy":"product_brand","embeddable":true,"href":"https:\/\/dev.invicta.wp19.axome.cc\/es\/wp-json\/wp\/v2\/product_brand?post=69383"},{"taxonomy":"product_cat","embeddable":true,"href":"https:\/\/dev.invicta.wp19.axome.cc\/es\/wp-json\/wp\/v2\/product_cat?post=69383"},{"taxonomy":"product_tag","embeddable":true,"href":"https:\/\/dev.invicta.wp19.axome.cc\/es\/wp-json\/wp\/v2\/product_tag?post=69383"},{"taxonomy":"plus_produit","embeddable":true,"href":"https:\/\/dev.invicta.wp19.axome.cc\/es\/wp-json\/wp\/v2\/plus_produit?post=69383"}],"curies":[{"name":"wp","href":"https:\/\/api.w.org\/{rel}","templated":true}]}}