{"id":69389,"date":"2025-11-26T08:06:55","date_gmt":"2025-06-09T16:06:59","guid":{"rendered":"https:\/\/dev.invicta.wp19.axome.cc\/produit\/estufa-de-pellet-mirano-8-wifi\/"},"modified":"2025-06-09T18:07:08","modified_gmt":"2025-06-09T16:07:08","slug":"estufa-de-pellet-mirano-8-wifi","status":"publish","type":"product","link":"https:\/\/dev.invicta.wp19.axome.cc\/es\/produit\/estufa-de-pellet-mirano-8-wifi\/","title":{"rendered":"Estufa de pellet Mirano 8 Wifi"},"content":{"rendered":"<p>Precio asequible, altas prestaciones, control desde tu smartphone, \u00a1no lo dudes m\u00e1s y disfruta de la comodidad del pellet!<\/p>\n","protected":false},"excerpt":{"rendered":"<p>Precio asequible, altas prestaciones, control desde tu smartphone, \u00a1no lo dudes m\u00e1s y disfruta de la comodidad del pellet!<\/p>\n","protected":false},"featured_media":0,"template":"","meta":{"_acf_changed":false},"product_brand":[],"product_cat":[],"product_tag":[2301,2303,2317,6459,7048,6833],"plus_produit":[6841,2524,2309,8049,8050,2296,2633,6447],"class_list":{"1":"product","5":"product_tag-flamme-verte-7","6":"product_tag-eco-design-2022-es","7":"product_tag-ecoetiqueta-a","8":"product_tag-wifi-estandar","9":"product_tag-y-garantia-de-3-anos","10":"product_tag-y-garantie-extension-1an-esp","11":"pa_capacite-de-la-tremie-15-kg-es","12":"pa_consommation-0-69-1-86-3-2","13":"pa_depart-des-fumees-detras","14":"pa_modulation-de-puissance-31-a-8-kw","15":"pa_surface-de-chauffe-30-a-100-m-es","16":"pa_taux-de-co-0-0141-2","17":"pa_volume-de-chauffe-75-a-240-m-es","18":"plus_produit-extension-de-garantie-1-an-esp","19":"plus_produit-ideal-para-presupuestos-ajustados","20":"plus_produit-posibilidad-de-control-por-termostato-externo-no-incluido","21":"plus_produit-programmation-horaire-pre-enregistree-3","22":"plus_produit-regulation-de-la-puissance-11-ou-de-la-temperature-ambiante-3","23":"plus_produit-salida-de-aire-caliente-por-ventilador","24":"plus_produit-stand-by-espera","25":"plus_produit-wi-fi-incorporado","27":"first","28":"instock","29":"purchasable","30":"product-type-simple"},"acf":[],"yoast_head":"<!-- This site is optimized with the Yoast SEO plugin v24.7 - https:\/\/yoast.com\/wordpress\/plugins\/seo\/ -->\n<title>Estufa de pellet Mirano 8 Wifi - Invicta<\/title>\n<meta name=\"description\" content=\"Precio asequible, altas prestaciones, control desde tu smartphone, \u00a1no lo dudes m\u00e1s y disfruta de la comodidad del pellet!\" \/>\n<meta name=\"robots\" content=\"index, follow, max-snippet:-1, max-image-preview:large, max-video-preview:-1\" \/>\n<link rel=\"canonical\" href=\"https:\/\/dev.invicta.wp19.axome.cc\/es\/produit\/estufa-de-pellet-mirano-8-wifi\/\" \/>\n<meta property=\"og:locale\" content=\"es_ES\" \/>\n<meta property=\"og:type\" content=\"article\" \/>\n<meta property=\"og:title\" content=\"Estufa de pellet Mirano 8 Wifi - Invicta\" \/>\n<meta property=\"og:description\" content=\"Precio asequible, altas prestaciones, control desde tu smartphone, \u00a1no lo dudes m\u00e1s y disfruta de la comodidad del pellet!\" \/>\n<meta property=\"og:url\" content=\"https:\/\/dev.invicta.wp19.axome.cc\/es\/produit\/estufa-de-pellet-mirano-8-wifi\/\" \/>\n<meta property=\"og:site_name\" content=\"Invicta\" \/>\n<meta property=\"article:modified_time\" content=\"2025-06-09T16:07:08+00:00\" \/>\n<meta name=\"twitter:card\" content=\"summary_large_image\" \/>\n<script type=\"application\/ld+json\" class=\"yoast-schema-graph\">{\"@context\":\"https:\/\/schema.org\",\"@graph\":[{\"@type\":\"WebPage\",\"@id\":\"https:\/\/dev.invicta.wp19.axome.cc\/es\/produit\/estufa-de-pellet-mirano-8-wifi\/\",\"url\":\"https:\/\/dev.invicta.wp19.axome.cc\/es\/produit\/estufa-de-pellet-mirano-8-wifi\/\",\"name\":\"Estufa de pellet Mirano 8 Wifi - Invicta\",\"isPartOf\":{\"@id\":\"https:\/\/dev.invicta.wp19.axome.cc\/es\/#website\"},\"datePublished\":\"2025-06-09T16:06:59+00:00\",\"dateModified\":\"2025-06-09T16:07:08+00:00\",\"description\":\"Precio asequible, altas prestaciones, control desde tu smartphone, \u00a1no lo dudes m\u00e1s y disfruta de la comodidad del pellet!\",\"breadcrumb\":{\"@id\":\"https:\/\/dev.invicta.wp19.axome.cc\/es\/produit\/estufa-de-pellet-mirano-8-wifi\/#breadcrumb\"},\"inLanguage\":\"es\",\"potentialAction\":[{\"@type\":\"ReadAction\",\"target\":[\"https:\/\/dev.invicta.wp19.axome.cc\/es\/produit\/estufa-de-pellet-mirano-8-wifi\/\"]}]},{\"@type\":\"BreadcrumbList\",\"@id\":\"https:\/\/dev.invicta.wp19.axome.cc\/es\/produit\/estufa-de-pellet-mirano-8-wifi\/#breadcrumb\",\"itemListElement\":[{\"@type\":\"ListItem\",\"position\":1,\"name\":\"Inicio\",\"item\":\"https:\/\/dev.invicta.wp19.axome.cc\/es\/\"},{\"@type\":\"ListItem\",\"position\":2,\"name\":\"Productos\",\"item\":\"https:\/\/dev.invicta.wp19.axome.cc\/es\/shop\/\"},{\"@type\":\"ListItem\",\"position\":3,\"name\":\"Estufa de pellet Mirano 8 Wifi\"}]},{\"@type\":\"WebSite\",\"@id\":\"https:\/\/dev.invicta.wp19.axome.cc\/es\/#website\",\"url\":\"https:\/\/dev.invicta.wp19.axome.cc\/es\/\",\"name\":\"Invicta\",\"description\":\"Fabricant fran\u00e7ais, sp\u00e9cialiste europ\u00e9en du chauffage au bois : po\u00eales \u00e0 bois et \u00e0 granul\u00e9s, chemin\u00e9es, foyers et inserts\",\"publisher\":{\"@id\":\"https:\/\/dev.invicta.wp19.axome.cc\/es\/#organization\"},\"potentialAction\":[{\"@type\":\"SearchAction\",\"target\":{\"@type\":\"EntryPoint\",\"urlTemplate\":\"https:\/\/dev.invicta.wp19.axome.cc\/es\/?s={search_term_string}\"},\"query-input\":{\"@type\":\"PropertyValueSpecification\",\"valueRequired\":true,\"valueName\":\"search_term_string\"}}],\"inLanguage\":\"es\"},{\"@type\":\"Organization\",\"@id\":\"https:\/\/dev.invicta.wp19.axome.cc\/es\/#organization\",\"name\":\"Invicta\",\"url\":\"https:\/\/dev.invicta.wp19.axome.cc\/es\/\",\"logo\":{\"@type\":\"ImageObject\",\"inLanguage\":\"es\",\"@id\":\"https:\/\/dev.invicta.wp19.axome.cc\/es\/#\/schema\/logo\/image\/\",\"url\":\"https:\/\/www.invicta.fr\/wp-content\/uploads\/2019\/06\/INVICTALOGO_RVB.png\",\"contentUrl\":\"https:\/\/www.invicta.fr\/wp-content\/uploads\/2019\/06\/INVICTALOGO_RVB.png\",\"width\":1810,\"height\":1280,\"caption\":\"Invicta\"},\"image\":{\"@id\":\"https:\/\/dev.invicta.wp19.axome.cc\/es\/#\/schema\/logo\/image\/\"}}]}<\/script>\n<!-- \/ Yoast SEO plugin. -->","yoast_head_json":{"title":"Estufa de pellet Mirano 8 Wifi - Invicta","description":"Precio asequible, altas prestaciones, control desde tu smartphone, \u00a1no lo dudes m\u00e1s y disfruta de la comodidad del pellet!","robots":{"index":"index","follow":"follow","max-snippet":"max-snippet:-1","max-image-preview":"max-image-preview:large","max-video-preview":"max-video-preview:-1"},"canonical":"https:\/\/dev.invicta.wp19.axome.cc\/es\/produit\/estufa-de-pellet-mirano-8-wifi\/","og_locale":"es_ES","og_type":"article","og_title":"Estufa de pellet Mirano 8 Wifi - Invicta","og_description":"Precio asequible, altas prestaciones, control desde tu smartphone, \u00a1no lo dudes m\u00e1s y disfruta de la comodidad del pellet!","og_url":"https:\/\/dev.invicta.wp19.axome.cc\/es\/produit\/estufa-de-pellet-mirano-8-wifi\/","og_site_name":"Invicta","article_modified_time":"2025-06-09T16:07:08+00:00","twitter_card":"summary_large_image","schema":{"@context":"https:\/\/schema.org","@graph":[{"@type":"WebPage","@id":"https:\/\/dev.invicta.wp19.axome.cc\/es\/produit\/estufa-de-pellet-mirano-8-wifi\/","url":"https:\/\/dev.invicta.wp19.axome.cc\/es\/produit\/estufa-de-pellet-mirano-8-wifi\/","name":"Estufa de pellet Mirano 8 Wifi - Invicta","isPartOf":{"@id":"https:\/\/dev.invicta.wp19.axome.cc\/es\/#website"},"datePublished":"2025-06-09T16:06:59+00:00","dateModified":"2025-06-09T16:07:08+00:00","description":"Precio asequible, altas prestaciones, control desde tu smartphone, \u00a1no lo dudes m\u00e1s y disfruta de la comodidad del pellet!","breadcrumb":{"@id":"https:\/\/dev.invicta.wp19.axome.cc\/es\/produit\/estufa-de-pellet-mirano-8-wifi\/#breadcrumb"},"inLanguage":"es","potentialAction":[{"@type":"ReadAction","target":["https:\/\/dev.invicta.wp19.axome.cc\/es\/produit\/estufa-de-pellet-mirano-8-wifi\/"]}]},{"@type":"BreadcrumbList","@id":"https:\/\/dev.invicta.wp19.axome.cc\/es\/produit\/estufa-de-pellet-mirano-8-wifi\/#breadcrumb","itemListElement":[{"@type":"ListItem","position":1,"name":"Inicio","item":"https:\/\/dev.invicta.wp19.axome.cc\/es\/"},{"@type":"ListItem","position":2,"name":"Productos","item":"https:\/\/dev.invicta.wp19.axome.cc\/es\/shop\/"},{"@type":"ListItem","position":3,"name":"Estufa de pellet Mirano 8 Wifi"}]},{"@type":"WebSite","@id":"https:\/\/dev.invicta.wp19.axome.cc\/es\/#website","url":"https:\/\/dev.invicta.wp19.axome.cc\/es\/","name":"Invicta","description":"Fabricant fran\u00e7ais, sp\u00e9cialiste europ\u00e9en du chauffage au bois : po\u00eales \u00e0 bois et \u00e0 granul\u00e9s, chemin\u00e9es, foyers et inserts","publisher":{"@id":"https:\/\/dev.invicta.wp19.axome.cc\/es\/#organization"},"potentialAction":[{"@type":"SearchAction","target":{"@type":"EntryPoint","urlTemplate":"https:\/\/dev.invicta.wp19.axome.cc\/es\/?s={search_term_string}"},"query-input":{"@type":"PropertyValueSpecification","valueRequired":true,"valueName":"search_term_string"}}],"inLanguage":"es"},{"@type":"Organization","@id":"https:\/\/dev.invicta.wp19.axome.cc\/es\/#organization","name":"Invicta","url":"https:\/\/dev.invicta.wp19.axome.cc\/es\/","logo":{"@type":"ImageObject","inLanguage":"es","@id":"https:\/\/dev.invicta.wp19.axome.cc\/es\/#\/schema\/logo\/image\/","url":"https:\/\/www.invicta.fr\/wp-content\/uploads\/2019\/06\/INVICTALOGO_RVB.png","contentUrl":"https:\/\/www.invicta.fr\/wp-content\/uploads\/2019\/06\/INVICTALOGO_RVB.png","width":1810,"height":1280,"caption":"Invicta"},"image":{"@id":"https:\/\/dev.invicta.wp19.axome.cc\/es\/#\/schema\/logo\/image\/"}}]}},"_links":{"self":[{"href":"https:\/\/dev.invicta.wp19.axome.cc\/es\/wp-json\/wp\/v2\/product\/69389","targetHints":{"allow":["GET"]}}],"collection":[{"href":"https:\/\/dev.invicta.wp19.axome.cc\/es\/wp-json\/wp\/v2\/product"}],"about":[{"href":"https:\/\/dev.invicta.wp19.axome.cc\/es\/wp-json\/wp\/v2\/types\/product"}],"wp:attachment":[{"href":"https:\/\/dev.invicta.wp19.axome.cc\/es\/wp-json\/wp\/v2\/media?parent=69389"}],"wp:term":[{"taxonomy":"product_brand","embeddable":true,"href":"https:\/\/dev.invicta.wp19.axome.cc\/es\/wp-json\/wp\/v2\/product_brand?post=69389"},{"taxonomy":"product_cat","embeddable":true,"href":"https:\/\/dev.invicta.wp19.axome.cc\/es\/wp-json\/wp\/v2\/product_cat?post=69389"},{"taxonomy":"product_tag","embeddable":true,"href":"https:\/\/dev.invicta.wp19.axome.cc\/es\/wp-json\/wp\/v2\/product_tag?post=69389"},{"taxonomy":"plus_produit","embeddable":true,"href":"https:\/\/dev.invicta.wp19.axome.cc\/es\/wp-json\/wp\/v2\/plus_produit?post=69389"}],"curies":[{"name":"wp","href":"https:\/\/api.w.org\/{rel}","templated":true}]}}