{"id":69395,"date":"2025-11-26T08:21:28","date_gmt":"2025-11-26T10:18:02","guid":{"rendered":"https:\/\/dev.invicta.wp19.axome.cc\/produit\/estufa-de-lena-de-hierro-fundido-brio-sobre-bancada-conectable\/"},"modified":"2025-11-26T12:18:02","modified_gmt":"2025-11-26T11:18:02","slug":"estufa-de-lena-de-hierro-fundido-brio-sobre-bancada-conectable","status":"publish","type":"product","link":"https:\/\/dev.invicta.wp19.axome.cc\/es\/produit\/estufa-de-lena-de-hierro-fundido-brio-sobre-bancada-conectable\/","title":{"rendered":"Estufa de le\u00f1a de hierro fundido Brio sobre bancada conectable"},"content":{"rendered":"<h3>Descubre en v\u00eddeo<\/h3>\n<p><iframe title=\"Invicta Brio banc EN\" width=\"500\" height=\"281\" src=\"https:\/\/www.youtube.com\/embed\/oaGu5m-LZJ4?feature=oembed\" frameborder=\"0\" allow=\"accelerometer; autoplay; clipboard-write; encrypted-media; gyroscope; picture-in-picture; web-share\" referrerpolicy=\"strict-origin-when-cross-origin\" allowfullscreen><\/iframe><\/p>\n","protected":false},"excerpt":{"rendered":"<p>He aqu\u00ed una interpretaci\u00f3n original del espect\u00e1culo de fuego encarnado brillantemente por este nuevo d\u00fao. El banco de acero de aspecto limpio abraza la forma de la llamativa estufa de hierro fundido para montar un espect\u00e1culo en su sala de estar. Dise\u00f1o: B. Dequet. El conducto de escape que se muestra en la imagen no se incluye con la estufa.<\/p>\n","protected":false},"featured_media":68093,"template":"","meta":{"_acf_changed":false},"product_brand":[],"product_cat":[2293,2733,2470,6150,6148,6149,6145,6151,6146,6147],"product_tag":[2301,2303,2305,2607,2299,2295,2843,7048,7049],"plus_produit":[8041,2377,2840,2265,6144,2284,6838,2263],"class_list":{"1":"product","4":"has-post-thumbnail","6":"product_cat-ayuda-en-la-eleccion","7":"product_cat-estufas-de-lena","8":"product_cat-estufa-de-lena-de-hierro-fundido-y-acero","9":"product_cat-estufas-de-lena-troncos-50-cm","10":"product_cat-estufas-de-lena-de-7-kw","11":"product_cat-estufas-de-lena-contemporaneas","12":"product_cat-estufas-de-lena-de-diseno","13":"product_cat-estufas-de-lena-industriales","14":"product_cat-estufas-de-lena-modernas","15":"product_cat-estufas-de-lena-redondas","16":"product_tag-flamme-verte-7","17":"product_tag-eco-design-2022-es","18":"product_tag-certificacion-ecolabel-a","19":"product_tag-conectable-estanco","20":"product_tag-100-hierro-fundido","21":"product_tag-post-combustion-es","22":"product_tag-conectable","23":"product_tag-y-garantia-de-3-anos","24":"product_tag-y-garantie-extension-2ans-por","25":"pa_consommation-de-053-a-222-kg-hora","26":"pa_depart-des-fumees-parte-superior","27":"pa_indice-de-performance-100-es","28":"pa_surface-de-chauffe-de-40-a-85-m","29":"pa_volume-de-chauffe-100-210-m-es","30":"plus_produit-100-fonte-3","31":"plus_produit-combustion-prolongada","32":"plus_produit-conectable","33":"plus_produit-vidrio-limpio","34":"plus_produit-cuidado-diseno","35":"plus_produit-garantia-de-origen-frances","36":"plus_produit-garantia-extendida-3-anos","37":"plus_produit-sistema-de-post-combustion","39":"first","40":"instock","41":"purchasable","42":"product-type-simple"},"acf":[],"yoast_head":"<!-- This site is optimized with the Yoast SEO plugin v24.7 - https:\/\/yoast.com\/wordpress\/plugins\/seo\/ -->\n<title>Estufa de le\u00f1a de hierro fundido Brio sobre bancada conectable - Invicta<\/title>\n<meta name=\"description\" content=\"He aqu\u00ed una interpretaci\u00f3n original del espect\u00e1culo de fuego encarnado brillantemente por este nuevo d\u00fao. El banco de acero de aspecto limpio abraza la forma de la llamativa estufa de hierro fundido para montar un espect\u00e1culo en su sala de estar. Dise\u00f1o: B. Dequet. El conducto de escape que se muestra en la imagen no se incluye con la estufa.\" \/>\n<meta name=\"robots\" content=\"index, follow, max-snippet:-1, max-image-preview:large, max-video-preview:-1\" \/>\n<link rel=\"canonical\" href=\"https:\/\/dev.invicta.wp19.axome.cc\/es\/produit\/estufa-de-lena-de-hierro-fundido-brio-sobre-bancada-conectable\/\" \/>\n<meta property=\"og:locale\" content=\"es_ES\" \/>\n<meta property=\"og:type\" content=\"article\" \/>\n<meta property=\"og:title\" content=\"Estufa de le\u00f1a de hierro fundido Brio sobre bancada conectable - Invicta\" \/>\n<meta property=\"og:description\" content=\"He aqu\u00ed una interpretaci\u00f3n original del espect\u00e1culo de fuego encarnado brillantemente por este nuevo d\u00fao. El banco de acero de aspecto limpio abraza la forma de la llamativa estufa de hierro fundido para montar un espect\u00e1culo en su sala de estar. Dise\u00f1o: B. Dequet. El conducto de escape que se muestra en la imagen no se incluye con la estufa.\" \/>\n<meta property=\"og:url\" content=\"https:\/\/dev.invicta.wp19.axome.cc\/es\/produit\/estufa-de-lena-de-hierro-fundido-brio-sobre-bancada-conectable\/\" \/>\n<meta property=\"og:site_name\" content=\"Invicta\" \/>\n<meta property=\"article:modified_time\" content=\"2025-11-26T11:18:02+00:00\" \/>\n<meta property=\"og:image\" content=\"https:\/\/dev.invicta.wp19.axome.cc\/wp-content\/uploads\/2025\/06\/A1-BRIO-SUR-BANC.jpg\" \/>\n\t<meta property=\"og:image:width\" content=\"1440\" \/>\n\t<meta property=\"og:image:height\" content=\"1018\" \/>\n\t<meta property=\"og:image:type\" content=\"image\/jpeg\" \/>\n<meta name=\"twitter:card\" content=\"summary_large_image\" \/>\n<script type=\"application\/ld+json\" class=\"yoast-schema-graph\">{\"@context\":\"https:\/\/schema.org\",\"@graph\":[{\"@type\":\"WebPage\",\"@id\":\"https:\/\/dev.invicta.wp19.axome.cc\/es\/produit\/estufa-de-lena-de-hierro-fundido-brio-sobre-bancada-conectable\/\",\"url\":\"https:\/\/dev.invicta.wp19.axome.cc\/es\/produit\/estufa-de-lena-de-hierro-fundido-brio-sobre-bancada-conectable\/\",\"name\":\"Estufa de le\u00f1a de hierro fundido Brio sobre bancada conectable - Invicta\",\"isPartOf\":{\"@id\":\"https:\/\/dev.invicta.wp19.axome.cc\/es\/#website\"},\"primaryImageOfPage\":{\"@id\":\"https:\/\/dev.invicta.wp19.axome.cc\/es\/produit\/estufa-de-lena-de-hierro-fundido-brio-sobre-bancada-conectable\/#primaryimage\"},\"image\":{\"@id\":\"https:\/\/dev.invicta.wp19.axome.cc\/es\/produit\/estufa-de-lena-de-hierro-fundido-brio-sobre-bancada-conectable\/#primaryimage\"},\"thumbnailUrl\":\"https:\/\/dev.invicta.wp19.axome.cc\/wp-content\/uploads\/2025\/06\/A1-BRIO-SUR-BANC.jpg\",\"datePublished\":\"2025-11-26T10:18:02+00:00\",\"dateModified\":\"2025-11-26T11:18:02+00:00\",\"description\":\"He aqu\u00ed una interpretaci\u00f3n original del espect\u00e1culo de fuego encarnado brillantemente por este nuevo d\u00fao. El banco de acero de aspecto limpio abraza la forma de la llamativa estufa de hierro fundido para montar un espect\u00e1culo en su sala de estar. Dise\u00f1o: B. Dequet. El conducto de escape que se muestra en la imagen no se incluye con la estufa.\",\"breadcrumb\":{\"@id\":\"https:\/\/dev.invicta.wp19.axome.cc\/es\/produit\/estufa-de-lena-de-hierro-fundido-brio-sobre-bancada-conectable\/#breadcrumb\"},\"inLanguage\":\"es\",\"potentialAction\":[{\"@type\":\"ReadAction\",\"target\":[\"https:\/\/dev.invicta.wp19.axome.cc\/es\/produit\/estufa-de-lena-de-hierro-fundido-brio-sobre-bancada-conectable\/\"]}]},{\"@type\":\"ImageObject\",\"inLanguage\":\"es\",\"@id\":\"https:\/\/dev.invicta.wp19.axome.cc\/es\/produit\/estufa-de-lena-de-hierro-fundido-brio-sobre-bancada-conectable\/#primaryimage\",\"url\":\"https:\/\/dev.invicta.wp19.axome.cc\/wp-content\/uploads\/2025\/06\/A1-BRIO-SUR-BANC.jpg\",\"contentUrl\":\"https:\/\/dev.invicta.wp19.axome.cc\/wp-content\/uploads\/2025\/06\/A1-BRIO-SUR-BANC.jpg\",\"width\":1440,\"height\":1018},{\"@type\":\"BreadcrumbList\",\"@id\":\"https:\/\/dev.invicta.wp19.axome.cc\/es\/produit\/estufa-de-lena-de-hierro-fundido-brio-sobre-bancada-conectable\/#breadcrumb\",\"itemListElement\":[{\"@type\":\"ListItem\",\"position\":1,\"name\":\"Inicio\",\"item\":\"https:\/\/dev.invicta.wp19.axome.cc\/es\/\"},{\"@type\":\"ListItem\",\"position\":2,\"name\":\"Productos\",\"item\":\"https:\/\/dev.invicta.wp19.axome.cc\/es\/shop\/\"},{\"@type\":\"ListItem\",\"position\":3,\"name\":\"Estufas de le\u00f1a\",\"item\":\"https:\/\/dev.invicta.wp19.axome.cc\/es\/categorie-produit\/estufas-de-lena\/\"},{\"@type\":\"ListItem\",\"position\":4,\"name\":\"Estufas de le\u00f1a de hierro fundido y acero\",\"item\":\"https:\/\/dev.invicta.wp19.axome.cc\/es\/categorie-produit\/estufas-de-lena\/estufa-de-lena-de-hierro-fundido-y-acero\/\"},{\"@type\":\"ListItem\",\"position\":5,\"name\":\"Estufa de le\u00f1a de hierro fundido Brio sobre bancada conectable\"}]},{\"@type\":\"WebSite\",\"@id\":\"https:\/\/dev.invicta.wp19.axome.cc\/es\/#website\",\"url\":\"https:\/\/dev.invicta.wp19.axome.cc\/es\/\",\"name\":\"Invicta\",\"description\":\"Fabricant fran\u00e7ais, sp\u00e9cialiste europ\u00e9en du chauffage au bois : po\u00eales \u00e0 bois et \u00e0 granul\u00e9s, chemin\u00e9es, foyers et inserts\",\"publisher\":{\"@id\":\"https:\/\/dev.invicta.wp19.axome.cc\/es\/#organization\"},\"potentialAction\":[{\"@type\":\"SearchAction\",\"target\":{\"@type\":\"EntryPoint\",\"urlTemplate\":\"https:\/\/dev.invicta.wp19.axome.cc\/es\/?s={search_term_string}\"},\"query-input\":{\"@type\":\"PropertyValueSpecification\",\"valueRequired\":true,\"valueName\":\"search_term_string\"}}],\"inLanguage\":\"es\"},{\"@type\":\"Organization\",\"@id\":\"https:\/\/dev.invicta.wp19.axome.cc\/es\/#organization\",\"name\":\"Invicta\",\"url\":\"https:\/\/dev.invicta.wp19.axome.cc\/es\/\",\"logo\":{\"@type\":\"ImageObject\",\"inLanguage\":\"es\",\"@id\":\"https:\/\/dev.invicta.wp19.axome.cc\/es\/#\/schema\/logo\/image\/\",\"url\":\"https:\/\/www.invicta.fr\/wp-content\/uploads\/2019\/06\/INVICTALOGO_RVB.png\",\"contentUrl\":\"https:\/\/www.invicta.fr\/wp-content\/uploads\/2019\/06\/INVICTALOGO_RVB.png\",\"width\":1810,\"height\":1280,\"caption\":\"Invicta\"},\"image\":{\"@id\":\"https:\/\/dev.invicta.wp19.axome.cc\/es\/#\/schema\/logo\/image\/\"}}]}<\/script>\n<!-- \/ Yoast SEO plugin. -->","yoast_head_json":{"title":"Estufa de le\u00f1a de hierro fundido Brio sobre bancada conectable - Invicta","description":"He aqu\u00ed una interpretaci\u00f3n original del espect\u00e1culo de fuego encarnado brillantemente por este nuevo d\u00fao. El banco de acero de aspecto limpio abraza la forma de la llamativa estufa de hierro fundido para montar un espect\u00e1culo en su sala de estar. Dise\u00f1o: B. Dequet. El conducto de escape que se muestra en la imagen no se incluye con la estufa.","robots":{"index":"index","follow":"follow","max-snippet":"max-snippet:-1","max-image-preview":"max-image-preview:large","max-video-preview":"max-video-preview:-1"},"canonical":"https:\/\/dev.invicta.wp19.axome.cc\/es\/produit\/estufa-de-lena-de-hierro-fundido-brio-sobre-bancada-conectable\/","og_locale":"es_ES","og_type":"article","og_title":"Estufa de le\u00f1a de hierro fundido Brio sobre bancada conectable - Invicta","og_description":"He aqu\u00ed una interpretaci\u00f3n original del espect\u00e1culo de fuego encarnado brillantemente por este nuevo d\u00fao. El banco de acero de aspecto limpio abraza la forma de la llamativa estufa de hierro fundido para montar un espect\u00e1culo en su sala de estar. Dise\u00f1o: B. Dequet. El conducto de escape que se muestra en la imagen no se incluye con la estufa.","og_url":"https:\/\/dev.invicta.wp19.axome.cc\/es\/produit\/estufa-de-lena-de-hierro-fundido-brio-sobre-bancada-conectable\/","og_site_name":"Invicta","article_modified_time":"2025-11-26T11:18:02+00:00","og_image":[{"width":1440,"height":1018,"url":"https:\/\/dev.invicta.wp19.axome.cc\/wp-content\/uploads\/2025\/06\/A1-BRIO-SUR-BANC.jpg","type":"image\/jpeg"}],"twitter_card":"summary_large_image","schema":{"@context":"https:\/\/schema.org","@graph":[{"@type":"WebPage","@id":"https:\/\/dev.invicta.wp19.axome.cc\/es\/produit\/estufa-de-lena-de-hierro-fundido-brio-sobre-bancada-conectable\/","url":"https:\/\/dev.invicta.wp19.axome.cc\/es\/produit\/estufa-de-lena-de-hierro-fundido-brio-sobre-bancada-conectable\/","name":"Estufa de le\u00f1a de hierro fundido Brio sobre bancada conectable - Invicta","isPartOf":{"@id":"https:\/\/dev.invicta.wp19.axome.cc\/es\/#website"},"primaryImageOfPage":{"@id":"https:\/\/dev.invicta.wp19.axome.cc\/es\/produit\/estufa-de-lena-de-hierro-fundido-brio-sobre-bancada-conectable\/#primaryimage"},"image":{"@id":"https:\/\/dev.invicta.wp19.axome.cc\/es\/produit\/estufa-de-lena-de-hierro-fundido-brio-sobre-bancada-conectable\/#primaryimage"},"thumbnailUrl":"https:\/\/dev.invicta.wp19.axome.cc\/wp-content\/uploads\/2025\/06\/A1-BRIO-SUR-BANC.jpg","datePublished":"2025-11-26T10:18:02+00:00","dateModified":"2025-11-26T11:18:02+00:00","description":"He aqu\u00ed una interpretaci\u00f3n original del espect\u00e1culo de fuego encarnado brillantemente por este nuevo d\u00fao. El banco de acero de aspecto limpio abraza la forma de la llamativa estufa de hierro fundido para montar un espect\u00e1culo en su sala de estar. Dise\u00f1o: B. Dequet. El conducto de escape que se muestra en la imagen no se incluye con la estufa.","breadcrumb":{"@id":"https:\/\/dev.invicta.wp19.axome.cc\/es\/produit\/estufa-de-lena-de-hierro-fundido-brio-sobre-bancada-conectable\/#breadcrumb"},"inLanguage":"es","potentialAction":[{"@type":"ReadAction","target":["https:\/\/dev.invicta.wp19.axome.cc\/es\/produit\/estufa-de-lena-de-hierro-fundido-brio-sobre-bancada-conectable\/"]}]},{"@type":"ImageObject","inLanguage":"es","@id":"https:\/\/dev.invicta.wp19.axome.cc\/es\/produit\/estufa-de-lena-de-hierro-fundido-brio-sobre-bancada-conectable\/#primaryimage","url":"https:\/\/dev.invicta.wp19.axome.cc\/wp-content\/uploads\/2025\/06\/A1-BRIO-SUR-BANC.jpg","contentUrl":"https:\/\/dev.invicta.wp19.axome.cc\/wp-content\/uploads\/2025\/06\/A1-BRIO-SUR-BANC.jpg","width":1440,"height":1018},{"@type":"BreadcrumbList","@id":"https:\/\/dev.invicta.wp19.axome.cc\/es\/produit\/estufa-de-lena-de-hierro-fundido-brio-sobre-bancada-conectable\/#breadcrumb","itemListElement":[{"@type":"ListItem","position":1,"name":"Inicio","item":"https:\/\/dev.invicta.wp19.axome.cc\/es\/"},{"@type":"ListItem","position":2,"name":"Productos","item":"https:\/\/dev.invicta.wp19.axome.cc\/es\/shop\/"},{"@type":"ListItem","position":3,"name":"Estufas de le\u00f1a","item":"https:\/\/dev.invicta.wp19.axome.cc\/es\/categorie-produit\/estufas-de-lena\/"},{"@type":"ListItem","position":4,"name":"Estufas de le\u00f1a de hierro fundido y acero","item":"https:\/\/dev.invicta.wp19.axome.cc\/es\/categorie-produit\/estufas-de-lena\/estufa-de-lena-de-hierro-fundido-y-acero\/"},{"@type":"ListItem","position":5,"name":"Estufa de le\u00f1a de hierro fundido Brio sobre bancada conectable"}]},{"@type":"WebSite","@id":"https:\/\/dev.invicta.wp19.axome.cc\/es\/#website","url":"https:\/\/dev.invicta.wp19.axome.cc\/es\/","name":"Invicta","description":"Fabricant fran\u00e7ais, sp\u00e9cialiste europ\u00e9en du chauffage au bois : po\u00eales \u00e0 bois et \u00e0 granul\u00e9s, chemin\u00e9es, foyers et inserts","publisher":{"@id":"https:\/\/dev.invicta.wp19.axome.cc\/es\/#organization"},"potentialAction":[{"@type":"SearchAction","target":{"@type":"EntryPoint","urlTemplate":"https:\/\/dev.invicta.wp19.axome.cc\/es\/?s={search_term_string}"},"query-input":{"@type":"PropertyValueSpecification","valueRequired":true,"valueName":"search_term_string"}}],"inLanguage":"es"},{"@type":"Organization","@id":"https:\/\/dev.invicta.wp19.axome.cc\/es\/#organization","name":"Invicta","url":"https:\/\/dev.invicta.wp19.axome.cc\/es\/","logo":{"@type":"ImageObject","inLanguage":"es","@id":"https:\/\/dev.invicta.wp19.axome.cc\/es\/#\/schema\/logo\/image\/","url":"https:\/\/www.invicta.fr\/wp-content\/uploads\/2019\/06\/INVICTALOGO_RVB.png","contentUrl":"https:\/\/www.invicta.fr\/wp-content\/uploads\/2019\/06\/INVICTALOGO_RVB.png","width":1810,"height":1280,"caption":"Invicta"},"image":{"@id":"https:\/\/dev.invicta.wp19.axome.cc\/es\/#\/schema\/logo\/image\/"}}]}},"_links":{"self":[{"href":"https:\/\/dev.invicta.wp19.axome.cc\/es\/wp-json\/wp\/v2\/product\/69395","targetHints":{"allow":["GET"]}}],"collection":[{"href":"https:\/\/dev.invicta.wp19.axome.cc\/es\/wp-json\/wp\/v2\/product"}],"about":[{"href":"https:\/\/dev.invicta.wp19.axome.cc\/es\/wp-json\/wp\/v2\/types\/product"}],"wp:featuredmedia":[{"embeddable":true,"href":"https:\/\/dev.invicta.wp19.axome.cc\/es\/wp-json\/wp\/v2\/media\/68093"}],"wp:attachment":[{"href":"https:\/\/dev.invicta.wp19.axome.cc\/es\/wp-json\/wp\/v2\/media?parent=69395"}],"wp:term":[{"taxonomy":"product_brand","embeddable":true,"href":"https:\/\/dev.invicta.wp19.axome.cc\/es\/wp-json\/wp\/v2\/product_brand?post=69395"},{"taxonomy":"product_cat","embeddable":true,"href":"https:\/\/dev.invicta.wp19.axome.cc\/es\/wp-json\/wp\/v2\/product_cat?post=69395"},{"taxonomy":"product_tag","embeddable":true,"href":"https:\/\/dev.invicta.wp19.axome.cc\/es\/wp-json\/wp\/v2\/product_tag?post=69395"},{"taxonomy":"plus_produit","embeddable":true,"href":"https:\/\/dev.invicta.wp19.axome.cc\/es\/wp-json\/wp\/v2\/plus_produit?post=69395"}],"curies":[{"name":"wp","href":"https:\/\/api.w.org\/{rel}","templated":true}]}}