{"id":69398,"date":"2025-11-26T08:22:36","date_gmt":"2025-11-26T10:19:10","guid":{"rendered":"https:\/\/dev.invicta.wp19.axome.cc\/produit\/estufa-de-lena-de-hierro-fundido-wilson-connectable\/"},"modified":"2025-11-26T12:19:12","modified_gmt":"2025-11-26T11:19:12","slug":"estufa-de-lena-de-hierro-fundido-wilson-connectable","status":"publish","type":"product","link":"https:\/\/dev.invicta.wp19.axome.cc\/es\/produit\/estufa-de-lena-de-hierro-fundido-wilson-connectable\/","title":{"rendered":"Estufa de le\u00f1a de hierro fundido Wilson connectable"},"content":{"rendered":"","protected":false},"excerpt":{"rendered":"<p>Reduzca su factura de calefacci\u00f3n con la estufa de le\u00f1a Wilson de alta eficiencia. Adem\u00e1s de calentarte de manera eficiente, esta versi\u00f3n con su dise\u00f1o elegante, modernizar\u00e1 tu interior. Entregado con 50 cm de tubo.<\/p>\n","protected":false},"featured_media":68101,"template":"","meta":{"_acf_changed":false},"product_brand":[],"product_cat":[2293,2733,2470,6150,6187,6149,6151,6146],"product_tag":[2301,2303,2305,2607,2299,2295,2843,7048,7049],"plus_produit":[8041,2287,2377,2840,2265,2284,6838,2819,2263],"class_list":{"1":"product","4":"has-post-thumbnail","6":"product_cat-ayuda-en-la-eleccion","7":"product_cat-estufas-de-lena","8":"product_cat-estufa-de-lena-de-hierro-fundido-y-acero","9":"product_cat-estufas-de-lena-troncos-50-cm","10":"product_cat-estufas-de-lena-de-8-kw","11":"product_cat-estufas-de-lena-contemporaneas","12":"product_cat-estufas-de-lena-industriales","13":"product_cat-estufas-de-lena-modernas","14":"product_tag-flamme-verte-7","15":"product_tag-eco-design-2022-es","16":"product_tag-certificacion-ecolabel-a","17":"product_tag-conectable-estanco","18":"product_tag-100-hierro-fundido","19":"product_tag-post-combustion-es","20":"product_tag-conectable","21":"product_tag-y-garantia-de-3-anos","22":"product_tag-y-garantie-extension-2ans-por","23":"pa_consommation-de-053-a-222-kg-hora","24":"pa_depart-des-fumees-parte-superior","25":"pa_indice-de-performance-100-es","26":"pa_surface-de-chauffe-de-40-a-100-m","27":"pa_volume-de-chauffe-de-105-a-240-m","28":"plus_produit-100-fonte-3","29":"plus_produit-aire-secundario-regulable","30":"plus_produit-combustion-prolongada","31":"plus_produit-conectable","32":"plus_produit-vidrio-limpio","33":"plus_produit-garantia-de-origen-frances","34":"plus_produit-garantia-extendida-3-anos","35":"plus_produit-revestimiento-de-vermiculita","36":"plus_produit-sistema-de-post-combustion","38":"first","39":"instock","40":"purchasable","41":"product-type-simple"},"acf":[],"yoast_head":"<!-- This site is optimized with the Yoast SEO plugin v24.7 - https:\/\/yoast.com\/wordpress\/plugins\/seo\/ -->\n<title>Estufa de le\u00f1a de hierro fundido Wilson connectable - Invicta<\/title>\n<meta name=\"description\" content=\"Reduzca su factura de calefacci\u00f3n con la estufa de le\u00f1a Wilson de alta eficiencia. Adem\u00e1s de calentarte de manera eficiente, esta versi\u00f3n con su dise\u00f1o elegante, modernizar\u00e1 tu interior. Entregado con 50 cm de tubo.\" \/>\n<meta name=\"robots\" content=\"index, follow, max-snippet:-1, max-image-preview:large, max-video-preview:-1\" \/>\n<link rel=\"canonical\" href=\"https:\/\/dev.invicta.wp19.axome.cc\/es\/produit\/estufa-de-lena-de-hierro-fundido-wilson-connectable\/\" \/>\n<meta property=\"og:locale\" content=\"es_ES\" \/>\n<meta property=\"og:type\" content=\"article\" \/>\n<meta property=\"og:title\" content=\"Estufa de le\u00f1a de hierro fundido Wilson connectable - Invicta\" \/>\n<meta property=\"og:description\" content=\"Reduzca su factura de calefacci\u00f3n con la estufa de le\u00f1a Wilson de alta eficiencia. Adem\u00e1s de calentarte de manera eficiente, esta versi\u00f3n con su dise\u00f1o elegante, modernizar\u00e1 tu interior. Entregado con 50 cm de tubo.\" \/>\n<meta property=\"og:url\" content=\"https:\/\/dev.invicta.wp19.axome.cc\/es\/produit\/estufa-de-lena-de-hierro-fundido-wilson-connectable\/\" \/>\n<meta property=\"og:site_name\" content=\"Invicta\" \/>\n<meta property=\"article:modified_time\" content=\"2025-11-26T11:19:12+00:00\" \/>\n<meta property=\"og:image\" content=\"https:\/\/dev.invicta.wp19.axome.cc\/wp-content\/uploads\/2025\/06\/C-P648204-WILSON-POSER-WEB-2.jpg\" \/>\n\t<meta property=\"og:image:width\" content=\"939\" \/>\n\t<meta property=\"og:image:height\" content=\"800\" \/>\n\t<meta property=\"og:image:type\" content=\"image\/jpeg\" \/>\n<meta name=\"twitter:card\" content=\"summary_large_image\" \/>\n<script type=\"application\/ld+json\" class=\"yoast-schema-graph\">{\"@context\":\"https:\/\/schema.org\",\"@graph\":[{\"@type\":\"WebPage\",\"@id\":\"https:\/\/dev.invicta.wp19.axome.cc\/es\/produit\/estufa-de-lena-de-hierro-fundido-wilson-connectable\/\",\"url\":\"https:\/\/dev.invicta.wp19.axome.cc\/es\/produit\/estufa-de-lena-de-hierro-fundido-wilson-connectable\/\",\"name\":\"Estufa de le\u00f1a de hierro fundido Wilson connectable - Invicta\",\"isPartOf\":{\"@id\":\"https:\/\/dev.invicta.wp19.axome.cc\/es\/#website\"},\"primaryImageOfPage\":{\"@id\":\"https:\/\/dev.invicta.wp19.axome.cc\/es\/produit\/estufa-de-lena-de-hierro-fundido-wilson-connectable\/#primaryimage\"},\"image\":{\"@id\":\"https:\/\/dev.invicta.wp19.axome.cc\/es\/produit\/estufa-de-lena-de-hierro-fundido-wilson-connectable\/#primaryimage\"},\"thumbnailUrl\":\"https:\/\/dev.invicta.wp19.axome.cc\/wp-content\/uploads\/2025\/06\/C-P648204-WILSON-POSER-WEB-2.jpg\",\"datePublished\":\"2025-11-26T10:19:10+00:00\",\"dateModified\":\"2025-11-26T11:19:12+00:00\",\"description\":\"Reduzca su factura de calefacci\u00f3n con la estufa de le\u00f1a Wilson de alta eficiencia. Adem\u00e1s de calentarte de manera eficiente, esta versi\u00f3n con su dise\u00f1o elegante, modernizar\u00e1 tu interior. Entregado con 50 cm de tubo.\",\"breadcrumb\":{\"@id\":\"https:\/\/dev.invicta.wp19.axome.cc\/es\/produit\/estufa-de-lena-de-hierro-fundido-wilson-connectable\/#breadcrumb\"},\"inLanguage\":\"es\",\"potentialAction\":[{\"@type\":\"ReadAction\",\"target\":[\"https:\/\/dev.invicta.wp19.axome.cc\/es\/produit\/estufa-de-lena-de-hierro-fundido-wilson-connectable\/\"]}]},{\"@type\":\"ImageObject\",\"inLanguage\":\"es\",\"@id\":\"https:\/\/dev.invicta.wp19.axome.cc\/es\/produit\/estufa-de-lena-de-hierro-fundido-wilson-connectable\/#primaryimage\",\"url\":\"https:\/\/dev.invicta.wp19.axome.cc\/wp-content\/uploads\/2025\/06\/C-P648204-WILSON-POSER-WEB-2.jpg\",\"contentUrl\":\"https:\/\/dev.invicta.wp19.axome.cc\/wp-content\/uploads\/2025\/06\/C-P648204-WILSON-POSER-WEB-2.jpg\",\"width\":939,\"height\":800,\"caption\":\"Po\u00eale \u00e0 bois en fonte Wilson \u00e0 poser - Raccordable\"},{\"@type\":\"BreadcrumbList\",\"@id\":\"https:\/\/dev.invicta.wp19.axome.cc\/es\/produit\/estufa-de-lena-de-hierro-fundido-wilson-connectable\/#breadcrumb\",\"itemListElement\":[{\"@type\":\"ListItem\",\"position\":1,\"name\":\"Inicio\",\"item\":\"https:\/\/dev.invicta.wp19.axome.cc\/es\/\"},{\"@type\":\"ListItem\",\"position\":2,\"name\":\"Productos\",\"item\":\"https:\/\/dev.invicta.wp19.axome.cc\/es\/shop\/\"},{\"@type\":\"ListItem\",\"position\":3,\"name\":\"Estufas de le\u00f1a\",\"item\":\"https:\/\/dev.invicta.wp19.axome.cc\/es\/categorie-produit\/estufas-de-lena\/\"},{\"@type\":\"ListItem\",\"position\":4,\"name\":\"Estufas de le\u00f1a de hierro fundido y acero\",\"item\":\"https:\/\/dev.invicta.wp19.axome.cc\/es\/categorie-produit\/estufas-de-lena\/estufa-de-lena-de-hierro-fundido-y-acero\/\"},{\"@type\":\"ListItem\",\"position\":5,\"name\":\"Estufa de le\u00f1a de hierro fundido Wilson connectable\"}]},{\"@type\":\"WebSite\",\"@id\":\"https:\/\/dev.invicta.wp19.axome.cc\/es\/#website\",\"url\":\"https:\/\/dev.invicta.wp19.axome.cc\/es\/\",\"name\":\"Invicta\",\"description\":\"Fabricant fran\u00e7ais, sp\u00e9cialiste europ\u00e9en du chauffage au bois : po\u00eales \u00e0 bois et \u00e0 granul\u00e9s, chemin\u00e9es, foyers et inserts\",\"publisher\":{\"@id\":\"https:\/\/dev.invicta.wp19.axome.cc\/es\/#organization\"},\"potentialAction\":[{\"@type\":\"SearchAction\",\"target\":{\"@type\":\"EntryPoint\",\"urlTemplate\":\"https:\/\/dev.invicta.wp19.axome.cc\/es\/?s={search_term_string}\"},\"query-input\":{\"@type\":\"PropertyValueSpecification\",\"valueRequired\":true,\"valueName\":\"search_term_string\"}}],\"inLanguage\":\"es\"},{\"@type\":\"Organization\",\"@id\":\"https:\/\/dev.invicta.wp19.axome.cc\/es\/#organization\",\"name\":\"Invicta\",\"url\":\"https:\/\/dev.invicta.wp19.axome.cc\/es\/\",\"logo\":{\"@type\":\"ImageObject\",\"inLanguage\":\"es\",\"@id\":\"https:\/\/dev.invicta.wp19.axome.cc\/es\/#\/schema\/logo\/image\/\",\"url\":\"https:\/\/www.invicta.fr\/wp-content\/uploads\/2019\/06\/INVICTALOGO_RVB.png\",\"contentUrl\":\"https:\/\/www.invicta.fr\/wp-content\/uploads\/2019\/06\/INVICTALOGO_RVB.png\",\"width\":1810,\"height\":1280,\"caption\":\"Invicta\"},\"image\":{\"@id\":\"https:\/\/dev.invicta.wp19.axome.cc\/es\/#\/schema\/logo\/image\/\"}}]}<\/script>\n<!-- \/ Yoast SEO plugin. -->","yoast_head_json":{"title":"Estufa de le\u00f1a de hierro fundido Wilson connectable - Invicta","description":"Reduzca su factura de calefacci\u00f3n con la estufa de le\u00f1a Wilson de alta eficiencia. Adem\u00e1s de calentarte de manera eficiente, esta versi\u00f3n con su dise\u00f1o elegante, modernizar\u00e1 tu interior. Entregado con 50 cm de tubo.","robots":{"index":"index","follow":"follow","max-snippet":"max-snippet:-1","max-image-preview":"max-image-preview:large","max-video-preview":"max-video-preview:-1"},"canonical":"https:\/\/dev.invicta.wp19.axome.cc\/es\/produit\/estufa-de-lena-de-hierro-fundido-wilson-connectable\/","og_locale":"es_ES","og_type":"article","og_title":"Estufa de le\u00f1a de hierro fundido Wilson connectable - Invicta","og_description":"Reduzca su factura de calefacci\u00f3n con la estufa de le\u00f1a Wilson de alta eficiencia. Adem\u00e1s de calentarte de manera eficiente, esta versi\u00f3n con su dise\u00f1o elegante, modernizar\u00e1 tu interior. Entregado con 50 cm de tubo.","og_url":"https:\/\/dev.invicta.wp19.axome.cc\/es\/produit\/estufa-de-lena-de-hierro-fundido-wilson-connectable\/","og_site_name":"Invicta","article_modified_time":"2025-11-26T11:19:12+00:00","og_image":[{"width":939,"height":800,"url":"https:\/\/dev.invicta.wp19.axome.cc\/wp-content\/uploads\/2025\/06\/C-P648204-WILSON-POSER-WEB-2.jpg","type":"image\/jpeg"}],"twitter_card":"summary_large_image","schema":{"@context":"https:\/\/schema.org","@graph":[{"@type":"WebPage","@id":"https:\/\/dev.invicta.wp19.axome.cc\/es\/produit\/estufa-de-lena-de-hierro-fundido-wilson-connectable\/","url":"https:\/\/dev.invicta.wp19.axome.cc\/es\/produit\/estufa-de-lena-de-hierro-fundido-wilson-connectable\/","name":"Estufa de le\u00f1a de hierro fundido Wilson connectable - Invicta","isPartOf":{"@id":"https:\/\/dev.invicta.wp19.axome.cc\/es\/#website"},"primaryImageOfPage":{"@id":"https:\/\/dev.invicta.wp19.axome.cc\/es\/produit\/estufa-de-lena-de-hierro-fundido-wilson-connectable\/#primaryimage"},"image":{"@id":"https:\/\/dev.invicta.wp19.axome.cc\/es\/produit\/estufa-de-lena-de-hierro-fundido-wilson-connectable\/#primaryimage"},"thumbnailUrl":"https:\/\/dev.invicta.wp19.axome.cc\/wp-content\/uploads\/2025\/06\/C-P648204-WILSON-POSER-WEB-2.jpg","datePublished":"2025-11-26T10:19:10+00:00","dateModified":"2025-11-26T11:19:12+00:00","description":"Reduzca su factura de calefacci\u00f3n con la estufa de le\u00f1a Wilson de alta eficiencia. Adem\u00e1s de calentarte de manera eficiente, esta versi\u00f3n con su dise\u00f1o elegante, modernizar\u00e1 tu interior. Entregado con 50 cm de tubo.","breadcrumb":{"@id":"https:\/\/dev.invicta.wp19.axome.cc\/es\/produit\/estufa-de-lena-de-hierro-fundido-wilson-connectable\/#breadcrumb"},"inLanguage":"es","potentialAction":[{"@type":"ReadAction","target":["https:\/\/dev.invicta.wp19.axome.cc\/es\/produit\/estufa-de-lena-de-hierro-fundido-wilson-connectable\/"]}]},{"@type":"ImageObject","inLanguage":"es","@id":"https:\/\/dev.invicta.wp19.axome.cc\/es\/produit\/estufa-de-lena-de-hierro-fundido-wilson-connectable\/#primaryimage","url":"https:\/\/dev.invicta.wp19.axome.cc\/wp-content\/uploads\/2025\/06\/C-P648204-WILSON-POSER-WEB-2.jpg","contentUrl":"https:\/\/dev.invicta.wp19.axome.cc\/wp-content\/uploads\/2025\/06\/C-P648204-WILSON-POSER-WEB-2.jpg","width":939,"height":800,"caption":"Po\u00eale \u00e0 bois en fonte Wilson \u00e0 poser - Raccordable"},{"@type":"BreadcrumbList","@id":"https:\/\/dev.invicta.wp19.axome.cc\/es\/produit\/estufa-de-lena-de-hierro-fundido-wilson-connectable\/#breadcrumb","itemListElement":[{"@type":"ListItem","position":1,"name":"Inicio","item":"https:\/\/dev.invicta.wp19.axome.cc\/es\/"},{"@type":"ListItem","position":2,"name":"Productos","item":"https:\/\/dev.invicta.wp19.axome.cc\/es\/shop\/"},{"@type":"ListItem","position":3,"name":"Estufas de le\u00f1a","item":"https:\/\/dev.invicta.wp19.axome.cc\/es\/categorie-produit\/estufas-de-lena\/"},{"@type":"ListItem","position":4,"name":"Estufas de le\u00f1a de hierro fundido y acero","item":"https:\/\/dev.invicta.wp19.axome.cc\/es\/categorie-produit\/estufas-de-lena\/estufa-de-lena-de-hierro-fundido-y-acero\/"},{"@type":"ListItem","position":5,"name":"Estufa de le\u00f1a de hierro fundido Wilson connectable"}]},{"@type":"WebSite","@id":"https:\/\/dev.invicta.wp19.axome.cc\/es\/#website","url":"https:\/\/dev.invicta.wp19.axome.cc\/es\/","name":"Invicta","description":"Fabricant fran\u00e7ais, sp\u00e9cialiste europ\u00e9en du chauffage au bois : po\u00eales \u00e0 bois et \u00e0 granul\u00e9s, chemin\u00e9es, foyers et inserts","publisher":{"@id":"https:\/\/dev.invicta.wp19.axome.cc\/es\/#organization"},"potentialAction":[{"@type":"SearchAction","target":{"@type":"EntryPoint","urlTemplate":"https:\/\/dev.invicta.wp19.axome.cc\/es\/?s={search_term_string}"},"query-input":{"@type":"PropertyValueSpecification","valueRequired":true,"valueName":"search_term_string"}}],"inLanguage":"es"},{"@type":"Organization","@id":"https:\/\/dev.invicta.wp19.axome.cc\/es\/#organization","name":"Invicta","url":"https:\/\/dev.invicta.wp19.axome.cc\/es\/","logo":{"@type":"ImageObject","inLanguage":"es","@id":"https:\/\/dev.invicta.wp19.axome.cc\/es\/#\/schema\/logo\/image\/","url":"https:\/\/www.invicta.fr\/wp-content\/uploads\/2019\/06\/INVICTALOGO_RVB.png","contentUrl":"https:\/\/www.invicta.fr\/wp-content\/uploads\/2019\/06\/INVICTALOGO_RVB.png","width":1810,"height":1280,"caption":"Invicta"},"image":{"@id":"https:\/\/dev.invicta.wp19.axome.cc\/es\/#\/schema\/logo\/image\/"}}]}},"_links":{"self":[{"href":"https:\/\/dev.invicta.wp19.axome.cc\/es\/wp-json\/wp\/v2\/product\/69398","targetHints":{"allow":["GET"]}}],"collection":[{"href":"https:\/\/dev.invicta.wp19.axome.cc\/es\/wp-json\/wp\/v2\/product"}],"about":[{"href":"https:\/\/dev.invicta.wp19.axome.cc\/es\/wp-json\/wp\/v2\/types\/product"}],"wp:featuredmedia":[{"embeddable":true,"href":"https:\/\/dev.invicta.wp19.axome.cc\/es\/wp-json\/wp\/v2\/media\/68101"}],"wp:attachment":[{"href":"https:\/\/dev.invicta.wp19.axome.cc\/es\/wp-json\/wp\/v2\/media?parent=69398"}],"wp:term":[{"taxonomy":"product_brand","embeddable":true,"href":"https:\/\/dev.invicta.wp19.axome.cc\/es\/wp-json\/wp\/v2\/product_brand?post=69398"},{"taxonomy":"product_cat","embeddable":true,"href":"https:\/\/dev.invicta.wp19.axome.cc\/es\/wp-json\/wp\/v2\/product_cat?post=69398"},{"taxonomy":"product_tag","embeddable":true,"href":"https:\/\/dev.invicta.wp19.axome.cc\/es\/wp-json\/wp\/v2\/product_tag?post=69398"},{"taxonomy":"plus_produit","embeddable":true,"href":"https:\/\/dev.invicta.wp19.axome.cc\/es\/wp-json\/wp\/v2\/plus_produit?post=69398"}],"curies":[{"name":"wp","href":"https:\/\/api.w.org\/{rel}","templated":true}]}}