{"id":69402,"date":"2025-11-26T08:31:03","date_gmt":"2025-11-26T11:34:41","guid":{"rendered":"https:\/\/dev.invicta.wp19.axome.cc\/produit\/estufa-de-acero-boree\/"},"modified":"2025-11-26T13:34:43","modified_gmt":"2025-11-26T12:34:43","slug":"estufa-acero-boree","status":"publish","type":"product","link":"https:\/\/dev.invicta.wp19.axome.cc\/es\/produit\/estufa-acero-boree\/","title":{"rendered":"Estufa de acero Bor\u00e9e"},"content":{"rendered":"","protected":false},"excerpt":{"rendered":"<p>El estilo aireado y refinado de la estufa Bor\u00e9e realza el espect\u00e1culo de las llamas y libera espacio para almacenar le\u00f1a. Bor\u00e9e: \u00a1dise\u00f1o a un precio asequible! Aqu\u00ed, los otros modelos de la nueva gama de estufas de le\u00f1a de acero contempor\u00e1neas.<\/p>\n","protected":false},"featured_media":68111,"template":"","meta":{"_acf_changed":false},"product_brand":[],"product_cat":[2293,2733,6148,6187,6149,6145,6146],"product_tag":[2301,2303,2305,2295,7048,7049],"plus_produit":[2287,2265,6838,2786,2263,6316],"class_list":{"1":"product","4":"has-post-thumbnail","6":"product_cat-ayuda-en-la-eleccion","7":"product_cat-estufas-de-lena","8":"product_cat-estufas-de-lena-de-7-kw","9":"product_cat-estufas-de-lena-de-8-kw","10":"product_cat-estufas-de-lena-contemporaneas","11":"product_cat-estufas-de-lena-de-diseno","12":"product_cat-estufas-de-lena-modernas","13":"product_tag-flamme-verte-7","14":"product_tag-eco-design-2022-es","15":"product_tag-certificacion-ecolabel-a","16":"product_tag-post-combustion-es","17":"product_tag-y-garantia-de-3-anos","18":"product_tag-y-garantie-extension-2ans-por","19":"pa_combustible-recommande-33-2-3","20":"pa_consommation-de-053-a-222-kg-hora","21":"pa_depart-des-fumees-parte-superior","22":"pa_diametre-de-buse-153-2-3","23":"pa_indice-de-performance-105-es","24":"plus_produit-aire-secundario-regulable","25":"plus_produit-vidrio-limpio","26":"plus_produit-garantia-extendida-3-anos","27":"plus_produit-intermitente","28":"plus_produit-sistema-de-post-combustion","29":"plus_produit-vermiculita-de-alta-densidad","31":"first","32":"instock","33":"purchasable","34":"product-type-simple"},"acf":[],"yoast_head":"<!-- This site is optimized with the Yoast SEO plugin v24.7 - https:\/\/yoast.com\/wordpress\/plugins\/seo\/ -->\n<title>Estufa de acero Bor\u00e9e - Invicta<\/title>\n<meta name=\"description\" content=\"El estilo aireado y refinado de la estufa Bor\u00e9e realza el espect\u00e1culo de las llamas y libera espacio para almacenar le\u00f1a. Bor\u00e9e: \u00a1dise\u00f1o a un precio asequible! Aqu\u00ed, los otros modelos de la nueva gama de estufas de le\u00f1a de acero contempor\u00e1neas.\" \/>\n<meta name=\"robots\" content=\"index, follow, max-snippet:-1, max-image-preview:large, max-video-preview:-1\" \/>\n<link rel=\"canonical\" href=\"https:\/\/dev.invicta.wp19.axome.cc\/es\/produit\/estufa-acero-boree\/\" \/>\n<meta property=\"og:locale\" content=\"es_ES\" \/>\n<meta property=\"og:type\" content=\"article\" \/>\n<meta property=\"og:title\" content=\"Estufa de acero Bor\u00e9e - Invicta\" \/>\n<meta property=\"og:description\" content=\"El estilo aireado y refinado de la estufa Bor\u00e9e realza el espect\u00e1culo de las llamas y libera espacio para almacenar le\u00f1a. Bor\u00e9e: \u00a1dise\u00f1o a un precio asequible! Aqu\u00ed, los otros modelos de la nueva gama de estufas de le\u00f1a de acero contempor\u00e1neas.\" \/>\n<meta property=\"og:url\" content=\"https:\/\/dev.invicta.wp19.axome.cc\/es\/produit\/estufa-acero-boree\/\" \/>\n<meta property=\"og:site_name\" content=\"Invicta\" \/>\n<meta property=\"article:modified_time\" content=\"2025-11-26T12:34:43+00:00\" \/>\n<meta property=\"og:image\" content=\"https:\/\/dev.invicta.wp19.axome.cc\/wp-content\/uploads\/2025\/06\/C-BOREE-flammes-web.jpg\" \/>\n\t<meta property=\"og:image:width\" content=\"764\" \/>\n\t<meta property=\"og:image:height\" content=\"1080\" \/>\n\t<meta property=\"og:image:type\" content=\"image\/jpeg\" \/>\n<meta name=\"twitter:card\" content=\"summary_large_image\" \/>\n<script type=\"application\/ld+json\" class=\"yoast-schema-graph\">{\"@context\":\"https:\/\/schema.org\",\"@graph\":[{\"@type\":\"WebPage\",\"@id\":\"https:\/\/dev.invicta.wp19.axome.cc\/es\/produit\/estufa-acero-boree\/\",\"url\":\"https:\/\/dev.invicta.wp19.axome.cc\/es\/produit\/estufa-acero-boree\/\",\"name\":\"Estufa de acero Bor\u00e9e - Invicta\",\"isPartOf\":{\"@id\":\"https:\/\/dev.invicta.wp19.axome.cc\/es\/#website\"},\"primaryImageOfPage\":{\"@id\":\"https:\/\/dev.invicta.wp19.axome.cc\/es\/produit\/estufa-acero-boree\/#primaryimage\"},\"image\":{\"@id\":\"https:\/\/dev.invicta.wp19.axome.cc\/es\/produit\/estufa-acero-boree\/#primaryimage\"},\"thumbnailUrl\":\"https:\/\/dev.invicta.wp19.axome.cc\/wp-content\/uploads\/2025\/06\/C-BOREE-flammes-web.jpg\",\"datePublished\":\"2025-11-26T11:34:41+00:00\",\"dateModified\":\"2025-11-26T12:34:43+00:00\",\"description\":\"El estilo aireado y refinado de la estufa Bor\u00e9e realza el espect\u00e1culo de las llamas y libera espacio para almacenar le\u00f1a. Bor\u00e9e: \u00a1dise\u00f1o a un precio asequible! Aqu\u00ed, los otros modelos de la nueva gama de estufas de le\u00f1a de acero contempor\u00e1neas.\",\"breadcrumb\":{\"@id\":\"https:\/\/dev.invicta.wp19.axome.cc\/es\/produit\/estufa-acero-boree\/#breadcrumb\"},\"inLanguage\":\"es\",\"potentialAction\":[{\"@type\":\"ReadAction\",\"target\":[\"https:\/\/dev.invicta.wp19.axome.cc\/es\/produit\/estufa-acero-boree\/\"]}]},{\"@type\":\"ImageObject\",\"inLanguage\":\"es\",\"@id\":\"https:\/\/dev.invicta.wp19.axome.cc\/es\/produit\/estufa-acero-boree\/#primaryimage\",\"url\":\"https:\/\/dev.invicta.wp19.axome.cc\/wp-content\/uploads\/2025\/06\/C-BOREE-flammes-web.jpg\",\"contentUrl\":\"https:\/\/dev.invicta.wp19.axome.cc\/wp-content\/uploads\/2025\/06\/C-BOREE-flammes-web.jpg\",\"width\":764,\"height\":1080,\"caption\":\"Po\u00eale \u00e0 bois en acier Bor\u00e9e\"},{\"@type\":\"BreadcrumbList\",\"@id\":\"https:\/\/dev.invicta.wp19.axome.cc\/es\/produit\/estufa-acero-boree\/#breadcrumb\",\"itemListElement\":[{\"@type\":\"ListItem\",\"position\":1,\"name\":\"Inicio\",\"item\":\"https:\/\/dev.invicta.wp19.axome.cc\/es\/\"},{\"@type\":\"ListItem\",\"position\":2,\"name\":\"Productos\",\"item\":\"https:\/\/dev.invicta.wp19.axome.cc\/es\/shop\/\"},{\"@type\":\"ListItem\",\"position\":3,\"name\":\"Ayuda en la elecci\u00f3n\",\"item\":\"https:\/\/dev.invicta.wp19.axome.cc\/es\/categorie-produit\/ayuda-en-la-eleccion\/\"},{\"@type\":\"ListItem\",\"position\":4,\"name\":\"Estufa de acero Bor\u00e9e\"}]},{\"@type\":\"WebSite\",\"@id\":\"https:\/\/dev.invicta.wp19.axome.cc\/es\/#website\",\"url\":\"https:\/\/dev.invicta.wp19.axome.cc\/es\/\",\"name\":\"Invicta\",\"description\":\"Fabricant fran\u00e7ais, sp\u00e9cialiste europ\u00e9en du chauffage au bois : po\u00eales \u00e0 bois et \u00e0 granul\u00e9s, chemin\u00e9es, foyers et inserts\",\"publisher\":{\"@id\":\"https:\/\/dev.invicta.wp19.axome.cc\/es\/#organization\"},\"potentialAction\":[{\"@type\":\"SearchAction\",\"target\":{\"@type\":\"EntryPoint\",\"urlTemplate\":\"https:\/\/dev.invicta.wp19.axome.cc\/es\/?s={search_term_string}\"},\"query-input\":{\"@type\":\"PropertyValueSpecification\",\"valueRequired\":true,\"valueName\":\"search_term_string\"}}],\"inLanguage\":\"es\"},{\"@type\":\"Organization\",\"@id\":\"https:\/\/dev.invicta.wp19.axome.cc\/es\/#organization\",\"name\":\"Invicta\",\"url\":\"https:\/\/dev.invicta.wp19.axome.cc\/es\/\",\"logo\":{\"@type\":\"ImageObject\",\"inLanguage\":\"es\",\"@id\":\"https:\/\/dev.invicta.wp19.axome.cc\/es\/#\/schema\/logo\/image\/\",\"url\":\"https:\/\/www.invicta.fr\/wp-content\/uploads\/2019\/06\/INVICTALOGO_RVB.png\",\"contentUrl\":\"https:\/\/www.invicta.fr\/wp-content\/uploads\/2019\/06\/INVICTALOGO_RVB.png\",\"width\":1810,\"height\":1280,\"caption\":\"Invicta\"},\"image\":{\"@id\":\"https:\/\/dev.invicta.wp19.axome.cc\/es\/#\/schema\/logo\/image\/\"}}]}<\/script>\n<!-- \/ Yoast SEO plugin. -->","yoast_head_json":{"title":"Estufa de acero Bor\u00e9e - Invicta","description":"El estilo aireado y refinado de la estufa Bor\u00e9e realza el espect\u00e1culo de las llamas y libera espacio para almacenar le\u00f1a. Bor\u00e9e: \u00a1dise\u00f1o a un precio asequible! Aqu\u00ed, los otros modelos de la nueva gama de estufas de le\u00f1a de acero contempor\u00e1neas.","robots":{"index":"index","follow":"follow","max-snippet":"max-snippet:-1","max-image-preview":"max-image-preview:large","max-video-preview":"max-video-preview:-1"},"canonical":"https:\/\/dev.invicta.wp19.axome.cc\/es\/produit\/estufa-acero-boree\/","og_locale":"es_ES","og_type":"article","og_title":"Estufa de acero Bor\u00e9e - Invicta","og_description":"El estilo aireado y refinado de la estufa Bor\u00e9e realza el espect\u00e1culo de las llamas y libera espacio para almacenar le\u00f1a. Bor\u00e9e: \u00a1dise\u00f1o a un precio asequible! Aqu\u00ed, los otros modelos de la nueva gama de estufas de le\u00f1a de acero contempor\u00e1neas.","og_url":"https:\/\/dev.invicta.wp19.axome.cc\/es\/produit\/estufa-acero-boree\/","og_site_name":"Invicta","article_modified_time":"2025-11-26T12:34:43+00:00","og_image":[{"width":764,"height":1080,"url":"https:\/\/dev.invicta.wp19.axome.cc\/wp-content\/uploads\/2025\/06\/C-BOREE-flammes-web.jpg","type":"image\/jpeg"}],"twitter_card":"summary_large_image","schema":{"@context":"https:\/\/schema.org","@graph":[{"@type":"WebPage","@id":"https:\/\/dev.invicta.wp19.axome.cc\/es\/produit\/estufa-acero-boree\/","url":"https:\/\/dev.invicta.wp19.axome.cc\/es\/produit\/estufa-acero-boree\/","name":"Estufa de acero Bor\u00e9e - Invicta","isPartOf":{"@id":"https:\/\/dev.invicta.wp19.axome.cc\/es\/#website"},"primaryImageOfPage":{"@id":"https:\/\/dev.invicta.wp19.axome.cc\/es\/produit\/estufa-acero-boree\/#primaryimage"},"image":{"@id":"https:\/\/dev.invicta.wp19.axome.cc\/es\/produit\/estufa-acero-boree\/#primaryimage"},"thumbnailUrl":"https:\/\/dev.invicta.wp19.axome.cc\/wp-content\/uploads\/2025\/06\/C-BOREE-flammes-web.jpg","datePublished":"2025-11-26T11:34:41+00:00","dateModified":"2025-11-26T12:34:43+00:00","description":"El estilo aireado y refinado de la estufa Bor\u00e9e realza el espect\u00e1culo de las llamas y libera espacio para almacenar le\u00f1a. Bor\u00e9e: \u00a1dise\u00f1o a un precio asequible! Aqu\u00ed, los otros modelos de la nueva gama de estufas de le\u00f1a de acero contempor\u00e1neas.","breadcrumb":{"@id":"https:\/\/dev.invicta.wp19.axome.cc\/es\/produit\/estufa-acero-boree\/#breadcrumb"},"inLanguage":"es","potentialAction":[{"@type":"ReadAction","target":["https:\/\/dev.invicta.wp19.axome.cc\/es\/produit\/estufa-acero-boree\/"]}]},{"@type":"ImageObject","inLanguage":"es","@id":"https:\/\/dev.invicta.wp19.axome.cc\/es\/produit\/estufa-acero-boree\/#primaryimage","url":"https:\/\/dev.invicta.wp19.axome.cc\/wp-content\/uploads\/2025\/06\/C-BOREE-flammes-web.jpg","contentUrl":"https:\/\/dev.invicta.wp19.axome.cc\/wp-content\/uploads\/2025\/06\/C-BOREE-flammes-web.jpg","width":764,"height":1080,"caption":"Po\u00eale \u00e0 bois en acier Bor\u00e9e"},{"@type":"BreadcrumbList","@id":"https:\/\/dev.invicta.wp19.axome.cc\/es\/produit\/estufa-acero-boree\/#breadcrumb","itemListElement":[{"@type":"ListItem","position":1,"name":"Inicio","item":"https:\/\/dev.invicta.wp19.axome.cc\/es\/"},{"@type":"ListItem","position":2,"name":"Productos","item":"https:\/\/dev.invicta.wp19.axome.cc\/es\/shop\/"},{"@type":"ListItem","position":3,"name":"Ayuda en la elecci\u00f3n","item":"https:\/\/dev.invicta.wp19.axome.cc\/es\/categorie-produit\/ayuda-en-la-eleccion\/"},{"@type":"ListItem","position":4,"name":"Estufa de acero Bor\u00e9e"}]},{"@type":"WebSite","@id":"https:\/\/dev.invicta.wp19.axome.cc\/es\/#website","url":"https:\/\/dev.invicta.wp19.axome.cc\/es\/","name":"Invicta","description":"Fabricant fran\u00e7ais, sp\u00e9cialiste europ\u00e9en du chauffage au bois : po\u00eales \u00e0 bois et \u00e0 granul\u00e9s, chemin\u00e9es, foyers et inserts","publisher":{"@id":"https:\/\/dev.invicta.wp19.axome.cc\/es\/#organization"},"potentialAction":[{"@type":"SearchAction","target":{"@type":"EntryPoint","urlTemplate":"https:\/\/dev.invicta.wp19.axome.cc\/es\/?s={search_term_string}"},"query-input":{"@type":"PropertyValueSpecification","valueRequired":true,"valueName":"search_term_string"}}],"inLanguage":"es"},{"@type":"Organization","@id":"https:\/\/dev.invicta.wp19.axome.cc\/es\/#organization","name":"Invicta","url":"https:\/\/dev.invicta.wp19.axome.cc\/es\/","logo":{"@type":"ImageObject","inLanguage":"es","@id":"https:\/\/dev.invicta.wp19.axome.cc\/es\/#\/schema\/logo\/image\/","url":"https:\/\/www.invicta.fr\/wp-content\/uploads\/2019\/06\/INVICTALOGO_RVB.png","contentUrl":"https:\/\/www.invicta.fr\/wp-content\/uploads\/2019\/06\/INVICTALOGO_RVB.png","width":1810,"height":1280,"caption":"Invicta"},"image":{"@id":"https:\/\/dev.invicta.wp19.axome.cc\/es\/#\/schema\/logo\/image\/"}}]}},"_links":{"self":[{"href":"https:\/\/dev.invicta.wp19.axome.cc\/es\/wp-json\/wp\/v2\/product\/69402","targetHints":{"allow":["GET"]}}],"collection":[{"href":"https:\/\/dev.invicta.wp19.axome.cc\/es\/wp-json\/wp\/v2\/product"}],"about":[{"href":"https:\/\/dev.invicta.wp19.axome.cc\/es\/wp-json\/wp\/v2\/types\/product"}],"wp:featuredmedia":[{"embeddable":true,"href":"https:\/\/dev.invicta.wp19.axome.cc\/es\/wp-json\/wp\/v2\/media\/68111"}],"wp:attachment":[{"href":"https:\/\/dev.invicta.wp19.axome.cc\/es\/wp-json\/wp\/v2\/media?parent=69402"}],"wp:term":[{"taxonomy":"product_brand","embeddable":true,"href":"https:\/\/dev.invicta.wp19.axome.cc\/es\/wp-json\/wp\/v2\/product_brand?post=69402"},{"taxonomy":"product_cat","embeddable":true,"href":"https:\/\/dev.invicta.wp19.axome.cc\/es\/wp-json\/wp\/v2\/product_cat?post=69402"},{"taxonomy":"product_tag","embeddable":true,"href":"https:\/\/dev.invicta.wp19.axome.cc\/es\/wp-json\/wp\/v2\/product_tag?post=69402"},{"taxonomy":"plus_produit","embeddable":true,"href":"https:\/\/dev.invicta.wp19.axome.cc\/es\/wp-json\/wp\/v2\/plus_produit?post=69402"}],"curies":[{"name":"wp","href":"https:\/\/api.w.org\/{rel}","templated":true}]}}