{"id":69410,"date":"2025-06-09T18:07:18","date_gmt":"2025-06-09T16:07:18","guid":{"rendered":"https:\/\/dev.invicta.wp19.axome.cc\/produit\/chimenea-1100-gv-elevable\/"},"modified":"2025-06-09T18:07:26","modified_gmt":"2025-06-09T16:07:26","slug":"chimenea-1100-gv-elevable","status":"publish","type":"product","link":"https:\/\/dev.invicta.wp19.axome.cc\/es\/produit\/chimenea-1100-gv-elevable\/","title":{"rendered":"Chimenea 1100 GV elevable"},"content":{"rendered":"<p>Con este modelo de gran formato, podr\u00e1 contemplar la hipn\u00f3tica danza de las llamas. Seg\u00fan le apetezca, podr\u00e1 disfrutar de una chimenea abierta o cerrar la puerta.<\/p>\n","protected":false},"excerpt":{"rendered":"<p>Con este modelo de gran formato, podr\u00e1 contemplar la hipn\u00f3tica danza de las llamas. Seg\u00fan le apetezca, podr\u00e1 disfrutar de una chimenea abierta o cerrar la puerta.<\/p>\n","protected":false},"featured_media":69034,"template":"","meta":{"_acf_changed":false},"product_brand":[],"product_cat":[],"product_tag":[2305],"plus_produit":[2265,2284,8045,2279],"class_list":{"1":"product","4":"has-post-thumbnail","6":"product_tag-certificacion-ecolabel-a","7":"pa_indice-de-performance-92-00-3-2","8":"pa_surface-de-chauffe-25-a-70-m-es","9":"pa_taux-de-co-0-2600-2","10":"pa_volume-de-chauffe-min-max-3-2","11":"plus_produit-vidrio-limpio","12":"plus_produit-garantia-de-origen-frances","13":"plus_produit-grand-spectacle-2","14":"plus_produit-puerta-de-doble-apertura","16":"first","17":"instock","18":"product-type-simple"},"acf":[],"yoast_head":"<!-- This site is optimized with the Yoast SEO plugin v24.7 - https:\/\/yoast.com\/wordpress\/plugins\/seo\/ -->\n<title>Chimenea 1100 GV elevable - Invicta<\/title>\n<meta name=\"description\" content=\"Con este modelo de gran formato, podr\u00e1 contemplar la hipn\u00f3tica danza de las llamas. Seg\u00fan le apetezca, podr\u00e1 disfrutar de una chimenea abierta o cerrar la\" \/>\n<meta name=\"robots\" content=\"index, follow, max-snippet:-1, max-image-preview:large, max-video-preview:-1\" \/>\n<link rel=\"canonical\" href=\"https:\/\/dev.invicta.wp19.axome.cc\/es\/produit\/chimenea-1100-gv-elevable\/\" \/>\n<meta property=\"og:locale\" content=\"es_ES\" \/>\n<meta property=\"og:type\" content=\"article\" \/>\n<meta property=\"og:title\" content=\"Chimenea 1100 GV elevable - Invicta\" \/>\n<meta property=\"og:description\" content=\"Con este modelo de gran formato, podr\u00e1 contemplar la hipn\u00f3tica danza de las llamas. Seg\u00fan le apetezca, podr\u00e1 disfrutar de una chimenea abierta o cerrar la\" \/>\n<meta property=\"og:url\" content=\"https:\/\/dev.invicta.wp19.axome.cc\/es\/produit\/chimenea-1100-gv-elevable\/\" \/>\n<meta property=\"og:site_name\" content=\"Invicta\" \/>\n<meta property=\"article:modified_time\" content=\"2025-06-09T16:07:26+00:00\" \/>\n<meta property=\"og:image\" content=\"https:\/\/dev.invicta.wp19.axome.cc\/wp-content\/uploads\/2025\/06\/1100-gv-relev-6811-44_1431969543.jpg\" \/>\n\t<meta property=\"og:image:width\" content=\"610\" \/>\n\t<meta property=\"og:image:height\" content=\"700\" \/>\n\t<meta property=\"og:image:type\" content=\"image\/jpeg\" \/>\n<meta name=\"twitter:card\" content=\"summary_large_image\" \/>\n<script type=\"application\/ld+json\" class=\"yoast-schema-graph\">{\"@context\":\"https:\/\/schema.org\",\"@graph\":[{\"@type\":\"WebPage\",\"@id\":\"https:\/\/dev.invicta.wp19.axome.cc\/es\/produit\/chimenea-1100-gv-elevable\/\",\"url\":\"https:\/\/dev.invicta.wp19.axome.cc\/es\/produit\/chimenea-1100-gv-elevable\/\",\"name\":\"Chimenea 1100 GV elevable - Invicta\",\"isPartOf\":{\"@id\":\"https:\/\/dev.invicta.wp19.axome.cc\/es\/#website\"},\"primaryImageOfPage\":{\"@id\":\"https:\/\/dev.invicta.wp19.axome.cc\/es\/produit\/chimenea-1100-gv-elevable\/#primaryimage\"},\"image\":{\"@id\":\"https:\/\/dev.invicta.wp19.axome.cc\/es\/produit\/chimenea-1100-gv-elevable\/#primaryimage\"},\"thumbnailUrl\":\"https:\/\/dev.invicta.wp19.axome.cc\/wp-content\/uploads\/2025\/06\/1100-gv-relev-6811-44_1431969543.jpg\",\"datePublished\":\"2025-06-09T16:07:18+00:00\",\"dateModified\":\"2025-06-09T16:07:26+00:00\",\"description\":\"Con este modelo de gran formato, podr\u00e1 contemplar la hipn\u00f3tica danza de las llamas. Seg\u00fan le apetezca, podr\u00e1 disfrutar de una chimenea abierta o cerrar la\",\"breadcrumb\":{\"@id\":\"https:\/\/dev.invicta.wp19.axome.cc\/es\/produit\/chimenea-1100-gv-elevable\/#breadcrumb\"},\"inLanguage\":\"es\",\"potentialAction\":[{\"@type\":\"ReadAction\",\"target\":[\"https:\/\/dev.invicta.wp19.axome.cc\/es\/produit\/chimenea-1100-gv-elevable\/\"]}]},{\"@type\":\"ImageObject\",\"inLanguage\":\"es\",\"@id\":\"https:\/\/dev.invicta.wp19.axome.cc\/es\/produit\/chimenea-1100-gv-elevable\/#primaryimage\",\"url\":\"https:\/\/dev.invicta.wp19.axome.cc\/wp-content\/uploads\/2025\/06\/1100-gv-relev-6811-44_1431969543.jpg\",\"contentUrl\":\"https:\/\/dev.invicta.wp19.axome.cc\/wp-content\/uploads\/2025\/06\/1100-gv-relev-6811-44_1431969543.jpg\",\"width\":610,\"height\":700,\"caption\":\"Recuperador 1100 GV elev\u00e1vel\"},{\"@type\":\"BreadcrumbList\",\"@id\":\"https:\/\/dev.invicta.wp19.axome.cc\/es\/produit\/chimenea-1100-gv-elevable\/#breadcrumb\",\"itemListElement\":[{\"@type\":\"ListItem\",\"position\":1,\"name\":\"Inicio\",\"item\":\"https:\/\/dev.invicta.wp19.axome.cc\/es\/\"},{\"@type\":\"ListItem\",\"position\":2,\"name\":\"Productos\",\"item\":\"https:\/\/dev.invicta.wp19.axome.cc\/es\/shop\/\"},{\"@type\":\"ListItem\",\"position\":3,\"name\":\"Chimenea 1100 GV elevable\"}]},{\"@type\":\"WebSite\",\"@id\":\"https:\/\/dev.invicta.wp19.axome.cc\/es\/#website\",\"url\":\"https:\/\/dev.invicta.wp19.axome.cc\/es\/\",\"name\":\"Invicta\",\"description\":\"Fabricant fran\u00e7ais, sp\u00e9cialiste europ\u00e9en du chauffage au bois : po\u00eales \u00e0 bois et \u00e0 granul\u00e9s, chemin\u00e9es, foyers et inserts\",\"publisher\":{\"@id\":\"https:\/\/dev.invicta.wp19.axome.cc\/es\/#organization\"},\"potentialAction\":[{\"@type\":\"SearchAction\",\"target\":{\"@type\":\"EntryPoint\",\"urlTemplate\":\"https:\/\/dev.invicta.wp19.axome.cc\/es\/?s={search_term_string}\"},\"query-input\":{\"@type\":\"PropertyValueSpecification\",\"valueRequired\":true,\"valueName\":\"search_term_string\"}}],\"inLanguage\":\"es\"},{\"@type\":\"Organization\",\"@id\":\"https:\/\/dev.invicta.wp19.axome.cc\/es\/#organization\",\"name\":\"Invicta\",\"url\":\"https:\/\/dev.invicta.wp19.axome.cc\/es\/\",\"logo\":{\"@type\":\"ImageObject\",\"inLanguage\":\"es\",\"@id\":\"https:\/\/dev.invicta.wp19.axome.cc\/es\/#\/schema\/logo\/image\/\",\"url\":\"https:\/\/www.invicta.fr\/wp-content\/uploads\/2019\/06\/INVICTALOGO_RVB.png\",\"contentUrl\":\"https:\/\/www.invicta.fr\/wp-content\/uploads\/2019\/06\/INVICTALOGO_RVB.png\",\"width\":1810,\"height\":1280,\"caption\":\"Invicta\"},\"image\":{\"@id\":\"https:\/\/dev.invicta.wp19.axome.cc\/es\/#\/schema\/logo\/image\/\"}}]}<\/script>\n<!-- \/ Yoast SEO plugin. -->","yoast_head_json":{"title":"Chimenea 1100 GV elevable - Invicta","description":"Con este modelo de gran formato, podr\u00e1 contemplar la hipn\u00f3tica danza de las llamas. Seg\u00fan le apetezca, podr\u00e1 disfrutar de una chimenea abierta o cerrar la","robots":{"index":"index","follow":"follow","max-snippet":"max-snippet:-1","max-image-preview":"max-image-preview:large","max-video-preview":"max-video-preview:-1"},"canonical":"https:\/\/dev.invicta.wp19.axome.cc\/es\/produit\/chimenea-1100-gv-elevable\/","og_locale":"es_ES","og_type":"article","og_title":"Chimenea 1100 GV elevable - Invicta","og_description":"Con este modelo de gran formato, podr\u00e1 contemplar la hipn\u00f3tica danza de las llamas. Seg\u00fan le apetezca, podr\u00e1 disfrutar de una chimenea abierta o cerrar la","og_url":"https:\/\/dev.invicta.wp19.axome.cc\/es\/produit\/chimenea-1100-gv-elevable\/","og_site_name":"Invicta","article_modified_time":"2025-06-09T16:07:26+00:00","og_image":[{"width":610,"height":700,"url":"https:\/\/dev.invicta.wp19.axome.cc\/wp-content\/uploads\/2025\/06\/1100-gv-relev-6811-44_1431969543.jpg","type":"image\/jpeg"}],"twitter_card":"summary_large_image","schema":{"@context":"https:\/\/schema.org","@graph":[{"@type":"WebPage","@id":"https:\/\/dev.invicta.wp19.axome.cc\/es\/produit\/chimenea-1100-gv-elevable\/","url":"https:\/\/dev.invicta.wp19.axome.cc\/es\/produit\/chimenea-1100-gv-elevable\/","name":"Chimenea 1100 GV elevable - Invicta","isPartOf":{"@id":"https:\/\/dev.invicta.wp19.axome.cc\/es\/#website"},"primaryImageOfPage":{"@id":"https:\/\/dev.invicta.wp19.axome.cc\/es\/produit\/chimenea-1100-gv-elevable\/#primaryimage"},"image":{"@id":"https:\/\/dev.invicta.wp19.axome.cc\/es\/produit\/chimenea-1100-gv-elevable\/#primaryimage"},"thumbnailUrl":"https:\/\/dev.invicta.wp19.axome.cc\/wp-content\/uploads\/2025\/06\/1100-gv-relev-6811-44_1431969543.jpg","datePublished":"2025-06-09T16:07:18+00:00","dateModified":"2025-06-09T16:07:26+00:00","description":"Con este modelo de gran formato, podr\u00e1 contemplar la hipn\u00f3tica danza de las llamas. Seg\u00fan le apetezca, podr\u00e1 disfrutar de una chimenea abierta o cerrar la","breadcrumb":{"@id":"https:\/\/dev.invicta.wp19.axome.cc\/es\/produit\/chimenea-1100-gv-elevable\/#breadcrumb"},"inLanguage":"es","potentialAction":[{"@type":"ReadAction","target":["https:\/\/dev.invicta.wp19.axome.cc\/es\/produit\/chimenea-1100-gv-elevable\/"]}]},{"@type":"ImageObject","inLanguage":"es","@id":"https:\/\/dev.invicta.wp19.axome.cc\/es\/produit\/chimenea-1100-gv-elevable\/#primaryimage","url":"https:\/\/dev.invicta.wp19.axome.cc\/wp-content\/uploads\/2025\/06\/1100-gv-relev-6811-44_1431969543.jpg","contentUrl":"https:\/\/dev.invicta.wp19.axome.cc\/wp-content\/uploads\/2025\/06\/1100-gv-relev-6811-44_1431969543.jpg","width":610,"height":700,"caption":"Recuperador 1100 GV elev\u00e1vel"},{"@type":"BreadcrumbList","@id":"https:\/\/dev.invicta.wp19.axome.cc\/es\/produit\/chimenea-1100-gv-elevable\/#breadcrumb","itemListElement":[{"@type":"ListItem","position":1,"name":"Inicio","item":"https:\/\/dev.invicta.wp19.axome.cc\/es\/"},{"@type":"ListItem","position":2,"name":"Productos","item":"https:\/\/dev.invicta.wp19.axome.cc\/es\/shop\/"},{"@type":"ListItem","position":3,"name":"Chimenea 1100 GV elevable"}]},{"@type":"WebSite","@id":"https:\/\/dev.invicta.wp19.axome.cc\/es\/#website","url":"https:\/\/dev.invicta.wp19.axome.cc\/es\/","name":"Invicta","description":"Fabricant fran\u00e7ais, sp\u00e9cialiste europ\u00e9en du chauffage au bois : po\u00eales \u00e0 bois et \u00e0 granul\u00e9s, chemin\u00e9es, foyers et inserts","publisher":{"@id":"https:\/\/dev.invicta.wp19.axome.cc\/es\/#organization"},"potentialAction":[{"@type":"SearchAction","target":{"@type":"EntryPoint","urlTemplate":"https:\/\/dev.invicta.wp19.axome.cc\/es\/?s={search_term_string}"},"query-input":{"@type":"PropertyValueSpecification","valueRequired":true,"valueName":"search_term_string"}}],"inLanguage":"es"},{"@type":"Organization","@id":"https:\/\/dev.invicta.wp19.axome.cc\/es\/#organization","name":"Invicta","url":"https:\/\/dev.invicta.wp19.axome.cc\/es\/","logo":{"@type":"ImageObject","inLanguage":"es","@id":"https:\/\/dev.invicta.wp19.axome.cc\/es\/#\/schema\/logo\/image\/","url":"https:\/\/www.invicta.fr\/wp-content\/uploads\/2019\/06\/INVICTALOGO_RVB.png","contentUrl":"https:\/\/www.invicta.fr\/wp-content\/uploads\/2019\/06\/INVICTALOGO_RVB.png","width":1810,"height":1280,"caption":"Invicta"},"image":{"@id":"https:\/\/dev.invicta.wp19.axome.cc\/es\/#\/schema\/logo\/image\/"}}]}},"_links":{"self":[{"href":"https:\/\/dev.invicta.wp19.axome.cc\/es\/wp-json\/wp\/v2\/product\/69410","targetHints":{"allow":["GET"]}}],"collection":[{"href":"https:\/\/dev.invicta.wp19.axome.cc\/es\/wp-json\/wp\/v2\/product"}],"about":[{"href":"https:\/\/dev.invicta.wp19.axome.cc\/es\/wp-json\/wp\/v2\/types\/product"}],"wp:featuredmedia":[{"embeddable":true,"href":"https:\/\/dev.invicta.wp19.axome.cc\/es\/wp-json\/wp\/v2\/media\/69034"}],"wp:attachment":[{"href":"https:\/\/dev.invicta.wp19.axome.cc\/es\/wp-json\/wp\/v2\/media?parent=69410"}],"wp:term":[{"taxonomy":"product_brand","embeddable":true,"href":"https:\/\/dev.invicta.wp19.axome.cc\/es\/wp-json\/wp\/v2\/product_brand?post=69410"},{"taxonomy":"product_cat","embeddable":true,"href":"https:\/\/dev.invicta.wp19.axome.cc\/es\/wp-json\/wp\/v2\/product_cat?post=69410"},{"taxonomy":"product_tag","embeddable":true,"href":"https:\/\/dev.invicta.wp19.axome.cc\/es\/wp-json\/wp\/v2\/product_tag?post=69410"},{"taxonomy":"plus_produit","embeddable":true,"href":"https:\/\/dev.invicta.wp19.axome.cc\/es\/wp-json\/wp\/v2\/plus_produit?post=69410"}],"curies":[{"name":"wp","href":"https:\/\/api.w.org\/{rel}","templated":true}]}}