{"id":69430,"date":"2025-11-26T08:20:15","date_gmt":"2025-11-26T10:16:47","guid":{"rendered":"https:\/\/dev.invicta.wp19.axome.cc\/produit\/acumulador-de-calor-para-estufas-de-lena-neosen\/"},"modified":"2025-11-26T12:16:50","modified_gmt":"2025-11-26T11:16:50","slug":"acumulador-de-calor-para-estufas-de-lena-neosen","status":"publish","type":"product","link":"https:\/\/dev.invicta.wp19.axome.cc\/es\/produit\/acumulador-de-calor-para-estufas-de-lena-neosen\/","title":{"rendered":"Acumulador de calor para estufas de le\u00f1a NEOSEN"},"content":{"rendered":"","protected":false},"excerpt":{"rendered":"<p>Dise\u00f1ado para instalarse en las estufas de le\u00f1a Neosen, el kit acumulador de calor, compuesto por ladrillos refractarios, contin\u00faa calentando su interior mucho despu\u00e9s de que las llamas hayan desaparecido.<\/p>\n","protected":false},"featured_media":68185,"template":"","meta":{"_acf_changed":false},"product_brand":[],"product_cat":[2293,2733,2638,3057],"product_tag":[7048],"plus_produit":[],"class_list":{"1":"product","4":"has-post-thumbnail","6":"product_cat-ayuda-en-la-eleccion","7":"product_cat-estufas-de-lena","8":"product_cat-accesorios-es","9":"product_cat-estufas-de-pellets-es","10":"product_tag-y-garantia-de-3-anos","11":"pa_consommation-de-053-a-222-kg-hora","12":"pa_volume-de-chauffe-100-210-m-es","14":"first","15":"instock","16":"purchasable","17":"product-type-simple"},"acf":[],"yoast_head":"<!-- This site is optimized with the Yoast SEO plugin v24.7 - https:\/\/yoast.com\/wordpress\/plugins\/seo\/ -->\n<title>Acumulador de calor para estufas de le\u00f1a NEOSEN - Invicta<\/title>\n<meta name=\"description\" content=\"Dise\u00f1ado para instalarse en las estufas de le\u00f1a Neosen, el kit acumulador de calor, compuesto por ladrillos refractarios, contin\u00faa calentando su interior mucho despu\u00e9s de que las llamas hayan desaparecido.\" \/>\n<meta name=\"robots\" content=\"index, follow, max-snippet:-1, max-image-preview:large, max-video-preview:-1\" \/>\n<link rel=\"canonical\" href=\"https:\/\/dev.invicta.wp19.axome.cc\/es\/produit\/acumulador-de-calor-para-estufas-de-lena-neosen\/\" \/>\n<meta property=\"og:locale\" content=\"es_ES\" \/>\n<meta property=\"og:type\" content=\"article\" \/>\n<meta property=\"og:title\" content=\"Acumulador de calor para estufas de le\u00f1a NEOSEN - Invicta\" \/>\n<meta property=\"og:description\" content=\"Dise\u00f1ado para instalarse en las estufas de le\u00f1a Neosen, el kit acumulador de calor, compuesto por ladrillos refractarios, contin\u00faa calentando su interior mucho despu\u00e9s de que las llamas hayan desaparecido.\" \/>\n<meta property=\"og:url\" content=\"https:\/\/dev.invicta.wp19.axome.cc\/es\/produit\/acumulador-de-calor-para-estufas-de-lena-neosen\/\" \/>\n<meta property=\"og:site_name\" content=\"Invicta\" \/>\n<meta property=\"article:modified_time\" content=\"2025-11-26T11:16:50+00:00\" \/>\n<meta property=\"og:image\" content=\"https:\/\/dev.invicta.wp19.axome.cc\/wp-content\/uploads\/2025\/06\/C-ACCUMULATEUR-NEOSEN.png\" \/>\n\t<meta property=\"og:image:width\" content=\"651\" \/>\n\t<meta property=\"og:image:height\" content=\"482\" \/>\n\t<meta property=\"og:image:type\" content=\"image\/png\" \/>\n<meta name=\"twitter:card\" content=\"summary_large_image\" \/>\n<script type=\"application\/ld+json\" class=\"yoast-schema-graph\">{\"@context\":\"https:\/\/schema.org\",\"@graph\":[{\"@type\":\"WebPage\",\"@id\":\"https:\/\/dev.invicta.wp19.axome.cc\/es\/produit\/acumulador-de-calor-para-estufas-de-lena-neosen\/\",\"url\":\"https:\/\/dev.invicta.wp19.axome.cc\/es\/produit\/acumulador-de-calor-para-estufas-de-lena-neosen\/\",\"name\":\"Acumulador de calor para estufas de le\u00f1a NEOSEN - Invicta\",\"isPartOf\":{\"@id\":\"https:\/\/dev.invicta.wp19.axome.cc\/es\/#website\"},\"primaryImageOfPage\":{\"@id\":\"https:\/\/dev.invicta.wp19.axome.cc\/es\/produit\/acumulador-de-calor-para-estufas-de-lena-neosen\/#primaryimage\"},\"image\":{\"@id\":\"https:\/\/dev.invicta.wp19.axome.cc\/es\/produit\/acumulador-de-calor-para-estufas-de-lena-neosen\/#primaryimage\"},\"thumbnailUrl\":\"https:\/\/dev.invicta.wp19.axome.cc\/wp-content\/uploads\/2025\/06\/C-ACCUMULATEUR-NEOSEN.png\",\"datePublished\":\"2025-11-26T10:16:47+00:00\",\"dateModified\":\"2025-11-26T11:16:50+00:00\",\"description\":\"Dise\u00f1ado para instalarse en las estufas de le\u00f1a Neosen, el kit acumulador de calor, compuesto por ladrillos refractarios, contin\u00faa calentando su interior mucho despu\u00e9s de que las llamas hayan desaparecido.\",\"breadcrumb\":{\"@id\":\"https:\/\/dev.invicta.wp19.axome.cc\/es\/produit\/acumulador-de-calor-para-estufas-de-lena-neosen\/#breadcrumb\"},\"inLanguage\":\"es\",\"potentialAction\":[{\"@type\":\"ReadAction\",\"target\":[\"https:\/\/dev.invicta.wp19.axome.cc\/es\/produit\/acumulador-de-calor-para-estufas-de-lena-neosen\/\"]}]},{\"@type\":\"ImageObject\",\"inLanguage\":\"es\",\"@id\":\"https:\/\/dev.invicta.wp19.axome.cc\/es\/produit\/acumulador-de-calor-para-estufas-de-lena-neosen\/#primaryimage\",\"url\":\"https:\/\/dev.invicta.wp19.axome.cc\/wp-content\/uploads\/2025\/06\/C-ACCUMULATEUR-NEOSEN.png\",\"contentUrl\":\"https:\/\/dev.invicta.wp19.axome.cc\/wp-content\/uploads\/2025\/06\/C-ACCUMULATEUR-NEOSEN.png\",\"width\":651,\"height\":482,\"caption\":\"Po\u00eale \u00e0 bois en acier et fonte Neosen Raccordable Plus\"},{\"@type\":\"BreadcrumbList\",\"@id\":\"https:\/\/dev.invicta.wp19.axome.cc\/es\/produit\/acumulador-de-calor-para-estufas-de-lena-neosen\/#breadcrumb\",\"itemListElement\":[{\"@type\":\"ListItem\",\"position\":1,\"name\":\"Inicio\",\"item\":\"https:\/\/dev.invicta.wp19.axome.cc\/es\/\"},{\"@type\":\"ListItem\",\"position\":2,\"name\":\"Productos\",\"item\":\"https:\/\/dev.invicta.wp19.axome.cc\/es\/shop\/\"},{\"@type\":\"ListItem\",\"position\":3,\"name\":\"Estufas de le\u00f1a\",\"item\":\"https:\/\/dev.invicta.wp19.axome.cc\/es\/categorie-produit\/estufas-de-lena\/\"},{\"@type\":\"ListItem\",\"position\":4,\"name\":\"Accesorios\",\"item\":\"https:\/\/dev.invicta.wp19.axome.cc\/es\/categorie-produit\/estufas-de-lena\/accesorios-es\/\"},{\"@type\":\"ListItem\",\"position\":5,\"name\":\"Acumulador de calor para estufas de le\u00f1a NEOSEN\"}]},{\"@type\":\"WebSite\",\"@id\":\"https:\/\/dev.invicta.wp19.axome.cc\/es\/#website\",\"url\":\"https:\/\/dev.invicta.wp19.axome.cc\/es\/\",\"name\":\"Invicta\",\"description\":\"Fabricant fran\u00e7ais, sp\u00e9cialiste europ\u00e9en du chauffage au bois : po\u00eales \u00e0 bois et \u00e0 granul\u00e9s, chemin\u00e9es, foyers et inserts\",\"publisher\":{\"@id\":\"https:\/\/dev.invicta.wp19.axome.cc\/es\/#organization\"},\"potentialAction\":[{\"@type\":\"SearchAction\",\"target\":{\"@type\":\"EntryPoint\",\"urlTemplate\":\"https:\/\/dev.invicta.wp19.axome.cc\/es\/?s={search_term_string}\"},\"query-input\":{\"@type\":\"PropertyValueSpecification\",\"valueRequired\":true,\"valueName\":\"search_term_string\"}}],\"inLanguage\":\"es\"},{\"@type\":\"Organization\",\"@id\":\"https:\/\/dev.invicta.wp19.axome.cc\/es\/#organization\",\"name\":\"Invicta\",\"url\":\"https:\/\/dev.invicta.wp19.axome.cc\/es\/\",\"logo\":{\"@type\":\"ImageObject\",\"inLanguage\":\"es\",\"@id\":\"https:\/\/dev.invicta.wp19.axome.cc\/es\/#\/schema\/logo\/image\/\",\"url\":\"https:\/\/www.invicta.fr\/wp-content\/uploads\/2019\/06\/INVICTALOGO_RVB.png\",\"contentUrl\":\"https:\/\/www.invicta.fr\/wp-content\/uploads\/2019\/06\/INVICTALOGO_RVB.png\",\"width\":1810,\"height\":1280,\"caption\":\"Invicta\"},\"image\":{\"@id\":\"https:\/\/dev.invicta.wp19.axome.cc\/es\/#\/schema\/logo\/image\/\"}}]}<\/script>\n<!-- \/ Yoast SEO plugin. -->","yoast_head_json":{"title":"Acumulador de calor para estufas de le\u00f1a NEOSEN - Invicta","description":"Dise\u00f1ado para instalarse en las estufas de le\u00f1a Neosen, el kit acumulador de calor, compuesto por ladrillos refractarios, contin\u00faa calentando su interior mucho despu\u00e9s de que las llamas hayan desaparecido.","robots":{"index":"index","follow":"follow","max-snippet":"max-snippet:-1","max-image-preview":"max-image-preview:large","max-video-preview":"max-video-preview:-1"},"canonical":"https:\/\/dev.invicta.wp19.axome.cc\/es\/produit\/acumulador-de-calor-para-estufas-de-lena-neosen\/","og_locale":"es_ES","og_type":"article","og_title":"Acumulador de calor para estufas de le\u00f1a NEOSEN - Invicta","og_description":"Dise\u00f1ado para instalarse en las estufas de le\u00f1a Neosen, el kit acumulador de calor, compuesto por ladrillos refractarios, contin\u00faa calentando su interior mucho despu\u00e9s de que las llamas hayan desaparecido.","og_url":"https:\/\/dev.invicta.wp19.axome.cc\/es\/produit\/acumulador-de-calor-para-estufas-de-lena-neosen\/","og_site_name":"Invicta","article_modified_time":"2025-11-26T11:16:50+00:00","og_image":[{"width":651,"height":482,"url":"https:\/\/dev.invicta.wp19.axome.cc\/wp-content\/uploads\/2025\/06\/C-ACCUMULATEUR-NEOSEN.png","type":"image\/png"}],"twitter_card":"summary_large_image","schema":{"@context":"https:\/\/schema.org","@graph":[{"@type":"WebPage","@id":"https:\/\/dev.invicta.wp19.axome.cc\/es\/produit\/acumulador-de-calor-para-estufas-de-lena-neosen\/","url":"https:\/\/dev.invicta.wp19.axome.cc\/es\/produit\/acumulador-de-calor-para-estufas-de-lena-neosen\/","name":"Acumulador de calor para estufas de le\u00f1a NEOSEN - Invicta","isPartOf":{"@id":"https:\/\/dev.invicta.wp19.axome.cc\/es\/#website"},"primaryImageOfPage":{"@id":"https:\/\/dev.invicta.wp19.axome.cc\/es\/produit\/acumulador-de-calor-para-estufas-de-lena-neosen\/#primaryimage"},"image":{"@id":"https:\/\/dev.invicta.wp19.axome.cc\/es\/produit\/acumulador-de-calor-para-estufas-de-lena-neosen\/#primaryimage"},"thumbnailUrl":"https:\/\/dev.invicta.wp19.axome.cc\/wp-content\/uploads\/2025\/06\/C-ACCUMULATEUR-NEOSEN.png","datePublished":"2025-11-26T10:16:47+00:00","dateModified":"2025-11-26T11:16:50+00:00","description":"Dise\u00f1ado para instalarse en las estufas de le\u00f1a Neosen, el kit acumulador de calor, compuesto por ladrillos refractarios, contin\u00faa calentando su interior mucho despu\u00e9s de que las llamas hayan desaparecido.","breadcrumb":{"@id":"https:\/\/dev.invicta.wp19.axome.cc\/es\/produit\/acumulador-de-calor-para-estufas-de-lena-neosen\/#breadcrumb"},"inLanguage":"es","potentialAction":[{"@type":"ReadAction","target":["https:\/\/dev.invicta.wp19.axome.cc\/es\/produit\/acumulador-de-calor-para-estufas-de-lena-neosen\/"]}]},{"@type":"ImageObject","inLanguage":"es","@id":"https:\/\/dev.invicta.wp19.axome.cc\/es\/produit\/acumulador-de-calor-para-estufas-de-lena-neosen\/#primaryimage","url":"https:\/\/dev.invicta.wp19.axome.cc\/wp-content\/uploads\/2025\/06\/C-ACCUMULATEUR-NEOSEN.png","contentUrl":"https:\/\/dev.invicta.wp19.axome.cc\/wp-content\/uploads\/2025\/06\/C-ACCUMULATEUR-NEOSEN.png","width":651,"height":482,"caption":"Po\u00eale \u00e0 bois en acier et fonte Neosen Raccordable Plus"},{"@type":"BreadcrumbList","@id":"https:\/\/dev.invicta.wp19.axome.cc\/es\/produit\/acumulador-de-calor-para-estufas-de-lena-neosen\/#breadcrumb","itemListElement":[{"@type":"ListItem","position":1,"name":"Inicio","item":"https:\/\/dev.invicta.wp19.axome.cc\/es\/"},{"@type":"ListItem","position":2,"name":"Productos","item":"https:\/\/dev.invicta.wp19.axome.cc\/es\/shop\/"},{"@type":"ListItem","position":3,"name":"Estufas de le\u00f1a","item":"https:\/\/dev.invicta.wp19.axome.cc\/es\/categorie-produit\/estufas-de-lena\/"},{"@type":"ListItem","position":4,"name":"Accesorios","item":"https:\/\/dev.invicta.wp19.axome.cc\/es\/categorie-produit\/estufas-de-lena\/accesorios-es\/"},{"@type":"ListItem","position":5,"name":"Acumulador de calor para estufas de le\u00f1a NEOSEN"}]},{"@type":"WebSite","@id":"https:\/\/dev.invicta.wp19.axome.cc\/es\/#website","url":"https:\/\/dev.invicta.wp19.axome.cc\/es\/","name":"Invicta","description":"Fabricant fran\u00e7ais, sp\u00e9cialiste europ\u00e9en du chauffage au bois : po\u00eales \u00e0 bois et \u00e0 granul\u00e9s, chemin\u00e9es, foyers et inserts","publisher":{"@id":"https:\/\/dev.invicta.wp19.axome.cc\/es\/#organization"},"potentialAction":[{"@type":"SearchAction","target":{"@type":"EntryPoint","urlTemplate":"https:\/\/dev.invicta.wp19.axome.cc\/es\/?s={search_term_string}"},"query-input":{"@type":"PropertyValueSpecification","valueRequired":true,"valueName":"search_term_string"}}],"inLanguage":"es"},{"@type":"Organization","@id":"https:\/\/dev.invicta.wp19.axome.cc\/es\/#organization","name":"Invicta","url":"https:\/\/dev.invicta.wp19.axome.cc\/es\/","logo":{"@type":"ImageObject","inLanguage":"es","@id":"https:\/\/dev.invicta.wp19.axome.cc\/es\/#\/schema\/logo\/image\/","url":"https:\/\/www.invicta.fr\/wp-content\/uploads\/2019\/06\/INVICTALOGO_RVB.png","contentUrl":"https:\/\/www.invicta.fr\/wp-content\/uploads\/2019\/06\/INVICTALOGO_RVB.png","width":1810,"height":1280,"caption":"Invicta"},"image":{"@id":"https:\/\/dev.invicta.wp19.axome.cc\/es\/#\/schema\/logo\/image\/"}}]}},"_links":{"self":[{"href":"https:\/\/dev.invicta.wp19.axome.cc\/es\/wp-json\/wp\/v2\/product\/69430","targetHints":{"allow":["GET"]}}],"collection":[{"href":"https:\/\/dev.invicta.wp19.axome.cc\/es\/wp-json\/wp\/v2\/product"}],"about":[{"href":"https:\/\/dev.invicta.wp19.axome.cc\/es\/wp-json\/wp\/v2\/types\/product"}],"wp:featuredmedia":[{"embeddable":true,"href":"https:\/\/dev.invicta.wp19.axome.cc\/es\/wp-json\/wp\/v2\/media\/68185"}],"wp:attachment":[{"href":"https:\/\/dev.invicta.wp19.axome.cc\/es\/wp-json\/wp\/v2\/media?parent=69430"}],"wp:term":[{"taxonomy":"product_brand","embeddable":true,"href":"https:\/\/dev.invicta.wp19.axome.cc\/es\/wp-json\/wp\/v2\/product_brand?post=69430"},{"taxonomy":"product_cat","embeddable":true,"href":"https:\/\/dev.invicta.wp19.axome.cc\/es\/wp-json\/wp\/v2\/product_cat?post=69430"},{"taxonomy":"product_tag","embeddable":true,"href":"https:\/\/dev.invicta.wp19.axome.cc\/es\/wp-json\/wp\/v2\/product_tag?post=69430"},{"taxonomy":"plus_produit","embeddable":true,"href":"https:\/\/dev.invicta.wp19.axome.cc\/es\/wp-json\/wp\/v2\/plus_produit?post=69430"}],"curies":[{"name":"wp","href":"https:\/\/api.w.org\/{rel}","templated":true}]}}