{"id":69450,"date":"2025-11-26T08:09:45","date_gmt":"2025-06-09T16:07:45","guid":{"rendered":"https:\/\/dev.invicta.wp19.axome.cc\/produit\/estufa-de-pellets-drosera-ipe6\/"},"modified":"2025-06-09T18:07:53","modified_gmt":"2025-06-09T16:07:53","slug":"estufa-de-pellets-drosera-ipe6","status":"publish","type":"product","link":"https:\/\/dev.invicta.wp19.axome.cc\/es\/produit\/estufa-de-pellets-drosera-ipe6\/","title":{"rendered":"Estufa de pellets Drosera IPE6"},"content":{"rendered":"<p>Las l\u00edneas suaves y redondeadas dan a la estufa Drosera una dimensi\u00f3n moderna. El frontal prolonga las l\u00edneas curvas de la estructura de la estufa con su puerta de hierro fundido ligeramente curvada.<\/p>\n","protected":false},"excerpt":{"rendered":"<p>Las l\u00edneas suaves y redondeadas dan a la estufa Drosera una dimensi\u00f3n moderna. El frontal prolonga las l\u00edneas curvas de la estructura de la estufa con su puerta de hierro fundido ligeramente curvada.<\/p>\n","protected":false},"featured_media":68305,"template":"","meta":{"_acf_changed":false},"product_brand":[],"product_cat":[2293,3057,3058,6674,6675,6451,6448,6614,6456,6450,6454,6449,6506,6455,6453],"product_tag":[2301,2303,6460,7048,6833],"plus_produit":[8057,3188,2597,6841,2318,6553,6673,4962,2309,3187,2632,2635,2296,2633],"class_list":{"1":"product","4":"has-post-thumbnail","6":"product_cat-ayuda-en-la-eleccion","7":"product_cat-estufas-de-pellets-es","8":"product_cat-estufas-de-pellets-estancas","9":"product_cat-estufas-de-pellets-6-kw","10":"product_cat-estufas-de-pellets-hermeticas-6-kw","11":"product_cat-estufas-de-pellet-autonomas","12":"product_cat-estufas-de-pellets-programables","13":"product_cat-diseno-de-estufas-de-pellets","14":"product_cat-estufas-de-pellets-contemporaneas","15":"product_cat-estufas-de-pellets-modernas","16":"product_cat-estufas-de-pellets-blancas","17":"product_cat-estufas-de-pellet-redondas","18":"product_cat-estufas-de-pellets-rojas","19":"product_cat-toma-de-pared-para-estufas-de-pellets","20":"product_cat-estufas-de-pellets-con-salida-de-aspiracion","21":"product_tag-flamme-verte-7","22":"product_tag-eco-design-2022-es","23":"product_tag-zona-3-ventosa","24":"product_tag-y-garantia-de-3-anos","25":"product_tag-y-garantie-extension-1an-esp","26":"pa_autonomie-minimum-11-horas","27":"pa_depart-des-fumees-detras","28":"pa_indice-de-performance-127-es","29":"pa_surface-de-chauffe-25-a-70-m-es","30":"pa_volume-de-chauffe-65-a-180-m-es","31":"plus_produit-accessoires-optionnels-ipe-3","32":"plus_produit-dictamen-tecnico-cstb-n-14-2-15-2130v5","33":"plus_produit-dispositivo-resistente-al-agua-compatible-con-rt2012","34":"plus_produit-extension-de-garantie-1-an-esp","35":"plus_produit-kit-de-control-de-la-combustion-kcc","36":"plus_produit-kit-wifi-opcional","37":"plus_produit-la-ventilacion-se-puede-desconectar","38":"plus_produit-mando-a-distancia-opcional","39":"plus_produit-posibilidad-de-control-por-termostato-externo-no-incluido","40":"plus_produit-posible-instalacion-de-fachada-zona-3-ventosa","41":"plus_produit-programacion-de-cronotermostato","42":"plus_produit-regulacion-de-la-potencia-o-de-la-temperatura-ambiente","43":"plus_produit-salida-de-aire-caliente-por-ventilador","44":"plus_produit-stand-by-espera","46":"first","47":"instock","48":"product-type-simple"},"acf":[],"yoast_head":"<!-- This site is optimized with the Yoast SEO plugin v24.7 - https:\/\/yoast.com\/wordpress\/plugins\/seo\/ -->\n<title>Estufa de pellets Drosera IPE6 - Invicta<\/title>\n<meta name=\"description\" content=\"Las l\u00edneas suaves y redondeadas dan a la estufa Drosera una dimensi\u00f3n moderna. El frontal prolonga las l\u00edneas curvas de la estructura de la estufa con su\" \/>\n<meta name=\"robots\" content=\"index, follow, max-snippet:-1, max-image-preview:large, max-video-preview:-1\" \/>\n<link rel=\"canonical\" href=\"https:\/\/dev.invicta.wp19.axome.cc\/es\/produit\/estufa-de-pellets-drosera-ipe6\/\" \/>\n<meta property=\"og:locale\" content=\"es_ES\" \/>\n<meta property=\"og:type\" content=\"article\" \/>\n<meta property=\"og:title\" content=\"Estufa de pellets Drosera IPE6 - Invicta\" \/>\n<meta property=\"og:description\" content=\"Las l\u00edneas suaves y redondeadas dan a la estufa Drosera una dimensi\u00f3n moderna. El frontal prolonga las l\u00edneas curvas de la estructura de la estufa con su\" \/>\n<meta property=\"og:url\" content=\"https:\/\/dev.invicta.wp19.axome.cc\/es\/produit\/estufa-de-pellets-drosera-ipe6\/\" \/>\n<meta property=\"og:site_name\" content=\"Invicta\" \/>\n<meta property=\"article:modified_time\" content=\"2025-06-09T16:07:53+00:00\" \/>\n<meta property=\"og:image\" content=\"https:\/\/dev.invicta.wp19.axome.cc\/wp-content\/uploads\/2025\/06\/DROSERA_bordeaux_LP_et_LPE_1-e1567696734835.jpg\" \/>\n\t<meta property=\"og:image:width\" content=\"540\" \/>\n\t<meta property=\"og:image:height\" content=\"807\" \/>\n\t<meta property=\"og:image:type\" content=\"image\/jpeg\" \/>\n<meta name=\"twitter:card\" content=\"summary_large_image\" \/>\n<script type=\"application\/ld+json\" class=\"yoast-schema-graph\">{\"@context\":\"https:\/\/schema.org\",\"@graph\":[{\"@type\":\"WebPage\",\"@id\":\"https:\/\/dev.invicta.wp19.axome.cc\/es\/produit\/estufa-de-pellets-drosera-ipe6\/\",\"url\":\"https:\/\/dev.invicta.wp19.axome.cc\/es\/produit\/estufa-de-pellets-drosera-ipe6\/\",\"name\":\"Estufa de pellets Drosera IPE6 - Invicta\",\"isPartOf\":{\"@id\":\"https:\/\/dev.invicta.wp19.axome.cc\/es\/#website\"},\"primaryImageOfPage\":{\"@id\":\"https:\/\/dev.invicta.wp19.axome.cc\/es\/produit\/estufa-de-pellets-drosera-ipe6\/#primaryimage\"},\"image\":{\"@id\":\"https:\/\/dev.invicta.wp19.axome.cc\/es\/produit\/estufa-de-pellets-drosera-ipe6\/#primaryimage\"},\"thumbnailUrl\":\"https:\/\/dev.invicta.wp19.axome.cc\/wp-content\/uploads\/2025\/06\/DROSERA_bordeaux_LP_et_LPE_1-e1567696734835.jpg\",\"datePublished\":\"2025-06-09T16:07:45+00:00\",\"dateModified\":\"2025-06-09T16:07:53+00:00\",\"description\":\"Las l\u00edneas suaves y redondeadas dan a la estufa Drosera una dimensi\u00f3n moderna. El frontal prolonga las l\u00edneas curvas de la estructura de la estufa con su\",\"breadcrumb\":{\"@id\":\"https:\/\/dev.invicta.wp19.axome.cc\/es\/produit\/estufa-de-pellets-drosera-ipe6\/#breadcrumb\"},\"inLanguage\":\"es\",\"potentialAction\":[{\"@type\":\"ReadAction\",\"target\":[\"https:\/\/dev.invicta.wp19.axome.cc\/es\/produit\/estufa-de-pellets-drosera-ipe6\/\"]}]},{\"@type\":\"ImageObject\",\"inLanguage\":\"es\",\"@id\":\"https:\/\/dev.invicta.wp19.axome.cc\/es\/produit\/estufa-de-pellets-drosera-ipe6\/#primaryimage\",\"url\":\"https:\/\/dev.invicta.wp19.axome.cc\/wp-content\/uploads\/2025\/06\/DROSERA_bordeaux_LP_et_LPE_1-e1567696734835.jpg\",\"contentUrl\":\"https:\/\/dev.invicta.wp19.axome.cc\/wp-content\/uploads\/2025\/06\/DROSERA_bordeaux_LP_et_LPE_1-e1567696734835.jpg\",\"width\":540,\"height\":807},{\"@type\":\"BreadcrumbList\",\"@id\":\"https:\/\/dev.invicta.wp19.axome.cc\/es\/produit\/estufa-de-pellets-drosera-ipe6\/#breadcrumb\",\"itemListElement\":[{\"@type\":\"ListItem\",\"position\":1,\"name\":\"Inicio\",\"item\":\"https:\/\/dev.invicta.wp19.axome.cc\/es\/\"},{\"@type\":\"ListItem\",\"position\":2,\"name\":\"Productos\",\"item\":\"https:\/\/dev.invicta.wp19.axome.cc\/es\/shop\/\"},{\"@type\":\"ListItem\",\"position\":3,\"name\":\"Estufas de pellets\",\"item\":\"https:\/\/dev.invicta.wp19.axome.cc\/es\/categorie-produit\/estufas-de-pellets-es\/\"},{\"@type\":\"ListItem\",\"position\":4,\"name\":\"Estufas de pellets estancas\",\"item\":\"https:\/\/dev.invicta.wp19.axome.cc\/es\/categorie-produit\/estufas-de-pellets-es\/estufas-de-pellets-estancas\/\"},{\"@type\":\"ListItem\",\"position\":5,\"name\":\"Estufa de pellets Drosera IPE6\"}]},{\"@type\":\"WebSite\",\"@id\":\"https:\/\/dev.invicta.wp19.axome.cc\/es\/#website\",\"url\":\"https:\/\/dev.invicta.wp19.axome.cc\/es\/\",\"name\":\"Invicta\",\"description\":\"Fabricant fran\u00e7ais, sp\u00e9cialiste europ\u00e9en du chauffage au bois : po\u00eales \u00e0 bois et \u00e0 granul\u00e9s, chemin\u00e9es, foyers et inserts\",\"publisher\":{\"@id\":\"https:\/\/dev.invicta.wp19.axome.cc\/es\/#organization\"},\"potentialAction\":[{\"@type\":\"SearchAction\",\"target\":{\"@type\":\"EntryPoint\",\"urlTemplate\":\"https:\/\/dev.invicta.wp19.axome.cc\/es\/?s={search_term_string}\"},\"query-input\":{\"@type\":\"PropertyValueSpecification\",\"valueRequired\":true,\"valueName\":\"search_term_string\"}}],\"inLanguage\":\"es\"},{\"@type\":\"Organization\",\"@id\":\"https:\/\/dev.invicta.wp19.axome.cc\/es\/#organization\",\"name\":\"Invicta\",\"url\":\"https:\/\/dev.invicta.wp19.axome.cc\/es\/\",\"logo\":{\"@type\":\"ImageObject\",\"inLanguage\":\"es\",\"@id\":\"https:\/\/dev.invicta.wp19.axome.cc\/es\/#\/schema\/logo\/image\/\",\"url\":\"https:\/\/www.invicta.fr\/wp-content\/uploads\/2019\/06\/INVICTALOGO_RVB.png\",\"contentUrl\":\"https:\/\/www.invicta.fr\/wp-content\/uploads\/2019\/06\/INVICTALOGO_RVB.png\",\"width\":1810,\"height\":1280,\"caption\":\"Invicta\"},\"image\":{\"@id\":\"https:\/\/dev.invicta.wp19.axome.cc\/es\/#\/schema\/logo\/image\/\"}}]}<\/script>\n<!-- \/ Yoast SEO plugin. -->","yoast_head_json":{"title":"Estufa de pellets Drosera IPE6 - Invicta","description":"Las l\u00edneas suaves y redondeadas dan a la estufa Drosera una dimensi\u00f3n moderna. El frontal prolonga las l\u00edneas curvas de la estructura de la estufa con su","robots":{"index":"index","follow":"follow","max-snippet":"max-snippet:-1","max-image-preview":"max-image-preview:large","max-video-preview":"max-video-preview:-1"},"canonical":"https:\/\/dev.invicta.wp19.axome.cc\/es\/produit\/estufa-de-pellets-drosera-ipe6\/","og_locale":"es_ES","og_type":"article","og_title":"Estufa de pellets Drosera IPE6 - Invicta","og_description":"Las l\u00edneas suaves y redondeadas dan a la estufa Drosera una dimensi\u00f3n moderna. El frontal prolonga las l\u00edneas curvas de la estructura de la estufa con su","og_url":"https:\/\/dev.invicta.wp19.axome.cc\/es\/produit\/estufa-de-pellets-drosera-ipe6\/","og_site_name":"Invicta","article_modified_time":"2025-06-09T16:07:53+00:00","og_image":[{"width":540,"height":807,"url":"https:\/\/dev.invicta.wp19.axome.cc\/wp-content\/uploads\/2025\/06\/DROSERA_bordeaux_LP_et_LPE_1-e1567696734835.jpg","type":"image\/jpeg"}],"twitter_card":"summary_large_image","schema":{"@context":"https:\/\/schema.org","@graph":[{"@type":"WebPage","@id":"https:\/\/dev.invicta.wp19.axome.cc\/es\/produit\/estufa-de-pellets-drosera-ipe6\/","url":"https:\/\/dev.invicta.wp19.axome.cc\/es\/produit\/estufa-de-pellets-drosera-ipe6\/","name":"Estufa de pellets Drosera IPE6 - Invicta","isPartOf":{"@id":"https:\/\/dev.invicta.wp19.axome.cc\/es\/#website"},"primaryImageOfPage":{"@id":"https:\/\/dev.invicta.wp19.axome.cc\/es\/produit\/estufa-de-pellets-drosera-ipe6\/#primaryimage"},"image":{"@id":"https:\/\/dev.invicta.wp19.axome.cc\/es\/produit\/estufa-de-pellets-drosera-ipe6\/#primaryimage"},"thumbnailUrl":"https:\/\/dev.invicta.wp19.axome.cc\/wp-content\/uploads\/2025\/06\/DROSERA_bordeaux_LP_et_LPE_1-e1567696734835.jpg","datePublished":"2025-06-09T16:07:45+00:00","dateModified":"2025-06-09T16:07:53+00:00","description":"Las l\u00edneas suaves y redondeadas dan a la estufa Drosera una dimensi\u00f3n moderna. El frontal prolonga las l\u00edneas curvas de la estructura de la estufa con su","breadcrumb":{"@id":"https:\/\/dev.invicta.wp19.axome.cc\/es\/produit\/estufa-de-pellets-drosera-ipe6\/#breadcrumb"},"inLanguage":"es","potentialAction":[{"@type":"ReadAction","target":["https:\/\/dev.invicta.wp19.axome.cc\/es\/produit\/estufa-de-pellets-drosera-ipe6\/"]}]},{"@type":"ImageObject","inLanguage":"es","@id":"https:\/\/dev.invicta.wp19.axome.cc\/es\/produit\/estufa-de-pellets-drosera-ipe6\/#primaryimage","url":"https:\/\/dev.invicta.wp19.axome.cc\/wp-content\/uploads\/2025\/06\/DROSERA_bordeaux_LP_et_LPE_1-e1567696734835.jpg","contentUrl":"https:\/\/dev.invicta.wp19.axome.cc\/wp-content\/uploads\/2025\/06\/DROSERA_bordeaux_LP_et_LPE_1-e1567696734835.jpg","width":540,"height":807},{"@type":"BreadcrumbList","@id":"https:\/\/dev.invicta.wp19.axome.cc\/es\/produit\/estufa-de-pellets-drosera-ipe6\/#breadcrumb","itemListElement":[{"@type":"ListItem","position":1,"name":"Inicio","item":"https:\/\/dev.invicta.wp19.axome.cc\/es\/"},{"@type":"ListItem","position":2,"name":"Productos","item":"https:\/\/dev.invicta.wp19.axome.cc\/es\/shop\/"},{"@type":"ListItem","position":3,"name":"Estufas de pellets","item":"https:\/\/dev.invicta.wp19.axome.cc\/es\/categorie-produit\/estufas-de-pellets-es\/"},{"@type":"ListItem","position":4,"name":"Estufas de pellets estancas","item":"https:\/\/dev.invicta.wp19.axome.cc\/es\/categorie-produit\/estufas-de-pellets-es\/estufas-de-pellets-estancas\/"},{"@type":"ListItem","position":5,"name":"Estufa de pellets Drosera IPE6"}]},{"@type":"WebSite","@id":"https:\/\/dev.invicta.wp19.axome.cc\/es\/#website","url":"https:\/\/dev.invicta.wp19.axome.cc\/es\/","name":"Invicta","description":"Fabricant fran\u00e7ais, sp\u00e9cialiste europ\u00e9en du chauffage au bois : po\u00eales \u00e0 bois et \u00e0 granul\u00e9s, chemin\u00e9es, foyers et inserts","publisher":{"@id":"https:\/\/dev.invicta.wp19.axome.cc\/es\/#organization"},"potentialAction":[{"@type":"SearchAction","target":{"@type":"EntryPoint","urlTemplate":"https:\/\/dev.invicta.wp19.axome.cc\/es\/?s={search_term_string}"},"query-input":{"@type":"PropertyValueSpecification","valueRequired":true,"valueName":"search_term_string"}}],"inLanguage":"es"},{"@type":"Organization","@id":"https:\/\/dev.invicta.wp19.axome.cc\/es\/#organization","name":"Invicta","url":"https:\/\/dev.invicta.wp19.axome.cc\/es\/","logo":{"@type":"ImageObject","inLanguage":"es","@id":"https:\/\/dev.invicta.wp19.axome.cc\/es\/#\/schema\/logo\/image\/","url":"https:\/\/www.invicta.fr\/wp-content\/uploads\/2019\/06\/INVICTALOGO_RVB.png","contentUrl":"https:\/\/www.invicta.fr\/wp-content\/uploads\/2019\/06\/INVICTALOGO_RVB.png","width":1810,"height":1280,"caption":"Invicta"},"image":{"@id":"https:\/\/dev.invicta.wp19.axome.cc\/es\/#\/schema\/logo\/image\/"}}]}},"_links":{"self":[{"href":"https:\/\/dev.invicta.wp19.axome.cc\/es\/wp-json\/wp\/v2\/product\/69450","targetHints":{"allow":["GET"]}}],"collection":[{"href":"https:\/\/dev.invicta.wp19.axome.cc\/es\/wp-json\/wp\/v2\/product"}],"about":[{"href":"https:\/\/dev.invicta.wp19.axome.cc\/es\/wp-json\/wp\/v2\/types\/product"}],"wp:featuredmedia":[{"embeddable":true,"href":"https:\/\/dev.invicta.wp19.axome.cc\/es\/wp-json\/wp\/v2\/media\/68305"}],"wp:attachment":[{"href":"https:\/\/dev.invicta.wp19.axome.cc\/es\/wp-json\/wp\/v2\/media?parent=69450"}],"wp:term":[{"taxonomy":"product_brand","embeddable":true,"href":"https:\/\/dev.invicta.wp19.axome.cc\/es\/wp-json\/wp\/v2\/product_brand?post=69450"},{"taxonomy":"product_cat","embeddable":true,"href":"https:\/\/dev.invicta.wp19.axome.cc\/es\/wp-json\/wp\/v2\/product_cat?post=69450"},{"taxonomy":"product_tag","embeddable":true,"href":"https:\/\/dev.invicta.wp19.axome.cc\/es\/wp-json\/wp\/v2\/product_tag?post=69450"},{"taxonomy":"plus_produit","embeddable":true,"href":"https:\/\/dev.invicta.wp19.axome.cc\/es\/wp-json\/wp\/v2\/plus_produit?post=69450"}],"curies":[{"name":"wp","href":"https:\/\/api.w.org\/{rel}","templated":true}]}}