{"id":69454,"date":"2025-11-26T08:09:53","date_gmt":"2025-06-09T16:07:45","guid":{"rendered":"https:\/\/dev.invicta.wp19.axome.cc\/produit\/estufa-de-pellets-olea-ip9\/"},"modified":"2025-06-09T18:07:55","modified_gmt":"2025-06-09T16:07:55","slug":"estufa-de-pellets-olea-ip9","status":"publish","type":"product","link":"https:\/\/dev.invicta.wp19.axome.cc\/es\/produit\/estufa-de-pellets-olea-ip9\/","title":{"rendered":"Estufa de pellets Olea IP9"},"content":{"rendered":"<p>Sobrio, el revestimiento de acero de la estufa Olea libera buenas y c\u00e1lidas vibraciones al ambiente de su hogar. Con sus l\u00edneas redondeadas, este modelo llena de suavidad y armon\u00eda todos los espacios interiores.<\/p>\n","protected":false},"excerpt":{"rendered":"<p>Sobrio, el revestimiento de acero de la estufa Olea libera buenas y c\u00e1lidas vibraciones al ambiente de su hogar. Con sus l\u00edneas redondeadas, este modelo llena de suavidad y armon\u00eda todos los espacios interiores.<\/p>\n","protected":false},"featured_media":68322,"template":"","meta":{"_acf_changed":false},"product_brand":[],"product_cat":[2293,3057,2321,6615,6451,6448,6614,6456,6450,6449],"product_tag":[2301,2303,2317,2607,2843,7048,6833],"plus_produit":[8054,6841,2318,6553,6673,4962,2309,2632,2635,2296,6613,2633],"class_list":{"1":"product","4":"has-post-thumbnail","6":"product_cat-ayuda-en-la-eleccion","7":"product_cat-estufas-de-pellets-es","8":"product_cat-estufas-de-pellets","9":"product_cat-estufas-de-pellets-9-kw","10":"product_cat-estufas-de-pellet-autonomas","11":"product_cat-estufas-de-pellets-programables","12":"product_cat-diseno-de-estufas-de-pellets","13":"product_cat-estufas-de-pellets-contemporaneas","14":"product_cat-estufas-de-pellets-modernas","15":"product_cat-estufas-de-pellet-redondas","16":"product_tag-flamme-verte-7","17":"product_tag-eco-design-2022-es","18":"product_tag-ecoetiqueta-a","19":"product_tag-conectable-estanco","20":"product_tag-conectable","21":"product_tag-y-garantia-de-3-anos","22":"product_tag-y-garantie-extension-1an-esp","23":"pa_autonomie-maximum-20-horas","24":"pa_capacite-de-la-tremie-17-kg-es","25":"pa_consommation-0-85-2-11-3","26":"pa_depart-des-fumees-detras","27":"pa_indice-de-performance-123-es","28":"pa_modulation-de-puissance-38-9-es","29":"pa_surface-de-chauffe-72-104-es","30":"pa_volume-de-chauffe-180-260-es","31":"plus_produit-accessoires-optionnels-ip-rubia-olea-3","32":"plus_produit-extension-de-garantie-1-an-esp","33":"plus_produit-kit-de-control-de-la-combustion-kcc","34":"plus_produit-kit-wifi-opcional","35":"plus_produit-la-ventilacion-se-puede-desconectar","36":"plus_produit-mando-a-distancia-opcional","37":"plus_produit-posibilidad-de-control-por-termostato-externo-no-incluido","38":"plus_produit-programacion-de-cronotermostato","39":"plus_produit-regulacion-de-la-potencia-o-de-la-temperatura-ambiente","40":"plus_produit-salida-de-aire-caliente-por-ventilador","41":"plus_produit-se-puede-conectar-con-el-kit-opcional-ref-p697010","42":"plus_produit-stand-by-espera","44":"first","45":"instock","46":"purchasable","47":"product-type-simple"},"acf":[],"yoast_head":"<!-- This site is optimized with the Yoast SEO plugin v24.7 - https:\/\/yoast.com\/wordpress\/plugins\/seo\/ -->\n<title>Estufa de pellets Olea IP9 - Invicta<\/title>\n<meta name=\"description\" content=\"Sobrio, el revestimiento de acero de la estufa Olea libera buenas y c\u00e1lidas vibraciones al ambiente de su hogar. Con sus l\u00edneas redondeadas, este modelo\" \/>\n<meta name=\"robots\" content=\"index, follow, max-snippet:-1, max-image-preview:large, max-video-preview:-1\" \/>\n<link rel=\"canonical\" href=\"https:\/\/dev.invicta.wp19.axome.cc\/es\/produit\/estufa-de-pellets-olea-ip9\/\" \/>\n<meta property=\"og:locale\" content=\"es_ES\" \/>\n<meta property=\"og:type\" content=\"article\" \/>\n<meta property=\"og:title\" content=\"Estufa de pellets Olea IP9 - Invicta\" \/>\n<meta property=\"og:description\" content=\"Sobrio, el revestimiento de acero de la estufa Olea libera buenas y c\u00e1lidas vibraciones al ambiente de su hogar. Con sus l\u00edneas redondeadas, este modelo\" \/>\n<meta property=\"og:url\" content=\"https:\/\/dev.invicta.wp19.axome.cc\/es\/produit\/estufa-de-pellets-olea-ip9\/\" \/>\n<meta property=\"og:site_name\" content=\"Invicta\" \/>\n<meta property=\"article:modified_time\" content=\"2025-06-09T16:07:55+00:00\" \/>\n<meta name=\"twitter:card\" content=\"summary_large_image\" \/>\n<script type=\"application\/ld+json\" class=\"yoast-schema-graph\">{\"@context\":\"https:\/\/schema.org\",\"@graph\":[{\"@type\":\"WebPage\",\"@id\":\"https:\/\/dev.invicta.wp19.axome.cc\/es\/produit\/estufa-de-pellets-olea-ip9\/\",\"url\":\"https:\/\/dev.invicta.wp19.axome.cc\/es\/produit\/estufa-de-pellets-olea-ip9\/\",\"name\":\"Estufa de pellets Olea IP9 - Invicta\",\"isPartOf\":{\"@id\":\"https:\/\/dev.invicta.wp19.axome.cc\/es\/#website\"},\"primaryImageOfPage\":{\"@id\":\"https:\/\/dev.invicta.wp19.axome.cc\/es\/produit\/estufa-de-pellets-olea-ip9\/#primaryimage\"},\"image\":{\"@id\":\"https:\/\/dev.invicta.wp19.axome.cc\/es\/produit\/estufa-de-pellets-olea-ip9\/#primaryimage\"},\"thumbnailUrl\":\"https:\/\/dev.invicta.wp19.axome.cc\/wp-content\/uploads\/2025\/06\/OLEA_noir_1431699433.jpg\",\"datePublished\":\"2025-06-09T16:07:45+00:00\",\"dateModified\":\"2025-06-09T16:07:55+00:00\",\"description\":\"Sobrio, el revestimiento de acero de la estufa Olea libera buenas y c\u00e1lidas vibraciones al ambiente de su hogar. Con sus l\u00edneas redondeadas, este modelo\",\"breadcrumb\":{\"@id\":\"https:\/\/dev.invicta.wp19.axome.cc\/es\/produit\/estufa-de-pellets-olea-ip9\/#breadcrumb\"},\"inLanguage\":\"es\",\"potentialAction\":[{\"@type\":\"ReadAction\",\"target\":[\"https:\/\/dev.invicta.wp19.axome.cc\/es\/produit\/estufa-de-pellets-olea-ip9\/\"]}]},{\"@type\":\"ImageObject\",\"inLanguage\":\"es\",\"@id\":\"https:\/\/dev.invicta.wp19.axome.cc\/es\/produit\/estufa-de-pellets-olea-ip9\/#primaryimage\",\"url\":\"https:\/\/dev.invicta.wp19.axome.cc\/wp-content\/uploads\/2025\/06\/OLEA_noir_1431699433.jpg\",\"contentUrl\":\"https:\/\/dev.invicta.wp19.axome.cc\/wp-content\/uploads\/2025\/06\/OLEA_noir_1431699433.jpg\",\"width\":460,\"height\":862,\"caption\":\"Po\u00eale \u00e0 granul\u00e9s Olea gris IPE6\"},{\"@type\":\"BreadcrumbList\",\"@id\":\"https:\/\/dev.invicta.wp19.axome.cc\/es\/produit\/estufa-de-pellets-olea-ip9\/#breadcrumb\",\"itemListElement\":[{\"@type\":\"ListItem\",\"position\":1,\"name\":\"Inicio\",\"item\":\"https:\/\/dev.invicta.wp19.axome.cc\/es\/\"},{\"@type\":\"ListItem\",\"position\":2,\"name\":\"Productos\",\"item\":\"https:\/\/dev.invicta.wp19.axome.cc\/es\/shop\/\"},{\"@type\":\"ListItem\",\"position\":3,\"name\":\"Estufas de pellets\",\"item\":\"https:\/\/dev.invicta.wp19.axome.cc\/es\/categorie-produit\/estufas-de-pellets-es\/\"},{\"@type\":\"ListItem\",\"position\":4,\"name\":\"Estufas de pellets\",\"item\":\"https:\/\/dev.invicta.wp19.axome.cc\/es\/categorie-produit\/estufas-de-pellets-es\/estufas-de-pellets\/\"},{\"@type\":\"ListItem\",\"position\":5,\"name\":\"Estufa de pellets Olea IP9\"}]},{\"@type\":\"WebSite\",\"@id\":\"https:\/\/dev.invicta.wp19.axome.cc\/es\/#website\",\"url\":\"https:\/\/dev.invicta.wp19.axome.cc\/es\/\",\"name\":\"Invicta\",\"description\":\"Fabricant fran\u00e7ais, sp\u00e9cialiste europ\u00e9en du chauffage au bois : po\u00eales \u00e0 bois et \u00e0 granul\u00e9s, chemin\u00e9es, foyers et inserts\",\"publisher\":{\"@id\":\"https:\/\/dev.invicta.wp19.axome.cc\/es\/#organization\"},\"potentialAction\":[{\"@type\":\"SearchAction\",\"target\":{\"@type\":\"EntryPoint\",\"urlTemplate\":\"https:\/\/dev.invicta.wp19.axome.cc\/es\/?s={search_term_string}\"},\"query-input\":{\"@type\":\"PropertyValueSpecification\",\"valueRequired\":true,\"valueName\":\"search_term_string\"}}],\"inLanguage\":\"es\"},{\"@type\":\"Organization\",\"@id\":\"https:\/\/dev.invicta.wp19.axome.cc\/es\/#organization\",\"name\":\"Invicta\",\"url\":\"https:\/\/dev.invicta.wp19.axome.cc\/es\/\",\"logo\":{\"@type\":\"ImageObject\",\"inLanguage\":\"es\",\"@id\":\"https:\/\/dev.invicta.wp19.axome.cc\/es\/#\/schema\/logo\/image\/\",\"url\":\"https:\/\/www.invicta.fr\/wp-content\/uploads\/2019\/06\/INVICTALOGO_RVB.png\",\"contentUrl\":\"https:\/\/www.invicta.fr\/wp-content\/uploads\/2019\/06\/INVICTALOGO_RVB.png\",\"width\":1810,\"height\":1280,\"caption\":\"Invicta\"},\"image\":{\"@id\":\"https:\/\/dev.invicta.wp19.axome.cc\/es\/#\/schema\/logo\/image\/\"}}]}<\/script>\n<!-- \/ Yoast SEO plugin. -->","yoast_head_json":{"title":"Estufa de pellets Olea IP9 - Invicta","description":"Sobrio, el revestimiento de acero de la estufa Olea libera buenas y c\u00e1lidas vibraciones al ambiente de su hogar. Con sus l\u00edneas redondeadas, este modelo","robots":{"index":"index","follow":"follow","max-snippet":"max-snippet:-1","max-image-preview":"max-image-preview:large","max-video-preview":"max-video-preview:-1"},"canonical":"https:\/\/dev.invicta.wp19.axome.cc\/es\/produit\/estufa-de-pellets-olea-ip9\/","og_locale":"es_ES","og_type":"article","og_title":"Estufa de pellets Olea IP9 - Invicta","og_description":"Sobrio, el revestimiento de acero de la estufa Olea libera buenas y c\u00e1lidas vibraciones al ambiente de su hogar. Con sus l\u00edneas redondeadas, este modelo","og_url":"https:\/\/dev.invicta.wp19.axome.cc\/es\/produit\/estufa-de-pellets-olea-ip9\/","og_site_name":"Invicta","article_modified_time":"2025-06-09T16:07:55+00:00","twitter_card":"summary_large_image","schema":{"@context":"https:\/\/schema.org","@graph":[{"@type":"WebPage","@id":"https:\/\/dev.invicta.wp19.axome.cc\/es\/produit\/estufa-de-pellets-olea-ip9\/","url":"https:\/\/dev.invicta.wp19.axome.cc\/es\/produit\/estufa-de-pellets-olea-ip9\/","name":"Estufa de pellets Olea IP9 - Invicta","isPartOf":{"@id":"https:\/\/dev.invicta.wp19.axome.cc\/es\/#website"},"primaryImageOfPage":{"@id":"https:\/\/dev.invicta.wp19.axome.cc\/es\/produit\/estufa-de-pellets-olea-ip9\/#primaryimage"},"image":{"@id":"https:\/\/dev.invicta.wp19.axome.cc\/es\/produit\/estufa-de-pellets-olea-ip9\/#primaryimage"},"thumbnailUrl":"https:\/\/dev.invicta.wp19.axome.cc\/wp-content\/uploads\/2025\/06\/OLEA_noir_1431699433.jpg","datePublished":"2025-06-09T16:07:45+00:00","dateModified":"2025-06-09T16:07:55+00:00","description":"Sobrio, el revestimiento de acero de la estufa Olea libera buenas y c\u00e1lidas vibraciones al ambiente de su hogar. Con sus l\u00edneas redondeadas, este modelo","breadcrumb":{"@id":"https:\/\/dev.invicta.wp19.axome.cc\/es\/produit\/estufa-de-pellets-olea-ip9\/#breadcrumb"},"inLanguage":"es","potentialAction":[{"@type":"ReadAction","target":["https:\/\/dev.invicta.wp19.axome.cc\/es\/produit\/estufa-de-pellets-olea-ip9\/"]}]},{"@type":"ImageObject","inLanguage":"es","@id":"https:\/\/dev.invicta.wp19.axome.cc\/es\/produit\/estufa-de-pellets-olea-ip9\/#primaryimage","url":"https:\/\/dev.invicta.wp19.axome.cc\/wp-content\/uploads\/2025\/06\/OLEA_noir_1431699433.jpg","contentUrl":"https:\/\/dev.invicta.wp19.axome.cc\/wp-content\/uploads\/2025\/06\/OLEA_noir_1431699433.jpg","width":460,"height":862,"caption":"Po\u00eale \u00e0 granul\u00e9s Olea gris IPE6"},{"@type":"BreadcrumbList","@id":"https:\/\/dev.invicta.wp19.axome.cc\/es\/produit\/estufa-de-pellets-olea-ip9\/#breadcrumb","itemListElement":[{"@type":"ListItem","position":1,"name":"Inicio","item":"https:\/\/dev.invicta.wp19.axome.cc\/es\/"},{"@type":"ListItem","position":2,"name":"Productos","item":"https:\/\/dev.invicta.wp19.axome.cc\/es\/shop\/"},{"@type":"ListItem","position":3,"name":"Estufas de pellets","item":"https:\/\/dev.invicta.wp19.axome.cc\/es\/categorie-produit\/estufas-de-pellets-es\/"},{"@type":"ListItem","position":4,"name":"Estufas de pellets","item":"https:\/\/dev.invicta.wp19.axome.cc\/es\/categorie-produit\/estufas-de-pellets-es\/estufas-de-pellets\/"},{"@type":"ListItem","position":5,"name":"Estufa de pellets Olea IP9"}]},{"@type":"WebSite","@id":"https:\/\/dev.invicta.wp19.axome.cc\/es\/#website","url":"https:\/\/dev.invicta.wp19.axome.cc\/es\/","name":"Invicta","description":"Fabricant fran\u00e7ais, sp\u00e9cialiste europ\u00e9en du chauffage au bois : po\u00eales \u00e0 bois et \u00e0 granul\u00e9s, chemin\u00e9es, foyers et inserts","publisher":{"@id":"https:\/\/dev.invicta.wp19.axome.cc\/es\/#organization"},"potentialAction":[{"@type":"SearchAction","target":{"@type":"EntryPoint","urlTemplate":"https:\/\/dev.invicta.wp19.axome.cc\/es\/?s={search_term_string}"},"query-input":{"@type":"PropertyValueSpecification","valueRequired":true,"valueName":"search_term_string"}}],"inLanguage":"es"},{"@type":"Organization","@id":"https:\/\/dev.invicta.wp19.axome.cc\/es\/#organization","name":"Invicta","url":"https:\/\/dev.invicta.wp19.axome.cc\/es\/","logo":{"@type":"ImageObject","inLanguage":"es","@id":"https:\/\/dev.invicta.wp19.axome.cc\/es\/#\/schema\/logo\/image\/","url":"https:\/\/www.invicta.fr\/wp-content\/uploads\/2019\/06\/INVICTALOGO_RVB.png","contentUrl":"https:\/\/www.invicta.fr\/wp-content\/uploads\/2019\/06\/INVICTALOGO_RVB.png","width":1810,"height":1280,"caption":"Invicta"},"image":{"@id":"https:\/\/dev.invicta.wp19.axome.cc\/es\/#\/schema\/logo\/image\/"}}]}},"_links":{"self":[{"href":"https:\/\/dev.invicta.wp19.axome.cc\/es\/wp-json\/wp\/v2\/product\/69454","targetHints":{"allow":["GET"]}}],"collection":[{"href":"https:\/\/dev.invicta.wp19.axome.cc\/es\/wp-json\/wp\/v2\/product"}],"about":[{"href":"https:\/\/dev.invicta.wp19.axome.cc\/es\/wp-json\/wp\/v2\/types\/product"}],"wp:featuredmedia":[{"embeddable":true,"href":"https:\/\/dev.invicta.wp19.axome.cc\/es\/wp-json\/wp\/v2\/media\/68322"}],"wp:attachment":[{"href":"https:\/\/dev.invicta.wp19.axome.cc\/es\/wp-json\/wp\/v2\/media?parent=69454"}],"wp:term":[{"taxonomy":"product_brand","embeddable":true,"href":"https:\/\/dev.invicta.wp19.axome.cc\/es\/wp-json\/wp\/v2\/product_brand?post=69454"},{"taxonomy":"product_cat","embeddable":true,"href":"https:\/\/dev.invicta.wp19.axome.cc\/es\/wp-json\/wp\/v2\/product_cat?post=69454"},{"taxonomy":"product_tag","embeddable":true,"href":"https:\/\/dev.invicta.wp19.axome.cc\/es\/wp-json\/wp\/v2\/product_tag?post=69454"},{"taxonomy":"plus_produit","embeddable":true,"href":"https:\/\/dev.invicta.wp19.axome.cc\/es\/wp-json\/wp\/v2\/plus_produit?post=69454"}],"curies":[{"name":"wp","href":"https:\/\/api.w.org\/{rel}","templated":true}]}}