{"id":69498,"date":"2025-11-26T08:15:29","date_gmt":"2025-11-26T10:12:20","guid":{"rendered":"https:\/\/dev.invicta.wp19.axome.cc\/produit\/estufa-de-pellets-estanca-al-aire-lodi-6-gris-wi-fi-salida-de-humos-concentrica\/"},"modified":"2025-11-26T12:12:22","modified_gmt":"2025-11-26T11:12:22","slug":"estufa-de-pellets-estanca-concentrico-lodi-6-wi-fi-gris","status":"publish","type":"product","link":"https:\/\/dev.invicta.wp19.axome.cc\/es\/produit\/estufa-de-pellets-estanca-concentrico-lodi-6-wi-fi-gris\/","title":{"rendered":"Estufa de pellets estanca al aire  Lodi 6 gris Wi-Fi  &#8211; salida de humos conc\u00e9ntrica"},"content":{"rendered":"","protected":false},"excerpt":{"rendered":"<p>Estanqueidad, salida de humos conc\u00e9ntrica, Wi-Fi integrado: la estufa de pellets Lodi 6 tiene todo lo necesario para garantizar su confort en un nuevo hogar.<\/p>\n","protected":false},"featured_media":68638,"template":"","meta":{"_acf_changed":false},"product_brand":[],"product_cat":[2293,3057,3058,6674,6675,6451,6448,6456,6450,6449,6455,6453],"product_tag":[2301,2303,2317,6459,6460,7048,6833],"plus_produit":[3188,2597,6841,2318,2309,3187,2312,2294,2296,8058,2633,6447],"class_list":{"1":"product","4":"has-post-thumbnail","6":"product_cat-ayuda-en-la-eleccion","7":"product_cat-estufas-de-pellets-es","8":"product_cat-estufas-de-pellets-estancas","9":"product_cat-estufas-de-pellets-6-kw","10":"product_cat-estufas-de-pellets-hermeticas-6-kw","11":"product_cat-estufas-de-pellet-autonomas","12":"product_cat-estufas-de-pellets-programables","13":"product_cat-estufas-de-pellets-contemporaneas","14":"product_cat-estufas-de-pellets-modernas","15":"product_cat-estufas-de-pellet-redondas","16":"product_cat-toma-de-pared-para-estufas-de-pellets","17":"product_cat-estufas-de-pellets-con-salida-de-aspiracion","18":"product_tag-flamme-verte-7","19":"product_tag-eco-design-2022-es","20":"product_tag-ecoetiqueta-a","21":"product_tag-wifi-estandar","22":"product_tag-zona-3-ventosa","23":"product_tag-y-garantia-de-3-anos","24":"product_tag-y-garantie-extension-1an-esp","25":"pa_consommation-0-75-1-44-2-2","26":"pa_depart-des-fumees-concentrique-2","27":"pa_surface-de-chauffe-25-a-70-m-es","28":"pa_volume-de-chauffe-65-a-180-m-es","29":"plus_produit-dictamen-tecnico-cstb-n-14-2-15-2130v5","30":"plus_produit-dispositivo-resistente-al-agua-compatible-con-rt2012","31":"plus_produit-extension-de-garantie-1-an-esp","32":"plus_produit-kit-de-control-de-la-combustion-kcc","33":"plus_produit-posibilidad-de-control-por-termostato-externo-no-incluido","34":"plus_produit-posible-instalacion-de-fachada-zona-3-ventosa","35":"plus_produit-programacion-horaria","36":"plus_produit-regulacion-de-la-potencia-o-la-temperatura-ambiente","37":"plus_produit-salida-de-aire-caliente-por-ventilador","38":"plus_produit-sortie-dessus-concentrique-coaxiale-integree-80-130-3","39":"plus_produit-stand-by-espera","40":"plus_produit-wi-fi-incorporado","42":"first","43":"instock","44":"purchasable","45":"product-type-simple"},"acf":[],"yoast_head":"<!-- This site is optimized with the Yoast SEO plugin v24.7 - https:\/\/yoast.com\/wordpress\/plugins\/seo\/ -->\n<title>Estufa de pellets estanca al aire Lodi 6 gris Wi-Fi - salida de humos conc\u00e9ntrica - Invicta<\/title>\n<meta name=\"description\" content=\"Estanqueidad, salida de humos conc\u00e9ntrica, Wi-Fi integrado: la estufa de pellets Lodi 6 tiene todo lo necesario para garantizar su confort en un nuevo hogar.\" \/>\n<meta name=\"robots\" content=\"index, follow, max-snippet:-1, max-image-preview:large, max-video-preview:-1\" \/>\n<link rel=\"canonical\" href=\"https:\/\/dev.invicta.wp19.axome.cc\/es\/produit\/estufa-de-pellets-estanca-concentrico-lodi-6-wi-fi-gris\/\" \/>\n<meta property=\"og:locale\" content=\"es_ES\" \/>\n<meta property=\"og:type\" content=\"article\" \/>\n<meta property=\"og:title\" content=\"Estufa de pellets estanca al aire Lodi 6 gris Wi-Fi - salida de humos conc\u00e9ntrica - Invicta\" \/>\n<meta property=\"og:description\" content=\"Estanqueidad, salida de humos conc\u00e9ntrica, Wi-Fi integrado: la estufa de pellets Lodi 6 tiene todo lo necesario para garantizar su confort en un nuevo hogar.\" \/>\n<meta property=\"og:url\" content=\"https:\/\/dev.invicta.wp19.axome.cc\/es\/produit\/estufa-de-pellets-estanca-concentrico-lodi-6-wi-fi-gris\/\" \/>\n<meta property=\"og:site_name\" content=\"Invicta\" \/>\n<meta property=\"article:modified_time\" content=\"2025-11-26T11:12:22+00:00\" \/>\n<meta property=\"og:image\" content=\"https:\/\/dev.invicta.wp19.axome.cc\/wp-content\/uploads\/2025\/06\/A_LODI6_gris_web.jpg\" \/>\n\t<meta property=\"og:image:width\" content=\"800\" \/>\n\t<meta property=\"og:image:height\" content=\"800\" \/>\n\t<meta property=\"og:image:type\" content=\"image\/jpeg\" \/>\n<meta name=\"twitter:card\" content=\"summary_large_image\" \/>\n<script type=\"application\/ld+json\" class=\"yoast-schema-graph\">{\"@context\":\"https:\/\/schema.org\",\"@graph\":[{\"@type\":\"WebPage\",\"@id\":\"https:\/\/dev.invicta.wp19.axome.cc\/es\/produit\/estufa-de-pellets-estanca-concentrico-lodi-6-wi-fi-gris\/\",\"url\":\"https:\/\/dev.invicta.wp19.axome.cc\/es\/produit\/estufa-de-pellets-estanca-concentrico-lodi-6-wi-fi-gris\/\",\"name\":\"Estufa de pellets estanca al aire Lodi 6 gris Wi-Fi - salida de humos conc\u00e9ntrica - Invicta\",\"isPartOf\":{\"@id\":\"https:\/\/dev.invicta.wp19.axome.cc\/es\/#website\"},\"primaryImageOfPage\":{\"@id\":\"https:\/\/dev.invicta.wp19.axome.cc\/es\/produit\/estufa-de-pellets-estanca-concentrico-lodi-6-wi-fi-gris\/#primaryimage\"},\"image\":{\"@id\":\"https:\/\/dev.invicta.wp19.axome.cc\/es\/produit\/estufa-de-pellets-estanca-concentrico-lodi-6-wi-fi-gris\/#primaryimage\"},\"thumbnailUrl\":\"https:\/\/dev.invicta.wp19.axome.cc\/wp-content\/uploads\/2025\/06\/A_LODI6_gris_web.jpg\",\"datePublished\":\"2025-11-26T10:12:20+00:00\",\"dateModified\":\"2025-11-26T11:12:22+00:00\",\"description\":\"Estanqueidad, salida de humos conc\u00e9ntrica, Wi-Fi integrado: la estufa de pellets Lodi 6 tiene todo lo necesario para garantizar su confort en un nuevo hogar.\",\"breadcrumb\":{\"@id\":\"https:\/\/dev.invicta.wp19.axome.cc\/es\/produit\/estufa-de-pellets-estanca-concentrico-lodi-6-wi-fi-gris\/#breadcrumb\"},\"inLanguage\":\"es\",\"potentialAction\":[{\"@type\":\"ReadAction\",\"target\":[\"https:\/\/dev.invicta.wp19.axome.cc\/es\/produit\/estufa-de-pellets-estanca-concentrico-lodi-6-wi-fi-gris\/\"]}]},{\"@type\":\"ImageObject\",\"inLanguage\":\"es\",\"@id\":\"https:\/\/dev.invicta.wp19.axome.cc\/es\/produit\/estufa-de-pellets-estanca-concentrico-lodi-6-wi-fi-gris\/#primaryimage\",\"url\":\"https:\/\/dev.invicta.wp19.axome.cc\/wp-content\/uploads\/2025\/06\/A_LODI6_gris_web.jpg\",\"contentUrl\":\"https:\/\/dev.invicta.wp19.axome.cc\/wp-content\/uploads\/2025\/06\/A_LODI6_gris_web.jpg\",\"width\":800,\"height\":800,\"caption\":\"Po\u00eale \u00e0 Granul\u00e9s \u00e9tanche Lodi 6 - concentrique WiFi\"},{\"@type\":\"BreadcrumbList\",\"@id\":\"https:\/\/dev.invicta.wp19.axome.cc\/es\/produit\/estufa-de-pellets-estanca-concentrico-lodi-6-wi-fi-gris\/#breadcrumb\",\"itemListElement\":[{\"@type\":\"ListItem\",\"position\":1,\"name\":\"Inicio\",\"item\":\"https:\/\/dev.invicta.wp19.axome.cc\/es\/\"},{\"@type\":\"ListItem\",\"position\":2,\"name\":\"Productos\",\"item\":\"https:\/\/dev.invicta.wp19.axome.cc\/es\/shop\/\"},{\"@type\":\"ListItem\",\"position\":3,\"name\":\"Estufas de pellets\",\"item\":\"https:\/\/dev.invicta.wp19.axome.cc\/es\/categorie-produit\/estufas-de-pellets-es\/\"},{\"@type\":\"ListItem\",\"position\":4,\"name\":\"Estufas de pellets estancas\",\"item\":\"https:\/\/dev.invicta.wp19.axome.cc\/es\/categorie-produit\/estufas-de-pellets-es\/estufas-de-pellets-estancas\/\"},{\"@type\":\"ListItem\",\"position\":5,\"name\":\"Estufa de pellets estanca al aire Lodi 6 gris Wi-Fi &#8211; salida de humos conc\u00e9ntrica\"}]},{\"@type\":\"WebSite\",\"@id\":\"https:\/\/dev.invicta.wp19.axome.cc\/es\/#website\",\"url\":\"https:\/\/dev.invicta.wp19.axome.cc\/es\/\",\"name\":\"Invicta\",\"description\":\"Fabricant fran\u00e7ais, sp\u00e9cialiste europ\u00e9en du chauffage au bois : po\u00eales \u00e0 bois et \u00e0 granul\u00e9s, chemin\u00e9es, foyers et inserts\",\"publisher\":{\"@id\":\"https:\/\/dev.invicta.wp19.axome.cc\/es\/#organization\"},\"potentialAction\":[{\"@type\":\"SearchAction\",\"target\":{\"@type\":\"EntryPoint\",\"urlTemplate\":\"https:\/\/dev.invicta.wp19.axome.cc\/es\/?s={search_term_string}\"},\"query-input\":{\"@type\":\"PropertyValueSpecification\",\"valueRequired\":true,\"valueName\":\"search_term_string\"}}],\"inLanguage\":\"es\"},{\"@type\":\"Organization\",\"@id\":\"https:\/\/dev.invicta.wp19.axome.cc\/es\/#organization\",\"name\":\"Invicta\",\"url\":\"https:\/\/dev.invicta.wp19.axome.cc\/es\/\",\"logo\":{\"@type\":\"ImageObject\",\"inLanguage\":\"es\",\"@id\":\"https:\/\/dev.invicta.wp19.axome.cc\/es\/#\/schema\/logo\/image\/\",\"url\":\"https:\/\/www.invicta.fr\/wp-content\/uploads\/2019\/06\/INVICTALOGO_RVB.png\",\"contentUrl\":\"https:\/\/www.invicta.fr\/wp-content\/uploads\/2019\/06\/INVICTALOGO_RVB.png\",\"width\":1810,\"height\":1280,\"caption\":\"Invicta\"},\"image\":{\"@id\":\"https:\/\/dev.invicta.wp19.axome.cc\/es\/#\/schema\/logo\/image\/\"}}]}<\/script>\n<!-- \/ Yoast SEO plugin. -->","yoast_head_json":{"title":"Estufa de pellets estanca al aire Lodi 6 gris Wi-Fi - salida de humos conc\u00e9ntrica - Invicta","description":"Estanqueidad, salida de humos conc\u00e9ntrica, Wi-Fi integrado: la estufa de pellets Lodi 6 tiene todo lo necesario para garantizar su confort en un nuevo hogar.","robots":{"index":"index","follow":"follow","max-snippet":"max-snippet:-1","max-image-preview":"max-image-preview:large","max-video-preview":"max-video-preview:-1"},"canonical":"https:\/\/dev.invicta.wp19.axome.cc\/es\/produit\/estufa-de-pellets-estanca-concentrico-lodi-6-wi-fi-gris\/","og_locale":"es_ES","og_type":"article","og_title":"Estufa de pellets estanca al aire Lodi 6 gris Wi-Fi - salida de humos conc\u00e9ntrica - Invicta","og_description":"Estanqueidad, salida de humos conc\u00e9ntrica, Wi-Fi integrado: la estufa de pellets Lodi 6 tiene todo lo necesario para garantizar su confort en un nuevo hogar.","og_url":"https:\/\/dev.invicta.wp19.axome.cc\/es\/produit\/estufa-de-pellets-estanca-concentrico-lodi-6-wi-fi-gris\/","og_site_name":"Invicta","article_modified_time":"2025-11-26T11:12:22+00:00","og_image":[{"width":800,"height":800,"url":"https:\/\/dev.invicta.wp19.axome.cc\/wp-content\/uploads\/2025\/06\/A_LODI6_gris_web.jpg","type":"image\/jpeg"}],"twitter_card":"summary_large_image","schema":{"@context":"https:\/\/schema.org","@graph":[{"@type":"WebPage","@id":"https:\/\/dev.invicta.wp19.axome.cc\/es\/produit\/estufa-de-pellets-estanca-concentrico-lodi-6-wi-fi-gris\/","url":"https:\/\/dev.invicta.wp19.axome.cc\/es\/produit\/estufa-de-pellets-estanca-concentrico-lodi-6-wi-fi-gris\/","name":"Estufa de pellets estanca al aire Lodi 6 gris Wi-Fi - salida de humos conc\u00e9ntrica - Invicta","isPartOf":{"@id":"https:\/\/dev.invicta.wp19.axome.cc\/es\/#website"},"primaryImageOfPage":{"@id":"https:\/\/dev.invicta.wp19.axome.cc\/es\/produit\/estufa-de-pellets-estanca-concentrico-lodi-6-wi-fi-gris\/#primaryimage"},"image":{"@id":"https:\/\/dev.invicta.wp19.axome.cc\/es\/produit\/estufa-de-pellets-estanca-concentrico-lodi-6-wi-fi-gris\/#primaryimage"},"thumbnailUrl":"https:\/\/dev.invicta.wp19.axome.cc\/wp-content\/uploads\/2025\/06\/A_LODI6_gris_web.jpg","datePublished":"2025-11-26T10:12:20+00:00","dateModified":"2025-11-26T11:12:22+00:00","description":"Estanqueidad, salida de humos conc\u00e9ntrica, Wi-Fi integrado: la estufa de pellets Lodi 6 tiene todo lo necesario para garantizar su confort en un nuevo hogar.","breadcrumb":{"@id":"https:\/\/dev.invicta.wp19.axome.cc\/es\/produit\/estufa-de-pellets-estanca-concentrico-lodi-6-wi-fi-gris\/#breadcrumb"},"inLanguage":"es","potentialAction":[{"@type":"ReadAction","target":["https:\/\/dev.invicta.wp19.axome.cc\/es\/produit\/estufa-de-pellets-estanca-concentrico-lodi-6-wi-fi-gris\/"]}]},{"@type":"ImageObject","inLanguage":"es","@id":"https:\/\/dev.invicta.wp19.axome.cc\/es\/produit\/estufa-de-pellets-estanca-concentrico-lodi-6-wi-fi-gris\/#primaryimage","url":"https:\/\/dev.invicta.wp19.axome.cc\/wp-content\/uploads\/2025\/06\/A_LODI6_gris_web.jpg","contentUrl":"https:\/\/dev.invicta.wp19.axome.cc\/wp-content\/uploads\/2025\/06\/A_LODI6_gris_web.jpg","width":800,"height":800,"caption":"Po\u00eale \u00e0 Granul\u00e9s \u00e9tanche Lodi 6 - concentrique WiFi"},{"@type":"BreadcrumbList","@id":"https:\/\/dev.invicta.wp19.axome.cc\/es\/produit\/estufa-de-pellets-estanca-concentrico-lodi-6-wi-fi-gris\/#breadcrumb","itemListElement":[{"@type":"ListItem","position":1,"name":"Inicio","item":"https:\/\/dev.invicta.wp19.axome.cc\/es\/"},{"@type":"ListItem","position":2,"name":"Productos","item":"https:\/\/dev.invicta.wp19.axome.cc\/es\/shop\/"},{"@type":"ListItem","position":3,"name":"Estufas de pellets","item":"https:\/\/dev.invicta.wp19.axome.cc\/es\/categorie-produit\/estufas-de-pellets-es\/"},{"@type":"ListItem","position":4,"name":"Estufas de pellets estancas","item":"https:\/\/dev.invicta.wp19.axome.cc\/es\/categorie-produit\/estufas-de-pellets-es\/estufas-de-pellets-estancas\/"},{"@type":"ListItem","position":5,"name":"Estufa de pellets estanca al aire Lodi 6 gris Wi-Fi &#8211; salida de humos conc\u00e9ntrica"}]},{"@type":"WebSite","@id":"https:\/\/dev.invicta.wp19.axome.cc\/es\/#website","url":"https:\/\/dev.invicta.wp19.axome.cc\/es\/","name":"Invicta","description":"Fabricant fran\u00e7ais, sp\u00e9cialiste europ\u00e9en du chauffage au bois : po\u00eales \u00e0 bois et \u00e0 granul\u00e9s, chemin\u00e9es, foyers et inserts","publisher":{"@id":"https:\/\/dev.invicta.wp19.axome.cc\/es\/#organization"},"potentialAction":[{"@type":"SearchAction","target":{"@type":"EntryPoint","urlTemplate":"https:\/\/dev.invicta.wp19.axome.cc\/es\/?s={search_term_string}"},"query-input":{"@type":"PropertyValueSpecification","valueRequired":true,"valueName":"search_term_string"}}],"inLanguage":"es"},{"@type":"Organization","@id":"https:\/\/dev.invicta.wp19.axome.cc\/es\/#organization","name":"Invicta","url":"https:\/\/dev.invicta.wp19.axome.cc\/es\/","logo":{"@type":"ImageObject","inLanguage":"es","@id":"https:\/\/dev.invicta.wp19.axome.cc\/es\/#\/schema\/logo\/image\/","url":"https:\/\/www.invicta.fr\/wp-content\/uploads\/2019\/06\/INVICTALOGO_RVB.png","contentUrl":"https:\/\/www.invicta.fr\/wp-content\/uploads\/2019\/06\/INVICTALOGO_RVB.png","width":1810,"height":1280,"caption":"Invicta"},"image":{"@id":"https:\/\/dev.invicta.wp19.axome.cc\/es\/#\/schema\/logo\/image\/"}}]}},"_links":{"self":[{"href":"https:\/\/dev.invicta.wp19.axome.cc\/es\/wp-json\/wp\/v2\/product\/69498","targetHints":{"allow":["GET"]}}],"collection":[{"href":"https:\/\/dev.invicta.wp19.axome.cc\/es\/wp-json\/wp\/v2\/product"}],"about":[{"href":"https:\/\/dev.invicta.wp19.axome.cc\/es\/wp-json\/wp\/v2\/types\/product"}],"wp:featuredmedia":[{"embeddable":true,"href":"https:\/\/dev.invicta.wp19.axome.cc\/es\/wp-json\/wp\/v2\/media\/68638"}],"wp:attachment":[{"href":"https:\/\/dev.invicta.wp19.axome.cc\/es\/wp-json\/wp\/v2\/media?parent=69498"}],"wp:term":[{"taxonomy":"product_brand","embeddable":true,"href":"https:\/\/dev.invicta.wp19.axome.cc\/es\/wp-json\/wp\/v2\/product_brand?post=69498"},{"taxonomy":"product_cat","embeddable":true,"href":"https:\/\/dev.invicta.wp19.axome.cc\/es\/wp-json\/wp\/v2\/product_cat?post=69498"},{"taxonomy":"product_tag","embeddable":true,"href":"https:\/\/dev.invicta.wp19.axome.cc\/es\/wp-json\/wp\/v2\/product_tag?post=69498"},{"taxonomy":"plus_produit","embeddable":true,"href":"https:\/\/dev.invicta.wp19.axome.cc\/es\/wp-json\/wp\/v2\/plus_produit?post=69498"}],"curies":[{"name":"wp","href":"https:\/\/api.w.org\/{rel}","templated":true}]}}