{"id":69502,"date":"2025-11-26T08:11:56","date_gmt":"2025-06-09T16:08:32","guid":{"rendered":"https:\/\/dev.invicta.wp19.axome.cc\/produit\/estufa-de-pellet-estanca-wi-fi-lodi-8-estufa-de-pellet\/"},"modified":"2025-06-09T18:08:35","modified_gmt":"2025-06-09T16:08:35","slug":"estufa-de-pellet-estanca-wi-fi-lodi-8-estufa-de-pellet","status":"publish","type":"product","link":"https:\/\/dev.invicta.wp19.axome.cc\/es\/produit\/estufa-de-pellet-estanca-wi-fi-lodi-8-estufa-de-pellet\/","title":{"rendered":"Estufa de Pellet Estanca Wi-Fi Lodi 8 &#8211; Estufa de Pellet"},"content":{"rendered":"<p>Con sus l\u00edneas redondas y su estilo suavizado, Lodi 8 estanca difunde calidez y bienestar en tu hogar. Tiene Wi-Fi incorporado y se puede controlar desde un tel\u00e9fono inteligente.<\/p>\n","protected":false},"excerpt":{"rendered":"<p>Con sus l\u00edneas redondas y su estilo suavizado, Lodi 8 estanca difunde calidez y bienestar en tu hogar. Tiene Wi-Fi incorporado y se puede controlar desde un tel\u00e9fono inteligente.<\/p>\n","protected":false},"featured_media":68661,"template":"","meta":{"_acf_changed":false},"product_brand":[],"product_cat":[],"product_tag":[2301,2303,2317,6459,6460,7048,6833],"plus_produit":[3188,2597,6841,2318,2309,3187,2312,2294,2296,2633,6447],"class_list":{"1":"product","4":"has-post-thumbnail","6":"product_tag-flamme-verte-7","7":"product_tag-eco-design-2022-es","8":"product_tag-ecoetiqueta-a","9":"product_tag-wifi-estandar","10":"product_tag-zona-3-ventosa","11":"product_tag-y-garantia-de-3-anos","12":"product_tag-y-garantie-extension-1an-esp","13":"pa_autonomie-minimum-9-horas","14":"pa_capacite-de-la-tremie-165-kg","15":"pa_consommation-0-69-1-77-2","16":"pa_depart-des-fumees-detras","17":"pa_modulation-de-puissance-31-8-es","18":"pa_surface-de-chauffe-30-a-100-m-es","19":"pa_taux-de-co-0-0078-2","20":"pa_volume-de-chauffe-75-a-240-m-es","21":"plus_produit-dictamen-tecnico-cstb-n-14-2-15-2130v5","22":"plus_produit-dispositivo-resistente-al-agua-compatible-con-rt2012","23":"plus_produit-extension-de-garantie-1-an-esp","24":"plus_produit-kit-de-control-de-la-combustion-kcc","25":"plus_produit-posibilidad-de-control-por-termostato-externo-no-incluido","26":"plus_produit-posible-instalacion-de-fachada-zona-3-ventosa","27":"plus_produit-programacion-horaria","28":"plus_produit-regulacion-de-la-potencia-o-la-temperatura-ambiente","29":"plus_produit-salida-de-aire-caliente-por-ventilador","30":"plus_produit-stand-by-espera","31":"plus_produit-wi-fi-incorporado","33":"first","34":"instock","35":"purchasable","36":"product-type-simple"},"acf":[],"yoast_head":"<!-- This site is optimized with the Yoast SEO plugin v24.7 - https:\/\/yoast.com\/wordpress\/plugins\/seo\/ -->\n<title>Estufa de Pellet Estanca Wi-Fi Lodi 8 - Estufa de Pellet - Invicta<\/title>\n<meta name=\"description\" content=\"Con sus l\u00edneas redondas y su estilo suavizado, Lodi 8 estanca difunde calidez y bienestar en tu hogar. Tiene Wi-Fi incorporado y se puede controlar desde\" \/>\n<meta name=\"robots\" content=\"index, follow, max-snippet:-1, max-image-preview:large, max-video-preview:-1\" \/>\n<link rel=\"canonical\" href=\"https:\/\/dev.invicta.wp19.axome.cc\/es\/produit\/estufa-de-pellet-estanca-wi-fi-lodi-8-estufa-de-pellet\/\" \/>\n<meta property=\"og:locale\" content=\"es_ES\" \/>\n<meta property=\"og:type\" content=\"article\" \/>\n<meta property=\"og:title\" content=\"Estufa de Pellet Estanca Wi-Fi Lodi 8 - Estufa de Pellet - Invicta\" \/>\n<meta property=\"og:description\" content=\"Con sus l\u00edneas redondas y su estilo suavizado, Lodi 8 estanca difunde calidez y bienestar en tu hogar. Tiene Wi-Fi incorporado y se puede controlar desde\" \/>\n<meta property=\"og:url\" content=\"https:\/\/dev.invicta.wp19.axome.cc\/es\/produit\/estufa-de-pellet-estanca-wi-fi-lodi-8-estufa-de-pellet\/\" \/>\n<meta property=\"og:site_name\" content=\"Invicta\" \/>\n<meta property=\"article:modified_time\" content=\"2025-06-09T16:08:35+00:00\" \/>\n<meta property=\"og:image\" content=\"https:\/\/dev.invicta.wp19.axome.cc\/wp-content\/uploads\/2025\/06\/LODI-etanche-8-WIFI_blanc-WEB-1.jpg\" \/>\n\t<meta property=\"og:image:width\" content=\"851\" \/>\n\t<meta property=\"og:image:height\" content=\"848\" \/>\n\t<meta property=\"og:image:type\" content=\"image\/jpeg\" \/>\n<meta name=\"twitter:card\" content=\"summary_large_image\" \/>\n<script type=\"application\/ld+json\" class=\"yoast-schema-graph\">{\"@context\":\"https:\/\/schema.org\",\"@graph\":[{\"@type\":\"WebPage\",\"@id\":\"https:\/\/dev.invicta.wp19.axome.cc\/es\/produit\/estufa-de-pellet-estanca-wi-fi-lodi-8-estufa-de-pellet\/\",\"url\":\"https:\/\/dev.invicta.wp19.axome.cc\/es\/produit\/estufa-de-pellet-estanca-wi-fi-lodi-8-estufa-de-pellet\/\",\"name\":\"Estufa de Pellet Estanca Wi-Fi Lodi 8 - Estufa de Pellet - Invicta\",\"isPartOf\":{\"@id\":\"https:\/\/dev.invicta.wp19.axome.cc\/es\/#website\"},\"primaryImageOfPage\":{\"@id\":\"https:\/\/dev.invicta.wp19.axome.cc\/es\/produit\/estufa-de-pellet-estanca-wi-fi-lodi-8-estufa-de-pellet\/#primaryimage\"},\"image\":{\"@id\":\"https:\/\/dev.invicta.wp19.axome.cc\/es\/produit\/estufa-de-pellet-estanca-wi-fi-lodi-8-estufa-de-pellet\/#primaryimage\"},\"thumbnailUrl\":\"https:\/\/dev.invicta.wp19.axome.cc\/wp-content\/uploads\/2025\/06\/LODI-etanche-8-WIFI_blanc-WEB-1.jpg\",\"datePublished\":\"2025-06-09T16:08:32+00:00\",\"dateModified\":\"2025-06-09T16:08:35+00:00\",\"description\":\"Con sus l\u00edneas redondas y su estilo suavizado, Lodi 8 estanca difunde calidez y bienestar en tu hogar. Tiene Wi-Fi incorporado y se puede controlar desde\",\"breadcrumb\":{\"@id\":\"https:\/\/dev.invicta.wp19.axome.cc\/es\/produit\/estufa-de-pellet-estanca-wi-fi-lodi-8-estufa-de-pellet\/#breadcrumb\"},\"inLanguage\":\"es\",\"potentialAction\":[{\"@type\":\"ReadAction\",\"target\":[\"https:\/\/dev.invicta.wp19.axome.cc\/es\/produit\/estufa-de-pellet-estanca-wi-fi-lodi-8-estufa-de-pellet\/\"]}]},{\"@type\":\"ImageObject\",\"inLanguage\":\"es\",\"@id\":\"https:\/\/dev.invicta.wp19.axome.cc\/es\/produit\/estufa-de-pellet-estanca-wi-fi-lodi-8-estufa-de-pellet\/#primaryimage\",\"url\":\"https:\/\/dev.invicta.wp19.axome.cc\/wp-content\/uploads\/2025\/06\/LODI-etanche-8-WIFI_blanc-WEB-1.jpg\",\"contentUrl\":\"https:\/\/dev.invicta.wp19.axome.cc\/wp-content\/uploads\/2025\/06\/LODI-etanche-8-WIFI_blanc-WEB-1.jpg\",\"width\":851,\"height\":848,\"caption\":\"Po\u00eale \u00e0 Granul\u00e9s \u00e9tanche Lodi 8 blanc Wi-Fi - Po\u00eale \u00e0 pellets\"},{\"@type\":\"BreadcrumbList\",\"@id\":\"https:\/\/dev.invicta.wp19.axome.cc\/es\/produit\/estufa-de-pellet-estanca-wi-fi-lodi-8-estufa-de-pellet\/#breadcrumb\",\"itemListElement\":[{\"@type\":\"ListItem\",\"position\":1,\"name\":\"Inicio\",\"item\":\"https:\/\/dev.invicta.wp19.axome.cc\/es\/\"},{\"@type\":\"ListItem\",\"position\":2,\"name\":\"Productos\",\"item\":\"https:\/\/dev.invicta.wp19.axome.cc\/es\/shop\/\"},{\"@type\":\"ListItem\",\"position\":3,\"name\":\"Estufa de Pellet Estanca Wi-Fi Lodi 8 &#8211; Estufa de Pellet\"}]},{\"@type\":\"WebSite\",\"@id\":\"https:\/\/dev.invicta.wp19.axome.cc\/es\/#website\",\"url\":\"https:\/\/dev.invicta.wp19.axome.cc\/es\/\",\"name\":\"Invicta\",\"description\":\"Fabricant fran\u00e7ais, sp\u00e9cialiste europ\u00e9en du chauffage au bois : po\u00eales \u00e0 bois et \u00e0 granul\u00e9s, chemin\u00e9es, foyers et inserts\",\"publisher\":{\"@id\":\"https:\/\/dev.invicta.wp19.axome.cc\/es\/#organization\"},\"potentialAction\":[{\"@type\":\"SearchAction\",\"target\":{\"@type\":\"EntryPoint\",\"urlTemplate\":\"https:\/\/dev.invicta.wp19.axome.cc\/es\/?s={search_term_string}\"},\"query-input\":{\"@type\":\"PropertyValueSpecification\",\"valueRequired\":true,\"valueName\":\"search_term_string\"}}],\"inLanguage\":\"es\"},{\"@type\":\"Organization\",\"@id\":\"https:\/\/dev.invicta.wp19.axome.cc\/es\/#organization\",\"name\":\"Invicta\",\"url\":\"https:\/\/dev.invicta.wp19.axome.cc\/es\/\",\"logo\":{\"@type\":\"ImageObject\",\"inLanguage\":\"es\",\"@id\":\"https:\/\/dev.invicta.wp19.axome.cc\/es\/#\/schema\/logo\/image\/\",\"url\":\"https:\/\/www.invicta.fr\/wp-content\/uploads\/2019\/06\/INVICTALOGO_RVB.png\",\"contentUrl\":\"https:\/\/www.invicta.fr\/wp-content\/uploads\/2019\/06\/INVICTALOGO_RVB.png\",\"width\":1810,\"height\":1280,\"caption\":\"Invicta\"},\"image\":{\"@id\":\"https:\/\/dev.invicta.wp19.axome.cc\/es\/#\/schema\/logo\/image\/\"}}]}<\/script>\n<!-- \/ Yoast SEO plugin. -->","yoast_head_json":{"title":"Estufa de Pellet Estanca Wi-Fi Lodi 8 - Estufa de Pellet - Invicta","description":"Con sus l\u00edneas redondas y su estilo suavizado, Lodi 8 estanca difunde calidez y bienestar en tu hogar. Tiene Wi-Fi incorporado y se puede controlar desde","robots":{"index":"index","follow":"follow","max-snippet":"max-snippet:-1","max-image-preview":"max-image-preview:large","max-video-preview":"max-video-preview:-1"},"canonical":"https:\/\/dev.invicta.wp19.axome.cc\/es\/produit\/estufa-de-pellet-estanca-wi-fi-lodi-8-estufa-de-pellet\/","og_locale":"es_ES","og_type":"article","og_title":"Estufa de Pellet Estanca Wi-Fi Lodi 8 - Estufa de Pellet - Invicta","og_description":"Con sus l\u00edneas redondas y su estilo suavizado, Lodi 8 estanca difunde calidez y bienestar en tu hogar. Tiene Wi-Fi incorporado y se puede controlar desde","og_url":"https:\/\/dev.invicta.wp19.axome.cc\/es\/produit\/estufa-de-pellet-estanca-wi-fi-lodi-8-estufa-de-pellet\/","og_site_name":"Invicta","article_modified_time":"2025-06-09T16:08:35+00:00","og_image":[{"width":851,"height":848,"url":"https:\/\/dev.invicta.wp19.axome.cc\/wp-content\/uploads\/2025\/06\/LODI-etanche-8-WIFI_blanc-WEB-1.jpg","type":"image\/jpeg"}],"twitter_card":"summary_large_image","schema":{"@context":"https:\/\/schema.org","@graph":[{"@type":"WebPage","@id":"https:\/\/dev.invicta.wp19.axome.cc\/es\/produit\/estufa-de-pellet-estanca-wi-fi-lodi-8-estufa-de-pellet\/","url":"https:\/\/dev.invicta.wp19.axome.cc\/es\/produit\/estufa-de-pellet-estanca-wi-fi-lodi-8-estufa-de-pellet\/","name":"Estufa de Pellet Estanca Wi-Fi Lodi 8 - Estufa de Pellet - Invicta","isPartOf":{"@id":"https:\/\/dev.invicta.wp19.axome.cc\/es\/#website"},"primaryImageOfPage":{"@id":"https:\/\/dev.invicta.wp19.axome.cc\/es\/produit\/estufa-de-pellet-estanca-wi-fi-lodi-8-estufa-de-pellet\/#primaryimage"},"image":{"@id":"https:\/\/dev.invicta.wp19.axome.cc\/es\/produit\/estufa-de-pellet-estanca-wi-fi-lodi-8-estufa-de-pellet\/#primaryimage"},"thumbnailUrl":"https:\/\/dev.invicta.wp19.axome.cc\/wp-content\/uploads\/2025\/06\/LODI-etanche-8-WIFI_blanc-WEB-1.jpg","datePublished":"2025-06-09T16:08:32+00:00","dateModified":"2025-06-09T16:08:35+00:00","description":"Con sus l\u00edneas redondas y su estilo suavizado, Lodi 8 estanca difunde calidez y bienestar en tu hogar. Tiene Wi-Fi incorporado y se puede controlar desde","breadcrumb":{"@id":"https:\/\/dev.invicta.wp19.axome.cc\/es\/produit\/estufa-de-pellet-estanca-wi-fi-lodi-8-estufa-de-pellet\/#breadcrumb"},"inLanguage":"es","potentialAction":[{"@type":"ReadAction","target":["https:\/\/dev.invicta.wp19.axome.cc\/es\/produit\/estufa-de-pellet-estanca-wi-fi-lodi-8-estufa-de-pellet\/"]}]},{"@type":"ImageObject","inLanguage":"es","@id":"https:\/\/dev.invicta.wp19.axome.cc\/es\/produit\/estufa-de-pellet-estanca-wi-fi-lodi-8-estufa-de-pellet\/#primaryimage","url":"https:\/\/dev.invicta.wp19.axome.cc\/wp-content\/uploads\/2025\/06\/LODI-etanche-8-WIFI_blanc-WEB-1.jpg","contentUrl":"https:\/\/dev.invicta.wp19.axome.cc\/wp-content\/uploads\/2025\/06\/LODI-etanche-8-WIFI_blanc-WEB-1.jpg","width":851,"height":848,"caption":"Po\u00eale \u00e0 Granul\u00e9s \u00e9tanche Lodi 8 blanc Wi-Fi - Po\u00eale \u00e0 pellets"},{"@type":"BreadcrumbList","@id":"https:\/\/dev.invicta.wp19.axome.cc\/es\/produit\/estufa-de-pellet-estanca-wi-fi-lodi-8-estufa-de-pellet\/#breadcrumb","itemListElement":[{"@type":"ListItem","position":1,"name":"Inicio","item":"https:\/\/dev.invicta.wp19.axome.cc\/es\/"},{"@type":"ListItem","position":2,"name":"Productos","item":"https:\/\/dev.invicta.wp19.axome.cc\/es\/shop\/"},{"@type":"ListItem","position":3,"name":"Estufa de Pellet Estanca Wi-Fi Lodi 8 &#8211; Estufa de Pellet"}]},{"@type":"WebSite","@id":"https:\/\/dev.invicta.wp19.axome.cc\/es\/#website","url":"https:\/\/dev.invicta.wp19.axome.cc\/es\/","name":"Invicta","description":"Fabricant fran\u00e7ais, sp\u00e9cialiste europ\u00e9en du chauffage au bois : po\u00eales \u00e0 bois et \u00e0 granul\u00e9s, chemin\u00e9es, foyers et inserts","publisher":{"@id":"https:\/\/dev.invicta.wp19.axome.cc\/es\/#organization"},"potentialAction":[{"@type":"SearchAction","target":{"@type":"EntryPoint","urlTemplate":"https:\/\/dev.invicta.wp19.axome.cc\/es\/?s={search_term_string}"},"query-input":{"@type":"PropertyValueSpecification","valueRequired":true,"valueName":"search_term_string"}}],"inLanguage":"es"},{"@type":"Organization","@id":"https:\/\/dev.invicta.wp19.axome.cc\/es\/#organization","name":"Invicta","url":"https:\/\/dev.invicta.wp19.axome.cc\/es\/","logo":{"@type":"ImageObject","inLanguage":"es","@id":"https:\/\/dev.invicta.wp19.axome.cc\/es\/#\/schema\/logo\/image\/","url":"https:\/\/www.invicta.fr\/wp-content\/uploads\/2019\/06\/INVICTALOGO_RVB.png","contentUrl":"https:\/\/www.invicta.fr\/wp-content\/uploads\/2019\/06\/INVICTALOGO_RVB.png","width":1810,"height":1280,"caption":"Invicta"},"image":{"@id":"https:\/\/dev.invicta.wp19.axome.cc\/es\/#\/schema\/logo\/image\/"}}]}},"_links":{"self":[{"href":"https:\/\/dev.invicta.wp19.axome.cc\/es\/wp-json\/wp\/v2\/product\/69502","targetHints":{"allow":["GET"]}}],"collection":[{"href":"https:\/\/dev.invicta.wp19.axome.cc\/es\/wp-json\/wp\/v2\/product"}],"about":[{"href":"https:\/\/dev.invicta.wp19.axome.cc\/es\/wp-json\/wp\/v2\/types\/product"}],"wp:featuredmedia":[{"embeddable":true,"href":"https:\/\/dev.invicta.wp19.axome.cc\/es\/wp-json\/wp\/v2\/media\/68661"}],"wp:attachment":[{"href":"https:\/\/dev.invicta.wp19.axome.cc\/es\/wp-json\/wp\/v2\/media?parent=69502"}],"wp:term":[{"taxonomy":"product_brand","embeddable":true,"href":"https:\/\/dev.invicta.wp19.axome.cc\/es\/wp-json\/wp\/v2\/product_brand?post=69502"},{"taxonomy":"product_cat","embeddable":true,"href":"https:\/\/dev.invicta.wp19.axome.cc\/es\/wp-json\/wp\/v2\/product_cat?post=69502"},{"taxonomy":"product_tag","embeddable":true,"href":"https:\/\/dev.invicta.wp19.axome.cc\/es\/wp-json\/wp\/v2\/product_tag?post=69502"},{"taxonomy":"plus_produit","embeddable":true,"href":"https:\/\/dev.invicta.wp19.axome.cc\/es\/wp-json\/wp\/v2\/plus_produit?post=69502"}],"curies":[{"name":"wp","href":"https:\/\/api.w.org\/{rel}","templated":true}]}}