{"id":69506,"date":"2025-11-26T08:14:53","date_gmt":"2025-11-26T10:11:43","guid":{"rendered":"https:\/\/dev.invicta.wp19.axome.cc\/produit\/ove-plug-in-auto-izquierda-estufa-de-pellets\/"},"modified":"2025-11-26T12:11:45","modified_gmt":"2025-11-26T11:11:45","slug":"ove-plug-in-auto-izquierda-estufa-de-pellets","status":"publish","type":"product","link":"https:\/\/dev.invicta.wp19.axome.cc\/es\/produit\/ove-plug-in-auto-izquierda-estufa-de-pellets\/","title":{"rendered":"Ove Plug-IN AUTO Izquierda &#8211; Estufa de pellets"},"content":{"rendered":"<p><iframe title=\"PLUGIN 2018 - Invicta\" width=\"500\" height=\"281\" src=\"https:\/\/www.youtube.com\/embed\/6SvXiUP1vkc?feature=oembed\" frameborder=\"0\" allow=\"accelerometer; autoplay; clipboard-write; encrypted-media; gyroscope; picture-in-picture; web-share\" referrerpolicy=\"strict-origin-when-cross-origin\" allowfullscreen><\/iframe><\/p>\n","protected":false},"excerpt":{"rendered":"<p>La Ove Plug-IN AUTO es una estufa de pellets innovadora que tiene todo lo necesario para complacerle: est\u00e9tica, funcionamiento sin ruidos y comodidad de uso inigualable. Cargue sus pellets en el dep\u00f3sito, programe la estufa, inst\u00e1lese c\u00f3modamente y disfrute de un suave calor en su hogar.<\/p>\n","protected":false},"featured_media":68700,"template":"","meta":{"_acf_changed":false},"product_brand":[],"product_cat":[2293,3057,2308,6451,6448,6614,6456,6450,6449],"product_tag":[2323,2301,2303,2317,2375,2322,6391,7048,6833],"plus_produit":[2287,2286,2371,6841,6553,2300,2309,2632,2294,2633],"class_list":{"1":"product","4":"has-post-thumbnail","6":"product_cat-ayuda-en-la-eleccion","7":"product_cat-estufas-de-pellets-es","8":"product_cat-plug-in-estufas-de-pellets-de-nueva-generacion","9":"product_cat-estufas-de-pellet-autonomas","10":"product_cat-estufas-de-pellets-programables","11":"product_cat-diseno-de-estufas-de-pellets","12":"product_cat-estufas-de-pellets-contemporaneas","13":"product_cat-estufas-de-pellets-modernas","14":"product_cat-estufas-de-pellet-redondas","15":"product_tag-plug-in-es","16":"product_tag-flamme-verte-7","17":"product_tag-eco-design-2022-es","18":"product_tag-ecoetiqueta-a","19":"product_tag-completamente-automatica","20":"product_tag-silencioso-de-conveccion-natural","21":"product_tag-wi-fi-option","22":"product_tag-y-garantia-de-3-anos","23":"product_tag-y-garantie-extension-1an-esp","24":"pa_autonomie-maximum-30-horas-es","25":"pa_autonomie-minimum-11-horas","26":"pa_depart-des-fumees-parte-superior","27":"pa_taux-de-co-0-0118-3","28":"plus_produit-aire-secundario-regulable","29":"plus_produit-aparato-silencioso-de-conveccion-natural","30":"plus_produit-encendido-y-apagado-automaticos","31":"plus_produit-extension-de-garantie-1-an-esp","32":"plus_produit-kit-wifi-opcional","33":"plus_produit-modulo-tecnico-mural-innovador","34":"plus_produit-posibilidad-de-control-por-termostato-externo-no-incluido","35":"plus_produit-programacion-de-cronotermostato","36":"plus_produit-regulacion-de-la-potencia-o-la-temperatura-ambiente","37":"plus_produit-stand-by-espera","39":"first","40":"instock","41":"purchasable","42":"product-type-simple"},"acf":[],"yoast_head":"<!-- This site is optimized with the Yoast SEO plugin v24.7 - https:\/\/yoast.com\/wordpress\/plugins\/seo\/ -->\n<title>Ove Plug-IN AUTO Izquierda - Estufa de pellets - Invicta<\/title>\n<meta name=\"description\" content=\"La Ove Plug-IN AUTO es una estufa de pellets innovadora que tiene todo lo necesario para complacerle: est\u00e9tica, funcionamiento sin ruidos y comodidad de uso inigualable. Cargue sus pellets en el dep\u00f3sito, programe la estufa, inst\u00e1lese c\u00f3modamente y disfrute de un suave calor en su hogar.\" \/>\n<meta name=\"robots\" content=\"index, follow, max-snippet:-1, max-image-preview:large, max-video-preview:-1\" \/>\n<link rel=\"canonical\" href=\"https:\/\/dev.invicta.wp19.axome.cc\/es\/produit\/ove-plug-in-auto-izquierda-estufa-de-pellets\/\" \/>\n<meta property=\"og:locale\" content=\"es_ES\" \/>\n<meta property=\"og:type\" content=\"article\" \/>\n<meta property=\"og:title\" content=\"Ove Plug-IN AUTO Izquierda - Estufa de pellets - Invicta\" \/>\n<meta property=\"og:description\" content=\"La Ove Plug-IN AUTO es una estufa de pellets innovadora que tiene todo lo necesario para complacerle: est\u00e9tica, funcionamiento sin ruidos y comodidad de uso inigualable. Cargue sus pellets en el dep\u00f3sito, programe la estufa, inst\u00e1lese c\u00f3modamente y disfrute de un suave calor en su hogar.\" \/>\n<meta property=\"og:url\" content=\"https:\/\/dev.invicta.wp19.axome.cc\/es\/produit\/ove-plug-in-auto-izquierda-estufa-de-pellets\/\" \/>\n<meta property=\"og:site_name\" content=\"Invicta\" \/>\n<meta property=\"article:modified_time\" content=\"2025-11-26T11:11:45+00:00\" \/>\n<meta property=\"og:image\" content=\"https:\/\/dev.invicta.wp19.axome.cc\/wp-content\/uploads\/2025\/06\/ove_auto.jpg\" \/>\n\t<meta property=\"og:image:width\" content=\"1500\" \/>\n\t<meta property=\"og:image:height\" content=\"1068\" \/>\n\t<meta property=\"og:image:type\" content=\"image\/jpeg\" \/>\n<meta name=\"twitter:card\" content=\"summary_large_image\" \/>\n<script type=\"application\/ld+json\" class=\"yoast-schema-graph\">{\"@context\":\"https:\/\/schema.org\",\"@graph\":[{\"@type\":\"WebPage\",\"@id\":\"https:\/\/dev.invicta.wp19.axome.cc\/es\/produit\/ove-plug-in-auto-izquierda-estufa-de-pellets\/\",\"url\":\"https:\/\/dev.invicta.wp19.axome.cc\/es\/produit\/ove-plug-in-auto-izquierda-estufa-de-pellets\/\",\"name\":\"Ove Plug-IN AUTO Izquierda - Estufa de pellets - Invicta\",\"isPartOf\":{\"@id\":\"https:\/\/dev.invicta.wp19.axome.cc\/es\/#website\"},\"primaryImageOfPage\":{\"@id\":\"https:\/\/dev.invicta.wp19.axome.cc\/es\/produit\/ove-plug-in-auto-izquierda-estufa-de-pellets\/#primaryimage\"},\"image\":{\"@id\":\"https:\/\/dev.invicta.wp19.axome.cc\/es\/produit\/ove-plug-in-auto-izquierda-estufa-de-pellets\/#primaryimage\"},\"thumbnailUrl\":\"https:\/\/dev.invicta.wp19.axome.cc\/wp-content\/uploads\/2025\/06\/ove_auto.jpg\",\"datePublished\":\"2025-11-26T10:11:43+00:00\",\"dateModified\":\"2025-11-26T11:11:45+00:00\",\"description\":\"La Ove Plug-IN AUTO es una estufa de pellets innovadora que tiene todo lo necesario para complacerle: est\u00e9tica, funcionamiento sin ruidos y comodidad de uso inigualable. Cargue sus pellets en el dep\u00f3sito, programe la estufa, inst\u00e1lese c\u00f3modamente y disfrute de un suave calor en su hogar.\",\"breadcrumb\":{\"@id\":\"https:\/\/dev.invicta.wp19.axome.cc\/es\/produit\/ove-plug-in-auto-izquierda-estufa-de-pellets\/#breadcrumb\"},\"inLanguage\":\"es\",\"potentialAction\":[{\"@type\":\"ReadAction\",\"target\":[\"https:\/\/dev.invicta.wp19.axome.cc\/es\/produit\/ove-plug-in-auto-izquierda-estufa-de-pellets\/\"]}]},{\"@type\":\"ImageObject\",\"inLanguage\":\"es\",\"@id\":\"https:\/\/dev.invicta.wp19.axome.cc\/es\/produit\/ove-plug-in-auto-izquierda-estufa-de-pellets\/#primaryimage\",\"url\":\"https:\/\/dev.invicta.wp19.axome.cc\/wp-content\/uploads\/2025\/06\/ove_auto.jpg\",\"contentUrl\":\"https:\/\/dev.invicta.wp19.axome.cc\/wp-content\/uploads\/2025\/06\/ove_auto.jpg\",\"width\":1500,\"height\":1068},{\"@type\":\"BreadcrumbList\",\"@id\":\"https:\/\/dev.invicta.wp19.axome.cc\/es\/produit\/ove-plug-in-auto-izquierda-estufa-de-pellets\/#breadcrumb\",\"itemListElement\":[{\"@type\":\"ListItem\",\"position\":1,\"name\":\"Inicio\",\"item\":\"https:\/\/dev.invicta.wp19.axome.cc\/es\/\"},{\"@type\":\"ListItem\",\"position\":2,\"name\":\"Productos\",\"item\":\"https:\/\/dev.invicta.wp19.axome.cc\/es\/shop\/\"},{\"@type\":\"ListItem\",\"position\":3,\"name\":\"Estufas de pellets\",\"item\":\"https:\/\/dev.invicta.wp19.axome.cc\/es\/categorie-produit\/estufas-de-pellets-es\/\"},{\"@type\":\"ListItem\",\"position\":4,\"name\":\"Plug-in, dise\u00f1o e innovaci\u00f3n\",\"item\":\"https:\/\/dev.invicta.wp19.axome.cc\/es\/categorie-produit\/estufas-de-pellets-es\/plug-in-estufas-de-pellets-de-nueva-generacion\/\"},{\"@type\":\"ListItem\",\"position\":5,\"name\":\"Ove Plug-IN AUTO Izquierda &#8211; Estufa de pellets\"}]},{\"@type\":\"WebSite\",\"@id\":\"https:\/\/dev.invicta.wp19.axome.cc\/es\/#website\",\"url\":\"https:\/\/dev.invicta.wp19.axome.cc\/es\/\",\"name\":\"Invicta\",\"description\":\"Fabricant fran\u00e7ais, sp\u00e9cialiste europ\u00e9en du chauffage au bois : po\u00eales \u00e0 bois et \u00e0 granul\u00e9s, chemin\u00e9es, foyers et inserts\",\"publisher\":{\"@id\":\"https:\/\/dev.invicta.wp19.axome.cc\/es\/#organization\"},\"potentialAction\":[{\"@type\":\"SearchAction\",\"target\":{\"@type\":\"EntryPoint\",\"urlTemplate\":\"https:\/\/dev.invicta.wp19.axome.cc\/es\/?s={search_term_string}\"},\"query-input\":{\"@type\":\"PropertyValueSpecification\",\"valueRequired\":true,\"valueName\":\"search_term_string\"}}],\"inLanguage\":\"es\"},{\"@type\":\"Organization\",\"@id\":\"https:\/\/dev.invicta.wp19.axome.cc\/es\/#organization\",\"name\":\"Invicta\",\"url\":\"https:\/\/dev.invicta.wp19.axome.cc\/es\/\",\"logo\":{\"@type\":\"ImageObject\",\"inLanguage\":\"es\",\"@id\":\"https:\/\/dev.invicta.wp19.axome.cc\/es\/#\/schema\/logo\/image\/\",\"url\":\"https:\/\/www.invicta.fr\/wp-content\/uploads\/2019\/06\/INVICTALOGO_RVB.png\",\"contentUrl\":\"https:\/\/www.invicta.fr\/wp-content\/uploads\/2019\/06\/INVICTALOGO_RVB.png\",\"width\":1810,\"height\":1280,\"caption\":\"Invicta\"},\"image\":{\"@id\":\"https:\/\/dev.invicta.wp19.axome.cc\/es\/#\/schema\/logo\/image\/\"}}]}<\/script>\n<!-- \/ Yoast SEO plugin. -->","yoast_head_json":{"title":"Ove Plug-IN AUTO Izquierda - Estufa de pellets - Invicta","description":"La Ove Plug-IN AUTO es una estufa de pellets innovadora que tiene todo lo necesario para complacerle: est\u00e9tica, funcionamiento sin ruidos y comodidad de uso inigualable. Cargue sus pellets en el dep\u00f3sito, programe la estufa, inst\u00e1lese c\u00f3modamente y disfrute de un suave calor en su hogar.","robots":{"index":"index","follow":"follow","max-snippet":"max-snippet:-1","max-image-preview":"max-image-preview:large","max-video-preview":"max-video-preview:-1"},"canonical":"https:\/\/dev.invicta.wp19.axome.cc\/es\/produit\/ove-plug-in-auto-izquierda-estufa-de-pellets\/","og_locale":"es_ES","og_type":"article","og_title":"Ove Plug-IN AUTO Izquierda - Estufa de pellets - Invicta","og_description":"La Ove Plug-IN AUTO es una estufa de pellets innovadora que tiene todo lo necesario para complacerle: est\u00e9tica, funcionamiento sin ruidos y comodidad de uso inigualable. Cargue sus pellets en el dep\u00f3sito, programe la estufa, inst\u00e1lese c\u00f3modamente y disfrute de un suave calor en su hogar.","og_url":"https:\/\/dev.invicta.wp19.axome.cc\/es\/produit\/ove-plug-in-auto-izquierda-estufa-de-pellets\/","og_site_name":"Invicta","article_modified_time":"2025-11-26T11:11:45+00:00","og_image":[{"width":1500,"height":1068,"url":"https:\/\/dev.invicta.wp19.axome.cc\/wp-content\/uploads\/2025\/06\/ove_auto.jpg","type":"image\/jpeg"}],"twitter_card":"summary_large_image","schema":{"@context":"https:\/\/schema.org","@graph":[{"@type":"WebPage","@id":"https:\/\/dev.invicta.wp19.axome.cc\/es\/produit\/ove-plug-in-auto-izquierda-estufa-de-pellets\/","url":"https:\/\/dev.invicta.wp19.axome.cc\/es\/produit\/ove-plug-in-auto-izquierda-estufa-de-pellets\/","name":"Ove Plug-IN AUTO Izquierda - Estufa de pellets - Invicta","isPartOf":{"@id":"https:\/\/dev.invicta.wp19.axome.cc\/es\/#website"},"primaryImageOfPage":{"@id":"https:\/\/dev.invicta.wp19.axome.cc\/es\/produit\/ove-plug-in-auto-izquierda-estufa-de-pellets\/#primaryimage"},"image":{"@id":"https:\/\/dev.invicta.wp19.axome.cc\/es\/produit\/ove-plug-in-auto-izquierda-estufa-de-pellets\/#primaryimage"},"thumbnailUrl":"https:\/\/dev.invicta.wp19.axome.cc\/wp-content\/uploads\/2025\/06\/ove_auto.jpg","datePublished":"2025-11-26T10:11:43+00:00","dateModified":"2025-11-26T11:11:45+00:00","description":"La Ove Plug-IN AUTO es una estufa de pellets innovadora que tiene todo lo necesario para complacerle: est\u00e9tica, funcionamiento sin ruidos y comodidad de uso inigualable. Cargue sus pellets en el dep\u00f3sito, programe la estufa, inst\u00e1lese c\u00f3modamente y disfrute de un suave calor en su hogar.","breadcrumb":{"@id":"https:\/\/dev.invicta.wp19.axome.cc\/es\/produit\/ove-plug-in-auto-izquierda-estufa-de-pellets\/#breadcrumb"},"inLanguage":"es","potentialAction":[{"@type":"ReadAction","target":["https:\/\/dev.invicta.wp19.axome.cc\/es\/produit\/ove-plug-in-auto-izquierda-estufa-de-pellets\/"]}]},{"@type":"ImageObject","inLanguage":"es","@id":"https:\/\/dev.invicta.wp19.axome.cc\/es\/produit\/ove-plug-in-auto-izquierda-estufa-de-pellets\/#primaryimage","url":"https:\/\/dev.invicta.wp19.axome.cc\/wp-content\/uploads\/2025\/06\/ove_auto.jpg","contentUrl":"https:\/\/dev.invicta.wp19.axome.cc\/wp-content\/uploads\/2025\/06\/ove_auto.jpg","width":1500,"height":1068},{"@type":"BreadcrumbList","@id":"https:\/\/dev.invicta.wp19.axome.cc\/es\/produit\/ove-plug-in-auto-izquierda-estufa-de-pellets\/#breadcrumb","itemListElement":[{"@type":"ListItem","position":1,"name":"Inicio","item":"https:\/\/dev.invicta.wp19.axome.cc\/es\/"},{"@type":"ListItem","position":2,"name":"Productos","item":"https:\/\/dev.invicta.wp19.axome.cc\/es\/shop\/"},{"@type":"ListItem","position":3,"name":"Estufas de pellets","item":"https:\/\/dev.invicta.wp19.axome.cc\/es\/categorie-produit\/estufas-de-pellets-es\/"},{"@type":"ListItem","position":4,"name":"Plug-in, dise\u00f1o e innovaci\u00f3n","item":"https:\/\/dev.invicta.wp19.axome.cc\/es\/categorie-produit\/estufas-de-pellets-es\/plug-in-estufas-de-pellets-de-nueva-generacion\/"},{"@type":"ListItem","position":5,"name":"Ove Plug-IN AUTO Izquierda &#8211; Estufa de pellets"}]},{"@type":"WebSite","@id":"https:\/\/dev.invicta.wp19.axome.cc\/es\/#website","url":"https:\/\/dev.invicta.wp19.axome.cc\/es\/","name":"Invicta","description":"Fabricant fran\u00e7ais, sp\u00e9cialiste europ\u00e9en du chauffage au bois : po\u00eales \u00e0 bois et \u00e0 granul\u00e9s, chemin\u00e9es, foyers et inserts","publisher":{"@id":"https:\/\/dev.invicta.wp19.axome.cc\/es\/#organization"},"potentialAction":[{"@type":"SearchAction","target":{"@type":"EntryPoint","urlTemplate":"https:\/\/dev.invicta.wp19.axome.cc\/es\/?s={search_term_string}"},"query-input":{"@type":"PropertyValueSpecification","valueRequired":true,"valueName":"search_term_string"}}],"inLanguage":"es"},{"@type":"Organization","@id":"https:\/\/dev.invicta.wp19.axome.cc\/es\/#organization","name":"Invicta","url":"https:\/\/dev.invicta.wp19.axome.cc\/es\/","logo":{"@type":"ImageObject","inLanguage":"es","@id":"https:\/\/dev.invicta.wp19.axome.cc\/es\/#\/schema\/logo\/image\/","url":"https:\/\/www.invicta.fr\/wp-content\/uploads\/2019\/06\/INVICTALOGO_RVB.png","contentUrl":"https:\/\/www.invicta.fr\/wp-content\/uploads\/2019\/06\/INVICTALOGO_RVB.png","width":1810,"height":1280,"caption":"Invicta"},"image":{"@id":"https:\/\/dev.invicta.wp19.axome.cc\/es\/#\/schema\/logo\/image\/"}}]}},"_links":{"self":[{"href":"https:\/\/dev.invicta.wp19.axome.cc\/es\/wp-json\/wp\/v2\/product\/69506","targetHints":{"allow":["GET"]}}],"collection":[{"href":"https:\/\/dev.invicta.wp19.axome.cc\/es\/wp-json\/wp\/v2\/product"}],"about":[{"href":"https:\/\/dev.invicta.wp19.axome.cc\/es\/wp-json\/wp\/v2\/types\/product"}],"wp:featuredmedia":[{"embeddable":true,"href":"https:\/\/dev.invicta.wp19.axome.cc\/es\/wp-json\/wp\/v2\/media\/68700"}],"wp:attachment":[{"href":"https:\/\/dev.invicta.wp19.axome.cc\/es\/wp-json\/wp\/v2\/media?parent=69506"}],"wp:term":[{"taxonomy":"product_brand","embeddable":true,"href":"https:\/\/dev.invicta.wp19.axome.cc\/es\/wp-json\/wp\/v2\/product_brand?post=69506"},{"taxonomy":"product_cat","embeddable":true,"href":"https:\/\/dev.invicta.wp19.axome.cc\/es\/wp-json\/wp\/v2\/product_cat?post=69506"},{"taxonomy":"product_tag","embeddable":true,"href":"https:\/\/dev.invicta.wp19.axome.cc\/es\/wp-json\/wp\/v2\/product_tag?post=69506"},{"taxonomy":"plus_produit","embeddable":true,"href":"https:\/\/dev.invicta.wp19.axome.cc\/es\/wp-json\/wp\/v2\/plus_produit?post=69506"}],"curies":[{"name":"wp","href":"https:\/\/api.w.org\/{rel}","templated":true}]}}