{"id":69514,"date":"2025-11-26T08:32:16","date_gmt":"2025-11-26T11:35:59","guid":{"rendered":"https:\/\/dev.invicta.wp19.axome.cc\/produit\/insert-de-lena-700-absolu\/"},"modified":"2025-11-26T13:36:00","modified_gmt":"2025-11-26T12:36:00","slug":"insert-de-lena-700-absolu","status":"publish","type":"product","link":"https:\/\/dev.invicta.wp19.axome.cc\/es\/produit\/insert-de-lena-700-absolu\/","title":{"rendered":"Insert de le\u00f1a 700 Absolu"},"content":{"rendered":"","protected":false},"excerpt":{"rendered":"<p>Esta nueva incorporaci\u00f3n hace que la elegancia rime con el rendimiento.<\/p>\n","protected":false},"featured_media":68751,"template":"","meta":{"_acf_changed":false},"product_brand":[],"product_cat":[2293,3056,2669,6896],"product_tag":[2301,2303,2305,2607,2295,2843,7048,7049],"plus_produit":[2278,2840,2265,6874,8053,2284,6838,2263,6903,2685],"class_list":{"1":"product","4":"has-post-thumbnail","6":"product_cat-ayuda-en-la-eleccion","7":"product_cat-chemineas-insertos","8":"product_cat-insertos-de-lena-para-chimeneas","9":"product_cat-inserts-de-lena","10":"product_tag-flamme-verte-7","11":"product_tag-eco-design-2022-es","12":"product_tag-certificacion-ecolabel-a","13":"product_tag-conectable-estanco","14":"product_tag-post-combustion-es","15":"product_tag-conectable","16":"product_tag-y-garantia-de-3-anos","17":"product_tag-y-garantie-extension-2ans-por","18":"pa_consommation-de-053-a-222-kg-hora","19":"pa_depart-des-fumees-parte-superior","20":"pa_surface-de-chauffe-de-40-a-100-m","21":"pa_volume-de-chauffe-de-105-a-240-m","22":"plus_produit-combustion-intermitente-y-prolongada-3-horas","23":"plus_produit-conectable","24":"plus_produit-vidrio-limpio","25":"plus_produit-difusion-de-aire-caliente-por-ventilacion-forzada-turbinas-nuevas","26":"plus_produit-fonte-carenage-acier-3","27":"plus_produit-garantia-de-origen-frances","28":"plus_produit-garantia-extendida-3-anos","29":"plus_produit-sistema-de-post-combustion","30":"plus_produit-smart-glass-es","31":"plus_produit-tubos-opcionales","33":"first","34":"instock","35":"purchasable","36":"product-type-simple"},"acf":[],"yoast_head":"<!-- This site is optimized with the Yoast SEO plugin v24.7 - https:\/\/yoast.com\/wordpress\/plugins\/seo\/ -->\n<title>Insert de le\u00f1a 700 Absolu - Invicta<\/title>\n<meta name=\"description\" content=\"Esta nueva incorporaci\u00f3n hace que la elegancia rime con el rendimiento.\" \/>\n<meta name=\"robots\" content=\"index, follow, max-snippet:-1, max-image-preview:large, max-video-preview:-1\" \/>\n<link rel=\"canonical\" href=\"https:\/\/dev.invicta.wp19.axome.cc\/es\/produit\/insert-de-lena-700-absolu\/\" \/>\n<meta property=\"og:locale\" content=\"es_ES\" \/>\n<meta property=\"og:type\" content=\"article\" \/>\n<meta property=\"og:title\" content=\"Insert de le\u00f1a 700 Absolu - Invicta\" \/>\n<meta property=\"og:description\" content=\"Esta nueva incorporaci\u00f3n hace que la elegancia rime con el rendimiento.\" \/>\n<meta property=\"og:url\" content=\"https:\/\/dev.invicta.wp19.axome.cc\/es\/produit\/insert-de-lena-700-absolu\/\" \/>\n<meta property=\"og:site_name\" content=\"Invicta\" \/>\n<meta property=\"article:modified_time\" content=\"2025-11-26T12:36:00+00:00\" \/>\n<meta property=\"og:image\" content=\"https:\/\/dev.invicta.wp19.axome.cc\/wp-content\/uploads\/2025\/06\/A_P967008_ABSOLU2_web.jpg\" \/>\n\t<meta property=\"og:image:width\" content=\"1000\" \/>\n\t<meta property=\"og:image:height\" content=\"750\" \/>\n\t<meta property=\"og:image:type\" content=\"image\/jpeg\" \/>\n<meta name=\"twitter:card\" content=\"summary_large_image\" \/>\n<script type=\"application\/ld+json\" class=\"yoast-schema-graph\">{\"@context\":\"https:\/\/schema.org\",\"@graph\":[{\"@type\":\"WebPage\",\"@id\":\"https:\/\/dev.invicta.wp19.axome.cc\/es\/produit\/insert-de-lena-700-absolu\/\",\"url\":\"https:\/\/dev.invicta.wp19.axome.cc\/es\/produit\/insert-de-lena-700-absolu\/\",\"name\":\"Insert de le\u00f1a 700 Absolu - Invicta\",\"isPartOf\":{\"@id\":\"https:\/\/dev.invicta.wp19.axome.cc\/es\/#website\"},\"primaryImageOfPage\":{\"@id\":\"https:\/\/dev.invicta.wp19.axome.cc\/es\/produit\/insert-de-lena-700-absolu\/#primaryimage\"},\"image\":{\"@id\":\"https:\/\/dev.invicta.wp19.axome.cc\/es\/produit\/insert-de-lena-700-absolu\/#primaryimage\"},\"thumbnailUrl\":\"https:\/\/dev.invicta.wp19.axome.cc\/wp-content\/uploads\/2025\/06\/A_P967008_ABSOLU2_web.jpg\",\"datePublished\":\"2025-11-26T11:35:59+00:00\",\"dateModified\":\"2025-11-26T12:36:00+00:00\",\"description\":\"Esta nueva incorporaci\u00f3n hace que la elegancia rime con el rendimiento.\",\"breadcrumb\":{\"@id\":\"https:\/\/dev.invicta.wp19.axome.cc\/es\/produit\/insert-de-lena-700-absolu\/#breadcrumb\"},\"inLanguage\":\"es\",\"potentialAction\":[{\"@type\":\"ReadAction\",\"target\":[\"https:\/\/dev.invicta.wp19.axome.cc\/es\/produit\/insert-de-lena-700-absolu\/\"]}]},{\"@type\":\"ImageObject\",\"inLanguage\":\"es\",\"@id\":\"https:\/\/dev.invicta.wp19.axome.cc\/es\/produit\/insert-de-lena-700-absolu\/#primaryimage\",\"url\":\"https:\/\/dev.invicta.wp19.axome.cc\/wp-content\/uploads\/2025\/06\/A_P967008_ABSOLU2_web.jpg\",\"contentUrl\":\"https:\/\/dev.invicta.wp19.axome.cc\/wp-content\/uploads\/2025\/06\/A_P967008_ABSOLU2_web.jpg\",\"width\":1000,\"height\":750},{\"@type\":\"BreadcrumbList\",\"@id\":\"https:\/\/dev.invicta.wp19.axome.cc\/es\/produit\/insert-de-lena-700-absolu\/#breadcrumb\",\"itemListElement\":[{\"@type\":\"ListItem\",\"position\":1,\"name\":\"Inicio\",\"item\":\"https:\/\/dev.invicta.wp19.axome.cc\/es\/\"},{\"@type\":\"ListItem\",\"position\":2,\"name\":\"Productos\",\"item\":\"https:\/\/dev.invicta.wp19.axome.cc\/es\/shop\/\"},{\"@type\":\"ListItem\",\"position\":3,\"name\":\"Chimeneas e insertos\",\"item\":\"https:\/\/dev.invicta.wp19.axome.cc\/es\/categorie-produit\/chemineas-insertos\/\"},{\"@type\":\"ListItem\",\"position\":4,\"name\":\"Insertos de le\u00f1a para chimeneas\",\"item\":\"https:\/\/dev.invicta.wp19.axome.cc\/es\/categorie-produit\/chemineas-insertos\/insertos-de-lena-para-chimeneas\/\"},{\"@type\":\"ListItem\",\"position\":5,\"name\":\"Insert de le\u00f1a 700 Absolu\"}]},{\"@type\":\"WebSite\",\"@id\":\"https:\/\/dev.invicta.wp19.axome.cc\/es\/#website\",\"url\":\"https:\/\/dev.invicta.wp19.axome.cc\/es\/\",\"name\":\"Invicta\",\"description\":\"Fabricant fran\u00e7ais, sp\u00e9cialiste europ\u00e9en du chauffage au bois : po\u00eales \u00e0 bois et \u00e0 granul\u00e9s, chemin\u00e9es, foyers et inserts\",\"publisher\":{\"@id\":\"https:\/\/dev.invicta.wp19.axome.cc\/es\/#organization\"},\"potentialAction\":[{\"@type\":\"SearchAction\",\"target\":{\"@type\":\"EntryPoint\",\"urlTemplate\":\"https:\/\/dev.invicta.wp19.axome.cc\/es\/?s={search_term_string}\"},\"query-input\":{\"@type\":\"PropertyValueSpecification\",\"valueRequired\":true,\"valueName\":\"search_term_string\"}}],\"inLanguage\":\"es\"},{\"@type\":\"Organization\",\"@id\":\"https:\/\/dev.invicta.wp19.axome.cc\/es\/#organization\",\"name\":\"Invicta\",\"url\":\"https:\/\/dev.invicta.wp19.axome.cc\/es\/\",\"logo\":{\"@type\":\"ImageObject\",\"inLanguage\":\"es\",\"@id\":\"https:\/\/dev.invicta.wp19.axome.cc\/es\/#\/schema\/logo\/image\/\",\"url\":\"https:\/\/www.invicta.fr\/wp-content\/uploads\/2019\/06\/INVICTALOGO_RVB.png\",\"contentUrl\":\"https:\/\/www.invicta.fr\/wp-content\/uploads\/2019\/06\/INVICTALOGO_RVB.png\",\"width\":1810,\"height\":1280,\"caption\":\"Invicta\"},\"image\":{\"@id\":\"https:\/\/dev.invicta.wp19.axome.cc\/es\/#\/schema\/logo\/image\/\"}}]}<\/script>\n<!-- \/ Yoast SEO plugin. -->","yoast_head_json":{"title":"Insert de le\u00f1a 700 Absolu - Invicta","description":"Esta nueva incorporaci\u00f3n hace que la elegancia rime con el rendimiento.","robots":{"index":"index","follow":"follow","max-snippet":"max-snippet:-1","max-image-preview":"max-image-preview:large","max-video-preview":"max-video-preview:-1"},"canonical":"https:\/\/dev.invicta.wp19.axome.cc\/es\/produit\/insert-de-lena-700-absolu\/","og_locale":"es_ES","og_type":"article","og_title":"Insert de le\u00f1a 700 Absolu - Invicta","og_description":"Esta nueva incorporaci\u00f3n hace que la elegancia rime con el rendimiento.","og_url":"https:\/\/dev.invicta.wp19.axome.cc\/es\/produit\/insert-de-lena-700-absolu\/","og_site_name":"Invicta","article_modified_time":"2025-11-26T12:36:00+00:00","og_image":[{"width":1000,"height":750,"url":"https:\/\/dev.invicta.wp19.axome.cc\/wp-content\/uploads\/2025\/06\/A_P967008_ABSOLU2_web.jpg","type":"image\/jpeg"}],"twitter_card":"summary_large_image","schema":{"@context":"https:\/\/schema.org","@graph":[{"@type":"WebPage","@id":"https:\/\/dev.invicta.wp19.axome.cc\/es\/produit\/insert-de-lena-700-absolu\/","url":"https:\/\/dev.invicta.wp19.axome.cc\/es\/produit\/insert-de-lena-700-absolu\/","name":"Insert de le\u00f1a 700 Absolu - Invicta","isPartOf":{"@id":"https:\/\/dev.invicta.wp19.axome.cc\/es\/#website"},"primaryImageOfPage":{"@id":"https:\/\/dev.invicta.wp19.axome.cc\/es\/produit\/insert-de-lena-700-absolu\/#primaryimage"},"image":{"@id":"https:\/\/dev.invicta.wp19.axome.cc\/es\/produit\/insert-de-lena-700-absolu\/#primaryimage"},"thumbnailUrl":"https:\/\/dev.invicta.wp19.axome.cc\/wp-content\/uploads\/2025\/06\/A_P967008_ABSOLU2_web.jpg","datePublished":"2025-11-26T11:35:59+00:00","dateModified":"2025-11-26T12:36:00+00:00","description":"Esta nueva incorporaci\u00f3n hace que la elegancia rime con el rendimiento.","breadcrumb":{"@id":"https:\/\/dev.invicta.wp19.axome.cc\/es\/produit\/insert-de-lena-700-absolu\/#breadcrumb"},"inLanguage":"es","potentialAction":[{"@type":"ReadAction","target":["https:\/\/dev.invicta.wp19.axome.cc\/es\/produit\/insert-de-lena-700-absolu\/"]}]},{"@type":"ImageObject","inLanguage":"es","@id":"https:\/\/dev.invicta.wp19.axome.cc\/es\/produit\/insert-de-lena-700-absolu\/#primaryimage","url":"https:\/\/dev.invicta.wp19.axome.cc\/wp-content\/uploads\/2025\/06\/A_P967008_ABSOLU2_web.jpg","contentUrl":"https:\/\/dev.invicta.wp19.axome.cc\/wp-content\/uploads\/2025\/06\/A_P967008_ABSOLU2_web.jpg","width":1000,"height":750},{"@type":"BreadcrumbList","@id":"https:\/\/dev.invicta.wp19.axome.cc\/es\/produit\/insert-de-lena-700-absolu\/#breadcrumb","itemListElement":[{"@type":"ListItem","position":1,"name":"Inicio","item":"https:\/\/dev.invicta.wp19.axome.cc\/es\/"},{"@type":"ListItem","position":2,"name":"Productos","item":"https:\/\/dev.invicta.wp19.axome.cc\/es\/shop\/"},{"@type":"ListItem","position":3,"name":"Chimeneas e insertos","item":"https:\/\/dev.invicta.wp19.axome.cc\/es\/categorie-produit\/chemineas-insertos\/"},{"@type":"ListItem","position":4,"name":"Insertos de le\u00f1a para chimeneas","item":"https:\/\/dev.invicta.wp19.axome.cc\/es\/categorie-produit\/chemineas-insertos\/insertos-de-lena-para-chimeneas\/"},{"@type":"ListItem","position":5,"name":"Insert de le\u00f1a 700 Absolu"}]},{"@type":"WebSite","@id":"https:\/\/dev.invicta.wp19.axome.cc\/es\/#website","url":"https:\/\/dev.invicta.wp19.axome.cc\/es\/","name":"Invicta","description":"Fabricant fran\u00e7ais, sp\u00e9cialiste europ\u00e9en du chauffage au bois : po\u00eales \u00e0 bois et \u00e0 granul\u00e9s, chemin\u00e9es, foyers et inserts","publisher":{"@id":"https:\/\/dev.invicta.wp19.axome.cc\/es\/#organization"},"potentialAction":[{"@type":"SearchAction","target":{"@type":"EntryPoint","urlTemplate":"https:\/\/dev.invicta.wp19.axome.cc\/es\/?s={search_term_string}"},"query-input":{"@type":"PropertyValueSpecification","valueRequired":true,"valueName":"search_term_string"}}],"inLanguage":"es"},{"@type":"Organization","@id":"https:\/\/dev.invicta.wp19.axome.cc\/es\/#organization","name":"Invicta","url":"https:\/\/dev.invicta.wp19.axome.cc\/es\/","logo":{"@type":"ImageObject","inLanguage":"es","@id":"https:\/\/dev.invicta.wp19.axome.cc\/es\/#\/schema\/logo\/image\/","url":"https:\/\/www.invicta.fr\/wp-content\/uploads\/2019\/06\/INVICTALOGO_RVB.png","contentUrl":"https:\/\/www.invicta.fr\/wp-content\/uploads\/2019\/06\/INVICTALOGO_RVB.png","width":1810,"height":1280,"caption":"Invicta"},"image":{"@id":"https:\/\/dev.invicta.wp19.axome.cc\/es\/#\/schema\/logo\/image\/"}}]}},"_links":{"self":[{"href":"https:\/\/dev.invicta.wp19.axome.cc\/es\/wp-json\/wp\/v2\/product\/69514","targetHints":{"allow":["GET"]}}],"collection":[{"href":"https:\/\/dev.invicta.wp19.axome.cc\/es\/wp-json\/wp\/v2\/product"}],"about":[{"href":"https:\/\/dev.invicta.wp19.axome.cc\/es\/wp-json\/wp\/v2\/types\/product"}],"wp:featuredmedia":[{"embeddable":true,"href":"https:\/\/dev.invicta.wp19.axome.cc\/es\/wp-json\/wp\/v2\/media\/68751"}],"wp:attachment":[{"href":"https:\/\/dev.invicta.wp19.axome.cc\/es\/wp-json\/wp\/v2\/media?parent=69514"}],"wp:term":[{"taxonomy":"product_brand","embeddable":true,"href":"https:\/\/dev.invicta.wp19.axome.cc\/es\/wp-json\/wp\/v2\/product_brand?post=69514"},{"taxonomy":"product_cat","embeddable":true,"href":"https:\/\/dev.invicta.wp19.axome.cc\/es\/wp-json\/wp\/v2\/product_cat?post=69514"},{"taxonomy":"product_tag","embeddable":true,"href":"https:\/\/dev.invicta.wp19.axome.cc\/es\/wp-json\/wp\/v2\/product_tag?post=69514"},{"taxonomy":"plus_produit","embeddable":true,"href":"https:\/\/dev.invicta.wp19.axome.cc\/es\/wp-json\/wp\/v2\/plus_produit?post=69514"}],"curies":[{"name":"wp","href":"https:\/\/api.w.org\/{rel}","templated":true}]}}