{"id":69521,"date":"2025-11-26T08:34:47","date_gmt":"2025-11-26T11:38:41","guid":{"rendered":"https:\/\/dev.invicta.wp19.axome.cc\/produit\/700-eos\/"},"modified":"2025-11-26T13:38:43","modified_gmt":"2025-11-26T12:38:43","slug":"700-eos","status":"publish","type":"product","link":"https:\/\/dev.invicta.wp19.axome.cc\/es\/produit\/700-eos\/","title":{"rendered":"700 Eos"},"content":{"rendered":"","protected":false},"excerpt":{"rendered":"<p>Imag\u00ednese este hogar compacto instalado en su chimenea. Gracias a este concentrado de eficiencia modernizado por Invicta, disfrutar\u00e1s de un suave calor y del fascinante espect\u00e1culo de las llamas.<\/p>\n","protected":false},"featured_media":68771,"template":"","meta":{"_acf_changed":false},"product_brand":[],"product_cat":[2293,3056,2288],"product_tag":[2301,2303,2305,2607,2299,2843,7048,7049],"plus_produit":[8041,2278,2840,2265,2284,6838,2524,4961],"class_list":{"1":"product","4":"has-post-thumbnail","6":"product_cat-ayuda-en-la-eleccion","7":"product_cat-chemineas-insertos","8":"product_cat-chimeneas-de-lena","9":"product_tag-flamme-verte-7","10":"product_tag-eco-design-2022-es","11":"product_tag-certificacion-ecolabel-a","12":"product_tag-conectable-estanco","13":"product_tag-100-hierro-fundido","14":"product_tag-conectable","15":"product_tag-y-garantia-de-3-anos","16":"product_tag-y-garantie-extension-2ans-por","17":"pa_consommation-de-053-a-222-kg-hora","18":"pa_depart-des-fumees-parte-superior","19":"pa_indice-de-performance-102-es","20":"pa_surface-de-chauffe-de-40-a-100-m","21":"pa_volume-de-chauffe-de-105-a-240-m","22":"plus_produit-100-fonte-3","23":"plus_produit-combustion-intermitente-y-prolongada-3-horas","24":"plus_produit-conectable","25":"plus_produit-vidrio-limpio","26":"plus_produit-garantia-de-origen-frances","27":"plus_produit-garantia-extendida-3-anos","28":"plus_produit-ideal-para-presupuestos-ajustados","29":"plus_produit-ocupa-poco-espacio","31":"first","32":"instock","33":"purchasable","34":"product-type-simple"},"acf":[],"yoast_head":"<!-- This site is optimized with the Yoast SEO plugin v24.7 - https:\/\/yoast.com\/wordpress\/plugins\/seo\/ -->\n<title>700 Eos - Invicta<\/title>\n<meta name=\"description\" content=\"Imag\u00ednese este hogar compacto instalado en su chimenea. Gracias a este concentrado de eficiencia modernizado por Invicta, disfrutar\u00e1s de un suave calor y del fascinante espect\u00e1culo de las llamas.\" \/>\n<meta name=\"robots\" content=\"index, follow, max-snippet:-1, max-image-preview:large, max-video-preview:-1\" \/>\n<link rel=\"canonical\" href=\"https:\/\/dev.invicta.wp19.axome.cc\/es\/produit\/700-eos\/\" \/>\n<meta property=\"og:locale\" content=\"es_ES\" \/>\n<meta property=\"og:type\" content=\"article\" \/>\n<meta property=\"og:title\" content=\"700 Eos - Invicta\" \/>\n<meta property=\"og:description\" content=\"Imag\u00ednese este hogar compacto instalado en su chimenea. Gracias a este concentrado de eficiencia modernizado por Invicta, disfrutar\u00e1s de un suave calor y del fascinante espect\u00e1culo de las llamas.\" \/>\n<meta property=\"og:url\" content=\"https:\/\/dev.invicta.wp19.axome.cc\/es\/produit\/700-eos\/\" \/>\n<meta property=\"og:site_name\" content=\"Invicta\" \/>\n<meta property=\"article:modified_time\" content=\"2025-11-26T12:38:43+00:00\" \/>\n<meta property=\"og:image\" content=\"https:\/\/dev.invicta.wp19.axome.cc\/wp-content\/uploads\/2025\/06\/A-P977002-EOS-700.jpg\" \/>\n\t<meta property=\"og:image:width\" content=\"1000\" \/>\n\t<meta property=\"og:image:height\" content=\"714\" \/>\n\t<meta property=\"og:image:type\" content=\"image\/jpeg\" \/>\n<meta name=\"twitter:card\" content=\"summary_large_image\" \/>\n<script type=\"application\/ld+json\" class=\"yoast-schema-graph\">{\"@context\":\"https:\/\/schema.org\",\"@graph\":[{\"@type\":\"WebPage\",\"@id\":\"https:\/\/dev.invicta.wp19.axome.cc\/es\/produit\/700-eos\/\",\"url\":\"https:\/\/dev.invicta.wp19.axome.cc\/es\/produit\/700-eos\/\",\"name\":\"700 Eos - Invicta\",\"isPartOf\":{\"@id\":\"https:\/\/dev.invicta.wp19.axome.cc\/es\/#website\"},\"primaryImageOfPage\":{\"@id\":\"https:\/\/dev.invicta.wp19.axome.cc\/es\/produit\/700-eos\/#primaryimage\"},\"image\":{\"@id\":\"https:\/\/dev.invicta.wp19.axome.cc\/es\/produit\/700-eos\/#primaryimage\"},\"thumbnailUrl\":\"https:\/\/dev.invicta.wp19.axome.cc\/wp-content\/uploads\/2025\/06\/A-P977002-EOS-700.jpg\",\"datePublished\":\"2025-11-26T11:38:41+00:00\",\"dateModified\":\"2025-11-26T12:38:43+00:00\",\"description\":\"Imag\u00ednese este hogar compacto instalado en su chimenea. Gracias a este concentrado de eficiencia modernizado por Invicta, disfrutar\u00e1s de un suave calor y del fascinante espect\u00e1culo de las llamas.\",\"breadcrumb\":{\"@id\":\"https:\/\/dev.invicta.wp19.axome.cc\/es\/produit\/700-eos\/#breadcrumb\"},\"inLanguage\":\"es\",\"potentialAction\":[{\"@type\":\"ReadAction\",\"target\":[\"https:\/\/dev.invicta.wp19.axome.cc\/es\/produit\/700-eos\/\"]}]},{\"@type\":\"ImageObject\",\"inLanguage\":\"es\",\"@id\":\"https:\/\/dev.invicta.wp19.axome.cc\/es\/produit\/700-eos\/#primaryimage\",\"url\":\"https:\/\/dev.invicta.wp19.axome.cc\/wp-content\/uploads\/2025\/06\/A-P977002-EOS-700.jpg\",\"contentUrl\":\"https:\/\/dev.invicta.wp19.axome.cc\/wp-content\/uploads\/2025\/06\/A-P977002-EOS-700.jpg\",\"width\":1000,\"height\":714,\"caption\":\"Foyer \u00e0 bois 700 Eos\"},{\"@type\":\"BreadcrumbList\",\"@id\":\"https:\/\/dev.invicta.wp19.axome.cc\/es\/produit\/700-eos\/#breadcrumb\",\"itemListElement\":[{\"@type\":\"ListItem\",\"position\":1,\"name\":\"Inicio\",\"item\":\"https:\/\/dev.invicta.wp19.axome.cc\/es\/\"},{\"@type\":\"ListItem\",\"position\":2,\"name\":\"Productos\",\"item\":\"https:\/\/dev.invicta.wp19.axome.cc\/es\/shop\/\"},{\"@type\":\"ListItem\",\"position\":3,\"name\":\"Chimeneas e insertos\",\"item\":\"https:\/\/dev.invicta.wp19.axome.cc\/es\/categorie-produit\/chemineas-insertos\/\"},{\"@type\":\"ListItem\",\"position\":4,\"name\":\"Chimeneas de le\u00f1a\",\"item\":\"https:\/\/dev.invicta.wp19.axome.cc\/es\/categorie-produit\/chemineas-insertos\/chimeneas-de-lena\/\"},{\"@type\":\"ListItem\",\"position\":5,\"name\":\"700 Eos\"}]},{\"@type\":\"WebSite\",\"@id\":\"https:\/\/dev.invicta.wp19.axome.cc\/es\/#website\",\"url\":\"https:\/\/dev.invicta.wp19.axome.cc\/es\/\",\"name\":\"Invicta\",\"description\":\"Fabricant fran\u00e7ais, sp\u00e9cialiste europ\u00e9en du chauffage au bois : po\u00eales \u00e0 bois et \u00e0 granul\u00e9s, chemin\u00e9es, foyers et inserts\",\"publisher\":{\"@id\":\"https:\/\/dev.invicta.wp19.axome.cc\/es\/#organization\"},\"potentialAction\":[{\"@type\":\"SearchAction\",\"target\":{\"@type\":\"EntryPoint\",\"urlTemplate\":\"https:\/\/dev.invicta.wp19.axome.cc\/es\/?s={search_term_string}\"},\"query-input\":{\"@type\":\"PropertyValueSpecification\",\"valueRequired\":true,\"valueName\":\"search_term_string\"}}],\"inLanguage\":\"es\"},{\"@type\":\"Organization\",\"@id\":\"https:\/\/dev.invicta.wp19.axome.cc\/es\/#organization\",\"name\":\"Invicta\",\"url\":\"https:\/\/dev.invicta.wp19.axome.cc\/es\/\",\"logo\":{\"@type\":\"ImageObject\",\"inLanguage\":\"es\",\"@id\":\"https:\/\/dev.invicta.wp19.axome.cc\/es\/#\/schema\/logo\/image\/\",\"url\":\"https:\/\/www.invicta.fr\/wp-content\/uploads\/2019\/06\/INVICTALOGO_RVB.png\",\"contentUrl\":\"https:\/\/www.invicta.fr\/wp-content\/uploads\/2019\/06\/INVICTALOGO_RVB.png\",\"width\":1810,\"height\":1280,\"caption\":\"Invicta\"},\"image\":{\"@id\":\"https:\/\/dev.invicta.wp19.axome.cc\/es\/#\/schema\/logo\/image\/\"}}]}<\/script>\n<!-- \/ Yoast SEO plugin. -->","yoast_head_json":{"title":"700 Eos - Invicta","description":"Imag\u00ednese este hogar compacto instalado en su chimenea. Gracias a este concentrado de eficiencia modernizado por Invicta, disfrutar\u00e1s de un suave calor y del fascinante espect\u00e1culo de las llamas.","robots":{"index":"index","follow":"follow","max-snippet":"max-snippet:-1","max-image-preview":"max-image-preview:large","max-video-preview":"max-video-preview:-1"},"canonical":"https:\/\/dev.invicta.wp19.axome.cc\/es\/produit\/700-eos\/","og_locale":"es_ES","og_type":"article","og_title":"700 Eos - Invicta","og_description":"Imag\u00ednese este hogar compacto instalado en su chimenea. Gracias a este concentrado de eficiencia modernizado por Invicta, disfrutar\u00e1s de un suave calor y del fascinante espect\u00e1culo de las llamas.","og_url":"https:\/\/dev.invicta.wp19.axome.cc\/es\/produit\/700-eos\/","og_site_name":"Invicta","article_modified_time":"2025-11-26T12:38:43+00:00","og_image":[{"width":1000,"height":714,"url":"https:\/\/dev.invicta.wp19.axome.cc\/wp-content\/uploads\/2025\/06\/A-P977002-EOS-700.jpg","type":"image\/jpeg"}],"twitter_card":"summary_large_image","schema":{"@context":"https:\/\/schema.org","@graph":[{"@type":"WebPage","@id":"https:\/\/dev.invicta.wp19.axome.cc\/es\/produit\/700-eos\/","url":"https:\/\/dev.invicta.wp19.axome.cc\/es\/produit\/700-eos\/","name":"700 Eos - Invicta","isPartOf":{"@id":"https:\/\/dev.invicta.wp19.axome.cc\/es\/#website"},"primaryImageOfPage":{"@id":"https:\/\/dev.invicta.wp19.axome.cc\/es\/produit\/700-eos\/#primaryimage"},"image":{"@id":"https:\/\/dev.invicta.wp19.axome.cc\/es\/produit\/700-eos\/#primaryimage"},"thumbnailUrl":"https:\/\/dev.invicta.wp19.axome.cc\/wp-content\/uploads\/2025\/06\/A-P977002-EOS-700.jpg","datePublished":"2025-11-26T11:38:41+00:00","dateModified":"2025-11-26T12:38:43+00:00","description":"Imag\u00ednese este hogar compacto instalado en su chimenea. Gracias a este concentrado de eficiencia modernizado por Invicta, disfrutar\u00e1s de un suave calor y del fascinante espect\u00e1culo de las llamas.","breadcrumb":{"@id":"https:\/\/dev.invicta.wp19.axome.cc\/es\/produit\/700-eos\/#breadcrumb"},"inLanguage":"es","potentialAction":[{"@type":"ReadAction","target":["https:\/\/dev.invicta.wp19.axome.cc\/es\/produit\/700-eos\/"]}]},{"@type":"ImageObject","inLanguage":"es","@id":"https:\/\/dev.invicta.wp19.axome.cc\/es\/produit\/700-eos\/#primaryimage","url":"https:\/\/dev.invicta.wp19.axome.cc\/wp-content\/uploads\/2025\/06\/A-P977002-EOS-700.jpg","contentUrl":"https:\/\/dev.invicta.wp19.axome.cc\/wp-content\/uploads\/2025\/06\/A-P977002-EOS-700.jpg","width":1000,"height":714,"caption":"Foyer \u00e0 bois 700 Eos"},{"@type":"BreadcrumbList","@id":"https:\/\/dev.invicta.wp19.axome.cc\/es\/produit\/700-eos\/#breadcrumb","itemListElement":[{"@type":"ListItem","position":1,"name":"Inicio","item":"https:\/\/dev.invicta.wp19.axome.cc\/es\/"},{"@type":"ListItem","position":2,"name":"Productos","item":"https:\/\/dev.invicta.wp19.axome.cc\/es\/shop\/"},{"@type":"ListItem","position":3,"name":"Chimeneas e insertos","item":"https:\/\/dev.invicta.wp19.axome.cc\/es\/categorie-produit\/chemineas-insertos\/"},{"@type":"ListItem","position":4,"name":"Chimeneas de le\u00f1a","item":"https:\/\/dev.invicta.wp19.axome.cc\/es\/categorie-produit\/chemineas-insertos\/chimeneas-de-lena\/"},{"@type":"ListItem","position":5,"name":"700 Eos"}]},{"@type":"WebSite","@id":"https:\/\/dev.invicta.wp19.axome.cc\/es\/#website","url":"https:\/\/dev.invicta.wp19.axome.cc\/es\/","name":"Invicta","description":"Fabricant fran\u00e7ais, sp\u00e9cialiste europ\u00e9en du chauffage au bois : po\u00eales \u00e0 bois et \u00e0 granul\u00e9s, chemin\u00e9es, foyers et inserts","publisher":{"@id":"https:\/\/dev.invicta.wp19.axome.cc\/es\/#organization"},"potentialAction":[{"@type":"SearchAction","target":{"@type":"EntryPoint","urlTemplate":"https:\/\/dev.invicta.wp19.axome.cc\/es\/?s={search_term_string}"},"query-input":{"@type":"PropertyValueSpecification","valueRequired":true,"valueName":"search_term_string"}}],"inLanguage":"es"},{"@type":"Organization","@id":"https:\/\/dev.invicta.wp19.axome.cc\/es\/#organization","name":"Invicta","url":"https:\/\/dev.invicta.wp19.axome.cc\/es\/","logo":{"@type":"ImageObject","inLanguage":"es","@id":"https:\/\/dev.invicta.wp19.axome.cc\/es\/#\/schema\/logo\/image\/","url":"https:\/\/www.invicta.fr\/wp-content\/uploads\/2019\/06\/INVICTALOGO_RVB.png","contentUrl":"https:\/\/www.invicta.fr\/wp-content\/uploads\/2019\/06\/INVICTALOGO_RVB.png","width":1810,"height":1280,"caption":"Invicta"},"image":{"@id":"https:\/\/dev.invicta.wp19.axome.cc\/es\/#\/schema\/logo\/image\/"}}]}},"_links":{"self":[{"href":"https:\/\/dev.invicta.wp19.axome.cc\/es\/wp-json\/wp\/v2\/product\/69521","targetHints":{"allow":["GET"]}}],"collection":[{"href":"https:\/\/dev.invicta.wp19.axome.cc\/es\/wp-json\/wp\/v2\/product"}],"about":[{"href":"https:\/\/dev.invicta.wp19.axome.cc\/es\/wp-json\/wp\/v2\/types\/product"}],"wp:featuredmedia":[{"embeddable":true,"href":"https:\/\/dev.invicta.wp19.axome.cc\/es\/wp-json\/wp\/v2\/media\/68771"}],"wp:attachment":[{"href":"https:\/\/dev.invicta.wp19.axome.cc\/es\/wp-json\/wp\/v2\/media?parent=69521"}],"wp:term":[{"taxonomy":"product_brand","embeddable":true,"href":"https:\/\/dev.invicta.wp19.axome.cc\/es\/wp-json\/wp\/v2\/product_brand?post=69521"},{"taxonomy":"product_cat","embeddable":true,"href":"https:\/\/dev.invicta.wp19.axome.cc\/es\/wp-json\/wp\/v2\/product_cat?post=69521"},{"taxonomy":"product_tag","embeddable":true,"href":"https:\/\/dev.invicta.wp19.axome.cc\/es\/wp-json\/wp\/v2\/product_tag?post=69521"},{"taxonomy":"plus_produit","embeddable":true,"href":"https:\/\/dev.invicta.wp19.axome.cc\/es\/wp-json\/wp\/v2\/plus_produit?post=69521"}],"curies":[{"name":"wp","href":"https:\/\/api.w.org\/{rel}","templated":true}]}}