{"id":69535,"date":"2025-06-09T18:08:50","date_gmt":"2025-06-09T16:08:50","guid":{"rendered":"https:\/\/dev.invicta.wp19.axome.cc\/produit\/estufa-de-pellets-datura-a9\/"},"modified":"2025-06-09T18:09:00","modified_gmt":"2025-06-09T16:09:00","slug":"estufa-de-pellets-datura-a9","status":"publish","type":"product","link":"https:\/\/dev.invicta.wp19.axome.cc\/es\/produit\/estufa-de-pellets-datura-a9\/","title":{"rendered":"Estufa de pellets Datura A9"},"content":{"rendered":"<p>Un equilibrio perfecto entre la est\u00e9tica moderna y la optimizaci\u00f3n del espacio, Datura ocupa un espacio m\u00ednimo para el m\u00e1ximo confort. Su carcasa blanca con l\u00edneas asim\u00e9tricas resalta la espectacularidad del fuego. Este modelo puede colocarse en el suelo o fijarse a la pared.<\/p>\n","protected":false},"excerpt":{"rendered":"<p>Un equilibrio perfecto entre la est\u00e9tica moderna y la optimizaci\u00f3n del espacio, Datura ocupa un espacio m\u00ednimo para el m\u00e1ximo confort. Su carcasa blanca con l\u00edneas asim\u00e9tricas resalta la espectacularidad del fuego. Este modelo puede colocarse en el suelo o fijarse a la pared.<\/p>\n","protected":false},"featured_media":0,"template":"","meta":{"_acf_changed":false},"product_brand":[],"product_cat":[],"product_tag":[2317],"plus_produit":[4958,2318,6553,4962,4961,2309,2632,2635],"class_list":{"1":"product","5":"product_tag-ecoetiqueta-a","6":"pa_capacite-de-la-tremie-18-00-2","7":"pa_surface-de-chauffe-25-a-70-m-es","8":"pa_volume-de-chauffe-min-max-3-2","9":"plus_produit-canalizable","10":"plus_produit-kit-de-control-de-la-combustion-kcc","11":"plus_produit-kit-wifi-opcional","12":"plus_produit-mando-a-distancia-opcional","13":"plus_produit-ocupa-poco-espacio","14":"plus_produit-posibilidad-de-control-por-termostato-externo-no-incluido","15":"plus_produit-programacion-de-cronotermostato","16":"plus_produit-regulacion-de-la-potencia-o-de-la-temperatura-ambiente","18":"first","19":"instock","20":"purchasable","21":"product-type-simple"},"acf":[],"yoast_head":"<!-- This site is optimized with the Yoast SEO plugin v24.7 - https:\/\/yoast.com\/wordpress\/plugins\/seo\/ -->\n<title>Estufa de pellets Datura A9 - Invicta<\/title>\n<meta name=\"description\" content=\"Un equilibrio perfecto entre la est\u00e9tica moderna y la optimizaci\u00f3n del espacio, Datura ocupa un espacio m\u00ednimo para el m\u00e1ximo confort. Su carcasa blanca\" \/>\n<meta name=\"robots\" content=\"index, follow, max-snippet:-1, max-image-preview:large, max-video-preview:-1\" \/>\n<link rel=\"canonical\" href=\"https:\/\/dev.invicta.wp19.axome.cc\/es\/produit\/estufa-de-pellets-datura-a9\/\" \/>\n<meta property=\"og:locale\" content=\"es_ES\" \/>\n<meta property=\"og:type\" content=\"article\" \/>\n<meta property=\"og:title\" content=\"Estufa de pellets Datura A9 - Invicta\" \/>\n<meta property=\"og:description\" content=\"Un equilibrio perfecto entre la est\u00e9tica moderna y la optimizaci\u00f3n del espacio, Datura ocupa un espacio m\u00ednimo para el m\u00e1ximo confort. Su carcasa blanca\" \/>\n<meta property=\"og:url\" content=\"https:\/\/dev.invicta.wp19.axome.cc\/es\/produit\/estufa-de-pellets-datura-a9\/\" \/>\n<meta property=\"og:site_name\" content=\"Invicta\" \/>\n<meta property=\"article:modified_time\" content=\"2025-06-09T16:09:00+00:00\" \/>\n<meta name=\"twitter:card\" content=\"summary_large_image\" \/>\n<script type=\"application\/ld+json\" class=\"yoast-schema-graph\">{\"@context\":\"https:\/\/schema.org\",\"@graph\":[{\"@type\":\"WebPage\",\"@id\":\"https:\/\/dev.invicta.wp19.axome.cc\/es\/produit\/estufa-de-pellets-datura-a9\/\",\"url\":\"https:\/\/dev.invicta.wp19.axome.cc\/es\/produit\/estufa-de-pellets-datura-a9\/\",\"name\":\"Estufa de pellets Datura A9 - Invicta\",\"isPartOf\":{\"@id\":\"https:\/\/dev.invicta.wp19.axome.cc\/es\/#website\"},\"datePublished\":\"2025-06-09T16:08:50+00:00\",\"dateModified\":\"2025-06-09T16:09:00+00:00\",\"description\":\"Un equilibrio perfecto entre la est\u00e9tica moderna y la optimizaci\u00f3n del espacio, Datura ocupa un espacio m\u00ednimo para el m\u00e1ximo confort. Su carcasa blanca\",\"breadcrumb\":{\"@id\":\"https:\/\/dev.invicta.wp19.axome.cc\/es\/produit\/estufa-de-pellets-datura-a9\/#breadcrumb\"},\"inLanguage\":\"es\",\"potentialAction\":[{\"@type\":\"ReadAction\",\"target\":[\"https:\/\/dev.invicta.wp19.axome.cc\/es\/produit\/estufa-de-pellets-datura-a9\/\"]}]},{\"@type\":\"BreadcrumbList\",\"@id\":\"https:\/\/dev.invicta.wp19.axome.cc\/es\/produit\/estufa-de-pellets-datura-a9\/#breadcrumb\",\"itemListElement\":[{\"@type\":\"ListItem\",\"position\":1,\"name\":\"Inicio\",\"item\":\"https:\/\/dev.invicta.wp19.axome.cc\/es\/\"},{\"@type\":\"ListItem\",\"position\":2,\"name\":\"Productos\",\"item\":\"https:\/\/dev.invicta.wp19.axome.cc\/es\/shop\/\"},{\"@type\":\"ListItem\",\"position\":3,\"name\":\"Estufa de pellets Datura A9\"}]},{\"@type\":\"WebSite\",\"@id\":\"https:\/\/dev.invicta.wp19.axome.cc\/es\/#website\",\"url\":\"https:\/\/dev.invicta.wp19.axome.cc\/es\/\",\"name\":\"Invicta\",\"description\":\"Fabricant fran\u00e7ais, sp\u00e9cialiste europ\u00e9en du chauffage au bois : po\u00eales \u00e0 bois et \u00e0 granul\u00e9s, chemin\u00e9es, foyers et inserts\",\"publisher\":{\"@id\":\"https:\/\/dev.invicta.wp19.axome.cc\/es\/#organization\"},\"potentialAction\":[{\"@type\":\"SearchAction\",\"target\":{\"@type\":\"EntryPoint\",\"urlTemplate\":\"https:\/\/dev.invicta.wp19.axome.cc\/es\/?s={search_term_string}\"},\"query-input\":{\"@type\":\"PropertyValueSpecification\",\"valueRequired\":true,\"valueName\":\"search_term_string\"}}],\"inLanguage\":\"es\"},{\"@type\":\"Organization\",\"@id\":\"https:\/\/dev.invicta.wp19.axome.cc\/es\/#organization\",\"name\":\"Invicta\",\"url\":\"https:\/\/dev.invicta.wp19.axome.cc\/es\/\",\"logo\":{\"@type\":\"ImageObject\",\"inLanguage\":\"es\",\"@id\":\"https:\/\/dev.invicta.wp19.axome.cc\/es\/#\/schema\/logo\/image\/\",\"url\":\"https:\/\/www.invicta.fr\/wp-content\/uploads\/2019\/06\/INVICTALOGO_RVB.png\",\"contentUrl\":\"https:\/\/www.invicta.fr\/wp-content\/uploads\/2019\/06\/INVICTALOGO_RVB.png\",\"width\":1810,\"height\":1280,\"caption\":\"Invicta\"},\"image\":{\"@id\":\"https:\/\/dev.invicta.wp19.axome.cc\/es\/#\/schema\/logo\/image\/\"}}]}<\/script>\n<!-- \/ Yoast SEO plugin. -->","yoast_head_json":{"title":"Estufa de pellets Datura A9 - Invicta","description":"Un equilibrio perfecto entre la est\u00e9tica moderna y la optimizaci\u00f3n del espacio, Datura ocupa un espacio m\u00ednimo para el m\u00e1ximo confort. Su carcasa blanca","robots":{"index":"index","follow":"follow","max-snippet":"max-snippet:-1","max-image-preview":"max-image-preview:large","max-video-preview":"max-video-preview:-1"},"canonical":"https:\/\/dev.invicta.wp19.axome.cc\/es\/produit\/estufa-de-pellets-datura-a9\/","og_locale":"es_ES","og_type":"article","og_title":"Estufa de pellets Datura A9 - Invicta","og_description":"Un equilibrio perfecto entre la est\u00e9tica moderna y la optimizaci\u00f3n del espacio, Datura ocupa un espacio m\u00ednimo para el m\u00e1ximo confort. Su carcasa blanca","og_url":"https:\/\/dev.invicta.wp19.axome.cc\/es\/produit\/estufa-de-pellets-datura-a9\/","og_site_name":"Invicta","article_modified_time":"2025-06-09T16:09:00+00:00","twitter_card":"summary_large_image","schema":{"@context":"https:\/\/schema.org","@graph":[{"@type":"WebPage","@id":"https:\/\/dev.invicta.wp19.axome.cc\/es\/produit\/estufa-de-pellets-datura-a9\/","url":"https:\/\/dev.invicta.wp19.axome.cc\/es\/produit\/estufa-de-pellets-datura-a9\/","name":"Estufa de pellets Datura A9 - Invicta","isPartOf":{"@id":"https:\/\/dev.invicta.wp19.axome.cc\/es\/#website"},"datePublished":"2025-06-09T16:08:50+00:00","dateModified":"2025-06-09T16:09:00+00:00","description":"Un equilibrio perfecto entre la est\u00e9tica moderna y la optimizaci\u00f3n del espacio, Datura ocupa un espacio m\u00ednimo para el m\u00e1ximo confort. Su carcasa blanca","breadcrumb":{"@id":"https:\/\/dev.invicta.wp19.axome.cc\/es\/produit\/estufa-de-pellets-datura-a9\/#breadcrumb"},"inLanguage":"es","potentialAction":[{"@type":"ReadAction","target":["https:\/\/dev.invicta.wp19.axome.cc\/es\/produit\/estufa-de-pellets-datura-a9\/"]}]},{"@type":"BreadcrumbList","@id":"https:\/\/dev.invicta.wp19.axome.cc\/es\/produit\/estufa-de-pellets-datura-a9\/#breadcrumb","itemListElement":[{"@type":"ListItem","position":1,"name":"Inicio","item":"https:\/\/dev.invicta.wp19.axome.cc\/es\/"},{"@type":"ListItem","position":2,"name":"Productos","item":"https:\/\/dev.invicta.wp19.axome.cc\/es\/shop\/"},{"@type":"ListItem","position":3,"name":"Estufa de pellets Datura A9"}]},{"@type":"WebSite","@id":"https:\/\/dev.invicta.wp19.axome.cc\/es\/#website","url":"https:\/\/dev.invicta.wp19.axome.cc\/es\/","name":"Invicta","description":"Fabricant fran\u00e7ais, sp\u00e9cialiste europ\u00e9en du chauffage au bois : po\u00eales \u00e0 bois et \u00e0 granul\u00e9s, chemin\u00e9es, foyers et inserts","publisher":{"@id":"https:\/\/dev.invicta.wp19.axome.cc\/es\/#organization"},"potentialAction":[{"@type":"SearchAction","target":{"@type":"EntryPoint","urlTemplate":"https:\/\/dev.invicta.wp19.axome.cc\/es\/?s={search_term_string}"},"query-input":{"@type":"PropertyValueSpecification","valueRequired":true,"valueName":"search_term_string"}}],"inLanguage":"es"},{"@type":"Organization","@id":"https:\/\/dev.invicta.wp19.axome.cc\/es\/#organization","name":"Invicta","url":"https:\/\/dev.invicta.wp19.axome.cc\/es\/","logo":{"@type":"ImageObject","inLanguage":"es","@id":"https:\/\/dev.invicta.wp19.axome.cc\/es\/#\/schema\/logo\/image\/","url":"https:\/\/www.invicta.fr\/wp-content\/uploads\/2019\/06\/INVICTALOGO_RVB.png","contentUrl":"https:\/\/www.invicta.fr\/wp-content\/uploads\/2019\/06\/INVICTALOGO_RVB.png","width":1810,"height":1280,"caption":"Invicta"},"image":{"@id":"https:\/\/dev.invicta.wp19.axome.cc\/es\/#\/schema\/logo\/image\/"}}]}},"_links":{"self":[{"href":"https:\/\/dev.invicta.wp19.axome.cc\/es\/wp-json\/wp\/v2\/product\/69535","targetHints":{"allow":["GET"]}}],"collection":[{"href":"https:\/\/dev.invicta.wp19.axome.cc\/es\/wp-json\/wp\/v2\/product"}],"about":[{"href":"https:\/\/dev.invicta.wp19.axome.cc\/es\/wp-json\/wp\/v2\/types\/product"}],"wp:attachment":[{"href":"https:\/\/dev.invicta.wp19.axome.cc\/es\/wp-json\/wp\/v2\/media?parent=69535"}],"wp:term":[{"taxonomy":"product_brand","embeddable":true,"href":"https:\/\/dev.invicta.wp19.axome.cc\/es\/wp-json\/wp\/v2\/product_brand?post=69535"},{"taxonomy":"product_cat","embeddable":true,"href":"https:\/\/dev.invicta.wp19.axome.cc\/es\/wp-json\/wp\/v2\/product_cat?post=69535"},{"taxonomy":"product_tag","embeddable":true,"href":"https:\/\/dev.invicta.wp19.axome.cc\/es\/wp-json\/wp\/v2\/product_tag?post=69535"},{"taxonomy":"plus_produit","embeddable":true,"href":"https:\/\/dev.invicta.wp19.axome.cc\/es\/wp-json\/wp\/v2\/plus_produit?post=69535"}],"curies":[{"name":"wp","href":"https:\/\/api.w.org\/{rel}","templated":true}]}}