{"id":69562,"date":"2025-06-09T18:09:14","date_gmt":"2025-06-09T16:09:14","guid":{"rendered":"https:\/\/dev.invicta.wp19.axome.cc\/produit\/chimenea-700-optimizado-con-valvula-copie\/"},"modified":"2025-06-09T18:09:16","modified_gmt":"2025-06-09T16:09:16","slug":"chimenea-700-optimizado-con-valvula-copie","status":"publish","type":"product","link":"https:\/\/dev.invicta.wp19.axome.cc\/es\/produit\/chimenea-700-optimizado-con-valvula-copie\/","title":{"rendered":"Chimenea 700 Optimizado con v\u00e1lvula (Copie)"},"content":{"rendered":"<p>Dise\u00f1o minimalista, precio asequible, propiedades t\u00e9rmicas optimizadas: \u00a1la ecuaci\u00f3n es perfecta con este modelo de chimenea!<\/p>\n","protected":false},"excerpt":{"rendered":"<p>Dise\u00f1o minimalista, precio asequible, propiedades t\u00e9rmicas optimizadas: \u00a1la ecuaci\u00f3n es perfecta con este modelo de chimenea!<\/p>\n","protected":false},"featured_media":0,"template":"","meta":{"_acf_changed":false},"product_brand":[],"product_cat":[],"product_tag":[2305,2295],"plus_produit":[2273,2278,2265,2284,2524,2263],"class_list":{"1":"product","5":"product_tag-certificacion-ecolabel-a","6":"product_tag-post-combustion-es","7":"pa_indice-de-performance-102-00-4-2","8":"pa_surface-de-chauffe-25-a-70-m-es","9":"pa_taux-de-co-0-1000-2-2","10":"pa_volume-de-chauffe-min-max-3-2","11":"plus_produit-aleta-en-la-boquilla","12":"plus_produit-combustion-intermitente-y-prolongada-3-horas","13":"plus_produit-vidrio-limpio","14":"plus_produit-garantia-de-origen-frances","15":"plus_produit-ideal-para-presupuestos-ajustados","16":"plus_produit-sistema-de-post-combustion","18":"first","19":"instock","20":"product-type-simple"},"acf":[],"yoast_head":"<!-- This site is optimized with the Yoast SEO plugin v24.7 - https:\/\/yoast.com\/wordpress\/plugins\/seo\/ -->\n<title>Chimenea 700 Optimizado con v\u00e1lvula (Copie) - Invicta<\/title>\n<meta name=\"description\" content=\"Dise\u00f1o minimalista, precio asequible, propiedades t\u00e9rmicas optimizadas: \u00a1la ecuaci\u00f3n es perfecta con este modelo de chimenea!\" \/>\n<meta name=\"robots\" content=\"index, follow, max-snippet:-1, max-image-preview:large, max-video-preview:-1\" \/>\n<link rel=\"canonical\" href=\"https:\/\/dev.invicta.wp19.axome.cc\/es\/produit\/chimenea-700-optimizado-con-valvula-copie\/\" \/>\n<meta property=\"og:locale\" content=\"es_ES\" \/>\n<meta property=\"og:type\" content=\"article\" \/>\n<meta property=\"og:title\" content=\"Chimenea 700 Optimizado con v\u00e1lvula (Copie) - Invicta\" \/>\n<meta property=\"og:description\" content=\"Dise\u00f1o minimalista, precio asequible, propiedades t\u00e9rmicas optimizadas: \u00a1la ecuaci\u00f3n es perfecta con este modelo de chimenea!\" \/>\n<meta property=\"og:url\" content=\"https:\/\/dev.invicta.wp19.axome.cc\/es\/produit\/chimenea-700-optimizado-con-valvula-copie\/\" \/>\n<meta property=\"og:site_name\" content=\"Invicta\" \/>\n<meta property=\"article:modified_time\" content=\"2025-06-09T16:09:16+00:00\" \/>\n<meta name=\"twitter:card\" content=\"summary_large_image\" \/>\n<script type=\"application\/ld+json\" class=\"yoast-schema-graph\">{\"@context\":\"https:\/\/schema.org\",\"@graph\":[{\"@type\":\"WebPage\",\"@id\":\"https:\/\/dev.invicta.wp19.axome.cc\/es\/produit\/chimenea-700-optimizado-con-valvula-copie\/\",\"url\":\"https:\/\/dev.invicta.wp19.axome.cc\/es\/produit\/chimenea-700-optimizado-con-valvula-copie\/\",\"name\":\"Chimenea 700 Optimizado con v\u00e1lvula (Copie) - Invicta\",\"isPartOf\":{\"@id\":\"https:\/\/dev.invicta.wp19.axome.cc\/es\/#website\"},\"datePublished\":\"2025-06-09T16:09:14+00:00\",\"dateModified\":\"2025-06-09T16:09:16+00:00\",\"description\":\"Dise\u00f1o minimalista, precio asequible, propiedades t\u00e9rmicas optimizadas: \u00a1la ecuaci\u00f3n es perfecta con este modelo de chimenea!\",\"breadcrumb\":{\"@id\":\"https:\/\/dev.invicta.wp19.axome.cc\/es\/produit\/chimenea-700-optimizado-con-valvula-copie\/#breadcrumb\"},\"inLanguage\":\"es\",\"potentialAction\":[{\"@type\":\"ReadAction\",\"target\":[\"https:\/\/dev.invicta.wp19.axome.cc\/es\/produit\/chimenea-700-optimizado-con-valvula-copie\/\"]}]},{\"@type\":\"BreadcrumbList\",\"@id\":\"https:\/\/dev.invicta.wp19.axome.cc\/es\/produit\/chimenea-700-optimizado-con-valvula-copie\/#breadcrumb\",\"itemListElement\":[{\"@type\":\"ListItem\",\"position\":1,\"name\":\"Inicio\",\"item\":\"https:\/\/dev.invicta.wp19.axome.cc\/es\/\"},{\"@type\":\"ListItem\",\"position\":2,\"name\":\"Productos\",\"item\":\"https:\/\/dev.invicta.wp19.axome.cc\/es\/shop\/\"},{\"@type\":\"ListItem\",\"position\":3,\"name\":\"Chimenea 700 Optimizado con v\u00e1lvula (Copie)\"}]},{\"@type\":\"WebSite\",\"@id\":\"https:\/\/dev.invicta.wp19.axome.cc\/es\/#website\",\"url\":\"https:\/\/dev.invicta.wp19.axome.cc\/es\/\",\"name\":\"Invicta\",\"description\":\"Fabricant fran\u00e7ais, sp\u00e9cialiste europ\u00e9en du chauffage au bois : po\u00eales \u00e0 bois et \u00e0 granul\u00e9s, chemin\u00e9es, foyers et inserts\",\"publisher\":{\"@id\":\"https:\/\/dev.invicta.wp19.axome.cc\/es\/#organization\"},\"potentialAction\":[{\"@type\":\"SearchAction\",\"target\":{\"@type\":\"EntryPoint\",\"urlTemplate\":\"https:\/\/dev.invicta.wp19.axome.cc\/es\/?s={search_term_string}\"},\"query-input\":{\"@type\":\"PropertyValueSpecification\",\"valueRequired\":true,\"valueName\":\"search_term_string\"}}],\"inLanguage\":\"es\"},{\"@type\":\"Organization\",\"@id\":\"https:\/\/dev.invicta.wp19.axome.cc\/es\/#organization\",\"name\":\"Invicta\",\"url\":\"https:\/\/dev.invicta.wp19.axome.cc\/es\/\",\"logo\":{\"@type\":\"ImageObject\",\"inLanguage\":\"es\",\"@id\":\"https:\/\/dev.invicta.wp19.axome.cc\/es\/#\/schema\/logo\/image\/\",\"url\":\"https:\/\/www.invicta.fr\/wp-content\/uploads\/2019\/06\/INVICTALOGO_RVB.png\",\"contentUrl\":\"https:\/\/www.invicta.fr\/wp-content\/uploads\/2019\/06\/INVICTALOGO_RVB.png\",\"width\":1810,\"height\":1280,\"caption\":\"Invicta\"},\"image\":{\"@id\":\"https:\/\/dev.invicta.wp19.axome.cc\/es\/#\/schema\/logo\/image\/\"}}]}<\/script>\n<!-- \/ Yoast SEO plugin. -->","yoast_head_json":{"title":"Chimenea 700 Optimizado con v\u00e1lvula (Copie) - Invicta","description":"Dise\u00f1o minimalista, precio asequible, propiedades t\u00e9rmicas optimizadas: \u00a1la ecuaci\u00f3n es perfecta con este modelo de chimenea!","robots":{"index":"index","follow":"follow","max-snippet":"max-snippet:-1","max-image-preview":"max-image-preview:large","max-video-preview":"max-video-preview:-1"},"canonical":"https:\/\/dev.invicta.wp19.axome.cc\/es\/produit\/chimenea-700-optimizado-con-valvula-copie\/","og_locale":"es_ES","og_type":"article","og_title":"Chimenea 700 Optimizado con v\u00e1lvula (Copie) - Invicta","og_description":"Dise\u00f1o minimalista, precio asequible, propiedades t\u00e9rmicas optimizadas: \u00a1la ecuaci\u00f3n es perfecta con este modelo de chimenea!","og_url":"https:\/\/dev.invicta.wp19.axome.cc\/es\/produit\/chimenea-700-optimizado-con-valvula-copie\/","og_site_name":"Invicta","article_modified_time":"2025-06-09T16:09:16+00:00","twitter_card":"summary_large_image","schema":{"@context":"https:\/\/schema.org","@graph":[{"@type":"WebPage","@id":"https:\/\/dev.invicta.wp19.axome.cc\/es\/produit\/chimenea-700-optimizado-con-valvula-copie\/","url":"https:\/\/dev.invicta.wp19.axome.cc\/es\/produit\/chimenea-700-optimizado-con-valvula-copie\/","name":"Chimenea 700 Optimizado con v\u00e1lvula (Copie) - Invicta","isPartOf":{"@id":"https:\/\/dev.invicta.wp19.axome.cc\/es\/#website"},"datePublished":"2025-06-09T16:09:14+00:00","dateModified":"2025-06-09T16:09:16+00:00","description":"Dise\u00f1o minimalista, precio asequible, propiedades t\u00e9rmicas optimizadas: \u00a1la ecuaci\u00f3n es perfecta con este modelo de chimenea!","breadcrumb":{"@id":"https:\/\/dev.invicta.wp19.axome.cc\/es\/produit\/chimenea-700-optimizado-con-valvula-copie\/#breadcrumb"},"inLanguage":"es","potentialAction":[{"@type":"ReadAction","target":["https:\/\/dev.invicta.wp19.axome.cc\/es\/produit\/chimenea-700-optimizado-con-valvula-copie\/"]}]},{"@type":"BreadcrumbList","@id":"https:\/\/dev.invicta.wp19.axome.cc\/es\/produit\/chimenea-700-optimizado-con-valvula-copie\/#breadcrumb","itemListElement":[{"@type":"ListItem","position":1,"name":"Inicio","item":"https:\/\/dev.invicta.wp19.axome.cc\/es\/"},{"@type":"ListItem","position":2,"name":"Productos","item":"https:\/\/dev.invicta.wp19.axome.cc\/es\/shop\/"},{"@type":"ListItem","position":3,"name":"Chimenea 700 Optimizado con v\u00e1lvula (Copie)"}]},{"@type":"WebSite","@id":"https:\/\/dev.invicta.wp19.axome.cc\/es\/#website","url":"https:\/\/dev.invicta.wp19.axome.cc\/es\/","name":"Invicta","description":"Fabricant fran\u00e7ais, sp\u00e9cialiste europ\u00e9en du chauffage au bois : po\u00eales \u00e0 bois et \u00e0 granul\u00e9s, chemin\u00e9es, foyers et inserts","publisher":{"@id":"https:\/\/dev.invicta.wp19.axome.cc\/es\/#organization"},"potentialAction":[{"@type":"SearchAction","target":{"@type":"EntryPoint","urlTemplate":"https:\/\/dev.invicta.wp19.axome.cc\/es\/?s={search_term_string}"},"query-input":{"@type":"PropertyValueSpecification","valueRequired":true,"valueName":"search_term_string"}}],"inLanguage":"es"},{"@type":"Organization","@id":"https:\/\/dev.invicta.wp19.axome.cc\/es\/#organization","name":"Invicta","url":"https:\/\/dev.invicta.wp19.axome.cc\/es\/","logo":{"@type":"ImageObject","inLanguage":"es","@id":"https:\/\/dev.invicta.wp19.axome.cc\/es\/#\/schema\/logo\/image\/","url":"https:\/\/www.invicta.fr\/wp-content\/uploads\/2019\/06\/INVICTALOGO_RVB.png","contentUrl":"https:\/\/www.invicta.fr\/wp-content\/uploads\/2019\/06\/INVICTALOGO_RVB.png","width":1810,"height":1280,"caption":"Invicta"},"image":{"@id":"https:\/\/dev.invicta.wp19.axome.cc\/es\/#\/schema\/logo\/image\/"}}]}},"_links":{"self":[{"href":"https:\/\/dev.invicta.wp19.axome.cc\/es\/wp-json\/wp\/v2\/product\/69562","targetHints":{"allow":["GET"]}}],"collection":[{"href":"https:\/\/dev.invicta.wp19.axome.cc\/es\/wp-json\/wp\/v2\/product"}],"about":[{"href":"https:\/\/dev.invicta.wp19.axome.cc\/es\/wp-json\/wp\/v2\/types\/product"}],"wp:attachment":[{"href":"https:\/\/dev.invicta.wp19.axome.cc\/es\/wp-json\/wp\/v2\/media?parent=69562"}],"wp:term":[{"taxonomy":"product_brand","embeddable":true,"href":"https:\/\/dev.invicta.wp19.axome.cc\/es\/wp-json\/wp\/v2\/product_brand?post=69562"},{"taxonomy":"product_cat","embeddable":true,"href":"https:\/\/dev.invicta.wp19.axome.cc\/es\/wp-json\/wp\/v2\/product_cat?post=69562"},{"taxonomy":"product_tag","embeddable":true,"href":"https:\/\/dev.invicta.wp19.axome.cc\/es\/wp-json\/wp\/v2\/product_tag?post=69562"},{"taxonomy":"plus_produit","embeddable":true,"href":"https:\/\/dev.invicta.wp19.axome.cc\/es\/wp-json\/wp\/v2\/plus_produit?post=69562"}],"curies":[{"name":"wp","href":"https:\/\/api.w.org\/{rel}","templated":true}]}}