{"id":69600,"date":"2025-11-26T08:34:10","date_gmt":"2025-11-26T11:37:59","guid":{"rendered":"https:\/\/dev.invicta.wp19.axome.cc\/produit\/insert-de-lena-700-sirocco-conveccion-natural\/"},"modified":"2025-11-26T13:38:01","modified_gmt":"2025-11-26T12:38:01","slug":"insert-de-lena-700-sirocco-conveccion-natural","status":"publish","type":"product","link":"https:\/\/dev.invicta.wp19.axome.cc\/es\/produit\/insert-de-lena-700-sirocco-conveccion-natural\/","title":{"rendered":"Insert de le\u00f1a 700 Sirocco convecci\u00f3n natural"},"content":{"rendered":"","protected":false},"excerpt":{"rendered":"<p>Una vez instalada en su chimenea, esta estufa silenciosa calienta eficazmente la habitaci\u00f3n por convecci\u00f3n natural.<\/p>\n","protected":false},"featured_media":0,"template":"","meta":{"_acf_changed":false},"product_brand":[],"product_cat":[2293,3056,2669,6896],"product_tag":[2305,6962,2322,7048],"plus_produit":[2286,2278,2265,8053,2284,6838,2263,2685],"class_list":{"1":"product","5":"product_cat-ayuda-en-la-eleccion","6":"product_cat-chemineas-insertos","7":"product_cat-insertos-de-lena-para-chimeneas","8":"product_cat-inserts-de-lena","9":"product_tag-certificacion-ecolabel-a","10":"product_tag-novedad","11":"product_tag-silencioso-de-conveccion-natural","12":"product_tag-y-garantia-de-3-anos","13":"pa_consommation-de-053-a-222-kg-hora","14":"pa_depart-des-fumees-parte-superior","15":"pa_indice-de-performance-100-es","16":"pa_surface-de-chauffe-de-40-a-100-m","17":"pa_volume-de-chauffe-de-105-a-240-m","18":"plus_produit-aparato-silencioso-de-conveccion-natural","19":"plus_produit-combustion-intermitente-y-prolongada-3-horas","20":"plus_produit-vidrio-limpio","21":"plus_produit-fonte-carenage-acier-3","22":"plus_produit-garantia-de-origen-frances","23":"plus_produit-garantia-extendida-3-anos","24":"plus_produit-sistema-de-post-combustion","25":"plus_produit-tubos-opcionales","27":"first","28":"instock","29":"purchasable","30":"product-type-simple"},"acf":[],"yoast_head":"<!-- This site is optimized with the Yoast SEO plugin v24.7 - https:\/\/yoast.com\/wordpress\/plugins\/seo\/ -->\n<title>Insert de le\u00f1a 700 Sirocco convecci\u00f3n natural - Invicta<\/title>\n<meta name=\"description\" content=\"Una vez instalada en su chimenea, esta estufa silenciosa calienta eficazmente la habitaci\u00f3n por convecci\u00f3n natural.\" \/>\n<meta name=\"robots\" content=\"index, follow, max-snippet:-1, max-image-preview:large, max-video-preview:-1\" \/>\n<link rel=\"canonical\" href=\"https:\/\/dev.invicta.wp19.axome.cc\/es\/produit\/insert-de-lena-700-sirocco-conveccion-natural\/\" \/>\n<meta property=\"og:locale\" content=\"es_ES\" \/>\n<meta property=\"og:type\" content=\"article\" \/>\n<meta property=\"og:title\" content=\"Insert de le\u00f1a 700 Sirocco convecci\u00f3n natural - Invicta\" \/>\n<meta property=\"og:description\" content=\"Una vez instalada en su chimenea, esta estufa silenciosa calienta eficazmente la habitaci\u00f3n por convecci\u00f3n natural.\" \/>\n<meta property=\"og:url\" content=\"https:\/\/dev.invicta.wp19.axome.cc\/es\/produit\/insert-de-lena-700-sirocco-conveccion-natural\/\" \/>\n<meta property=\"og:site_name\" content=\"Invicta\" \/>\n<meta property=\"article:modified_time\" content=\"2025-11-26T12:38:01+00:00\" \/>\n<meta name=\"twitter:card\" content=\"summary_large_image\" \/>\n<script type=\"application\/ld+json\" class=\"yoast-schema-graph\">{\"@context\":\"https:\/\/schema.org\",\"@graph\":[{\"@type\":\"WebPage\",\"@id\":\"https:\/\/dev.invicta.wp19.axome.cc\/es\/produit\/insert-de-lena-700-sirocco-conveccion-natural\/\",\"url\":\"https:\/\/dev.invicta.wp19.axome.cc\/es\/produit\/insert-de-lena-700-sirocco-conveccion-natural\/\",\"name\":\"Insert de le\u00f1a 700 Sirocco convecci\u00f3n natural - Invicta\",\"isPartOf\":{\"@id\":\"https:\/\/dev.invicta.wp19.axome.cc\/es\/#website\"},\"datePublished\":\"2025-11-26T11:37:59+00:00\",\"dateModified\":\"2025-11-26T12:38:01+00:00\",\"description\":\"Una vez instalada en su chimenea, esta estufa silenciosa calienta eficazmente la habitaci\u00f3n por convecci\u00f3n natural.\",\"breadcrumb\":{\"@id\":\"https:\/\/dev.invicta.wp19.axome.cc\/es\/produit\/insert-de-lena-700-sirocco-conveccion-natural\/#breadcrumb\"},\"inLanguage\":\"es\",\"potentialAction\":[{\"@type\":\"ReadAction\",\"target\":[\"https:\/\/dev.invicta.wp19.axome.cc\/es\/produit\/insert-de-lena-700-sirocco-conveccion-natural\/\"]}]},{\"@type\":\"BreadcrumbList\",\"@id\":\"https:\/\/dev.invicta.wp19.axome.cc\/es\/produit\/insert-de-lena-700-sirocco-conveccion-natural\/#breadcrumb\",\"itemListElement\":[{\"@type\":\"ListItem\",\"position\":1,\"name\":\"Inicio\",\"item\":\"https:\/\/dev.invicta.wp19.axome.cc\/es\/\"},{\"@type\":\"ListItem\",\"position\":2,\"name\":\"Productos\",\"item\":\"https:\/\/dev.invicta.wp19.axome.cc\/es\/shop\/\"},{\"@type\":\"ListItem\",\"position\":3,\"name\":\"Chimeneas e insertos\",\"item\":\"https:\/\/dev.invicta.wp19.axome.cc\/es\/categorie-produit\/chemineas-insertos\/\"},{\"@type\":\"ListItem\",\"position\":4,\"name\":\"Insertos de le\u00f1a para chimeneas\",\"item\":\"https:\/\/dev.invicta.wp19.axome.cc\/es\/categorie-produit\/chemineas-insertos\/insertos-de-lena-para-chimeneas\/\"},{\"@type\":\"ListItem\",\"position\":5,\"name\":\"Insert de le\u00f1a 700 Sirocco convecci\u00f3n natural\"}]},{\"@type\":\"WebSite\",\"@id\":\"https:\/\/dev.invicta.wp19.axome.cc\/es\/#website\",\"url\":\"https:\/\/dev.invicta.wp19.axome.cc\/es\/\",\"name\":\"Invicta\",\"description\":\"Fabricant fran\u00e7ais, sp\u00e9cialiste europ\u00e9en du chauffage au bois : po\u00eales \u00e0 bois et \u00e0 granul\u00e9s, chemin\u00e9es, foyers et inserts\",\"publisher\":{\"@id\":\"https:\/\/dev.invicta.wp19.axome.cc\/es\/#organization\"},\"potentialAction\":[{\"@type\":\"SearchAction\",\"target\":{\"@type\":\"EntryPoint\",\"urlTemplate\":\"https:\/\/dev.invicta.wp19.axome.cc\/es\/?s={search_term_string}\"},\"query-input\":{\"@type\":\"PropertyValueSpecification\",\"valueRequired\":true,\"valueName\":\"search_term_string\"}}],\"inLanguage\":\"es\"},{\"@type\":\"Organization\",\"@id\":\"https:\/\/dev.invicta.wp19.axome.cc\/es\/#organization\",\"name\":\"Invicta\",\"url\":\"https:\/\/dev.invicta.wp19.axome.cc\/es\/\",\"logo\":{\"@type\":\"ImageObject\",\"inLanguage\":\"es\",\"@id\":\"https:\/\/dev.invicta.wp19.axome.cc\/es\/#\/schema\/logo\/image\/\",\"url\":\"https:\/\/www.invicta.fr\/wp-content\/uploads\/2019\/06\/INVICTALOGO_RVB.png\",\"contentUrl\":\"https:\/\/www.invicta.fr\/wp-content\/uploads\/2019\/06\/INVICTALOGO_RVB.png\",\"width\":1810,\"height\":1280,\"caption\":\"Invicta\"},\"image\":{\"@id\":\"https:\/\/dev.invicta.wp19.axome.cc\/es\/#\/schema\/logo\/image\/\"}}]}<\/script>\n<!-- \/ Yoast SEO plugin. -->","yoast_head_json":{"title":"Insert de le\u00f1a 700 Sirocco convecci\u00f3n natural - Invicta","description":"Una vez instalada en su chimenea, esta estufa silenciosa calienta eficazmente la habitaci\u00f3n por convecci\u00f3n natural.","robots":{"index":"index","follow":"follow","max-snippet":"max-snippet:-1","max-image-preview":"max-image-preview:large","max-video-preview":"max-video-preview:-1"},"canonical":"https:\/\/dev.invicta.wp19.axome.cc\/es\/produit\/insert-de-lena-700-sirocco-conveccion-natural\/","og_locale":"es_ES","og_type":"article","og_title":"Insert de le\u00f1a 700 Sirocco convecci\u00f3n natural - Invicta","og_description":"Una vez instalada en su chimenea, esta estufa silenciosa calienta eficazmente la habitaci\u00f3n por convecci\u00f3n natural.","og_url":"https:\/\/dev.invicta.wp19.axome.cc\/es\/produit\/insert-de-lena-700-sirocco-conveccion-natural\/","og_site_name":"Invicta","article_modified_time":"2025-11-26T12:38:01+00:00","twitter_card":"summary_large_image","schema":{"@context":"https:\/\/schema.org","@graph":[{"@type":"WebPage","@id":"https:\/\/dev.invicta.wp19.axome.cc\/es\/produit\/insert-de-lena-700-sirocco-conveccion-natural\/","url":"https:\/\/dev.invicta.wp19.axome.cc\/es\/produit\/insert-de-lena-700-sirocco-conveccion-natural\/","name":"Insert de le\u00f1a 700 Sirocco convecci\u00f3n natural - Invicta","isPartOf":{"@id":"https:\/\/dev.invicta.wp19.axome.cc\/es\/#website"},"datePublished":"2025-11-26T11:37:59+00:00","dateModified":"2025-11-26T12:38:01+00:00","description":"Una vez instalada en su chimenea, esta estufa silenciosa calienta eficazmente la habitaci\u00f3n por convecci\u00f3n natural.","breadcrumb":{"@id":"https:\/\/dev.invicta.wp19.axome.cc\/es\/produit\/insert-de-lena-700-sirocco-conveccion-natural\/#breadcrumb"},"inLanguage":"es","potentialAction":[{"@type":"ReadAction","target":["https:\/\/dev.invicta.wp19.axome.cc\/es\/produit\/insert-de-lena-700-sirocco-conveccion-natural\/"]}]},{"@type":"BreadcrumbList","@id":"https:\/\/dev.invicta.wp19.axome.cc\/es\/produit\/insert-de-lena-700-sirocco-conveccion-natural\/#breadcrumb","itemListElement":[{"@type":"ListItem","position":1,"name":"Inicio","item":"https:\/\/dev.invicta.wp19.axome.cc\/es\/"},{"@type":"ListItem","position":2,"name":"Productos","item":"https:\/\/dev.invicta.wp19.axome.cc\/es\/shop\/"},{"@type":"ListItem","position":3,"name":"Chimeneas e insertos","item":"https:\/\/dev.invicta.wp19.axome.cc\/es\/categorie-produit\/chemineas-insertos\/"},{"@type":"ListItem","position":4,"name":"Insertos de le\u00f1a para chimeneas","item":"https:\/\/dev.invicta.wp19.axome.cc\/es\/categorie-produit\/chemineas-insertos\/insertos-de-lena-para-chimeneas\/"},{"@type":"ListItem","position":5,"name":"Insert de le\u00f1a 700 Sirocco convecci\u00f3n natural"}]},{"@type":"WebSite","@id":"https:\/\/dev.invicta.wp19.axome.cc\/es\/#website","url":"https:\/\/dev.invicta.wp19.axome.cc\/es\/","name":"Invicta","description":"Fabricant fran\u00e7ais, sp\u00e9cialiste europ\u00e9en du chauffage au bois : po\u00eales \u00e0 bois et \u00e0 granul\u00e9s, chemin\u00e9es, foyers et inserts","publisher":{"@id":"https:\/\/dev.invicta.wp19.axome.cc\/es\/#organization"},"potentialAction":[{"@type":"SearchAction","target":{"@type":"EntryPoint","urlTemplate":"https:\/\/dev.invicta.wp19.axome.cc\/es\/?s={search_term_string}"},"query-input":{"@type":"PropertyValueSpecification","valueRequired":true,"valueName":"search_term_string"}}],"inLanguage":"es"},{"@type":"Organization","@id":"https:\/\/dev.invicta.wp19.axome.cc\/es\/#organization","name":"Invicta","url":"https:\/\/dev.invicta.wp19.axome.cc\/es\/","logo":{"@type":"ImageObject","inLanguage":"es","@id":"https:\/\/dev.invicta.wp19.axome.cc\/es\/#\/schema\/logo\/image\/","url":"https:\/\/www.invicta.fr\/wp-content\/uploads\/2019\/06\/INVICTALOGO_RVB.png","contentUrl":"https:\/\/www.invicta.fr\/wp-content\/uploads\/2019\/06\/INVICTALOGO_RVB.png","width":1810,"height":1280,"caption":"Invicta"},"image":{"@id":"https:\/\/dev.invicta.wp19.axome.cc\/es\/#\/schema\/logo\/image\/"}}]}},"_links":{"self":[{"href":"https:\/\/dev.invicta.wp19.axome.cc\/es\/wp-json\/wp\/v2\/product\/69600","targetHints":{"allow":["GET"]}}],"collection":[{"href":"https:\/\/dev.invicta.wp19.axome.cc\/es\/wp-json\/wp\/v2\/product"}],"about":[{"href":"https:\/\/dev.invicta.wp19.axome.cc\/es\/wp-json\/wp\/v2\/types\/product"}],"wp:attachment":[{"href":"https:\/\/dev.invicta.wp19.axome.cc\/es\/wp-json\/wp\/v2\/media?parent=69600"}],"wp:term":[{"taxonomy":"product_brand","embeddable":true,"href":"https:\/\/dev.invicta.wp19.axome.cc\/es\/wp-json\/wp\/v2\/product_brand?post=69600"},{"taxonomy":"product_cat","embeddable":true,"href":"https:\/\/dev.invicta.wp19.axome.cc\/es\/wp-json\/wp\/v2\/product_cat?post=69600"},{"taxonomy":"product_tag","embeddable":true,"href":"https:\/\/dev.invicta.wp19.axome.cc\/es\/wp-json\/wp\/v2\/product_tag?post=69600"},{"taxonomy":"plus_produit","embeddable":true,"href":"https:\/\/dev.invicta.wp19.axome.cc\/es\/wp-json\/wp\/v2\/plus_produit?post=69600"}],"curies":[{"name":"wp","href":"https:\/\/api.w.org\/{rel}","templated":true}]}}