{"id":69608,"date":"2025-11-26T08:31:28","date_gmt":"2025-11-26T11:35:09","guid":{"rendered":"https:\/\/dev.invicta.wp19.axome.cc\/produit\/insert-de-pellets-metti-8\/"},"modified":"2025-11-26T13:35:11","modified_gmt":"2025-11-26T12:35:11","slug":"insert-de-pellets-metti-8","status":"publish","type":"product","link":"https:\/\/dev.invicta.wp19.axome.cc\/es\/produit\/insert-de-pellets-metti-8\/","title":{"rendered":"Insert de pellets Metti 8"},"content":{"rendered":"","protected":false},"excerpt":{"rendered":"<p>Programa y controla tu confort t\u00e9rmico con este insert de pellets de alto rendimiento. Su dep\u00f3sito de 15 kg asegura tu tranquilidad durante muchas horas.<\/p>\n","protected":false},"featured_media":68008,"template":"","meta":{"_acf_changed":false},"product_brand":[],"product_cat":[2293,3056,2636,6452,6451,6448,6614,6456,6450],"product_tag":[2301,2303,2317,7048,6833],"plus_produit":[8084,6841,2309,2312,2294,2296,2633],"class_list":{"1":"product","4":"has-post-thumbnail","6":"product_cat-ayuda-en-la-eleccion","7":"product_cat-chemineas-insertos","8":"product_cat-insertos-de-pellets","9":"product_cat-estufas-de-pellets-de-8-kw","10":"product_cat-estufas-de-pellet-autonomas","11":"product_cat-estufas-de-pellets-programables","12":"product_cat-diseno-de-estufas-de-pellets","13":"product_cat-estufas-de-pellets-contemporaneas","14":"product_cat-estufas-de-pellets-modernas","15":"product_tag-flamme-verte-7","16":"product_tag-eco-design-2022-es","17":"product_tag-ecoetiqueta-a","18":"product_tag-y-garantia-de-3-anos","19":"product_tag-y-garantie-extension-1an-esp","20":"pa_capacite-de-la-tremie-15-kg-es","21":"pa_consommation-0-92-1-94-2","22":"pa_depart-des-fumees-parte-superior","23":"pa_surface-de-chauffe-30-a-100-m-es","24":"pa_volume-de-chauffe-75-a-240-m-es","25":"plus_produit-accessoires-optionnels-insert-metti-3","26":"plus_produit-extension-de-garantie-1-an-esp","27":"plus_produit-posibilidad-de-control-por-termostato-externo-no-incluido","28":"plus_produit-programacion-horaria","29":"plus_produit-regulacion-de-la-potencia-o-la-temperatura-ambiente","30":"plus_produit-salida-de-aire-caliente-por-ventilador","31":"plus_produit-stand-by-espera","33":"first","34":"instock","35":"purchasable","36":"product-type-simple"},"acf":[],"yoast_head":"<!-- This site is optimized with the Yoast SEO plugin v24.7 - https:\/\/yoast.com\/wordpress\/plugins\/seo\/ -->\n<title>Insert de pellets Metti 8 - Invicta<\/title>\n<meta name=\"description\" content=\"Programa y controla tu confort t\u00e9rmico con este insert de pellets de alto rendimiento. Su dep\u00f3sito de 15 kg asegura tu tranquilidad durante muchas horas.\" \/>\n<meta name=\"robots\" content=\"index, follow, max-snippet:-1, max-image-preview:large, max-video-preview:-1\" \/>\n<link rel=\"canonical\" href=\"https:\/\/dev.invicta.wp19.axome.cc\/es\/produit\/insert-de-pellets-metti-8\/\" \/>\n<meta property=\"og:locale\" content=\"es_ES\" \/>\n<meta property=\"og:type\" content=\"article\" \/>\n<meta property=\"og:title\" content=\"Insert de pellets Metti 8 - Invicta\" \/>\n<meta property=\"og:description\" content=\"Programa y controla tu confort t\u00e9rmico con este insert de pellets de alto rendimiento. Su dep\u00f3sito de 15 kg asegura tu tranquilidad durante muchas horas.\" \/>\n<meta property=\"og:url\" content=\"https:\/\/dev.invicta.wp19.axome.cc\/es\/produit\/insert-de-pellets-metti-8\/\" \/>\n<meta property=\"og:site_name\" content=\"Invicta\" \/>\n<meta property=\"article:modified_time\" content=\"2025-11-26T12:35:11+00:00\" \/>\n<meta property=\"og:image\" content=\"https:\/\/dev.invicta.wp19.axome.cc\/wp-content\/uploads\/2025\/06\/A-METTI.jpg\" \/>\n\t<meta property=\"og:image:width\" content=\"1248\" \/>\n\t<meta property=\"og:image:height\" content=\"882\" \/>\n\t<meta property=\"og:image:type\" content=\"image\/jpeg\" \/>\n<meta name=\"twitter:card\" content=\"summary_large_image\" \/>\n<script type=\"application\/ld+json\" class=\"yoast-schema-graph\">{\"@context\":\"https:\/\/schema.org\",\"@graph\":[{\"@type\":\"WebPage\",\"@id\":\"https:\/\/dev.invicta.wp19.axome.cc\/es\/produit\/insert-de-pellets-metti-8\/\",\"url\":\"https:\/\/dev.invicta.wp19.axome.cc\/es\/produit\/insert-de-pellets-metti-8\/\",\"name\":\"Insert de pellets Metti 8 - Invicta\",\"isPartOf\":{\"@id\":\"https:\/\/dev.invicta.wp19.axome.cc\/es\/#website\"},\"primaryImageOfPage\":{\"@id\":\"https:\/\/dev.invicta.wp19.axome.cc\/es\/produit\/insert-de-pellets-metti-8\/#primaryimage\"},\"image\":{\"@id\":\"https:\/\/dev.invicta.wp19.axome.cc\/es\/produit\/insert-de-pellets-metti-8\/#primaryimage\"},\"thumbnailUrl\":\"https:\/\/dev.invicta.wp19.axome.cc\/wp-content\/uploads\/2025\/06\/A-METTI.jpg\",\"datePublished\":\"2025-11-26T11:35:09+00:00\",\"dateModified\":\"2025-11-26T12:35:11+00:00\",\"description\":\"Programa y controla tu confort t\u00e9rmico con este insert de pellets de alto rendimiento. Su dep\u00f3sito de 15 kg asegura tu tranquilidad durante muchas horas.\",\"breadcrumb\":{\"@id\":\"https:\/\/dev.invicta.wp19.axome.cc\/es\/produit\/insert-de-pellets-metti-8\/#breadcrumb\"},\"inLanguage\":\"es\",\"potentialAction\":[{\"@type\":\"ReadAction\",\"target\":[\"https:\/\/dev.invicta.wp19.axome.cc\/es\/produit\/insert-de-pellets-metti-8\/\"]}]},{\"@type\":\"ImageObject\",\"inLanguage\":\"es\",\"@id\":\"https:\/\/dev.invicta.wp19.axome.cc\/es\/produit\/insert-de-pellets-metti-8\/#primaryimage\",\"url\":\"https:\/\/dev.invicta.wp19.axome.cc\/wp-content\/uploads\/2025\/06\/A-METTI.jpg\",\"contentUrl\":\"https:\/\/dev.invicta.wp19.axome.cc\/wp-content\/uploads\/2025\/06\/A-METTI.jpg\",\"width\":1248,\"height\":882},{\"@type\":\"BreadcrumbList\",\"@id\":\"https:\/\/dev.invicta.wp19.axome.cc\/es\/produit\/insert-de-pellets-metti-8\/#breadcrumb\",\"itemListElement\":[{\"@type\":\"ListItem\",\"position\":1,\"name\":\"Inicio\",\"item\":\"https:\/\/dev.invicta.wp19.axome.cc\/es\/\"},{\"@type\":\"ListItem\",\"position\":2,\"name\":\"Productos\",\"item\":\"https:\/\/dev.invicta.wp19.axome.cc\/es\/shop\/\"},{\"@type\":\"ListItem\",\"position\":3,\"name\":\"Ayuda en la elecci\u00f3n\",\"item\":\"https:\/\/dev.invicta.wp19.axome.cc\/es\/categorie-produit\/ayuda-en-la-eleccion\/\"},{\"@type\":\"ListItem\",\"position\":4,\"name\":\"Insert de pellets Metti 8\"}]},{\"@type\":\"WebSite\",\"@id\":\"https:\/\/dev.invicta.wp19.axome.cc\/es\/#website\",\"url\":\"https:\/\/dev.invicta.wp19.axome.cc\/es\/\",\"name\":\"Invicta\",\"description\":\"Fabricant fran\u00e7ais, sp\u00e9cialiste europ\u00e9en du chauffage au bois : po\u00eales \u00e0 bois et \u00e0 granul\u00e9s, chemin\u00e9es, foyers et inserts\",\"publisher\":{\"@id\":\"https:\/\/dev.invicta.wp19.axome.cc\/es\/#organization\"},\"potentialAction\":[{\"@type\":\"SearchAction\",\"target\":{\"@type\":\"EntryPoint\",\"urlTemplate\":\"https:\/\/dev.invicta.wp19.axome.cc\/es\/?s={search_term_string}\"},\"query-input\":{\"@type\":\"PropertyValueSpecification\",\"valueRequired\":true,\"valueName\":\"search_term_string\"}}],\"inLanguage\":\"es\"},{\"@type\":\"Organization\",\"@id\":\"https:\/\/dev.invicta.wp19.axome.cc\/es\/#organization\",\"name\":\"Invicta\",\"url\":\"https:\/\/dev.invicta.wp19.axome.cc\/es\/\",\"logo\":{\"@type\":\"ImageObject\",\"inLanguage\":\"es\",\"@id\":\"https:\/\/dev.invicta.wp19.axome.cc\/es\/#\/schema\/logo\/image\/\",\"url\":\"https:\/\/www.invicta.fr\/wp-content\/uploads\/2019\/06\/INVICTALOGO_RVB.png\",\"contentUrl\":\"https:\/\/www.invicta.fr\/wp-content\/uploads\/2019\/06\/INVICTALOGO_RVB.png\",\"width\":1810,\"height\":1280,\"caption\":\"Invicta\"},\"image\":{\"@id\":\"https:\/\/dev.invicta.wp19.axome.cc\/es\/#\/schema\/logo\/image\/\"}}]}<\/script>\n<!-- \/ Yoast SEO plugin. -->","yoast_head_json":{"title":"Insert de pellets Metti 8 - Invicta","description":"Programa y controla tu confort t\u00e9rmico con este insert de pellets de alto rendimiento. Su dep\u00f3sito de 15 kg asegura tu tranquilidad durante muchas horas.","robots":{"index":"index","follow":"follow","max-snippet":"max-snippet:-1","max-image-preview":"max-image-preview:large","max-video-preview":"max-video-preview:-1"},"canonical":"https:\/\/dev.invicta.wp19.axome.cc\/es\/produit\/insert-de-pellets-metti-8\/","og_locale":"es_ES","og_type":"article","og_title":"Insert de pellets Metti 8 - Invicta","og_description":"Programa y controla tu confort t\u00e9rmico con este insert de pellets de alto rendimiento. Su dep\u00f3sito de 15 kg asegura tu tranquilidad durante muchas horas.","og_url":"https:\/\/dev.invicta.wp19.axome.cc\/es\/produit\/insert-de-pellets-metti-8\/","og_site_name":"Invicta","article_modified_time":"2025-11-26T12:35:11+00:00","og_image":[{"width":1248,"height":882,"url":"https:\/\/dev.invicta.wp19.axome.cc\/wp-content\/uploads\/2025\/06\/A-METTI.jpg","type":"image\/jpeg"}],"twitter_card":"summary_large_image","schema":{"@context":"https:\/\/schema.org","@graph":[{"@type":"WebPage","@id":"https:\/\/dev.invicta.wp19.axome.cc\/es\/produit\/insert-de-pellets-metti-8\/","url":"https:\/\/dev.invicta.wp19.axome.cc\/es\/produit\/insert-de-pellets-metti-8\/","name":"Insert de pellets Metti 8 - Invicta","isPartOf":{"@id":"https:\/\/dev.invicta.wp19.axome.cc\/es\/#website"},"primaryImageOfPage":{"@id":"https:\/\/dev.invicta.wp19.axome.cc\/es\/produit\/insert-de-pellets-metti-8\/#primaryimage"},"image":{"@id":"https:\/\/dev.invicta.wp19.axome.cc\/es\/produit\/insert-de-pellets-metti-8\/#primaryimage"},"thumbnailUrl":"https:\/\/dev.invicta.wp19.axome.cc\/wp-content\/uploads\/2025\/06\/A-METTI.jpg","datePublished":"2025-11-26T11:35:09+00:00","dateModified":"2025-11-26T12:35:11+00:00","description":"Programa y controla tu confort t\u00e9rmico con este insert de pellets de alto rendimiento. Su dep\u00f3sito de 15 kg asegura tu tranquilidad durante muchas horas.","breadcrumb":{"@id":"https:\/\/dev.invicta.wp19.axome.cc\/es\/produit\/insert-de-pellets-metti-8\/#breadcrumb"},"inLanguage":"es","potentialAction":[{"@type":"ReadAction","target":["https:\/\/dev.invicta.wp19.axome.cc\/es\/produit\/insert-de-pellets-metti-8\/"]}]},{"@type":"ImageObject","inLanguage":"es","@id":"https:\/\/dev.invicta.wp19.axome.cc\/es\/produit\/insert-de-pellets-metti-8\/#primaryimage","url":"https:\/\/dev.invicta.wp19.axome.cc\/wp-content\/uploads\/2025\/06\/A-METTI.jpg","contentUrl":"https:\/\/dev.invicta.wp19.axome.cc\/wp-content\/uploads\/2025\/06\/A-METTI.jpg","width":1248,"height":882},{"@type":"BreadcrumbList","@id":"https:\/\/dev.invicta.wp19.axome.cc\/es\/produit\/insert-de-pellets-metti-8\/#breadcrumb","itemListElement":[{"@type":"ListItem","position":1,"name":"Inicio","item":"https:\/\/dev.invicta.wp19.axome.cc\/es\/"},{"@type":"ListItem","position":2,"name":"Productos","item":"https:\/\/dev.invicta.wp19.axome.cc\/es\/shop\/"},{"@type":"ListItem","position":3,"name":"Ayuda en la elecci\u00f3n","item":"https:\/\/dev.invicta.wp19.axome.cc\/es\/categorie-produit\/ayuda-en-la-eleccion\/"},{"@type":"ListItem","position":4,"name":"Insert de pellets Metti 8"}]},{"@type":"WebSite","@id":"https:\/\/dev.invicta.wp19.axome.cc\/es\/#website","url":"https:\/\/dev.invicta.wp19.axome.cc\/es\/","name":"Invicta","description":"Fabricant fran\u00e7ais, sp\u00e9cialiste europ\u00e9en du chauffage au bois : po\u00eales \u00e0 bois et \u00e0 granul\u00e9s, chemin\u00e9es, foyers et inserts","publisher":{"@id":"https:\/\/dev.invicta.wp19.axome.cc\/es\/#organization"},"potentialAction":[{"@type":"SearchAction","target":{"@type":"EntryPoint","urlTemplate":"https:\/\/dev.invicta.wp19.axome.cc\/es\/?s={search_term_string}"},"query-input":{"@type":"PropertyValueSpecification","valueRequired":true,"valueName":"search_term_string"}}],"inLanguage":"es"},{"@type":"Organization","@id":"https:\/\/dev.invicta.wp19.axome.cc\/es\/#organization","name":"Invicta","url":"https:\/\/dev.invicta.wp19.axome.cc\/es\/","logo":{"@type":"ImageObject","inLanguage":"es","@id":"https:\/\/dev.invicta.wp19.axome.cc\/es\/#\/schema\/logo\/image\/","url":"https:\/\/www.invicta.fr\/wp-content\/uploads\/2019\/06\/INVICTALOGO_RVB.png","contentUrl":"https:\/\/www.invicta.fr\/wp-content\/uploads\/2019\/06\/INVICTALOGO_RVB.png","width":1810,"height":1280,"caption":"Invicta"},"image":{"@id":"https:\/\/dev.invicta.wp19.axome.cc\/es\/#\/schema\/logo\/image\/"}}]}},"_links":{"self":[{"href":"https:\/\/dev.invicta.wp19.axome.cc\/es\/wp-json\/wp\/v2\/product\/69608","targetHints":{"allow":["GET"]}}],"collection":[{"href":"https:\/\/dev.invicta.wp19.axome.cc\/es\/wp-json\/wp\/v2\/product"}],"about":[{"href":"https:\/\/dev.invicta.wp19.axome.cc\/es\/wp-json\/wp\/v2\/types\/product"}],"wp:featuredmedia":[{"embeddable":true,"href":"https:\/\/dev.invicta.wp19.axome.cc\/es\/wp-json\/wp\/v2\/media\/68008"}],"wp:attachment":[{"href":"https:\/\/dev.invicta.wp19.axome.cc\/es\/wp-json\/wp\/v2\/media?parent=69608"}],"wp:term":[{"taxonomy":"product_brand","embeddable":true,"href":"https:\/\/dev.invicta.wp19.axome.cc\/es\/wp-json\/wp\/v2\/product_brand?post=69608"},{"taxonomy":"product_cat","embeddable":true,"href":"https:\/\/dev.invicta.wp19.axome.cc\/es\/wp-json\/wp\/v2\/product_cat?post=69608"},{"taxonomy":"product_tag","embeddable":true,"href":"https:\/\/dev.invicta.wp19.axome.cc\/es\/wp-json\/wp\/v2\/product_tag?post=69608"},{"taxonomy":"plus_produit","embeddable":true,"href":"https:\/\/dev.invicta.wp19.axome.cc\/es\/wp-json\/wp\/v2\/plus_produit?post=69608"}],"curies":[{"name":"wp","href":"https:\/\/api.w.org\/{rel}","templated":true}]}}