{"id":22829,"date":"2019-09-06T10:46:22","date_gmt":"2019-09-06T08:46:22","guid":{"rendered":"https:\/\/dev.invicta.wp19.axome.cc\/?page_id=22829"},"modified":"2024-10-29T08:58:48","modified_gmt":"2024-10-29T07:58:48","slug":"enregistrement-produit","status":"publish","type":"page","link":"https:\/\/dev.invicta.wp19.axome.cc\/fr\/services-et-support\/enregistrement-produit\/","title":{"rendered":"Enregistrement produit"},"content":{"rendered":"<p>F\u00e9licitations pour l\u2019achat de votre nouvel appareil Invicta !<\/p>\n<p>Enregistrez votre produit en ligne pour b\u00e9n\u00e9ficier de la garantie et d\u2019un meilleur suivi de la vie de votre produit.<\/p>\n<p>Pensez \u00e0 conserver votre facture d\u2019achat ou votre ticket de caisse ainsi que la documentation technique de l\u2019appareil.\t\t<\/p>\n<form method='post' enctype='multipart\/form-data' target='gform_ajax_frame_5' id='gform_5'  action='\/wp-admin\/admin-ajax.php#gf_5'>\n<ul id='gform_fields_5' class='gform_fields top_label form_sublabel_below description_below'>\n<li id='field_5_1'  class='gfield field_sublabel_below field_description_below gfield_visibility_visible' ><label class='gfield_label' for='input_5_1' >Votre appareil<\/label><input name='input_1' id='input_5_1' type='text' value='' class='medium'    placeholder='Ex : Arenga LP9'  aria-invalid=\"false\" \/><\/li>\n<li id='field_5_2'  class='gfield gfield_contains_required field_sublabel_below field_description_below gfield_visibility_visible' ><label class='gfield_label' for='input_5_2' >Num\u00e9ro de s\u00e9rie*<\/label><input name='input_2' id='input_5_2' type='text' value='' class='medium'     aria-required=\"true\" aria-invalid=\"false\" \/><\/li>\n<li id='field_5_23'  class='gfield gfield_contains_required field_sublabel_below field_description_below gfield_visibility_visible' ><label class='gfield_label' for='input_5_23' >Date d&#039;achat*<\/label><input name='input_23' id='input_5_23' type='text' value='' class='medium'    placeholder='Ex : 13\/12\/2020' aria-required=\"true\" aria-invalid=\"false\" \/><\/li>\n<li id='field_5_3'  class='gfield field_sublabel_below field_description_below gfield_visibility_visible' ><label class='gfield_label' for='input_5_3' >Date de mise en service<\/label><input name='input_3' id='input_5_3' type='text' value='' class='medium'    placeholder='Ex : 13\/12\/2020'  aria-invalid=\"false\" \/><\/li>\n<li id='field_5_6'  class='gfield gfield_contains_required field_sublabel_below field_description_above gfield_visibility_visible' ><label class='gfield_label' for='input_5_6' >Le produit a \u00e9t\u00e9 install\u00e9 par :*<\/label><select name='input_6' id='input_5_6' class='medium gfield_select'   aria-required=\"true\" aria-invalid=\"false\"><option value='S\u00e9lectionner un valeur dans la liste d\u00e9roulante ...' >S\u00e9lectionner un valeur dans la liste d\u00e9roulante &#8230;<\/option><option value='par un prestataire du magasin' >par un prestataire du magasin<\/option><option value='par un prestataire de votre choix' >par un prestataire de votre choix<\/option><option value='par vous m\u00eame' >par vous m\u00eame<\/option><\/select><\/li>\n<li id='field_5_28'  class='gfield gfield_contains_required field_sublabel_below field_description_above gfield_visibility_visible' ><label class='gfield_label' for='input_5_28' >Mise en service &amp; r\u00e9glages ont \u00e9t\u00e9 ou seront effectu\u00e9s :*<\/label><select name='input_28' id='input_5_28' class='medium gfield_select'   aria-required=\"true\" aria-invalid=\"false\"><option value='S\u00e9lectionner un valeur dans la liste d\u00e9roulante ...' >S\u00e9lectionner un valeur dans la liste d\u00e9roulante &#8230;<\/option><option value='par un prestataire du magasin' >par un prestataire du magasin<\/option><option value='par un prestataire de votre choix' >par un prestataire de votre choix<\/option><option value='par vous m\u00eame' >par vous m\u00eame<\/option><\/select><\/li>\n<li id='field_5_7'  class='gfield gfield_contains_required field_sublabel_below field_description_above gfield_visibility_visible' ><label class='gfield_label' for='input_5_7' >Un professionnel vous a expliqu\u00e9 le fonctionnement de votre appareil ? :*<\/label><select name='input_7' id='input_5_7' class='medium gfield_select'   aria-required=\"true\" aria-invalid=\"false\"><option value='S\u00e9lectionner un valeur dans la liste d\u00e9roulante ...' >S\u00e9lectionner un valeur dans la liste d\u00e9roulante &#8230;<\/option><option value='Oui' >Oui<\/option><option value='Non' >Non<\/option><\/select><\/li>\n<li id='field_5_9'  class='gfield gsection field_sublabel_below field_description_below gfield_visibility_visible' >\n<h2 class='gsection_title'>Vos infos personnelles<\/h2>\n<\/li>\n<li id='field_5_10'  class='gfield gfield_contains_required field_sublabel_below field_description_below gfield_visibility_visible' ><label class='gfield_label' for='input_5_10' >Nom*<\/label><input name='input_10' id='input_5_10' type='text' value='' class='medium'     aria-required=\"true\" aria-invalid=\"false\" \/><\/li>\n<li id='field_5_11'  class='gfield gfield_contains_required field_sublabel_below field_description_below gfield_visibility_visible' ><label class='gfield_label' for='input_5_11' >Pr\u00e9nom*<\/label><input name='input_11' id='input_5_11' type='text' value='' class='medium'     aria-required=\"true\" aria-invalid=\"false\" \/><\/li>\n<li id='field_5_22'  class='gfield gfield_contains_required field_sublabel_below field_description_below gfield_visibility_visible' ><label class='gfield_label' for='input_5_22' >E-mail*<\/label><br \/>\n                            <input name='input_22' id='input_5_22' type='text' value='' class='medium'    aria-required=\"true\" aria-invalid=\"false\" \/>\n                        <\/li>\n<li id='field_5_12'  class='gfield gfield_contains_required field_sublabel_below field_description_below gfield_visibility_visible' ><label class='gfield_label' for='input_5_12' >Adresse*<\/label><input name='input_12' id='input_5_12' type='text' value='' class='medium'     aria-required=\"true\" aria-invalid=\"false\" \/><\/li>\n<li id='field_5_13'  class='gfield gfield_contains_required field_sublabel_below field_description_below gfield_visibility_visible' ><label class='gfield_label' for='input_5_13' >Code postal*<\/label><input name='input_13' id='input_5_13' type='text' value='' class='medium'     aria-required=\"true\" aria-invalid=\"false\" \/><\/li>\n<li id='field_5_15'  class='gfield gfield_contains_required field_sublabel_below field_description_below gfield_visibility_visible' ><label class='gfield_label' for='input_5_15' >Ville*<\/label><input name='input_15' id='input_5_15' type='text' value='' class='medium'     aria-required=\"true\" aria-invalid=\"false\" \/><\/li>\n<li id='field_5_16'  class='gfield gfield_contains_required field_sublabel_below field_description_below gfield_visibility_visible' ><label class='gfield_label' for='input_5_16' >T\u00e9l\u00e9phone*<\/label><input name='input_16' id='input_5_16' type='text' value='' class='medium'     aria-required=\"true\" aria-invalid=\"false\" \/><\/li>\n<li id='field_5_18'  class='gfield gsection field_sublabel_below field_description_below gfield_visibility_visible' >\n<h2 class='gsection_title'>Votre revendeur<\/h2>\n<\/li>\n<li id='field_5_17'  class='gfield gfield_contains_required field_sublabel_below field_description_below gfield_visibility_visible' ><label class='gfield_label' for='input_5_17' >Nom de votre revendeur*<\/label><input name='input_17' id='input_5_17' type='text' value='' class='medium'     aria-required=\"true\" aria-invalid=\"false\" \/><\/li>\n<li id='field_5_19'  class='gfield gfield_contains_required field_sublabel_below field_description_below gfield_visibility_visible' ><label class='gfield_label' for='input_5_19' >Code Postal*<\/label><input name='input_19' id='input_5_19' type='text' value='' class='medium'     aria-required=\"true\" aria-invalid=\"false\" \/><\/li>\n<li id='field_5_20'  class='gfield gfield_contains_required field_sublabel_below field_description_below gfield_visibility_visible' ><label class='gfield_label' for='input_5_20' >Son num\u00e9ro de t\u00e9l*<\/label><input name='input_20' id='input_5_20' type='text' value='' class='medium'     aria-required=\"true\" aria-invalid=\"false\" \/><\/li>\n<li id='field_5_29'  class='gfield gform_validation_container field_sublabel_below field_description_below gfield_visibility_visible' ><label class='gfield_label' for='input_5_29' >Phone<\/label><input name='input_29' id='input_5_29' type='text' value='' \/>Ce champ n\u2019est utilis\u00e9 qu\u2019\u00e0 des fins de validation et devrait rester inchang\u00e9.<\/li>\n<\/ul>\n<p>         <input type='submit' id='gform_submit_button_5' class='gform_button button' value='Envoyer'  onclick='if(window[\"gf_submitting_5\"]){return false;}  window[\"gf_submitting_5\"]=true;  ' onkeypress='if( event.keyCode == 13 ){ if(window[\"gf_submitting_5\"]){return false;} window[\"gf_submitting_5\"]=true;  jQuery(\"#gform_5\").trigger(\"submit\",[true]); }' \/> <input type='hidden' name='gform_ajax' value='form_id=5&amp;title=&amp;description=yes&amp;tabindex=0' \/><br \/>\n            <input type='hidden' class='gform_hidden' name='is_submit_5' value='1' \/><br \/>\n            <input type='hidden' class='gform_hidden' name='gform_submit' value='5' \/><br \/>\n            <input type='hidden' class='gform_hidden' name='gform_unique_id' value='' \/><br \/>\n            <input type='hidden' class='gform_hidden' name='state_5' value='WyJbXSIsImIyMDIxMTc2ZjJiZGNkMmJmN2M5MTQ5OGFiMTg0OWNlIl0=' \/><br \/>\n            <input type='hidden' class='gform_hidden' name='gform_target_page_number_5' id='gform_target_page_number_5' value='0' \/><br \/>\n            <input type='hidden' class='gform_hidden' name='gform_source_page_number_5' id='gform_source_page_number_5' value='1' \/><br \/>\n            <input type='hidden' name='gform_field_values' value='' \/><br \/>\n                        <\/form>\n<p>                <iframe style='display:none;width:0px;height:0px;' src='about:blank' name='gform_ajax_frame_5' id='gform_ajax_frame_5' title='Cette iframe contient la logique n\u00e9cessaire pour manipuler Gravity Forms avec Ajax.'><\/iframe><\/p>\n","protected":false},"excerpt":{"rendered":"<p>F\u00e9licitations pour l\u2019achat de votre nouvel appareil Invicta ! Enregistrez votre produit en ligne pour b\u00e9n\u00e9ficier de la garantie et d\u2019un meilleur suivi de la vie de votre produit. Pensez \u00e0 conserver votre facture d\u2019achat ou votre ticket de caisse ainsi que la documentation technique de l\u2019appareil. Votre appareil Num\u00e9ro de s\u00e9rie* Date d&#039;achat* Date [&hellip;]<\/p>\n","protected":false},"author":130,"featured_media":62520,"parent":27047,"menu_order":0,"comment_status":"closed","ping_status":"closed","template":"template-services.php","meta":{"_acf_changed":false,"footnotes":""},"class_list":{"1":"page","4":"has-post-thumbnail"},"acf":[],"yoast_head":"<!-- This site is optimized with the Yoast SEO plugin v24.7 - https:\/\/yoast.com\/wordpress\/plugins\/seo\/ -->\n<title>Enregistrement produit - Invicta<\/title>\n<meta name=\"description\" content=\"F\u00e9licitations pour l\u2019achat de votre nouvel appareil Invicta ! Enregistrez votre produit en ligne pour b\u00e9n\u00e9ficier de la garantie et d\u2019un meilleur suivi de\" \/>\n<meta name=\"robots\" content=\"index, follow, max-snippet:-1, max-image-preview:large, max-video-preview:-1\" \/>\n<link rel=\"canonical\" href=\"https:\/\/dev.invicta.wp19.axome.cc\/fr\/services-et-support\/enregistrement-produit\/\" \/>\n<meta property=\"og:locale\" content=\"fr_FR\" \/>\n<meta property=\"og:type\" content=\"article\" \/>\n<meta property=\"og:title\" content=\"Enregistrement produit - Invicta\" \/>\n<meta property=\"og:description\" content=\"F\u00e9licitations pour l\u2019achat de votre nouvel appareil Invicta ! Enregistrez votre produit en ligne pour b\u00e9n\u00e9ficier de la garantie et d\u2019un meilleur suivi de\" \/>\n<meta property=\"og:url\" content=\"https:\/\/dev.invicta.wp19.axome.cc\/fr\/services-et-support\/enregistrement-produit\/\" \/>\n<meta property=\"og:site_name\" content=\"Invicta\" \/>\n<meta property=\"article:modified_time\" content=\"2024-10-29T07:58:48+00:00\" \/>\n<meta property=\"og:image\" content=\"https:\/\/dev.invicta.wp19.axome.cc\/wp-content\/uploads\/2024\/09\/Enregistrement-386x386-1.jpg\" \/>\n\t<meta property=\"og:image:width\" content=\"386\" \/>\n\t<meta property=\"og:image:height\" content=\"386\" \/>\n\t<meta property=\"og:image:type\" content=\"image\/jpeg\" \/>\n<meta name=\"twitter:card\" content=\"summary_large_image\" \/>\n<meta name=\"twitter:label1\" content=\"Dur\u00e9e de lecture estim\u00e9e\" \/>\n\t<meta name=\"twitter:data1\" content=\"1 minute\" \/>\n<script type=\"application\/ld+json\" class=\"yoast-schema-graph\">{\"@context\":\"https:\/\/schema.org\",\"@graph\":[{\"@type\":\"WebPage\",\"@id\":\"https:\/\/dev.invicta.wp19.axome.cc\/fr\/services-et-support\/enregistrement-produit\/\",\"url\":\"https:\/\/dev.invicta.wp19.axome.cc\/fr\/services-et-support\/enregistrement-produit\/\",\"name\":\"Enregistrement produit - Invicta\",\"isPartOf\":{\"@id\":\"https:\/\/dev.invicta.wp19.axome.cc\/fr\/#website\"},\"primaryImageOfPage\":{\"@id\":\"https:\/\/dev.invicta.wp19.axome.cc\/fr\/services-et-support\/enregistrement-produit\/#primaryimage\"},\"image\":{\"@id\":\"https:\/\/dev.invicta.wp19.axome.cc\/fr\/services-et-support\/enregistrement-produit\/#primaryimage\"},\"thumbnailUrl\":\"https:\/\/dev.invicta.wp19.axome.cc\/wp-content\/uploads\/2024\/09\/Enregistrement-386x386-1.jpg\",\"datePublished\":\"2019-09-06T08:46:22+00:00\",\"dateModified\":\"2024-10-29T07:58:48+00:00\",\"description\":\"F\u00e9licitations pour l\u2019achat de votre nouvel appareil Invicta ! Enregistrez votre produit en ligne pour b\u00e9n\u00e9ficier de la garantie et d\u2019un meilleur suivi de\",\"breadcrumb\":{\"@id\":\"https:\/\/dev.invicta.wp19.axome.cc\/fr\/services-et-support\/enregistrement-produit\/#breadcrumb\"},\"inLanguage\":\"fr-FR\",\"potentialAction\":[{\"@type\":\"ReadAction\",\"target\":[\"https:\/\/dev.invicta.wp19.axome.cc\/fr\/services-et-support\/enregistrement-produit\/\"]}]},{\"@type\":\"ImageObject\",\"inLanguage\":\"fr-FR\",\"@id\":\"https:\/\/dev.invicta.wp19.axome.cc\/fr\/services-et-support\/enregistrement-produit\/#primaryimage\",\"url\":\"https:\/\/dev.invicta.wp19.axome.cc\/wp-content\/uploads\/2024\/09\/Enregistrement-386x386-1.jpg\",\"contentUrl\":\"https:\/\/dev.invicta.wp19.axome.cc\/wp-content\/uploads\/2024\/09\/Enregistrement-386x386-1.jpg\",\"width\":386,\"height\":386,\"caption\":\"Po\u00eales \u00e0 bois en fonte Mesnil Invicta\"},{\"@type\":\"BreadcrumbList\",\"@id\":\"https:\/\/dev.invicta.wp19.axome.cc\/fr\/services-et-support\/enregistrement-produit\/#breadcrumb\",\"itemListElement\":[{\"@type\":\"ListItem\",\"position\":1,\"name\":\"Accueil\",\"item\":\"https:\/\/dev.invicta.wp19.axome.cc\/fr\/\"},{\"@type\":\"ListItem\",\"position\":2,\"name\":\"Services et support\",\"item\":\"https:\/\/dev.invicta.wp19.axome.cc\/fr\/services-et-support\/\"},{\"@type\":\"ListItem\",\"position\":3,\"name\":\"Enregistrement produit\"}]},{\"@type\":\"WebSite\",\"@id\":\"https:\/\/dev.invicta.wp19.axome.cc\/fr\/#website\",\"url\":\"https:\/\/dev.invicta.wp19.axome.cc\/fr\/\",\"name\":\"Invicta\",\"description\":\"Fabricant fran\u00e7ais, sp\u00e9cialiste europ\u00e9en du chauffage au bois : po\u00eales \u00e0 bois et \u00e0 granul\u00e9s, chemin\u00e9es, foyers et inserts\",\"publisher\":{\"@id\":\"https:\/\/dev.invicta.wp19.axome.cc\/fr\/#organization\"},\"potentialAction\":[{\"@type\":\"SearchAction\",\"target\":{\"@type\":\"EntryPoint\",\"urlTemplate\":\"https:\/\/dev.invicta.wp19.axome.cc\/fr\/?s={search_term_string}\"},\"query-input\":{\"@type\":\"PropertyValueSpecification\",\"valueRequired\":true,\"valueName\":\"search_term_string\"}}],\"inLanguage\":\"fr-FR\"},{\"@type\":\"Organization\",\"@id\":\"https:\/\/dev.invicta.wp19.axome.cc\/fr\/#organization\",\"name\":\"Invicta\",\"url\":\"https:\/\/dev.invicta.wp19.axome.cc\/fr\/\",\"logo\":{\"@type\":\"ImageObject\",\"inLanguage\":\"fr-FR\",\"@id\":\"https:\/\/dev.invicta.wp19.axome.cc\/fr\/#\/schema\/logo\/image\/\",\"url\":\"https:\/\/www.invicta.fr\/wp-content\/uploads\/2019\/06\/INVICTALOGO_RVB.png\",\"contentUrl\":\"https:\/\/www.invicta.fr\/wp-content\/uploads\/2019\/06\/INVICTALOGO_RVB.png\",\"width\":1810,\"height\":1280,\"caption\":\"Invicta\"},\"image\":{\"@id\":\"https:\/\/dev.invicta.wp19.axome.cc\/fr\/#\/schema\/logo\/image\/\"}}]}<\/script>\n<!-- \/ Yoast SEO plugin. -->","yoast_head_json":{"title":"Enregistrement produit - Invicta","description":"F\u00e9licitations pour l\u2019achat de votre nouvel appareil Invicta ! Enregistrez votre produit en ligne pour b\u00e9n\u00e9ficier de la garantie et d\u2019un meilleur suivi de","robots":{"index":"index","follow":"follow","max-snippet":"max-snippet:-1","max-image-preview":"max-image-preview:large","max-video-preview":"max-video-preview:-1"},"canonical":"https:\/\/dev.invicta.wp19.axome.cc\/fr\/services-et-support\/enregistrement-produit\/","og_locale":"fr_FR","og_type":"article","og_title":"Enregistrement produit - Invicta","og_description":"F\u00e9licitations pour l\u2019achat de votre nouvel appareil Invicta ! Enregistrez votre produit en ligne pour b\u00e9n\u00e9ficier de la garantie et d\u2019un meilleur suivi de","og_url":"https:\/\/dev.invicta.wp19.axome.cc\/fr\/services-et-support\/enregistrement-produit\/","og_site_name":"Invicta","article_modified_time":"2024-10-29T07:58:48+00:00","og_image":[{"width":386,"height":386,"url":"https:\/\/dev.invicta.wp19.axome.cc\/wp-content\/uploads\/2024\/09\/Enregistrement-386x386-1.jpg","type":"image\/jpeg"}],"twitter_card":"summary_large_image","twitter_misc":{"Dur\u00e9e de lecture estim\u00e9e":"1 minute"},"schema":{"@context":"https:\/\/schema.org","@graph":[{"@type":"WebPage","@id":"https:\/\/dev.invicta.wp19.axome.cc\/fr\/services-et-support\/enregistrement-produit\/","url":"https:\/\/dev.invicta.wp19.axome.cc\/fr\/services-et-support\/enregistrement-produit\/","name":"Enregistrement produit - Invicta","isPartOf":{"@id":"https:\/\/dev.invicta.wp19.axome.cc\/fr\/#website"},"primaryImageOfPage":{"@id":"https:\/\/dev.invicta.wp19.axome.cc\/fr\/services-et-support\/enregistrement-produit\/#primaryimage"},"image":{"@id":"https:\/\/dev.invicta.wp19.axome.cc\/fr\/services-et-support\/enregistrement-produit\/#primaryimage"},"thumbnailUrl":"https:\/\/dev.invicta.wp19.axome.cc\/wp-content\/uploads\/2024\/09\/Enregistrement-386x386-1.jpg","datePublished":"2019-09-06T08:46:22+00:00","dateModified":"2024-10-29T07:58:48+00:00","description":"F\u00e9licitations pour l\u2019achat de votre nouvel appareil Invicta ! Enregistrez votre produit en ligne pour b\u00e9n\u00e9ficier de la garantie et d\u2019un meilleur suivi de","breadcrumb":{"@id":"https:\/\/dev.invicta.wp19.axome.cc\/fr\/services-et-support\/enregistrement-produit\/#breadcrumb"},"inLanguage":"fr-FR","potentialAction":[{"@type":"ReadAction","target":["https:\/\/dev.invicta.wp19.axome.cc\/fr\/services-et-support\/enregistrement-produit\/"]}]},{"@type":"ImageObject","inLanguage":"fr-FR","@id":"https:\/\/dev.invicta.wp19.axome.cc\/fr\/services-et-support\/enregistrement-produit\/#primaryimage","url":"https:\/\/dev.invicta.wp19.axome.cc\/wp-content\/uploads\/2024\/09\/Enregistrement-386x386-1.jpg","contentUrl":"https:\/\/dev.invicta.wp19.axome.cc\/wp-content\/uploads\/2024\/09\/Enregistrement-386x386-1.jpg","width":386,"height":386,"caption":"Po\u00eales \u00e0 bois en fonte Mesnil Invicta"},{"@type":"BreadcrumbList","@id":"https:\/\/dev.invicta.wp19.axome.cc\/fr\/services-et-support\/enregistrement-produit\/#breadcrumb","itemListElement":[{"@type":"ListItem","position":1,"name":"Accueil","item":"https:\/\/dev.invicta.wp19.axome.cc\/fr\/"},{"@type":"ListItem","position":2,"name":"Services et support","item":"https:\/\/dev.invicta.wp19.axome.cc\/fr\/services-et-support\/"},{"@type":"ListItem","position":3,"name":"Enregistrement produit"}]},{"@type":"WebSite","@id":"https:\/\/dev.invicta.wp19.axome.cc\/fr\/#website","url":"https:\/\/dev.invicta.wp19.axome.cc\/fr\/","name":"Invicta","description":"Fabricant fran\u00e7ais, sp\u00e9cialiste europ\u00e9en du chauffage au bois : po\u00eales \u00e0 bois et \u00e0 granul\u00e9s, chemin\u00e9es, foyers et inserts","publisher":{"@id":"https:\/\/dev.invicta.wp19.axome.cc\/fr\/#organization"},"potentialAction":[{"@type":"SearchAction","target":{"@type":"EntryPoint","urlTemplate":"https:\/\/dev.invicta.wp19.axome.cc\/fr\/?s={search_term_string}"},"query-input":{"@type":"PropertyValueSpecification","valueRequired":true,"valueName":"search_term_string"}}],"inLanguage":"fr-FR"},{"@type":"Organization","@id":"https:\/\/dev.invicta.wp19.axome.cc\/fr\/#organization","name":"Invicta","url":"https:\/\/dev.invicta.wp19.axome.cc\/fr\/","logo":{"@type":"ImageObject","inLanguage":"fr-FR","@id":"https:\/\/dev.invicta.wp19.axome.cc\/fr\/#\/schema\/logo\/image\/","url":"https:\/\/www.invicta.fr\/wp-content\/uploads\/2019\/06\/INVICTALOGO_RVB.png","contentUrl":"https:\/\/www.invicta.fr\/wp-content\/uploads\/2019\/06\/INVICTALOGO_RVB.png","width":1810,"height":1280,"caption":"Invicta"},"image":{"@id":"https:\/\/dev.invicta.wp19.axome.cc\/fr\/#\/schema\/logo\/image\/"}}]}},"_links":{"self":[{"href":"https:\/\/dev.invicta.wp19.axome.cc\/fr\/wp-json\/wp\/v2\/pages\/22829","targetHints":{"allow":["GET"]}}],"collection":[{"href":"https:\/\/dev.invicta.wp19.axome.cc\/fr\/wp-json\/wp\/v2\/pages"}],"about":[{"href":"https:\/\/dev.invicta.wp19.axome.cc\/fr\/wp-json\/wp\/v2\/types\/page"}],"author":[{"embeddable":true,"href":"https:\/\/dev.invicta.wp19.axome.cc\/fr\/wp-json\/wp\/v2\/users\/130"}],"replies":[{"embeddable":true,"href":"https:\/\/dev.invicta.wp19.axome.cc\/fr\/wp-json\/wp\/v2\/comments?post=22829"}],"version-history":[{"count":3,"href":"https:\/\/dev.invicta.wp19.axome.cc\/fr\/wp-json\/wp\/v2\/pages\/22829\/revisions"}],"predecessor-version":[{"id":63219,"href":"https:\/\/dev.invicta.wp19.axome.cc\/fr\/wp-json\/wp\/v2\/pages\/22829\/revisions\/63219"}],"up":[{"embeddable":true,"href":"https:\/\/dev.invicta.wp19.axome.cc\/fr\/wp-json\/wp\/v2\/pages\/27047"}],"wp:featuredmedia":[{"embeddable":true,"href":"https:\/\/dev.invicta.wp19.axome.cc\/fr\/wp-json\/wp\/v2\/media\/62520"}],"wp:attachment":[{"href":"https:\/\/dev.invicta.wp19.axome.cc\/fr\/wp-json\/wp\/v2\/media?parent=22829"}],"curies":[{"name":"wp","href":"https:\/\/api.w.org\/{rel}","templated":true}]}}