{"id":509,"date":"2019-06-19T16:54:52","date_gmt":"2019-06-19T14:54:52","guid":{"rendered":"https:\/\/dev.invicta.wp19.axome.cc\/?page_id=509"},"modified":"2025-05-27T14:34:13","modified_gmt":"2025-05-27T12:34:13","slug":"accueil-2","status":"publish","type":"page","link":"https:\/\/dev.invicta.wp19.axome.cc\/fr\/","title":{"rendered":"Invicta, fabricant fran\u00e7ais, sp\u00e9cialiste europ\u00e9en du chauffage au bois : po\u00eales \u00e0 bois et \u00e0 granul\u00e9s, chemin\u00e9es, foyers et inserts"},"content":{"rendered":"","protected":false},"excerpt":{"rendered":"","protected":false},"author":225,"featured_media":0,"parent":0,"menu_order":0,"comment_status":"closed","ping_status":"closed","template":"","meta":{"_acf_changed":false,"footnotes":""},"class_list":{"1":"page"},"acf":[],"yoast_head":"<!-- This site is optimized with the Yoast SEO plugin v24.7 - https:\/\/yoast.com\/wordpress\/plugins\/seo\/ -->\n<title>Invicta, fabricant fran\u00e7ais, sp\u00e9cialiste europ\u00e9en du chauffage au bois : po\u00eales \u00e0 bois et \u00e0 granul\u00e9s, chemin\u00e9es, foyers et inserts - Invicta<\/title>\n<meta name=\"description\" content=\"Invicta, fondeur et \u00e9mailleur Fran\u00e7ais est implant\u00e9 depuis 1924 \u00e0 Donchery, en Champagne-Ardenne. 280 personnes contribuent au succ\u00e8s d&#039;Invicta, alchimie du savoir-faire et du talent.La cr\u00e9ativit\u00e9 et les innovations technologiques d&#039;Invicta perp\u00e9tuent et renouvellent l&#039;univers de la fonderie.Aujourd&#039;hui son savoir-faire s&#039;\u00e9tend dans des secteurs aussi diff\u00e9rents que : le chauffage au bois, les po\u00eale \u00e0 bois, chemin\u00e9es aux bois, le barbecue, la poterie culinaire, la d\u00e9coration, le mobilier...\" \/>\n<meta name=\"robots\" content=\"index, follow, max-snippet:-1, max-image-preview:large, max-video-preview:-1\" \/>\n<link rel=\"canonical\" href=\"https:\/\/dev.invicta.wp19.axome.cc\/fr\/\" \/>\n<meta property=\"og:locale\" content=\"fr_FR\" \/>\n<meta property=\"og:type\" content=\"article\" \/>\n<meta property=\"og:title\" content=\"Invicta, fabricant fran\u00e7ais, sp\u00e9cialiste europ\u00e9en du chauffage au bois : po\u00eales \u00e0 bois et \u00e0 granul\u00e9s, chemin\u00e9es, foyers et inserts - Invicta\" \/>\n<meta property=\"og:description\" content=\"Invicta, fondeur et \u00e9mailleur Fran\u00e7ais est implant\u00e9 depuis 1924 \u00e0 Donchery, en Champagne-Ardenne. 280 personnes contribuent au succ\u00e8s d&#039;Invicta, alchimie du savoir-faire et du talent.La cr\u00e9ativit\u00e9 et les innovations technologiques d&#039;Invicta perp\u00e9tuent et renouvellent l&#039;univers de la fonderie.Aujourd&#039;hui son savoir-faire s&#039;\u00e9tend dans des secteurs aussi diff\u00e9rents que : le chauffage au bois, les po\u00eale \u00e0 bois, chemin\u00e9es aux bois, le barbecue, la poterie culinaire, la d\u00e9coration, le mobilier...\" \/>\n<meta property=\"og:url\" content=\"https:\/\/dev.invicta.wp19.axome.cc\/fr\/\" \/>\n<meta property=\"og:site_name\" content=\"Invicta\" \/>\n<meta property=\"article:modified_time\" content=\"2025-05-27T12:34:13+00:00\" \/>\n<meta name=\"twitter:card\" content=\"summary_large_image\" \/>\n<meta name=\"twitter:label1\" content=\"Dur\u00e9e de lecture estim\u00e9e\" \/>\n\t<meta name=\"twitter:data1\" content=\"19 minutes\" \/>\n<script type=\"application\/ld+json\" class=\"yoast-schema-graph\">{\"@context\":\"https:\/\/schema.org\",\"@graph\":[{\"@type\":\"WebPage\",\"@id\":\"https:\/\/dev.invicta.wp19.axome.cc\/fr\/\",\"url\":\"https:\/\/dev.invicta.wp19.axome.cc\/fr\/\",\"name\":\"Invicta, fabricant fran\u00e7ais, sp\u00e9cialiste europ\u00e9en du chauffage au bois : po\u00eales \u00e0 bois et \u00e0 granul\u00e9s, chemin\u00e9es, foyers et inserts - Invicta\",\"isPartOf\":{\"@id\":\"https:\/\/dev.invicta.wp19.axome.cc\/fr\/#website\"},\"datePublished\":\"2019-06-19T14:54:52+00:00\",\"dateModified\":\"2025-05-27T12:34:13+00:00\",\"description\":\"Invicta, fondeur et \u00e9mailleur Fran\u00e7ais est implant\u00e9 depuis 1924 \u00e0 Donchery, en Champagne-Ardenne. 280 personnes contribuent au succ\u00e8s d'Invicta, alchimie du savoir-faire et du talent.La cr\u00e9ativit\u00e9 et les innovations technologiques d'Invicta perp\u00e9tuent et renouvellent l'univers de la fonderie.Aujourd'hui son savoir-faire s'\u00e9tend dans des secteurs aussi diff\u00e9rents que : le chauffage au bois, les po\u00eale \u00e0 bois, chemin\u00e9es aux bois, le barbecue, la poterie culinaire, la d\u00e9coration, le mobilier...\",\"breadcrumb\":{\"@id\":\"https:\/\/dev.invicta.wp19.axome.cc\/fr\/#breadcrumb\"},\"inLanguage\":\"fr-FR\",\"potentialAction\":[{\"@type\":\"ReadAction\",\"target\":[\"https:\/\/dev.invicta.wp19.axome.cc\/fr\/\"]}]},{\"@type\":\"BreadcrumbList\",\"@id\":\"https:\/\/dev.invicta.wp19.axome.cc\/fr\/#breadcrumb\",\"itemListElement\":[{\"@type\":\"ListItem\",\"position\":1,\"name\":\"Accueil\",\"item\":\"https:\/\/dev.invicta.wp19.axome.cc\/fr\/\"},{\"@type\":\"ListItem\",\"position\":2,\"name\":\"Invicta, fabricant fran\u00e7ais, sp\u00e9cialiste europ\u00e9en du chauffage au bois : po\u00eales \u00e0 bois et \u00e0 granul\u00e9s, chemin\u00e9es, foyers et inserts\"}]},{\"@type\":\"WebSite\",\"@id\":\"https:\/\/dev.invicta.wp19.axome.cc\/fr\/#website\",\"url\":\"https:\/\/dev.invicta.wp19.axome.cc\/fr\/\",\"name\":\"Invicta\",\"description\":\"Fabricant fran\u00e7ais, sp\u00e9cialiste europ\u00e9en du chauffage au bois : po\u00eales \u00e0 bois et \u00e0 granul\u00e9s, chemin\u00e9es, foyers et inserts\",\"publisher\":{\"@id\":\"https:\/\/dev.invicta.wp19.axome.cc\/fr\/#organization\"},\"potentialAction\":[{\"@type\":\"SearchAction\",\"target\":{\"@type\":\"EntryPoint\",\"urlTemplate\":\"https:\/\/dev.invicta.wp19.axome.cc\/fr\/?s={search_term_string}\"},\"query-input\":{\"@type\":\"PropertyValueSpecification\",\"valueRequired\":true,\"valueName\":\"search_term_string\"}}],\"inLanguage\":\"fr-FR\"},{\"@type\":\"Organization\",\"@id\":\"https:\/\/dev.invicta.wp19.axome.cc\/fr\/#organization\",\"name\":\"Invicta\",\"url\":\"https:\/\/dev.invicta.wp19.axome.cc\/fr\/\",\"logo\":{\"@type\":\"ImageObject\",\"inLanguage\":\"fr-FR\",\"@id\":\"https:\/\/dev.invicta.wp19.axome.cc\/fr\/#\/schema\/logo\/image\/\",\"url\":\"https:\/\/www.invicta.fr\/wp-content\/uploads\/2019\/06\/INVICTALOGO_RVB.png\",\"contentUrl\":\"https:\/\/www.invicta.fr\/wp-content\/uploads\/2019\/06\/INVICTALOGO_RVB.png\",\"width\":1810,\"height\":1280,\"caption\":\"Invicta\"},\"image\":{\"@id\":\"https:\/\/dev.invicta.wp19.axome.cc\/fr\/#\/schema\/logo\/image\/\"}}]}<\/script>\n<!-- \/ Yoast SEO plugin. -->","yoast_head_json":{"title":"Invicta, fabricant fran\u00e7ais, sp\u00e9cialiste europ\u00e9en du chauffage au bois : po\u00eales \u00e0 bois et \u00e0 granul\u00e9s, chemin\u00e9es, foyers et inserts - Invicta","description":"Invicta, fondeur et \u00e9mailleur Fran\u00e7ais est implant\u00e9 depuis 1924 \u00e0 Donchery, en Champagne-Ardenne. 280 personnes contribuent au succ\u00e8s d'Invicta, alchimie du savoir-faire et du talent.La cr\u00e9ativit\u00e9 et les innovations technologiques d'Invicta perp\u00e9tuent et renouvellent l'univers de la fonderie.Aujourd'hui son savoir-faire s'\u00e9tend dans des secteurs aussi diff\u00e9rents que : le chauffage au bois, les po\u00eale \u00e0 bois, chemin\u00e9es aux bois, le barbecue, la poterie culinaire, la d\u00e9coration, le mobilier...","robots":{"index":"index","follow":"follow","max-snippet":"max-snippet:-1","max-image-preview":"max-image-preview:large","max-video-preview":"max-video-preview:-1"},"canonical":"https:\/\/dev.invicta.wp19.axome.cc\/fr\/","og_locale":"fr_FR","og_type":"article","og_title":"Invicta, fabricant fran\u00e7ais, sp\u00e9cialiste europ\u00e9en du chauffage au bois : po\u00eales \u00e0 bois et \u00e0 granul\u00e9s, chemin\u00e9es, foyers et inserts - Invicta","og_description":"Invicta, fondeur et \u00e9mailleur Fran\u00e7ais est implant\u00e9 depuis 1924 \u00e0 Donchery, en Champagne-Ardenne. 280 personnes contribuent au succ\u00e8s d'Invicta, alchimie du savoir-faire et du talent.La cr\u00e9ativit\u00e9 et les innovations technologiques d'Invicta perp\u00e9tuent et renouvellent l'univers de la fonderie.Aujourd'hui son savoir-faire s'\u00e9tend dans des secteurs aussi diff\u00e9rents que : le chauffage au bois, les po\u00eale \u00e0 bois, chemin\u00e9es aux bois, le barbecue, la poterie culinaire, la d\u00e9coration, le mobilier...","og_url":"https:\/\/dev.invicta.wp19.axome.cc\/fr\/","og_site_name":"Invicta","article_modified_time":"2025-05-27T12:34:13+00:00","twitter_card":"summary_large_image","twitter_misc":{"Dur\u00e9e de lecture estim\u00e9e":"19 minutes"},"schema":{"@context":"https:\/\/schema.org","@graph":[{"@type":"WebPage","@id":"https:\/\/dev.invicta.wp19.axome.cc\/fr\/","url":"https:\/\/dev.invicta.wp19.axome.cc\/fr\/","name":"Invicta, fabricant fran\u00e7ais, sp\u00e9cialiste europ\u00e9en du chauffage au bois : po\u00eales \u00e0 bois et \u00e0 granul\u00e9s, chemin\u00e9es, foyers et inserts - Invicta","isPartOf":{"@id":"https:\/\/dev.invicta.wp19.axome.cc\/fr\/#website"},"datePublished":"2019-06-19T14:54:52+00:00","dateModified":"2025-05-27T12:34:13+00:00","description":"Invicta, fondeur et \u00e9mailleur Fran\u00e7ais est implant\u00e9 depuis 1924 \u00e0 Donchery, en Champagne-Ardenne. 280 personnes contribuent au succ\u00e8s d'Invicta, alchimie du savoir-faire et du talent.La cr\u00e9ativit\u00e9 et les innovations technologiques d'Invicta perp\u00e9tuent et renouvellent l'univers de la fonderie.Aujourd'hui son savoir-faire s'\u00e9tend dans des secteurs aussi diff\u00e9rents que : le chauffage au bois, les po\u00eale \u00e0 bois, chemin\u00e9es aux bois, le barbecue, la poterie culinaire, la d\u00e9coration, le mobilier...","breadcrumb":{"@id":"https:\/\/dev.invicta.wp19.axome.cc\/fr\/#breadcrumb"},"inLanguage":"fr-FR","potentialAction":[{"@type":"ReadAction","target":["https:\/\/dev.invicta.wp19.axome.cc\/fr\/"]}]},{"@type":"BreadcrumbList","@id":"https:\/\/dev.invicta.wp19.axome.cc\/fr\/#breadcrumb","itemListElement":[{"@type":"ListItem","position":1,"name":"Accueil","item":"https:\/\/dev.invicta.wp19.axome.cc\/fr\/"},{"@type":"ListItem","position":2,"name":"Invicta, fabricant fran\u00e7ais, sp\u00e9cialiste europ\u00e9en du chauffage au bois : po\u00eales \u00e0 bois et \u00e0 granul\u00e9s, chemin\u00e9es, foyers et inserts"}]},{"@type":"WebSite","@id":"https:\/\/dev.invicta.wp19.axome.cc\/fr\/#website","url":"https:\/\/dev.invicta.wp19.axome.cc\/fr\/","name":"Invicta","description":"Fabricant fran\u00e7ais, sp\u00e9cialiste europ\u00e9en du chauffage au bois : po\u00eales \u00e0 bois et \u00e0 granul\u00e9s, chemin\u00e9es, foyers et inserts","publisher":{"@id":"https:\/\/dev.invicta.wp19.axome.cc\/fr\/#organization"},"potentialAction":[{"@type":"SearchAction","target":{"@type":"EntryPoint","urlTemplate":"https:\/\/dev.invicta.wp19.axome.cc\/fr\/?s={search_term_string}"},"query-input":{"@type":"PropertyValueSpecification","valueRequired":true,"valueName":"search_term_string"}}],"inLanguage":"fr-FR"},{"@type":"Organization","@id":"https:\/\/dev.invicta.wp19.axome.cc\/fr\/#organization","name":"Invicta","url":"https:\/\/dev.invicta.wp19.axome.cc\/fr\/","logo":{"@type":"ImageObject","inLanguage":"fr-FR","@id":"https:\/\/dev.invicta.wp19.axome.cc\/fr\/#\/schema\/logo\/image\/","url":"https:\/\/www.invicta.fr\/wp-content\/uploads\/2019\/06\/INVICTALOGO_RVB.png","contentUrl":"https:\/\/www.invicta.fr\/wp-content\/uploads\/2019\/06\/INVICTALOGO_RVB.png","width":1810,"height":1280,"caption":"Invicta"},"image":{"@id":"https:\/\/dev.invicta.wp19.axome.cc\/fr\/#\/schema\/logo\/image\/"}}]}},"_links":{"self":[{"href":"https:\/\/dev.invicta.wp19.axome.cc\/fr\/wp-json\/wp\/v2\/pages\/509","targetHints":{"allow":["GET"]}}],"collection":[{"href":"https:\/\/dev.invicta.wp19.axome.cc\/fr\/wp-json\/wp\/v2\/pages"}],"about":[{"href":"https:\/\/dev.invicta.wp19.axome.cc\/fr\/wp-json\/wp\/v2\/types\/page"}],"author":[{"embeddable":true,"href":"https:\/\/dev.invicta.wp19.axome.cc\/fr\/wp-json\/wp\/v2\/users\/225"}],"replies":[{"embeddable":true,"href":"https:\/\/dev.invicta.wp19.axome.cc\/fr\/wp-json\/wp\/v2\/comments?post=509"}],"version-history":[{"count":10,"href":"https:\/\/dev.invicta.wp19.axome.cc\/fr\/wp-json\/wp\/v2\/pages\/509\/revisions"}],"predecessor-version":[{"id":67514,"href":"https:\/\/dev.invicta.wp19.axome.cc\/fr\/wp-json\/wp\/v2\/pages\/509\/revisions\/67514"}],"wp:attachment":[{"href":"https:\/\/dev.invicta.wp19.axome.cc\/fr\/wp-json\/wp\/v2\/media?parent=509"}],"curies":[{"name":"wp","href":"https:\/\/api.w.org\/{rel}","templated":true}]}}