{"id":8469,"date":"2019-07-25T11:35:53","date_gmt":"2019-07-25T09:35:53","guid":{"rendered":"https:\/\/dev.invicta.wp19.axome.cc\/?page_id=8469"},"modified":"2022-04-22T14:46:06","modified_gmt":"2022-04-22T12:46:06","slug":"artisans-cheministes-2","status":"publish","type":"page","link":"https:\/\/dev.invicta.wp19.axome.cc\/fr\/carte-revendeurs\/artisans-cheministes-2\/","title":{"rendered":"Artisans Cheministes"},"content":{"rendered":"\t\t<div data-elementor-type=\"wp-page\" data-elementor-id=\"8469\" class=\"elementor elementor-8469\" data-elementor-post-type=\"page\">\n\t\t\t\t\t\t<section class=\"elementor-section elementor-top-section elementor-element elementor-element-5fde25e elementor-reverse-mobile elementor-reverse-tablet elementor-section-stretched elementor-section-full_width elementor-section-height-full elementor-section-items-top elementor-section-height-default\" data-id=\"5fde25e\" data-element_type=\"section\" data-settings=\"{&quot;background_background&quot;:&quot;classic&quot;,&quot;stretch_section&quot;:&quot;section-stretched&quot;}\">\n\t\t\t\t\t\t<div class=\"elementor-container elementor-column-gap-default\">\n\t\t\t\t\t<div class=\"elementor-column elementor-col-100 elementor-top-column elementor-element elementor-element-a77df35\" data-id=\"a77df35\" data-element_type=\"column\">\n\t\t\t<div class=\"elementor-widget-wrap elementor-element-populated\">\n\t\t\t\t\t\t<div class=\"elementor-element elementor-element-d03d3a5 elementor-widget elementor-widget-heading\" data-id=\"d03d3a5\" data-element_type=\"widget\" data-widget_type=\"heading.default\">\n\t\t\t\t<div class=\"elementor-widget-container\">\n\t\t\t\t\t<h2 class=\"elementor-heading-title elementor-size-default\">Artisans atriers, commandez notre gamme<\/h2>\t\t\t\t<\/div>\n\t\t\t\t<\/div>\n\t\t\t\t<div class=\"elementor-element elementor-element-2e13a4b elementor-widget-divider--view-line elementor-widget elementor-widget-divider\" data-id=\"2e13a4b\" data-element_type=\"widget\" data-widget_type=\"divider.default\">\n\t\t\t\t<div class=\"elementor-widget-container\">\n\t\t\t\t\t\t\t<div class=\"elementor-divider\">\n\t\t\t<span class=\"elementor-divider-separator\">\n\t\t\t\t\t\t<\/span>\n\t\t<\/div>\n\t\t\t\t\t\t<\/div>\n\t\t\t\t<\/div>\n\t\t\t\t<div class=\"elementor-element elementor-element-fa5eac0 elementor-widget elementor-widget-heading\" data-id=\"fa5eac0\" data-element_type=\"widget\" data-widget_type=\"heading.default\">\n\t\t\t\t<div class=\"elementor-widget-container\">\n\t\t\t\t\t<h2 class=\"elementor-heading-title elementor-size-default\">N\u2019h\u00e9sitez pas \u00e0 demander les produits INVICTA de votre choix aux artisans professionnels de votre r\u00e9gion.<\/h2>\t\t\t\t<\/div>\n\t\t\t\t<\/div>\n\t\t\t\t<section class=\"elementor-section elementor-inner-section elementor-element elementor-element-b4b5291 elementor-section-boxed elementor-section-height-default elementor-section-height-default\" data-id=\"b4b5291\" data-element_type=\"section\">\n\t\t\t\t\t\t<div class=\"elementor-container elementor-column-gap-default\">\n\t\t\t\t\t<div class=\"elementor-column elementor-col-33 elementor-inner-column elementor-element elementor-element-edef69f\" data-id=\"edef69f\" data-element_type=\"column\">\n\t\t\t<div class=\"elementor-widget-wrap elementor-element-populated\">\n\t\t\t\t\t\t<div class=\"elementor-element elementor-element-accbcee elementor-widget elementor-widget-image\" data-id=\"accbcee\" data-element_type=\"widget\" data-widget_type=\"image.default\">\n\t\t\t\t<div class=\"elementor-widget-container\">\n\t\t\t\t\t\t\t\t\t\t\t\t\t\t\t<img fetchpriority=\"high\" decoding=\"async\" width=\"477\" height=\"307\" src=\"https:\/\/dev.invicta.wp19.axome.cc\/wp-content\/uploads\/2019\/08\/enseignes-batiment-invicta.jpg\" class=\"attachment-large size-large wp-image-19200\" alt=\"Logos enseignes b\u00e2timent\" srcset=\"https:\/\/dev.invicta.wp19.axome.cc\/wp-content\/uploads\/2019\/08\/enseignes-batiment-invicta.jpg 477w, https:\/\/dev.invicta.wp19.axome.cc\/wp-content\/uploads\/2019\/08\/enseignes-batiment-invicta-386x248.jpg 386w\" sizes=\"(max-width: 477px) 100vw, 477px\" \/>\t\t\t\t\t\t\t\t\t\t\t\t\t\t\t<\/div>\n\t\t\t\t<\/div>\n\t\t\t\t<div class=\"elementor-element elementor-element-f7057b3 elementor-align-center elementor-widget elementor-widget-button\" data-id=\"f7057b3\" data-element_type=\"widget\" data-widget_type=\"button.default\">\n\t\t\t\t<div class=\"elementor-widget-container\">\n\t\t\t\t\t\t\t\t\t<div class=\"elementor-button-wrapper\">\n\t\t\t\t\t<a class=\"elementor-button elementor-button-link elementor-size-sm\" href=\"https:\/\/dev.invicta.wp19.axome.cc\/fr\/carte-revendeurs\/distribution-batiment-enseignes\/\">\n\t\t\t\t\t\t<span class=\"elementor-button-content-wrapper\">\n\t\t\t\t\t\t\t\t\t<span class=\"elementor-button-text\">Partenaires bat\u00eement et enseignes<\/span>\n\t\t\t\t\t<\/span>\n\t\t\t\t\t<\/a>\n\t\t\t\t<\/div>\n\t\t\t\t\t\t\t\t<\/div>\n\t\t\t\t<\/div>\n\t\t\t\t\t<\/div>\n\t\t<\/div>\n\t\t\t\t<div class=\"elementor-column elementor-col-33 elementor-inner-column elementor-element elementor-element-4d6b543\" data-id=\"4d6b543\" data-element_type=\"column\">\n\t\t\t<div class=\"elementor-widget-wrap elementor-element-populated\">\n\t\t\t\t\t\t<div class=\"elementor-element elementor-element-71c8951 elementor-widget elementor-widget-image\" data-id=\"71c8951\" data-element_type=\"widget\" data-widget_type=\"image.default\">\n\t\t\t\t<div class=\"elementor-widget-container\">\n\t\t\t\t\t\t\t\t\t\t\t\t\t\t\t<img decoding=\"async\" width=\"702\" height=\"448\" src=\"https:\/\/dev.invicta.wp19.axome.cc\/wp-content\/uploads\/2019\/08\/carte-store-locator.jpg\" class=\"attachment-large size-large wp-image-19198\" alt=\"Carte de France des revendeurs\" srcset=\"https:\/\/dev.invicta.wp19.axome.cc\/wp-content\/uploads\/2019\/08\/carte-store-locator.jpg 702w, https:\/\/dev.invicta.wp19.axome.cc\/wp-content\/uploads\/2019\/08\/carte-store-locator-386x246.jpg 386w, https:\/\/dev.invicta.wp19.axome.cc\/wp-content\/uploads\/2019\/08\/carte-store-locator-600x383.jpg 600w\" sizes=\"(max-width: 702px) 100vw, 702px\" \/>\t\t\t\t\t\t\t\t\t\t\t\t\t\t\t<\/div>\n\t\t\t\t<\/div>\n\t\t\t\t<div class=\"elementor-element elementor-element-61ff1fa elementor-align-center elementor-widget elementor-widget-button\" data-id=\"61ff1fa\" data-element_type=\"widget\" data-widget_type=\"button.default\">\n\t\t\t\t<div class=\"elementor-widget-container\">\n\t\t\t\t\t\t\t\t\t<div class=\"elementor-button-wrapper\">\n\t\t\t\t\t<a class=\"elementor-button elementor-button-link elementor-size-sm\" href=\"https:\/\/dev.invicta.wp19.axome.cc\/fr\/carte-revendeurs\/\">\n\t\t\t\t\t\t<span class=\"elementor-button-content-wrapper\">\n\t\t\t\t\t\t\t\t\t<span class=\"elementor-button-text\">Voir la carte des revendeurs<\/span>\n\t\t\t\t\t<\/span>\n\t\t\t\t\t<\/a>\n\t\t\t\t<\/div>\n\t\t\t\t\t\t\t\t<\/div>\n\t\t\t\t<\/div>\n\t\t\t\t\t<\/div>\n\t\t<\/div>\n\t\t\t\t<div class=\"elementor-column elementor-col-33 elementor-inner-column elementor-element elementor-element-8c64328\" data-id=\"8c64328\" data-element_type=\"column\">\n\t\t\t<div class=\"elementor-widget-wrap elementor-element-populated\">\n\t\t\t\t\t\t<div class=\"elementor-element elementor-element-2e17531 elementor-widget elementor-widget-image\" data-id=\"2e17531\" data-element_type=\"widget\" data-widget_type=\"image.default\">\n\t\t\t\t<div class=\"elementor-widget-container\">\n\t\t\t\t\t\t\t\t\t\t\t\t\t\t\t<img decoding=\"async\" width=\"477\" height=\"307\" src=\"https:\/\/dev.invicta.wp19.axome.cc\/wp-content\/uploads\/2019\/08\/enseignes-bricolage-invicta.jpg\" class=\"attachment-large size-large wp-image-19199\" alt=\"Logos enseignes grandes surfaces de bricolage\" srcset=\"https:\/\/dev.invicta.wp19.axome.cc\/wp-content\/uploads\/2019\/08\/enseignes-bricolage-invicta.jpg 477w, https:\/\/dev.invicta.wp19.axome.cc\/wp-content\/uploads\/2019\/08\/enseignes-bricolage-invicta-386x248.jpg 386w\" sizes=\"(max-width: 477px) 100vw, 477px\" \/>\t\t\t\t\t\t\t\t\t\t\t\t\t\t\t<\/div>\n\t\t\t\t<\/div>\n\t\t\t\t<div class=\"elementor-element elementor-element-972130f elementor-align-center elementor-widget elementor-widget-button\" data-id=\"972130f\" data-element_type=\"widget\" data-widget_type=\"button.default\">\n\t\t\t\t<div class=\"elementor-widget-container\">\n\t\t\t\t\t\t\t\t\t<div class=\"elementor-button-wrapper\">\n\t\t\t\t\t<a class=\"elementor-button elementor-button-link elementor-size-sm\" href=\"https:\/\/dev.invicta.wp19.axome.cc\/fr\/carte-revendeurs\/enseignes-de-bricolage\/\">\n\t\t\t\t\t\t<span class=\"elementor-button-content-wrapper\">\n\t\t\t\t\t\t\t\t\t<span class=\"elementor-button-text\">Partenaires grand distribution<\/span>\n\t\t\t\t\t<\/span>\n\t\t\t\t\t<\/a>\n\t\t\t\t<\/div>\n\t\t\t\t\t\t\t\t<\/div>\n\t\t\t\t<\/div>\n\t\t\t\t\t<\/div>\n\t\t<\/div>\n\t\t\t\t\t<\/div>\n\t\t<\/section>\n\t\t\t\t\t<\/div>\n\t\t<\/div>\n\t\t\t\t\t<\/div>\n\t\t<\/section>\n\t\t\t\t<\/div>\n\t\t","protected":false},"excerpt":{"rendered":"<p>Artisans atriers, commandez notre gamme N\u2019h\u00e9sitez pas \u00e0 demander les produits INVICTA de votre choix aux artisans professionnels de votre r\u00e9gion. Partenaires bat\u00eement et enseignes Voir la carte des revendeurs Partenaires grand distribution<\/p>\n","protected":false},"author":225,"featured_media":0,"parent":187,"menu_order":0,"comment_status":"closed","ping_status":"closed","template":"elementor_header_footer","meta":{"_acf_changed":false,"footnotes":""},"class_list":{"1":"page"},"acf":[],"yoast_head":"<!-- This site is optimized with the Yoast SEO plugin v24.7 - https:\/\/yoast.com\/wordpress\/plugins\/seo\/ -->\n<title>Artisans Cheministes - Invicta<\/title>\n<meta name=\"description\" content=\"Artisans atriers, commandez notre gamme N\u2019h\u00e9sitez pas \u00e0 demander les produits INVICTA de votre choix aux artisans professionnels de votre r\u00e9gion.\" \/>\n<meta name=\"robots\" content=\"index, follow, max-snippet:-1, max-image-preview:large, max-video-preview:-1\" \/>\n<link rel=\"canonical\" href=\"https:\/\/dev.invicta.wp19.axome.cc\/fr\/carte-revendeurs\/artisans-cheministes-2\/\" \/>\n<meta property=\"og:locale\" content=\"fr_FR\" \/>\n<meta property=\"og:type\" content=\"article\" \/>\n<meta property=\"og:title\" content=\"Artisans Cheministes - Invicta\" \/>\n<meta property=\"og:description\" content=\"Artisans atriers, commandez notre gamme N\u2019h\u00e9sitez pas \u00e0 demander les produits INVICTA de votre choix aux artisans professionnels de votre r\u00e9gion.\" \/>\n<meta property=\"og:url\" content=\"https:\/\/dev.invicta.wp19.axome.cc\/fr\/carte-revendeurs\/artisans-cheministes-2\/\" \/>\n<meta property=\"og:site_name\" content=\"Invicta\" \/>\n<meta property=\"article:modified_time\" content=\"2022-04-22T12:46:06+00:00\" \/>\n<meta property=\"og:image\" content=\"https:\/\/dev.invicta.wp19.axome.cc\/wp-content\/uploads\/2019\/08\/enseignes-batiment-invicta.jpg\" \/>\n<meta name=\"twitter:card\" content=\"summary_large_image\" \/>\n<meta name=\"twitter:label1\" content=\"Dur\u00e9e de lecture estim\u00e9e\" \/>\n\t<meta name=\"twitter:data1\" content=\"1 minute\" \/>\n<script type=\"application\/ld+json\" class=\"yoast-schema-graph\">{\"@context\":\"https:\/\/schema.org\",\"@graph\":[{\"@type\":\"WebPage\",\"@id\":\"https:\/\/dev.invicta.wp19.axome.cc\/fr\/carte-revendeurs\/artisans-cheministes-2\/\",\"url\":\"https:\/\/dev.invicta.wp19.axome.cc\/fr\/carte-revendeurs\/artisans-cheministes-2\/\",\"name\":\"Artisans Cheministes - Invicta\",\"isPartOf\":{\"@id\":\"https:\/\/dev.invicta.wp19.axome.cc\/fr\/#website\"},\"primaryImageOfPage\":{\"@id\":\"https:\/\/dev.invicta.wp19.axome.cc\/fr\/carte-revendeurs\/artisans-cheministes-2\/#primaryimage\"},\"image\":{\"@id\":\"https:\/\/dev.invicta.wp19.axome.cc\/fr\/carte-revendeurs\/artisans-cheministes-2\/#primaryimage\"},\"thumbnailUrl\":\"https:\/\/dev.invicta.wp19.axome.cc\/wp-content\/uploads\/2019\/08\/enseignes-batiment-invicta.jpg\",\"datePublished\":\"2019-07-25T09:35:53+00:00\",\"dateModified\":\"2022-04-22T12:46:06+00:00\",\"description\":\"Artisans atriers, commandez notre gamme N\u2019h\u00e9sitez pas \u00e0 demander les produits INVICTA de votre choix aux artisans professionnels de votre r\u00e9gion.\",\"breadcrumb\":{\"@id\":\"https:\/\/dev.invicta.wp19.axome.cc\/fr\/carte-revendeurs\/artisans-cheministes-2\/#breadcrumb\"},\"inLanguage\":\"fr-FR\",\"potentialAction\":[{\"@type\":\"ReadAction\",\"target\":[\"https:\/\/dev.invicta.wp19.axome.cc\/fr\/carte-revendeurs\/artisans-cheministes-2\/\"]}]},{\"@type\":\"ImageObject\",\"inLanguage\":\"fr-FR\",\"@id\":\"https:\/\/dev.invicta.wp19.axome.cc\/fr\/carte-revendeurs\/artisans-cheministes-2\/#primaryimage\",\"url\":\"https:\/\/dev.invicta.wp19.axome.cc\/wp-content\/uploads\/2019\/08\/enseignes-batiment-invicta.jpg\",\"contentUrl\":\"https:\/\/dev.invicta.wp19.axome.cc\/wp-content\/uploads\/2019\/08\/enseignes-batiment-invicta.jpg\"},{\"@type\":\"BreadcrumbList\",\"@id\":\"https:\/\/dev.invicta.wp19.axome.cc\/fr\/carte-revendeurs\/artisans-cheministes-2\/#breadcrumb\",\"itemListElement\":[{\"@type\":\"ListItem\",\"position\":1,\"name\":\"Accueil\",\"item\":\"https:\/\/dev.invicta.wp19.axome.cc\/fr\/\"},{\"@type\":\"ListItem\",\"position\":2,\"name\":\"Revendeurs\",\"item\":\"https:\/\/dev.invicta.wp19.axome.cc\/fr\/carte-revendeurs\/\"},{\"@type\":\"ListItem\",\"position\":3,\"name\":\"Artisans Cheministes\"}]},{\"@type\":\"WebSite\",\"@id\":\"https:\/\/dev.invicta.wp19.axome.cc\/fr\/#website\",\"url\":\"https:\/\/dev.invicta.wp19.axome.cc\/fr\/\",\"name\":\"Invicta\",\"description\":\"Fabricant fran\u00e7ais, sp\u00e9cialiste europ\u00e9en du chauffage au bois : po\u00eales \u00e0 bois et \u00e0 granul\u00e9s, chemin\u00e9es, foyers et inserts\",\"publisher\":{\"@id\":\"https:\/\/dev.invicta.wp19.axome.cc\/fr\/#organization\"},\"potentialAction\":[{\"@type\":\"SearchAction\",\"target\":{\"@type\":\"EntryPoint\",\"urlTemplate\":\"https:\/\/dev.invicta.wp19.axome.cc\/fr\/?s={search_term_string}\"},\"query-input\":{\"@type\":\"PropertyValueSpecification\",\"valueRequired\":true,\"valueName\":\"search_term_string\"}}],\"inLanguage\":\"fr-FR\"},{\"@type\":\"Organization\",\"@id\":\"https:\/\/dev.invicta.wp19.axome.cc\/fr\/#organization\",\"name\":\"Invicta\",\"url\":\"https:\/\/dev.invicta.wp19.axome.cc\/fr\/\",\"logo\":{\"@type\":\"ImageObject\",\"inLanguage\":\"fr-FR\",\"@id\":\"https:\/\/dev.invicta.wp19.axome.cc\/fr\/#\/schema\/logo\/image\/\",\"url\":\"https:\/\/www.invicta.fr\/wp-content\/uploads\/2019\/06\/INVICTALOGO_RVB.png\",\"contentUrl\":\"https:\/\/www.invicta.fr\/wp-content\/uploads\/2019\/06\/INVICTALOGO_RVB.png\",\"width\":1810,\"height\":1280,\"caption\":\"Invicta\"},\"image\":{\"@id\":\"https:\/\/dev.invicta.wp19.axome.cc\/fr\/#\/schema\/logo\/image\/\"}}]}<\/script>\n<!-- \/ Yoast SEO plugin. -->","yoast_head_json":{"title":"Artisans Cheministes - Invicta","description":"Artisans atriers, commandez notre gamme N\u2019h\u00e9sitez pas \u00e0 demander les produits INVICTA de votre choix aux artisans professionnels de votre r\u00e9gion.","robots":{"index":"index","follow":"follow","max-snippet":"max-snippet:-1","max-image-preview":"max-image-preview:large","max-video-preview":"max-video-preview:-1"},"canonical":"https:\/\/dev.invicta.wp19.axome.cc\/fr\/carte-revendeurs\/artisans-cheministes-2\/","og_locale":"fr_FR","og_type":"article","og_title":"Artisans Cheministes - Invicta","og_description":"Artisans atriers, commandez notre gamme N\u2019h\u00e9sitez pas \u00e0 demander les produits INVICTA de votre choix aux artisans professionnels de votre r\u00e9gion.","og_url":"https:\/\/dev.invicta.wp19.axome.cc\/fr\/carte-revendeurs\/artisans-cheministes-2\/","og_site_name":"Invicta","article_modified_time":"2022-04-22T12:46:06+00:00","og_image":[{"url":"https:\/\/dev.invicta.wp19.axome.cc\/wp-content\/uploads\/2019\/08\/enseignes-batiment-invicta.jpg","type":"","width":"","height":""}],"twitter_card":"summary_large_image","twitter_misc":{"Dur\u00e9e de lecture estim\u00e9e":"1 minute"},"schema":{"@context":"https:\/\/schema.org","@graph":[{"@type":"WebPage","@id":"https:\/\/dev.invicta.wp19.axome.cc\/fr\/carte-revendeurs\/artisans-cheministes-2\/","url":"https:\/\/dev.invicta.wp19.axome.cc\/fr\/carte-revendeurs\/artisans-cheministes-2\/","name":"Artisans Cheministes - Invicta","isPartOf":{"@id":"https:\/\/dev.invicta.wp19.axome.cc\/fr\/#website"},"primaryImageOfPage":{"@id":"https:\/\/dev.invicta.wp19.axome.cc\/fr\/carte-revendeurs\/artisans-cheministes-2\/#primaryimage"},"image":{"@id":"https:\/\/dev.invicta.wp19.axome.cc\/fr\/carte-revendeurs\/artisans-cheministes-2\/#primaryimage"},"thumbnailUrl":"https:\/\/dev.invicta.wp19.axome.cc\/wp-content\/uploads\/2019\/08\/enseignes-batiment-invicta.jpg","datePublished":"2019-07-25T09:35:53+00:00","dateModified":"2022-04-22T12:46:06+00:00","description":"Artisans atriers, commandez notre gamme N\u2019h\u00e9sitez pas \u00e0 demander les produits INVICTA de votre choix aux artisans professionnels de votre r\u00e9gion.","breadcrumb":{"@id":"https:\/\/dev.invicta.wp19.axome.cc\/fr\/carte-revendeurs\/artisans-cheministes-2\/#breadcrumb"},"inLanguage":"fr-FR","potentialAction":[{"@type":"ReadAction","target":["https:\/\/dev.invicta.wp19.axome.cc\/fr\/carte-revendeurs\/artisans-cheministes-2\/"]}]},{"@type":"ImageObject","inLanguage":"fr-FR","@id":"https:\/\/dev.invicta.wp19.axome.cc\/fr\/carte-revendeurs\/artisans-cheministes-2\/#primaryimage","url":"https:\/\/dev.invicta.wp19.axome.cc\/wp-content\/uploads\/2019\/08\/enseignes-batiment-invicta.jpg","contentUrl":"https:\/\/dev.invicta.wp19.axome.cc\/wp-content\/uploads\/2019\/08\/enseignes-batiment-invicta.jpg"},{"@type":"BreadcrumbList","@id":"https:\/\/dev.invicta.wp19.axome.cc\/fr\/carte-revendeurs\/artisans-cheministes-2\/#breadcrumb","itemListElement":[{"@type":"ListItem","position":1,"name":"Accueil","item":"https:\/\/dev.invicta.wp19.axome.cc\/fr\/"},{"@type":"ListItem","position":2,"name":"Revendeurs","item":"https:\/\/dev.invicta.wp19.axome.cc\/fr\/carte-revendeurs\/"},{"@type":"ListItem","position":3,"name":"Artisans Cheministes"}]},{"@type":"WebSite","@id":"https:\/\/dev.invicta.wp19.axome.cc\/fr\/#website","url":"https:\/\/dev.invicta.wp19.axome.cc\/fr\/","name":"Invicta","description":"Fabricant fran\u00e7ais, sp\u00e9cialiste europ\u00e9en du chauffage au bois : po\u00eales \u00e0 bois et \u00e0 granul\u00e9s, chemin\u00e9es, foyers et inserts","publisher":{"@id":"https:\/\/dev.invicta.wp19.axome.cc\/fr\/#organization"},"potentialAction":[{"@type":"SearchAction","target":{"@type":"EntryPoint","urlTemplate":"https:\/\/dev.invicta.wp19.axome.cc\/fr\/?s={search_term_string}"},"query-input":{"@type":"PropertyValueSpecification","valueRequired":true,"valueName":"search_term_string"}}],"inLanguage":"fr-FR"},{"@type":"Organization","@id":"https:\/\/dev.invicta.wp19.axome.cc\/fr\/#organization","name":"Invicta","url":"https:\/\/dev.invicta.wp19.axome.cc\/fr\/","logo":{"@type":"ImageObject","inLanguage":"fr-FR","@id":"https:\/\/dev.invicta.wp19.axome.cc\/fr\/#\/schema\/logo\/image\/","url":"https:\/\/www.invicta.fr\/wp-content\/uploads\/2019\/06\/INVICTALOGO_RVB.png","contentUrl":"https:\/\/www.invicta.fr\/wp-content\/uploads\/2019\/06\/INVICTALOGO_RVB.png","width":1810,"height":1280,"caption":"Invicta"},"image":{"@id":"https:\/\/dev.invicta.wp19.axome.cc\/fr\/#\/schema\/logo\/image\/"}}]}},"_links":{"self":[{"href":"https:\/\/dev.invicta.wp19.axome.cc\/fr\/wp-json\/wp\/v2\/pages\/8469","targetHints":{"allow":["GET"]}}],"collection":[{"href":"https:\/\/dev.invicta.wp19.axome.cc\/fr\/wp-json\/wp\/v2\/pages"}],"about":[{"href":"https:\/\/dev.invicta.wp19.axome.cc\/fr\/wp-json\/wp\/v2\/types\/page"}],"author":[{"embeddable":true,"href":"https:\/\/dev.invicta.wp19.axome.cc\/fr\/wp-json\/wp\/v2\/users\/225"}],"replies":[{"embeddable":true,"href":"https:\/\/dev.invicta.wp19.axome.cc\/fr\/wp-json\/wp\/v2\/comments?post=8469"}],"version-history":[{"count":3,"href":"https:\/\/dev.invicta.wp19.axome.cc\/fr\/wp-json\/wp\/v2\/pages\/8469\/revisions"}],"predecessor-version":[{"id":46577,"href":"https:\/\/dev.invicta.wp19.axome.cc\/fr\/wp-json\/wp\/v2\/pages\/8469\/revisions\/46577"}],"up":[{"embeddable":true,"href":"https:\/\/dev.invicta.wp19.axome.cc\/fr\/wp-json\/wp\/v2\/pages\/187"}],"wp:attachment":[{"href":"https:\/\/dev.invicta.wp19.axome.cc\/fr\/wp-json\/wp\/v2\/media?parent=8469"}],"curies":[{"name":"wp","href":"https:\/\/api.w.org\/{rel}","templated":true}]}}