{"id":67587,"date":"2025-06-16T17:52:54","date_gmt":"2025-06-16T15:52:54","guid":{"rendered":"https:\/\/dev.invicta.wp19.axome.cc\/produit\/kit-aeration-entree-sortie-dair-insert-a-granules-metti-8\/"},"modified":"2025-06-16T17:52:54","modified_gmt":"2025-06-16T15:52:54","slug":"kit-aeration-entree-sortie-dair-insert-a-granules-metti-8","status":"publish","type":"product","link":"https:\/\/dev.invicta.wp19.axome.cc\/fr\/produit\/kit-aeration-entree-sortie-dair-insert-a-granules-metti-8\/","title":{"rendered":"Kit a\u00e9ration &#8211; entr\u00e9e &#038; sortie d&#8217;air &#8211; Insert \u00e0 granul\u00e9s METTI 8"},"content":{"rendered":"<p>Sortie d&#8217;air sur le dessus de l&#8217;appareil : L 74 x P 16,5 x H 13 cm<br \/>\nEntr\u00e9e d&#8217;air sur le dessous de l&#8217;appareil : L 74 x P 6,5 x H 13 cm<\/p>\n","protected":false},"excerpt":{"rendered":"<p>Sortie d&#8217;air sur le dessus de l&#8217;appareil : L 74 x P 16,5 x H 13 cm Entr\u00e9e d&#8217;air sur le dessous de l&#8217;appareil : L 74 x P 6,5 x H 13 cm<\/p>\n","protected":false},"featured_media":0,"template":"","meta":{"_acf_changed":false},"product_brand":[],"product_cat":[26],"product_tag":[],"plus_produit":[],"class_list":{"1":"product","5":"product_cat-poeles-granules","6":"pa_surface-de-chauffe-25-100","7":"pa_volume-de-chauffe-min-max","9":"first","10":"instock","11":"purchasable","12":"product-type-simple"},"acf":[],"yoast_head":"<!-- This site is optimized with the Yoast SEO plugin v24.7 - https:\/\/yoast.com\/wordpress\/plugins\/seo\/ -->\n<title>Kit a\u00e9ration - entr\u00e9e &amp; sortie d&#039;air - Insert \u00e0 granul\u00e9s METTI 8 - Invicta<\/title>\n<meta name=\"description\" content=\"Sortie d&#039;air sur le dessus de l&#039;appareil : L 74 x P 16,5 x H 13 cm Entr\u00e9e d&#039;air sur le dessous de l&#039;appareil : L 74 x P 6,5 x H 13 cm\" \/>\n<meta name=\"robots\" content=\"index, follow, max-snippet:-1, max-image-preview:large, max-video-preview:-1\" \/>\n<link rel=\"canonical\" href=\"https:\/\/dev.invicta.wp19.axome.cc\/fr\/produit\/kit-aeration-entree-sortie-dair-insert-a-granules-metti-8\/\" \/>\n<meta property=\"og:locale\" content=\"fr_FR\" \/>\n<meta property=\"og:type\" content=\"article\" \/>\n<meta property=\"og:title\" content=\"Kit a\u00e9ration - entr\u00e9e &amp; sortie d&#039;air - Insert \u00e0 granul\u00e9s METTI 8 - Invicta\" \/>\n<meta property=\"og:description\" content=\"Sortie d&#039;air sur le dessus de l&#039;appareil : L 74 x P 16,5 x H 13 cm Entr\u00e9e d&#039;air sur le dessous de l&#039;appareil : L 74 x P 6,5 x H 13 cm\" \/>\n<meta property=\"og:url\" content=\"https:\/\/dev.invicta.wp19.axome.cc\/fr\/produit\/kit-aeration-entree-sortie-dair-insert-a-granules-metti-8\/\" \/>\n<meta property=\"og:site_name\" content=\"Invicta\" \/>\n<meta name=\"twitter:card\" content=\"summary_large_image\" \/>\n<script type=\"application\/ld+json\" class=\"yoast-schema-graph\">{\"@context\":\"https:\/\/schema.org\",\"@graph\":[{\"@type\":\"WebPage\",\"@id\":\"https:\/\/dev.invicta.wp19.axome.cc\/fr\/produit\/kit-aeration-entree-sortie-dair-insert-a-granules-metti-8\/\",\"url\":\"https:\/\/dev.invicta.wp19.axome.cc\/fr\/produit\/kit-aeration-entree-sortie-dair-insert-a-granules-metti-8\/\",\"name\":\"Kit a\u00e9ration - entr\u00e9e & sortie d'air - Insert \u00e0 granul\u00e9s METTI 8 - Invicta\",\"isPartOf\":{\"@id\":\"https:\/\/dev.invicta.wp19.axome.cc\/fr\/#website\"},\"datePublished\":\"2025-06-16T15:52:54+00:00\",\"description\":\"Sortie d'air sur le dessus de l'appareil : L 74 x P 16,5 x H 13 cm Entr\u00e9e d'air sur le dessous de l'appareil : L 74 x P 6,5 x H 13 cm\",\"breadcrumb\":{\"@id\":\"https:\/\/dev.invicta.wp19.axome.cc\/fr\/produit\/kit-aeration-entree-sortie-dair-insert-a-granules-metti-8\/#breadcrumb\"},\"inLanguage\":\"fr-FR\",\"potentialAction\":[{\"@type\":\"ReadAction\",\"target\":[\"https:\/\/dev.invicta.wp19.axome.cc\/fr\/produit\/kit-aeration-entree-sortie-dair-insert-a-granules-metti-8\/\"]}]},{\"@type\":\"BreadcrumbList\",\"@id\":\"https:\/\/dev.invicta.wp19.axome.cc\/fr\/produit\/kit-aeration-entree-sortie-dair-insert-a-granules-metti-8\/#breadcrumb\",\"itemListElement\":[{\"@type\":\"ListItem\",\"position\":1,\"name\":\"Accueil\",\"item\":\"https:\/\/dev.invicta.wp19.axome.cc\/fr\/\"},{\"@type\":\"ListItem\",\"position\":2,\"name\":\"Produits\",\"item\":\"https:\/\/dev.invicta.wp19.axome.cc\/fr\/shop\/\"},{\"@type\":\"ListItem\",\"position\":3,\"name\":\"Po\u00eales \u00e0 Granul\u00e9s\",\"item\":\"https:\/\/dev.invicta.wp19.axome.cc\/fr\/categorie-produit\/poeles-granules\/\"},{\"@type\":\"ListItem\",\"position\":4,\"name\":\"Kit a\u00e9ration &#8211; entr\u00e9e &#038; sortie d&#8217;air &#8211; Insert \u00e0 granul\u00e9s METTI 8\"}]},{\"@type\":\"WebSite\",\"@id\":\"https:\/\/dev.invicta.wp19.axome.cc\/fr\/#website\",\"url\":\"https:\/\/dev.invicta.wp19.axome.cc\/fr\/\",\"name\":\"Invicta\",\"description\":\"Fabricant fran\u00e7ais, sp\u00e9cialiste europ\u00e9en du chauffage au bois : po\u00eales \u00e0 bois et \u00e0 granul\u00e9s, chemin\u00e9es, foyers et inserts\",\"publisher\":{\"@id\":\"https:\/\/dev.invicta.wp19.axome.cc\/fr\/#organization\"},\"potentialAction\":[{\"@type\":\"SearchAction\",\"target\":{\"@type\":\"EntryPoint\",\"urlTemplate\":\"https:\/\/dev.invicta.wp19.axome.cc\/fr\/?s={search_term_string}\"},\"query-input\":{\"@type\":\"PropertyValueSpecification\",\"valueRequired\":true,\"valueName\":\"search_term_string\"}}],\"inLanguage\":\"fr-FR\"},{\"@type\":\"Organization\",\"@id\":\"https:\/\/dev.invicta.wp19.axome.cc\/fr\/#organization\",\"name\":\"Invicta\",\"url\":\"https:\/\/dev.invicta.wp19.axome.cc\/fr\/\",\"logo\":{\"@type\":\"ImageObject\",\"inLanguage\":\"fr-FR\",\"@id\":\"https:\/\/dev.invicta.wp19.axome.cc\/fr\/#\/schema\/logo\/image\/\",\"url\":\"https:\/\/www.invicta.fr\/wp-content\/uploads\/2019\/06\/INVICTALOGO_RVB.png\",\"contentUrl\":\"https:\/\/www.invicta.fr\/wp-content\/uploads\/2019\/06\/INVICTALOGO_RVB.png\",\"width\":1810,\"height\":1280,\"caption\":\"Invicta\"},\"image\":{\"@id\":\"https:\/\/dev.invicta.wp19.axome.cc\/fr\/#\/schema\/logo\/image\/\"}}]}<\/script>\n<!-- \/ Yoast SEO plugin. -->","yoast_head_json":{"title":"Kit a\u00e9ration - entr\u00e9e & sortie d'air - Insert \u00e0 granul\u00e9s METTI 8 - Invicta","description":"Sortie d'air sur le dessus de l'appareil : L 74 x P 16,5 x H 13 cm Entr\u00e9e d'air sur le dessous de l'appareil : L 74 x P 6,5 x H 13 cm","robots":{"index":"index","follow":"follow","max-snippet":"max-snippet:-1","max-image-preview":"max-image-preview:large","max-video-preview":"max-video-preview:-1"},"canonical":"https:\/\/dev.invicta.wp19.axome.cc\/fr\/produit\/kit-aeration-entree-sortie-dair-insert-a-granules-metti-8\/","og_locale":"fr_FR","og_type":"article","og_title":"Kit a\u00e9ration - entr\u00e9e & sortie d'air - Insert \u00e0 granul\u00e9s METTI 8 - Invicta","og_description":"Sortie d'air sur le dessus de l'appareil : L 74 x P 16,5 x H 13 cm Entr\u00e9e d'air sur le dessous de l'appareil : L 74 x P 6,5 x H 13 cm","og_url":"https:\/\/dev.invicta.wp19.axome.cc\/fr\/produit\/kit-aeration-entree-sortie-dair-insert-a-granules-metti-8\/","og_site_name":"Invicta","twitter_card":"summary_large_image","schema":{"@context":"https:\/\/schema.org","@graph":[{"@type":"WebPage","@id":"https:\/\/dev.invicta.wp19.axome.cc\/fr\/produit\/kit-aeration-entree-sortie-dair-insert-a-granules-metti-8\/","url":"https:\/\/dev.invicta.wp19.axome.cc\/fr\/produit\/kit-aeration-entree-sortie-dair-insert-a-granules-metti-8\/","name":"Kit a\u00e9ration - entr\u00e9e & sortie d'air - Insert \u00e0 granul\u00e9s METTI 8 - Invicta","isPartOf":{"@id":"https:\/\/dev.invicta.wp19.axome.cc\/fr\/#website"},"datePublished":"2025-06-16T15:52:54+00:00","description":"Sortie d'air sur le dessus de l'appareil : L 74 x P 16,5 x H 13 cm Entr\u00e9e d'air sur le dessous de l'appareil : L 74 x P 6,5 x H 13 cm","breadcrumb":{"@id":"https:\/\/dev.invicta.wp19.axome.cc\/fr\/produit\/kit-aeration-entree-sortie-dair-insert-a-granules-metti-8\/#breadcrumb"},"inLanguage":"fr-FR","potentialAction":[{"@type":"ReadAction","target":["https:\/\/dev.invicta.wp19.axome.cc\/fr\/produit\/kit-aeration-entree-sortie-dair-insert-a-granules-metti-8\/"]}]},{"@type":"BreadcrumbList","@id":"https:\/\/dev.invicta.wp19.axome.cc\/fr\/produit\/kit-aeration-entree-sortie-dair-insert-a-granules-metti-8\/#breadcrumb","itemListElement":[{"@type":"ListItem","position":1,"name":"Accueil","item":"https:\/\/dev.invicta.wp19.axome.cc\/fr\/"},{"@type":"ListItem","position":2,"name":"Produits","item":"https:\/\/dev.invicta.wp19.axome.cc\/fr\/shop\/"},{"@type":"ListItem","position":3,"name":"Po\u00eales \u00e0 Granul\u00e9s","item":"https:\/\/dev.invicta.wp19.axome.cc\/fr\/categorie-produit\/poeles-granules\/"},{"@type":"ListItem","position":4,"name":"Kit a\u00e9ration &#8211; entr\u00e9e &#038; sortie d&#8217;air &#8211; Insert \u00e0 granul\u00e9s METTI 8"}]},{"@type":"WebSite","@id":"https:\/\/dev.invicta.wp19.axome.cc\/fr\/#website","url":"https:\/\/dev.invicta.wp19.axome.cc\/fr\/","name":"Invicta","description":"Fabricant fran\u00e7ais, sp\u00e9cialiste europ\u00e9en du chauffage au bois : po\u00eales \u00e0 bois et \u00e0 granul\u00e9s, chemin\u00e9es, foyers et inserts","publisher":{"@id":"https:\/\/dev.invicta.wp19.axome.cc\/fr\/#organization"},"potentialAction":[{"@type":"SearchAction","target":{"@type":"EntryPoint","urlTemplate":"https:\/\/dev.invicta.wp19.axome.cc\/fr\/?s={search_term_string}"},"query-input":{"@type":"PropertyValueSpecification","valueRequired":true,"valueName":"search_term_string"}}],"inLanguage":"fr-FR"},{"@type":"Organization","@id":"https:\/\/dev.invicta.wp19.axome.cc\/fr\/#organization","name":"Invicta","url":"https:\/\/dev.invicta.wp19.axome.cc\/fr\/","logo":{"@type":"ImageObject","inLanguage":"fr-FR","@id":"https:\/\/dev.invicta.wp19.axome.cc\/fr\/#\/schema\/logo\/image\/","url":"https:\/\/www.invicta.fr\/wp-content\/uploads\/2019\/06\/INVICTALOGO_RVB.png","contentUrl":"https:\/\/www.invicta.fr\/wp-content\/uploads\/2019\/06\/INVICTALOGO_RVB.png","width":1810,"height":1280,"caption":"Invicta"},"image":{"@id":"https:\/\/dev.invicta.wp19.axome.cc\/fr\/#\/schema\/logo\/image\/"}}]}},"_links":{"self":[{"href":"https:\/\/dev.invicta.wp19.axome.cc\/fr\/wp-json\/wp\/v2\/product\/67587","targetHints":{"allow":["GET"]}}],"collection":[{"href":"https:\/\/dev.invicta.wp19.axome.cc\/fr\/wp-json\/wp\/v2\/product"}],"about":[{"href":"https:\/\/dev.invicta.wp19.axome.cc\/fr\/wp-json\/wp\/v2\/types\/product"}],"wp:attachment":[{"href":"https:\/\/dev.invicta.wp19.axome.cc\/fr\/wp-json\/wp\/v2\/media?parent=67587"}],"wp:term":[{"taxonomy":"product_brand","embeddable":true,"href":"https:\/\/dev.invicta.wp19.axome.cc\/fr\/wp-json\/wp\/v2\/product_brand?post=67587"},{"taxonomy":"product_cat","embeddable":true,"href":"https:\/\/dev.invicta.wp19.axome.cc\/fr\/wp-json\/wp\/v2\/product_cat?post=67587"},{"taxonomy":"product_tag","embeddable":true,"href":"https:\/\/dev.invicta.wp19.axome.cc\/fr\/wp-json\/wp\/v2\/product_tag?post=67587"},{"taxonomy":"plus_produit","embeddable":true,"href":"https:\/\/dev.invicta.wp19.axome.cc\/fr\/wp-json\/wp\/v2\/plus_produit?post=67587"}],"curies":[{"name":"wp","href":"https:\/\/api.w.org\/{rel}","templated":true}]}}