{"id":67601,"date":"2025-06-16T17:53:51","date_gmt":"2025-06-16T15:53:51","guid":{"rendered":"https:\/\/dev.invicta.wp19.axome.cc\/produit\/poele-a-bois-en-fonte-galilee\/"},"modified":"2025-06-16T17:53:51","modified_gmt":"2025-06-16T15:53:51","slug":"poele-a-bois-en-fonte-galilee","status":"publish","type":"product","link":"https:\/\/dev.invicta.wp19.axome.cc\/fr\/produit\/poele-a-bois-en-fonte-galilee\/","title":{"rendered":"Po\u00eale \u00e0 Bois en Fonte GALIL\u00c9E"},"content":{"rendered":"<p>Avec le po\u00eale \u00e0 bois en fonte Galil\u00e9e, tout tourne autour du spectacle des flammes : le format grande vision, le syst\u00e8me vitre propre, la technologie post-combustion\u2026 Sans compter sur son confort d\u2019utilisation et la douce chaleur qu\u2019il diffuse au centre de votre univers.<\/p>\n","protected":false},"excerpt":{"rendered":"<p>Avec le po\u00eale \u00e0 bois en fonte Galil\u00e9e, tout tourne autour du spectacle des flammes : le format grande vision, le syst\u00e8me vitre propre, la technologie post-combustion\u2026 Sans compter sur son confort d\u2019utilisation et la douce chaleur qu\u2019il diffuse au centre de votre univers.<\/p>\n","protected":false},"featured_media":67602,"template":"","meta":{"_acf_changed":false},"product_brand":[],"product_cat":[],"product_tag":[57,7095,58,7096,59,7107,7093,51,53,7094,6826],"plus_produit":[6930,612,131,6834,1919,129,130],"class_list":{"1":"product","4":"has-post-thumbnail","6":"product_tag-flamme-verte","7":"product_tag-1-flamme-verte-7","8":"product_tag-eco-design-2022","9":"product_tag-2-eco-design-2022","10":"product_tag-a-ecolabel","11":"product_tag-combustion-prolongee","12":"product_tag-flamme-verte-2","13":"product_tag-fonte-100","14":"product_tag-post-combustion","15":"product_tag-vitre-propre","16":"product_tag-garantie-extension-3-ans","17":"pa_combustible-recommande-50-2","18":"pa_depart-des-fumees-arriere","19":"pa_depart-des-fumees-dessus","20":"pa_diametre-de-buse-150-mm","21":"pa_indice-de-performance-102-00","22":"pa_surface-de-chauffe-65-00-145-00","23":"pa_taux-de-co-0-1000","24":"pa_volume-de-chauffe-min-160-00-max-360-00","25":"plus_produit-100-fonte","26":"plus_produit-air-secondaire-reglable","27":"plus_produit-combustion-prolongee-8-heures","28":"plus_produit-extension-de-garantie-3-ans","29":"plus_produit-origine-france-garantie","30":"plus_produit-systeme-de-post-combustion","31":"plus_produit-vitre-propre","33":"first","34":"instock","35":"purchasable","36":"product-type-simple"},"acf":[],"yoast_head":"<!-- This site is optimized with the Yoast SEO plugin v24.7 - https:\/\/yoast.com\/wordpress\/plugins\/seo\/ -->\n<title>Po\u00eale \u00e0 Bois en Fonte GALIL\u00c9E - Invicta<\/title>\n<meta name=\"description\" content=\"Avec le po\u00eale \u00e0 bois en fonte Galil\u00e9e, tout tourne autour du spectacle des flammes : le format grande vision, le syst\u00e8me vitre propre, la technologie\" \/>\n<meta name=\"robots\" content=\"index, follow, max-snippet:-1, max-image-preview:large, max-video-preview:-1\" \/>\n<link rel=\"canonical\" href=\"https:\/\/dev.invicta.wp19.axome.cc\/fr\/produit\/poele-a-bois-en-fonte-galilee\/\" \/>\n<meta property=\"og:locale\" content=\"fr_FR\" \/>\n<meta property=\"og:type\" content=\"article\" \/>\n<meta property=\"og:title\" content=\"Po\u00eale \u00e0 Bois en Fonte GALIL\u00c9E - Invicta\" \/>\n<meta property=\"og:description\" content=\"Avec le po\u00eale \u00e0 bois en fonte Galil\u00e9e, tout tourne autour du spectacle des flammes : le format grande vision, le syst\u00e8me vitre propre, la technologie\" \/>\n<meta property=\"og:url\" content=\"https:\/\/dev.invicta.wp19.axome.cc\/fr\/produit\/poele-a-bois-en-fonte-galilee\/\" \/>\n<meta property=\"og:site_name\" content=\"Invicta\" \/>\n<meta property=\"og:image\" content=\"https:\/\/dev.invicta.wp19.axome.cc\/wp-content\/uploads\/2025\/06\/GALILEE.jpg\" \/>\n\t<meta property=\"og:image:width\" content=\"977\" \/>\n\t<meta property=\"og:image:height\" content=\"1000\" \/>\n\t<meta property=\"og:image:type\" content=\"image\/jpeg\" \/>\n<meta name=\"twitter:card\" content=\"summary_large_image\" \/>\n<script type=\"application\/ld+json\" class=\"yoast-schema-graph\">{\"@context\":\"https:\/\/schema.org\",\"@graph\":[{\"@type\":\"WebPage\",\"@id\":\"https:\/\/dev.invicta.wp19.axome.cc\/fr\/produit\/poele-a-bois-en-fonte-galilee\/\",\"url\":\"https:\/\/dev.invicta.wp19.axome.cc\/fr\/produit\/poele-a-bois-en-fonte-galilee\/\",\"name\":\"Po\u00eale \u00e0 Bois en Fonte GALIL\u00c9E - Invicta\",\"isPartOf\":{\"@id\":\"https:\/\/dev.invicta.wp19.axome.cc\/fr\/#website\"},\"primaryImageOfPage\":{\"@id\":\"https:\/\/dev.invicta.wp19.axome.cc\/fr\/produit\/poele-a-bois-en-fonte-galilee\/#primaryimage\"},\"image\":{\"@id\":\"https:\/\/dev.invicta.wp19.axome.cc\/fr\/produit\/poele-a-bois-en-fonte-galilee\/#primaryimage\"},\"thumbnailUrl\":\"https:\/\/dev.invicta.wp19.axome.cc\/wp-content\/uploads\/2025\/06\/GALILEE.jpg\",\"datePublished\":\"2025-06-16T15:53:51+00:00\",\"description\":\"Avec le po\u00eale \u00e0 bois en fonte Galil\u00e9e, tout tourne autour du spectacle des flammes : le format grande vision, le syst\u00e8me vitre propre, la technologie\",\"breadcrumb\":{\"@id\":\"https:\/\/dev.invicta.wp19.axome.cc\/fr\/produit\/poele-a-bois-en-fonte-galilee\/#breadcrumb\"},\"inLanguage\":\"fr-FR\",\"potentialAction\":[{\"@type\":\"ReadAction\",\"target\":[\"https:\/\/dev.invicta.wp19.axome.cc\/fr\/produit\/poele-a-bois-en-fonte-galilee\/\"]}]},{\"@type\":\"ImageObject\",\"inLanguage\":\"fr-FR\",\"@id\":\"https:\/\/dev.invicta.wp19.axome.cc\/fr\/produit\/poele-a-bois-en-fonte-galilee\/#primaryimage\",\"url\":\"https:\/\/dev.invicta.wp19.axome.cc\/wp-content\/uploads\/2025\/06\/GALILEE.jpg\",\"contentUrl\":\"https:\/\/dev.invicta.wp19.axome.cc\/wp-content\/uploads\/2025\/06\/GALILEE.jpg\",\"width\":977,\"height\":1000,\"caption\":\"Po\u00eale \u00e0 Bois en Fonte GALIL\u00c9E\"},{\"@type\":\"BreadcrumbList\",\"@id\":\"https:\/\/dev.invicta.wp19.axome.cc\/fr\/produit\/poele-a-bois-en-fonte-galilee\/#breadcrumb\",\"itemListElement\":[{\"@type\":\"ListItem\",\"position\":1,\"name\":\"Accueil\",\"item\":\"https:\/\/dev.invicta.wp19.axome.cc\/fr\/\"},{\"@type\":\"ListItem\",\"position\":2,\"name\":\"Produits\",\"item\":\"https:\/\/dev.invicta.wp19.axome.cc\/fr\/shop\/\"},{\"@type\":\"ListItem\",\"position\":3,\"name\":\"Po\u00eale \u00e0 Bois en Fonte GALIL\u00c9E\"}]},{\"@type\":\"WebSite\",\"@id\":\"https:\/\/dev.invicta.wp19.axome.cc\/fr\/#website\",\"url\":\"https:\/\/dev.invicta.wp19.axome.cc\/fr\/\",\"name\":\"Invicta\",\"description\":\"Fabricant fran\u00e7ais, sp\u00e9cialiste europ\u00e9en du chauffage au bois : po\u00eales \u00e0 bois et \u00e0 granul\u00e9s, chemin\u00e9es, foyers et inserts\",\"publisher\":{\"@id\":\"https:\/\/dev.invicta.wp19.axome.cc\/fr\/#organization\"},\"potentialAction\":[{\"@type\":\"SearchAction\",\"target\":{\"@type\":\"EntryPoint\",\"urlTemplate\":\"https:\/\/dev.invicta.wp19.axome.cc\/fr\/?s={search_term_string}\"},\"query-input\":{\"@type\":\"PropertyValueSpecification\",\"valueRequired\":true,\"valueName\":\"search_term_string\"}}],\"inLanguage\":\"fr-FR\"},{\"@type\":\"Organization\",\"@id\":\"https:\/\/dev.invicta.wp19.axome.cc\/fr\/#organization\",\"name\":\"Invicta\",\"url\":\"https:\/\/dev.invicta.wp19.axome.cc\/fr\/\",\"logo\":{\"@type\":\"ImageObject\",\"inLanguage\":\"fr-FR\",\"@id\":\"https:\/\/dev.invicta.wp19.axome.cc\/fr\/#\/schema\/logo\/image\/\",\"url\":\"https:\/\/www.invicta.fr\/wp-content\/uploads\/2019\/06\/INVICTALOGO_RVB.png\",\"contentUrl\":\"https:\/\/www.invicta.fr\/wp-content\/uploads\/2019\/06\/INVICTALOGO_RVB.png\",\"width\":1810,\"height\":1280,\"caption\":\"Invicta\"},\"image\":{\"@id\":\"https:\/\/dev.invicta.wp19.axome.cc\/fr\/#\/schema\/logo\/image\/\"}}]}<\/script>\n<!-- \/ Yoast SEO plugin. -->","yoast_head_json":{"title":"Po\u00eale \u00e0 Bois en Fonte GALIL\u00c9E - Invicta","description":"Avec le po\u00eale \u00e0 bois en fonte Galil\u00e9e, tout tourne autour du spectacle des flammes : le format grande vision, le syst\u00e8me vitre propre, la technologie","robots":{"index":"index","follow":"follow","max-snippet":"max-snippet:-1","max-image-preview":"max-image-preview:large","max-video-preview":"max-video-preview:-1"},"canonical":"https:\/\/dev.invicta.wp19.axome.cc\/fr\/produit\/poele-a-bois-en-fonte-galilee\/","og_locale":"fr_FR","og_type":"article","og_title":"Po\u00eale \u00e0 Bois en Fonte GALIL\u00c9E - Invicta","og_description":"Avec le po\u00eale \u00e0 bois en fonte Galil\u00e9e, tout tourne autour du spectacle des flammes : le format grande vision, le syst\u00e8me vitre propre, la technologie","og_url":"https:\/\/dev.invicta.wp19.axome.cc\/fr\/produit\/poele-a-bois-en-fonte-galilee\/","og_site_name":"Invicta","og_image":[{"width":977,"height":1000,"url":"https:\/\/dev.invicta.wp19.axome.cc\/wp-content\/uploads\/2025\/06\/GALILEE.jpg","type":"image\/jpeg"}],"twitter_card":"summary_large_image","schema":{"@context":"https:\/\/schema.org","@graph":[{"@type":"WebPage","@id":"https:\/\/dev.invicta.wp19.axome.cc\/fr\/produit\/poele-a-bois-en-fonte-galilee\/","url":"https:\/\/dev.invicta.wp19.axome.cc\/fr\/produit\/poele-a-bois-en-fonte-galilee\/","name":"Po\u00eale \u00e0 Bois en Fonte GALIL\u00c9E - Invicta","isPartOf":{"@id":"https:\/\/dev.invicta.wp19.axome.cc\/fr\/#website"},"primaryImageOfPage":{"@id":"https:\/\/dev.invicta.wp19.axome.cc\/fr\/produit\/poele-a-bois-en-fonte-galilee\/#primaryimage"},"image":{"@id":"https:\/\/dev.invicta.wp19.axome.cc\/fr\/produit\/poele-a-bois-en-fonte-galilee\/#primaryimage"},"thumbnailUrl":"https:\/\/dev.invicta.wp19.axome.cc\/wp-content\/uploads\/2025\/06\/GALILEE.jpg","datePublished":"2025-06-16T15:53:51+00:00","description":"Avec le po\u00eale \u00e0 bois en fonte Galil\u00e9e, tout tourne autour du spectacle des flammes : le format grande vision, le syst\u00e8me vitre propre, la technologie","breadcrumb":{"@id":"https:\/\/dev.invicta.wp19.axome.cc\/fr\/produit\/poele-a-bois-en-fonte-galilee\/#breadcrumb"},"inLanguage":"fr-FR","potentialAction":[{"@type":"ReadAction","target":["https:\/\/dev.invicta.wp19.axome.cc\/fr\/produit\/poele-a-bois-en-fonte-galilee\/"]}]},{"@type":"ImageObject","inLanguage":"fr-FR","@id":"https:\/\/dev.invicta.wp19.axome.cc\/fr\/produit\/poele-a-bois-en-fonte-galilee\/#primaryimage","url":"https:\/\/dev.invicta.wp19.axome.cc\/wp-content\/uploads\/2025\/06\/GALILEE.jpg","contentUrl":"https:\/\/dev.invicta.wp19.axome.cc\/wp-content\/uploads\/2025\/06\/GALILEE.jpg","width":977,"height":1000,"caption":"Po\u00eale \u00e0 Bois en Fonte GALIL\u00c9E"},{"@type":"BreadcrumbList","@id":"https:\/\/dev.invicta.wp19.axome.cc\/fr\/produit\/poele-a-bois-en-fonte-galilee\/#breadcrumb","itemListElement":[{"@type":"ListItem","position":1,"name":"Accueil","item":"https:\/\/dev.invicta.wp19.axome.cc\/fr\/"},{"@type":"ListItem","position":2,"name":"Produits","item":"https:\/\/dev.invicta.wp19.axome.cc\/fr\/shop\/"},{"@type":"ListItem","position":3,"name":"Po\u00eale \u00e0 Bois en Fonte GALIL\u00c9E"}]},{"@type":"WebSite","@id":"https:\/\/dev.invicta.wp19.axome.cc\/fr\/#website","url":"https:\/\/dev.invicta.wp19.axome.cc\/fr\/","name":"Invicta","description":"Fabricant fran\u00e7ais, sp\u00e9cialiste europ\u00e9en du chauffage au bois : po\u00eales \u00e0 bois et \u00e0 granul\u00e9s, chemin\u00e9es, foyers et inserts","publisher":{"@id":"https:\/\/dev.invicta.wp19.axome.cc\/fr\/#organization"},"potentialAction":[{"@type":"SearchAction","target":{"@type":"EntryPoint","urlTemplate":"https:\/\/dev.invicta.wp19.axome.cc\/fr\/?s={search_term_string}"},"query-input":{"@type":"PropertyValueSpecification","valueRequired":true,"valueName":"search_term_string"}}],"inLanguage":"fr-FR"},{"@type":"Organization","@id":"https:\/\/dev.invicta.wp19.axome.cc\/fr\/#organization","name":"Invicta","url":"https:\/\/dev.invicta.wp19.axome.cc\/fr\/","logo":{"@type":"ImageObject","inLanguage":"fr-FR","@id":"https:\/\/dev.invicta.wp19.axome.cc\/fr\/#\/schema\/logo\/image\/","url":"https:\/\/www.invicta.fr\/wp-content\/uploads\/2019\/06\/INVICTALOGO_RVB.png","contentUrl":"https:\/\/www.invicta.fr\/wp-content\/uploads\/2019\/06\/INVICTALOGO_RVB.png","width":1810,"height":1280,"caption":"Invicta"},"image":{"@id":"https:\/\/dev.invicta.wp19.axome.cc\/fr\/#\/schema\/logo\/image\/"}}]}},"_links":{"self":[{"href":"https:\/\/dev.invicta.wp19.axome.cc\/fr\/wp-json\/wp\/v2\/product\/67601","targetHints":{"allow":["GET"]}}],"collection":[{"href":"https:\/\/dev.invicta.wp19.axome.cc\/fr\/wp-json\/wp\/v2\/product"}],"about":[{"href":"https:\/\/dev.invicta.wp19.axome.cc\/fr\/wp-json\/wp\/v2\/types\/product"}],"wp:featuredmedia":[{"embeddable":true,"href":"https:\/\/dev.invicta.wp19.axome.cc\/fr\/wp-json\/wp\/v2\/media\/67602"}],"wp:attachment":[{"href":"https:\/\/dev.invicta.wp19.axome.cc\/fr\/wp-json\/wp\/v2\/media?parent=67601"}],"wp:term":[{"taxonomy":"product_brand","embeddable":true,"href":"https:\/\/dev.invicta.wp19.axome.cc\/fr\/wp-json\/wp\/v2\/product_brand?post=67601"},{"taxonomy":"product_cat","embeddable":true,"href":"https:\/\/dev.invicta.wp19.axome.cc\/fr\/wp-json\/wp\/v2\/product_cat?post=67601"},{"taxonomy":"product_tag","embeddable":true,"href":"https:\/\/dev.invicta.wp19.axome.cc\/fr\/wp-json\/wp\/v2\/product_tag?post=67601"},{"taxonomy":"plus_produit","embeddable":true,"href":"https:\/\/dev.invicta.wp19.axome.cc\/fr\/wp-json\/wp\/v2\/plus_produit?post=67601"}],"curies":[{"name":"wp","href":"https:\/\/api.w.org\/{rel}","templated":true}]}}