{"id":67613,"date":"2025-06-16T17:54:00","date_gmt":"2025-06-16T15:54:00","guid":{"rendered":"https:\/\/dev.invicta.wp19.axome.cc\/produit\/poele-a-bois-etanche-en-acier-eguzki-accumulateur\/"},"modified":"2025-06-16T17:54:00","modified_gmt":"2025-06-16T15:54:00","slug":"poele-a-bois-etanche-en-acier-eguzki-accumulateur","status":"publish","type":"product","link":"https:\/\/dev.invicta.wp19.axome.cc\/fr\/produit\/poele-a-bois-etanche-en-acier-eguzki-accumulateur\/","title":{"rendered":"Po\u00eale \u00e0 Bois \u00c9tanche en Acier EGUZKI accumulateur"},"content":{"rendered":"<p>Vous ne resterez pas longtemps herm\u00e9tique au charme de ce po\u00eale \u00e0 bois \u00e9tanche. Derri\u00e8re sa silhouette fine, Eguzki dissimule \u00e0 son sommet un syst\u00e8me astucieux d\u2019accumulation de chaleur compos\u00e9 de briques r\u00e9fractaires.<\/p>\n","protected":false},"excerpt":{"rendered":"<p>Vous ne resterez pas longtemps herm\u00e9tique au charme de ce po\u00eale \u00e0 bois \u00e9tanche. Derri\u00e8re sa silhouette fine, Eguzki dissimule \u00e0 son sommet un syst\u00e8me astucieux d\u2019accumulation de chaleur compos\u00e9 de briques r\u00e9fractaires.<\/p>\n","protected":false},"featured_media":67614,"template":"","meta":{"_acf_changed":false},"product_brand":[],"product_cat":[],"product_tag":[58,7096,59,53,73,55,7094,6826],"plus_produit":[144,6834,2036,7131,1983,129,7137,141,130],"class_list":{"1":"product","4":"has-post-thumbnail","6":"product_tag-eco-design-2022","7":"product_tag-2-eco-design-2022","8":"product_tag-a-ecolabel","9":"product_tag-post-combustion","10":"product_tag-raccordable-2","11":"product_tag-raccordable","12":"product_tag-vitre-propre","13":"product_tag-garantie-extension-3-ans","14":"pa_combustible-recommande-7946","15":"pa_depart-des-fumees-dessus","16":"pa_diametre-de-buse-150-mm","17":"pa_indice-de-performance-99-00","18":"pa_surface-de-chauffe-30-00-70-00","19":"pa_taux-de-co-0-1200","20":"pa_volume-de-chauffe-min-80-00-max-180-00","21":"plus_produit-appareil-etanche-compatible-rt2012","22":"plus_produit-extension-de-garantie-3-ans","23":"plus_produit-intermittent","24":"plus_produit-porte-et-habillage-du-foyer-en-fonte","25":"plus_produit-raccordable","26":"plus_produit-systeme-de-post-combustion","27":"plus_produit-systeme-daccumulation-de-chaleur","28":"plus_produit-vitre-exterieure-grand-angle","29":"plus_produit-vitre-propre","31":"first","32":"instock","33":"purchasable","34":"product-type-simple"},"acf":[],"yoast_head":"<!-- This site is optimized with the Yoast SEO plugin v24.7 - https:\/\/yoast.com\/wordpress\/plugins\/seo\/ -->\n<title>Po\u00eale \u00e0 Bois \u00c9tanche en Acier EGUZKI accumulateur - Invicta<\/title>\n<meta name=\"description\" content=\"Vous ne resterez pas longtemps herm\u00e9tique au charme de ce po\u00eale \u00e0 bois \u00e9tanche. Derri\u00e8re sa silhouette fine, Eguzki dissimule \u00e0 son sommet un syst\u00e8me\" \/>\n<meta name=\"robots\" content=\"index, follow, max-snippet:-1, max-image-preview:large, max-video-preview:-1\" \/>\n<link rel=\"canonical\" href=\"https:\/\/dev.invicta.wp19.axome.cc\/fr\/produit\/poele-a-bois-etanche-en-acier-eguzki-accumulateur\/\" \/>\n<meta property=\"og:locale\" content=\"fr_FR\" \/>\n<meta property=\"og:type\" content=\"article\" \/>\n<meta property=\"og:title\" content=\"Po\u00eale \u00e0 Bois \u00c9tanche en Acier EGUZKI accumulateur - Invicta\" \/>\n<meta property=\"og:description\" content=\"Vous ne resterez pas longtemps herm\u00e9tique au charme de ce po\u00eale \u00e0 bois \u00e9tanche. Derri\u00e8re sa silhouette fine, Eguzki dissimule \u00e0 son sommet un syst\u00e8me\" \/>\n<meta property=\"og:url\" content=\"https:\/\/dev.invicta.wp19.axome.cc\/fr\/produit\/poele-a-bois-etanche-en-acier-eguzki-accumulateur\/\" \/>\n<meta property=\"og:site_name\" content=\"Invicta\" \/>\n<meta property=\"og:image\" content=\"https:\/\/dev.invicta.wp19.axome.cc\/wp-content\/uploads\/2025\/06\/C-EGUZKI-ACUMULATEUR-web.jpg\" \/>\n\t<meta property=\"og:image:width\" content=\"672\" \/>\n\t<meta property=\"og:image:height\" content=\"1008\" \/>\n\t<meta property=\"og:image:type\" content=\"image\/jpeg\" \/>\n<meta name=\"twitter:card\" content=\"summary_large_image\" \/>\n<script type=\"application\/ld+json\" class=\"yoast-schema-graph\">{\"@context\":\"https:\/\/schema.org\",\"@graph\":[{\"@type\":\"WebPage\",\"@id\":\"https:\/\/dev.invicta.wp19.axome.cc\/fr\/produit\/poele-a-bois-etanche-en-acier-eguzki-accumulateur\/\",\"url\":\"https:\/\/dev.invicta.wp19.axome.cc\/fr\/produit\/poele-a-bois-etanche-en-acier-eguzki-accumulateur\/\",\"name\":\"Po\u00eale \u00e0 Bois \u00c9tanche en Acier EGUZKI accumulateur - Invicta\",\"isPartOf\":{\"@id\":\"https:\/\/dev.invicta.wp19.axome.cc\/fr\/#website\"},\"primaryImageOfPage\":{\"@id\":\"https:\/\/dev.invicta.wp19.axome.cc\/fr\/produit\/poele-a-bois-etanche-en-acier-eguzki-accumulateur\/#primaryimage\"},\"image\":{\"@id\":\"https:\/\/dev.invicta.wp19.axome.cc\/fr\/produit\/poele-a-bois-etanche-en-acier-eguzki-accumulateur\/#primaryimage\"},\"thumbnailUrl\":\"https:\/\/dev.invicta.wp19.axome.cc\/wp-content\/uploads\/2025\/06\/C-EGUZKI-ACUMULATEUR-web.jpg\",\"datePublished\":\"2025-06-16T15:54:00+00:00\",\"description\":\"Vous ne resterez pas longtemps herm\u00e9tique au charme de ce po\u00eale \u00e0 bois \u00e9tanche. Derri\u00e8re sa silhouette fine, Eguzki dissimule \u00e0 son sommet un syst\u00e8me\",\"breadcrumb\":{\"@id\":\"https:\/\/dev.invicta.wp19.axome.cc\/fr\/produit\/poele-a-bois-etanche-en-acier-eguzki-accumulateur\/#breadcrumb\"},\"inLanguage\":\"fr-FR\",\"potentialAction\":[{\"@type\":\"ReadAction\",\"target\":[\"https:\/\/dev.invicta.wp19.axome.cc\/fr\/produit\/poele-a-bois-etanche-en-acier-eguzki-accumulateur\/\"]}]},{\"@type\":\"ImageObject\",\"inLanguage\":\"fr-FR\",\"@id\":\"https:\/\/dev.invicta.wp19.axome.cc\/fr\/produit\/poele-a-bois-etanche-en-acier-eguzki-accumulateur\/#primaryimage\",\"url\":\"https:\/\/dev.invicta.wp19.axome.cc\/wp-content\/uploads\/2025\/06\/C-EGUZKI-ACUMULATEUR-web.jpg\",\"contentUrl\":\"https:\/\/dev.invicta.wp19.axome.cc\/wp-content\/uploads\/2025\/06\/C-EGUZKI-ACUMULATEUR-web.jpg\",\"width\":672,\"height\":1008,\"caption\":\"Po\u00eale \u00e0 Bois \u00c9tanche en Acier EGUZKI accumulateur\"},{\"@type\":\"BreadcrumbList\",\"@id\":\"https:\/\/dev.invicta.wp19.axome.cc\/fr\/produit\/poele-a-bois-etanche-en-acier-eguzki-accumulateur\/#breadcrumb\",\"itemListElement\":[{\"@type\":\"ListItem\",\"position\":1,\"name\":\"Accueil\",\"item\":\"https:\/\/dev.invicta.wp19.axome.cc\/fr\/\"},{\"@type\":\"ListItem\",\"position\":2,\"name\":\"Produits\",\"item\":\"https:\/\/dev.invicta.wp19.axome.cc\/fr\/shop\/\"},{\"@type\":\"ListItem\",\"position\":3,\"name\":\"Po\u00eale \u00e0 Bois \u00c9tanche en Acier EGUZKI accumulateur\"}]},{\"@type\":\"WebSite\",\"@id\":\"https:\/\/dev.invicta.wp19.axome.cc\/fr\/#website\",\"url\":\"https:\/\/dev.invicta.wp19.axome.cc\/fr\/\",\"name\":\"Invicta\",\"description\":\"Fabricant fran\u00e7ais, sp\u00e9cialiste europ\u00e9en du chauffage au bois : po\u00eales \u00e0 bois et \u00e0 granul\u00e9s, chemin\u00e9es, foyers et inserts\",\"publisher\":{\"@id\":\"https:\/\/dev.invicta.wp19.axome.cc\/fr\/#organization\"},\"potentialAction\":[{\"@type\":\"SearchAction\",\"target\":{\"@type\":\"EntryPoint\",\"urlTemplate\":\"https:\/\/dev.invicta.wp19.axome.cc\/fr\/?s={search_term_string}\"},\"query-input\":{\"@type\":\"PropertyValueSpecification\",\"valueRequired\":true,\"valueName\":\"search_term_string\"}}],\"inLanguage\":\"fr-FR\"},{\"@type\":\"Organization\",\"@id\":\"https:\/\/dev.invicta.wp19.axome.cc\/fr\/#organization\",\"name\":\"Invicta\",\"url\":\"https:\/\/dev.invicta.wp19.axome.cc\/fr\/\",\"logo\":{\"@type\":\"ImageObject\",\"inLanguage\":\"fr-FR\",\"@id\":\"https:\/\/dev.invicta.wp19.axome.cc\/fr\/#\/schema\/logo\/image\/\",\"url\":\"https:\/\/www.invicta.fr\/wp-content\/uploads\/2019\/06\/INVICTALOGO_RVB.png\",\"contentUrl\":\"https:\/\/www.invicta.fr\/wp-content\/uploads\/2019\/06\/INVICTALOGO_RVB.png\",\"width\":1810,\"height\":1280,\"caption\":\"Invicta\"},\"image\":{\"@id\":\"https:\/\/dev.invicta.wp19.axome.cc\/fr\/#\/schema\/logo\/image\/\"}}]}<\/script>\n<!-- \/ Yoast SEO plugin. -->","yoast_head_json":{"title":"Po\u00eale \u00e0 Bois \u00c9tanche en Acier EGUZKI accumulateur - Invicta","description":"Vous ne resterez pas longtemps herm\u00e9tique au charme de ce po\u00eale \u00e0 bois \u00e9tanche. Derri\u00e8re sa silhouette fine, Eguzki dissimule \u00e0 son sommet un syst\u00e8me","robots":{"index":"index","follow":"follow","max-snippet":"max-snippet:-1","max-image-preview":"max-image-preview:large","max-video-preview":"max-video-preview:-1"},"canonical":"https:\/\/dev.invicta.wp19.axome.cc\/fr\/produit\/poele-a-bois-etanche-en-acier-eguzki-accumulateur\/","og_locale":"fr_FR","og_type":"article","og_title":"Po\u00eale \u00e0 Bois \u00c9tanche en Acier EGUZKI accumulateur - Invicta","og_description":"Vous ne resterez pas longtemps herm\u00e9tique au charme de ce po\u00eale \u00e0 bois \u00e9tanche. Derri\u00e8re sa silhouette fine, Eguzki dissimule \u00e0 son sommet un syst\u00e8me","og_url":"https:\/\/dev.invicta.wp19.axome.cc\/fr\/produit\/poele-a-bois-etanche-en-acier-eguzki-accumulateur\/","og_site_name":"Invicta","og_image":[{"width":672,"height":1008,"url":"https:\/\/dev.invicta.wp19.axome.cc\/wp-content\/uploads\/2025\/06\/C-EGUZKI-ACUMULATEUR-web.jpg","type":"image\/jpeg"}],"twitter_card":"summary_large_image","schema":{"@context":"https:\/\/schema.org","@graph":[{"@type":"WebPage","@id":"https:\/\/dev.invicta.wp19.axome.cc\/fr\/produit\/poele-a-bois-etanche-en-acier-eguzki-accumulateur\/","url":"https:\/\/dev.invicta.wp19.axome.cc\/fr\/produit\/poele-a-bois-etanche-en-acier-eguzki-accumulateur\/","name":"Po\u00eale \u00e0 Bois \u00c9tanche en Acier EGUZKI accumulateur - Invicta","isPartOf":{"@id":"https:\/\/dev.invicta.wp19.axome.cc\/fr\/#website"},"primaryImageOfPage":{"@id":"https:\/\/dev.invicta.wp19.axome.cc\/fr\/produit\/poele-a-bois-etanche-en-acier-eguzki-accumulateur\/#primaryimage"},"image":{"@id":"https:\/\/dev.invicta.wp19.axome.cc\/fr\/produit\/poele-a-bois-etanche-en-acier-eguzki-accumulateur\/#primaryimage"},"thumbnailUrl":"https:\/\/dev.invicta.wp19.axome.cc\/wp-content\/uploads\/2025\/06\/C-EGUZKI-ACUMULATEUR-web.jpg","datePublished":"2025-06-16T15:54:00+00:00","description":"Vous ne resterez pas longtemps herm\u00e9tique au charme de ce po\u00eale \u00e0 bois \u00e9tanche. Derri\u00e8re sa silhouette fine, Eguzki dissimule \u00e0 son sommet un syst\u00e8me","breadcrumb":{"@id":"https:\/\/dev.invicta.wp19.axome.cc\/fr\/produit\/poele-a-bois-etanche-en-acier-eguzki-accumulateur\/#breadcrumb"},"inLanguage":"fr-FR","potentialAction":[{"@type":"ReadAction","target":["https:\/\/dev.invicta.wp19.axome.cc\/fr\/produit\/poele-a-bois-etanche-en-acier-eguzki-accumulateur\/"]}]},{"@type":"ImageObject","inLanguage":"fr-FR","@id":"https:\/\/dev.invicta.wp19.axome.cc\/fr\/produit\/poele-a-bois-etanche-en-acier-eguzki-accumulateur\/#primaryimage","url":"https:\/\/dev.invicta.wp19.axome.cc\/wp-content\/uploads\/2025\/06\/C-EGUZKI-ACUMULATEUR-web.jpg","contentUrl":"https:\/\/dev.invicta.wp19.axome.cc\/wp-content\/uploads\/2025\/06\/C-EGUZKI-ACUMULATEUR-web.jpg","width":672,"height":1008,"caption":"Po\u00eale \u00e0 Bois \u00c9tanche en Acier EGUZKI accumulateur"},{"@type":"BreadcrumbList","@id":"https:\/\/dev.invicta.wp19.axome.cc\/fr\/produit\/poele-a-bois-etanche-en-acier-eguzki-accumulateur\/#breadcrumb","itemListElement":[{"@type":"ListItem","position":1,"name":"Accueil","item":"https:\/\/dev.invicta.wp19.axome.cc\/fr\/"},{"@type":"ListItem","position":2,"name":"Produits","item":"https:\/\/dev.invicta.wp19.axome.cc\/fr\/shop\/"},{"@type":"ListItem","position":3,"name":"Po\u00eale \u00e0 Bois \u00c9tanche en Acier EGUZKI accumulateur"}]},{"@type":"WebSite","@id":"https:\/\/dev.invicta.wp19.axome.cc\/fr\/#website","url":"https:\/\/dev.invicta.wp19.axome.cc\/fr\/","name":"Invicta","description":"Fabricant fran\u00e7ais, sp\u00e9cialiste europ\u00e9en du chauffage au bois : po\u00eales \u00e0 bois et \u00e0 granul\u00e9s, chemin\u00e9es, foyers et inserts","publisher":{"@id":"https:\/\/dev.invicta.wp19.axome.cc\/fr\/#organization"},"potentialAction":[{"@type":"SearchAction","target":{"@type":"EntryPoint","urlTemplate":"https:\/\/dev.invicta.wp19.axome.cc\/fr\/?s={search_term_string}"},"query-input":{"@type":"PropertyValueSpecification","valueRequired":true,"valueName":"search_term_string"}}],"inLanguage":"fr-FR"},{"@type":"Organization","@id":"https:\/\/dev.invicta.wp19.axome.cc\/fr\/#organization","name":"Invicta","url":"https:\/\/dev.invicta.wp19.axome.cc\/fr\/","logo":{"@type":"ImageObject","inLanguage":"fr-FR","@id":"https:\/\/dev.invicta.wp19.axome.cc\/fr\/#\/schema\/logo\/image\/","url":"https:\/\/www.invicta.fr\/wp-content\/uploads\/2019\/06\/INVICTALOGO_RVB.png","contentUrl":"https:\/\/www.invicta.fr\/wp-content\/uploads\/2019\/06\/INVICTALOGO_RVB.png","width":1810,"height":1280,"caption":"Invicta"},"image":{"@id":"https:\/\/dev.invicta.wp19.axome.cc\/fr\/#\/schema\/logo\/image\/"}}]}},"_links":{"self":[{"href":"https:\/\/dev.invicta.wp19.axome.cc\/fr\/wp-json\/wp\/v2\/product\/67613","targetHints":{"allow":["GET"]}}],"collection":[{"href":"https:\/\/dev.invicta.wp19.axome.cc\/fr\/wp-json\/wp\/v2\/product"}],"about":[{"href":"https:\/\/dev.invicta.wp19.axome.cc\/fr\/wp-json\/wp\/v2\/types\/product"}],"wp:featuredmedia":[{"embeddable":true,"href":"https:\/\/dev.invicta.wp19.axome.cc\/fr\/wp-json\/wp\/v2\/media\/67614"}],"wp:attachment":[{"href":"https:\/\/dev.invicta.wp19.axome.cc\/fr\/wp-json\/wp\/v2\/media?parent=67613"}],"wp:term":[{"taxonomy":"product_brand","embeddable":true,"href":"https:\/\/dev.invicta.wp19.axome.cc\/fr\/wp-json\/wp\/v2\/product_brand?post=67613"},{"taxonomy":"product_cat","embeddable":true,"href":"https:\/\/dev.invicta.wp19.axome.cc\/fr\/wp-json\/wp\/v2\/product_cat?post=67613"},{"taxonomy":"product_tag","embeddable":true,"href":"https:\/\/dev.invicta.wp19.axome.cc\/fr\/wp-json\/wp\/v2\/product_tag?post=67613"},{"taxonomy":"plus_produit","embeddable":true,"href":"https:\/\/dev.invicta.wp19.axome.cc\/fr\/wp-json\/wp\/v2\/plus_produit?post=67613"}],"curies":[{"name":"wp","href":"https:\/\/api.w.org\/{rel}","templated":true}]}}