{"id":67616,"date":"2025-06-16T17:54:02","date_gmt":"2025-06-16T15:54:02","guid":{"rendered":"https:\/\/dev.invicta.wp19.axome.cc\/produit\/poele-a-bois-etanche-en-acier-eguzki-serpentine\/"},"modified":"2025-06-16T17:54:03","modified_gmt":"2025-06-16T15:54:03","slug":"poele-a-bois-etanche-en-acier-eguzki-serpentine","status":"publish","type":"product","link":"https:\/\/dev.invicta.wp19.axome.cc\/fr\/produit\/poele-a-bois-etanche-en-acier-eguzki-serpentine\/","title":{"rendered":"Po\u00eale \u00e0 Bois \u00c9tanche en Acier EGUZKI serpentine"},"content":{"rendered":"<p>La journ\u00e9e se termine. La douceur du cr\u00e9puscule laisse place \u00e0 une nuit d\u2019hiver profonde et sans lune o\u00f9 seule la lueur du feu se refl\u00e8te sur la pierre serpentine \u00e0 travers la grande fa\u00e7ade vitr\u00e9e du po\u00eale \u00e0 bois Eguzki serpentine. Il fait chaud. Vous \u00eates bien.<\/p>\n","protected":false},"excerpt":{"rendered":"<p>La journ\u00e9e se termine. La douceur du cr\u00e9puscule laisse place \u00e0 une nuit d\u2019hiver profonde et sans lune o\u00f9 seule la lueur du feu se refl\u00e8te sur la pierre serpentine \u00e0 travers la grande fa\u00e7ade vitr\u00e9e du po\u00eale \u00e0 bois Eguzki serpentine. Il fait chaud. Vous \u00eates bien.<\/p>\n","protected":false},"featured_media":67617,"template":"","meta":{"_acf_changed":false},"product_brand":[],"product_cat":[],"product_tag":[58,7096,59,53,73,55,7094,6826],"plus_produit":[144,6834,7139,2036,7131,1983,129,141,130],"class_list":{"1":"product","4":"has-post-thumbnail","6":"product_tag-eco-design-2022","7":"product_tag-2-eco-design-2022","8":"product_tag-a-ecolabel","9":"product_tag-post-combustion","10":"product_tag-raccordable-2","11":"product_tag-raccordable","12":"product_tag-vitre-propre","13":"product_tag-garantie-extension-3-ans","14":"pa_combustible-recommande-7946","15":"pa_depart-des-fumees-dessus","16":"pa_diametre-de-buse-150-mm","17":"pa_indice-de-performance-99-00","18":"pa_surface-de-chauffe-30-00-70-00","19":"pa_taux-de-co-0-1200","20":"pa_volume-de-chauffe-min-80-00-max-180-00","21":"plus_produit-appareil-etanche-compatible-rt2012","22":"plus_produit-extension-de-garantie-3-ans","23":"plus_produit-finition-pierre-serpentine","24":"plus_produit-intermittent","25":"plus_produit-porte-et-habillage-du-foyer-en-fonte","26":"plus_produit-raccordable","27":"plus_produit-systeme-de-post-combustion","28":"plus_produit-vitre-exterieure-grand-angle","29":"plus_produit-vitre-propre","31":"first","32":"instock","33":"purchasable","34":"product-type-simple"},"acf":[],"yoast_head":"<!-- This site is optimized with the Yoast SEO plugin v24.7 - https:\/\/yoast.com\/wordpress\/plugins\/seo\/ -->\n<title>Po\u00eale \u00e0 Bois \u00c9tanche en Acier EGUZKI serpentine - Invicta<\/title>\n<meta name=\"description\" content=\"La journ\u00e9e se termine. La douceur du cr\u00e9puscule laisse place \u00e0 une nuit d\u2019hiver profonde et sans lune o\u00f9 seule la lueur du feu se refl\u00e8te sur la pierre\" \/>\n<meta name=\"robots\" content=\"index, follow, max-snippet:-1, max-image-preview:large, max-video-preview:-1\" \/>\n<link rel=\"canonical\" href=\"https:\/\/dev.invicta.wp19.axome.cc\/fr\/produit\/poele-a-bois-etanche-en-acier-eguzki-serpentine\/\" \/>\n<meta property=\"og:locale\" content=\"fr_FR\" \/>\n<meta property=\"og:type\" content=\"article\" \/>\n<meta property=\"og:title\" content=\"Po\u00eale \u00e0 Bois \u00c9tanche en Acier EGUZKI serpentine - Invicta\" \/>\n<meta property=\"og:description\" content=\"La journ\u00e9e se termine. La douceur du cr\u00e9puscule laisse place \u00e0 une nuit d\u2019hiver profonde et sans lune o\u00f9 seule la lueur du feu se refl\u00e8te sur la pierre\" \/>\n<meta property=\"og:url\" content=\"https:\/\/dev.invicta.wp19.axome.cc\/fr\/produit\/poele-a-bois-etanche-en-acier-eguzki-serpentine\/\" \/>\n<meta property=\"og:site_name\" content=\"Invicta\" \/>\n<meta property=\"article:modified_time\" content=\"2025-06-16T15:54:03+00:00\" \/>\n<meta property=\"og:image\" content=\"https:\/\/dev.invicta.wp19.axome.cc\/wp-content\/uploads\/2025\/06\/C-EGUZKI-SERPENTINE-web.jpg\" \/>\n\t<meta property=\"og:image:width\" content=\"672\" \/>\n\t<meta property=\"og:image:height\" content=\"1008\" \/>\n\t<meta property=\"og:image:type\" content=\"image\/jpeg\" \/>\n<meta name=\"twitter:card\" content=\"summary_large_image\" \/>\n<script type=\"application\/ld+json\" class=\"yoast-schema-graph\">{\"@context\":\"https:\/\/schema.org\",\"@graph\":[{\"@type\":\"WebPage\",\"@id\":\"https:\/\/dev.invicta.wp19.axome.cc\/fr\/produit\/poele-a-bois-etanche-en-acier-eguzki-serpentine\/\",\"url\":\"https:\/\/dev.invicta.wp19.axome.cc\/fr\/produit\/poele-a-bois-etanche-en-acier-eguzki-serpentine\/\",\"name\":\"Po\u00eale \u00e0 Bois \u00c9tanche en Acier EGUZKI serpentine - Invicta\",\"isPartOf\":{\"@id\":\"https:\/\/dev.invicta.wp19.axome.cc\/fr\/#website\"},\"primaryImageOfPage\":{\"@id\":\"https:\/\/dev.invicta.wp19.axome.cc\/fr\/produit\/poele-a-bois-etanche-en-acier-eguzki-serpentine\/#primaryimage\"},\"image\":{\"@id\":\"https:\/\/dev.invicta.wp19.axome.cc\/fr\/produit\/poele-a-bois-etanche-en-acier-eguzki-serpentine\/#primaryimage\"},\"thumbnailUrl\":\"https:\/\/dev.invicta.wp19.axome.cc\/wp-content\/uploads\/2025\/06\/C-EGUZKI-SERPENTINE-web.jpg\",\"datePublished\":\"2025-06-16T15:54:02+00:00\",\"dateModified\":\"2025-06-16T15:54:03+00:00\",\"description\":\"La journ\u00e9e se termine. La douceur du cr\u00e9puscule laisse place \u00e0 une nuit d\u2019hiver profonde et sans lune o\u00f9 seule la lueur du feu se refl\u00e8te sur la pierre\",\"breadcrumb\":{\"@id\":\"https:\/\/dev.invicta.wp19.axome.cc\/fr\/produit\/poele-a-bois-etanche-en-acier-eguzki-serpentine\/#breadcrumb\"},\"inLanguage\":\"fr-FR\",\"potentialAction\":[{\"@type\":\"ReadAction\",\"target\":[\"https:\/\/dev.invicta.wp19.axome.cc\/fr\/produit\/poele-a-bois-etanche-en-acier-eguzki-serpentine\/\"]}]},{\"@type\":\"ImageObject\",\"inLanguage\":\"fr-FR\",\"@id\":\"https:\/\/dev.invicta.wp19.axome.cc\/fr\/produit\/poele-a-bois-etanche-en-acier-eguzki-serpentine\/#primaryimage\",\"url\":\"https:\/\/dev.invicta.wp19.axome.cc\/wp-content\/uploads\/2025\/06\/C-EGUZKI-SERPENTINE-web.jpg\",\"contentUrl\":\"https:\/\/dev.invicta.wp19.axome.cc\/wp-content\/uploads\/2025\/06\/C-EGUZKI-SERPENTINE-web.jpg\",\"width\":672,\"height\":1008,\"caption\":\"Po\u00eale \u00e0 Bois \u00c9tanche en Acier EGUZKI serpentine\"},{\"@type\":\"BreadcrumbList\",\"@id\":\"https:\/\/dev.invicta.wp19.axome.cc\/fr\/produit\/poele-a-bois-etanche-en-acier-eguzki-serpentine\/#breadcrumb\",\"itemListElement\":[{\"@type\":\"ListItem\",\"position\":1,\"name\":\"Accueil\",\"item\":\"https:\/\/dev.invicta.wp19.axome.cc\/fr\/\"},{\"@type\":\"ListItem\",\"position\":2,\"name\":\"Produits\",\"item\":\"https:\/\/dev.invicta.wp19.axome.cc\/fr\/shop\/\"},{\"@type\":\"ListItem\",\"position\":3,\"name\":\"Po\u00eale \u00e0 Bois \u00c9tanche en Acier EGUZKI serpentine\"}]},{\"@type\":\"WebSite\",\"@id\":\"https:\/\/dev.invicta.wp19.axome.cc\/fr\/#website\",\"url\":\"https:\/\/dev.invicta.wp19.axome.cc\/fr\/\",\"name\":\"Invicta\",\"description\":\"Fabricant fran\u00e7ais, sp\u00e9cialiste europ\u00e9en du chauffage au bois : po\u00eales \u00e0 bois et \u00e0 granul\u00e9s, chemin\u00e9es, foyers et inserts\",\"publisher\":{\"@id\":\"https:\/\/dev.invicta.wp19.axome.cc\/fr\/#organization\"},\"potentialAction\":[{\"@type\":\"SearchAction\",\"target\":{\"@type\":\"EntryPoint\",\"urlTemplate\":\"https:\/\/dev.invicta.wp19.axome.cc\/fr\/?s={search_term_string}\"},\"query-input\":{\"@type\":\"PropertyValueSpecification\",\"valueRequired\":true,\"valueName\":\"search_term_string\"}}],\"inLanguage\":\"fr-FR\"},{\"@type\":\"Organization\",\"@id\":\"https:\/\/dev.invicta.wp19.axome.cc\/fr\/#organization\",\"name\":\"Invicta\",\"url\":\"https:\/\/dev.invicta.wp19.axome.cc\/fr\/\",\"logo\":{\"@type\":\"ImageObject\",\"inLanguage\":\"fr-FR\",\"@id\":\"https:\/\/dev.invicta.wp19.axome.cc\/fr\/#\/schema\/logo\/image\/\",\"url\":\"https:\/\/www.invicta.fr\/wp-content\/uploads\/2019\/06\/INVICTALOGO_RVB.png\",\"contentUrl\":\"https:\/\/www.invicta.fr\/wp-content\/uploads\/2019\/06\/INVICTALOGO_RVB.png\",\"width\":1810,\"height\":1280,\"caption\":\"Invicta\"},\"image\":{\"@id\":\"https:\/\/dev.invicta.wp19.axome.cc\/fr\/#\/schema\/logo\/image\/\"}}]}<\/script>\n<!-- \/ Yoast SEO plugin. -->","yoast_head_json":{"title":"Po\u00eale \u00e0 Bois \u00c9tanche en Acier EGUZKI serpentine - Invicta","description":"La journ\u00e9e se termine. La douceur du cr\u00e9puscule laisse place \u00e0 une nuit d\u2019hiver profonde et sans lune o\u00f9 seule la lueur du feu se refl\u00e8te sur la pierre","robots":{"index":"index","follow":"follow","max-snippet":"max-snippet:-1","max-image-preview":"max-image-preview:large","max-video-preview":"max-video-preview:-1"},"canonical":"https:\/\/dev.invicta.wp19.axome.cc\/fr\/produit\/poele-a-bois-etanche-en-acier-eguzki-serpentine\/","og_locale":"fr_FR","og_type":"article","og_title":"Po\u00eale \u00e0 Bois \u00c9tanche en Acier EGUZKI serpentine - Invicta","og_description":"La journ\u00e9e se termine. La douceur du cr\u00e9puscule laisse place \u00e0 une nuit d\u2019hiver profonde et sans lune o\u00f9 seule la lueur du feu se refl\u00e8te sur la pierre","og_url":"https:\/\/dev.invicta.wp19.axome.cc\/fr\/produit\/poele-a-bois-etanche-en-acier-eguzki-serpentine\/","og_site_name":"Invicta","article_modified_time":"2025-06-16T15:54:03+00:00","og_image":[{"width":672,"height":1008,"url":"https:\/\/dev.invicta.wp19.axome.cc\/wp-content\/uploads\/2025\/06\/C-EGUZKI-SERPENTINE-web.jpg","type":"image\/jpeg"}],"twitter_card":"summary_large_image","schema":{"@context":"https:\/\/schema.org","@graph":[{"@type":"WebPage","@id":"https:\/\/dev.invicta.wp19.axome.cc\/fr\/produit\/poele-a-bois-etanche-en-acier-eguzki-serpentine\/","url":"https:\/\/dev.invicta.wp19.axome.cc\/fr\/produit\/poele-a-bois-etanche-en-acier-eguzki-serpentine\/","name":"Po\u00eale \u00e0 Bois \u00c9tanche en Acier EGUZKI serpentine - Invicta","isPartOf":{"@id":"https:\/\/dev.invicta.wp19.axome.cc\/fr\/#website"},"primaryImageOfPage":{"@id":"https:\/\/dev.invicta.wp19.axome.cc\/fr\/produit\/poele-a-bois-etanche-en-acier-eguzki-serpentine\/#primaryimage"},"image":{"@id":"https:\/\/dev.invicta.wp19.axome.cc\/fr\/produit\/poele-a-bois-etanche-en-acier-eguzki-serpentine\/#primaryimage"},"thumbnailUrl":"https:\/\/dev.invicta.wp19.axome.cc\/wp-content\/uploads\/2025\/06\/C-EGUZKI-SERPENTINE-web.jpg","datePublished":"2025-06-16T15:54:02+00:00","dateModified":"2025-06-16T15:54:03+00:00","description":"La journ\u00e9e se termine. La douceur du cr\u00e9puscule laisse place \u00e0 une nuit d\u2019hiver profonde et sans lune o\u00f9 seule la lueur du feu se refl\u00e8te sur la pierre","breadcrumb":{"@id":"https:\/\/dev.invicta.wp19.axome.cc\/fr\/produit\/poele-a-bois-etanche-en-acier-eguzki-serpentine\/#breadcrumb"},"inLanguage":"fr-FR","potentialAction":[{"@type":"ReadAction","target":["https:\/\/dev.invicta.wp19.axome.cc\/fr\/produit\/poele-a-bois-etanche-en-acier-eguzki-serpentine\/"]}]},{"@type":"ImageObject","inLanguage":"fr-FR","@id":"https:\/\/dev.invicta.wp19.axome.cc\/fr\/produit\/poele-a-bois-etanche-en-acier-eguzki-serpentine\/#primaryimage","url":"https:\/\/dev.invicta.wp19.axome.cc\/wp-content\/uploads\/2025\/06\/C-EGUZKI-SERPENTINE-web.jpg","contentUrl":"https:\/\/dev.invicta.wp19.axome.cc\/wp-content\/uploads\/2025\/06\/C-EGUZKI-SERPENTINE-web.jpg","width":672,"height":1008,"caption":"Po\u00eale \u00e0 Bois \u00c9tanche en Acier EGUZKI serpentine"},{"@type":"BreadcrumbList","@id":"https:\/\/dev.invicta.wp19.axome.cc\/fr\/produit\/poele-a-bois-etanche-en-acier-eguzki-serpentine\/#breadcrumb","itemListElement":[{"@type":"ListItem","position":1,"name":"Accueil","item":"https:\/\/dev.invicta.wp19.axome.cc\/fr\/"},{"@type":"ListItem","position":2,"name":"Produits","item":"https:\/\/dev.invicta.wp19.axome.cc\/fr\/shop\/"},{"@type":"ListItem","position":3,"name":"Po\u00eale \u00e0 Bois \u00c9tanche en Acier EGUZKI serpentine"}]},{"@type":"WebSite","@id":"https:\/\/dev.invicta.wp19.axome.cc\/fr\/#website","url":"https:\/\/dev.invicta.wp19.axome.cc\/fr\/","name":"Invicta","description":"Fabricant fran\u00e7ais, sp\u00e9cialiste europ\u00e9en du chauffage au bois : po\u00eales \u00e0 bois et \u00e0 granul\u00e9s, chemin\u00e9es, foyers et inserts","publisher":{"@id":"https:\/\/dev.invicta.wp19.axome.cc\/fr\/#organization"},"potentialAction":[{"@type":"SearchAction","target":{"@type":"EntryPoint","urlTemplate":"https:\/\/dev.invicta.wp19.axome.cc\/fr\/?s={search_term_string}"},"query-input":{"@type":"PropertyValueSpecification","valueRequired":true,"valueName":"search_term_string"}}],"inLanguage":"fr-FR"},{"@type":"Organization","@id":"https:\/\/dev.invicta.wp19.axome.cc\/fr\/#organization","name":"Invicta","url":"https:\/\/dev.invicta.wp19.axome.cc\/fr\/","logo":{"@type":"ImageObject","inLanguage":"fr-FR","@id":"https:\/\/dev.invicta.wp19.axome.cc\/fr\/#\/schema\/logo\/image\/","url":"https:\/\/www.invicta.fr\/wp-content\/uploads\/2019\/06\/INVICTALOGO_RVB.png","contentUrl":"https:\/\/www.invicta.fr\/wp-content\/uploads\/2019\/06\/INVICTALOGO_RVB.png","width":1810,"height":1280,"caption":"Invicta"},"image":{"@id":"https:\/\/dev.invicta.wp19.axome.cc\/fr\/#\/schema\/logo\/image\/"}}]}},"_links":{"self":[{"href":"https:\/\/dev.invicta.wp19.axome.cc\/fr\/wp-json\/wp\/v2\/product\/67616","targetHints":{"allow":["GET"]}}],"collection":[{"href":"https:\/\/dev.invicta.wp19.axome.cc\/fr\/wp-json\/wp\/v2\/product"}],"about":[{"href":"https:\/\/dev.invicta.wp19.axome.cc\/fr\/wp-json\/wp\/v2\/types\/product"}],"wp:featuredmedia":[{"embeddable":true,"href":"https:\/\/dev.invicta.wp19.axome.cc\/fr\/wp-json\/wp\/v2\/media\/67617"}],"wp:attachment":[{"href":"https:\/\/dev.invicta.wp19.axome.cc\/fr\/wp-json\/wp\/v2\/media?parent=67616"}],"wp:term":[{"taxonomy":"product_brand","embeddable":true,"href":"https:\/\/dev.invicta.wp19.axome.cc\/fr\/wp-json\/wp\/v2\/product_brand?post=67616"},{"taxonomy":"product_cat","embeddable":true,"href":"https:\/\/dev.invicta.wp19.axome.cc\/fr\/wp-json\/wp\/v2\/product_cat?post=67616"},{"taxonomy":"product_tag","embeddable":true,"href":"https:\/\/dev.invicta.wp19.axome.cc\/fr\/wp-json\/wp\/v2\/product_tag?post=67616"},{"taxonomy":"plus_produit","embeddable":true,"href":"https:\/\/dev.invicta.wp19.axome.cc\/fr\/wp-json\/wp\/v2\/plus_produit?post=67616"}],"curies":[{"name":"wp","href":"https:\/\/api.w.org\/{rel}","templated":true}]}}