{"id":67624,"date":"2025-06-16T17:54:08","date_gmt":"2025-06-16T15:54:08","guid":{"rendered":"https:\/\/dev.invicta.wp19.axome.cc\/produit\/poele-a-bois-en-acier-foresta-lilium-12-avec-ventilation-forcee\/"},"modified":"2025-06-16T17:54:08","modified_gmt":"2025-06-16T15:54:08","slug":"poele-a-bois-en-acier-foresta-lilium-12-avec-ventilation-forcee","status":"publish","type":"product","link":"https:\/\/dev.invicta.wp19.axome.cc\/fr\/produit\/poele-a-bois-en-acier-foresta-lilium-12-avec-ventilation-forcee\/","title":{"rendered":"Po\u00eale \u00e0 Bois en acier FORESTA LILIUM 12 avec ventilation forc\u00e9e"},"content":{"rendered":"<p>Foresta Lilium capte la lumi\u00e8re et diffuse une douce chaleur enveloppante dans tous les types de d\u00e9cor. Convection forc\u00e9e avec kit de ventilation int\u00e9gr\u00e9. Cette version puissante offre la possibilit\u00e9 de canaliser et de propulser l&#8217;air chaud vers une pi\u00e8ce adjacente.<\/p>\n","protected":false},"excerpt":{"rendered":"<p>Foresta Lilium capte la lumi\u00e8re et diffuse une douce chaleur enveloppante dans tous les types de d\u00e9cor. Convection forc\u00e9e avec kit de ventilation int\u00e9gr\u00e9. Cette version puissante offre la possibilit\u00e9 de canaliser et de propulser l&#8217;air chaud vers une pi\u00e8ce adjacente.<\/p>\n","protected":false},"featured_media":67621,"template":"","meta":{"_acf_changed":false},"product_brand":[],"product_cat":[],"product_tag":[57,7095,58,7096,64,3055,7093,6933,52,53,73,55,6826],"plus_produit":[7160,144,138,7148,6834,7161,2036,1983,129],"class_list":{"1":"product","4":"has-post-thumbnail","6":"product_tag-flamme-verte","7":"product_tag-1-flamme-verte-7","8":"product_tag-eco-design-2022","9":"product_tag-2-eco-design-2022","10":"product_tag-a-ecolabel-2","11":"product_tag-canalisable","12":"product_tag-flamme-verte-2","13":"product_tag-habillage-foyer-en-vermiculite","14":"product_tag-habillage-vermiculite","15":"product_tag-post-combustion","16":"product_tag-raccordable-2","17":"product_tag-raccordable","18":"product_tag-garantie-extension-3-ans","19":"pa_combustible-recommande-7946","20":"pa_depart-des-fumees-dessus","21":"pa_diametre-de-buse-150-mm","22":"pa_indice-de-performance-117-00","23":"pa_surface-de-chauffe-65-00-145-00","24":"pa_taux-de-co-0-0470","25":"pa_volume-de-chauffe-min-160-00-max-360-00","26":"plus_produit-accessoires-optionnels-foresta-12","27":"plus_produit-appareil-etanche-compatible-rt2012","28":"plus_produit-canalisable","29":"plus_produit-esthetique-moderne","30":"plus_produit-extension-de-garantie-3-ans","31":"plus_produit-habillage-foyer-brique-refractaire","32":"plus_produit-intermittent","33":"plus_produit-raccordable","34":"plus_produit-systeme-de-post-combustion","36":"first","37":"instock","38":"purchasable","39":"product-type-simple"},"acf":[],"yoast_head":"<!-- This site is optimized with the Yoast SEO plugin v24.7 - https:\/\/yoast.com\/wordpress\/plugins\/seo\/ -->\n<title>Po\u00eale \u00e0 Bois en acier FORESTA LILIUM 12 avec ventilation forc\u00e9e - Invicta<\/title>\n<meta name=\"description\" content=\"Foresta Lilium capte la lumi\u00e8re et diffuse une douce chaleur enveloppante dans tous les types de d\u00e9cor. Convection forc\u00e9e avec kit de ventilation int\u00e9gr\u00e9.\" \/>\n<meta name=\"robots\" content=\"index, follow, max-snippet:-1, max-image-preview:large, max-video-preview:-1\" \/>\n<link rel=\"canonical\" href=\"https:\/\/dev.invicta.wp19.axome.cc\/fr\/produit\/poele-a-bois-en-acier-foresta-lilium-12-avec-ventilation-forcee\/\" \/>\n<meta property=\"og:locale\" content=\"fr_FR\" \/>\n<meta property=\"og:type\" content=\"article\" \/>\n<meta property=\"og:title\" content=\"Po\u00eale \u00e0 Bois en acier FORESTA LILIUM 12 avec ventilation forc\u00e9e - Invicta\" \/>\n<meta property=\"og:description\" content=\"Foresta Lilium capte la lumi\u00e8re et diffuse une douce chaleur enveloppante dans tous les types de d\u00e9cor. Convection forc\u00e9e avec kit de ventilation int\u00e9gr\u00e9.\" \/>\n<meta property=\"og:url\" content=\"https:\/\/dev.invicta.wp19.axome.cc\/fr\/produit\/poele-a-bois-en-acier-foresta-lilium-12-avec-ventilation-forcee\/\" \/>\n<meta property=\"og:site_name\" content=\"Invicta\" \/>\n<meta property=\"og:image\" content=\"https:\/\/dev.invicta.wp19.axome.cc\/wp-content\/uploads\/2025\/06\/C-FORESTA-LILIUM-blanc-web.jpg\" \/>\n\t<meta property=\"og:image:width\" content=\"900\" \/>\n\t<meta property=\"og:image:height\" content=\"900\" \/>\n\t<meta property=\"og:image:type\" content=\"image\/jpeg\" \/>\n<meta name=\"twitter:card\" content=\"summary_large_image\" \/>\n<script type=\"application\/ld+json\" class=\"yoast-schema-graph\">{\"@context\":\"https:\/\/schema.org\",\"@graph\":[{\"@type\":\"WebPage\",\"@id\":\"https:\/\/dev.invicta.wp19.axome.cc\/fr\/produit\/poele-a-bois-en-acier-foresta-lilium-12-avec-ventilation-forcee\/\",\"url\":\"https:\/\/dev.invicta.wp19.axome.cc\/fr\/produit\/poele-a-bois-en-acier-foresta-lilium-12-avec-ventilation-forcee\/\",\"name\":\"Po\u00eale \u00e0 Bois en acier FORESTA LILIUM 12 avec ventilation forc\u00e9e - Invicta\",\"isPartOf\":{\"@id\":\"https:\/\/dev.invicta.wp19.axome.cc\/fr\/#website\"},\"primaryImageOfPage\":{\"@id\":\"https:\/\/dev.invicta.wp19.axome.cc\/fr\/produit\/poele-a-bois-en-acier-foresta-lilium-12-avec-ventilation-forcee\/#primaryimage\"},\"image\":{\"@id\":\"https:\/\/dev.invicta.wp19.axome.cc\/fr\/produit\/poele-a-bois-en-acier-foresta-lilium-12-avec-ventilation-forcee\/#primaryimage\"},\"thumbnailUrl\":\"https:\/\/dev.invicta.wp19.axome.cc\/wp-content\/uploads\/2025\/06\/C-FORESTA-LILIUM-blanc-web.jpg\",\"datePublished\":\"2025-06-16T15:54:08+00:00\",\"description\":\"Foresta Lilium capte la lumi\u00e8re et diffuse une douce chaleur enveloppante dans tous les types de d\u00e9cor. Convection forc\u00e9e avec kit de ventilation int\u00e9gr\u00e9.\",\"breadcrumb\":{\"@id\":\"https:\/\/dev.invicta.wp19.axome.cc\/fr\/produit\/poele-a-bois-en-acier-foresta-lilium-12-avec-ventilation-forcee\/#breadcrumb\"},\"inLanguage\":\"fr-FR\",\"potentialAction\":[{\"@type\":\"ReadAction\",\"target\":[\"https:\/\/dev.invicta.wp19.axome.cc\/fr\/produit\/poele-a-bois-en-acier-foresta-lilium-12-avec-ventilation-forcee\/\"]}]},{\"@type\":\"ImageObject\",\"inLanguage\":\"fr-FR\",\"@id\":\"https:\/\/dev.invicta.wp19.axome.cc\/fr\/produit\/poele-a-bois-en-acier-foresta-lilium-12-avec-ventilation-forcee\/#primaryimage\",\"url\":\"https:\/\/dev.invicta.wp19.axome.cc\/wp-content\/uploads\/2025\/06\/C-FORESTA-LILIUM-blanc-web.jpg\",\"contentUrl\":\"https:\/\/dev.invicta.wp19.axome.cc\/wp-content\/uploads\/2025\/06\/C-FORESTA-LILIUM-blanc-web.jpg\",\"width\":900,\"height\":900,\"caption\":\"Po\u00eale \u00e0 Bois en acier FORESTA LILIUM 12 avec ventilation forc\u00e9e\"},{\"@type\":\"BreadcrumbList\",\"@id\":\"https:\/\/dev.invicta.wp19.axome.cc\/fr\/produit\/poele-a-bois-en-acier-foresta-lilium-12-avec-ventilation-forcee\/#breadcrumb\",\"itemListElement\":[{\"@type\":\"ListItem\",\"position\":1,\"name\":\"Accueil\",\"item\":\"https:\/\/dev.invicta.wp19.axome.cc\/fr\/\"},{\"@type\":\"ListItem\",\"position\":2,\"name\":\"Produits\",\"item\":\"https:\/\/dev.invicta.wp19.axome.cc\/fr\/shop\/\"},{\"@type\":\"ListItem\",\"position\":3,\"name\":\"Po\u00eale \u00e0 Bois en acier FORESTA LILIUM 12 avec ventilation forc\u00e9e\"}]},{\"@type\":\"WebSite\",\"@id\":\"https:\/\/dev.invicta.wp19.axome.cc\/fr\/#website\",\"url\":\"https:\/\/dev.invicta.wp19.axome.cc\/fr\/\",\"name\":\"Invicta\",\"description\":\"Fabricant fran\u00e7ais, sp\u00e9cialiste europ\u00e9en du chauffage au bois : po\u00eales \u00e0 bois et \u00e0 granul\u00e9s, chemin\u00e9es, foyers et inserts\",\"publisher\":{\"@id\":\"https:\/\/dev.invicta.wp19.axome.cc\/fr\/#organization\"},\"potentialAction\":[{\"@type\":\"SearchAction\",\"target\":{\"@type\":\"EntryPoint\",\"urlTemplate\":\"https:\/\/dev.invicta.wp19.axome.cc\/fr\/?s={search_term_string}\"},\"query-input\":{\"@type\":\"PropertyValueSpecification\",\"valueRequired\":true,\"valueName\":\"search_term_string\"}}],\"inLanguage\":\"fr-FR\"},{\"@type\":\"Organization\",\"@id\":\"https:\/\/dev.invicta.wp19.axome.cc\/fr\/#organization\",\"name\":\"Invicta\",\"url\":\"https:\/\/dev.invicta.wp19.axome.cc\/fr\/\",\"logo\":{\"@type\":\"ImageObject\",\"inLanguage\":\"fr-FR\",\"@id\":\"https:\/\/dev.invicta.wp19.axome.cc\/fr\/#\/schema\/logo\/image\/\",\"url\":\"https:\/\/www.invicta.fr\/wp-content\/uploads\/2019\/06\/INVICTALOGO_RVB.png\",\"contentUrl\":\"https:\/\/www.invicta.fr\/wp-content\/uploads\/2019\/06\/INVICTALOGO_RVB.png\",\"width\":1810,\"height\":1280,\"caption\":\"Invicta\"},\"image\":{\"@id\":\"https:\/\/dev.invicta.wp19.axome.cc\/fr\/#\/schema\/logo\/image\/\"}}]}<\/script>\n<!-- \/ Yoast SEO plugin. -->","yoast_head_json":{"title":"Po\u00eale \u00e0 Bois en acier FORESTA LILIUM 12 avec ventilation forc\u00e9e - Invicta","description":"Foresta Lilium capte la lumi\u00e8re et diffuse une douce chaleur enveloppante dans tous les types de d\u00e9cor. Convection forc\u00e9e avec kit de ventilation int\u00e9gr\u00e9.","robots":{"index":"index","follow":"follow","max-snippet":"max-snippet:-1","max-image-preview":"max-image-preview:large","max-video-preview":"max-video-preview:-1"},"canonical":"https:\/\/dev.invicta.wp19.axome.cc\/fr\/produit\/poele-a-bois-en-acier-foresta-lilium-12-avec-ventilation-forcee\/","og_locale":"fr_FR","og_type":"article","og_title":"Po\u00eale \u00e0 Bois en acier FORESTA LILIUM 12 avec ventilation forc\u00e9e - Invicta","og_description":"Foresta Lilium capte la lumi\u00e8re et diffuse une douce chaleur enveloppante dans tous les types de d\u00e9cor. Convection forc\u00e9e avec kit de ventilation int\u00e9gr\u00e9.","og_url":"https:\/\/dev.invicta.wp19.axome.cc\/fr\/produit\/poele-a-bois-en-acier-foresta-lilium-12-avec-ventilation-forcee\/","og_site_name":"Invicta","og_image":[{"width":900,"height":900,"url":"https:\/\/dev.invicta.wp19.axome.cc\/wp-content\/uploads\/2025\/06\/C-FORESTA-LILIUM-blanc-web.jpg","type":"image\/jpeg"}],"twitter_card":"summary_large_image","schema":{"@context":"https:\/\/schema.org","@graph":[{"@type":"WebPage","@id":"https:\/\/dev.invicta.wp19.axome.cc\/fr\/produit\/poele-a-bois-en-acier-foresta-lilium-12-avec-ventilation-forcee\/","url":"https:\/\/dev.invicta.wp19.axome.cc\/fr\/produit\/poele-a-bois-en-acier-foresta-lilium-12-avec-ventilation-forcee\/","name":"Po\u00eale \u00e0 Bois en acier FORESTA LILIUM 12 avec ventilation forc\u00e9e - Invicta","isPartOf":{"@id":"https:\/\/dev.invicta.wp19.axome.cc\/fr\/#website"},"primaryImageOfPage":{"@id":"https:\/\/dev.invicta.wp19.axome.cc\/fr\/produit\/poele-a-bois-en-acier-foresta-lilium-12-avec-ventilation-forcee\/#primaryimage"},"image":{"@id":"https:\/\/dev.invicta.wp19.axome.cc\/fr\/produit\/poele-a-bois-en-acier-foresta-lilium-12-avec-ventilation-forcee\/#primaryimage"},"thumbnailUrl":"https:\/\/dev.invicta.wp19.axome.cc\/wp-content\/uploads\/2025\/06\/C-FORESTA-LILIUM-blanc-web.jpg","datePublished":"2025-06-16T15:54:08+00:00","description":"Foresta Lilium capte la lumi\u00e8re et diffuse une douce chaleur enveloppante dans tous les types de d\u00e9cor. Convection forc\u00e9e avec kit de ventilation int\u00e9gr\u00e9.","breadcrumb":{"@id":"https:\/\/dev.invicta.wp19.axome.cc\/fr\/produit\/poele-a-bois-en-acier-foresta-lilium-12-avec-ventilation-forcee\/#breadcrumb"},"inLanguage":"fr-FR","potentialAction":[{"@type":"ReadAction","target":["https:\/\/dev.invicta.wp19.axome.cc\/fr\/produit\/poele-a-bois-en-acier-foresta-lilium-12-avec-ventilation-forcee\/"]}]},{"@type":"ImageObject","inLanguage":"fr-FR","@id":"https:\/\/dev.invicta.wp19.axome.cc\/fr\/produit\/poele-a-bois-en-acier-foresta-lilium-12-avec-ventilation-forcee\/#primaryimage","url":"https:\/\/dev.invicta.wp19.axome.cc\/wp-content\/uploads\/2025\/06\/C-FORESTA-LILIUM-blanc-web.jpg","contentUrl":"https:\/\/dev.invicta.wp19.axome.cc\/wp-content\/uploads\/2025\/06\/C-FORESTA-LILIUM-blanc-web.jpg","width":900,"height":900,"caption":"Po\u00eale \u00e0 Bois en acier FORESTA LILIUM 12 avec ventilation forc\u00e9e"},{"@type":"BreadcrumbList","@id":"https:\/\/dev.invicta.wp19.axome.cc\/fr\/produit\/poele-a-bois-en-acier-foresta-lilium-12-avec-ventilation-forcee\/#breadcrumb","itemListElement":[{"@type":"ListItem","position":1,"name":"Accueil","item":"https:\/\/dev.invicta.wp19.axome.cc\/fr\/"},{"@type":"ListItem","position":2,"name":"Produits","item":"https:\/\/dev.invicta.wp19.axome.cc\/fr\/shop\/"},{"@type":"ListItem","position":3,"name":"Po\u00eale \u00e0 Bois en acier FORESTA LILIUM 12 avec ventilation forc\u00e9e"}]},{"@type":"WebSite","@id":"https:\/\/dev.invicta.wp19.axome.cc\/fr\/#website","url":"https:\/\/dev.invicta.wp19.axome.cc\/fr\/","name":"Invicta","description":"Fabricant fran\u00e7ais, sp\u00e9cialiste europ\u00e9en du chauffage au bois : po\u00eales \u00e0 bois et \u00e0 granul\u00e9s, chemin\u00e9es, foyers et inserts","publisher":{"@id":"https:\/\/dev.invicta.wp19.axome.cc\/fr\/#organization"},"potentialAction":[{"@type":"SearchAction","target":{"@type":"EntryPoint","urlTemplate":"https:\/\/dev.invicta.wp19.axome.cc\/fr\/?s={search_term_string}"},"query-input":{"@type":"PropertyValueSpecification","valueRequired":true,"valueName":"search_term_string"}}],"inLanguage":"fr-FR"},{"@type":"Organization","@id":"https:\/\/dev.invicta.wp19.axome.cc\/fr\/#organization","name":"Invicta","url":"https:\/\/dev.invicta.wp19.axome.cc\/fr\/","logo":{"@type":"ImageObject","inLanguage":"fr-FR","@id":"https:\/\/dev.invicta.wp19.axome.cc\/fr\/#\/schema\/logo\/image\/","url":"https:\/\/www.invicta.fr\/wp-content\/uploads\/2019\/06\/INVICTALOGO_RVB.png","contentUrl":"https:\/\/www.invicta.fr\/wp-content\/uploads\/2019\/06\/INVICTALOGO_RVB.png","width":1810,"height":1280,"caption":"Invicta"},"image":{"@id":"https:\/\/dev.invicta.wp19.axome.cc\/fr\/#\/schema\/logo\/image\/"}}]}},"_links":{"self":[{"href":"https:\/\/dev.invicta.wp19.axome.cc\/fr\/wp-json\/wp\/v2\/product\/67624","targetHints":{"allow":["GET"]}}],"collection":[{"href":"https:\/\/dev.invicta.wp19.axome.cc\/fr\/wp-json\/wp\/v2\/product"}],"about":[{"href":"https:\/\/dev.invicta.wp19.axome.cc\/fr\/wp-json\/wp\/v2\/types\/product"}],"wp:featuredmedia":[{"embeddable":true,"href":"https:\/\/dev.invicta.wp19.axome.cc\/fr\/wp-json\/wp\/v2\/media\/67621"}],"wp:attachment":[{"href":"https:\/\/dev.invicta.wp19.axome.cc\/fr\/wp-json\/wp\/v2\/media?parent=67624"}],"wp:term":[{"taxonomy":"product_brand","embeddable":true,"href":"https:\/\/dev.invicta.wp19.axome.cc\/fr\/wp-json\/wp\/v2\/product_brand?post=67624"},{"taxonomy":"product_cat","embeddable":true,"href":"https:\/\/dev.invicta.wp19.axome.cc\/fr\/wp-json\/wp\/v2\/product_cat?post=67624"},{"taxonomy":"product_tag","embeddable":true,"href":"https:\/\/dev.invicta.wp19.axome.cc\/fr\/wp-json\/wp\/v2\/product_tag?post=67624"},{"taxonomy":"plus_produit","embeddable":true,"href":"https:\/\/dev.invicta.wp19.axome.cc\/fr\/wp-json\/wp\/v2\/plus_produit?post=67624"}],"curies":[{"name":"wp","href":"https:\/\/api.w.org\/{rel}","templated":true}]}}