{"id":67671,"date":"2025-06-16T17:55:09","date_gmt":"2025-06-16T15:55:09","guid":{"rendered":"https:\/\/dev.invicta.wp19.axome.cc\/produit\/poele-a-granules-piranga-ik8-creme\/"},"modified":"2025-06-16T17:55:09","modified_gmt":"2025-06-16T15:55:09","slug":"piranga-creme-ik-8-kw","status":"publish","type":"product","link":"https:\/\/dev.invicta.wp19.axome.cc\/fr\/produit\/piranga-creme-ik-8-kw\/","title":{"rendered":"Po\u00eale \u00e0 Granul\u00e9s PIRANGA IK8 cr\u00e8me"},"content":{"rendered":"<p>Le po\u00eale \u00e0 granul\u00e9s Piranga trouve sa place dans tous les styles d\u2019int\u00e9rieurs, classiques ou modernes. Son d\u00e9cor en c\u00e9ramique lui donne un style traditionnel tandis que les formes arrondies de la porte et de l\u2019ensemble apportent une touche de modernit\u00e9.<\/p>\n","protected":false},"excerpt":{"rendered":"<p>Le po\u00eale \u00e0 granul\u00e9s Piranga trouve sa place dans tous les styles d\u2019int\u00e9rieurs, classiques ou modernes. Son d\u00e9cor en c\u00e9ramique lui donne un style traditionnel tandis que les formes arrondies de la porte et de l\u2019ensemble apportent une touche de modernit\u00e9.<\/p>\n","protected":false},"featured_media":67667,"template":"","meta":{"_acf_changed":false},"product_brand":[],"product_cat":[],"product_tag":[57,7095,58,7096,64,7093,6825],"plus_produit":[137,6835,2132,5365,1925,1924,2142,2143,7204,2137,5912],"class_list":{"1":"product","4":"has-post-thumbnail","6":"product_tag-flamme-verte","7":"product_tag-1-flamme-verte-7","8":"product_tag-eco-design-2022","9":"product_tag-2-eco-design-2022","10":"product_tag-a-ecolabel-2","11":"product_tag-flamme-verte-2","12":"product_tag-garantie-extension-1-an","13":"pa_autonomie-maximum-21-50","14":"pa_autonomie-minimum-9-00","15":"pa_capacite-de-la-tremie-18-00","16":"pa_consommation-0-82-1-94","17":"pa_depart-des-fumees-dessus","18":"pa_diametre-de-buse-80-mm","19":"pa_indice-de-performance-129-00","20":"pa_modulation-de-puissance-38-86","21":"pa_surface-de-chauffe-25-00-100-00","22":"pa_taux-de-co-0-0027","23":"pa_volume-de-chauffe-min-65-00-max-255-00","24":"plus_produit-diffusion-dair-chaud-par-ventilateur-tangenciel","25":"plus_produit-extension-de-garantie-1-an","26":"plus_produit-kit-de-controle-de-la-combustion-kcc-2","27":"plus_produit-kit-wifi-en-option","28":"plus_produit-possibilite-de-pilotage-par-thermostat-externe-non-fourni","29":"plus_produit-programmation-chrono-thermostat","30":"plus_produit-radiocommande-en-option","31":"plus_produit-regulation-de-la-puissance-ou-de-la-temperature-ambiante","32":"plus_produit-sortie-fumees-integree-dessus","33":"plus_produit-stand-by-veille","34":"plus_produit-ventilation-desactivable","36":"first","37":"instock","38":"purchasable","39":"product-type-simple"},"acf":[],"yoast_head":"<!-- This site is optimized with the Yoast SEO plugin v24.7 - https:\/\/yoast.com\/wordpress\/plugins\/seo\/ -->\n<title>Po\u00eale \u00e0 Granul\u00e9s PIRANGA IK8 cr\u00e8me - Invicta<\/title>\n<meta name=\"description\" content=\"Le po\u00eale \u00e0 granul\u00e9s Piranga trouve sa place dans tous les styles d\u2019int\u00e9rieurs, classiques ou modernes. Son d\u00e9cor en c\u00e9ramique lui donne un style\" \/>\n<meta name=\"robots\" content=\"index, follow, max-snippet:-1, max-image-preview:large, max-video-preview:-1\" \/>\n<link rel=\"canonical\" href=\"https:\/\/dev.invicta.wp19.axome.cc\/fr\/produit\/piranga-creme-ik-8-kw\/\" \/>\n<meta property=\"og:locale\" content=\"fr_FR\" \/>\n<meta property=\"og:type\" content=\"article\" \/>\n<meta property=\"og:title\" content=\"Po\u00eale \u00e0 Granul\u00e9s PIRANGA IK8 cr\u00e8me - Invicta\" \/>\n<meta property=\"og:description\" content=\"Le po\u00eale \u00e0 granul\u00e9s Piranga trouve sa place dans tous les styles d\u2019int\u00e9rieurs, classiques ou modernes. Son d\u00e9cor en c\u00e9ramique lui donne un style\" \/>\n<meta property=\"og:url\" content=\"https:\/\/dev.invicta.wp19.axome.cc\/fr\/produit\/piranga-creme-ik-8-kw\/\" \/>\n<meta property=\"og:site_name\" content=\"Invicta\" \/>\n<meta property=\"og:image\" content=\"https:\/\/dev.invicta.wp19.axome.cc\/wp-content\/uploads\/2025\/06\/PIRANGA_creme.jpg\" \/>\n\t<meta property=\"og:image:width\" content=\"600\" \/>\n\t<meta property=\"og:image:height\" content=\"1092\" \/>\n\t<meta property=\"og:image:type\" content=\"image\/jpeg\" \/>\n<meta name=\"twitter:card\" content=\"summary_large_image\" \/>\n<script type=\"application\/ld+json\" class=\"yoast-schema-graph\">{\"@context\":\"https:\/\/schema.org\",\"@graph\":[{\"@type\":\"WebPage\",\"@id\":\"https:\/\/dev.invicta.wp19.axome.cc\/fr\/produit\/piranga-creme-ik-8-kw\/\",\"url\":\"https:\/\/dev.invicta.wp19.axome.cc\/fr\/produit\/piranga-creme-ik-8-kw\/\",\"name\":\"Po\u00eale \u00e0 Granul\u00e9s PIRANGA IK8 cr\u00e8me - Invicta\",\"isPartOf\":{\"@id\":\"https:\/\/dev.invicta.wp19.axome.cc\/fr\/#website\"},\"primaryImageOfPage\":{\"@id\":\"https:\/\/dev.invicta.wp19.axome.cc\/fr\/produit\/piranga-creme-ik-8-kw\/#primaryimage\"},\"image\":{\"@id\":\"https:\/\/dev.invicta.wp19.axome.cc\/fr\/produit\/piranga-creme-ik-8-kw\/#primaryimage\"},\"thumbnailUrl\":\"https:\/\/dev.invicta.wp19.axome.cc\/wp-content\/uploads\/2025\/06\/PIRANGA_creme.jpg\",\"datePublished\":\"2025-06-16T15:55:09+00:00\",\"description\":\"Le po\u00eale \u00e0 granul\u00e9s Piranga trouve sa place dans tous les styles d\u2019int\u00e9rieurs, classiques ou modernes. Son d\u00e9cor en c\u00e9ramique lui donne un style\",\"breadcrumb\":{\"@id\":\"https:\/\/dev.invicta.wp19.axome.cc\/fr\/produit\/piranga-creme-ik-8-kw\/#breadcrumb\"},\"inLanguage\":\"fr-FR\",\"potentialAction\":[{\"@type\":\"ReadAction\",\"target\":[\"https:\/\/dev.invicta.wp19.axome.cc\/fr\/produit\/piranga-creme-ik-8-kw\/\"]}]},{\"@type\":\"ImageObject\",\"inLanguage\":\"fr-FR\",\"@id\":\"https:\/\/dev.invicta.wp19.axome.cc\/fr\/produit\/piranga-creme-ik-8-kw\/#primaryimage\",\"url\":\"https:\/\/dev.invicta.wp19.axome.cc\/wp-content\/uploads\/2025\/06\/PIRANGA_creme.jpg\",\"contentUrl\":\"https:\/\/dev.invicta.wp19.axome.cc\/wp-content\/uploads\/2025\/06\/PIRANGA_creme.jpg\",\"width\":600,\"height\":1092,\"caption\":\"Po\u00eale \u00e0 Granul\u00e9s Canalisable PIRANGA - ID 9 kW cr\u00e8me\"},{\"@type\":\"BreadcrumbList\",\"@id\":\"https:\/\/dev.invicta.wp19.axome.cc\/fr\/produit\/piranga-creme-ik-8-kw\/#breadcrumb\",\"itemListElement\":[{\"@type\":\"ListItem\",\"position\":1,\"name\":\"Accueil\",\"item\":\"https:\/\/dev.invicta.wp19.axome.cc\/fr\/\"},{\"@type\":\"ListItem\",\"position\":2,\"name\":\"Produits\",\"item\":\"https:\/\/dev.invicta.wp19.axome.cc\/fr\/shop\/\"},{\"@type\":\"ListItem\",\"position\":3,\"name\":\"Po\u00eale \u00e0 Granul\u00e9s PIRANGA IK8 cr\u00e8me\"}]},{\"@type\":\"WebSite\",\"@id\":\"https:\/\/dev.invicta.wp19.axome.cc\/fr\/#website\",\"url\":\"https:\/\/dev.invicta.wp19.axome.cc\/fr\/\",\"name\":\"Invicta\",\"description\":\"Fabricant fran\u00e7ais, sp\u00e9cialiste europ\u00e9en du chauffage au bois : po\u00eales \u00e0 bois et \u00e0 granul\u00e9s, chemin\u00e9es, foyers et inserts\",\"publisher\":{\"@id\":\"https:\/\/dev.invicta.wp19.axome.cc\/fr\/#organization\"},\"potentialAction\":[{\"@type\":\"SearchAction\",\"target\":{\"@type\":\"EntryPoint\",\"urlTemplate\":\"https:\/\/dev.invicta.wp19.axome.cc\/fr\/?s={search_term_string}\"},\"query-input\":{\"@type\":\"PropertyValueSpecification\",\"valueRequired\":true,\"valueName\":\"search_term_string\"}}],\"inLanguage\":\"fr-FR\"},{\"@type\":\"Organization\",\"@id\":\"https:\/\/dev.invicta.wp19.axome.cc\/fr\/#organization\",\"name\":\"Invicta\",\"url\":\"https:\/\/dev.invicta.wp19.axome.cc\/fr\/\",\"logo\":{\"@type\":\"ImageObject\",\"inLanguage\":\"fr-FR\",\"@id\":\"https:\/\/dev.invicta.wp19.axome.cc\/fr\/#\/schema\/logo\/image\/\",\"url\":\"https:\/\/www.invicta.fr\/wp-content\/uploads\/2019\/06\/INVICTALOGO_RVB.png\",\"contentUrl\":\"https:\/\/www.invicta.fr\/wp-content\/uploads\/2019\/06\/INVICTALOGO_RVB.png\",\"width\":1810,\"height\":1280,\"caption\":\"Invicta\"},\"image\":{\"@id\":\"https:\/\/dev.invicta.wp19.axome.cc\/fr\/#\/schema\/logo\/image\/\"}}]}<\/script>\n<!-- \/ Yoast SEO plugin. -->","yoast_head_json":{"title":"Po\u00eale \u00e0 Granul\u00e9s PIRANGA IK8 cr\u00e8me - Invicta","description":"Le po\u00eale \u00e0 granul\u00e9s Piranga trouve sa place dans tous les styles d\u2019int\u00e9rieurs, classiques ou modernes. Son d\u00e9cor en c\u00e9ramique lui donne un style","robots":{"index":"index","follow":"follow","max-snippet":"max-snippet:-1","max-image-preview":"max-image-preview:large","max-video-preview":"max-video-preview:-1"},"canonical":"https:\/\/dev.invicta.wp19.axome.cc\/fr\/produit\/piranga-creme-ik-8-kw\/","og_locale":"fr_FR","og_type":"article","og_title":"Po\u00eale \u00e0 Granul\u00e9s PIRANGA IK8 cr\u00e8me - Invicta","og_description":"Le po\u00eale \u00e0 granul\u00e9s Piranga trouve sa place dans tous les styles d\u2019int\u00e9rieurs, classiques ou modernes. Son d\u00e9cor en c\u00e9ramique lui donne un style","og_url":"https:\/\/dev.invicta.wp19.axome.cc\/fr\/produit\/piranga-creme-ik-8-kw\/","og_site_name":"Invicta","og_image":[{"width":600,"height":1092,"url":"https:\/\/dev.invicta.wp19.axome.cc\/wp-content\/uploads\/2025\/06\/PIRANGA_creme.jpg","type":"image\/jpeg"}],"twitter_card":"summary_large_image","schema":{"@context":"https:\/\/schema.org","@graph":[{"@type":"WebPage","@id":"https:\/\/dev.invicta.wp19.axome.cc\/fr\/produit\/piranga-creme-ik-8-kw\/","url":"https:\/\/dev.invicta.wp19.axome.cc\/fr\/produit\/piranga-creme-ik-8-kw\/","name":"Po\u00eale \u00e0 Granul\u00e9s PIRANGA IK8 cr\u00e8me - Invicta","isPartOf":{"@id":"https:\/\/dev.invicta.wp19.axome.cc\/fr\/#website"},"primaryImageOfPage":{"@id":"https:\/\/dev.invicta.wp19.axome.cc\/fr\/produit\/piranga-creme-ik-8-kw\/#primaryimage"},"image":{"@id":"https:\/\/dev.invicta.wp19.axome.cc\/fr\/produit\/piranga-creme-ik-8-kw\/#primaryimage"},"thumbnailUrl":"https:\/\/dev.invicta.wp19.axome.cc\/wp-content\/uploads\/2025\/06\/PIRANGA_creme.jpg","datePublished":"2025-06-16T15:55:09+00:00","description":"Le po\u00eale \u00e0 granul\u00e9s Piranga trouve sa place dans tous les styles d\u2019int\u00e9rieurs, classiques ou modernes. Son d\u00e9cor en c\u00e9ramique lui donne un style","breadcrumb":{"@id":"https:\/\/dev.invicta.wp19.axome.cc\/fr\/produit\/piranga-creme-ik-8-kw\/#breadcrumb"},"inLanguage":"fr-FR","potentialAction":[{"@type":"ReadAction","target":["https:\/\/dev.invicta.wp19.axome.cc\/fr\/produit\/piranga-creme-ik-8-kw\/"]}]},{"@type":"ImageObject","inLanguage":"fr-FR","@id":"https:\/\/dev.invicta.wp19.axome.cc\/fr\/produit\/piranga-creme-ik-8-kw\/#primaryimage","url":"https:\/\/dev.invicta.wp19.axome.cc\/wp-content\/uploads\/2025\/06\/PIRANGA_creme.jpg","contentUrl":"https:\/\/dev.invicta.wp19.axome.cc\/wp-content\/uploads\/2025\/06\/PIRANGA_creme.jpg","width":600,"height":1092,"caption":"Po\u00eale \u00e0 Granul\u00e9s Canalisable PIRANGA - ID 9 kW cr\u00e8me"},{"@type":"BreadcrumbList","@id":"https:\/\/dev.invicta.wp19.axome.cc\/fr\/produit\/piranga-creme-ik-8-kw\/#breadcrumb","itemListElement":[{"@type":"ListItem","position":1,"name":"Accueil","item":"https:\/\/dev.invicta.wp19.axome.cc\/fr\/"},{"@type":"ListItem","position":2,"name":"Produits","item":"https:\/\/dev.invicta.wp19.axome.cc\/fr\/shop\/"},{"@type":"ListItem","position":3,"name":"Po\u00eale \u00e0 Granul\u00e9s PIRANGA IK8 cr\u00e8me"}]},{"@type":"WebSite","@id":"https:\/\/dev.invicta.wp19.axome.cc\/fr\/#website","url":"https:\/\/dev.invicta.wp19.axome.cc\/fr\/","name":"Invicta","description":"Fabricant fran\u00e7ais, sp\u00e9cialiste europ\u00e9en du chauffage au bois : po\u00eales \u00e0 bois et \u00e0 granul\u00e9s, chemin\u00e9es, foyers et inserts","publisher":{"@id":"https:\/\/dev.invicta.wp19.axome.cc\/fr\/#organization"},"potentialAction":[{"@type":"SearchAction","target":{"@type":"EntryPoint","urlTemplate":"https:\/\/dev.invicta.wp19.axome.cc\/fr\/?s={search_term_string}"},"query-input":{"@type":"PropertyValueSpecification","valueRequired":true,"valueName":"search_term_string"}}],"inLanguage":"fr-FR"},{"@type":"Organization","@id":"https:\/\/dev.invicta.wp19.axome.cc\/fr\/#organization","name":"Invicta","url":"https:\/\/dev.invicta.wp19.axome.cc\/fr\/","logo":{"@type":"ImageObject","inLanguage":"fr-FR","@id":"https:\/\/dev.invicta.wp19.axome.cc\/fr\/#\/schema\/logo\/image\/","url":"https:\/\/www.invicta.fr\/wp-content\/uploads\/2019\/06\/INVICTALOGO_RVB.png","contentUrl":"https:\/\/www.invicta.fr\/wp-content\/uploads\/2019\/06\/INVICTALOGO_RVB.png","width":1810,"height":1280,"caption":"Invicta"},"image":{"@id":"https:\/\/dev.invicta.wp19.axome.cc\/fr\/#\/schema\/logo\/image\/"}}]}},"_links":{"self":[{"href":"https:\/\/dev.invicta.wp19.axome.cc\/fr\/wp-json\/wp\/v2\/product\/67671","targetHints":{"allow":["GET"]}}],"collection":[{"href":"https:\/\/dev.invicta.wp19.axome.cc\/fr\/wp-json\/wp\/v2\/product"}],"about":[{"href":"https:\/\/dev.invicta.wp19.axome.cc\/fr\/wp-json\/wp\/v2\/types\/product"}],"wp:featuredmedia":[{"embeddable":true,"href":"https:\/\/dev.invicta.wp19.axome.cc\/fr\/wp-json\/wp\/v2\/media\/67667"}],"wp:attachment":[{"href":"https:\/\/dev.invicta.wp19.axome.cc\/fr\/wp-json\/wp\/v2\/media?parent=67671"}],"wp:term":[{"taxonomy":"product_brand","embeddable":true,"href":"https:\/\/dev.invicta.wp19.axome.cc\/fr\/wp-json\/wp\/v2\/product_brand?post=67671"},{"taxonomy":"product_cat","embeddable":true,"href":"https:\/\/dev.invicta.wp19.axome.cc\/fr\/wp-json\/wp\/v2\/product_cat?post=67671"},{"taxonomy":"product_tag","embeddable":true,"href":"https:\/\/dev.invicta.wp19.axome.cc\/fr\/wp-json\/wp\/v2\/product_tag?post=67671"},{"taxonomy":"plus_produit","embeddable":true,"href":"https:\/\/dev.invicta.wp19.axome.cc\/fr\/wp-json\/wp\/v2\/plus_produit?post=67671"}],"curies":[{"name":"wp","href":"https:\/\/api.w.org\/{rel}","templated":true}]}}